{"id":99937,"date":"2022-01-27T16:06:18","date_gmt":"2022-01-27T15:06:18","guid":{"rendered":"https:\/\/marktxxl.de\/markt\/produkt\/eveline-cosmetics-sos-wimpern-serum-fuer-wimpernverlaengerung-10-ml-verdickt-und-regeneriert-schnell-wachstum-verdoppeln-die-dichte-mit-arganoel-dermatologisch-getestet\/"},"modified":"2023-04-11T03:23:11","modified_gmt":"2023-04-11T01:23:11","slug":"eveline-cosmetics-sos-wimpern-serum-fuer-wimpernverlaengerung-10-ml-verdickt-und-regeneriert-schnell-wachstum-verdoppeln-die-dichte-mit-arganoel-dermatologisch-getestet","status":"publish","type":"product","link":"https:\/\/marktxxl.de\/markt\/produkt\/eveline-cosmetics-sos-wimpern-serum-fuer-wimpernverlaengerung-10-ml-verdickt-und-regeneriert-schnell-wachstum-verdoppeln-die-dichte-mit-arganoel-dermatologisch-getestet\/","title":{"rendered":"Eveline Cosmetics SOS Wimpern Serum f\u00fcr Wimpernverl\u00e4ngerung | 10 ML | Verdickt und Regeneriert | Schnell Wachstum\u2026"},"content":{"rendered":"<p>VERDICKT UND REGENERIERT DIE WIMPERN \u2013 Das Serum kombiniert die Eigenschaften eines wiederaufbauenden Serums und eines Haarwuchsaktivators. Bei regelm\u00e4\u00dfiger Anwendung werden die Wimpern stark und gl\u00e4nzend und verdoppeln mit der Zeit ihr Volumen.<br \/>\nINNOVATIVE FORMEL MIT ARGAN\u00d6L \u2013 Die innovative Formel, welche reich an fortschrittlichen Wirkstoffen ist, wirkt zusammen mit Argan\u00f6l und hat starke regenerierende und pflegende Eigenschaften. Verdickt perfekt die Wimpern.<br \/>\nIDEALE BASE \u2013 Das Serum dient als Grundierung f\u00fcr unter die Wimperntusche. Die Wimperntusche verschmiert nicht und wird nicht br\u00f6selig. Durch das Produkt erzielen Sie spektakul\u00e4r verl\u00e4ngerte und verdickte Wimpern.<br \/>\nPROFESSIONELLE ELASTISCHE B\u00dcRSTE \u2013 Eine speziell entwickelte flexible B\u00fcrste trennt die Wimpern pr\u00e4zise und l\u00e4sst Ihre Augen sofort faszinierend wirken.<br \/>\n30-TAGE GELD ZUR\u00dcCK GARANTIE \u2013 Wir glauben daran, dass unsere Produkte von der besten Qualit\u00e4t auf dem Markt profitieren. Deshalb erhalten Sie zu unseren Produkten eine 30-Tage Geld zur\u00fcck Garantie, wodurch wir zeigen m\u00f6chten, dass wir uns sicher sind, dass Sie zu 100% zufrieden sein werden.<br \/>\n<div class=\"main-cross-sell\" data-asin=\"B01KQWAX58\">\n\n\t<div class=\"WooZone-cross-sell-loader\">\n\t\t<div>\n\t\t\t<div id=\"floatingBarsG\">\n\t\t\t\t<div class=\"blockG\" id=\"rotateG_01\"><\/div>\n\t\t\t\t<div class=\"blockG\" id=\"rotateG_02\"><\/div>\n\t\t\t\t<div class=\"blockG\" id=\"rotateG_03\"><\/div>\n\t\t\t\t<div class=\"blockG\" id=\"rotateG_04\"><\/div>\n\t\t\t\t<div class=\"blockG\" id=\"rotateG_05\"><\/div>\n\t\t\t\t<div class=\"blockG\" id=\"rotateG_06\"><\/div>\n\t\t\t\t<div class=\"blockG\" id=\"rotateG_07\"><\/div>\n\t\t\t\t<div class=\"blockG\" id=\"rotateG_08\"><\/div>\n\t\t\t<\/div>\n\t\t\t<div class=\"WooZone-cross-sell-loader-text\"><\/div>\n\t\t<\/div>\n\t<\/div>\n\n\t\t\n<\/div>\n<div style=\"clear:both;\"><\/div><\/p>\n","protected":false},"excerpt":{"rendered":"<p>VERDICKT UND REGENERIERT DIE WIMPERN \u2013 Das Serum kombiniert die Eigenschaften eines wiederaufbauenden Serums und eines Haarwuchsaktivators. Bei regelm\u00e4\u00dfiger Anwendung werden die Wimpern stark und gl\u00e4nzend und verdoppeln mit der Zeit ihr Volumen.<br \/>\nINNOVATIVE FORMEL MIT ARGAN\u00d6L \u2013 Die innovative Formel, welche reich an fortschrittlichen Wirkstoffen ist, wirkt zusammen mit Argan\u00f6l und hat starke regenerierende und pflegende Eigenschaften. Verdickt perfekt die Wimpern.<br \/>\nIDEALE BASE \u2013 Das Serum dient als Grundierung f\u00fcr unter die Wimperntusche. Die Wimperntusche verschmiert nicht und wird nicht br\u00f6selig. Durch das Produkt erzielen Sie spektakul\u00e4r verl\u00e4ngerte und verdickte Wimpern.<\/p>\n","protected":false},"featured_media":99938,"comment_status":"open","ping_status":"closed","template":"","meta":[],"product_brand":[],"product_cat":[2858,7575],"product_tag":[],"class_list":{"0":"post-99937","1":"product","2":"type-product","3":"status-publish","4":"has-post-thumbnail","6":"product_cat-beauty","7":"product_cat-make-up","8":"pa_binding-badartikel","9":"pa_brand-eveline-cosmetics","10":"pa_color-schwarz","11":"pa_height-1-98-zoll","12":"pa_length-0-31-zoll","13":"pa_manufacturer-eveline-cosmetics","14":"pa_model-m00005119","15":"pa_size-10-ml-1er-pack","16":"pa_weight-0-0220462262-pfund","17":"pa_width-0-31-zoll","19":"first","20":"instock","21":"shipping-taxable","22":"purchasable","23":"product-type-simple","24":"customify-col","25":"product-has-gallery"},"yoast_head":"<!-- This site is optimized with the Yoast SEO plugin v27.3 - https:\/\/yoast.com\/product\/yoast-seo-wordpress\/ -->\n<title>Eveline Cosmetics SOS Wimpern Serum f\u00fcr Wimpernverl\u00e4ngerung | 10 ML | Verdickt und Regeneriert | Schnell Wachstum\u2026 - Markt-XXL<\/title>\n<meta name=\"description\" content=\"Markt-XXL Eveline Cosmetics SOS Wimpern Serum f\u00fcr Wimpernverl\u00e4ngerung | 10 ML | Verdickt und Regeneriert | Schnell Wachstum\u2026\" \/>\n<meta name=\"robots\" content=\"index, follow, max-snippet:-1, max-image-preview:large, max-video-preview:-1\" \/>\n<link rel=\"canonical\" href=\"https:\/\/marktxxl.de\/markt\/produkt\/eveline-cosmetics-sos-wimpern-serum-fuer-wimpernverlaengerung-10-ml-verdickt-und-regeneriert-schnell-wachstum-verdoppeln-die-dichte-mit-arganoel-dermatologisch-getestet\/\" \/>\n<meta property=\"og:locale\" content=\"de_DE\" \/>\n<meta property=\"og:type\" content=\"article\" \/>\n<meta property=\"og:title\" content=\"Eveline Cosmetics SOS Wimpern Serum f\u00fcr Wimpernverl\u00e4ngerung | 10 ML | Verdickt und Regeneriert | Schnell Wachstum\u2026 - Markt-XXL\" \/>\n<meta property=\"og:description\" content=\"Markt-XXL Eveline Cosmetics SOS Wimpern Serum f\u00fcr Wimpernverl\u00e4ngerung | 10 ML | Verdickt und Regeneriert | Schnell Wachstum\u2026\" \/>\n<meta property=\"og:url\" content=\"https:\/\/marktxxl.de\/markt\/produkt\/eveline-cosmetics-sos-wimpern-serum-fuer-wimpernverlaengerung-10-ml-verdickt-und-regeneriert-schnell-wachstum-verdoppeln-die-dichte-mit-arganoel-dermatologisch-getestet\/\" \/>\n<meta property=\"og:site_name\" content=\"Markt-XXL\" \/>\n<meta property=\"article:modified_time\" content=\"2023-04-11T01:23:11+00:00\" \/>\n<meta property=\"og:image\" content=\"https:\/\/m.media-amazon.com\/images\/I\/515jyVpu1BL._SL500_.jpg\" \/>\n\t<meta property=\"og:image:width\" content=\"500\" \/>\n\t<meta property=\"og:image:height\" content=\"500\" \/>\n\t<meta property=\"og:image:type\" content=\"image\/jpeg\" \/>\n<meta name=\"twitter:card\" content=\"summary_large_image\" \/>\n<meta name=\"twitter:label1\" content=\"Gesch\u00e4tzte Lesezeit\" \/>\n\t<meta name=\"twitter:data1\" content=\"1\u00a0Minute\" \/>\n<script type=\"application\/ld+json\" class=\"yoast-schema-graph\">{\"@context\":\"https:\\\/\\\/schema.org\",\"@graph\":[{\"@type\":\"WebPage\",\"@id\":\"https:\\\/\\\/marktxxl.de\\\/markt\\\/produkt\\\/eveline-cosmetics-sos-wimpern-serum-fuer-wimpernverlaengerung-10-ml-verdickt-und-regeneriert-schnell-wachstum-verdoppeln-die-dichte-mit-arganoel-dermatologisch-getestet\\\/\",\"url\":\"https:\\\/\\\/marktxxl.de\\\/markt\\\/produkt\\\/eveline-cosmetics-sos-wimpern-serum-fuer-wimpernverlaengerung-10-ml-verdickt-und-regeneriert-schnell-wachstum-verdoppeln-die-dichte-mit-arganoel-dermatologisch-getestet\\\/\",\"name\":\"Eveline Cosmetics SOS Wimpern Serum f\u00fcr Wimpernverl\u00e4ngerung | 10 ML | Verdickt und Regeneriert | Schnell Wachstum\u2026 - Markt-XXL\",\"isPartOf\":{\"@id\":\"https:\\\/\\\/marktxxl.de\\\/markt\\\/#website\"},\"primaryImageOfPage\":{\"@id\":\"https:\\\/\\\/marktxxl.de\\\/markt\\\/produkt\\\/eveline-cosmetics-sos-wimpern-serum-fuer-wimpernverlaengerung-10-ml-verdickt-und-regeneriert-schnell-wachstum-verdoppeln-die-dichte-mit-arganoel-dermatologisch-getestet\\\/#primaryimage\"},\"image\":{\"@id\":\"https:\\\/\\\/marktxxl.de\\\/markt\\\/produkt\\\/eveline-cosmetics-sos-wimpern-serum-fuer-wimpernverlaengerung-10-ml-verdickt-und-regeneriert-schnell-wachstum-verdoppeln-die-dichte-mit-arganoel-dermatologisch-getestet\\\/#primaryimage\"},\"thumbnailUrl\":\"https:\\\/\\\/m.media-amazon.com\\\/images\\\/I\\\/515jyVpu1BL._SL500_.jpg\",\"datePublished\":\"2022-01-27T15:06:18+00:00\",\"dateModified\":\"2023-04-11T01:23:11+00:00\",\"description\":\"Markt-XXL Eveline Cosmetics SOS Wimpern Serum f\u00fcr Wimpernverl\u00e4ngerung | 10 ML | Verdickt und Regeneriert | Schnell Wachstum\u2026\",\"breadcrumb\":{\"@id\":\"https:\\\/\\\/marktxxl.de\\\/markt\\\/produkt\\\/eveline-cosmetics-sos-wimpern-serum-fuer-wimpernverlaengerung-10-ml-verdickt-und-regeneriert-schnell-wachstum-verdoppeln-die-dichte-mit-arganoel-dermatologisch-getestet\\\/#breadcrumb\"},\"inLanguage\":\"de\",\"potentialAction\":[{\"@type\":\"ReadAction\",\"target\":[\"https:\\\/\\\/marktxxl.de\\\/markt\\\/produkt\\\/eveline-cosmetics-sos-wimpern-serum-fuer-wimpernverlaengerung-10-ml-verdickt-und-regeneriert-schnell-wachstum-verdoppeln-die-dichte-mit-arganoel-dermatologisch-getestet\\\/\"]}]},{\"@type\":\"ImageObject\",\"inLanguage\":\"de\",\"@id\":\"https:\\\/\\\/marktxxl.de\\\/markt\\\/produkt\\\/eveline-cosmetics-sos-wimpern-serum-fuer-wimpernverlaengerung-10-ml-verdickt-und-regeneriert-schnell-wachstum-verdoppeln-die-dichte-mit-arganoel-dermatologisch-getestet\\\/#primaryimage\",\"url\":\"https:\\\/\\\/m.media-amazon.com\\\/images\\\/I\\\/515jyVpu1BL._SL500_.jpg\",\"contentUrl\":\"https:\\\/\\\/m.media-amazon.com\\\/images\\\/I\\\/515jyVpu1BL._SL500_.jpg\",\"width\":500,\"height\":500},{\"@type\":\"BreadcrumbList\",\"@id\":\"https:\\\/\\\/marktxxl.de\\\/markt\\\/produkt\\\/eveline-cosmetics-sos-wimpern-serum-fuer-wimpernverlaengerung-10-ml-verdickt-und-regeneriert-schnell-wachstum-verdoppeln-die-dichte-mit-arganoel-dermatologisch-getestet\\\/#breadcrumb\",\"itemListElement\":[{\"@type\":\"ListItem\",\"position\":1,\"name\":\"Startseite\",\"item\":\"https:\\\/\\\/marktxxl.de\\\/markt\\\/\"},{\"@type\":\"ListItem\",\"position\":2,\"name\":\"Markt\",\"item\":\"https:\\\/\\\/marktxxl.de\\\/markt\\\/\"},{\"@type\":\"ListItem\",\"position\":3,\"name\":\"Eveline Cosmetics SOS Wimpern Serum f\u00fcr Wimpernverl\u00e4ngerung | 10 ML | Verdickt und Regeneriert | Schnell Wachstum\u2026\"}]},{\"@type\":\"WebSite\",\"@id\":\"https:\\\/\\\/marktxxl.de\\\/markt\\\/#website\",\"url\":\"https:\\\/\\\/marktxxl.de\\\/markt\\\/\",\"name\":\"Markt-XXL\",\"description\":\"Ihr Markt Online\",\"publisher\":{\"@id\":\"https:\\\/\\\/marktxxl.de\\\/markt\\\/#organization\"},\"potentialAction\":[{\"@type\":\"SearchAction\",\"target\":{\"@type\":\"EntryPoint\",\"urlTemplate\":\"https:\\\/\\\/marktxxl.de\\\/markt\\\/?s={search_term_string}\"},\"query-input\":{\"@type\":\"PropertyValueSpecification\",\"valueRequired\":true,\"valueName\":\"search_term_string\"}}],\"inLanguage\":\"de\"},{\"@type\":\"Organization\",\"@id\":\"https:\\\/\\\/marktxxl.de\\\/markt\\\/#organization\",\"name\":\"Markt-XXL\",\"url\":\"https:\\\/\\\/marktxxl.de\\\/markt\\\/\",\"logo\":{\"@type\":\"ImageObject\",\"inLanguage\":\"de\",\"@id\":\"https:\\\/\\\/marktxxl.de\\\/markt\\\/#\\\/schema\\\/logo\\\/image\\\/\",\"url\":\"https:\\\/\\\/marktxxl.de\\\/markt\\\/wp-content\\\/uploads\\\/sites\\\/3\\\/2020\\\/12\\\/logo.png\",\"contentUrl\":\"https:\\\/\\\/marktxxl.de\\\/markt\\\/wp-content\\\/uploads\\\/sites\\\/3\\\/2020\\\/12\\\/logo.png\",\"width\":200,\"height\":70,\"caption\":\"Markt-XXL\"},\"image\":{\"@id\":\"https:\\\/\\\/marktxxl.de\\\/markt\\\/#\\\/schema\\\/logo\\\/image\\\/\"}}]}<\/script>\n<!-- \/ Yoast SEO plugin. -->","yoast_head_json":{"title":"Eveline Cosmetics SOS Wimpern Serum f\u00fcr Wimpernverl\u00e4ngerung | 10 ML | Verdickt und Regeneriert | Schnell Wachstum\u2026 - Markt-XXL","description":"Markt-XXL Eveline Cosmetics SOS Wimpern Serum f\u00fcr Wimpernverl\u00e4ngerung | 10 ML | Verdickt und Regeneriert | Schnell Wachstum\u2026","robots":{"index":"index","follow":"follow","max-snippet":"max-snippet:-1","max-image-preview":"max-image-preview:large","max-video-preview":"max-video-preview:-1"},"canonical":"https:\/\/marktxxl.de\/markt\/produkt\/eveline-cosmetics-sos-wimpern-serum-fuer-wimpernverlaengerung-10-ml-verdickt-und-regeneriert-schnell-wachstum-verdoppeln-die-dichte-mit-arganoel-dermatologisch-getestet\/","og_locale":"de_DE","og_type":"article","og_title":"Eveline Cosmetics SOS Wimpern Serum f\u00fcr Wimpernverl\u00e4ngerung | 10 ML | Verdickt und Regeneriert | Schnell Wachstum\u2026 - Markt-XXL","og_description":"Markt-XXL Eveline Cosmetics SOS Wimpern Serum f\u00fcr Wimpernverl\u00e4ngerung | 10 ML | Verdickt und Regeneriert | Schnell Wachstum\u2026","og_url":"https:\/\/marktxxl.de\/markt\/produkt\/eveline-cosmetics-sos-wimpern-serum-fuer-wimpernverlaengerung-10-ml-verdickt-und-regeneriert-schnell-wachstum-verdoppeln-die-dichte-mit-arganoel-dermatologisch-getestet\/","og_site_name":"Markt-XXL","article_modified_time":"2023-04-11T01:23:11+00:00","og_image":[{"width":500,"height":500,"url":"https:\/\/m.media-amazon.com\/images\/I\/515jyVpu1BL._SL500_.jpg","type":"image\/jpeg"}],"twitter_card":"summary_large_image","twitter_misc":{"Gesch\u00e4tzte Lesezeit":"1\u00a0Minute"},"schema":{"@context":"https:\/\/schema.org","@graph":[{"@type":"WebPage","@id":"https:\/\/marktxxl.de\/markt\/produkt\/eveline-cosmetics-sos-wimpern-serum-fuer-wimpernverlaengerung-10-ml-verdickt-und-regeneriert-schnell-wachstum-verdoppeln-die-dichte-mit-arganoel-dermatologisch-getestet\/","url":"https:\/\/marktxxl.de\/markt\/produkt\/eveline-cosmetics-sos-wimpern-serum-fuer-wimpernverlaengerung-10-ml-verdickt-und-regeneriert-schnell-wachstum-verdoppeln-die-dichte-mit-arganoel-dermatologisch-getestet\/","name":"Eveline Cosmetics SOS Wimpern Serum f\u00fcr Wimpernverl\u00e4ngerung | 10 ML | Verdickt und Regeneriert | Schnell Wachstum\u2026 - Markt-XXL","isPartOf":{"@id":"https:\/\/marktxxl.de\/markt\/#website"},"primaryImageOfPage":{"@id":"https:\/\/marktxxl.de\/markt\/produkt\/eveline-cosmetics-sos-wimpern-serum-fuer-wimpernverlaengerung-10-ml-verdickt-und-regeneriert-schnell-wachstum-verdoppeln-die-dichte-mit-arganoel-dermatologisch-getestet\/#primaryimage"},"image":{"@id":"https:\/\/marktxxl.de\/markt\/produkt\/eveline-cosmetics-sos-wimpern-serum-fuer-wimpernverlaengerung-10-ml-verdickt-und-regeneriert-schnell-wachstum-verdoppeln-die-dichte-mit-arganoel-dermatologisch-getestet\/#primaryimage"},"thumbnailUrl":"https:\/\/m.media-amazon.com\/images\/I\/515jyVpu1BL._SL500_.jpg","datePublished":"2022-01-27T15:06:18+00:00","dateModified":"2023-04-11T01:23:11+00:00","description":"Markt-XXL Eveline Cosmetics SOS Wimpern Serum f\u00fcr Wimpernverl\u00e4ngerung | 10 ML | Verdickt und Regeneriert | Schnell Wachstum\u2026","breadcrumb":{"@id":"https:\/\/marktxxl.de\/markt\/produkt\/eveline-cosmetics-sos-wimpern-serum-fuer-wimpernverlaengerung-10-ml-verdickt-und-regeneriert-schnell-wachstum-verdoppeln-die-dichte-mit-arganoel-dermatologisch-getestet\/#breadcrumb"},"inLanguage":"de","potentialAction":[{"@type":"ReadAction","target":["https:\/\/marktxxl.de\/markt\/produkt\/eveline-cosmetics-sos-wimpern-serum-fuer-wimpernverlaengerung-10-ml-verdickt-und-regeneriert-schnell-wachstum-verdoppeln-die-dichte-mit-arganoel-dermatologisch-getestet\/"]}]},{"@type":"ImageObject","inLanguage":"de","@id":"https:\/\/marktxxl.de\/markt\/produkt\/eveline-cosmetics-sos-wimpern-serum-fuer-wimpernverlaengerung-10-ml-verdickt-und-regeneriert-schnell-wachstum-verdoppeln-die-dichte-mit-arganoel-dermatologisch-getestet\/#primaryimage","url":"https:\/\/m.media-amazon.com\/images\/I\/515jyVpu1BL._SL500_.jpg","contentUrl":"https:\/\/m.media-amazon.com\/images\/I\/515jyVpu1BL._SL500_.jpg","width":500,"height":500},{"@type":"BreadcrumbList","@id":"https:\/\/marktxxl.de\/markt\/produkt\/eveline-cosmetics-sos-wimpern-serum-fuer-wimpernverlaengerung-10-ml-verdickt-und-regeneriert-schnell-wachstum-verdoppeln-die-dichte-mit-arganoel-dermatologisch-getestet\/#breadcrumb","itemListElement":[{"@type":"ListItem","position":1,"name":"Startseite","item":"https:\/\/marktxxl.de\/markt\/"},{"@type":"ListItem","position":2,"name":"Markt","item":"https:\/\/marktxxl.de\/markt\/"},{"@type":"ListItem","position":3,"name":"Eveline Cosmetics SOS Wimpern Serum f\u00fcr Wimpernverl\u00e4ngerung | 10 ML | Verdickt und Regeneriert | Schnell Wachstum\u2026"}]},{"@type":"WebSite","@id":"https:\/\/marktxxl.de\/markt\/#website","url":"https:\/\/marktxxl.de\/markt\/","name":"Markt-XXL","description":"Ihr Markt Online","publisher":{"@id":"https:\/\/marktxxl.de\/markt\/#organization"},"potentialAction":[{"@type":"SearchAction","target":{"@type":"EntryPoint","urlTemplate":"https:\/\/marktxxl.de\/markt\/?s={search_term_string}"},"query-input":{"@type":"PropertyValueSpecification","valueRequired":true,"valueName":"search_term_string"}}],"inLanguage":"de"},{"@type":"Organization","@id":"https:\/\/marktxxl.de\/markt\/#organization","name":"Markt-XXL","url":"https:\/\/marktxxl.de\/markt\/","logo":{"@type":"ImageObject","inLanguage":"de","@id":"https:\/\/marktxxl.de\/markt\/#\/schema\/logo\/image\/","url":"https:\/\/marktxxl.de\/markt\/wp-content\/uploads\/sites\/3\/2020\/12\/logo.png","contentUrl":"https:\/\/marktxxl.de\/markt\/wp-content\/uploads\/sites\/3\/2020\/12\/logo.png","width":200,"height":70,"caption":"Markt-XXL"},"image":{"@id":"https:\/\/marktxxl.de\/markt\/#\/schema\/logo\/image\/"}}]}},"_links":{"self":[{"href":"https:\/\/marktxxl.de\/markt\/wp-json\/wp\/v2\/product\/99937","targetHints":{"allow":["GET"]}}],"collection":[{"href":"https:\/\/marktxxl.de\/markt\/wp-json\/wp\/v2\/product"}],"about":[{"href":"https:\/\/marktxxl.de\/markt\/wp-json\/wp\/v2\/types\/product"}],"replies":[{"embeddable":true,"href":"https:\/\/marktxxl.de\/markt\/wp-json\/wp\/v2\/comments?post=99937"}],"wp:featuredmedia":[{"embeddable":true,"href":"https:\/\/marktxxl.de\/markt\/wp-json\/wp\/v2\/media\/99938"}],"wp:attachment":[{"href":"https:\/\/marktxxl.de\/markt\/wp-json\/wp\/v2\/media?parent=99937"}],"wp:term":[{"taxonomy":"product_brand","embeddable":true,"href":"https:\/\/marktxxl.de\/markt\/wp-json\/wp\/v2\/product_brand?post=99937"},{"taxonomy":"product_cat","embeddable":true,"href":"https:\/\/marktxxl.de\/markt\/wp-json\/wp\/v2\/product_cat?post=99937"},{"taxonomy":"product_tag","embeddable":true,"href":"https:\/\/marktxxl.de\/markt\/wp-json\/wp\/v2\/product_tag?post=99937"}],"curies":[{"name":"wp","href":"https:\/\/api.w.org\/{rel}","templated":true}]}}