{"id":99930,"date":"2022-01-27T16:06:12","date_gmt":"2022-01-27T15:06:12","guid":{"rendered":"https:\/\/marktxxl.de\/markt\/produkt\/brow-lifting-set-augenbrauen-lifting-set-wasserdicht-langlebiges-styling-eyebrow-lifting-set-professioneller-augenbrauen-laminierung-set-fuer-den-heim-salon-und-makeup-schoenheitssalon-diy-browblac\/"},"modified":"2023-04-11T03:23:11","modified_gmt":"2023-04-11T01:23:11","slug":"brow-lifting-set-augenbrauen-lifting-set-wasserdicht-langlebiges-styling-eyebrow-lifting-set-professioneller-augenbrauen-laminierung-set-fuer-den-heim-salon-und-makeup-schoenheitssalon-diy-browblac","status":"publish","type":"product","link":"https:\/\/marktxxl.de\/markt\/produkt\/brow-lifting-set-augenbrauen-lifting-set-wasserdicht-langlebiges-styling-eyebrow-lifting-set-professioneller-augenbrauen-laminierung-set-fuer-den-heim-salon-und-makeup-schoenheitssalon-diy-browblac\/","title":{"rendered":"NAOLVE Brow Lifting Set, Augenbrauen Lifting Set Wasserdicht Langlebiges Styling, Eyebrow Lifting Set Professioneller\u2026"},"content":{"rendered":"<p>\ud83d\udc96\u3010Effektives Augenbrauenlifting\u3011 Das Augenbrauen Lifting Sets kann die perfekte nat\u00fcrliche Form der Augenbrauen 45-60 Tage lang beibehalten. Sie m\u00fcssen Ihre Augenbrauen nicht jeden Tag rasieren, verabschieden Sie sich von unordentlichen und unnat\u00fcrlichen Augenbrauen! Wenn Sie zu faul zum Schminken sind, ist dies die beste Wahl!<br \/>\n\ud83d\udc96\u3010Nat\u00fcrlicher 3D-Effekt\u3011 Das neue Brow Lifting Set kann einen 3D-Effekt auf die unordentlichen, sp\u00e4rlichen oder rauen Augenbrauen erzeugen, das Volumen und die Dichte der Augenbrauen erh\u00f6hen, die originellste Textur beibehalten und die Augenbrauen dreidimensionaler und nat\u00fcrlicher machen.<br \/>\n\ud83d\udc96\u3010Nat\u00fcrlich und Nicht Reizend\u3011 Die neue aktualisierte Version des Brow Lamination Kit besteht nach strengen Sicherheits- und Wirksamkeitstests aus Pflanzenextrakten, ist schwei\u00df- und wasserdicht und hat einen milden Geruch und keine Reizung.<br \/>\n\ud83d\udc96\u3010Professionelle Salonqualit\u00e4t\u3011 Das Eyebrow Lifting Set enth\u00e4lt ein komplettes Set an Zubeh\u00f6r zum B\u00fcgeln von Augenbrauen. Dar\u00fcber hinaus haben wir 4 Augenbrauenb\u00fcrsten und 10 Mikrob\u00fcrsten f\u00fcr Sie vorbereitet, die Sie bequem mehrmals verwenden k\u00f6nnen. Auch Anf\u00e4nger k\u00f6nnen zu Hause professionelle Saloneffekte erzielen, was Ihnen Zeit und Geld spart.<br \/>\n\ud83d\udc96\u3010Kundendienst\u3011Wir haben professionelle Nutzungsvideos und Nutzungsschritte. Wenn Sie Fragen haben, kontaktieren Sie uns bitte rechtzeitig, wir werden diese innerhalb von 24 Stunden f\u00fcr Sie l\u00f6sen.<br \/>\n<div class=\"main-cross-sell\" data-asin=\"B09441YZTJ\">\n\n\t<div class=\"WooZone-cross-sell-loader\">\n\t\t<div>\n\t\t\t<div id=\"floatingBarsG\">\n\t\t\t\t<div class=\"blockG\" id=\"rotateG_01\"><\/div>\n\t\t\t\t<div class=\"blockG\" id=\"rotateG_02\"><\/div>\n\t\t\t\t<div class=\"blockG\" id=\"rotateG_03\"><\/div>\n\t\t\t\t<div class=\"blockG\" id=\"rotateG_04\"><\/div>\n\t\t\t\t<div class=\"blockG\" id=\"rotateG_05\"><\/div>\n\t\t\t\t<div class=\"blockG\" id=\"rotateG_06\"><\/div>\n\t\t\t\t<div class=\"blockG\" id=\"rotateG_07\"><\/div>\n\t\t\t\t<div class=\"blockG\" id=\"rotateG_08\"><\/div>\n\t\t\t<\/div>\n\t\t\t<div class=\"WooZone-cross-sell-loader-text\"><\/div>\n\t\t<\/div>\n\t<\/div>\n\n\t\t\n<\/div>\n<div style=\"clear:both;\"><\/div><\/p>\n","protected":false},"excerpt":{"rendered":"<p>\ud83d\udc96\u3010Effektives Augenbrauenlifting\u3011 Das Augenbrauen Lifting Sets kann die perfekte nat\u00fcrliche Form der Augenbrauen 45-60 Tage lang beibehalten. Sie m\u00fcssen Ihre Augenbrauen nicht jeden Tag rasieren, verabschieden Sie sich von unordentlichen und unnat\u00fcrlichen Augenbrauen! Wenn Sie zu faul zum Schminken sind, ist dies die beste Wahl!<br \/>\n\ud83d\udc96\u3010Nat\u00fcrlicher 3D-Effekt\u3011 Das neue Brow Lifting Set kann einen 3D-Effekt auf die unordentlichen, sp\u00e4rlichen oder rauen Augenbrauen erzeugen, das Volumen und die Dichte der Augenbrauen erh\u00f6hen, die originellste Textur beibehalten und die Augenbrauen dreidimensionaler und nat\u00fcrlicher machen.<br \/>\n\ud83d\udc96\u3010Nat\u00fcrlich und Nicht Reizend\u3011 Die neue aktualisierte Version des Brow Lamination Kit besteht nach strengen Sicherheits- und Wirksamkeitstests aus Pflanzenextrakten, ist schwei\u00df- und wasserdicht und hat einen milden Geruch und keine Reizung.<\/p>\n","protected":false},"featured_media":99931,"comment_status":"open","ping_status":"closed","template":"","meta":[],"product_brand":[],"product_cat":[2858,7575],"product_tag":[],"class_list":{"0":"post-99930","1":"product","2":"type-product","3":"status-publish","4":"has-post-thumbnail","6":"product_cat-beauty","7":"product_cat-make-up","8":"pa_brand-naolve","9":"pa_color-black","10":"pa_manufacturer-naolve","11":"pa_model-orn-12","12":"pa_size-21-stueck-1er-pack","14":"first","15":"instock","16":"shipping-taxable","17":"purchasable","18":"product-type-simple","19":"customify-col","20":"product-has-gallery"},"yoast_head":"<!-- This site is optimized with the Yoast SEO plugin v27.4 - https:\/\/yoast.com\/product\/yoast-seo-wordpress\/ -->\n<title>NAOLVE Brow Lifting Set, Augenbrauen Lifting Set Wasserdicht Langlebiges Styling, Eyebrow Lifting Set Professioneller\u2026 - Markt-XXL<\/title>\n<meta name=\"description\" content=\"Markt-XXL NAOLVE Brow Lifting Set, Augenbrauen Lifting Set Wasserdicht Langlebiges Styling, Eyebrow Lifting Set Professioneller\u2026\" \/>\n<meta name=\"robots\" content=\"index, follow, max-snippet:-1, max-image-preview:large, max-video-preview:-1\" \/>\n<link rel=\"canonical\" href=\"https:\/\/marktxxl.de\/markt\/produkt\/brow-lifting-set-augenbrauen-lifting-set-wasserdicht-langlebiges-styling-eyebrow-lifting-set-professioneller-augenbrauen-laminierung-set-fuer-den-heim-salon-und-makeup-schoenheitssalon-diy-browblac\/\" \/>\n<meta property=\"og:locale\" content=\"de_DE\" \/>\n<meta property=\"og:type\" content=\"article\" \/>\n<meta property=\"og:title\" content=\"NAOLVE Brow Lifting Set, Augenbrauen Lifting Set Wasserdicht Langlebiges Styling, Eyebrow Lifting Set Professioneller\u2026 - Markt-XXL\" \/>\n<meta property=\"og:description\" content=\"Markt-XXL NAOLVE Brow Lifting Set, Augenbrauen Lifting Set Wasserdicht Langlebiges Styling, Eyebrow Lifting Set Professioneller\u2026\" \/>\n<meta property=\"og:url\" content=\"https:\/\/marktxxl.de\/markt\/produkt\/brow-lifting-set-augenbrauen-lifting-set-wasserdicht-langlebiges-styling-eyebrow-lifting-set-professioneller-augenbrauen-laminierung-set-fuer-den-heim-salon-und-makeup-schoenheitssalon-diy-browblac\/\" \/>\n<meta property=\"og:site_name\" content=\"Markt-XXL\" \/>\n<meta property=\"article:modified_time\" content=\"2023-04-11T01:23:11+00:00\" \/>\n<meta property=\"og:image\" content=\"https:\/\/m.media-amazon.com\/images\/I\/51IASUDf46L._SL500_.jpg\" \/>\n\t<meta property=\"og:image:width\" content=\"476\" \/>\n\t<meta property=\"og:image:height\" content=\"500\" \/>\n\t<meta property=\"og:image:type\" content=\"image\/jpeg\" \/>\n<meta name=\"twitter:card\" content=\"summary_large_image\" \/>\n<meta name=\"twitter:label1\" content=\"Gesch\u00e4tzte Lesezeit\" \/>\n\t<meta name=\"twitter:data1\" content=\"1\u00a0Minute\" \/>\n<script type=\"application\/ld+json\" class=\"yoast-schema-graph\">{\"@context\":\"https:\\\/\\\/schema.org\",\"@graph\":[{\"@type\":\"WebPage\",\"@id\":\"https:\\\/\\\/marktxxl.de\\\/markt\\\/produkt\\\/brow-lifting-set-augenbrauen-lifting-set-wasserdicht-langlebiges-styling-eyebrow-lifting-set-professioneller-augenbrauen-laminierung-set-fuer-den-heim-salon-und-makeup-schoenheitssalon-diy-browblac\\\/\",\"url\":\"https:\\\/\\\/marktxxl.de\\\/markt\\\/produkt\\\/brow-lifting-set-augenbrauen-lifting-set-wasserdicht-langlebiges-styling-eyebrow-lifting-set-professioneller-augenbrauen-laminierung-set-fuer-den-heim-salon-und-makeup-schoenheitssalon-diy-browblac\\\/\",\"name\":\"NAOLVE Brow Lifting Set, Augenbrauen Lifting Set Wasserdicht Langlebiges Styling, Eyebrow Lifting Set Professioneller\u2026 - Markt-XXL\",\"isPartOf\":{\"@id\":\"https:\\\/\\\/marktxxl.de\\\/markt\\\/#website\"},\"primaryImageOfPage\":{\"@id\":\"https:\\\/\\\/marktxxl.de\\\/markt\\\/produkt\\\/brow-lifting-set-augenbrauen-lifting-set-wasserdicht-langlebiges-styling-eyebrow-lifting-set-professioneller-augenbrauen-laminierung-set-fuer-den-heim-salon-und-makeup-schoenheitssalon-diy-browblac\\\/#primaryimage\"},\"image\":{\"@id\":\"https:\\\/\\\/marktxxl.de\\\/markt\\\/produkt\\\/brow-lifting-set-augenbrauen-lifting-set-wasserdicht-langlebiges-styling-eyebrow-lifting-set-professioneller-augenbrauen-laminierung-set-fuer-den-heim-salon-und-makeup-schoenheitssalon-diy-browblac\\\/#primaryimage\"},\"thumbnailUrl\":\"https:\\\/\\\/m.media-amazon.com\\\/images\\\/I\\\/51IASUDf46L._SL500_.jpg\",\"datePublished\":\"2022-01-27T15:06:12+00:00\",\"dateModified\":\"2023-04-11T01:23:11+00:00\",\"description\":\"Markt-XXL NAOLVE Brow Lifting Set, Augenbrauen Lifting Set Wasserdicht Langlebiges Styling, Eyebrow Lifting Set Professioneller\u2026\",\"breadcrumb\":{\"@id\":\"https:\\\/\\\/marktxxl.de\\\/markt\\\/produkt\\\/brow-lifting-set-augenbrauen-lifting-set-wasserdicht-langlebiges-styling-eyebrow-lifting-set-professioneller-augenbrauen-laminierung-set-fuer-den-heim-salon-und-makeup-schoenheitssalon-diy-browblac\\\/#breadcrumb\"},\"inLanguage\":\"de\",\"potentialAction\":[{\"@type\":\"ReadAction\",\"target\":[\"https:\\\/\\\/marktxxl.de\\\/markt\\\/produkt\\\/brow-lifting-set-augenbrauen-lifting-set-wasserdicht-langlebiges-styling-eyebrow-lifting-set-professioneller-augenbrauen-laminierung-set-fuer-den-heim-salon-und-makeup-schoenheitssalon-diy-browblac\\\/\"]}]},{\"@type\":\"ImageObject\",\"inLanguage\":\"de\",\"@id\":\"https:\\\/\\\/marktxxl.de\\\/markt\\\/produkt\\\/brow-lifting-set-augenbrauen-lifting-set-wasserdicht-langlebiges-styling-eyebrow-lifting-set-professioneller-augenbrauen-laminierung-set-fuer-den-heim-salon-und-makeup-schoenheitssalon-diy-browblac\\\/#primaryimage\",\"url\":\"https:\\\/\\\/m.media-amazon.com\\\/images\\\/I\\\/51IASUDf46L._SL500_.jpg\",\"contentUrl\":\"https:\\\/\\\/m.media-amazon.com\\\/images\\\/I\\\/51IASUDf46L._SL500_.jpg\",\"width\":476,\"height\":500},{\"@type\":\"BreadcrumbList\",\"@id\":\"https:\\\/\\\/marktxxl.de\\\/markt\\\/produkt\\\/brow-lifting-set-augenbrauen-lifting-set-wasserdicht-langlebiges-styling-eyebrow-lifting-set-professioneller-augenbrauen-laminierung-set-fuer-den-heim-salon-und-makeup-schoenheitssalon-diy-browblac\\\/#breadcrumb\",\"itemListElement\":[{\"@type\":\"ListItem\",\"position\":1,\"name\":\"Startseite\",\"item\":\"https:\\\/\\\/marktxxl.de\\\/markt\\\/\"},{\"@type\":\"ListItem\",\"position\":2,\"name\":\"Markt\",\"item\":\"https:\\\/\\\/marktxxl.de\\\/markt\\\/\"},{\"@type\":\"ListItem\",\"position\":3,\"name\":\"NAOLVE Brow Lifting Set, Augenbrauen Lifting Set Wasserdicht Langlebiges Styling, Eyebrow Lifting Set Professioneller\u2026\"}]},{\"@type\":\"WebSite\",\"@id\":\"https:\\\/\\\/marktxxl.de\\\/markt\\\/#website\",\"url\":\"https:\\\/\\\/marktxxl.de\\\/markt\\\/\",\"name\":\"Markt-XXL\",\"description\":\"Ihr Markt Online\",\"publisher\":{\"@id\":\"https:\\\/\\\/marktxxl.de\\\/markt\\\/#organization\"},\"potentialAction\":[{\"@type\":\"SearchAction\",\"target\":{\"@type\":\"EntryPoint\",\"urlTemplate\":\"https:\\\/\\\/marktxxl.de\\\/markt\\\/?s={search_term_string}\"},\"query-input\":{\"@type\":\"PropertyValueSpecification\",\"valueRequired\":true,\"valueName\":\"search_term_string\"}}],\"inLanguage\":\"de\"},{\"@type\":\"Organization\",\"@id\":\"https:\\\/\\\/marktxxl.de\\\/markt\\\/#organization\",\"name\":\"Markt-XXL\",\"url\":\"https:\\\/\\\/marktxxl.de\\\/markt\\\/\",\"logo\":{\"@type\":\"ImageObject\",\"inLanguage\":\"de\",\"@id\":\"https:\\\/\\\/marktxxl.de\\\/markt\\\/#\\\/schema\\\/logo\\\/image\\\/\",\"url\":\"https:\\\/\\\/marktxxl.de\\\/markt\\\/wp-content\\\/uploads\\\/sites\\\/3\\\/2020\\\/12\\\/logo.png\",\"contentUrl\":\"https:\\\/\\\/marktxxl.de\\\/markt\\\/wp-content\\\/uploads\\\/sites\\\/3\\\/2020\\\/12\\\/logo.png\",\"width\":200,\"height\":70,\"caption\":\"Markt-XXL\"},\"image\":{\"@id\":\"https:\\\/\\\/marktxxl.de\\\/markt\\\/#\\\/schema\\\/logo\\\/image\\\/\"}}]}<\/script>\n<!-- \/ Yoast SEO plugin. -->","yoast_head_json":{"title":"NAOLVE Brow Lifting Set, Augenbrauen Lifting Set Wasserdicht Langlebiges Styling, Eyebrow Lifting Set Professioneller\u2026 - Markt-XXL","description":"Markt-XXL NAOLVE Brow Lifting Set, Augenbrauen Lifting Set Wasserdicht Langlebiges Styling, Eyebrow Lifting Set Professioneller\u2026","robots":{"index":"index","follow":"follow","max-snippet":"max-snippet:-1","max-image-preview":"max-image-preview:large","max-video-preview":"max-video-preview:-1"},"canonical":"https:\/\/marktxxl.de\/markt\/produkt\/brow-lifting-set-augenbrauen-lifting-set-wasserdicht-langlebiges-styling-eyebrow-lifting-set-professioneller-augenbrauen-laminierung-set-fuer-den-heim-salon-und-makeup-schoenheitssalon-diy-browblac\/","og_locale":"de_DE","og_type":"article","og_title":"NAOLVE Brow Lifting Set, Augenbrauen Lifting Set Wasserdicht Langlebiges Styling, Eyebrow Lifting Set Professioneller\u2026 - Markt-XXL","og_description":"Markt-XXL NAOLVE Brow Lifting Set, Augenbrauen Lifting Set Wasserdicht Langlebiges Styling, Eyebrow Lifting Set Professioneller\u2026","og_url":"https:\/\/marktxxl.de\/markt\/produkt\/brow-lifting-set-augenbrauen-lifting-set-wasserdicht-langlebiges-styling-eyebrow-lifting-set-professioneller-augenbrauen-laminierung-set-fuer-den-heim-salon-und-makeup-schoenheitssalon-diy-browblac\/","og_site_name":"Markt-XXL","article_modified_time":"2023-04-11T01:23:11+00:00","og_image":[{"width":476,"height":500,"url":"https:\/\/m.media-amazon.com\/images\/I\/51IASUDf46L._SL500_.jpg","type":"image\/jpeg"}],"twitter_card":"summary_large_image","twitter_misc":{"Gesch\u00e4tzte Lesezeit":"1\u00a0Minute"},"schema":{"@context":"https:\/\/schema.org","@graph":[{"@type":"WebPage","@id":"https:\/\/marktxxl.de\/markt\/produkt\/brow-lifting-set-augenbrauen-lifting-set-wasserdicht-langlebiges-styling-eyebrow-lifting-set-professioneller-augenbrauen-laminierung-set-fuer-den-heim-salon-und-makeup-schoenheitssalon-diy-browblac\/","url":"https:\/\/marktxxl.de\/markt\/produkt\/brow-lifting-set-augenbrauen-lifting-set-wasserdicht-langlebiges-styling-eyebrow-lifting-set-professioneller-augenbrauen-laminierung-set-fuer-den-heim-salon-und-makeup-schoenheitssalon-diy-browblac\/","name":"NAOLVE Brow Lifting Set, Augenbrauen Lifting Set Wasserdicht Langlebiges Styling, Eyebrow Lifting Set Professioneller\u2026 - Markt-XXL","isPartOf":{"@id":"https:\/\/marktxxl.de\/markt\/#website"},"primaryImageOfPage":{"@id":"https:\/\/marktxxl.de\/markt\/produkt\/brow-lifting-set-augenbrauen-lifting-set-wasserdicht-langlebiges-styling-eyebrow-lifting-set-professioneller-augenbrauen-laminierung-set-fuer-den-heim-salon-und-makeup-schoenheitssalon-diy-browblac\/#primaryimage"},"image":{"@id":"https:\/\/marktxxl.de\/markt\/produkt\/brow-lifting-set-augenbrauen-lifting-set-wasserdicht-langlebiges-styling-eyebrow-lifting-set-professioneller-augenbrauen-laminierung-set-fuer-den-heim-salon-und-makeup-schoenheitssalon-diy-browblac\/#primaryimage"},"thumbnailUrl":"https:\/\/m.media-amazon.com\/images\/I\/51IASUDf46L._SL500_.jpg","datePublished":"2022-01-27T15:06:12+00:00","dateModified":"2023-04-11T01:23:11+00:00","description":"Markt-XXL NAOLVE Brow Lifting Set, Augenbrauen Lifting Set Wasserdicht Langlebiges Styling, Eyebrow Lifting Set Professioneller\u2026","breadcrumb":{"@id":"https:\/\/marktxxl.de\/markt\/produkt\/brow-lifting-set-augenbrauen-lifting-set-wasserdicht-langlebiges-styling-eyebrow-lifting-set-professioneller-augenbrauen-laminierung-set-fuer-den-heim-salon-und-makeup-schoenheitssalon-diy-browblac\/#breadcrumb"},"inLanguage":"de","potentialAction":[{"@type":"ReadAction","target":["https:\/\/marktxxl.de\/markt\/produkt\/brow-lifting-set-augenbrauen-lifting-set-wasserdicht-langlebiges-styling-eyebrow-lifting-set-professioneller-augenbrauen-laminierung-set-fuer-den-heim-salon-und-makeup-schoenheitssalon-diy-browblac\/"]}]},{"@type":"ImageObject","inLanguage":"de","@id":"https:\/\/marktxxl.de\/markt\/produkt\/brow-lifting-set-augenbrauen-lifting-set-wasserdicht-langlebiges-styling-eyebrow-lifting-set-professioneller-augenbrauen-laminierung-set-fuer-den-heim-salon-und-makeup-schoenheitssalon-diy-browblac\/#primaryimage","url":"https:\/\/m.media-amazon.com\/images\/I\/51IASUDf46L._SL500_.jpg","contentUrl":"https:\/\/m.media-amazon.com\/images\/I\/51IASUDf46L._SL500_.jpg","width":476,"height":500},{"@type":"BreadcrumbList","@id":"https:\/\/marktxxl.de\/markt\/produkt\/brow-lifting-set-augenbrauen-lifting-set-wasserdicht-langlebiges-styling-eyebrow-lifting-set-professioneller-augenbrauen-laminierung-set-fuer-den-heim-salon-und-makeup-schoenheitssalon-diy-browblac\/#breadcrumb","itemListElement":[{"@type":"ListItem","position":1,"name":"Startseite","item":"https:\/\/marktxxl.de\/markt\/"},{"@type":"ListItem","position":2,"name":"Markt","item":"https:\/\/marktxxl.de\/markt\/"},{"@type":"ListItem","position":3,"name":"NAOLVE Brow Lifting Set, Augenbrauen Lifting Set Wasserdicht Langlebiges Styling, Eyebrow Lifting Set Professioneller\u2026"}]},{"@type":"WebSite","@id":"https:\/\/marktxxl.de\/markt\/#website","url":"https:\/\/marktxxl.de\/markt\/","name":"Markt-XXL","description":"Ihr Markt Online","publisher":{"@id":"https:\/\/marktxxl.de\/markt\/#organization"},"potentialAction":[{"@type":"SearchAction","target":{"@type":"EntryPoint","urlTemplate":"https:\/\/marktxxl.de\/markt\/?s={search_term_string}"},"query-input":{"@type":"PropertyValueSpecification","valueRequired":true,"valueName":"search_term_string"}}],"inLanguage":"de"},{"@type":"Organization","@id":"https:\/\/marktxxl.de\/markt\/#organization","name":"Markt-XXL","url":"https:\/\/marktxxl.de\/markt\/","logo":{"@type":"ImageObject","inLanguage":"de","@id":"https:\/\/marktxxl.de\/markt\/#\/schema\/logo\/image\/","url":"https:\/\/marktxxl.de\/markt\/wp-content\/uploads\/sites\/3\/2020\/12\/logo.png","contentUrl":"https:\/\/marktxxl.de\/markt\/wp-content\/uploads\/sites\/3\/2020\/12\/logo.png","width":200,"height":70,"caption":"Markt-XXL"},"image":{"@id":"https:\/\/marktxxl.de\/markt\/#\/schema\/logo\/image\/"}}]}},"_links":{"self":[{"href":"https:\/\/marktxxl.de\/markt\/wp-json\/wp\/v2\/product\/99930","targetHints":{"allow":["GET"]}}],"collection":[{"href":"https:\/\/marktxxl.de\/markt\/wp-json\/wp\/v2\/product"}],"about":[{"href":"https:\/\/marktxxl.de\/markt\/wp-json\/wp\/v2\/types\/product"}],"replies":[{"embeddable":true,"href":"https:\/\/marktxxl.de\/markt\/wp-json\/wp\/v2\/comments?post=99930"}],"wp:featuredmedia":[{"embeddable":true,"href":"https:\/\/marktxxl.de\/markt\/wp-json\/wp\/v2\/media\/99931"}],"wp:attachment":[{"href":"https:\/\/marktxxl.de\/markt\/wp-json\/wp\/v2\/media?parent=99930"}],"wp:term":[{"taxonomy":"product_brand","embeddable":true,"href":"https:\/\/marktxxl.de\/markt\/wp-json\/wp\/v2\/product_brand?post=99930"},{"taxonomy":"product_cat","embeddable":true,"href":"https:\/\/marktxxl.de\/markt\/wp-json\/wp\/v2\/product_cat?post=99930"},{"taxonomy":"product_tag","embeddable":true,"href":"https:\/\/marktxxl.de\/markt\/wp-json\/wp\/v2\/product_tag?post=99930"}],"curies":[{"name":"wp","href":"https:\/\/api.w.org\/{rel}","templated":true}]}}