{"id":99631,"date":"2022-01-27T15:52:12","date_gmt":"2022-01-27T14:52:12","guid":{"rendered":"https:\/\/marktxxl.de\/markt\/produkt\/milupa-milumil-3-babynahrung-folgemilch-ab-dem-10-monat-baby-milchpulver-1-x-800-g\/"},"modified":"2023-04-08T02:51:26","modified_gmt":"2023-04-08T00:51:26","slug":"milupa-milumil-3-babynahrung-folgemilch-ab-dem-10-monat-baby-milchpulver-1-x-800-g","status":"publish","type":"product","link":"https:\/\/marktxxl.de\/markt\/produkt\/milupa-milumil-3-babynahrung-folgemilch-ab-dem-10-monat-baby-milchpulver-1-x-800-g\/","title":{"rendered":"Milupa Milumil 3 Babynahrung, Folgemilch ab dem 10. Monat, 800g"},"content":{"rendered":"<p>Aus Liebe zu kleinen B\u00e4uchlein stecken wir seit 100 Jahren all unsere Erfahrung und unser Wissen in unsere Milchnahrung, die mit gr\u00f6\u00dfter Sorgfalt produziert wird. Mit unseren hohen Qualit\u00e4tsstandards stellen wir sicher, dass in unserer Milchnahrung alles drin ist, was reingeh\u00f6rt, und alles drau\u00dfen bleibt, was nicht reingeh\u00f6rt<br \/>\nALA* (OMEGA-3) *gesetzlich f\u00fcr Folgenahrung vorgeschrieben<br \/>\nBEGLEITET DIE NAT\u00dcRLICHE ENTWICKLUNG<br \/>\nGOS\/FOS<br \/>\nPFLANZLICHE \u00d6LE OHNE PALM\u00d6L<br \/>\n<div class=\"main-cross-sell\" data-asin=\"B08BSWYPQD\">\n\n\t<div class=\"WooZone-cross-sell-loader\">\n\t\t<div>\n\t\t\t<div id=\"floatingBarsG\">\n\t\t\t\t<div class=\"blockG\" id=\"rotateG_01\"><\/div>\n\t\t\t\t<div class=\"blockG\" id=\"rotateG_02\"><\/div>\n\t\t\t\t<div class=\"blockG\" id=\"rotateG_03\"><\/div>\n\t\t\t\t<div class=\"blockG\" id=\"rotateG_04\"><\/div>\n\t\t\t\t<div class=\"blockG\" id=\"rotateG_05\"><\/div>\n\t\t\t\t<div class=\"blockG\" id=\"rotateG_06\"><\/div>\n\t\t\t\t<div class=\"blockG\" id=\"rotateG_07\"><\/div>\n\t\t\t\t<div class=\"blockG\" id=\"rotateG_08\"><\/div>\n\t\t\t<\/div>\n\t\t\t<div class=\"WooZone-cross-sell-loader-text\"><\/div>\n\t\t<\/div>\n\t<\/div>\n\n\t\t\n<\/div>\n<div style=\"clear:both;\"><\/div><\/p>\n","protected":false},"excerpt":{"rendered":"<p>Aus Liebe zu kleinen B\u00e4uchlein stecken wir seit 100 Jahren all unsere Erfahrung und unser Wissen in unsere Milchnahrung, die mit gr\u00f6\u00dfter Sorgfalt produziert wird. Mit unseren hohen Qualit\u00e4tsstandards stellen wir sicher, dass in unserer Milchnahrung alles drin ist, was reingeh\u00f6rt, und alles drau\u00dfen bleibt, was nicht reingeh\u00f6rt<br \/>\nALA* (OMEGA-3) *gesetzlich f\u00fcr Folgenahrung vorgeschrieben<br \/>\nBEGLEITET DIE NAT\u00dcRLICHE ENTWICKLUNG<\/p>\n","protected":false},"featured_media":99632,"comment_status":"open","ping_status":"closed","template":"","meta":[],"product_brand":[],"product_cat":[21,9216],"product_tag":[],"class_list":{"0":"post-99631","1":"product","2":"type-product","3":"status-publish","4":"has-post-thumbnail","6":"product_cat-baby","7":"product_cat-ernaehrung-stillen-baby","8":"pa_binding-lebensmittel-getraenke","9":"pa_brand-milumil","10":"pa_height-7-8346456613-zoll","11":"pa_length-4-8818897588-zoll","12":"pa_manufacturer-milupa-nutricia-gmbh","13":"pa_model-30752","14":"pa_size-800-g-1er-pack","15":"pa_weight-1-763698097-pfund","16":"pa_width-5-118110231-zoll","18":"first","19":"instock","20":"shipping-taxable","21":"purchasable","22":"product-type-simple","23":"customify-col","24":"product-has-gallery"},"yoast_head":"<!-- This site is optimized with the Yoast SEO plugin v27.4 - https:\/\/yoast.com\/product\/yoast-seo-wordpress\/ -->\n<title>Milupa Milumil 3 Babynahrung, Folgemilch ab dem 10. Monat, 800g - Markt-XXL<\/title>\n<meta name=\"description\" content=\"Markt-XXL Milupa Milumil 3 Babynahrung, Folgemilch ab dem 10. Monat, 800g\" \/>\n<meta name=\"robots\" content=\"index, follow, max-snippet:-1, max-image-preview:large, max-video-preview:-1\" \/>\n<link rel=\"canonical\" href=\"https:\/\/marktxxl.de\/markt\/produkt\/milupa-milumil-3-babynahrung-folgemilch-ab-dem-10-monat-baby-milchpulver-1-x-800-g\/\" \/>\n<meta property=\"og:locale\" content=\"de_DE\" \/>\n<meta property=\"og:type\" content=\"article\" \/>\n<meta property=\"og:title\" content=\"Milupa Milumil 3 Babynahrung, Folgemilch ab dem 10. Monat, 800g - Markt-XXL\" \/>\n<meta property=\"og:description\" content=\"Markt-XXL Milupa Milumil 3 Babynahrung, Folgemilch ab dem 10. Monat, 800g\" \/>\n<meta property=\"og:url\" content=\"https:\/\/marktxxl.de\/markt\/produkt\/milupa-milumil-3-babynahrung-folgemilch-ab-dem-10-monat-baby-milchpulver-1-x-800-g\/\" \/>\n<meta property=\"og:site_name\" content=\"Markt-XXL\" \/>\n<meta property=\"article:modified_time\" content=\"2023-04-08T00:51:26+00:00\" \/>\n<meta property=\"og:image\" content=\"https:\/\/m.media-amazon.com\/images\/I\/41uoXMOAATL._SL500_.jpg\" \/>\n\t<meta property=\"og:image:width\" content=\"306\" \/>\n\t<meta property=\"og:image:height\" content=\"500\" \/>\n\t<meta property=\"og:image:type\" content=\"image\/jpeg\" \/>\n<meta name=\"twitter:card\" content=\"summary_large_image\" \/>\n<script type=\"application\/ld+json\" class=\"yoast-schema-graph\">{\"@context\":\"https:\\\/\\\/schema.org\",\"@graph\":[{\"@type\":\"WebPage\",\"@id\":\"https:\\\/\\\/marktxxl.de\\\/markt\\\/produkt\\\/milupa-milumil-3-babynahrung-folgemilch-ab-dem-10-monat-baby-milchpulver-1-x-800-g\\\/\",\"url\":\"https:\\\/\\\/marktxxl.de\\\/markt\\\/produkt\\\/milupa-milumil-3-babynahrung-folgemilch-ab-dem-10-monat-baby-milchpulver-1-x-800-g\\\/\",\"name\":\"Milupa Milumil 3 Babynahrung, Folgemilch ab dem 10. Monat, 800g - Markt-XXL\",\"isPartOf\":{\"@id\":\"https:\\\/\\\/marktxxl.de\\\/markt\\\/#website\"},\"primaryImageOfPage\":{\"@id\":\"https:\\\/\\\/marktxxl.de\\\/markt\\\/produkt\\\/milupa-milumil-3-babynahrung-folgemilch-ab-dem-10-monat-baby-milchpulver-1-x-800-g\\\/#primaryimage\"},\"image\":{\"@id\":\"https:\\\/\\\/marktxxl.de\\\/markt\\\/produkt\\\/milupa-milumil-3-babynahrung-folgemilch-ab-dem-10-monat-baby-milchpulver-1-x-800-g\\\/#primaryimage\"},\"thumbnailUrl\":\"https:\\\/\\\/m.media-amazon.com\\\/images\\\/I\\\/41uoXMOAATL._SL500_.jpg\",\"datePublished\":\"2022-01-27T14:52:12+00:00\",\"dateModified\":\"2023-04-08T00:51:26+00:00\",\"description\":\"Markt-XXL Milupa Milumil 3 Babynahrung, Folgemilch ab dem 10. Monat, 800g\",\"breadcrumb\":{\"@id\":\"https:\\\/\\\/marktxxl.de\\\/markt\\\/produkt\\\/milupa-milumil-3-babynahrung-folgemilch-ab-dem-10-monat-baby-milchpulver-1-x-800-g\\\/#breadcrumb\"},\"inLanguage\":\"de\",\"potentialAction\":[{\"@type\":\"ReadAction\",\"target\":[\"https:\\\/\\\/marktxxl.de\\\/markt\\\/produkt\\\/milupa-milumil-3-babynahrung-folgemilch-ab-dem-10-monat-baby-milchpulver-1-x-800-g\\\/\"]}]},{\"@type\":\"ImageObject\",\"inLanguage\":\"de\",\"@id\":\"https:\\\/\\\/marktxxl.de\\\/markt\\\/produkt\\\/milupa-milumil-3-babynahrung-folgemilch-ab-dem-10-monat-baby-milchpulver-1-x-800-g\\\/#primaryimage\",\"url\":\"https:\\\/\\\/m.media-amazon.com\\\/images\\\/I\\\/41uoXMOAATL._SL500_.jpg\",\"contentUrl\":\"https:\\\/\\\/m.media-amazon.com\\\/images\\\/I\\\/41uoXMOAATL._SL500_.jpg\",\"width\":306,\"height\":500},{\"@type\":\"BreadcrumbList\",\"@id\":\"https:\\\/\\\/marktxxl.de\\\/markt\\\/produkt\\\/milupa-milumil-3-babynahrung-folgemilch-ab-dem-10-monat-baby-milchpulver-1-x-800-g\\\/#breadcrumb\",\"itemListElement\":[{\"@type\":\"ListItem\",\"position\":1,\"name\":\"Startseite\",\"item\":\"https:\\\/\\\/marktxxl.de\\\/markt\\\/\"},{\"@type\":\"ListItem\",\"position\":2,\"name\":\"Markt\",\"item\":\"https:\\\/\\\/marktxxl.de\\\/markt\\\/\"},{\"@type\":\"ListItem\",\"position\":3,\"name\":\"Milupa Milumil 3 Babynahrung, Folgemilch ab dem 10. Monat, 800g\"}]},{\"@type\":\"WebSite\",\"@id\":\"https:\\\/\\\/marktxxl.de\\\/markt\\\/#website\",\"url\":\"https:\\\/\\\/marktxxl.de\\\/markt\\\/\",\"name\":\"Markt-XXL\",\"description\":\"Ihr Markt Online\",\"publisher\":{\"@id\":\"https:\\\/\\\/marktxxl.de\\\/markt\\\/#organization\"},\"potentialAction\":[{\"@type\":\"SearchAction\",\"target\":{\"@type\":\"EntryPoint\",\"urlTemplate\":\"https:\\\/\\\/marktxxl.de\\\/markt\\\/?s={search_term_string}\"},\"query-input\":{\"@type\":\"PropertyValueSpecification\",\"valueRequired\":true,\"valueName\":\"search_term_string\"}}],\"inLanguage\":\"de\"},{\"@type\":\"Organization\",\"@id\":\"https:\\\/\\\/marktxxl.de\\\/markt\\\/#organization\",\"name\":\"Markt-XXL\",\"url\":\"https:\\\/\\\/marktxxl.de\\\/markt\\\/\",\"logo\":{\"@type\":\"ImageObject\",\"inLanguage\":\"de\",\"@id\":\"https:\\\/\\\/marktxxl.de\\\/markt\\\/#\\\/schema\\\/logo\\\/image\\\/\",\"url\":\"https:\\\/\\\/marktxxl.de\\\/markt\\\/wp-content\\\/uploads\\\/sites\\\/3\\\/2020\\\/12\\\/logo.png\",\"contentUrl\":\"https:\\\/\\\/marktxxl.de\\\/markt\\\/wp-content\\\/uploads\\\/sites\\\/3\\\/2020\\\/12\\\/logo.png\",\"width\":200,\"height\":70,\"caption\":\"Markt-XXL\"},\"image\":{\"@id\":\"https:\\\/\\\/marktxxl.de\\\/markt\\\/#\\\/schema\\\/logo\\\/image\\\/\"}}]}<\/script>\n<!-- \/ Yoast SEO plugin. -->","yoast_head_json":{"title":"Milupa Milumil 3 Babynahrung, Folgemilch ab dem 10. Monat, 800g - Markt-XXL","description":"Markt-XXL Milupa Milumil 3 Babynahrung, Folgemilch ab dem 10. Monat, 800g","robots":{"index":"index","follow":"follow","max-snippet":"max-snippet:-1","max-image-preview":"max-image-preview:large","max-video-preview":"max-video-preview:-1"},"canonical":"https:\/\/marktxxl.de\/markt\/produkt\/milupa-milumil-3-babynahrung-folgemilch-ab-dem-10-monat-baby-milchpulver-1-x-800-g\/","og_locale":"de_DE","og_type":"article","og_title":"Milupa Milumil 3 Babynahrung, Folgemilch ab dem 10. Monat, 800g - Markt-XXL","og_description":"Markt-XXL Milupa Milumil 3 Babynahrung, Folgemilch ab dem 10. Monat, 800g","og_url":"https:\/\/marktxxl.de\/markt\/produkt\/milupa-milumil-3-babynahrung-folgemilch-ab-dem-10-monat-baby-milchpulver-1-x-800-g\/","og_site_name":"Markt-XXL","article_modified_time":"2023-04-08T00:51:26+00:00","og_image":[{"width":306,"height":500,"url":"https:\/\/m.media-amazon.com\/images\/I\/41uoXMOAATL._SL500_.jpg","type":"image\/jpeg"}],"twitter_card":"summary_large_image","schema":{"@context":"https:\/\/schema.org","@graph":[{"@type":"WebPage","@id":"https:\/\/marktxxl.de\/markt\/produkt\/milupa-milumil-3-babynahrung-folgemilch-ab-dem-10-monat-baby-milchpulver-1-x-800-g\/","url":"https:\/\/marktxxl.de\/markt\/produkt\/milupa-milumil-3-babynahrung-folgemilch-ab-dem-10-monat-baby-milchpulver-1-x-800-g\/","name":"Milupa Milumil 3 Babynahrung, Folgemilch ab dem 10. Monat, 800g - Markt-XXL","isPartOf":{"@id":"https:\/\/marktxxl.de\/markt\/#website"},"primaryImageOfPage":{"@id":"https:\/\/marktxxl.de\/markt\/produkt\/milupa-milumil-3-babynahrung-folgemilch-ab-dem-10-monat-baby-milchpulver-1-x-800-g\/#primaryimage"},"image":{"@id":"https:\/\/marktxxl.de\/markt\/produkt\/milupa-milumil-3-babynahrung-folgemilch-ab-dem-10-monat-baby-milchpulver-1-x-800-g\/#primaryimage"},"thumbnailUrl":"https:\/\/m.media-amazon.com\/images\/I\/41uoXMOAATL._SL500_.jpg","datePublished":"2022-01-27T14:52:12+00:00","dateModified":"2023-04-08T00:51:26+00:00","description":"Markt-XXL Milupa Milumil 3 Babynahrung, Folgemilch ab dem 10. Monat, 800g","breadcrumb":{"@id":"https:\/\/marktxxl.de\/markt\/produkt\/milupa-milumil-3-babynahrung-folgemilch-ab-dem-10-monat-baby-milchpulver-1-x-800-g\/#breadcrumb"},"inLanguage":"de","potentialAction":[{"@type":"ReadAction","target":["https:\/\/marktxxl.de\/markt\/produkt\/milupa-milumil-3-babynahrung-folgemilch-ab-dem-10-monat-baby-milchpulver-1-x-800-g\/"]}]},{"@type":"ImageObject","inLanguage":"de","@id":"https:\/\/marktxxl.de\/markt\/produkt\/milupa-milumil-3-babynahrung-folgemilch-ab-dem-10-monat-baby-milchpulver-1-x-800-g\/#primaryimage","url":"https:\/\/m.media-amazon.com\/images\/I\/41uoXMOAATL._SL500_.jpg","contentUrl":"https:\/\/m.media-amazon.com\/images\/I\/41uoXMOAATL._SL500_.jpg","width":306,"height":500},{"@type":"BreadcrumbList","@id":"https:\/\/marktxxl.de\/markt\/produkt\/milupa-milumil-3-babynahrung-folgemilch-ab-dem-10-monat-baby-milchpulver-1-x-800-g\/#breadcrumb","itemListElement":[{"@type":"ListItem","position":1,"name":"Startseite","item":"https:\/\/marktxxl.de\/markt\/"},{"@type":"ListItem","position":2,"name":"Markt","item":"https:\/\/marktxxl.de\/markt\/"},{"@type":"ListItem","position":3,"name":"Milupa Milumil 3 Babynahrung, Folgemilch ab dem 10. Monat, 800g"}]},{"@type":"WebSite","@id":"https:\/\/marktxxl.de\/markt\/#website","url":"https:\/\/marktxxl.de\/markt\/","name":"Markt-XXL","description":"Ihr Markt Online","publisher":{"@id":"https:\/\/marktxxl.de\/markt\/#organization"},"potentialAction":[{"@type":"SearchAction","target":{"@type":"EntryPoint","urlTemplate":"https:\/\/marktxxl.de\/markt\/?s={search_term_string}"},"query-input":{"@type":"PropertyValueSpecification","valueRequired":true,"valueName":"search_term_string"}}],"inLanguage":"de"},{"@type":"Organization","@id":"https:\/\/marktxxl.de\/markt\/#organization","name":"Markt-XXL","url":"https:\/\/marktxxl.de\/markt\/","logo":{"@type":"ImageObject","inLanguage":"de","@id":"https:\/\/marktxxl.de\/markt\/#\/schema\/logo\/image\/","url":"https:\/\/marktxxl.de\/markt\/wp-content\/uploads\/sites\/3\/2020\/12\/logo.png","contentUrl":"https:\/\/marktxxl.de\/markt\/wp-content\/uploads\/sites\/3\/2020\/12\/logo.png","width":200,"height":70,"caption":"Markt-XXL"},"image":{"@id":"https:\/\/marktxxl.de\/markt\/#\/schema\/logo\/image\/"}}]}},"_links":{"self":[{"href":"https:\/\/marktxxl.de\/markt\/wp-json\/wp\/v2\/product\/99631","targetHints":{"allow":["GET"]}}],"collection":[{"href":"https:\/\/marktxxl.de\/markt\/wp-json\/wp\/v2\/product"}],"about":[{"href":"https:\/\/marktxxl.de\/markt\/wp-json\/wp\/v2\/types\/product"}],"replies":[{"embeddable":true,"href":"https:\/\/marktxxl.de\/markt\/wp-json\/wp\/v2\/comments?post=99631"}],"wp:featuredmedia":[{"embeddable":true,"href":"https:\/\/marktxxl.de\/markt\/wp-json\/wp\/v2\/media\/99632"}],"wp:attachment":[{"href":"https:\/\/marktxxl.de\/markt\/wp-json\/wp\/v2\/media?parent=99631"}],"wp:term":[{"taxonomy":"product_brand","embeddable":true,"href":"https:\/\/marktxxl.de\/markt\/wp-json\/wp\/v2\/product_brand?post=99631"},{"taxonomy":"product_cat","embeddable":true,"href":"https:\/\/marktxxl.de\/markt\/wp-json\/wp\/v2\/product_cat?post=99631"},{"taxonomy":"product_tag","embeddable":true,"href":"https:\/\/marktxxl.de\/markt\/wp-json\/wp\/v2\/product_tag?post=99631"}],"curies":[{"name":"wp","href":"https:\/\/api.w.org\/{rel}","templated":true}]}}