{"id":99618,"date":"2022-01-27T15:51:55","date_gmt":"2022-01-27T14:51:55","guid":{"rendered":"https:\/\/marktxxl.de\/markt\/produkt\/alcina-fuer-empfindliche-haut-s-soft-peeling-50-g\/"},"modified":"2023-04-08T02:51:25","modified_gmt":"2023-04-08T00:51:25","slug":"alcina-fuer-empfindliche-haut-s-soft-peeling-50-g","status":"publish","type":"product","link":"https:\/\/marktxxl.de\/markt\/produkt\/alcina-fuer-empfindliche-haut-s-soft-peeling-50-g\/","title":{"rendered":"Alcina S Soft Peeling 50 g"},"content":{"rendered":"<p>Dieses einzigartig entwickelte Soft Peeling von Alcina peelt Ihre Haut sanft &#8211; ganz ohne Schleifpartikel. Das Gesichtspeeling arbeitet als hochwirksamer Schaum auf enzymatischer Basis. Durch das Hautpeeling wird die Gesichtshaut sp\u00fcrbar verbessert, so bietet das Soft Peeling auch die ideale Hautpflege bei Couperose und Hautunreinheiten. Eine haselnussgro\u00dfe Menge entnehmen und mit Wasser aufsch\u00e4umen. 2 bis 3 Minuten in kreisenden Bewegungen weiter aufsch\u00e4umen. Anschlie\u00dfend mit kaltem Wasser gr\u00fcndlich entfernen.<br \/>\n<div class=\"main-cross-sell\" data-asin=\"B004BBZ9Z0\">\n\n\t<div class=\"WooZone-cross-sell-loader\">\n\t\t<div>\n\t\t\t<div id=\"floatingBarsG\">\n\t\t\t\t<div class=\"blockG\" id=\"rotateG_01\"><\/div>\n\t\t\t\t<div class=\"blockG\" id=\"rotateG_02\"><\/div>\n\t\t\t\t<div class=\"blockG\" id=\"rotateG_03\"><\/div>\n\t\t\t\t<div class=\"blockG\" id=\"rotateG_04\"><\/div>\n\t\t\t\t<div class=\"blockG\" id=\"rotateG_05\"><\/div>\n\t\t\t\t<div class=\"blockG\" id=\"rotateG_06\"><\/div>\n\t\t\t\t<div class=\"blockG\" id=\"rotateG_07\"><\/div>\n\t\t\t\t<div class=\"blockG\" id=\"rotateG_08\"><\/div>\n\t\t\t<\/div>\n\t\t\t<div class=\"WooZone-cross-sell-loader-text\"><\/div>\n\t\t<\/div>\n\t<\/div>\n\n\t\t\n<\/div>\n<div style=\"clear:both;\"><\/div><\/p>\n","protected":false},"excerpt":{"rendered":"<p>Dieses einzigartig entwickelte Soft Peeling von Alcina peelt Ihre Haut sanft &#8211; ganz ohne Schleifpartikel. Das Gesichtspeeling arbeitet als hochwirksamer Schaum auf enzymatischer Basis. Durch das Hautpeeling wird die Gesichtshaut sp\u00fcrbar verbessert, so bietet das Soft Peeling auch die ideale Hautpflege bei Couperose und Hautunreinheiten. Eine haselnussgro\u00dfe Menge entnehmen und mit Wasser aufsch\u00e4umen. 2 bis 3 Minuten in kreisenden Bewegungen weiter aufsch\u00e4umen. Anschlie\u00dfend mit kaltem Wasser gr\u00fcndlich entfernen.<\/p>\n","protected":false},"featured_media":99619,"comment_status":"open","ping_status":"closed","template":"","meta":[],"product_brand":[],"product_cat":[566,6496],"product_tag":[],"class_list":{"0":"post-99618","1":"product","2":"type-product","3":"status-publish","4":"has-post-thumbnail","6":"product_cat-drogerie-koerperpflege","7":"product_cat-wellness","8":"pa_binding-badartikel","9":"pa_brand-alcina","10":"pa_manufacturer-dr-kurt-wolff","11":"pa_size-50-g-1er-pack","12":"pa_weight-0-110231131-pfund","14":"first","15":"instock","16":"shipping-taxable","17":"purchasable","18":"product-type-simple","19":"customify-col","20":"product-has-gallery"},"yoast_head":"<!-- This site is optimized with the Yoast SEO plugin v27.3 - https:\/\/yoast.com\/product\/yoast-seo-wordpress\/ -->\n<title>Alcina S Soft Peeling 50 g - Markt-XXL<\/title>\n<meta name=\"description\" content=\"Markt-XXL Alcina S Soft Peeling 50 g\" \/>\n<meta name=\"robots\" content=\"index, follow, max-snippet:-1, max-image-preview:large, max-video-preview:-1\" \/>\n<link rel=\"canonical\" href=\"https:\/\/marktxxl.de\/markt\/produkt\/alcina-fuer-empfindliche-haut-s-soft-peeling-50-g\/\" \/>\n<meta property=\"og:locale\" content=\"de_DE\" \/>\n<meta property=\"og:type\" content=\"article\" \/>\n<meta property=\"og:title\" content=\"Alcina S Soft Peeling 50 g - Markt-XXL\" \/>\n<meta property=\"og:description\" content=\"Markt-XXL Alcina S Soft Peeling 50 g\" \/>\n<meta property=\"og:url\" content=\"https:\/\/marktxxl.de\/markt\/produkt\/alcina-fuer-empfindliche-haut-s-soft-peeling-50-g\/\" \/>\n<meta property=\"og:site_name\" content=\"Markt-XXL\" \/>\n<meta property=\"article:modified_time\" content=\"2023-04-08T00:51:25+00:00\" \/>\n<meta property=\"og:image\" content=\"https:\/\/m.media-amazon.com\/images\/I\/21D+klaRw4L._SL500_.jpg\" \/>\n\t<meta property=\"og:image:width\" content=\"340\" \/>\n\t<meta property=\"og:image:height\" content=\"340\" \/>\n\t<meta property=\"og:image:type\" content=\"image\/jpeg\" \/>\n<meta name=\"twitter:card\" content=\"summary_large_image\" \/>\n<script type=\"application\/ld+json\" class=\"yoast-schema-graph\">{\"@context\":\"https:\\\/\\\/schema.org\",\"@graph\":[{\"@type\":\"WebPage\",\"@id\":\"https:\\\/\\\/marktxxl.de\\\/markt\\\/produkt\\\/alcina-fuer-empfindliche-haut-s-soft-peeling-50-g\\\/\",\"url\":\"https:\\\/\\\/marktxxl.de\\\/markt\\\/produkt\\\/alcina-fuer-empfindliche-haut-s-soft-peeling-50-g\\\/\",\"name\":\"Alcina S Soft Peeling 50 g - Markt-XXL\",\"isPartOf\":{\"@id\":\"https:\\\/\\\/marktxxl.de\\\/markt\\\/#website\"},\"primaryImageOfPage\":{\"@id\":\"https:\\\/\\\/marktxxl.de\\\/markt\\\/produkt\\\/alcina-fuer-empfindliche-haut-s-soft-peeling-50-g\\\/#primaryimage\"},\"image\":{\"@id\":\"https:\\\/\\\/marktxxl.de\\\/markt\\\/produkt\\\/alcina-fuer-empfindliche-haut-s-soft-peeling-50-g\\\/#primaryimage\"},\"thumbnailUrl\":\"https:\\\/\\\/m.media-amazon.com\\\/images\\\/I\\\/21D+klaRw4L._SL500_.jpg\",\"datePublished\":\"2022-01-27T14:51:55+00:00\",\"dateModified\":\"2023-04-08T00:51:25+00:00\",\"description\":\"Markt-XXL Alcina S Soft Peeling 50 g\",\"breadcrumb\":{\"@id\":\"https:\\\/\\\/marktxxl.de\\\/markt\\\/produkt\\\/alcina-fuer-empfindliche-haut-s-soft-peeling-50-g\\\/#breadcrumb\"},\"inLanguage\":\"de\",\"potentialAction\":[{\"@type\":\"ReadAction\",\"target\":[\"https:\\\/\\\/marktxxl.de\\\/markt\\\/produkt\\\/alcina-fuer-empfindliche-haut-s-soft-peeling-50-g\\\/\"]}]},{\"@type\":\"ImageObject\",\"inLanguage\":\"de\",\"@id\":\"https:\\\/\\\/marktxxl.de\\\/markt\\\/produkt\\\/alcina-fuer-empfindliche-haut-s-soft-peeling-50-g\\\/#primaryimage\",\"url\":\"https:\\\/\\\/m.media-amazon.com\\\/images\\\/I\\\/21D+klaRw4L._SL500_.jpg\",\"contentUrl\":\"https:\\\/\\\/m.media-amazon.com\\\/images\\\/I\\\/21D+klaRw4L._SL500_.jpg\",\"width\":340,\"height\":340},{\"@type\":\"BreadcrumbList\",\"@id\":\"https:\\\/\\\/marktxxl.de\\\/markt\\\/produkt\\\/alcina-fuer-empfindliche-haut-s-soft-peeling-50-g\\\/#breadcrumb\",\"itemListElement\":[{\"@type\":\"ListItem\",\"position\":1,\"name\":\"Startseite\",\"item\":\"https:\\\/\\\/marktxxl.de\\\/markt\\\/\"},{\"@type\":\"ListItem\",\"position\":2,\"name\":\"Markt\",\"item\":\"https:\\\/\\\/marktxxl.de\\\/markt\\\/\"},{\"@type\":\"ListItem\",\"position\":3,\"name\":\"Alcina S Soft Peeling 50 g\"}]},{\"@type\":\"WebSite\",\"@id\":\"https:\\\/\\\/marktxxl.de\\\/markt\\\/#website\",\"url\":\"https:\\\/\\\/marktxxl.de\\\/markt\\\/\",\"name\":\"Markt-XXL\",\"description\":\"Ihr Markt Online\",\"publisher\":{\"@id\":\"https:\\\/\\\/marktxxl.de\\\/markt\\\/#organization\"},\"potentialAction\":[{\"@type\":\"SearchAction\",\"target\":{\"@type\":\"EntryPoint\",\"urlTemplate\":\"https:\\\/\\\/marktxxl.de\\\/markt\\\/?s={search_term_string}\"},\"query-input\":{\"@type\":\"PropertyValueSpecification\",\"valueRequired\":true,\"valueName\":\"search_term_string\"}}],\"inLanguage\":\"de\"},{\"@type\":\"Organization\",\"@id\":\"https:\\\/\\\/marktxxl.de\\\/markt\\\/#organization\",\"name\":\"Markt-XXL\",\"url\":\"https:\\\/\\\/marktxxl.de\\\/markt\\\/\",\"logo\":{\"@type\":\"ImageObject\",\"inLanguage\":\"de\",\"@id\":\"https:\\\/\\\/marktxxl.de\\\/markt\\\/#\\\/schema\\\/logo\\\/image\\\/\",\"url\":\"https:\\\/\\\/marktxxl.de\\\/markt\\\/wp-content\\\/uploads\\\/sites\\\/3\\\/2020\\\/12\\\/logo.png\",\"contentUrl\":\"https:\\\/\\\/marktxxl.de\\\/markt\\\/wp-content\\\/uploads\\\/sites\\\/3\\\/2020\\\/12\\\/logo.png\",\"width\":200,\"height\":70,\"caption\":\"Markt-XXL\"},\"image\":{\"@id\":\"https:\\\/\\\/marktxxl.de\\\/markt\\\/#\\\/schema\\\/logo\\\/image\\\/\"}}]}<\/script>\n<!-- \/ Yoast SEO plugin. -->","yoast_head_json":{"title":"Alcina S Soft Peeling 50 g - Markt-XXL","description":"Markt-XXL Alcina S Soft Peeling 50 g","robots":{"index":"index","follow":"follow","max-snippet":"max-snippet:-1","max-image-preview":"max-image-preview:large","max-video-preview":"max-video-preview:-1"},"canonical":"https:\/\/marktxxl.de\/markt\/produkt\/alcina-fuer-empfindliche-haut-s-soft-peeling-50-g\/","og_locale":"de_DE","og_type":"article","og_title":"Alcina S Soft Peeling 50 g - Markt-XXL","og_description":"Markt-XXL Alcina S Soft Peeling 50 g","og_url":"https:\/\/marktxxl.de\/markt\/produkt\/alcina-fuer-empfindliche-haut-s-soft-peeling-50-g\/","og_site_name":"Markt-XXL","article_modified_time":"2023-04-08T00:51:25+00:00","og_image":[{"width":340,"height":340,"url":"https:\/\/m.media-amazon.com\/images\/I\/21D+klaRw4L._SL500_.jpg","type":"image\/jpeg"}],"twitter_card":"summary_large_image","schema":{"@context":"https:\/\/schema.org","@graph":[{"@type":"WebPage","@id":"https:\/\/marktxxl.de\/markt\/produkt\/alcina-fuer-empfindliche-haut-s-soft-peeling-50-g\/","url":"https:\/\/marktxxl.de\/markt\/produkt\/alcina-fuer-empfindliche-haut-s-soft-peeling-50-g\/","name":"Alcina S Soft Peeling 50 g - Markt-XXL","isPartOf":{"@id":"https:\/\/marktxxl.de\/markt\/#website"},"primaryImageOfPage":{"@id":"https:\/\/marktxxl.de\/markt\/produkt\/alcina-fuer-empfindliche-haut-s-soft-peeling-50-g\/#primaryimage"},"image":{"@id":"https:\/\/marktxxl.de\/markt\/produkt\/alcina-fuer-empfindliche-haut-s-soft-peeling-50-g\/#primaryimage"},"thumbnailUrl":"https:\/\/m.media-amazon.com\/images\/I\/21D+klaRw4L._SL500_.jpg","datePublished":"2022-01-27T14:51:55+00:00","dateModified":"2023-04-08T00:51:25+00:00","description":"Markt-XXL Alcina S Soft Peeling 50 g","breadcrumb":{"@id":"https:\/\/marktxxl.de\/markt\/produkt\/alcina-fuer-empfindliche-haut-s-soft-peeling-50-g\/#breadcrumb"},"inLanguage":"de","potentialAction":[{"@type":"ReadAction","target":["https:\/\/marktxxl.de\/markt\/produkt\/alcina-fuer-empfindliche-haut-s-soft-peeling-50-g\/"]}]},{"@type":"ImageObject","inLanguage":"de","@id":"https:\/\/marktxxl.de\/markt\/produkt\/alcina-fuer-empfindliche-haut-s-soft-peeling-50-g\/#primaryimage","url":"https:\/\/m.media-amazon.com\/images\/I\/21D+klaRw4L._SL500_.jpg","contentUrl":"https:\/\/m.media-amazon.com\/images\/I\/21D+klaRw4L._SL500_.jpg","width":340,"height":340},{"@type":"BreadcrumbList","@id":"https:\/\/marktxxl.de\/markt\/produkt\/alcina-fuer-empfindliche-haut-s-soft-peeling-50-g\/#breadcrumb","itemListElement":[{"@type":"ListItem","position":1,"name":"Startseite","item":"https:\/\/marktxxl.de\/markt\/"},{"@type":"ListItem","position":2,"name":"Markt","item":"https:\/\/marktxxl.de\/markt\/"},{"@type":"ListItem","position":3,"name":"Alcina S Soft Peeling 50 g"}]},{"@type":"WebSite","@id":"https:\/\/marktxxl.de\/markt\/#website","url":"https:\/\/marktxxl.de\/markt\/","name":"Markt-XXL","description":"Ihr Markt Online","publisher":{"@id":"https:\/\/marktxxl.de\/markt\/#organization"},"potentialAction":[{"@type":"SearchAction","target":{"@type":"EntryPoint","urlTemplate":"https:\/\/marktxxl.de\/markt\/?s={search_term_string}"},"query-input":{"@type":"PropertyValueSpecification","valueRequired":true,"valueName":"search_term_string"}}],"inLanguage":"de"},{"@type":"Organization","@id":"https:\/\/marktxxl.de\/markt\/#organization","name":"Markt-XXL","url":"https:\/\/marktxxl.de\/markt\/","logo":{"@type":"ImageObject","inLanguage":"de","@id":"https:\/\/marktxxl.de\/markt\/#\/schema\/logo\/image\/","url":"https:\/\/marktxxl.de\/markt\/wp-content\/uploads\/sites\/3\/2020\/12\/logo.png","contentUrl":"https:\/\/marktxxl.de\/markt\/wp-content\/uploads\/sites\/3\/2020\/12\/logo.png","width":200,"height":70,"caption":"Markt-XXL"},"image":{"@id":"https:\/\/marktxxl.de\/markt\/#\/schema\/logo\/image\/"}}]}},"_links":{"self":[{"href":"https:\/\/marktxxl.de\/markt\/wp-json\/wp\/v2\/product\/99618","targetHints":{"allow":["GET"]}}],"collection":[{"href":"https:\/\/marktxxl.de\/markt\/wp-json\/wp\/v2\/product"}],"about":[{"href":"https:\/\/marktxxl.de\/markt\/wp-json\/wp\/v2\/types\/product"}],"replies":[{"embeddable":true,"href":"https:\/\/marktxxl.de\/markt\/wp-json\/wp\/v2\/comments?post=99618"}],"wp:featuredmedia":[{"embeddable":true,"href":"https:\/\/marktxxl.de\/markt\/wp-json\/wp\/v2\/media\/99619"}],"wp:attachment":[{"href":"https:\/\/marktxxl.de\/markt\/wp-json\/wp\/v2\/media?parent=99618"}],"wp:term":[{"taxonomy":"product_brand","embeddable":true,"href":"https:\/\/marktxxl.de\/markt\/wp-json\/wp\/v2\/product_brand?post=99618"},{"taxonomy":"product_cat","embeddable":true,"href":"https:\/\/marktxxl.de\/markt\/wp-json\/wp\/v2\/product_cat?post=99618"},{"taxonomy":"product_tag","embeddable":true,"href":"https:\/\/marktxxl.de\/markt\/wp-json\/wp\/v2\/product_tag?post=99618"}],"curies":[{"name":"wp","href":"https:\/\/api.w.org\/{rel}","templated":true}]}}