{"id":99510,"date":"2022-01-27T15:45:03","date_gmt":"2022-01-27T14:45:03","guid":{"rendered":"https:\/\/marktxxl.de\/markt\/produkt\/100-ovulationstests-onestep-mit-optimaler-sensitivitaet-20-miu\/"},"modified":"2023-04-08T02:51:22","modified_gmt":"2023-04-08T00:51:22","slug":"100-ovulationstests-onestep-mit-optimaler-sensitivitaet-20-miu","status":"publish","type":"product","link":"https:\/\/marktxxl.de\/markt\/produkt\/100-ovulationstests-onestep-mit-optimaler-sensitivitaet-20-miu\/","title":{"rendered":"One+Step Ovulationstest mit optimaler Sensitivit\u00e4t &#8211; Fruchtbarkeitstest f\u00fcr Frauen &#8211; Ovulationstests f\u00fcr Eisprung &#8211; 100\u2026"},"content":{"rendered":"<p>100 One+Step Aide Ovulationstests mit optimaler Sensitivit\u00e4t &#8211; Ein Markenprodukt aus dem Fachhandel mit hoher Teststreifenbreite f\u00fcr ein eindeutiges und sicheres Ablesen der Testergebnisse.<br \/>\nTests mit einer h\u00f6heren Empfindlichkeit k\u00f6nnen zu falsch positiven Ergebnissen f\u00fchren, da schon die erste Zyklusphase angezeigt wird, in der keine Empf\u00e4ngnis m\u00f6glich ist. Bei einer niedrigeren Empfindlichkeit von \u00fcber 20 miu\/ml kann die Ovulationsphase versp\u00e4tet anzeigt werden und so der Verkehr zu sp\u00e4t erfolgen.<br \/>\nSammeln Sie den Urin in einem sauberen Glas oder einem sterilisierten Plastikgef\u00e4\u00df &#8211; die Verwendung von nicht sterilen Plastikbechern kann durch Ausd\u00fcnstungen zu falschen Resultaten f\u00fchren.<br \/>\nDie Tests unserer Marke One+Step werden bei jeder neuen Charge \u00fcberpr\u00fcft. Daher sind Produktsicherheit und Produktqualit\u00e4t permanent garantiert. Mit einer Messgenauigkeit von \u00fcber 99 Prozent erhalten Sie in nur wenigen Minuten ein verl\u00e4ssliches Ergebnis.<br \/>\nNeutraler Versand zum Schutz Ihrer Privatsph\u00e4re &#8211; kein Au\u00dfenstehender kann den Inhalt Ihres Paketes erkennen.<br \/>\n<div class=\"main-cross-sell\" data-asin=\"B00309QT44\">\n\n\t<div class=\"WooZone-cross-sell-loader\">\n\t\t<div>\n\t\t\t<div id=\"floatingBarsG\">\n\t\t\t\t<div class=\"blockG\" id=\"rotateG_01\"><\/div>\n\t\t\t\t<div class=\"blockG\" id=\"rotateG_02\"><\/div>\n\t\t\t\t<div class=\"blockG\" id=\"rotateG_03\"><\/div>\n\t\t\t\t<div class=\"blockG\" id=\"rotateG_04\"><\/div>\n\t\t\t\t<div class=\"blockG\" id=\"rotateG_05\"><\/div>\n\t\t\t\t<div class=\"blockG\" id=\"rotateG_06\"><\/div>\n\t\t\t\t<div class=\"blockG\" id=\"rotateG_07\"><\/div>\n\t\t\t\t<div class=\"blockG\" id=\"rotateG_08\"><\/div>\n\t\t\t<\/div>\n\t\t\t<div class=\"WooZone-cross-sell-loader-text\"><\/div>\n\t\t<\/div>\n\t<\/div>\n\n\t\t\n<\/div>\n<div style=\"clear:both;\"><\/div><\/p>\n","protected":false},"excerpt":{"rendered":"<p>100 One+Step Aide Ovulationstests mit optimaler Sensitivit\u00e4t &#8211; Ein Markenprodukt aus dem Fachhandel mit hoher Teststreifenbreite f\u00fcr ein eindeutiges und sicheres Ablesen der Testergebnisse.<br \/>\nTests mit einer h\u00f6heren Empfindlichkeit k\u00f6nnen zu falsch positiven Ergebnissen f\u00fchren, da schon die erste Zyklusphase angezeigt wird, in der keine Empf\u00e4ngnis m\u00f6glich ist. Bei einer niedrigeren Empfindlichkeit von \u00fcber 20 miu\/ml kann die Ovulationsphase versp\u00e4tet anzeigt werden und so der Verkehr zu sp\u00e4t erfolgen.<br \/>\nSammeln Sie den Urin in einem sauberen Glas oder einem sterilisierten Plastikgef\u00e4\u00df &#8211; die Verwendung von nicht sterilen Plastikbechern kann durch Ausd\u00fcnstungen zu falschen Resultaten f\u00fchren.<\/p>\n","protected":false},"featured_media":99511,"comment_status":"open","ping_status":"closed","template":"","meta":[],"product_brand":[],"product_cat":[566,6291],"product_tag":[],"class_list":{"0":"post-99510","1":"product","2":"type-product","3":"status-publish","4":"has-post-thumbnail","6":"product_cat-drogerie-koerperpflege","7":"product_cat-schwangerschaft","8":"pa_brand-oneplusstep","9":"pa_height-1-574803148-zoll","10":"pa_languages-unbekannt-englisch","11":"pa_length-10-236220462-zoll","12":"pa_manufacturer-aide-nantongegens","13":"pa_model-3lh","14":"pa_size-100-stueck-1er-pack","15":"pa_weight-0-440924524-pfund","16":"pa_width-7-086614166-zoll","18":"first","19":"instock","20":"shipping-taxable","21":"purchasable","22":"product-type-simple","23":"customify-col","24":"product-has-gallery"},"yoast_head":"<!-- This site is optimized with the Yoast SEO plugin v27.4 - https:\/\/yoast.com\/product\/yoast-seo-wordpress\/ -->\n<title>One+Step Ovulationstest mit optimaler Sensitivit\u00e4t - Fruchtbarkeitstest f\u00fcr Frauen - Ovulationstests f\u00fcr Eisprung - 100\u2026 - Markt-XXL<\/title>\n<meta name=\"description\" content=\"Markt-XXL One+Step Ovulationstest mit optimaler Sensitivit\u00e4t - Fruchtbarkeitstest f\u00fcr Frauen - Ovulationstests f\u00fcr Eisprung - 100\u2026\" \/>\n<meta name=\"robots\" content=\"index, follow, max-snippet:-1, max-image-preview:large, max-video-preview:-1\" \/>\n<link rel=\"canonical\" href=\"https:\/\/marktxxl.de\/markt\/produkt\/100-ovulationstests-onestep-mit-optimaler-sensitivitaet-20-miu\/\" \/>\n<meta property=\"og:locale\" content=\"de_DE\" \/>\n<meta property=\"og:type\" content=\"article\" \/>\n<meta property=\"og:title\" content=\"One+Step Ovulationstest mit optimaler Sensitivit\u00e4t - Fruchtbarkeitstest f\u00fcr Frauen - Ovulationstests f\u00fcr Eisprung - 100\u2026 - Markt-XXL\" \/>\n<meta property=\"og:description\" content=\"Markt-XXL One+Step Ovulationstest mit optimaler Sensitivit\u00e4t - Fruchtbarkeitstest f\u00fcr Frauen - Ovulationstests f\u00fcr Eisprung - 100\u2026\" \/>\n<meta property=\"og:url\" content=\"https:\/\/marktxxl.de\/markt\/produkt\/100-ovulationstests-onestep-mit-optimaler-sensitivitaet-20-miu\/\" \/>\n<meta property=\"og:site_name\" content=\"Markt-XXL\" \/>\n<meta property=\"article:modified_time\" content=\"2023-04-08T00:51:22+00:00\" \/>\n<meta property=\"og:image\" content=\"https:\/\/m.media-amazon.com\/images\/I\/41w-Z-RUUiL._SL500_.jpg\" \/>\n\t<meta property=\"og:image:width\" content=\"500\" \/>\n\t<meta property=\"og:image:height\" content=\"333\" \/>\n\t<meta property=\"og:image:type\" content=\"image\/jpeg\" \/>\n<meta name=\"twitter:card\" content=\"summary_large_image\" \/>\n<meta name=\"twitter:label1\" content=\"Gesch\u00e4tzte Lesezeit\" \/>\n\t<meta name=\"twitter:data1\" content=\"1\u00a0Minute\" \/>\n<script type=\"application\/ld+json\" class=\"yoast-schema-graph\">{\"@context\":\"https:\\\/\\\/schema.org\",\"@graph\":[{\"@type\":\"WebPage\",\"@id\":\"https:\\\/\\\/marktxxl.de\\\/markt\\\/produkt\\\/100-ovulationstests-onestep-mit-optimaler-sensitivitaet-20-miu\\\/\",\"url\":\"https:\\\/\\\/marktxxl.de\\\/markt\\\/produkt\\\/100-ovulationstests-onestep-mit-optimaler-sensitivitaet-20-miu\\\/\",\"name\":\"One+Step Ovulationstest mit optimaler Sensitivit\u00e4t - Fruchtbarkeitstest f\u00fcr Frauen - Ovulationstests f\u00fcr Eisprung - 100\u2026 - Markt-XXL\",\"isPartOf\":{\"@id\":\"https:\\\/\\\/marktxxl.de\\\/markt\\\/#website\"},\"primaryImageOfPage\":{\"@id\":\"https:\\\/\\\/marktxxl.de\\\/markt\\\/produkt\\\/100-ovulationstests-onestep-mit-optimaler-sensitivitaet-20-miu\\\/#primaryimage\"},\"image\":{\"@id\":\"https:\\\/\\\/marktxxl.de\\\/markt\\\/produkt\\\/100-ovulationstests-onestep-mit-optimaler-sensitivitaet-20-miu\\\/#primaryimage\"},\"thumbnailUrl\":\"https:\\\/\\\/m.media-amazon.com\\\/images\\\/I\\\/41w-Z-RUUiL._SL500_.jpg\",\"datePublished\":\"2022-01-27T14:45:03+00:00\",\"dateModified\":\"2023-04-08T00:51:22+00:00\",\"description\":\"Markt-XXL One+Step Ovulationstest mit optimaler Sensitivit\u00e4t - Fruchtbarkeitstest f\u00fcr Frauen - Ovulationstests f\u00fcr Eisprung - 100\u2026\",\"breadcrumb\":{\"@id\":\"https:\\\/\\\/marktxxl.de\\\/markt\\\/produkt\\\/100-ovulationstests-onestep-mit-optimaler-sensitivitaet-20-miu\\\/#breadcrumb\"},\"inLanguage\":\"de\",\"potentialAction\":[{\"@type\":\"ReadAction\",\"target\":[\"https:\\\/\\\/marktxxl.de\\\/markt\\\/produkt\\\/100-ovulationstests-onestep-mit-optimaler-sensitivitaet-20-miu\\\/\"]}]},{\"@type\":\"ImageObject\",\"inLanguage\":\"de\",\"@id\":\"https:\\\/\\\/marktxxl.de\\\/markt\\\/produkt\\\/100-ovulationstests-onestep-mit-optimaler-sensitivitaet-20-miu\\\/#primaryimage\",\"url\":\"https:\\\/\\\/m.media-amazon.com\\\/images\\\/I\\\/41w-Z-RUUiL._SL500_.jpg\",\"contentUrl\":\"https:\\\/\\\/m.media-amazon.com\\\/images\\\/I\\\/41w-Z-RUUiL._SL500_.jpg\",\"width\":500,\"height\":333},{\"@type\":\"BreadcrumbList\",\"@id\":\"https:\\\/\\\/marktxxl.de\\\/markt\\\/produkt\\\/100-ovulationstests-onestep-mit-optimaler-sensitivitaet-20-miu\\\/#breadcrumb\",\"itemListElement\":[{\"@type\":\"ListItem\",\"position\":1,\"name\":\"Startseite\",\"item\":\"https:\\\/\\\/marktxxl.de\\\/markt\\\/\"},{\"@type\":\"ListItem\",\"position\":2,\"name\":\"Markt\",\"item\":\"https:\\\/\\\/marktxxl.de\\\/markt\\\/\"},{\"@type\":\"ListItem\",\"position\":3,\"name\":\"One+Step Ovulationstest mit optimaler Sensitivit\u00e4t &#8211; Fruchtbarkeitstest f\u00fcr Frauen &#8211; Ovulationstests f\u00fcr Eisprung &#8211; 100\u2026\"}]},{\"@type\":\"WebSite\",\"@id\":\"https:\\\/\\\/marktxxl.de\\\/markt\\\/#website\",\"url\":\"https:\\\/\\\/marktxxl.de\\\/markt\\\/\",\"name\":\"Markt-XXL\",\"description\":\"Ihr Markt Online\",\"publisher\":{\"@id\":\"https:\\\/\\\/marktxxl.de\\\/markt\\\/#organization\"},\"potentialAction\":[{\"@type\":\"SearchAction\",\"target\":{\"@type\":\"EntryPoint\",\"urlTemplate\":\"https:\\\/\\\/marktxxl.de\\\/markt\\\/?s={search_term_string}\"},\"query-input\":{\"@type\":\"PropertyValueSpecification\",\"valueRequired\":true,\"valueName\":\"search_term_string\"}}],\"inLanguage\":\"de\"},{\"@type\":\"Organization\",\"@id\":\"https:\\\/\\\/marktxxl.de\\\/markt\\\/#organization\",\"name\":\"Markt-XXL\",\"url\":\"https:\\\/\\\/marktxxl.de\\\/markt\\\/\",\"logo\":{\"@type\":\"ImageObject\",\"inLanguage\":\"de\",\"@id\":\"https:\\\/\\\/marktxxl.de\\\/markt\\\/#\\\/schema\\\/logo\\\/image\\\/\",\"url\":\"https:\\\/\\\/marktxxl.de\\\/markt\\\/wp-content\\\/uploads\\\/sites\\\/3\\\/2020\\\/12\\\/logo.png\",\"contentUrl\":\"https:\\\/\\\/marktxxl.de\\\/markt\\\/wp-content\\\/uploads\\\/sites\\\/3\\\/2020\\\/12\\\/logo.png\",\"width\":200,\"height\":70,\"caption\":\"Markt-XXL\"},\"image\":{\"@id\":\"https:\\\/\\\/marktxxl.de\\\/markt\\\/#\\\/schema\\\/logo\\\/image\\\/\"}}]}<\/script>\n<!-- \/ Yoast SEO plugin. -->","yoast_head_json":{"title":"One+Step Ovulationstest mit optimaler Sensitivit\u00e4t - Fruchtbarkeitstest f\u00fcr Frauen - Ovulationstests f\u00fcr Eisprung - 100\u2026 - Markt-XXL","description":"Markt-XXL One+Step Ovulationstest mit optimaler Sensitivit\u00e4t - Fruchtbarkeitstest f\u00fcr Frauen - Ovulationstests f\u00fcr Eisprung - 100\u2026","robots":{"index":"index","follow":"follow","max-snippet":"max-snippet:-1","max-image-preview":"max-image-preview:large","max-video-preview":"max-video-preview:-1"},"canonical":"https:\/\/marktxxl.de\/markt\/produkt\/100-ovulationstests-onestep-mit-optimaler-sensitivitaet-20-miu\/","og_locale":"de_DE","og_type":"article","og_title":"One+Step Ovulationstest mit optimaler Sensitivit\u00e4t - Fruchtbarkeitstest f\u00fcr Frauen - Ovulationstests f\u00fcr Eisprung - 100\u2026 - Markt-XXL","og_description":"Markt-XXL One+Step Ovulationstest mit optimaler Sensitivit\u00e4t - Fruchtbarkeitstest f\u00fcr Frauen - Ovulationstests f\u00fcr Eisprung - 100\u2026","og_url":"https:\/\/marktxxl.de\/markt\/produkt\/100-ovulationstests-onestep-mit-optimaler-sensitivitaet-20-miu\/","og_site_name":"Markt-XXL","article_modified_time":"2023-04-08T00:51:22+00:00","og_image":[{"width":500,"height":333,"url":"https:\/\/m.media-amazon.com\/images\/I\/41w-Z-RUUiL._SL500_.jpg","type":"image\/jpeg"}],"twitter_card":"summary_large_image","twitter_misc":{"Gesch\u00e4tzte Lesezeit":"1\u00a0Minute"},"schema":{"@context":"https:\/\/schema.org","@graph":[{"@type":"WebPage","@id":"https:\/\/marktxxl.de\/markt\/produkt\/100-ovulationstests-onestep-mit-optimaler-sensitivitaet-20-miu\/","url":"https:\/\/marktxxl.de\/markt\/produkt\/100-ovulationstests-onestep-mit-optimaler-sensitivitaet-20-miu\/","name":"One+Step Ovulationstest mit optimaler Sensitivit\u00e4t - Fruchtbarkeitstest f\u00fcr Frauen - Ovulationstests f\u00fcr Eisprung - 100\u2026 - Markt-XXL","isPartOf":{"@id":"https:\/\/marktxxl.de\/markt\/#website"},"primaryImageOfPage":{"@id":"https:\/\/marktxxl.de\/markt\/produkt\/100-ovulationstests-onestep-mit-optimaler-sensitivitaet-20-miu\/#primaryimage"},"image":{"@id":"https:\/\/marktxxl.de\/markt\/produkt\/100-ovulationstests-onestep-mit-optimaler-sensitivitaet-20-miu\/#primaryimage"},"thumbnailUrl":"https:\/\/m.media-amazon.com\/images\/I\/41w-Z-RUUiL._SL500_.jpg","datePublished":"2022-01-27T14:45:03+00:00","dateModified":"2023-04-08T00:51:22+00:00","description":"Markt-XXL One+Step Ovulationstest mit optimaler Sensitivit\u00e4t - Fruchtbarkeitstest f\u00fcr Frauen - Ovulationstests f\u00fcr Eisprung - 100\u2026","breadcrumb":{"@id":"https:\/\/marktxxl.de\/markt\/produkt\/100-ovulationstests-onestep-mit-optimaler-sensitivitaet-20-miu\/#breadcrumb"},"inLanguage":"de","potentialAction":[{"@type":"ReadAction","target":["https:\/\/marktxxl.de\/markt\/produkt\/100-ovulationstests-onestep-mit-optimaler-sensitivitaet-20-miu\/"]}]},{"@type":"ImageObject","inLanguage":"de","@id":"https:\/\/marktxxl.de\/markt\/produkt\/100-ovulationstests-onestep-mit-optimaler-sensitivitaet-20-miu\/#primaryimage","url":"https:\/\/m.media-amazon.com\/images\/I\/41w-Z-RUUiL._SL500_.jpg","contentUrl":"https:\/\/m.media-amazon.com\/images\/I\/41w-Z-RUUiL._SL500_.jpg","width":500,"height":333},{"@type":"BreadcrumbList","@id":"https:\/\/marktxxl.de\/markt\/produkt\/100-ovulationstests-onestep-mit-optimaler-sensitivitaet-20-miu\/#breadcrumb","itemListElement":[{"@type":"ListItem","position":1,"name":"Startseite","item":"https:\/\/marktxxl.de\/markt\/"},{"@type":"ListItem","position":2,"name":"Markt","item":"https:\/\/marktxxl.de\/markt\/"},{"@type":"ListItem","position":3,"name":"One+Step Ovulationstest mit optimaler Sensitivit\u00e4t &#8211; Fruchtbarkeitstest f\u00fcr Frauen &#8211; Ovulationstests f\u00fcr Eisprung &#8211; 100\u2026"}]},{"@type":"WebSite","@id":"https:\/\/marktxxl.de\/markt\/#website","url":"https:\/\/marktxxl.de\/markt\/","name":"Markt-XXL","description":"Ihr Markt Online","publisher":{"@id":"https:\/\/marktxxl.de\/markt\/#organization"},"potentialAction":[{"@type":"SearchAction","target":{"@type":"EntryPoint","urlTemplate":"https:\/\/marktxxl.de\/markt\/?s={search_term_string}"},"query-input":{"@type":"PropertyValueSpecification","valueRequired":true,"valueName":"search_term_string"}}],"inLanguage":"de"},{"@type":"Organization","@id":"https:\/\/marktxxl.de\/markt\/#organization","name":"Markt-XXL","url":"https:\/\/marktxxl.de\/markt\/","logo":{"@type":"ImageObject","inLanguage":"de","@id":"https:\/\/marktxxl.de\/markt\/#\/schema\/logo\/image\/","url":"https:\/\/marktxxl.de\/markt\/wp-content\/uploads\/sites\/3\/2020\/12\/logo.png","contentUrl":"https:\/\/marktxxl.de\/markt\/wp-content\/uploads\/sites\/3\/2020\/12\/logo.png","width":200,"height":70,"caption":"Markt-XXL"},"image":{"@id":"https:\/\/marktxxl.de\/markt\/#\/schema\/logo\/image\/"}}]}},"_links":{"self":[{"href":"https:\/\/marktxxl.de\/markt\/wp-json\/wp\/v2\/product\/99510","targetHints":{"allow":["GET"]}}],"collection":[{"href":"https:\/\/marktxxl.de\/markt\/wp-json\/wp\/v2\/product"}],"about":[{"href":"https:\/\/marktxxl.de\/markt\/wp-json\/wp\/v2\/types\/product"}],"replies":[{"embeddable":true,"href":"https:\/\/marktxxl.de\/markt\/wp-json\/wp\/v2\/comments?post=99510"}],"wp:featuredmedia":[{"embeddable":true,"href":"https:\/\/marktxxl.de\/markt\/wp-json\/wp\/v2\/media\/99511"}],"wp:attachment":[{"href":"https:\/\/marktxxl.de\/markt\/wp-json\/wp\/v2\/media?parent=99510"}],"wp:term":[{"taxonomy":"product_brand","embeddable":true,"href":"https:\/\/marktxxl.de\/markt\/wp-json\/wp\/v2\/product_brand?post=99510"},{"taxonomy":"product_cat","embeddable":true,"href":"https:\/\/marktxxl.de\/markt\/wp-json\/wp\/v2\/product_cat?post=99510"},{"taxonomy":"product_tag","embeddable":true,"href":"https:\/\/marktxxl.de\/markt\/wp-json\/wp\/v2\/product_tag?post=99510"}],"curies":[{"name":"wp","href":"https:\/\/api.w.org\/{rel}","templated":true}]}}