{"id":99382,"date":"2022-01-27T15:39:18","date_gmt":"2022-01-27T14:39:18","guid":{"rendered":"https:\/\/marktxxl.de\/markt\/produkt\/invisalign-aligner-und-retainer-case-lindgruen\/"},"modified":"2023-04-08T02:51:19","modified_gmt":"2023-04-08T00:51:19","slug":"invisalign-aligner-und-retainer-case-lindgruen","status":"publish","type":"product","link":"https:\/\/marktxxl.de\/markt\/produkt\/invisalign-aligner-und-retainer-case-lindgruen\/","title":{"rendered":"Invisalign\u00ae Aligner und Retainer Case, Lindgr\u00fcn"},"content":{"rendered":"<p>Das schlanke, moderne Geh\u00e4use sch\u00fctzt Ihre Invisalign Aligner und Retainer zu Hause und unterwegs. Ein Magnetverschluss sorgt daf\u00fcr, dass das Geh\u00e4use sicher befestigt ist. Das strukturierte Innere minimiert das Verrutschen und Bewegen im Inneren.<br \/>\nInklusive schwarzer Satin-Tasche zum Tragen von Utensilien.<br \/>\nWeitere Eigenschaften sind: Bel\u00fcftung hinter dem Scharnier.<br \/>\nAbmessungen 9.53 x 9.53 x 1.91 cm.<br \/>\nAligner nicht enthalten.<br \/>\n<div class=\"main-cross-sell\" data-asin=\"B07ZL6DCWS\">\n\n\t<div class=\"WooZone-cross-sell-loader\">\n\t\t<div>\n\t\t\t<div id=\"floatingBarsG\">\n\t\t\t\t<div class=\"blockG\" id=\"rotateG_01\"><\/div>\n\t\t\t\t<div class=\"blockG\" id=\"rotateG_02\"><\/div>\n\t\t\t\t<div class=\"blockG\" id=\"rotateG_03\"><\/div>\n\t\t\t\t<div class=\"blockG\" id=\"rotateG_04\"><\/div>\n\t\t\t\t<div class=\"blockG\" id=\"rotateG_05\"><\/div>\n\t\t\t\t<div class=\"blockG\" id=\"rotateG_06\"><\/div>\n\t\t\t\t<div class=\"blockG\" id=\"rotateG_07\"><\/div>\n\t\t\t\t<div class=\"blockG\" id=\"rotateG_08\"><\/div>\n\t\t\t<\/div>\n\t\t\t<div class=\"WooZone-cross-sell-loader-text\"><\/div>\n\t\t<\/div>\n\t<\/div>\n\n\t\t\n<\/div>\n<div style=\"clear:both;\"><\/div><\/p>\n","protected":false},"excerpt":{"rendered":"<p>Das schlanke, moderne Geh\u00e4use sch\u00fctzt Ihre Invisalign Aligner und Retainer zu Hause und unterwegs. Ein Magnetverschluss sorgt daf\u00fcr, dass das Geh\u00e4use sicher befestigt ist. Das strukturierte Innere minimiert das Verrutschen und Bewegen im Inneren.<br \/>\nInklusive schwarzer Satin-Tasche zum Tragen von Utensilien.<br \/>\nWeitere Eigenschaften sind: Bel\u00fcftung hinter dem Scharnier.<\/p>\n","protected":false},"featured_media":99383,"comment_status":"open","ping_status":"closed","template":"","meta":[],"product_brand":[],"product_cat":[566,5981],"product_tag":[],"class_list":{"0":"post-99382","1":"product","2":"type-product","3":"status-publish","4":"has-post-thumbnail","6":"product_cat-drogerie-koerperpflege","7":"product_cat-mund-zahnpflege","8":"pa_binding-misc","9":"pa_brand-invisalign","10":"pa_height-0-8661417314-zoll","11":"pa_length-3-4251968469-zoll","12":"pa_manufacturer-align-technology","13":"pa_width-3-4251968469-zoll","15":"first","16":"instock","17":"shipping-taxable","18":"purchasable","19":"product-type-simple","20":"customify-col","21":"product-has-gallery"},"yoast_head":"<!-- This site is optimized with the Yoast SEO plugin v27.3 - https:\/\/yoast.com\/product\/yoast-seo-wordpress\/ -->\n<title>Invisalign\u00ae Aligner und Retainer Case, Lindgr\u00fcn - Markt-XXL<\/title>\n<meta name=\"description\" content=\"Markt-XXL Invisalign\u00ae Aligner und Retainer Case, Lindgr\u00fcn\" \/>\n<meta name=\"robots\" content=\"index, follow, max-snippet:-1, max-image-preview:large, max-video-preview:-1\" \/>\n<link rel=\"canonical\" href=\"https:\/\/marktxxl.de\/markt\/produkt\/invisalign-aligner-und-retainer-case-lindgruen\/\" \/>\n<meta property=\"og:locale\" content=\"de_DE\" \/>\n<meta property=\"og:type\" content=\"article\" \/>\n<meta property=\"og:title\" content=\"Invisalign\u00ae Aligner und Retainer Case, Lindgr\u00fcn - Markt-XXL\" \/>\n<meta property=\"og:description\" content=\"Markt-XXL Invisalign\u00ae Aligner und Retainer Case, Lindgr\u00fcn\" \/>\n<meta property=\"og:url\" content=\"https:\/\/marktxxl.de\/markt\/produkt\/invisalign-aligner-und-retainer-case-lindgruen\/\" \/>\n<meta property=\"og:site_name\" content=\"Markt-XXL\" \/>\n<meta property=\"article:modified_time\" content=\"2023-04-08T00:51:19+00:00\" \/>\n<meta property=\"og:image\" content=\"https:\/\/m.media-amazon.com\/images\/I\/315QMVLrJuL._SL500_.jpg\" \/>\n\t<meta property=\"og:image:width\" content=\"500\" \/>\n\t<meta property=\"og:image:height\" content=\"500\" \/>\n\t<meta property=\"og:image:type\" content=\"image\/jpeg\" \/>\n<meta name=\"twitter:card\" content=\"summary_large_image\" \/>\n<script type=\"application\/ld+json\" class=\"yoast-schema-graph\">{\"@context\":\"https:\\\/\\\/schema.org\",\"@graph\":[{\"@type\":\"WebPage\",\"@id\":\"https:\\\/\\\/marktxxl.de\\\/markt\\\/produkt\\\/invisalign-aligner-und-retainer-case-lindgruen\\\/\",\"url\":\"https:\\\/\\\/marktxxl.de\\\/markt\\\/produkt\\\/invisalign-aligner-und-retainer-case-lindgruen\\\/\",\"name\":\"Invisalign\u00ae Aligner und Retainer Case, Lindgr\u00fcn - Markt-XXL\",\"isPartOf\":{\"@id\":\"https:\\\/\\\/marktxxl.de\\\/markt\\\/#website\"},\"primaryImageOfPage\":{\"@id\":\"https:\\\/\\\/marktxxl.de\\\/markt\\\/produkt\\\/invisalign-aligner-und-retainer-case-lindgruen\\\/#primaryimage\"},\"image\":{\"@id\":\"https:\\\/\\\/marktxxl.de\\\/markt\\\/produkt\\\/invisalign-aligner-und-retainer-case-lindgruen\\\/#primaryimage\"},\"thumbnailUrl\":\"https:\\\/\\\/m.media-amazon.com\\\/images\\\/I\\\/315QMVLrJuL._SL500_.jpg\",\"datePublished\":\"2022-01-27T14:39:18+00:00\",\"dateModified\":\"2023-04-08T00:51:19+00:00\",\"description\":\"Markt-XXL Invisalign\u00ae Aligner und Retainer Case, Lindgr\u00fcn\",\"breadcrumb\":{\"@id\":\"https:\\\/\\\/marktxxl.de\\\/markt\\\/produkt\\\/invisalign-aligner-und-retainer-case-lindgruen\\\/#breadcrumb\"},\"inLanguage\":\"de\",\"potentialAction\":[{\"@type\":\"ReadAction\",\"target\":[\"https:\\\/\\\/marktxxl.de\\\/markt\\\/produkt\\\/invisalign-aligner-und-retainer-case-lindgruen\\\/\"]}]},{\"@type\":\"ImageObject\",\"inLanguage\":\"de\",\"@id\":\"https:\\\/\\\/marktxxl.de\\\/markt\\\/produkt\\\/invisalign-aligner-und-retainer-case-lindgruen\\\/#primaryimage\",\"url\":\"https:\\\/\\\/m.media-amazon.com\\\/images\\\/I\\\/315QMVLrJuL._SL500_.jpg\",\"contentUrl\":\"https:\\\/\\\/m.media-amazon.com\\\/images\\\/I\\\/315QMVLrJuL._SL500_.jpg\",\"width\":500,\"height\":500},{\"@type\":\"BreadcrumbList\",\"@id\":\"https:\\\/\\\/marktxxl.de\\\/markt\\\/produkt\\\/invisalign-aligner-und-retainer-case-lindgruen\\\/#breadcrumb\",\"itemListElement\":[{\"@type\":\"ListItem\",\"position\":1,\"name\":\"Startseite\",\"item\":\"https:\\\/\\\/marktxxl.de\\\/markt\\\/\"},{\"@type\":\"ListItem\",\"position\":2,\"name\":\"Markt\",\"item\":\"https:\\\/\\\/marktxxl.de\\\/markt\\\/\"},{\"@type\":\"ListItem\",\"position\":3,\"name\":\"Invisalign\u00ae Aligner und Retainer Case, Lindgr\u00fcn\"}]},{\"@type\":\"WebSite\",\"@id\":\"https:\\\/\\\/marktxxl.de\\\/markt\\\/#website\",\"url\":\"https:\\\/\\\/marktxxl.de\\\/markt\\\/\",\"name\":\"Markt-XXL\",\"description\":\"Ihr Markt Online\",\"publisher\":{\"@id\":\"https:\\\/\\\/marktxxl.de\\\/markt\\\/#organization\"},\"potentialAction\":[{\"@type\":\"SearchAction\",\"target\":{\"@type\":\"EntryPoint\",\"urlTemplate\":\"https:\\\/\\\/marktxxl.de\\\/markt\\\/?s={search_term_string}\"},\"query-input\":{\"@type\":\"PropertyValueSpecification\",\"valueRequired\":true,\"valueName\":\"search_term_string\"}}],\"inLanguage\":\"de\"},{\"@type\":\"Organization\",\"@id\":\"https:\\\/\\\/marktxxl.de\\\/markt\\\/#organization\",\"name\":\"Markt-XXL\",\"url\":\"https:\\\/\\\/marktxxl.de\\\/markt\\\/\",\"logo\":{\"@type\":\"ImageObject\",\"inLanguage\":\"de\",\"@id\":\"https:\\\/\\\/marktxxl.de\\\/markt\\\/#\\\/schema\\\/logo\\\/image\\\/\",\"url\":\"https:\\\/\\\/marktxxl.de\\\/markt\\\/wp-content\\\/uploads\\\/sites\\\/3\\\/2020\\\/12\\\/logo.png\",\"contentUrl\":\"https:\\\/\\\/marktxxl.de\\\/markt\\\/wp-content\\\/uploads\\\/sites\\\/3\\\/2020\\\/12\\\/logo.png\",\"width\":200,\"height\":70,\"caption\":\"Markt-XXL\"},\"image\":{\"@id\":\"https:\\\/\\\/marktxxl.de\\\/markt\\\/#\\\/schema\\\/logo\\\/image\\\/\"}}]}<\/script>\n<!-- \/ Yoast SEO plugin. -->","yoast_head_json":{"title":"Invisalign\u00ae Aligner und Retainer Case, Lindgr\u00fcn - Markt-XXL","description":"Markt-XXL Invisalign\u00ae Aligner und Retainer Case, Lindgr\u00fcn","robots":{"index":"index","follow":"follow","max-snippet":"max-snippet:-1","max-image-preview":"max-image-preview:large","max-video-preview":"max-video-preview:-1"},"canonical":"https:\/\/marktxxl.de\/markt\/produkt\/invisalign-aligner-und-retainer-case-lindgruen\/","og_locale":"de_DE","og_type":"article","og_title":"Invisalign\u00ae Aligner und Retainer Case, Lindgr\u00fcn - Markt-XXL","og_description":"Markt-XXL Invisalign\u00ae Aligner und Retainer Case, Lindgr\u00fcn","og_url":"https:\/\/marktxxl.de\/markt\/produkt\/invisalign-aligner-und-retainer-case-lindgruen\/","og_site_name":"Markt-XXL","article_modified_time":"2023-04-08T00:51:19+00:00","og_image":[{"width":500,"height":500,"url":"https:\/\/m.media-amazon.com\/images\/I\/315QMVLrJuL._SL500_.jpg","type":"image\/jpeg"}],"twitter_card":"summary_large_image","schema":{"@context":"https:\/\/schema.org","@graph":[{"@type":"WebPage","@id":"https:\/\/marktxxl.de\/markt\/produkt\/invisalign-aligner-und-retainer-case-lindgruen\/","url":"https:\/\/marktxxl.de\/markt\/produkt\/invisalign-aligner-und-retainer-case-lindgruen\/","name":"Invisalign\u00ae Aligner und Retainer Case, Lindgr\u00fcn - Markt-XXL","isPartOf":{"@id":"https:\/\/marktxxl.de\/markt\/#website"},"primaryImageOfPage":{"@id":"https:\/\/marktxxl.de\/markt\/produkt\/invisalign-aligner-und-retainer-case-lindgruen\/#primaryimage"},"image":{"@id":"https:\/\/marktxxl.de\/markt\/produkt\/invisalign-aligner-und-retainer-case-lindgruen\/#primaryimage"},"thumbnailUrl":"https:\/\/m.media-amazon.com\/images\/I\/315QMVLrJuL._SL500_.jpg","datePublished":"2022-01-27T14:39:18+00:00","dateModified":"2023-04-08T00:51:19+00:00","description":"Markt-XXL Invisalign\u00ae Aligner und Retainer Case, Lindgr\u00fcn","breadcrumb":{"@id":"https:\/\/marktxxl.de\/markt\/produkt\/invisalign-aligner-und-retainer-case-lindgruen\/#breadcrumb"},"inLanguage":"de","potentialAction":[{"@type":"ReadAction","target":["https:\/\/marktxxl.de\/markt\/produkt\/invisalign-aligner-und-retainer-case-lindgruen\/"]}]},{"@type":"ImageObject","inLanguage":"de","@id":"https:\/\/marktxxl.de\/markt\/produkt\/invisalign-aligner-und-retainer-case-lindgruen\/#primaryimage","url":"https:\/\/m.media-amazon.com\/images\/I\/315QMVLrJuL._SL500_.jpg","contentUrl":"https:\/\/m.media-amazon.com\/images\/I\/315QMVLrJuL._SL500_.jpg","width":500,"height":500},{"@type":"BreadcrumbList","@id":"https:\/\/marktxxl.de\/markt\/produkt\/invisalign-aligner-und-retainer-case-lindgruen\/#breadcrumb","itemListElement":[{"@type":"ListItem","position":1,"name":"Startseite","item":"https:\/\/marktxxl.de\/markt\/"},{"@type":"ListItem","position":2,"name":"Markt","item":"https:\/\/marktxxl.de\/markt\/"},{"@type":"ListItem","position":3,"name":"Invisalign\u00ae Aligner und Retainer Case, Lindgr\u00fcn"}]},{"@type":"WebSite","@id":"https:\/\/marktxxl.de\/markt\/#website","url":"https:\/\/marktxxl.de\/markt\/","name":"Markt-XXL","description":"Ihr Markt Online","publisher":{"@id":"https:\/\/marktxxl.de\/markt\/#organization"},"potentialAction":[{"@type":"SearchAction","target":{"@type":"EntryPoint","urlTemplate":"https:\/\/marktxxl.de\/markt\/?s={search_term_string}"},"query-input":{"@type":"PropertyValueSpecification","valueRequired":true,"valueName":"search_term_string"}}],"inLanguage":"de"},{"@type":"Organization","@id":"https:\/\/marktxxl.de\/markt\/#organization","name":"Markt-XXL","url":"https:\/\/marktxxl.de\/markt\/","logo":{"@type":"ImageObject","inLanguage":"de","@id":"https:\/\/marktxxl.de\/markt\/#\/schema\/logo\/image\/","url":"https:\/\/marktxxl.de\/markt\/wp-content\/uploads\/sites\/3\/2020\/12\/logo.png","contentUrl":"https:\/\/marktxxl.de\/markt\/wp-content\/uploads\/sites\/3\/2020\/12\/logo.png","width":200,"height":70,"caption":"Markt-XXL"},"image":{"@id":"https:\/\/marktxxl.de\/markt\/#\/schema\/logo\/image\/"}}]}},"_links":{"self":[{"href":"https:\/\/marktxxl.de\/markt\/wp-json\/wp\/v2\/product\/99382","targetHints":{"allow":["GET"]}}],"collection":[{"href":"https:\/\/marktxxl.de\/markt\/wp-json\/wp\/v2\/product"}],"about":[{"href":"https:\/\/marktxxl.de\/markt\/wp-json\/wp\/v2\/types\/product"}],"replies":[{"embeddable":true,"href":"https:\/\/marktxxl.de\/markt\/wp-json\/wp\/v2\/comments?post=99382"}],"wp:featuredmedia":[{"embeddable":true,"href":"https:\/\/marktxxl.de\/markt\/wp-json\/wp\/v2\/media\/99383"}],"wp:attachment":[{"href":"https:\/\/marktxxl.de\/markt\/wp-json\/wp\/v2\/media?parent=99382"}],"wp:term":[{"taxonomy":"product_brand","embeddable":true,"href":"https:\/\/marktxxl.de\/markt\/wp-json\/wp\/v2\/product_brand?post=99382"},{"taxonomy":"product_cat","embeddable":true,"href":"https:\/\/marktxxl.de\/markt\/wp-json\/wp\/v2\/product_cat?post=99382"},{"taxonomy":"product_tag","embeddable":true,"href":"https:\/\/marktxxl.de\/markt\/wp-json\/wp\/v2\/product_tag?post=99382"}],"curies":[{"name":"wp","href":"https:\/\/api.w.org\/{rel}","templated":true}]}}