{"id":99303,"date":"2022-01-27T15:33:59","date_gmt":"2022-01-27T14:33:59","guid":{"rendered":"https:\/\/marktxxl.de\/markt\/produkt\/always-ready-unisex-bandage-zur-stuetzung-der-leiste-huefte-vorderen-und-hinteren-oberschenkelmuskel-mit-kaelte-und-waermetherapie-zur-schmerzlinderung-bei-schmerzen-im-ischiasnerv\/"},"modified":"2023-04-08T02:51:18","modified_gmt":"2023-04-08T00:51:18","slug":"always-ready-unisex-bandage-zur-stuetzung-der-leiste-huefte-vorderen-und-hinteren-oberschenkelmuskel-mit-kaelte-und-waermetherapie-zur-schmerzlinderung-bei-schmerzen-im-ischiasnerv","status":"publish","type":"product","link":"https:\/\/marktxxl.de\/markt\/produkt\/always-ready-unisex-bandage-zur-stuetzung-der-leiste-huefte-vorderen-und-hinteren-oberschenkelmuskel-mit-kaelte-und-waermetherapie-zur-schmerzlinderung-bei-schmerzen-im-ischiasnerv\/","title":{"rendered":"Always Ready Oberschenkelbandage zur St\u00fctzung der Leiste, H\u00fcfte, Vorderen und Hinteren Oberschenkelmuskel, H\u00fcftst\u00fctze\u2026"},"content":{"rendered":"<p>ERSTKLASSIGE UNTERST\u00dcTZUNG &amp; KOMPRESSION: Ideal f\u00fcr die Rehabilitation und einen aktiven Lebensstil. Die hochwertige Bandage wurde entworfen, um bei Verletzungen der Leiste, H\u00fcfte sowie der vorderen und hinteren Oberschenkelmuskulatur zu helfen und Schmerzen im Ischiasnerv zu lindern. Das einzigartige Design mit verstellbaren Riemen sorgt f\u00fcr die gew\u00fcnschte Passform, ein bequemes Tragegef\u00fchl und anpassbare Kompressionsstufen zur Unterst\u00fctzung einer schnelleren Genesung.<br \/>\nGR\u00d6SSEN XX-S &amp; M-XXL: Woher wei\u00df ich, welche Gr\u00f6\u00dfe die richtige f\u00fcr mich ist? Sehen Sie sich einfach das zweite Foto an und kaufen Sie die passende Gr\u00f6\u00dfe anhand Ihrer Taillengr\u00f6\u00dfe bzw. Bundweite. F\u00fcr Frauen: UK-Taillengr\u00f6\u00dfe 0-8 (XX-S) &amp; UK-Taillengr\u00f6\u00dfe 10-20 (M-XXL). F\u00fcr Herren: Bundweite 24-30 Inch (XX-S) &amp; Bundweite 32-40 Inch (M-XXL).<br \/>\nK\u00c4LTE- &amp; W\u00c4RMETHERAPIE: Im Gegensatz zu anderen st\u00fctzenden Bandagen auf dem Markt stellen wir sicher, dass unsere Kunden das beste Preis-Leistungs-Verh\u00e4ltnis erhalten. Aus diesem Grund bekommen Sie eine eigens von uns entworfene Gelkompresse zur W\u00e4rme- und K\u00e4ltetherapie dazu, die \u00fcberall an der Leiste, H\u00fcfte und am vorderen oder hinteren Oberschenkel angewendet werden kann.<br \/>\nSCHMERZLINDERUNG: Das hochwertige Neoprenmaterial bietet eine therapeutische W\u00e4rme, die wiederum dabei hilft, die Schmerzen in Muskeln und Gelenken zu lindern. Die Bandage ist besonders n\u00fctzlich w\u00e4hrend der Rehabilitation, da sie den Sehnen und Adduktoren an der Leiste zus\u00e4tzliche St\u00fctzung und Kompression bietet.<br \/>\nUNSER VERSPRECHEN AN UNSERE KUNDEN: Wenn Sie ein Produkt von uns kaufen, ist das auch immer ein Erlebnis. Wir sind ein kleines Familienunternehmen und unsere Kunden stehen f\u00fcr uns an erster Stelle. Daher versprechen wir Ihnen, dass wir Ihnen einen pers\u00f6nlichen, freundlichen und l\u00f6sungsorientierten Kundenservice bieten. Sollten Sie aus irgendeinem Grund nicht mit Ihrem Produkt zufrieden sein, kontaktieren Sie uns und wir werden Ihnen den vollen Betrag zur\u00fcckerstatten.<br \/>\n<div class=\"main-cross-sell\" data-asin=\"B0954PZCKG\">\n\n\t<div class=\"WooZone-cross-sell-loader\">\n\t\t<div>\n\t\t\t<div id=\"floatingBarsG\">\n\t\t\t\t<div class=\"blockG\" id=\"rotateG_01\"><\/div>\n\t\t\t\t<div class=\"blockG\" id=\"rotateG_02\"><\/div>\n\t\t\t\t<div class=\"blockG\" id=\"rotateG_03\"><\/div>\n\t\t\t\t<div class=\"blockG\" id=\"rotateG_04\"><\/div>\n\t\t\t\t<div class=\"blockG\" id=\"rotateG_05\"><\/div>\n\t\t\t\t<div class=\"blockG\" id=\"rotateG_06\"><\/div>\n\t\t\t\t<div class=\"blockG\" id=\"rotateG_07\"><\/div>\n\t\t\t\t<div class=\"blockG\" id=\"rotateG_08\"><\/div>\n\t\t\t<\/div>\n\t\t\t<div class=\"WooZone-cross-sell-loader-text\"><\/div>\n\t\t<\/div>\n\t<\/div>\n\n\t\t\n<\/div>\n<div style=\"clear:both;\"><\/div><\/p>\n","protected":false},"excerpt":{"rendered":"<p>ERSTKLASSIGE UNTERST\u00dcTZUNG &amp; KOMPRESSION: Ideal f\u00fcr die Rehabilitation und einen aktiven Lebensstil. Die hochwertige Bandage wurde entworfen, um bei Verletzungen der Leiste, H\u00fcfte sowie der vorderen und hinteren Oberschenkelmuskulatur zu helfen und Schmerzen im Ischiasnerv zu lindern. Das einzigartige Design mit verstellbaren Riemen sorgt f\u00fcr die gew\u00fcnschte Passform, ein bequemes Tragegef\u00fchl und anpassbare Kompressionsstufen zur Unterst\u00fctzung einer schnelleren Genesung.<br \/>\nGR\u00d6SSEN XX-S &amp; M-XXL: Woher wei\u00df ich, welche Gr\u00f6\u00dfe die richtige f\u00fcr mich ist? Sehen Sie sich einfach das zweite Foto an und kaufen Sie die passende Gr\u00f6\u00dfe anhand Ihrer Taillengr\u00f6\u00dfe bzw. Bundweite. F\u00fcr Frauen: UK-Taillengr\u00f6\u00dfe 0-8 (XX-S) &amp; UK-Taillengr\u00f6\u00dfe 10-20 (M-XXL). F\u00fcr Herren: Bundweite 24-30 Inch (XX-S) &amp; Bundweite 32-40 Inch (M-XXL).<br \/>\nK\u00c4LTE- &amp; W\u00c4RMETHERAPIE: Im Gegensatz zu anderen st\u00fctzenden Bandagen auf dem Markt stellen wir sicher, dass unsere Kunden das beste Preis-Leistungs-Verh\u00e4ltnis erhalten. Aus diesem Grund bekommen Sie eine eigens von uns entworfene Gelkompresse zur W\u00e4rme- und K\u00e4ltetherapie dazu, die \u00fcberall an der Leiste, H\u00fcfte und am vorderen oder hinteren Oberschenkel angewendet werden kann.<\/p>\n","protected":false},"featured_media":99304,"comment_status":"open","ping_status":"closed","template":"","meta":[],"product_brand":[],"product_cat":[566,5846],"product_tag":[],"class_list":{"0":"post-99303","1":"product","2":"type-product","3":"status-publish","4":"has-post-thumbnail","6":"product_cat-drogerie-koerperpflege","7":"product_cat-medizin-erste-hilfe","8":"pa_brand-always-ready","9":"pa_height-3-93700787-zoll","10":"pa_length-9-842519675-zoll","11":"pa_manufacturer-always-ready","12":"pa_width-1-968503935-zoll","14":"first","15":"instock","16":"shipping-taxable","17":"purchasable","18":"product-type-simple","19":"customify-col","20":"product-has-gallery"},"yoast_head":"<!-- This site is optimized with the Yoast SEO plugin v27.4 - https:\/\/yoast.com\/product\/yoast-seo-wordpress\/ -->\n<title>Always Ready Oberschenkelbandage zur St\u00fctzung der Leiste, H\u00fcfte, Vorderen und Hinteren Oberschenkelmuskel, H\u00fcftst\u00fctze\u2026 - Markt-XXL<\/title>\n<meta name=\"description\" content=\"Markt-XXL Always Ready Oberschenkelbandage zur St\u00fctzung der Leiste, H\u00fcfte, Vorderen und Hinteren Oberschenkelmuskel, H\u00fcftst\u00fctze\u2026\" \/>\n<meta name=\"robots\" content=\"index, follow, max-snippet:-1, max-image-preview:large, max-video-preview:-1\" \/>\n<link rel=\"canonical\" href=\"https:\/\/marktxxl.de\/markt\/produkt\/always-ready-unisex-bandage-zur-stuetzung-der-leiste-huefte-vorderen-und-hinteren-oberschenkelmuskel-mit-kaelte-und-waermetherapie-zur-schmerzlinderung-bei-schmerzen-im-ischiasnerv\/\" \/>\n<meta property=\"og:locale\" content=\"de_DE\" \/>\n<meta property=\"og:type\" content=\"article\" \/>\n<meta property=\"og:title\" content=\"Always Ready Oberschenkelbandage zur St\u00fctzung der Leiste, H\u00fcfte, Vorderen und Hinteren Oberschenkelmuskel, H\u00fcftst\u00fctze\u2026 - Markt-XXL\" \/>\n<meta property=\"og:description\" content=\"Markt-XXL Always Ready Oberschenkelbandage zur St\u00fctzung der Leiste, H\u00fcfte, Vorderen und Hinteren Oberschenkelmuskel, H\u00fcftst\u00fctze\u2026\" \/>\n<meta property=\"og:url\" content=\"https:\/\/marktxxl.de\/markt\/produkt\/always-ready-unisex-bandage-zur-stuetzung-der-leiste-huefte-vorderen-und-hinteren-oberschenkelmuskel-mit-kaelte-und-waermetherapie-zur-schmerzlinderung-bei-schmerzen-im-ischiasnerv\/\" \/>\n<meta property=\"og:site_name\" content=\"Markt-XXL\" \/>\n<meta property=\"article:modified_time\" content=\"2023-04-08T00:51:18+00:00\" \/>\n<meta property=\"og:image\" content=\"https:\/\/m.media-amazon.com\/images\/I\/51I9H0UX8XL._SL500_.jpg\" \/>\n\t<meta property=\"og:image:width\" content=\"500\" \/>\n\t<meta property=\"og:image:height\" content=\"500\" \/>\n\t<meta property=\"og:image:type\" content=\"image\/jpeg\" \/>\n<meta name=\"twitter:card\" content=\"summary_large_image\" \/>\n<meta name=\"twitter:label1\" content=\"Gesch\u00e4tzte Lesezeit\" \/>\n\t<meta name=\"twitter:data1\" content=\"2\u00a0Minuten\" \/>\n<script type=\"application\/ld+json\" class=\"yoast-schema-graph\">{\"@context\":\"https:\\\/\\\/schema.org\",\"@graph\":[{\"@type\":\"WebPage\",\"@id\":\"https:\\\/\\\/marktxxl.de\\\/markt\\\/produkt\\\/always-ready-unisex-bandage-zur-stuetzung-der-leiste-huefte-vorderen-und-hinteren-oberschenkelmuskel-mit-kaelte-und-waermetherapie-zur-schmerzlinderung-bei-schmerzen-im-ischiasnerv\\\/\",\"url\":\"https:\\\/\\\/marktxxl.de\\\/markt\\\/produkt\\\/always-ready-unisex-bandage-zur-stuetzung-der-leiste-huefte-vorderen-und-hinteren-oberschenkelmuskel-mit-kaelte-und-waermetherapie-zur-schmerzlinderung-bei-schmerzen-im-ischiasnerv\\\/\",\"name\":\"Always Ready Oberschenkelbandage zur St\u00fctzung der Leiste, H\u00fcfte, Vorderen und Hinteren Oberschenkelmuskel, H\u00fcftst\u00fctze\u2026 - Markt-XXL\",\"isPartOf\":{\"@id\":\"https:\\\/\\\/marktxxl.de\\\/markt\\\/#website\"},\"primaryImageOfPage\":{\"@id\":\"https:\\\/\\\/marktxxl.de\\\/markt\\\/produkt\\\/always-ready-unisex-bandage-zur-stuetzung-der-leiste-huefte-vorderen-und-hinteren-oberschenkelmuskel-mit-kaelte-und-waermetherapie-zur-schmerzlinderung-bei-schmerzen-im-ischiasnerv\\\/#primaryimage\"},\"image\":{\"@id\":\"https:\\\/\\\/marktxxl.de\\\/markt\\\/produkt\\\/always-ready-unisex-bandage-zur-stuetzung-der-leiste-huefte-vorderen-und-hinteren-oberschenkelmuskel-mit-kaelte-und-waermetherapie-zur-schmerzlinderung-bei-schmerzen-im-ischiasnerv\\\/#primaryimage\"},\"thumbnailUrl\":\"https:\\\/\\\/m.media-amazon.com\\\/images\\\/I\\\/51I9H0UX8XL._SL500_.jpg\",\"datePublished\":\"2022-01-27T14:33:59+00:00\",\"dateModified\":\"2023-04-08T00:51:18+00:00\",\"description\":\"Markt-XXL Always Ready Oberschenkelbandage zur St\u00fctzung der Leiste, H\u00fcfte, Vorderen und Hinteren Oberschenkelmuskel, H\u00fcftst\u00fctze\u2026\",\"breadcrumb\":{\"@id\":\"https:\\\/\\\/marktxxl.de\\\/markt\\\/produkt\\\/always-ready-unisex-bandage-zur-stuetzung-der-leiste-huefte-vorderen-und-hinteren-oberschenkelmuskel-mit-kaelte-und-waermetherapie-zur-schmerzlinderung-bei-schmerzen-im-ischiasnerv\\\/#breadcrumb\"},\"inLanguage\":\"de\",\"potentialAction\":[{\"@type\":\"ReadAction\",\"target\":[\"https:\\\/\\\/marktxxl.de\\\/markt\\\/produkt\\\/always-ready-unisex-bandage-zur-stuetzung-der-leiste-huefte-vorderen-und-hinteren-oberschenkelmuskel-mit-kaelte-und-waermetherapie-zur-schmerzlinderung-bei-schmerzen-im-ischiasnerv\\\/\"]}]},{\"@type\":\"ImageObject\",\"inLanguage\":\"de\",\"@id\":\"https:\\\/\\\/marktxxl.de\\\/markt\\\/produkt\\\/always-ready-unisex-bandage-zur-stuetzung-der-leiste-huefte-vorderen-und-hinteren-oberschenkelmuskel-mit-kaelte-und-waermetherapie-zur-schmerzlinderung-bei-schmerzen-im-ischiasnerv\\\/#primaryimage\",\"url\":\"https:\\\/\\\/m.media-amazon.com\\\/images\\\/I\\\/51I9H0UX8XL._SL500_.jpg\",\"contentUrl\":\"https:\\\/\\\/m.media-amazon.com\\\/images\\\/I\\\/51I9H0UX8XL._SL500_.jpg\",\"width\":500,\"height\":500},{\"@type\":\"BreadcrumbList\",\"@id\":\"https:\\\/\\\/marktxxl.de\\\/markt\\\/produkt\\\/always-ready-unisex-bandage-zur-stuetzung-der-leiste-huefte-vorderen-und-hinteren-oberschenkelmuskel-mit-kaelte-und-waermetherapie-zur-schmerzlinderung-bei-schmerzen-im-ischiasnerv\\\/#breadcrumb\",\"itemListElement\":[{\"@type\":\"ListItem\",\"position\":1,\"name\":\"Startseite\",\"item\":\"https:\\\/\\\/marktxxl.de\\\/markt\\\/\"},{\"@type\":\"ListItem\",\"position\":2,\"name\":\"Markt\",\"item\":\"https:\\\/\\\/marktxxl.de\\\/markt\\\/\"},{\"@type\":\"ListItem\",\"position\":3,\"name\":\"Always Ready Oberschenkelbandage zur St\u00fctzung der Leiste, H\u00fcfte, Vorderen und Hinteren Oberschenkelmuskel, H\u00fcftst\u00fctze\u2026\"}]},{\"@type\":\"WebSite\",\"@id\":\"https:\\\/\\\/marktxxl.de\\\/markt\\\/#website\",\"url\":\"https:\\\/\\\/marktxxl.de\\\/markt\\\/\",\"name\":\"Markt-XXL\",\"description\":\"Ihr Markt Online\",\"publisher\":{\"@id\":\"https:\\\/\\\/marktxxl.de\\\/markt\\\/#organization\"},\"potentialAction\":[{\"@type\":\"SearchAction\",\"target\":{\"@type\":\"EntryPoint\",\"urlTemplate\":\"https:\\\/\\\/marktxxl.de\\\/markt\\\/?s={search_term_string}\"},\"query-input\":{\"@type\":\"PropertyValueSpecification\",\"valueRequired\":true,\"valueName\":\"search_term_string\"}}],\"inLanguage\":\"de\"},{\"@type\":\"Organization\",\"@id\":\"https:\\\/\\\/marktxxl.de\\\/markt\\\/#organization\",\"name\":\"Markt-XXL\",\"url\":\"https:\\\/\\\/marktxxl.de\\\/markt\\\/\",\"logo\":{\"@type\":\"ImageObject\",\"inLanguage\":\"de\",\"@id\":\"https:\\\/\\\/marktxxl.de\\\/markt\\\/#\\\/schema\\\/logo\\\/image\\\/\",\"url\":\"https:\\\/\\\/marktxxl.de\\\/markt\\\/wp-content\\\/uploads\\\/sites\\\/3\\\/2020\\\/12\\\/logo.png\",\"contentUrl\":\"https:\\\/\\\/marktxxl.de\\\/markt\\\/wp-content\\\/uploads\\\/sites\\\/3\\\/2020\\\/12\\\/logo.png\",\"width\":200,\"height\":70,\"caption\":\"Markt-XXL\"},\"image\":{\"@id\":\"https:\\\/\\\/marktxxl.de\\\/markt\\\/#\\\/schema\\\/logo\\\/image\\\/\"}}]}<\/script>\n<!-- \/ Yoast SEO plugin. -->","yoast_head_json":{"title":"Always Ready Oberschenkelbandage zur St\u00fctzung der Leiste, H\u00fcfte, Vorderen und Hinteren Oberschenkelmuskel, H\u00fcftst\u00fctze\u2026 - Markt-XXL","description":"Markt-XXL Always Ready Oberschenkelbandage zur St\u00fctzung der Leiste, H\u00fcfte, Vorderen und Hinteren Oberschenkelmuskel, H\u00fcftst\u00fctze\u2026","robots":{"index":"index","follow":"follow","max-snippet":"max-snippet:-1","max-image-preview":"max-image-preview:large","max-video-preview":"max-video-preview:-1"},"canonical":"https:\/\/marktxxl.de\/markt\/produkt\/always-ready-unisex-bandage-zur-stuetzung-der-leiste-huefte-vorderen-und-hinteren-oberschenkelmuskel-mit-kaelte-und-waermetherapie-zur-schmerzlinderung-bei-schmerzen-im-ischiasnerv\/","og_locale":"de_DE","og_type":"article","og_title":"Always Ready Oberschenkelbandage zur St\u00fctzung der Leiste, H\u00fcfte, Vorderen und Hinteren Oberschenkelmuskel, H\u00fcftst\u00fctze\u2026 - Markt-XXL","og_description":"Markt-XXL Always Ready Oberschenkelbandage zur St\u00fctzung der Leiste, H\u00fcfte, Vorderen und Hinteren Oberschenkelmuskel, H\u00fcftst\u00fctze\u2026","og_url":"https:\/\/marktxxl.de\/markt\/produkt\/always-ready-unisex-bandage-zur-stuetzung-der-leiste-huefte-vorderen-und-hinteren-oberschenkelmuskel-mit-kaelte-und-waermetherapie-zur-schmerzlinderung-bei-schmerzen-im-ischiasnerv\/","og_site_name":"Markt-XXL","article_modified_time":"2023-04-08T00:51:18+00:00","og_image":[{"width":500,"height":500,"url":"https:\/\/m.media-amazon.com\/images\/I\/51I9H0UX8XL._SL500_.jpg","type":"image\/jpeg"}],"twitter_card":"summary_large_image","twitter_misc":{"Gesch\u00e4tzte Lesezeit":"2\u00a0Minuten"},"schema":{"@context":"https:\/\/schema.org","@graph":[{"@type":"WebPage","@id":"https:\/\/marktxxl.de\/markt\/produkt\/always-ready-unisex-bandage-zur-stuetzung-der-leiste-huefte-vorderen-und-hinteren-oberschenkelmuskel-mit-kaelte-und-waermetherapie-zur-schmerzlinderung-bei-schmerzen-im-ischiasnerv\/","url":"https:\/\/marktxxl.de\/markt\/produkt\/always-ready-unisex-bandage-zur-stuetzung-der-leiste-huefte-vorderen-und-hinteren-oberschenkelmuskel-mit-kaelte-und-waermetherapie-zur-schmerzlinderung-bei-schmerzen-im-ischiasnerv\/","name":"Always Ready Oberschenkelbandage zur St\u00fctzung der Leiste, H\u00fcfte, Vorderen und Hinteren Oberschenkelmuskel, H\u00fcftst\u00fctze\u2026 - Markt-XXL","isPartOf":{"@id":"https:\/\/marktxxl.de\/markt\/#website"},"primaryImageOfPage":{"@id":"https:\/\/marktxxl.de\/markt\/produkt\/always-ready-unisex-bandage-zur-stuetzung-der-leiste-huefte-vorderen-und-hinteren-oberschenkelmuskel-mit-kaelte-und-waermetherapie-zur-schmerzlinderung-bei-schmerzen-im-ischiasnerv\/#primaryimage"},"image":{"@id":"https:\/\/marktxxl.de\/markt\/produkt\/always-ready-unisex-bandage-zur-stuetzung-der-leiste-huefte-vorderen-und-hinteren-oberschenkelmuskel-mit-kaelte-und-waermetherapie-zur-schmerzlinderung-bei-schmerzen-im-ischiasnerv\/#primaryimage"},"thumbnailUrl":"https:\/\/m.media-amazon.com\/images\/I\/51I9H0UX8XL._SL500_.jpg","datePublished":"2022-01-27T14:33:59+00:00","dateModified":"2023-04-08T00:51:18+00:00","description":"Markt-XXL Always Ready Oberschenkelbandage zur St\u00fctzung der Leiste, H\u00fcfte, Vorderen und Hinteren Oberschenkelmuskel, H\u00fcftst\u00fctze\u2026","breadcrumb":{"@id":"https:\/\/marktxxl.de\/markt\/produkt\/always-ready-unisex-bandage-zur-stuetzung-der-leiste-huefte-vorderen-und-hinteren-oberschenkelmuskel-mit-kaelte-und-waermetherapie-zur-schmerzlinderung-bei-schmerzen-im-ischiasnerv\/#breadcrumb"},"inLanguage":"de","potentialAction":[{"@type":"ReadAction","target":["https:\/\/marktxxl.de\/markt\/produkt\/always-ready-unisex-bandage-zur-stuetzung-der-leiste-huefte-vorderen-und-hinteren-oberschenkelmuskel-mit-kaelte-und-waermetherapie-zur-schmerzlinderung-bei-schmerzen-im-ischiasnerv\/"]}]},{"@type":"ImageObject","inLanguage":"de","@id":"https:\/\/marktxxl.de\/markt\/produkt\/always-ready-unisex-bandage-zur-stuetzung-der-leiste-huefte-vorderen-und-hinteren-oberschenkelmuskel-mit-kaelte-und-waermetherapie-zur-schmerzlinderung-bei-schmerzen-im-ischiasnerv\/#primaryimage","url":"https:\/\/m.media-amazon.com\/images\/I\/51I9H0UX8XL._SL500_.jpg","contentUrl":"https:\/\/m.media-amazon.com\/images\/I\/51I9H0UX8XL._SL500_.jpg","width":500,"height":500},{"@type":"BreadcrumbList","@id":"https:\/\/marktxxl.de\/markt\/produkt\/always-ready-unisex-bandage-zur-stuetzung-der-leiste-huefte-vorderen-und-hinteren-oberschenkelmuskel-mit-kaelte-und-waermetherapie-zur-schmerzlinderung-bei-schmerzen-im-ischiasnerv\/#breadcrumb","itemListElement":[{"@type":"ListItem","position":1,"name":"Startseite","item":"https:\/\/marktxxl.de\/markt\/"},{"@type":"ListItem","position":2,"name":"Markt","item":"https:\/\/marktxxl.de\/markt\/"},{"@type":"ListItem","position":3,"name":"Always Ready Oberschenkelbandage zur St\u00fctzung der Leiste, H\u00fcfte, Vorderen und Hinteren Oberschenkelmuskel, H\u00fcftst\u00fctze\u2026"}]},{"@type":"WebSite","@id":"https:\/\/marktxxl.de\/markt\/#website","url":"https:\/\/marktxxl.de\/markt\/","name":"Markt-XXL","description":"Ihr Markt Online","publisher":{"@id":"https:\/\/marktxxl.de\/markt\/#organization"},"potentialAction":[{"@type":"SearchAction","target":{"@type":"EntryPoint","urlTemplate":"https:\/\/marktxxl.de\/markt\/?s={search_term_string}"},"query-input":{"@type":"PropertyValueSpecification","valueRequired":true,"valueName":"search_term_string"}}],"inLanguage":"de"},{"@type":"Organization","@id":"https:\/\/marktxxl.de\/markt\/#organization","name":"Markt-XXL","url":"https:\/\/marktxxl.de\/markt\/","logo":{"@type":"ImageObject","inLanguage":"de","@id":"https:\/\/marktxxl.de\/markt\/#\/schema\/logo\/image\/","url":"https:\/\/marktxxl.de\/markt\/wp-content\/uploads\/sites\/3\/2020\/12\/logo.png","contentUrl":"https:\/\/marktxxl.de\/markt\/wp-content\/uploads\/sites\/3\/2020\/12\/logo.png","width":200,"height":70,"caption":"Markt-XXL"},"image":{"@id":"https:\/\/marktxxl.de\/markt\/#\/schema\/logo\/image\/"}}]}},"_links":{"self":[{"href":"https:\/\/marktxxl.de\/markt\/wp-json\/wp\/v2\/product\/99303","targetHints":{"allow":["GET"]}}],"collection":[{"href":"https:\/\/marktxxl.de\/markt\/wp-json\/wp\/v2\/product"}],"about":[{"href":"https:\/\/marktxxl.de\/markt\/wp-json\/wp\/v2\/types\/product"}],"replies":[{"embeddable":true,"href":"https:\/\/marktxxl.de\/markt\/wp-json\/wp\/v2\/comments?post=99303"}],"wp:featuredmedia":[{"embeddable":true,"href":"https:\/\/marktxxl.de\/markt\/wp-json\/wp\/v2\/media\/99304"}],"wp:attachment":[{"href":"https:\/\/marktxxl.de\/markt\/wp-json\/wp\/v2\/media?parent=99303"}],"wp:term":[{"taxonomy":"product_brand","embeddable":true,"href":"https:\/\/marktxxl.de\/markt\/wp-json\/wp\/v2\/product_brand?post=99303"},{"taxonomy":"product_cat","embeddable":true,"href":"https:\/\/marktxxl.de\/markt\/wp-json\/wp\/v2\/product_cat?post=99303"},{"taxonomy":"product_tag","embeddable":true,"href":"https:\/\/marktxxl.de\/markt\/wp-json\/wp\/v2\/product_tag?post=99303"}],"curies":[{"name":"wp","href":"https:\/\/api.w.org\/{rel}","templated":true}]}}