{"id":99193,"date":"2022-01-27T15:28:29","date_gmt":"2022-01-27T14:28:29","guid":{"rendered":"https:\/\/marktxxl.de\/markt\/produkt\/zitfri-e-zigarette-tasche-fuer-iqos3-iqos3-duo-huelle-aus-leinen-und-pu-leder-organizer-fuer-iqoszubehoer-tasche-fuer-e-zigarettenur-tasche\/"},"modified":"2023-04-08T02:51:16","modified_gmt":"2023-04-08T00:51:16","slug":"zitfri-e-zigarette-tasche-fuer-iqos3-iqos3-duo-huelle-aus-leinen-und-pu-leder-organizer-fuer-iqoszubehoer-tasche-fuer-e-zigarettenur-tasche","status":"publish","type":"product","link":"https:\/\/marktxxl.de\/markt\/produkt\/zitfri-e-zigarette-tasche-fuer-iqos3-iqos3-duo-huelle-aus-leinen-und-pu-leder-organizer-fuer-iqoszubehoer-tasche-fuer-e-zigarettenur-tasche\/","title":{"rendered":"ZITFRI E Zigarette Tasche f\u00fcr IQOS3 \/ IQOS3 Duo, H\u00fclle aus Leinen und PU-Leder &#8211; Organizer f\u00fcr IQOSZubeh\u00f6r, Tasche f\u00fcr E\u2026"},"content":{"rendered":"<p>PERFEKT KOMPATIBILIT\u00c4T: ZITFRI Schutzh\u00fclle f\u00fcr E-Zigarette sind speziell f\u00fcr I-Q-O-S 3\/3 DUO entwickelt, perfekt kompatibel mit IQOS3\/3 Duo. Diese Tasche bietet perfekten Schutz f\u00fcr Ihr E-Zigarette usw. Leicht zu tragen.<br \/>\nHOCHWERTIGES MATERIALIEN: aus Leinen und PU-Kunstleder, die Oberfl\u00e4che ist glatt, weich und bequem, langlebig und kratzfest. einfach zu laden und zu entladen. Leicht zu bedienen. Sch\u00fctzt Ihre Zigarette vor Abnutzung, Kratzern, Flecken und Kratzern.<br \/>\nWUNDERBARES DESIGN: Dank des gro\u00dfen Stauraum kann man die E-Zigarette, Ladeanzeige,Heiz- und Reinigungsger\u00e4t usw. aufbewahren. Diese praktischer Organizer verf\u00fcgt \u00fcber eine Lade\u00f6ffnung, die erm\u00f6glicht es Ihnen, I-Q-O-S aufzuladen, ohne das Ger\u00e4t herauszuziehen zu m\u00fcssen!<br \/>\nEINFACH ZU TRAGEN: Jede Schutzbox f\u00fcr E-Zigaretten ist mit einer Armband ausgestattet, die am Handgelenk getragen wird. Deshalb kann man es mitnehmen, ohne sich Sorgen machen zu m\u00fcssen, es zu verlieren.<br \/>\nIDEALE WAHL: Unsere Schutzh\u00fclle f\u00fcr elektronische Zigaretten hat die Vorteile von kleiner Gr\u00f6\u00dfe, geringes Gewicht, leicht zu tragen, Fallfestigkeit, Verschlei\u00dffestigkeit, Kratzfestigkeit usw. Tolles Geschenk f\u00fcr die Freund und Familien, die E-Zigarette haben.<br \/>\n<div class=\"main-cross-sell\" data-asin=\"B08ZS7YP52\">\n\n\t<div class=\"WooZone-cross-sell-loader\">\n\t\t<div>\n\t\t\t<div id=\"floatingBarsG\">\n\t\t\t\t<div class=\"blockG\" id=\"rotateG_01\"><\/div>\n\t\t\t\t<div class=\"blockG\" id=\"rotateG_02\"><\/div>\n\t\t\t\t<div class=\"blockG\" id=\"rotateG_03\"><\/div>\n\t\t\t\t<div class=\"blockG\" id=\"rotateG_04\"><\/div>\n\t\t\t\t<div class=\"blockG\" id=\"rotateG_05\"><\/div>\n\t\t\t\t<div class=\"blockG\" id=\"rotateG_06\"><\/div>\n\t\t\t\t<div class=\"blockG\" id=\"rotateG_07\"><\/div>\n\t\t\t\t<div class=\"blockG\" id=\"rotateG_08\"><\/div>\n\t\t\t<\/div>\n\t\t\t<div class=\"WooZone-cross-sell-loader-text\"><\/div>\n\t\t<\/div>\n\t<\/div>\n\n\t\t\n<\/div>\n<div style=\"clear:both;\"><\/div><\/p>\n","protected":false},"excerpt":{"rendered":"<p>PERFEKT KOMPATIBILIT\u00c4T: ZITFRI Schutzh\u00fclle f\u00fcr E-Zigarette sind speziell f\u00fcr I-Q-O-S 3\/3 DUO entwickelt, perfekt kompatibel mit IQOS3\/3 Duo. Diese Tasche bietet perfekten Schutz f\u00fcr Ihr E-Zigarette usw. Leicht zu tragen.<br \/>\nHOCHWERTIGES MATERIALIEN: aus Leinen und PU-Kunstleder, die Oberfl\u00e4che ist glatt, weich und bequem, langlebig und kratzfest. einfach zu laden und zu entladen. Leicht zu bedienen. Sch\u00fctzt Ihre Zigarette vor Abnutzung, Kratzern, Flecken und Kratzern.<br \/>\nWUNDERBARES DESIGN: Dank des gro\u00dfen Stauraum kann man die E-Zigarette, Ladeanzeige,Heiz- und Reinigungsger\u00e4t usw. aufbewahren. Diese praktischer Organizer verf\u00fcgt \u00fcber eine Lade\u00f6ffnung, die erm\u00f6glicht es Ihnen, I-Q-O-S aufzuladen, ohne das Ger\u00e4t herauszuziehen zu m\u00fcssen!<\/p>\n","protected":false},"featured_media":99194,"comment_status":"open","ping_status":"closed","template":"","meta":[],"product_brand":[],"product_cat":[566,5626],"product_tag":[],"class_list":{"0":"post-99193","1":"product","2":"type-product","3":"status-publish","4":"has-post-thumbnail","6":"product_cat-drogerie-koerperpflege","7":"product_cat-elektronische-zigaretten-shishas-zubehoer","8":"pa_brand-zitfri","9":"pa_manufacturer-zunhuashi-ruiou-keji-youxiangongsi","11":"first","12":"instock","13":"shipping-taxable","14":"purchasable","15":"product-type-simple","16":"customify-col","17":"product-has-gallery"},"yoast_head":"<!-- This site is optimized with the Yoast SEO plugin v27.4 - https:\/\/yoast.com\/product\/yoast-seo-wordpress\/ -->\n<title>ZITFRI E Zigarette Tasche f\u00fcr IQOS3 \/ IQOS3 Duo, H\u00fclle aus Leinen und PU-Leder - Organizer f\u00fcr IQOSZubeh\u00f6r, Tasche f\u00fcr E\u2026 - Markt-XXL<\/title>\n<meta name=\"description\" content=\"Markt-XXL ZITFRI E Zigarette Tasche f\u00fcr IQOS3 \/ IQOS3 Duo, H\u00fclle aus Leinen und PU-Leder - Organizer f\u00fcr IQOSZubeh\u00f6r, Tasche f\u00fcr E\u2026\" \/>\n<meta name=\"robots\" content=\"index, follow, max-snippet:-1, max-image-preview:large, max-video-preview:-1\" \/>\n<link rel=\"canonical\" href=\"https:\/\/marktxxl.de\/markt\/produkt\/zitfri-e-zigarette-tasche-fuer-iqos3-iqos3-duo-huelle-aus-leinen-und-pu-leder-organizer-fuer-iqoszubehoer-tasche-fuer-e-zigarettenur-tasche\/\" \/>\n<meta property=\"og:locale\" content=\"de_DE\" \/>\n<meta property=\"og:type\" content=\"article\" \/>\n<meta property=\"og:title\" content=\"ZITFRI E Zigarette Tasche f\u00fcr IQOS3 \/ IQOS3 Duo, H\u00fclle aus Leinen und PU-Leder - Organizer f\u00fcr IQOSZubeh\u00f6r, Tasche f\u00fcr E\u2026 - Markt-XXL\" \/>\n<meta property=\"og:description\" content=\"Markt-XXL ZITFRI E Zigarette Tasche f\u00fcr IQOS3 \/ IQOS3 Duo, H\u00fclle aus Leinen und PU-Leder - Organizer f\u00fcr IQOSZubeh\u00f6r, Tasche f\u00fcr E\u2026\" \/>\n<meta property=\"og:url\" content=\"https:\/\/marktxxl.de\/markt\/produkt\/zitfri-e-zigarette-tasche-fuer-iqos3-iqos3-duo-huelle-aus-leinen-und-pu-leder-organizer-fuer-iqoszubehoer-tasche-fuer-e-zigarettenur-tasche\/\" \/>\n<meta property=\"og:site_name\" content=\"Markt-XXL\" \/>\n<meta property=\"article:modified_time\" content=\"2023-04-08T00:51:16+00:00\" \/>\n<meta property=\"og:image\" content=\"https:\/\/m.media-amazon.com\/images\/I\/51iVKjsZFlL._SL500_.jpg\" \/>\n\t<meta property=\"og:image:width\" content=\"500\" \/>\n\t<meta property=\"og:image:height\" content=\"500\" \/>\n\t<meta property=\"og:image:type\" content=\"image\/jpeg\" \/>\n<meta name=\"twitter:card\" content=\"summary_large_image\" \/>\n<meta name=\"twitter:label1\" content=\"Gesch\u00e4tzte Lesezeit\" \/>\n\t<meta name=\"twitter:data1\" content=\"1\u00a0Minute\" \/>\n<script type=\"application\/ld+json\" class=\"yoast-schema-graph\">{\"@context\":\"https:\\\/\\\/schema.org\",\"@graph\":[{\"@type\":\"WebPage\",\"@id\":\"https:\\\/\\\/marktxxl.de\\\/markt\\\/produkt\\\/zitfri-e-zigarette-tasche-fuer-iqos3-iqos3-duo-huelle-aus-leinen-und-pu-leder-organizer-fuer-iqoszubehoer-tasche-fuer-e-zigarettenur-tasche\\\/\",\"url\":\"https:\\\/\\\/marktxxl.de\\\/markt\\\/produkt\\\/zitfri-e-zigarette-tasche-fuer-iqos3-iqos3-duo-huelle-aus-leinen-und-pu-leder-organizer-fuer-iqoszubehoer-tasche-fuer-e-zigarettenur-tasche\\\/\",\"name\":\"ZITFRI E Zigarette Tasche f\u00fcr IQOS3 \\\/ IQOS3 Duo, H\u00fclle aus Leinen und PU-Leder - Organizer f\u00fcr IQOSZubeh\u00f6r, Tasche f\u00fcr E\u2026 - Markt-XXL\",\"isPartOf\":{\"@id\":\"https:\\\/\\\/marktxxl.de\\\/markt\\\/#website\"},\"primaryImageOfPage\":{\"@id\":\"https:\\\/\\\/marktxxl.de\\\/markt\\\/produkt\\\/zitfri-e-zigarette-tasche-fuer-iqos3-iqos3-duo-huelle-aus-leinen-und-pu-leder-organizer-fuer-iqoszubehoer-tasche-fuer-e-zigarettenur-tasche\\\/#primaryimage\"},\"image\":{\"@id\":\"https:\\\/\\\/marktxxl.de\\\/markt\\\/produkt\\\/zitfri-e-zigarette-tasche-fuer-iqos3-iqos3-duo-huelle-aus-leinen-und-pu-leder-organizer-fuer-iqoszubehoer-tasche-fuer-e-zigarettenur-tasche\\\/#primaryimage\"},\"thumbnailUrl\":\"https:\\\/\\\/m.media-amazon.com\\\/images\\\/I\\\/51iVKjsZFlL._SL500_.jpg\",\"datePublished\":\"2022-01-27T14:28:29+00:00\",\"dateModified\":\"2023-04-08T00:51:16+00:00\",\"description\":\"Markt-XXL ZITFRI E Zigarette Tasche f\u00fcr IQOS3 \\\/ IQOS3 Duo, H\u00fclle aus Leinen und PU-Leder - Organizer f\u00fcr IQOSZubeh\u00f6r, Tasche f\u00fcr E\u2026\",\"breadcrumb\":{\"@id\":\"https:\\\/\\\/marktxxl.de\\\/markt\\\/produkt\\\/zitfri-e-zigarette-tasche-fuer-iqos3-iqos3-duo-huelle-aus-leinen-und-pu-leder-organizer-fuer-iqoszubehoer-tasche-fuer-e-zigarettenur-tasche\\\/#breadcrumb\"},\"inLanguage\":\"de\",\"potentialAction\":[{\"@type\":\"ReadAction\",\"target\":[\"https:\\\/\\\/marktxxl.de\\\/markt\\\/produkt\\\/zitfri-e-zigarette-tasche-fuer-iqos3-iqos3-duo-huelle-aus-leinen-und-pu-leder-organizer-fuer-iqoszubehoer-tasche-fuer-e-zigarettenur-tasche\\\/\"]}]},{\"@type\":\"ImageObject\",\"inLanguage\":\"de\",\"@id\":\"https:\\\/\\\/marktxxl.de\\\/markt\\\/produkt\\\/zitfri-e-zigarette-tasche-fuer-iqos3-iqos3-duo-huelle-aus-leinen-und-pu-leder-organizer-fuer-iqoszubehoer-tasche-fuer-e-zigarettenur-tasche\\\/#primaryimage\",\"url\":\"https:\\\/\\\/m.media-amazon.com\\\/images\\\/I\\\/51iVKjsZFlL._SL500_.jpg\",\"contentUrl\":\"https:\\\/\\\/m.media-amazon.com\\\/images\\\/I\\\/51iVKjsZFlL._SL500_.jpg\",\"width\":500,\"height\":500},{\"@type\":\"BreadcrumbList\",\"@id\":\"https:\\\/\\\/marktxxl.de\\\/markt\\\/produkt\\\/zitfri-e-zigarette-tasche-fuer-iqos3-iqos3-duo-huelle-aus-leinen-und-pu-leder-organizer-fuer-iqoszubehoer-tasche-fuer-e-zigarettenur-tasche\\\/#breadcrumb\",\"itemListElement\":[{\"@type\":\"ListItem\",\"position\":1,\"name\":\"Startseite\",\"item\":\"https:\\\/\\\/marktxxl.de\\\/markt\\\/\"},{\"@type\":\"ListItem\",\"position\":2,\"name\":\"Markt\",\"item\":\"https:\\\/\\\/marktxxl.de\\\/markt\\\/\"},{\"@type\":\"ListItem\",\"position\":3,\"name\":\"ZITFRI E Zigarette Tasche f\u00fcr IQOS3 \\\/ IQOS3 Duo, H\u00fclle aus Leinen und PU-Leder &#8211; Organizer f\u00fcr IQOSZubeh\u00f6r, Tasche f\u00fcr E\u2026\"}]},{\"@type\":\"WebSite\",\"@id\":\"https:\\\/\\\/marktxxl.de\\\/markt\\\/#website\",\"url\":\"https:\\\/\\\/marktxxl.de\\\/markt\\\/\",\"name\":\"Markt-XXL\",\"description\":\"Ihr Markt Online\",\"publisher\":{\"@id\":\"https:\\\/\\\/marktxxl.de\\\/markt\\\/#organization\"},\"potentialAction\":[{\"@type\":\"SearchAction\",\"target\":{\"@type\":\"EntryPoint\",\"urlTemplate\":\"https:\\\/\\\/marktxxl.de\\\/markt\\\/?s={search_term_string}\"},\"query-input\":{\"@type\":\"PropertyValueSpecification\",\"valueRequired\":true,\"valueName\":\"search_term_string\"}}],\"inLanguage\":\"de\"},{\"@type\":\"Organization\",\"@id\":\"https:\\\/\\\/marktxxl.de\\\/markt\\\/#organization\",\"name\":\"Markt-XXL\",\"url\":\"https:\\\/\\\/marktxxl.de\\\/markt\\\/\",\"logo\":{\"@type\":\"ImageObject\",\"inLanguage\":\"de\",\"@id\":\"https:\\\/\\\/marktxxl.de\\\/markt\\\/#\\\/schema\\\/logo\\\/image\\\/\",\"url\":\"https:\\\/\\\/marktxxl.de\\\/markt\\\/wp-content\\\/uploads\\\/sites\\\/3\\\/2020\\\/12\\\/logo.png\",\"contentUrl\":\"https:\\\/\\\/marktxxl.de\\\/markt\\\/wp-content\\\/uploads\\\/sites\\\/3\\\/2020\\\/12\\\/logo.png\",\"width\":200,\"height\":70,\"caption\":\"Markt-XXL\"},\"image\":{\"@id\":\"https:\\\/\\\/marktxxl.de\\\/markt\\\/#\\\/schema\\\/logo\\\/image\\\/\"}}]}<\/script>\n<!-- \/ Yoast SEO plugin. -->","yoast_head_json":{"title":"ZITFRI E Zigarette Tasche f\u00fcr IQOS3 \/ IQOS3 Duo, H\u00fclle aus Leinen und PU-Leder - Organizer f\u00fcr IQOSZubeh\u00f6r, Tasche f\u00fcr E\u2026 - Markt-XXL","description":"Markt-XXL ZITFRI E Zigarette Tasche f\u00fcr IQOS3 \/ IQOS3 Duo, H\u00fclle aus Leinen und PU-Leder - Organizer f\u00fcr IQOSZubeh\u00f6r, Tasche f\u00fcr E\u2026","robots":{"index":"index","follow":"follow","max-snippet":"max-snippet:-1","max-image-preview":"max-image-preview:large","max-video-preview":"max-video-preview:-1"},"canonical":"https:\/\/marktxxl.de\/markt\/produkt\/zitfri-e-zigarette-tasche-fuer-iqos3-iqos3-duo-huelle-aus-leinen-und-pu-leder-organizer-fuer-iqoszubehoer-tasche-fuer-e-zigarettenur-tasche\/","og_locale":"de_DE","og_type":"article","og_title":"ZITFRI E Zigarette Tasche f\u00fcr IQOS3 \/ IQOS3 Duo, H\u00fclle aus Leinen und PU-Leder - Organizer f\u00fcr IQOSZubeh\u00f6r, Tasche f\u00fcr E\u2026 - Markt-XXL","og_description":"Markt-XXL ZITFRI E Zigarette Tasche f\u00fcr IQOS3 \/ IQOS3 Duo, H\u00fclle aus Leinen und PU-Leder - Organizer f\u00fcr IQOSZubeh\u00f6r, Tasche f\u00fcr E\u2026","og_url":"https:\/\/marktxxl.de\/markt\/produkt\/zitfri-e-zigarette-tasche-fuer-iqos3-iqos3-duo-huelle-aus-leinen-und-pu-leder-organizer-fuer-iqoszubehoer-tasche-fuer-e-zigarettenur-tasche\/","og_site_name":"Markt-XXL","article_modified_time":"2023-04-08T00:51:16+00:00","og_image":[{"width":500,"height":500,"url":"https:\/\/m.media-amazon.com\/images\/I\/51iVKjsZFlL._SL500_.jpg","type":"image\/jpeg"}],"twitter_card":"summary_large_image","twitter_misc":{"Gesch\u00e4tzte Lesezeit":"1\u00a0Minute"},"schema":{"@context":"https:\/\/schema.org","@graph":[{"@type":"WebPage","@id":"https:\/\/marktxxl.de\/markt\/produkt\/zitfri-e-zigarette-tasche-fuer-iqos3-iqos3-duo-huelle-aus-leinen-und-pu-leder-organizer-fuer-iqoszubehoer-tasche-fuer-e-zigarettenur-tasche\/","url":"https:\/\/marktxxl.de\/markt\/produkt\/zitfri-e-zigarette-tasche-fuer-iqos3-iqos3-duo-huelle-aus-leinen-und-pu-leder-organizer-fuer-iqoszubehoer-tasche-fuer-e-zigarettenur-tasche\/","name":"ZITFRI E Zigarette Tasche f\u00fcr IQOS3 \/ IQOS3 Duo, H\u00fclle aus Leinen und PU-Leder - Organizer f\u00fcr IQOSZubeh\u00f6r, Tasche f\u00fcr E\u2026 - Markt-XXL","isPartOf":{"@id":"https:\/\/marktxxl.de\/markt\/#website"},"primaryImageOfPage":{"@id":"https:\/\/marktxxl.de\/markt\/produkt\/zitfri-e-zigarette-tasche-fuer-iqos3-iqos3-duo-huelle-aus-leinen-und-pu-leder-organizer-fuer-iqoszubehoer-tasche-fuer-e-zigarettenur-tasche\/#primaryimage"},"image":{"@id":"https:\/\/marktxxl.de\/markt\/produkt\/zitfri-e-zigarette-tasche-fuer-iqos3-iqos3-duo-huelle-aus-leinen-und-pu-leder-organizer-fuer-iqoszubehoer-tasche-fuer-e-zigarettenur-tasche\/#primaryimage"},"thumbnailUrl":"https:\/\/m.media-amazon.com\/images\/I\/51iVKjsZFlL._SL500_.jpg","datePublished":"2022-01-27T14:28:29+00:00","dateModified":"2023-04-08T00:51:16+00:00","description":"Markt-XXL ZITFRI E Zigarette Tasche f\u00fcr IQOS3 \/ IQOS3 Duo, H\u00fclle aus Leinen und PU-Leder - Organizer f\u00fcr IQOSZubeh\u00f6r, Tasche f\u00fcr E\u2026","breadcrumb":{"@id":"https:\/\/marktxxl.de\/markt\/produkt\/zitfri-e-zigarette-tasche-fuer-iqos3-iqos3-duo-huelle-aus-leinen-und-pu-leder-organizer-fuer-iqoszubehoer-tasche-fuer-e-zigarettenur-tasche\/#breadcrumb"},"inLanguage":"de","potentialAction":[{"@type":"ReadAction","target":["https:\/\/marktxxl.de\/markt\/produkt\/zitfri-e-zigarette-tasche-fuer-iqos3-iqos3-duo-huelle-aus-leinen-und-pu-leder-organizer-fuer-iqoszubehoer-tasche-fuer-e-zigarettenur-tasche\/"]}]},{"@type":"ImageObject","inLanguage":"de","@id":"https:\/\/marktxxl.de\/markt\/produkt\/zitfri-e-zigarette-tasche-fuer-iqos3-iqos3-duo-huelle-aus-leinen-und-pu-leder-organizer-fuer-iqoszubehoer-tasche-fuer-e-zigarettenur-tasche\/#primaryimage","url":"https:\/\/m.media-amazon.com\/images\/I\/51iVKjsZFlL._SL500_.jpg","contentUrl":"https:\/\/m.media-amazon.com\/images\/I\/51iVKjsZFlL._SL500_.jpg","width":500,"height":500},{"@type":"BreadcrumbList","@id":"https:\/\/marktxxl.de\/markt\/produkt\/zitfri-e-zigarette-tasche-fuer-iqos3-iqos3-duo-huelle-aus-leinen-und-pu-leder-organizer-fuer-iqoszubehoer-tasche-fuer-e-zigarettenur-tasche\/#breadcrumb","itemListElement":[{"@type":"ListItem","position":1,"name":"Startseite","item":"https:\/\/marktxxl.de\/markt\/"},{"@type":"ListItem","position":2,"name":"Markt","item":"https:\/\/marktxxl.de\/markt\/"},{"@type":"ListItem","position":3,"name":"ZITFRI E Zigarette Tasche f\u00fcr IQOS3 \/ IQOS3 Duo, H\u00fclle aus Leinen und PU-Leder &#8211; Organizer f\u00fcr IQOSZubeh\u00f6r, Tasche f\u00fcr E\u2026"}]},{"@type":"WebSite","@id":"https:\/\/marktxxl.de\/markt\/#website","url":"https:\/\/marktxxl.de\/markt\/","name":"Markt-XXL","description":"Ihr Markt Online","publisher":{"@id":"https:\/\/marktxxl.de\/markt\/#organization"},"potentialAction":[{"@type":"SearchAction","target":{"@type":"EntryPoint","urlTemplate":"https:\/\/marktxxl.de\/markt\/?s={search_term_string}"},"query-input":{"@type":"PropertyValueSpecification","valueRequired":true,"valueName":"search_term_string"}}],"inLanguage":"de"},{"@type":"Organization","@id":"https:\/\/marktxxl.de\/markt\/#organization","name":"Markt-XXL","url":"https:\/\/marktxxl.de\/markt\/","logo":{"@type":"ImageObject","inLanguage":"de","@id":"https:\/\/marktxxl.de\/markt\/#\/schema\/logo\/image\/","url":"https:\/\/marktxxl.de\/markt\/wp-content\/uploads\/sites\/3\/2020\/12\/logo.png","contentUrl":"https:\/\/marktxxl.de\/markt\/wp-content\/uploads\/sites\/3\/2020\/12\/logo.png","width":200,"height":70,"caption":"Markt-XXL"},"image":{"@id":"https:\/\/marktxxl.de\/markt\/#\/schema\/logo\/image\/"}}]}},"_links":{"self":[{"href":"https:\/\/marktxxl.de\/markt\/wp-json\/wp\/v2\/product\/99193","targetHints":{"allow":["GET"]}}],"collection":[{"href":"https:\/\/marktxxl.de\/markt\/wp-json\/wp\/v2\/product"}],"about":[{"href":"https:\/\/marktxxl.de\/markt\/wp-json\/wp\/v2\/types\/product"}],"replies":[{"embeddable":true,"href":"https:\/\/marktxxl.de\/markt\/wp-json\/wp\/v2\/comments?post=99193"}],"wp:featuredmedia":[{"embeddable":true,"href":"https:\/\/marktxxl.de\/markt\/wp-json\/wp\/v2\/media\/99194"}],"wp:attachment":[{"href":"https:\/\/marktxxl.de\/markt\/wp-json\/wp\/v2\/media?parent=99193"}],"wp:term":[{"taxonomy":"product_brand","embeddable":true,"href":"https:\/\/marktxxl.de\/markt\/wp-json\/wp\/v2\/product_brand?post=99193"},{"taxonomy":"product_cat","embeddable":true,"href":"https:\/\/marktxxl.de\/markt\/wp-json\/wp\/v2\/product_cat?post=99193"},{"taxonomy":"product_tag","embeddable":true,"href":"https:\/\/marktxxl.de\/markt\/wp-json\/wp\/v2\/product_tag?post=99193"}],"curies":[{"name":"wp","href":"https:\/\/api.w.org\/{rel}","templated":true}]}}