{"id":99032,"date":"2022-01-27T15:19:38","date_gmt":"2022-01-27T14:19:38","guid":{"rendered":"https:\/\/marktxxl.de\/markt\/produkt\/inateck-usb-hub-mit-100-cm-kabel-4-usb-a-anschluessen-usb-3-2-gen-2-geschwindigkeit-hb2025al\/"},"modified":"2023-04-11T03:21:40","modified_gmt":"2023-04-11T01:21:40","slug":"inateck-usb-hub-mit-100-cm-kabel-4-usb-a-anschluessen-usb-3-2-gen-2-geschwindigkeit-hb2025al","status":"publish","type":"product","link":"https:\/\/marktxxl.de\/markt\/produkt\/inateck-usb-hub-mit-100-cm-kabel-4-usb-a-anschluessen-usb-3-2-gen-2-geschwindigkeit-hb2025al\/","title":{"rendered":"Inateck USB Hub mit 100 cm Kabel, 4 USB-A-Anschl\u00fcssen, USB 3.2 Gen 2 Geschwindigkeit"},"content":{"rendered":"<p>Dieser Hub verwendet USB 3.2 Gen 2, die neue Generation des USB-Standards, der theoretisch die doppelte Daten\u00fcbertragungsrate im Vergleich zu herk\u00f6mmlichem USB 3.0 bietet. Der Hub unterst\u00fctzt die neue Generation von NVMe SSD und U-Disk.<br \/>\nVerwandeln Sie mit diesem Hub einen der USB-Anschl\u00fcsse Ihres Computers in 4 USB-Anschl\u00fcsse. Die 4 Anschl\u00fcsse teilen sich eine \u00dcbertragungsgeschwindigkeit von 10 Gbps. Bitte beachten Sie, dass der Hub das Aufladen von Ger\u00e4ten nicht unterst\u00fctzt.<br \/>\nMit einer Kabell\u00e4nge von 100 Zentimetern kann der Hub auch mit Desktop-PCs problemlos verwendet werden.<br \/>\nLeicht und kompakt, bequem zu transportieren.<br \/>\nOptimiert f\u00fcr Windows 10\/8\/7, Mac OS und Linux. Hot-Swap-f\u00e4hig, kein Treiber erforderlich.<br \/>\n<div class=\"main-cross-sell\" data-asin=\"B09Q2PY8J2\">\n\n\t<div class=\"WooZone-cross-sell-loader\">\n\t\t<div>\n\t\t\t<div id=\"floatingBarsG\">\n\t\t\t\t<div class=\"blockG\" id=\"rotateG_01\"><\/div>\n\t\t\t\t<div class=\"blockG\" id=\"rotateG_02\"><\/div>\n\t\t\t\t<div class=\"blockG\" id=\"rotateG_03\"><\/div>\n\t\t\t\t<div class=\"blockG\" id=\"rotateG_04\"><\/div>\n\t\t\t\t<div class=\"blockG\" id=\"rotateG_05\"><\/div>\n\t\t\t\t<div class=\"blockG\" id=\"rotateG_06\"><\/div>\n\t\t\t\t<div class=\"blockG\" id=\"rotateG_07\"><\/div>\n\t\t\t\t<div class=\"blockG\" id=\"rotateG_08\"><\/div>\n\t\t\t<\/div>\n\t\t\t<div class=\"WooZone-cross-sell-loader-text\"><\/div>\n\t\t<\/div>\n\t<\/div>\n\n\t\t\n<\/div>\n<div style=\"clear:both;\"><\/div><\/p>\n","protected":false},"excerpt":{"rendered":"<p>Dieser Hub verwendet USB 3.2 Gen 2, die neue Generation des USB-Standards, der theoretisch die doppelte Daten\u00fcbertragungsrate im Vergleich zu herk\u00f6mmlichem USB 3.0 bietet. Der Hub unterst\u00fctzt die neue Generation von NVMe SSD und U-Disk.<br \/>\nVerwandeln Sie mit diesem Hub einen der USB-Anschl\u00fcsse Ihres Computers in 4 USB-Anschl\u00fcsse. Die 4 Anschl\u00fcsse teilen sich eine \u00dcbertragungsgeschwindigkeit von 10 Gbps. Bitte beachten Sie, dass der Hub das Aufladen von Ger\u00e4ten nicht unterst\u00fctzt.<br \/>\nMit einer Kabell\u00e4nge von 100 Zentimetern kann der Hub auch mit Desktop-PCs problemlos verwendet werden.<\/p>\n","protected":false},"featured_media":99033,"comment_status":"open","ping_status":"closed","template":"","meta":[],"product_brand":[],"product_cat":[863],"product_tag":[],"class_list":{"0":"post-99032","1":"product","2":"type-product","3":"status-publish","4":"has-post-thumbnail","6":"product_cat-computer-zubehoer","7":"pa_binding-personal-computers","8":"pa_brand-inateck","9":"pa_height-0-55-zoll","10":"pa_length-4-02-zoll","11":"pa_manufacturer-hb2025al-bk","12":"pa_model-hb2025al-bk","13":"pa_warranty-1-jahr","14":"pa_weight-0-13007273458-pfund","15":"pa_width-1-3-zoll","17":"first","18":"instock","19":"shipping-taxable","20":"purchasable","21":"product-type-simple","22":"customify-col","23":"product-has-gallery"},"yoast_head":"<!-- This site is optimized with the Yoast SEO plugin v27.3 - https:\/\/yoast.com\/product\/yoast-seo-wordpress\/ -->\n<title>Inateck USB Hub mit 100 cm Kabel, 4 USB-A-Anschl\u00fcssen, USB 3.2 Gen 2 Geschwindigkeit - Markt-XXL<\/title>\n<meta name=\"description\" content=\"Markt-XXL Inateck USB Hub mit 100 cm Kabel, 4 USB-A-Anschl\u00fcssen, USB 3.2 Gen 2 Geschwindigkeit\" \/>\n<meta name=\"robots\" content=\"index, follow, max-snippet:-1, max-image-preview:large, max-video-preview:-1\" \/>\n<link rel=\"canonical\" href=\"https:\/\/marktxxl.de\/markt\/produkt\/inateck-usb-hub-mit-100-cm-kabel-4-usb-a-anschluessen-usb-3-2-gen-2-geschwindigkeit-hb2025al\/\" \/>\n<meta property=\"og:locale\" content=\"de_DE\" \/>\n<meta property=\"og:type\" content=\"article\" \/>\n<meta property=\"og:title\" content=\"Inateck USB Hub mit 100 cm Kabel, 4 USB-A-Anschl\u00fcssen, USB 3.2 Gen 2 Geschwindigkeit - Markt-XXL\" \/>\n<meta property=\"og:description\" content=\"Markt-XXL Inateck USB Hub mit 100 cm Kabel, 4 USB-A-Anschl\u00fcssen, USB 3.2 Gen 2 Geschwindigkeit\" \/>\n<meta property=\"og:url\" content=\"https:\/\/marktxxl.de\/markt\/produkt\/inateck-usb-hub-mit-100-cm-kabel-4-usb-a-anschluessen-usb-3-2-gen-2-geschwindigkeit-hb2025al\/\" \/>\n<meta property=\"og:site_name\" content=\"Markt-XXL\" \/>\n<meta property=\"article:modified_time\" content=\"2023-04-11T01:21:40+00:00\" \/>\n<meta property=\"og:image\" content=\"https:\/\/m.media-amazon.com\/images\/I\/319cisyA6eL._SL500_.jpg\" \/>\n\t<meta property=\"og:image:width\" content=\"500\" \/>\n\t<meta property=\"og:image:height\" content=\"500\" \/>\n\t<meta property=\"og:image:type\" content=\"image\/jpeg\" \/>\n<meta name=\"twitter:card\" content=\"summary_large_image\" \/>\n<meta name=\"twitter:label1\" content=\"Gesch\u00e4tzte Lesezeit\" \/>\n\t<meta name=\"twitter:data1\" content=\"1\u00a0Minute\" \/>\n<script type=\"application\/ld+json\" class=\"yoast-schema-graph\">{\"@context\":\"https:\\\/\\\/schema.org\",\"@graph\":[{\"@type\":\"WebPage\",\"@id\":\"https:\\\/\\\/marktxxl.de\\\/markt\\\/produkt\\\/inateck-usb-hub-mit-100-cm-kabel-4-usb-a-anschluessen-usb-3-2-gen-2-geschwindigkeit-hb2025al\\\/\",\"url\":\"https:\\\/\\\/marktxxl.de\\\/markt\\\/produkt\\\/inateck-usb-hub-mit-100-cm-kabel-4-usb-a-anschluessen-usb-3-2-gen-2-geschwindigkeit-hb2025al\\\/\",\"name\":\"Inateck USB Hub mit 100 cm Kabel, 4 USB-A-Anschl\u00fcssen, USB 3.2 Gen 2 Geschwindigkeit - Markt-XXL\",\"isPartOf\":{\"@id\":\"https:\\\/\\\/marktxxl.de\\\/markt\\\/#website\"},\"primaryImageOfPage\":{\"@id\":\"https:\\\/\\\/marktxxl.de\\\/markt\\\/produkt\\\/inateck-usb-hub-mit-100-cm-kabel-4-usb-a-anschluessen-usb-3-2-gen-2-geschwindigkeit-hb2025al\\\/#primaryimage\"},\"image\":{\"@id\":\"https:\\\/\\\/marktxxl.de\\\/markt\\\/produkt\\\/inateck-usb-hub-mit-100-cm-kabel-4-usb-a-anschluessen-usb-3-2-gen-2-geschwindigkeit-hb2025al\\\/#primaryimage\"},\"thumbnailUrl\":\"https:\\\/\\\/m.media-amazon.com\\\/images\\\/I\\\/319cisyA6eL._SL500_.jpg\",\"datePublished\":\"2022-01-27T14:19:38+00:00\",\"dateModified\":\"2023-04-11T01:21:40+00:00\",\"description\":\"Markt-XXL Inateck USB Hub mit 100 cm Kabel, 4 USB-A-Anschl\u00fcssen, USB 3.2 Gen 2 Geschwindigkeit\",\"breadcrumb\":{\"@id\":\"https:\\\/\\\/marktxxl.de\\\/markt\\\/produkt\\\/inateck-usb-hub-mit-100-cm-kabel-4-usb-a-anschluessen-usb-3-2-gen-2-geschwindigkeit-hb2025al\\\/#breadcrumb\"},\"inLanguage\":\"de\",\"potentialAction\":[{\"@type\":\"ReadAction\",\"target\":[\"https:\\\/\\\/marktxxl.de\\\/markt\\\/produkt\\\/inateck-usb-hub-mit-100-cm-kabel-4-usb-a-anschluessen-usb-3-2-gen-2-geschwindigkeit-hb2025al\\\/\"]}]},{\"@type\":\"ImageObject\",\"inLanguage\":\"de\",\"@id\":\"https:\\\/\\\/marktxxl.de\\\/markt\\\/produkt\\\/inateck-usb-hub-mit-100-cm-kabel-4-usb-a-anschluessen-usb-3-2-gen-2-geschwindigkeit-hb2025al\\\/#primaryimage\",\"url\":\"https:\\\/\\\/m.media-amazon.com\\\/images\\\/I\\\/319cisyA6eL._SL500_.jpg\",\"contentUrl\":\"https:\\\/\\\/m.media-amazon.com\\\/images\\\/I\\\/319cisyA6eL._SL500_.jpg\",\"width\":500,\"height\":500},{\"@type\":\"BreadcrumbList\",\"@id\":\"https:\\\/\\\/marktxxl.de\\\/markt\\\/produkt\\\/inateck-usb-hub-mit-100-cm-kabel-4-usb-a-anschluessen-usb-3-2-gen-2-geschwindigkeit-hb2025al\\\/#breadcrumb\",\"itemListElement\":[{\"@type\":\"ListItem\",\"position\":1,\"name\":\"Startseite\",\"item\":\"https:\\\/\\\/marktxxl.de\\\/markt\\\/\"},{\"@type\":\"ListItem\",\"position\":2,\"name\":\"Markt\",\"item\":\"https:\\\/\\\/marktxxl.de\\\/markt\\\/\"},{\"@type\":\"ListItem\",\"position\":3,\"name\":\"Inateck USB Hub mit 100 cm Kabel, 4 USB-A-Anschl\u00fcssen, USB 3.2 Gen 2 Geschwindigkeit\"}]},{\"@type\":\"WebSite\",\"@id\":\"https:\\\/\\\/marktxxl.de\\\/markt\\\/#website\",\"url\":\"https:\\\/\\\/marktxxl.de\\\/markt\\\/\",\"name\":\"Markt-XXL\",\"description\":\"Ihr Markt Online\",\"publisher\":{\"@id\":\"https:\\\/\\\/marktxxl.de\\\/markt\\\/#organization\"},\"potentialAction\":[{\"@type\":\"SearchAction\",\"target\":{\"@type\":\"EntryPoint\",\"urlTemplate\":\"https:\\\/\\\/marktxxl.de\\\/markt\\\/?s={search_term_string}\"},\"query-input\":{\"@type\":\"PropertyValueSpecification\",\"valueRequired\":true,\"valueName\":\"search_term_string\"}}],\"inLanguage\":\"de\"},{\"@type\":\"Organization\",\"@id\":\"https:\\\/\\\/marktxxl.de\\\/markt\\\/#organization\",\"name\":\"Markt-XXL\",\"url\":\"https:\\\/\\\/marktxxl.de\\\/markt\\\/\",\"logo\":{\"@type\":\"ImageObject\",\"inLanguage\":\"de\",\"@id\":\"https:\\\/\\\/marktxxl.de\\\/markt\\\/#\\\/schema\\\/logo\\\/image\\\/\",\"url\":\"https:\\\/\\\/marktxxl.de\\\/markt\\\/wp-content\\\/uploads\\\/sites\\\/3\\\/2020\\\/12\\\/logo.png\",\"contentUrl\":\"https:\\\/\\\/marktxxl.de\\\/markt\\\/wp-content\\\/uploads\\\/sites\\\/3\\\/2020\\\/12\\\/logo.png\",\"width\":200,\"height\":70,\"caption\":\"Markt-XXL\"},\"image\":{\"@id\":\"https:\\\/\\\/marktxxl.de\\\/markt\\\/#\\\/schema\\\/logo\\\/image\\\/\"}}]}<\/script>\n<!-- \/ Yoast SEO plugin. -->","yoast_head_json":{"title":"Inateck USB Hub mit 100 cm Kabel, 4 USB-A-Anschl\u00fcssen, USB 3.2 Gen 2 Geschwindigkeit - Markt-XXL","description":"Markt-XXL Inateck USB Hub mit 100 cm Kabel, 4 USB-A-Anschl\u00fcssen, USB 3.2 Gen 2 Geschwindigkeit","robots":{"index":"index","follow":"follow","max-snippet":"max-snippet:-1","max-image-preview":"max-image-preview:large","max-video-preview":"max-video-preview:-1"},"canonical":"https:\/\/marktxxl.de\/markt\/produkt\/inateck-usb-hub-mit-100-cm-kabel-4-usb-a-anschluessen-usb-3-2-gen-2-geschwindigkeit-hb2025al\/","og_locale":"de_DE","og_type":"article","og_title":"Inateck USB Hub mit 100 cm Kabel, 4 USB-A-Anschl\u00fcssen, USB 3.2 Gen 2 Geschwindigkeit - Markt-XXL","og_description":"Markt-XXL Inateck USB Hub mit 100 cm Kabel, 4 USB-A-Anschl\u00fcssen, USB 3.2 Gen 2 Geschwindigkeit","og_url":"https:\/\/marktxxl.de\/markt\/produkt\/inateck-usb-hub-mit-100-cm-kabel-4-usb-a-anschluessen-usb-3-2-gen-2-geschwindigkeit-hb2025al\/","og_site_name":"Markt-XXL","article_modified_time":"2023-04-11T01:21:40+00:00","og_image":[{"width":500,"height":500,"url":"https:\/\/m.media-amazon.com\/images\/I\/319cisyA6eL._SL500_.jpg","type":"image\/jpeg"}],"twitter_card":"summary_large_image","twitter_misc":{"Gesch\u00e4tzte Lesezeit":"1\u00a0Minute"},"schema":{"@context":"https:\/\/schema.org","@graph":[{"@type":"WebPage","@id":"https:\/\/marktxxl.de\/markt\/produkt\/inateck-usb-hub-mit-100-cm-kabel-4-usb-a-anschluessen-usb-3-2-gen-2-geschwindigkeit-hb2025al\/","url":"https:\/\/marktxxl.de\/markt\/produkt\/inateck-usb-hub-mit-100-cm-kabel-4-usb-a-anschluessen-usb-3-2-gen-2-geschwindigkeit-hb2025al\/","name":"Inateck USB Hub mit 100 cm Kabel, 4 USB-A-Anschl\u00fcssen, USB 3.2 Gen 2 Geschwindigkeit - Markt-XXL","isPartOf":{"@id":"https:\/\/marktxxl.de\/markt\/#website"},"primaryImageOfPage":{"@id":"https:\/\/marktxxl.de\/markt\/produkt\/inateck-usb-hub-mit-100-cm-kabel-4-usb-a-anschluessen-usb-3-2-gen-2-geschwindigkeit-hb2025al\/#primaryimage"},"image":{"@id":"https:\/\/marktxxl.de\/markt\/produkt\/inateck-usb-hub-mit-100-cm-kabel-4-usb-a-anschluessen-usb-3-2-gen-2-geschwindigkeit-hb2025al\/#primaryimage"},"thumbnailUrl":"https:\/\/m.media-amazon.com\/images\/I\/319cisyA6eL._SL500_.jpg","datePublished":"2022-01-27T14:19:38+00:00","dateModified":"2023-04-11T01:21:40+00:00","description":"Markt-XXL Inateck USB Hub mit 100 cm Kabel, 4 USB-A-Anschl\u00fcssen, USB 3.2 Gen 2 Geschwindigkeit","breadcrumb":{"@id":"https:\/\/marktxxl.de\/markt\/produkt\/inateck-usb-hub-mit-100-cm-kabel-4-usb-a-anschluessen-usb-3-2-gen-2-geschwindigkeit-hb2025al\/#breadcrumb"},"inLanguage":"de","potentialAction":[{"@type":"ReadAction","target":["https:\/\/marktxxl.de\/markt\/produkt\/inateck-usb-hub-mit-100-cm-kabel-4-usb-a-anschluessen-usb-3-2-gen-2-geschwindigkeit-hb2025al\/"]}]},{"@type":"ImageObject","inLanguage":"de","@id":"https:\/\/marktxxl.de\/markt\/produkt\/inateck-usb-hub-mit-100-cm-kabel-4-usb-a-anschluessen-usb-3-2-gen-2-geschwindigkeit-hb2025al\/#primaryimage","url":"https:\/\/m.media-amazon.com\/images\/I\/319cisyA6eL._SL500_.jpg","contentUrl":"https:\/\/m.media-amazon.com\/images\/I\/319cisyA6eL._SL500_.jpg","width":500,"height":500},{"@type":"BreadcrumbList","@id":"https:\/\/marktxxl.de\/markt\/produkt\/inateck-usb-hub-mit-100-cm-kabel-4-usb-a-anschluessen-usb-3-2-gen-2-geschwindigkeit-hb2025al\/#breadcrumb","itemListElement":[{"@type":"ListItem","position":1,"name":"Startseite","item":"https:\/\/marktxxl.de\/markt\/"},{"@type":"ListItem","position":2,"name":"Markt","item":"https:\/\/marktxxl.de\/markt\/"},{"@type":"ListItem","position":3,"name":"Inateck USB Hub mit 100 cm Kabel, 4 USB-A-Anschl\u00fcssen, USB 3.2 Gen 2 Geschwindigkeit"}]},{"@type":"WebSite","@id":"https:\/\/marktxxl.de\/markt\/#website","url":"https:\/\/marktxxl.de\/markt\/","name":"Markt-XXL","description":"Ihr Markt Online","publisher":{"@id":"https:\/\/marktxxl.de\/markt\/#organization"},"potentialAction":[{"@type":"SearchAction","target":{"@type":"EntryPoint","urlTemplate":"https:\/\/marktxxl.de\/markt\/?s={search_term_string}"},"query-input":{"@type":"PropertyValueSpecification","valueRequired":true,"valueName":"search_term_string"}}],"inLanguage":"de"},{"@type":"Organization","@id":"https:\/\/marktxxl.de\/markt\/#organization","name":"Markt-XXL","url":"https:\/\/marktxxl.de\/markt\/","logo":{"@type":"ImageObject","inLanguage":"de","@id":"https:\/\/marktxxl.de\/markt\/#\/schema\/logo\/image\/","url":"https:\/\/marktxxl.de\/markt\/wp-content\/uploads\/sites\/3\/2020\/12\/logo.png","contentUrl":"https:\/\/marktxxl.de\/markt\/wp-content\/uploads\/sites\/3\/2020\/12\/logo.png","width":200,"height":70,"caption":"Markt-XXL"},"image":{"@id":"https:\/\/marktxxl.de\/markt\/#\/schema\/logo\/image\/"}}]}},"_links":{"self":[{"href":"https:\/\/marktxxl.de\/markt\/wp-json\/wp\/v2\/product\/99032","targetHints":{"allow":["GET"]}}],"collection":[{"href":"https:\/\/marktxxl.de\/markt\/wp-json\/wp\/v2\/product"}],"about":[{"href":"https:\/\/marktxxl.de\/markt\/wp-json\/wp\/v2\/types\/product"}],"replies":[{"embeddable":true,"href":"https:\/\/marktxxl.de\/markt\/wp-json\/wp\/v2\/comments?post=99032"}],"wp:featuredmedia":[{"embeddable":true,"href":"https:\/\/marktxxl.de\/markt\/wp-json\/wp\/v2\/media\/99033"}],"wp:attachment":[{"href":"https:\/\/marktxxl.de\/markt\/wp-json\/wp\/v2\/media?parent=99032"}],"wp:term":[{"taxonomy":"product_brand","embeddable":true,"href":"https:\/\/marktxxl.de\/markt\/wp-json\/wp\/v2\/product_brand?post=99032"},{"taxonomy":"product_cat","embeddable":true,"href":"https:\/\/marktxxl.de\/markt\/wp-json\/wp\/v2\/product_cat?post=99032"},{"taxonomy":"product_tag","embeddable":true,"href":"https:\/\/marktxxl.de\/markt\/wp-json\/wp\/v2\/product_tag?post=99032"}],"curies":[{"name":"wp","href":"https:\/\/api.w.org\/{rel}","templated":true}]}}