{"id":98930,"date":"2022-01-27T15:15:45","date_gmt":"2022-01-27T14:15:45","guid":{"rendered":"https:\/\/marktxxl.de\/markt\/produkt\/hofsos-huelle-mit-tastatur-fuer-lenovo-tab-m10-fhd-plus-schutzhuelle-mit-wireless-abnehmbare-tastatur-deutsches-qwertz-fuer-lenovo-tab-m10-fhd-plus-10-3-zoll-tb-x606f-tb-x606x-2nd-gen-himmelbla\/"},"modified":"2023-04-11T03:21:39","modified_gmt":"2023-04-11T01:21:39","slug":"hofsos-huelle-mit-tastatur-fuer-lenovo-tab-m10-fhd-plus-schutzhuelle-mit-wireless-abnehmbare-tastatur-deutsches-qwertz-fuer-lenovo-tab-m10-fhd-plus-10-3-zoll-tb-x606f-tb-x606x-2nd-gen-himmelbla","status":"publish","type":"product","link":"https:\/\/marktxxl.de\/markt\/produkt\/hofsos-huelle-mit-tastatur-fuer-lenovo-tab-m10-fhd-plus-schutzhuelle-mit-wireless-abnehmbare-tastatur-deutsches-qwertz-fuer-lenovo-tab-m10-fhd-plus-10-3-zoll-tb-x606f-tb-x606x-2nd-gen-himmelbla\/","title":{"rendered":"Hofsos Lenovo Tab M10 FHD Plus H\u00fclle mit Tastatur,Schutzh\u00fclle mit Wireless Abnehmbare Tastatur (Deutsches QWERTZ) f\u00fcr\u2026"},"content":{"rendered":"<p>\u3010Lenovo Tab M10 FHD Plus H\u00fclle mit Tastatur\u3011- Die h\u00fclle mit tastatur ist speziell ma\u00dfgeschneidert f\u00fcr Lenovo Tab M10 FHD Plus \/ Smart Tab M10 FHD Plus 10.3 Zoll (2. Generation) TB-X606 Tablet-PC, mit Bluetooth tastatur (QWERTZ Layout), pr\u00e4zise aussparungen f\u00fcr alle anschl\u00fcsse, kontrollen, sensoren und kameras.<br \/>\n\u3010Abnehmbare und Lange Akkulaufzeit\u3011- Die ultraschlanke kabellose tastatur kann mit einem magneten am Lenovo Tab M10 FHD Plus 10.3 geh\u00e4use des angebracht werden, sodass sie die tastatur jederzeit problemlos entfernen k\u00f6nnen. Eingebauter premium li-Ionen akku mit energiesparmodus, der eine kontinuierliche arbeitszeit von mindestens 72 Stunden und eine standby zeit von 30 tagen bei voller ladung bietet. (ERINNERUNGEN: Laden sie die Tastatur vor dem ersten gebrauch ca. 2-3 stunden lang auf.)<br \/>\n\u3010Maximaler Schutz mit Stifthalter\u3011- Das hochwertige ledergeh\u00e4use sch\u00fctzt Ihr Lenovo Tab M10 FHD Plus 2nd Gen 10.3 vor versehentlichem herunterfallen und St\u00f6\u00dfen. Das weiche, rutschfeste Innere sch\u00fctzt Ihr tablet vor kratzern. Mit dem stifthalter k\u00f6nnen Sie Ihren Smart Tab M10 FHD Plus Stift \u00fcberall hin mitnehmen. (Hinweis: Pencil ist nicht im lieferumfang enthalten.)<br \/>\n\u3010Mehrere Betrachtungswinkel\u3011- Mit diesem stilvollen und eleganten design k\u00f6nnen sie Ihr tablet in weniger als einer sekunde in einen laptop verwandeln. Sie k\u00f6nnen Ihr Lenovo Tab M10 FHD Plus im querformat auf verschiedene betrachtungswinkel umschalten, um die bequemste betrachtungsposition zu erzielen. Perfekt zum arbeiten, schreiben oder ansehen von Videos.<br \/>\n\u3010Auto Sleep \/ Wake Funktion\u3011- Das Lenovo Tab M10 FHD Plus schaltet sich automatisch ein oder wechselt in den schlafmodus, wenn sich der deckel \u00f6ffnet oder schlie\u00dft. Diese funktion spart mehr strom f\u00fcr Ihr tablet und macht es f\u00fcr ihre verwendung bequemer.<br \/>\n<div class=\"main-cross-sell\" data-asin=\"B09NND47BD\">\n\n\t<div class=\"WooZone-cross-sell-loader\">\n\t\t<div>\n\t\t\t<div id=\"floatingBarsG\">\n\t\t\t\t<div class=\"blockG\" id=\"rotateG_01\"><\/div>\n\t\t\t\t<div class=\"blockG\" id=\"rotateG_02\"><\/div>\n\t\t\t\t<div class=\"blockG\" id=\"rotateG_03\"><\/div>\n\t\t\t\t<div class=\"blockG\" id=\"rotateG_04\"><\/div>\n\t\t\t\t<div class=\"blockG\" id=\"rotateG_05\"><\/div>\n\t\t\t\t<div class=\"blockG\" id=\"rotateG_06\"><\/div>\n\t\t\t\t<div class=\"blockG\" id=\"rotateG_07\"><\/div>\n\t\t\t\t<div class=\"blockG\" id=\"rotateG_08\"><\/div>\n\t\t\t<\/div>\n\t\t\t<div class=\"WooZone-cross-sell-loader-text\"><\/div>\n\t\t<\/div>\n\t<\/div>\n\n\t\t\n<\/div>\n<div style=\"clear:both;\"><\/div><\/p>\n","protected":false},"excerpt":{"rendered":"<p>\u3010Lenovo Tab M10 FHD Plus H\u00fclle mit Tastatur\u3011- Die h\u00fclle mit tastatur ist speziell ma\u00dfgeschneidert f\u00fcr Lenovo Tab M10 FHD Plus \/ Smart Tab M10 FHD Plus 10.3 Zoll (2. Generation) TB-X606 Tablet-PC, mit Bluetooth tastatur (QWERTZ Layout), pr\u00e4zise aussparungen f\u00fcr alle anschl\u00fcsse, kontrollen, sensoren und kameras.<br \/>\n\u3010Abnehmbare und Lange Akkulaufzeit\u3011- Die ultraschlanke kabellose tastatur kann mit einem magneten am Lenovo Tab M10 FHD Plus 10.3 geh\u00e4use des angebracht werden, sodass sie die tastatur jederzeit problemlos entfernen k\u00f6nnen. Eingebauter premium li-Ionen akku mit energiesparmodus, der eine kontinuierliche arbeitszeit von mindestens 72 Stunden und eine standby zeit von 30 tagen bei voller ladung bietet. (ERINNERUNGEN: Laden sie die Tastatur vor dem ersten gebrauch ca. 2-3 stunden lang auf.)<br \/>\n\u3010Maximaler Schutz mit Stifthalter\u3011- Das hochwertige ledergeh\u00e4use sch\u00fctzt Ihr Lenovo Tab M10 FHD Plus 2nd Gen 10.3 vor versehentlichem herunterfallen und St\u00f6\u00dfen. Das weiche, rutschfeste Innere sch\u00fctzt Ihr tablet vor kratzern. Mit dem stifthalter k\u00f6nnen Sie Ihren Smart Tab M10 FHD Plus Stift \u00fcberall hin mitnehmen. (Hinweis: Pencil ist nicht im lieferumfang enthalten.)<\/p>\n","protected":false},"featured_media":98931,"comment_status":"open","ping_status":"closed","template":"","meta":[],"product_brand":[],"product_cat":[863],"product_tag":[],"class_list":{"0":"post-98930","1":"product","2":"type-product","3":"status-publish","4":"has-post-thumbnail","6":"product_cat-computer-zubehoer","7":"pa_brand-hofsos","8":"pa_color-blue","9":"pa_height-1-181102361-zoll","10":"pa_length-9-055118101-zoll","11":"pa_manufacturer-hofsos","12":"pa_width-7-87401574-zoll","14":"first","15":"instock","16":"shipping-taxable","17":"purchasable","18":"product-type-simple","19":"customify-col","20":"product-has-gallery"},"yoast_head":"<!-- This site is optimized with the Yoast SEO plugin v27.4 - https:\/\/yoast.com\/product\/yoast-seo-wordpress\/ -->\n<title>Hofsos Lenovo Tab M10 FHD Plus H\u00fclle mit Tastatur,Schutzh\u00fclle mit Wireless Abnehmbare Tastatur (Deutsches QWERTZ) f\u00fcr\u2026 - Markt-XXL<\/title>\n<meta name=\"description\" content=\"Markt-XXL Hofsos Lenovo Tab M10 FHD Plus H\u00fclle mit Tastatur,Schutzh\u00fclle mit Wireless Abnehmbare Tastatur (Deutsches QWERTZ) f\u00fcr\u2026\" \/>\n<meta name=\"robots\" content=\"index, follow, max-snippet:-1, max-image-preview:large, max-video-preview:-1\" \/>\n<link rel=\"canonical\" href=\"https:\/\/marktxxl.de\/markt\/produkt\/hofsos-huelle-mit-tastatur-fuer-lenovo-tab-m10-fhd-plus-schutzhuelle-mit-wireless-abnehmbare-tastatur-deutsches-qwertz-fuer-lenovo-tab-m10-fhd-plus-10-3-zoll-tb-x606f-tb-x606x-2nd-gen-himmelbla\/\" \/>\n<meta property=\"og:locale\" content=\"de_DE\" \/>\n<meta property=\"og:type\" content=\"article\" \/>\n<meta property=\"og:title\" content=\"Hofsos Lenovo Tab M10 FHD Plus H\u00fclle mit Tastatur,Schutzh\u00fclle mit Wireless Abnehmbare Tastatur (Deutsches QWERTZ) f\u00fcr\u2026 - Markt-XXL\" \/>\n<meta property=\"og:description\" content=\"Markt-XXL Hofsos Lenovo Tab M10 FHD Plus H\u00fclle mit Tastatur,Schutzh\u00fclle mit Wireless Abnehmbare Tastatur (Deutsches QWERTZ) f\u00fcr\u2026\" \/>\n<meta property=\"og:url\" content=\"https:\/\/marktxxl.de\/markt\/produkt\/hofsos-huelle-mit-tastatur-fuer-lenovo-tab-m10-fhd-plus-schutzhuelle-mit-wireless-abnehmbare-tastatur-deutsches-qwertz-fuer-lenovo-tab-m10-fhd-plus-10-3-zoll-tb-x606f-tb-x606x-2nd-gen-himmelbla\/\" \/>\n<meta property=\"og:site_name\" content=\"Markt-XXL\" \/>\n<meta property=\"article:modified_time\" content=\"2023-04-11T01:21:39+00:00\" \/>\n<meta property=\"og:image\" content=\"https:\/\/m.media-amazon.com\/images\/I\/51q8SLdcueL._SL500_.jpg\" \/>\n\t<meta property=\"og:image:width\" content=\"500\" \/>\n\t<meta property=\"og:image:height\" content=\"500\" \/>\n\t<meta property=\"og:image:type\" content=\"image\/jpeg\" \/>\n<meta name=\"twitter:card\" content=\"summary_large_image\" \/>\n<meta name=\"twitter:label1\" content=\"Gesch\u00e4tzte Lesezeit\" \/>\n\t<meta name=\"twitter:data1\" content=\"1\u00a0Minute\" \/>\n<script type=\"application\/ld+json\" class=\"yoast-schema-graph\">{\"@context\":\"https:\\\/\\\/schema.org\",\"@graph\":[{\"@type\":\"WebPage\",\"@id\":\"https:\\\/\\\/marktxxl.de\\\/markt\\\/produkt\\\/hofsos-huelle-mit-tastatur-fuer-lenovo-tab-m10-fhd-plus-schutzhuelle-mit-wireless-abnehmbare-tastatur-deutsches-qwertz-fuer-lenovo-tab-m10-fhd-plus-10-3-zoll-tb-x606f-tb-x606x-2nd-gen-himmelbla\\\/\",\"url\":\"https:\\\/\\\/marktxxl.de\\\/markt\\\/produkt\\\/hofsos-huelle-mit-tastatur-fuer-lenovo-tab-m10-fhd-plus-schutzhuelle-mit-wireless-abnehmbare-tastatur-deutsches-qwertz-fuer-lenovo-tab-m10-fhd-plus-10-3-zoll-tb-x606f-tb-x606x-2nd-gen-himmelbla\\\/\",\"name\":\"Hofsos Lenovo Tab M10 FHD Plus H\u00fclle mit Tastatur,Schutzh\u00fclle mit Wireless Abnehmbare Tastatur (Deutsches QWERTZ) f\u00fcr\u2026 - Markt-XXL\",\"isPartOf\":{\"@id\":\"https:\\\/\\\/marktxxl.de\\\/markt\\\/#website\"},\"primaryImageOfPage\":{\"@id\":\"https:\\\/\\\/marktxxl.de\\\/markt\\\/produkt\\\/hofsos-huelle-mit-tastatur-fuer-lenovo-tab-m10-fhd-plus-schutzhuelle-mit-wireless-abnehmbare-tastatur-deutsches-qwertz-fuer-lenovo-tab-m10-fhd-plus-10-3-zoll-tb-x606f-tb-x606x-2nd-gen-himmelbla\\\/#primaryimage\"},\"image\":{\"@id\":\"https:\\\/\\\/marktxxl.de\\\/markt\\\/produkt\\\/hofsos-huelle-mit-tastatur-fuer-lenovo-tab-m10-fhd-plus-schutzhuelle-mit-wireless-abnehmbare-tastatur-deutsches-qwertz-fuer-lenovo-tab-m10-fhd-plus-10-3-zoll-tb-x606f-tb-x606x-2nd-gen-himmelbla\\\/#primaryimage\"},\"thumbnailUrl\":\"https:\\\/\\\/m.media-amazon.com\\\/images\\\/I\\\/51q8SLdcueL._SL500_.jpg\",\"datePublished\":\"2022-01-27T14:15:45+00:00\",\"dateModified\":\"2023-04-11T01:21:39+00:00\",\"description\":\"Markt-XXL Hofsos Lenovo Tab M10 FHD Plus H\u00fclle mit Tastatur,Schutzh\u00fclle mit Wireless Abnehmbare Tastatur (Deutsches QWERTZ) f\u00fcr\u2026\",\"breadcrumb\":{\"@id\":\"https:\\\/\\\/marktxxl.de\\\/markt\\\/produkt\\\/hofsos-huelle-mit-tastatur-fuer-lenovo-tab-m10-fhd-plus-schutzhuelle-mit-wireless-abnehmbare-tastatur-deutsches-qwertz-fuer-lenovo-tab-m10-fhd-plus-10-3-zoll-tb-x606f-tb-x606x-2nd-gen-himmelbla\\\/#breadcrumb\"},\"inLanguage\":\"de\",\"potentialAction\":[{\"@type\":\"ReadAction\",\"target\":[\"https:\\\/\\\/marktxxl.de\\\/markt\\\/produkt\\\/hofsos-huelle-mit-tastatur-fuer-lenovo-tab-m10-fhd-plus-schutzhuelle-mit-wireless-abnehmbare-tastatur-deutsches-qwertz-fuer-lenovo-tab-m10-fhd-plus-10-3-zoll-tb-x606f-tb-x606x-2nd-gen-himmelbla\\\/\"]}]},{\"@type\":\"ImageObject\",\"inLanguage\":\"de\",\"@id\":\"https:\\\/\\\/marktxxl.de\\\/markt\\\/produkt\\\/hofsos-huelle-mit-tastatur-fuer-lenovo-tab-m10-fhd-plus-schutzhuelle-mit-wireless-abnehmbare-tastatur-deutsches-qwertz-fuer-lenovo-tab-m10-fhd-plus-10-3-zoll-tb-x606f-tb-x606x-2nd-gen-himmelbla\\\/#primaryimage\",\"url\":\"https:\\\/\\\/m.media-amazon.com\\\/images\\\/I\\\/51q8SLdcueL._SL500_.jpg\",\"contentUrl\":\"https:\\\/\\\/m.media-amazon.com\\\/images\\\/I\\\/51q8SLdcueL._SL500_.jpg\",\"width\":500,\"height\":500},{\"@type\":\"BreadcrumbList\",\"@id\":\"https:\\\/\\\/marktxxl.de\\\/markt\\\/produkt\\\/hofsos-huelle-mit-tastatur-fuer-lenovo-tab-m10-fhd-plus-schutzhuelle-mit-wireless-abnehmbare-tastatur-deutsches-qwertz-fuer-lenovo-tab-m10-fhd-plus-10-3-zoll-tb-x606f-tb-x606x-2nd-gen-himmelbla\\\/#breadcrumb\",\"itemListElement\":[{\"@type\":\"ListItem\",\"position\":1,\"name\":\"Startseite\",\"item\":\"https:\\\/\\\/marktxxl.de\\\/markt\\\/\"},{\"@type\":\"ListItem\",\"position\":2,\"name\":\"Markt\",\"item\":\"https:\\\/\\\/marktxxl.de\\\/markt\\\/\"},{\"@type\":\"ListItem\",\"position\":3,\"name\":\"Hofsos Lenovo Tab M10 FHD Plus H\u00fclle mit Tastatur,Schutzh\u00fclle mit Wireless Abnehmbare Tastatur (Deutsches QWERTZ) f\u00fcr\u2026\"}]},{\"@type\":\"WebSite\",\"@id\":\"https:\\\/\\\/marktxxl.de\\\/markt\\\/#website\",\"url\":\"https:\\\/\\\/marktxxl.de\\\/markt\\\/\",\"name\":\"Markt-XXL\",\"description\":\"Ihr Markt Online\",\"publisher\":{\"@id\":\"https:\\\/\\\/marktxxl.de\\\/markt\\\/#organization\"},\"potentialAction\":[{\"@type\":\"SearchAction\",\"target\":{\"@type\":\"EntryPoint\",\"urlTemplate\":\"https:\\\/\\\/marktxxl.de\\\/markt\\\/?s={search_term_string}\"},\"query-input\":{\"@type\":\"PropertyValueSpecification\",\"valueRequired\":true,\"valueName\":\"search_term_string\"}}],\"inLanguage\":\"de\"},{\"@type\":\"Organization\",\"@id\":\"https:\\\/\\\/marktxxl.de\\\/markt\\\/#organization\",\"name\":\"Markt-XXL\",\"url\":\"https:\\\/\\\/marktxxl.de\\\/markt\\\/\",\"logo\":{\"@type\":\"ImageObject\",\"inLanguage\":\"de\",\"@id\":\"https:\\\/\\\/marktxxl.de\\\/markt\\\/#\\\/schema\\\/logo\\\/image\\\/\",\"url\":\"https:\\\/\\\/marktxxl.de\\\/markt\\\/wp-content\\\/uploads\\\/sites\\\/3\\\/2020\\\/12\\\/logo.png\",\"contentUrl\":\"https:\\\/\\\/marktxxl.de\\\/markt\\\/wp-content\\\/uploads\\\/sites\\\/3\\\/2020\\\/12\\\/logo.png\",\"width\":200,\"height\":70,\"caption\":\"Markt-XXL\"},\"image\":{\"@id\":\"https:\\\/\\\/marktxxl.de\\\/markt\\\/#\\\/schema\\\/logo\\\/image\\\/\"}}]}<\/script>\n<!-- \/ Yoast SEO plugin. -->","yoast_head_json":{"title":"Hofsos Lenovo Tab M10 FHD Plus H\u00fclle mit Tastatur,Schutzh\u00fclle mit Wireless Abnehmbare Tastatur (Deutsches QWERTZ) f\u00fcr\u2026 - Markt-XXL","description":"Markt-XXL Hofsos Lenovo Tab M10 FHD Plus H\u00fclle mit Tastatur,Schutzh\u00fclle mit Wireless Abnehmbare Tastatur (Deutsches QWERTZ) f\u00fcr\u2026","robots":{"index":"index","follow":"follow","max-snippet":"max-snippet:-1","max-image-preview":"max-image-preview:large","max-video-preview":"max-video-preview:-1"},"canonical":"https:\/\/marktxxl.de\/markt\/produkt\/hofsos-huelle-mit-tastatur-fuer-lenovo-tab-m10-fhd-plus-schutzhuelle-mit-wireless-abnehmbare-tastatur-deutsches-qwertz-fuer-lenovo-tab-m10-fhd-plus-10-3-zoll-tb-x606f-tb-x606x-2nd-gen-himmelbla\/","og_locale":"de_DE","og_type":"article","og_title":"Hofsos Lenovo Tab M10 FHD Plus H\u00fclle mit Tastatur,Schutzh\u00fclle mit Wireless Abnehmbare Tastatur (Deutsches QWERTZ) f\u00fcr\u2026 - Markt-XXL","og_description":"Markt-XXL Hofsos Lenovo Tab M10 FHD Plus H\u00fclle mit Tastatur,Schutzh\u00fclle mit Wireless Abnehmbare Tastatur (Deutsches QWERTZ) f\u00fcr\u2026","og_url":"https:\/\/marktxxl.de\/markt\/produkt\/hofsos-huelle-mit-tastatur-fuer-lenovo-tab-m10-fhd-plus-schutzhuelle-mit-wireless-abnehmbare-tastatur-deutsches-qwertz-fuer-lenovo-tab-m10-fhd-plus-10-3-zoll-tb-x606f-tb-x606x-2nd-gen-himmelbla\/","og_site_name":"Markt-XXL","article_modified_time":"2023-04-11T01:21:39+00:00","og_image":[{"width":500,"height":500,"url":"https:\/\/m.media-amazon.com\/images\/I\/51q8SLdcueL._SL500_.jpg","type":"image\/jpeg"}],"twitter_card":"summary_large_image","twitter_misc":{"Gesch\u00e4tzte Lesezeit":"1\u00a0Minute"},"schema":{"@context":"https:\/\/schema.org","@graph":[{"@type":"WebPage","@id":"https:\/\/marktxxl.de\/markt\/produkt\/hofsos-huelle-mit-tastatur-fuer-lenovo-tab-m10-fhd-plus-schutzhuelle-mit-wireless-abnehmbare-tastatur-deutsches-qwertz-fuer-lenovo-tab-m10-fhd-plus-10-3-zoll-tb-x606f-tb-x606x-2nd-gen-himmelbla\/","url":"https:\/\/marktxxl.de\/markt\/produkt\/hofsos-huelle-mit-tastatur-fuer-lenovo-tab-m10-fhd-plus-schutzhuelle-mit-wireless-abnehmbare-tastatur-deutsches-qwertz-fuer-lenovo-tab-m10-fhd-plus-10-3-zoll-tb-x606f-tb-x606x-2nd-gen-himmelbla\/","name":"Hofsos Lenovo Tab M10 FHD Plus H\u00fclle mit Tastatur,Schutzh\u00fclle mit Wireless Abnehmbare Tastatur (Deutsches QWERTZ) f\u00fcr\u2026 - Markt-XXL","isPartOf":{"@id":"https:\/\/marktxxl.de\/markt\/#website"},"primaryImageOfPage":{"@id":"https:\/\/marktxxl.de\/markt\/produkt\/hofsos-huelle-mit-tastatur-fuer-lenovo-tab-m10-fhd-plus-schutzhuelle-mit-wireless-abnehmbare-tastatur-deutsches-qwertz-fuer-lenovo-tab-m10-fhd-plus-10-3-zoll-tb-x606f-tb-x606x-2nd-gen-himmelbla\/#primaryimage"},"image":{"@id":"https:\/\/marktxxl.de\/markt\/produkt\/hofsos-huelle-mit-tastatur-fuer-lenovo-tab-m10-fhd-plus-schutzhuelle-mit-wireless-abnehmbare-tastatur-deutsches-qwertz-fuer-lenovo-tab-m10-fhd-plus-10-3-zoll-tb-x606f-tb-x606x-2nd-gen-himmelbla\/#primaryimage"},"thumbnailUrl":"https:\/\/m.media-amazon.com\/images\/I\/51q8SLdcueL._SL500_.jpg","datePublished":"2022-01-27T14:15:45+00:00","dateModified":"2023-04-11T01:21:39+00:00","description":"Markt-XXL Hofsos Lenovo Tab M10 FHD Plus H\u00fclle mit Tastatur,Schutzh\u00fclle mit Wireless Abnehmbare Tastatur (Deutsches QWERTZ) f\u00fcr\u2026","breadcrumb":{"@id":"https:\/\/marktxxl.de\/markt\/produkt\/hofsos-huelle-mit-tastatur-fuer-lenovo-tab-m10-fhd-plus-schutzhuelle-mit-wireless-abnehmbare-tastatur-deutsches-qwertz-fuer-lenovo-tab-m10-fhd-plus-10-3-zoll-tb-x606f-tb-x606x-2nd-gen-himmelbla\/#breadcrumb"},"inLanguage":"de","potentialAction":[{"@type":"ReadAction","target":["https:\/\/marktxxl.de\/markt\/produkt\/hofsos-huelle-mit-tastatur-fuer-lenovo-tab-m10-fhd-plus-schutzhuelle-mit-wireless-abnehmbare-tastatur-deutsches-qwertz-fuer-lenovo-tab-m10-fhd-plus-10-3-zoll-tb-x606f-tb-x606x-2nd-gen-himmelbla\/"]}]},{"@type":"ImageObject","inLanguage":"de","@id":"https:\/\/marktxxl.de\/markt\/produkt\/hofsos-huelle-mit-tastatur-fuer-lenovo-tab-m10-fhd-plus-schutzhuelle-mit-wireless-abnehmbare-tastatur-deutsches-qwertz-fuer-lenovo-tab-m10-fhd-plus-10-3-zoll-tb-x606f-tb-x606x-2nd-gen-himmelbla\/#primaryimage","url":"https:\/\/m.media-amazon.com\/images\/I\/51q8SLdcueL._SL500_.jpg","contentUrl":"https:\/\/m.media-amazon.com\/images\/I\/51q8SLdcueL._SL500_.jpg","width":500,"height":500},{"@type":"BreadcrumbList","@id":"https:\/\/marktxxl.de\/markt\/produkt\/hofsos-huelle-mit-tastatur-fuer-lenovo-tab-m10-fhd-plus-schutzhuelle-mit-wireless-abnehmbare-tastatur-deutsches-qwertz-fuer-lenovo-tab-m10-fhd-plus-10-3-zoll-tb-x606f-tb-x606x-2nd-gen-himmelbla\/#breadcrumb","itemListElement":[{"@type":"ListItem","position":1,"name":"Startseite","item":"https:\/\/marktxxl.de\/markt\/"},{"@type":"ListItem","position":2,"name":"Markt","item":"https:\/\/marktxxl.de\/markt\/"},{"@type":"ListItem","position":3,"name":"Hofsos Lenovo Tab M10 FHD Plus H\u00fclle mit Tastatur,Schutzh\u00fclle mit Wireless Abnehmbare Tastatur (Deutsches QWERTZ) f\u00fcr\u2026"}]},{"@type":"WebSite","@id":"https:\/\/marktxxl.de\/markt\/#website","url":"https:\/\/marktxxl.de\/markt\/","name":"Markt-XXL","description":"Ihr Markt Online","publisher":{"@id":"https:\/\/marktxxl.de\/markt\/#organization"},"potentialAction":[{"@type":"SearchAction","target":{"@type":"EntryPoint","urlTemplate":"https:\/\/marktxxl.de\/markt\/?s={search_term_string}"},"query-input":{"@type":"PropertyValueSpecification","valueRequired":true,"valueName":"search_term_string"}}],"inLanguage":"de"},{"@type":"Organization","@id":"https:\/\/marktxxl.de\/markt\/#organization","name":"Markt-XXL","url":"https:\/\/marktxxl.de\/markt\/","logo":{"@type":"ImageObject","inLanguage":"de","@id":"https:\/\/marktxxl.de\/markt\/#\/schema\/logo\/image\/","url":"https:\/\/marktxxl.de\/markt\/wp-content\/uploads\/sites\/3\/2020\/12\/logo.png","contentUrl":"https:\/\/marktxxl.de\/markt\/wp-content\/uploads\/sites\/3\/2020\/12\/logo.png","width":200,"height":70,"caption":"Markt-XXL"},"image":{"@id":"https:\/\/marktxxl.de\/markt\/#\/schema\/logo\/image\/"}}]}},"_links":{"self":[{"href":"https:\/\/marktxxl.de\/markt\/wp-json\/wp\/v2\/product\/98930","targetHints":{"allow":["GET"]}}],"collection":[{"href":"https:\/\/marktxxl.de\/markt\/wp-json\/wp\/v2\/product"}],"about":[{"href":"https:\/\/marktxxl.de\/markt\/wp-json\/wp\/v2\/types\/product"}],"replies":[{"embeddable":true,"href":"https:\/\/marktxxl.de\/markt\/wp-json\/wp\/v2\/comments?post=98930"}],"wp:featuredmedia":[{"embeddable":true,"href":"https:\/\/marktxxl.de\/markt\/wp-json\/wp\/v2\/media\/98931"}],"wp:attachment":[{"href":"https:\/\/marktxxl.de\/markt\/wp-json\/wp\/v2\/media?parent=98930"}],"wp:term":[{"taxonomy":"product_brand","embeddable":true,"href":"https:\/\/marktxxl.de\/markt\/wp-json\/wp\/v2\/product_brand?post=98930"},{"taxonomy":"product_cat","embeddable":true,"href":"https:\/\/marktxxl.de\/markt\/wp-json\/wp\/v2\/product_cat?post=98930"},{"taxonomy":"product_tag","embeddable":true,"href":"https:\/\/marktxxl.de\/markt\/wp-json\/wp\/v2\/product_tag?post=98930"}],"curies":[{"name":"wp","href":"https:\/\/api.w.org\/{rel}","templated":true}]}}