{"id":98747,"date":"2022-01-27T15:07:46","date_gmt":"2022-01-27T14:07:46","guid":{"rendered":"https:\/\/marktxxl.de\/markt\/produkt\/usb-stick-64-gb-metall-usb-3-0-wasserdichter-usb-memory-stick-fuer-speicherung-und-backup-mit-schluesselager\/"},"modified":"2023-04-11T03:21:37","modified_gmt":"2023-04-11T01:21:37","slug":"usb-stick-64-gb-metall-usb-3-0-wasserdichter-usb-memory-stick-fuer-speicherung-und-backup-mit-schluesselager","status":"publish","type":"product","link":"https:\/\/marktxxl.de\/markt\/produkt\/usb-stick-64-gb-metall-usb-3-0-wasserdichter-usb-memory-stick-fuer-speicherung-und-backup-mit-schluesselager\/","title":{"rendered":"USB Stick 64 GB Metall USB 3.0 Wasserdichter USB Memory Stick f\u00fcr Speicherung und Backup mit Schl\u00fcsselager"},"content":{"rendered":"<p>\u2739Plug and Play: Stecken Sie einfach den USB-Stick ein und starten Sie die Datenspeicherung, Sicherung und \u00dcbertragung zwischen Ger\u00e4ten und Standorten. Es ist Ihr gro\u00dfartiger Datenspeicher- und \u00dcbertragungsbegleiter beim Reisen und Arbeiten.<br \/>\n\u2739Viel Speicherplatz f\u00fcr Sie: Sie k\u00f6nnen das 64 GB Laufwerk verwenden, um Ihre Fotos zu sichern, gute Erinnerungsvideos aufzunehmen, Musik oder B\u00fccher in Ihrem Auto zu h\u00f6ren, PowerPoint-Pr\u00e4sentationen oder Projekte zu geben, Windows-Wiederherstellung und allgemeine Dateien zu sichern.<br \/>\n\u2739Kleines und Schl\u00fcsselanh\u00e4nger-Design: Der USB-Stick ist so klein und handlich, dass Sie ihn in Ihre Tasche oder Handtasche stecken k\u00f6nnen. Mit dem integrierten Schl\u00fcsselring k\u00f6nnen Sie es an Ihrem Rucksack oder Ihrer Brieftasche befestigen, um die Daten \u00fcberall hin mitzunehmen.<br \/>\n\u2739Wasserdicht und Langlebig: Dieses 64 GB Flash-Laufwerk ist absolut wasserfest, Sie k\u00f6nnen es problemlos trocknen und verwenden, wenn es versehentlich ins Wasser f\u00e4llt.<br \/>\n\u2739Breite Kompatibilit\u00e4t: USB Flash Drive unterst\u00fctzt fast alle Betriebssysteme einschlie\u00dflich Windows 2000\/7\/8\/8.1\/10\/Vista\/XP\/2000\/ME, Linux und MacOs 10.3 und h\u00f6her.<br \/>\n<div class=\"main-cross-sell\" data-asin=\"B09PB5NZ8S\">\n\n\t<div class=\"WooZone-cross-sell-loader\">\n\t\t<div>\n\t\t\t<div id=\"floatingBarsG\">\n\t\t\t\t<div class=\"blockG\" id=\"rotateG_01\"><\/div>\n\t\t\t\t<div class=\"blockG\" id=\"rotateG_02\"><\/div>\n\t\t\t\t<div class=\"blockG\" id=\"rotateG_03\"><\/div>\n\t\t\t\t<div class=\"blockG\" id=\"rotateG_04\"><\/div>\n\t\t\t\t<div class=\"blockG\" id=\"rotateG_05\"><\/div>\n\t\t\t\t<div class=\"blockG\" id=\"rotateG_06\"><\/div>\n\t\t\t\t<div class=\"blockG\" id=\"rotateG_07\"><\/div>\n\t\t\t\t<div class=\"blockG\" id=\"rotateG_08\"><\/div>\n\t\t\t<\/div>\n\t\t\t<div class=\"WooZone-cross-sell-loader-text\"><\/div>\n\t\t<\/div>\n\t<\/div>\n\n\t\t\n<\/div>\n<div style=\"clear:both;\"><\/div><\/p>\n","protected":false},"excerpt":{"rendered":"<p>\u2739Plug and Play: Stecken Sie einfach den USB-Stick ein und starten Sie die Datenspeicherung, Sicherung und \u00dcbertragung zwischen Ger\u00e4ten und Standorten. Es ist Ihr gro\u00dfartiger Datenspeicher- und \u00dcbertragungsbegleiter beim Reisen und Arbeiten.<br \/>\n\u2739Viel Speicherplatz f\u00fcr Sie: Sie k\u00f6nnen das 64 GB Laufwerk verwenden, um Ihre Fotos zu sichern, gute Erinnerungsvideos aufzunehmen, Musik oder B\u00fccher in Ihrem Auto zu h\u00f6ren, PowerPoint-Pr\u00e4sentationen oder Projekte zu geben, Windows-Wiederherstellung und allgemeine Dateien zu sichern.<br \/>\n\u2739Kleines und Schl\u00fcsselanh\u00e4nger-Design: Der USB-Stick ist so klein und handlich, dass Sie ihn in Ihre Tasche oder Handtasche stecken k\u00f6nnen. Mit dem integrierten Schl\u00fcsselring k\u00f6nnen Sie es an Ihrem Rucksack oder Ihrer Brieftasche befestigen, um die Daten \u00fcberall hin mitzunehmen.<\/p>\n","protected":false},"featured_media":98748,"comment_status":"open","ping_status":"closed","template":"","meta":[],"product_brand":[],"product_cat":[863],"product_tag":[],"class_list":{"0":"post-98747","1":"product","2":"type-product","3":"status-publish","4":"has-post-thumbnail","6":"product_cat-computer-zubehoer","7":"pa_manufacturer-jennyica","8":"pa_model-cle-usb-64-go","10":"first","11":"instock","12":"shipping-taxable","13":"purchasable","14":"product-type-simple","15":"customify-col","16":"product-has-gallery"},"yoast_head":"<!-- This site is optimized with the Yoast SEO plugin v27.4 - https:\/\/yoast.com\/product\/yoast-seo-wordpress\/ -->\n<title>USB Stick 64 GB Metall USB 3.0 Wasserdichter USB Memory Stick f\u00fcr Speicherung und Backup mit Schl\u00fcsselager - Markt-XXL<\/title>\n<meta name=\"description\" content=\"Markt-XXL USB Stick 64 GB Metall USB 3.0 Wasserdichter USB Memory Stick f\u00fcr Speicherung und Backup mit Schl\u00fcsselager\" \/>\n<meta name=\"robots\" content=\"index, follow, max-snippet:-1, max-image-preview:large, max-video-preview:-1\" \/>\n<link rel=\"canonical\" href=\"https:\/\/marktxxl.de\/markt\/produkt\/usb-stick-64-gb-metall-usb-3-0-wasserdichter-usb-memory-stick-fuer-speicherung-und-backup-mit-schluesselager\/\" \/>\n<meta property=\"og:locale\" content=\"de_DE\" \/>\n<meta property=\"og:type\" content=\"article\" \/>\n<meta property=\"og:title\" content=\"USB Stick 64 GB Metall USB 3.0 Wasserdichter USB Memory Stick f\u00fcr Speicherung und Backup mit Schl\u00fcsselager - Markt-XXL\" \/>\n<meta property=\"og:description\" content=\"Markt-XXL USB Stick 64 GB Metall USB 3.0 Wasserdichter USB Memory Stick f\u00fcr Speicherung und Backup mit Schl\u00fcsselager\" \/>\n<meta property=\"og:url\" content=\"https:\/\/marktxxl.de\/markt\/produkt\/usb-stick-64-gb-metall-usb-3-0-wasserdichter-usb-memory-stick-fuer-speicherung-und-backup-mit-schluesselager\/\" \/>\n<meta property=\"og:site_name\" content=\"Markt-XXL\" \/>\n<meta property=\"article:modified_time\" content=\"2023-04-11T01:21:37+00:00\" \/>\n<meta property=\"og:image\" content=\"https:\/\/m.media-amazon.com\/images\/I\/21FVhBRtWEL._SL500_.jpg\" \/>\n\t<meta property=\"og:image:width\" content=\"499\" \/>\n\t<meta property=\"og:image:height\" content=\"500\" \/>\n\t<meta property=\"og:image:type\" content=\"image\/jpeg\" \/>\n<meta name=\"twitter:card\" content=\"summary_large_image\" \/>\n<meta name=\"twitter:label1\" content=\"Gesch\u00e4tzte Lesezeit\" \/>\n\t<meta name=\"twitter:data1\" content=\"1\u00a0Minute\" \/>\n<script type=\"application\/ld+json\" class=\"yoast-schema-graph\">{\"@context\":\"https:\\\/\\\/schema.org\",\"@graph\":[{\"@type\":\"WebPage\",\"@id\":\"https:\\\/\\\/marktxxl.de\\\/markt\\\/produkt\\\/usb-stick-64-gb-metall-usb-3-0-wasserdichter-usb-memory-stick-fuer-speicherung-und-backup-mit-schluesselager\\\/\",\"url\":\"https:\\\/\\\/marktxxl.de\\\/markt\\\/produkt\\\/usb-stick-64-gb-metall-usb-3-0-wasserdichter-usb-memory-stick-fuer-speicherung-und-backup-mit-schluesselager\\\/\",\"name\":\"USB Stick 64 GB Metall USB 3.0 Wasserdichter USB Memory Stick f\u00fcr Speicherung und Backup mit Schl\u00fcsselager - Markt-XXL\",\"isPartOf\":{\"@id\":\"https:\\\/\\\/marktxxl.de\\\/markt\\\/#website\"},\"primaryImageOfPage\":{\"@id\":\"https:\\\/\\\/marktxxl.de\\\/markt\\\/produkt\\\/usb-stick-64-gb-metall-usb-3-0-wasserdichter-usb-memory-stick-fuer-speicherung-und-backup-mit-schluesselager\\\/#primaryimage\"},\"image\":{\"@id\":\"https:\\\/\\\/marktxxl.de\\\/markt\\\/produkt\\\/usb-stick-64-gb-metall-usb-3-0-wasserdichter-usb-memory-stick-fuer-speicherung-und-backup-mit-schluesselager\\\/#primaryimage\"},\"thumbnailUrl\":\"https:\\\/\\\/m.media-amazon.com\\\/images\\\/I\\\/21FVhBRtWEL._SL500_.jpg\",\"datePublished\":\"2022-01-27T14:07:46+00:00\",\"dateModified\":\"2023-04-11T01:21:37+00:00\",\"description\":\"Markt-XXL USB Stick 64 GB Metall USB 3.0 Wasserdichter USB Memory Stick f\u00fcr Speicherung und Backup mit Schl\u00fcsselager\",\"breadcrumb\":{\"@id\":\"https:\\\/\\\/marktxxl.de\\\/markt\\\/produkt\\\/usb-stick-64-gb-metall-usb-3-0-wasserdichter-usb-memory-stick-fuer-speicherung-und-backup-mit-schluesselager\\\/#breadcrumb\"},\"inLanguage\":\"de\",\"potentialAction\":[{\"@type\":\"ReadAction\",\"target\":[\"https:\\\/\\\/marktxxl.de\\\/markt\\\/produkt\\\/usb-stick-64-gb-metall-usb-3-0-wasserdichter-usb-memory-stick-fuer-speicherung-und-backup-mit-schluesselager\\\/\"]}]},{\"@type\":\"ImageObject\",\"inLanguage\":\"de\",\"@id\":\"https:\\\/\\\/marktxxl.de\\\/markt\\\/produkt\\\/usb-stick-64-gb-metall-usb-3-0-wasserdichter-usb-memory-stick-fuer-speicherung-und-backup-mit-schluesselager\\\/#primaryimage\",\"url\":\"https:\\\/\\\/m.media-amazon.com\\\/images\\\/I\\\/21FVhBRtWEL._SL500_.jpg\",\"contentUrl\":\"https:\\\/\\\/m.media-amazon.com\\\/images\\\/I\\\/21FVhBRtWEL._SL500_.jpg\",\"width\":499,\"height\":500},{\"@type\":\"BreadcrumbList\",\"@id\":\"https:\\\/\\\/marktxxl.de\\\/markt\\\/produkt\\\/usb-stick-64-gb-metall-usb-3-0-wasserdichter-usb-memory-stick-fuer-speicherung-und-backup-mit-schluesselager\\\/#breadcrumb\",\"itemListElement\":[{\"@type\":\"ListItem\",\"position\":1,\"name\":\"Startseite\",\"item\":\"https:\\\/\\\/marktxxl.de\\\/markt\\\/\"},{\"@type\":\"ListItem\",\"position\":2,\"name\":\"Markt\",\"item\":\"https:\\\/\\\/marktxxl.de\\\/markt\\\/\"},{\"@type\":\"ListItem\",\"position\":3,\"name\":\"USB Stick 64 GB Metall USB 3.0 Wasserdichter USB Memory Stick f\u00fcr Speicherung und Backup mit Schl\u00fcsselager\"}]},{\"@type\":\"WebSite\",\"@id\":\"https:\\\/\\\/marktxxl.de\\\/markt\\\/#website\",\"url\":\"https:\\\/\\\/marktxxl.de\\\/markt\\\/\",\"name\":\"Markt-XXL\",\"description\":\"Ihr Markt Online\",\"publisher\":{\"@id\":\"https:\\\/\\\/marktxxl.de\\\/markt\\\/#organization\"},\"potentialAction\":[{\"@type\":\"SearchAction\",\"target\":{\"@type\":\"EntryPoint\",\"urlTemplate\":\"https:\\\/\\\/marktxxl.de\\\/markt\\\/?s={search_term_string}\"},\"query-input\":{\"@type\":\"PropertyValueSpecification\",\"valueRequired\":true,\"valueName\":\"search_term_string\"}}],\"inLanguage\":\"de\"},{\"@type\":\"Organization\",\"@id\":\"https:\\\/\\\/marktxxl.de\\\/markt\\\/#organization\",\"name\":\"Markt-XXL\",\"url\":\"https:\\\/\\\/marktxxl.de\\\/markt\\\/\",\"logo\":{\"@type\":\"ImageObject\",\"inLanguage\":\"de\",\"@id\":\"https:\\\/\\\/marktxxl.de\\\/markt\\\/#\\\/schema\\\/logo\\\/image\\\/\",\"url\":\"https:\\\/\\\/marktxxl.de\\\/markt\\\/wp-content\\\/uploads\\\/sites\\\/3\\\/2020\\\/12\\\/logo.png\",\"contentUrl\":\"https:\\\/\\\/marktxxl.de\\\/markt\\\/wp-content\\\/uploads\\\/sites\\\/3\\\/2020\\\/12\\\/logo.png\",\"width\":200,\"height\":70,\"caption\":\"Markt-XXL\"},\"image\":{\"@id\":\"https:\\\/\\\/marktxxl.de\\\/markt\\\/#\\\/schema\\\/logo\\\/image\\\/\"}}]}<\/script>\n<!-- \/ Yoast SEO plugin. -->","yoast_head_json":{"title":"USB Stick 64 GB Metall USB 3.0 Wasserdichter USB Memory Stick f\u00fcr Speicherung und Backup mit Schl\u00fcsselager - Markt-XXL","description":"Markt-XXL USB Stick 64 GB Metall USB 3.0 Wasserdichter USB Memory Stick f\u00fcr Speicherung und Backup mit Schl\u00fcsselager","robots":{"index":"index","follow":"follow","max-snippet":"max-snippet:-1","max-image-preview":"max-image-preview:large","max-video-preview":"max-video-preview:-1"},"canonical":"https:\/\/marktxxl.de\/markt\/produkt\/usb-stick-64-gb-metall-usb-3-0-wasserdichter-usb-memory-stick-fuer-speicherung-und-backup-mit-schluesselager\/","og_locale":"de_DE","og_type":"article","og_title":"USB Stick 64 GB Metall USB 3.0 Wasserdichter USB Memory Stick f\u00fcr Speicherung und Backup mit Schl\u00fcsselager - Markt-XXL","og_description":"Markt-XXL USB Stick 64 GB Metall USB 3.0 Wasserdichter USB Memory Stick f\u00fcr Speicherung und Backup mit Schl\u00fcsselager","og_url":"https:\/\/marktxxl.de\/markt\/produkt\/usb-stick-64-gb-metall-usb-3-0-wasserdichter-usb-memory-stick-fuer-speicherung-und-backup-mit-schluesselager\/","og_site_name":"Markt-XXL","article_modified_time":"2023-04-11T01:21:37+00:00","og_image":[{"width":499,"height":500,"url":"https:\/\/m.media-amazon.com\/images\/I\/21FVhBRtWEL._SL500_.jpg","type":"image\/jpeg"}],"twitter_card":"summary_large_image","twitter_misc":{"Gesch\u00e4tzte Lesezeit":"1\u00a0Minute"},"schema":{"@context":"https:\/\/schema.org","@graph":[{"@type":"WebPage","@id":"https:\/\/marktxxl.de\/markt\/produkt\/usb-stick-64-gb-metall-usb-3-0-wasserdichter-usb-memory-stick-fuer-speicherung-und-backup-mit-schluesselager\/","url":"https:\/\/marktxxl.de\/markt\/produkt\/usb-stick-64-gb-metall-usb-3-0-wasserdichter-usb-memory-stick-fuer-speicherung-und-backup-mit-schluesselager\/","name":"USB Stick 64 GB Metall USB 3.0 Wasserdichter USB Memory Stick f\u00fcr Speicherung und Backup mit Schl\u00fcsselager - Markt-XXL","isPartOf":{"@id":"https:\/\/marktxxl.de\/markt\/#website"},"primaryImageOfPage":{"@id":"https:\/\/marktxxl.de\/markt\/produkt\/usb-stick-64-gb-metall-usb-3-0-wasserdichter-usb-memory-stick-fuer-speicherung-und-backup-mit-schluesselager\/#primaryimage"},"image":{"@id":"https:\/\/marktxxl.de\/markt\/produkt\/usb-stick-64-gb-metall-usb-3-0-wasserdichter-usb-memory-stick-fuer-speicherung-und-backup-mit-schluesselager\/#primaryimage"},"thumbnailUrl":"https:\/\/m.media-amazon.com\/images\/I\/21FVhBRtWEL._SL500_.jpg","datePublished":"2022-01-27T14:07:46+00:00","dateModified":"2023-04-11T01:21:37+00:00","description":"Markt-XXL USB Stick 64 GB Metall USB 3.0 Wasserdichter USB Memory Stick f\u00fcr Speicherung und Backup mit Schl\u00fcsselager","breadcrumb":{"@id":"https:\/\/marktxxl.de\/markt\/produkt\/usb-stick-64-gb-metall-usb-3-0-wasserdichter-usb-memory-stick-fuer-speicherung-und-backup-mit-schluesselager\/#breadcrumb"},"inLanguage":"de","potentialAction":[{"@type":"ReadAction","target":["https:\/\/marktxxl.de\/markt\/produkt\/usb-stick-64-gb-metall-usb-3-0-wasserdichter-usb-memory-stick-fuer-speicherung-und-backup-mit-schluesselager\/"]}]},{"@type":"ImageObject","inLanguage":"de","@id":"https:\/\/marktxxl.de\/markt\/produkt\/usb-stick-64-gb-metall-usb-3-0-wasserdichter-usb-memory-stick-fuer-speicherung-und-backup-mit-schluesselager\/#primaryimage","url":"https:\/\/m.media-amazon.com\/images\/I\/21FVhBRtWEL._SL500_.jpg","contentUrl":"https:\/\/m.media-amazon.com\/images\/I\/21FVhBRtWEL._SL500_.jpg","width":499,"height":500},{"@type":"BreadcrumbList","@id":"https:\/\/marktxxl.de\/markt\/produkt\/usb-stick-64-gb-metall-usb-3-0-wasserdichter-usb-memory-stick-fuer-speicherung-und-backup-mit-schluesselager\/#breadcrumb","itemListElement":[{"@type":"ListItem","position":1,"name":"Startseite","item":"https:\/\/marktxxl.de\/markt\/"},{"@type":"ListItem","position":2,"name":"Markt","item":"https:\/\/marktxxl.de\/markt\/"},{"@type":"ListItem","position":3,"name":"USB Stick 64 GB Metall USB 3.0 Wasserdichter USB Memory Stick f\u00fcr Speicherung und Backup mit Schl\u00fcsselager"}]},{"@type":"WebSite","@id":"https:\/\/marktxxl.de\/markt\/#website","url":"https:\/\/marktxxl.de\/markt\/","name":"Markt-XXL","description":"Ihr Markt Online","publisher":{"@id":"https:\/\/marktxxl.de\/markt\/#organization"},"potentialAction":[{"@type":"SearchAction","target":{"@type":"EntryPoint","urlTemplate":"https:\/\/marktxxl.de\/markt\/?s={search_term_string}"},"query-input":{"@type":"PropertyValueSpecification","valueRequired":true,"valueName":"search_term_string"}}],"inLanguage":"de"},{"@type":"Organization","@id":"https:\/\/marktxxl.de\/markt\/#organization","name":"Markt-XXL","url":"https:\/\/marktxxl.de\/markt\/","logo":{"@type":"ImageObject","inLanguage":"de","@id":"https:\/\/marktxxl.de\/markt\/#\/schema\/logo\/image\/","url":"https:\/\/marktxxl.de\/markt\/wp-content\/uploads\/sites\/3\/2020\/12\/logo.png","contentUrl":"https:\/\/marktxxl.de\/markt\/wp-content\/uploads\/sites\/3\/2020\/12\/logo.png","width":200,"height":70,"caption":"Markt-XXL"},"image":{"@id":"https:\/\/marktxxl.de\/markt\/#\/schema\/logo\/image\/"}}]}},"_links":{"self":[{"href":"https:\/\/marktxxl.de\/markt\/wp-json\/wp\/v2\/product\/98747","targetHints":{"allow":["GET"]}}],"collection":[{"href":"https:\/\/marktxxl.de\/markt\/wp-json\/wp\/v2\/product"}],"about":[{"href":"https:\/\/marktxxl.de\/markt\/wp-json\/wp\/v2\/types\/product"}],"replies":[{"embeddable":true,"href":"https:\/\/marktxxl.de\/markt\/wp-json\/wp\/v2\/comments?post=98747"}],"wp:featuredmedia":[{"embeddable":true,"href":"https:\/\/marktxxl.de\/markt\/wp-json\/wp\/v2\/media\/98748"}],"wp:attachment":[{"href":"https:\/\/marktxxl.de\/markt\/wp-json\/wp\/v2\/media?parent=98747"}],"wp:term":[{"taxonomy":"product_brand","embeddable":true,"href":"https:\/\/marktxxl.de\/markt\/wp-json\/wp\/v2\/product_brand?post=98747"},{"taxonomy":"product_cat","embeddable":true,"href":"https:\/\/marktxxl.de\/markt\/wp-json\/wp\/v2\/product_cat?post=98747"},{"taxonomy":"product_tag","embeddable":true,"href":"https:\/\/marktxxl.de\/markt\/wp-json\/wp\/v2\/product_tag?post=98747"}],"curies":[{"name":"wp","href":"https:\/\/api.w.org\/{rel}","templated":true}]}}