{"id":98674,"date":"2022-01-27T15:04:44","date_gmt":"2022-01-27T14:04:44","guid":{"rendered":"https:\/\/marktxxl.de\/markt\/produkt\/paperfeel-2-stueck-matte-papier-schutzfolie-fuer-ipad-102-zoll-ipad-9-8-7-generation-displayschutzfolie-zum-zeichnen-schreiben-blendfreiem-anti-fingerabdruck-pet-folie\/"},"modified":"2023-04-11T03:21:37","modified_gmt":"2023-04-11T01:21:37","slug":"paperfeel-2-stueck-matte-papier-schutzfolie-fuer-ipad-102-zoll-ipad-9-8-7-generation-displayschutzfolie-zum-zeichnen-schreiben-blendfreiem-anti-fingerabdruck-pet-folie","status":"publish","type":"product","link":"https:\/\/marktxxl.de\/markt\/produkt\/paperfeel-2-stueck-matte-papier-schutzfolie-fuer-ipad-102-zoll-ipad-9-8-7-generation-displayschutzfolie-zum-zeichnen-schreiben-blendfreiem-anti-fingerabdruck-pet-folie\/","title":{"rendered":"[2 St\u00fcck] Paperfeel Matte Papier Schutzfolie f\u00fcr iPad 10,2 Zoll (iPad 9\/8\/7 Generation) Displayschutzfolie zum Zeichnen\u2026"},"content":{"rendered":"<p>\u3010Kompatibilit\u00e4t\u3011Exklusiv f\u00fcr iPad 10,2 2021(9th Gen), 2020(8th Gen), iPad 2019(7th Gen), (Modellnummer\uff1aA2602 \/ A2604 \/ A2603 \/ A2605\/ A2197 \/ A2200 \/ A2198 \/ A2270 \/ A2428 \/ A2429 \/ A2430. Bitte \u00fcberpr\u00fcfen Sie die R\u00fcckseite Ihres iPads, um die Modellnummer zu finden. Kompatibel mit Apple Pencil oder anderen Active Stylus-Stiften.<br \/>\n\u3010Genie\u00dfen Sie die Textur des Papiers\u3011Hergestellt aus dem Material Japan Matte PET, schreiben Sie wie auf Papier, ber\u00fchren Sie sich wie auf Papier, klingen Sie wie auf Papier. Haupts\u00e4chlich zum Zeichnen, Schreiben und Skizzieren verwendet.<br \/>\n\u3010Hohe Empfindlichkeit f\u00fcr Ber\u00fchrung und Schreiben\u3011 Verwandeln Sie Glas in Papier, keine rutschige Oberfl\u00e4che verbessert die Arbeitseffizienz und bewahrt die urspr\u00fcngliche Empfindlichkeit Ihres Bildschirms beim Schreiben oder Ber\u00fchren.<br \/>\n\u3010Blendschutz zum Schutz der Augen\u3011Entworfen mit Blendschutzfunktion, um die Lichtreflexion zu minimieren und die Belastung der Augen zu maximieren. Mit matter Oberfl\u00e4che, kratzfest und weniger Fingerabdr\u00fccken auf dem Bildschirm, halten Sie einen klaren und sauberen Bildschirm.<br \/>\n\u3010Sorgenfreie Installation-2Packs\u3011 Verpackt mit 2 x Displayschutzfolien und Installationswerkzeugtasche. Mit einer zus\u00e4tzlichen Displayschutzfolie als Ersatz machen Sie sich beim ersten Mal keine Sorgen \u00fcber den Ausfall.<br \/>\n<div class=\"main-cross-sell\" data-asin=\"B08TQ8HDNP\">\n\n\t<div class=\"WooZone-cross-sell-loader\">\n\t\t<div>\n\t\t\t<div id=\"floatingBarsG\">\n\t\t\t\t<div class=\"blockG\" id=\"rotateG_01\"><\/div>\n\t\t\t\t<div class=\"blockG\" id=\"rotateG_02\"><\/div>\n\t\t\t\t<div class=\"blockG\" id=\"rotateG_03\"><\/div>\n\t\t\t\t<div class=\"blockG\" id=\"rotateG_04\"><\/div>\n\t\t\t\t<div class=\"blockG\" id=\"rotateG_05\"><\/div>\n\t\t\t\t<div class=\"blockG\" id=\"rotateG_06\"><\/div>\n\t\t\t\t<div class=\"blockG\" id=\"rotateG_07\"><\/div>\n\t\t\t\t<div class=\"blockG\" id=\"rotateG_08\"><\/div>\n\t\t\t<\/div>\n\t\t\t<div class=\"WooZone-cross-sell-loader-text\"><\/div>\n\t\t<\/div>\n\t<\/div>\n\n\t\t\n<\/div>\n<div style=\"clear:both;\"><\/div><\/p>\n","protected":false},"excerpt":{"rendered":"<p>\u3010Kompatibilit\u00e4t\u3011Exklusiv f\u00fcr iPad 10,2 2021(9th Gen), 2020(8th Gen), iPad 2019(7th Gen), (Modellnummer\uff1aA2602 \/ A2604 \/ A2603 \/ A2605\/ A2197 \/ A2200 \/ A2198 \/ A2270 \/ A2428 \/ A2429 \/ A2430. Bitte \u00fcberpr\u00fcfen Sie die R\u00fcckseite Ihres iPads, um die Modellnummer zu finden. Kompatibel mit Apple Pencil oder anderen Active Stylus-Stiften.<br \/>\n\u3010Genie\u00dfen Sie die Textur des Papiers\u3011Hergestellt aus dem Material Japan Matte PET, schreiben Sie wie auf Papier, ber\u00fchren Sie sich wie auf Papier, klingen Sie wie auf Papier. Haupts\u00e4chlich zum Zeichnen, Schreiben und Skizzieren verwendet.<br \/>\n\u3010Hohe Empfindlichkeit f\u00fcr Ber\u00fchrung und Schreiben\u3011 Verwandeln Sie Glas in Papier, keine rutschige Oberfl\u00e4che verbessert die Arbeitseffizienz und bewahrt die urspr\u00fcngliche Empfindlichkeit Ihres Bildschirms beim Schreiben oder Ber\u00fchren.<\/p>\n","protected":false},"featured_media":98675,"comment_status":"open","ping_status":"closed","template":"","meta":[],"product_brand":[],"product_cat":[863],"product_tag":[],"class_list":{"0":"post-98674","1":"product","2":"type-product","3":"status-publish","4":"has-post-thumbnail","6":"product_cat-computer-zubehoer","7":"pa_binding-personal-computers","8":"pa_brand-homagical","9":"pa_color-transparent","10":"pa_manufacturer-homagical","11":"pa_model-ipad-10-2-ipad-9-8-7th-","12":"pa_size-10-2-inch","14":"first","15":"instock","16":"shipping-taxable","17":"purchasable","18":"product-type-simple","19":"customify-col","20":"product-has-gallery"},"yoast_head":"<!-- This site is optimized with the Yoast SEO plugin v27.4 - https:\/\/yoast.com\/product\/yoast-seo-wordpress\/ -->\n<title>[2 St\u00fcck] Paperfeel Matte Papier Schutzfolie f\u00fcr iPad 10,2 Zoll (iPad 9\/8\/7 Generation) Displayschutzfolie zum Zeichnen\u2026 - Markt-XXL<\/title>\n<meta name=\"description\" content=\"Markt-XXL [2 St\u00fcck] Paperfeel Matte Papier Schutzfolie f\u00fcr iPad 10,2 Zoll (iPad 9\/8\/7 Generation) Displayschutzfolie zum Zeichnen\u2026\" \/>\n<meta name=\"robots\" content=\"index, follow, max-snippet:-1, max-image-preview:large, max-video-preview:-1\" \/>\n<link rel=\"canonical\" href=\"https:\/\/marktxxl.de\/markt\/produkt\/paperfeel-2-stueck-matte-papier-schutzfolie-fuer-ipad-102-zoll-ipad-9-8-7-generation-displayschutzfolie-zum-zeichnen-schreiben-blendfreiem-anti-fingerabdruck-pet-folie\/\" \/>\n<meta property=\"og:locale\" content=\"de_DE\" \/>\n<meta property=\"og:type\" content=\"article\" \/>\n<meta property=\"og:title\" content=\"[2 St\u00fcck] Paperfeel Matte Papier Schutzfolie f\u00fcr iPad 10,2 Zoll (iPad 9\/8\/7 Generation) Displayschutzfolie zum Zeichnen\u2026 - Markt-XXL\" \/>\n<meta property=\"og:description\" content=\"Markt-XXL [2 St\u00fcck] Paperfeel Matte Papier Schutzfolie f\u00fcr iPad 10,2 Zoll (iPad 9\/8\/7 Generation) Displayschutzfolie zum Zeichnen\u2026\" \/>\n<meta property=\"og:url\" content=\"https:\/\/marktxxl.de\/markt\/produkt\/paperfeel-2-stueck-matte-papier-schutzfolie-fuer-ipad-102-zoll-ipad-9-8-7-generation-displayschutzfolie-zum-zeichnen-schreiben-blendfreiem-anti-fingerabdruck-pet-folie\/\" \/>\n<meta property=\"og:site_name\" content=\"Markt-XXL\" \/>\n<meta property=\"article:modified_time\" content=\"2023-04-11T01:21:37+00:00\" \/>\n<meta property=\"og:image\" content=\"https:\/\/m.media-amazon.com\/images\/I\/51MPnALf1LL._SL500_.jpg\" \/>\n\t<meta property=\"og:image:width\" content=\"500\" \/>\n\t<meta property=\"og:image:height\" content=\"500\" \/>\n\t<meta property=\"og:image:type\" content=\"image\/jpeg\" \/>\n<meta name=\"twitter:card\" content=\"summary_large_image\" \/>\n<meta name=\"twitter:label1\" content=\"Gesch\u00e4tzte Lesezeit\" \/>\n\t<meta name=\"twitter:data1\" content=\"1\u00a0Minute\" \/>\n<script type=\"application\/ld+json\" class=\"yoast-schema-graph\">{\"@context\":\"https:\\\/\\\/schema.org\",\"@graph\":[{\"@type\":\"WebPage\",\"@id\":\"https:\\\/\\\/marktxxl.de\\\/markt\\\/produkt\\\/paperfeel-2-stueck-matte-papier-schutzfolie-fuer-ipad-102-zoll-ipad-9-8-7-generation-displayschutzfolie-zum-zeichnen-schreiben-blendfreiem-anti-fingerabdruck-pet-folie\\\/\",\"url\":\"https:\\\/\\\/marktxxl.de\\\/markt\\\/produkt\\\/paperfeel-2-stueck-matte-papier-schutzfolie-fuer-ipad-102-zoll-ipad-9-8-7-generation-displayschutzfolie-zum-zeichnen-schreiben-blendfreiem-anti-fingerabdruck-pet-folie\\\/\",\"name\":\"[2 St\u00fcck] Paperfeel Matte Papier Schutzfolie f\u00fcr iPad 10,2 Zoll (iPad 9\\\/8\\\/7 Generation) Displayschutzfolie zum Zeichnen\u2026 - Markt-XXL\",\"isPartOf\":{\"@id\":\"https:\\\/\\\/marktxxl.de\\\/markt\\\/#website\"},\"primaryImageOfPage\":{\"@id\":\"https:\\\/\\\/marktxxl.de\\\/markt\\\/produkt\\\/paperfeel-2-stueck-matte-papier-schutzfolie-fuer-ipad-102-zoll-ipad-9-8-7-generation-displayschutzfolie-zum-zeichnen-schreiben-blendfreiem-anti-fingerabdruck-pet-folie\\\/#primaryimage\"},\"image\":{\"@id\":\"https:\\\/\\\/marktxxl.de\\\/markt\\\/produkt\\\/paperfeel-2-stueck-matte-papier-schutzfolie-fuer-ipad-102-zoll-ipad-9-8-7-generation-displayschutzfolie-zum-zeichnen-schreiben-blendfreiem-anti-fingerabdruck-pet-folie\\\/#primaryimage\"},\"thumbnailUrl\":\"https:\\\/\\\/m.media-amazon.com\\\/images\\\/I\\\/51MPnALf1LL._SL500_.jpg\",\"datePublished\":\"2022-01-27T14:04:44+00:00\",\"dateModified\":\"2023-04-11T01:21:37+00:00\",\"description\":\"Markt-XXL [2 St\u00fcck] Paperfeel Matte Papier Schutzfolie f\u00fcr iPad 10,2 Zoll (iPad 9\\\/8\\\/7 Generation) Displayschutzfolie zum Zeichnen\u2026\",\"breadcrumb\":{\"@id\":\"https:\\\/\\\/marktxxl.de\\\/markt\\\/produkt\\\/paperfeel-2-stueck-matte-papier-schutzfolie-fuer-ipad-102-zoll-ipad-9-8-7-generation-displayschutzfolie-zum-zeichnen-schreiben-blendfreiem-anti-fingerabdruck-pet-folie\\\/#breadcrumb\"},\"inLanguage\":\"de\",\"potentialAction\":[{\"@type\":\"ReadAction\",\"target\":[\"https:\\\/\\\/marktxxl.de\\\/markt\\\/produkt\\\/paperfeel-2-stueck-matte-papier-schutzfolie-fuer-ipad-102-zoll-ipad-9-8-7-generation-displayschutzfolie-zum-zeichnen-schreiben-blendfreiem-anti-fingerabdruck-pet-folie\\\/\"]}]},{\"@type\":\"ImageObject\",\"inLanguage\":\"de\",\"@id\":\"https:\\\/\\\/marktxxl.de\\\/markt\\\/produkt\\\/paperfeel-2-stueck-matte-papier-schutzfolie-fuer-ipad-102-zoll-ipad-9-8-7-generation-displayschutzfolie-zum-zeichnen-schreiben-blendfreiem-anti-fingerabdruck-pet-folie\\\/#primaryimage\",\"url\":\"https:\\\/\\\/m.media-amazon.com\\\/images\\\/I\\\/51MPnALf1LL._SL500_.jpg\",\"contentUrl\":\"https:\\\/\\\/m.media-amazon.com\\\/images\\\/I\\\/51MPnALf1LL._SL500_.jpg\",\"width\":500,\"height\":500},{\"@type\":\"BreadcrumbList\",\"@id\":\"https:\\\/\\\/marktxxl.de\\\/markt\\\/produkt\\\/paperfeel-2-stueck-matte-papier-schutzfolie-fuer-ipad-102-zoll-ipad-9-8-7-generation-displayschutzfolie-zum-zeichnen-schreiben-blendfreiem-anti-fingerabdruck-pet-folie\\\/#breadcrumb\",\"itemListElement\":[{\"@type\":\"ListItem\",\"position\":1,\"name\":\"Startseite\",\"item\":\"https:\\\/\\\/marktxxl.de\\\/markt\\\/\"},{\"@type\":\"ListItem\",\"position\":2,\"name\":\"Markt\",\"item\":\"https:\\\/\\\/marktxxl.de\\\/markt\\\/\"},{\"@type\":\"ListItem\",\"position\":3,\"name\":\"[2 St\u00fcck] Paperfeel Matte Papier Schutzfolie f\u00fcr iPad 10,2 Zoll (iPad 9\\\/8\\\/7 Generation) Displayschutzfolie zum Zeichnen\u2026\"}]},{\"@type\":\"WebSite\",\"@id\":\"https:\\\/\\\/marktxxl.de\\\/markt\\\/#website\",\"url\":\"https:\\\/\\\/marktxxl.de\\\/markt\\\/\",\"name\":\"Markt-XXL\",\"description\":\"Ihr Markt Online\",\"publisher\":{\"@id\":\"https:\\\/\\\/marktxxl.de\\\/markt\\\/#organization\"},\"potentialAction\":[{\"@type\":\"SearchAction\",\"target\":{\"@type\":\"EntryPoint\",\"urlTemplate\":\"https:\\\/\\\/marktxxl.de\\\/markt\\\/?s={search_term_string}\"},\"query-input\":{\"@type\":\"PropertyValueSpecification\",\"valueRequired\":true,\"valueName\":\"search_term_string\"}}],\"inLanguage\":\"de\"},{\"@type\":\"Organization\",\"@id\":\"https:\\\/\\\/marktxxl.de\\\/markt\\\/#organization\",\"name\":\"Markt-XXL\",\"url\":\"https:\\\/\\\/marktxxl.de\\\/markt\\\/\",\"logo\":{\"@type\":\"ImageObject\",\"inLanguage\":\"de\",\"@id\":\"https:\\\/\\\/marktxxl.de\\\/markt\\\/#\\\/schema\\\/logo\\\/image\\\/\",\"url\":\"https:\\\/\\\/marktxxl.de\\\/markt\\\/wp-content\\\/uploads\\\/sites\\\/3\\\/2020\\\/12\\\/logo.png\",\"contentUrl\":\"https:\\\/\\\/marktxxl.de\\\/markt\\\/wp-content\\\/uploads\\\/sites\\\/3\\\/2020\\\/12\\\/logo.png\",\"width\":200,\"height\":70,\"caption\":\"Markt-XXL\"},\"image\":{\"@id\":\"https:\\\/\\\/marktxxl.de\\\/markt\\\/#\\\/schema\\\/logo\\\/image\\\/\"}}]}<\/script>\n<!-- \/ Yoast SEO plugin. -->","yoast_head_json":{"title":"[2 St\u00fcck] Paperfeel Matte Papier Schutzfolie f\u00fcr iPad 10,2 Zoll (iPad 9\/8\/7 Generation) Displayschutzfolie zum Zeichnen\u2026 - Markt-XXL","description":"Markt-XXL [2 St\u00fcck] Paperfeel Matte Papier Schutzfolie f\u00fcr iPad 10,2 Zoll (iPad 9\/8\/7 Generation) Displayschutzfolie zum Zeichnen\u2026","robots":{"index":"index","follow":"follow","max-snippet":"max-snippet:-1","max-image-preview":"max-image-preview:large","max-video-preview":"max-video-preview:-1"},"canonical":"https:\/\/marktxxl.de\/markt\/produkt\/paperfeel-2-stueck-matte-papier-schutzfolie-fuer-ipad-102-zoll-ipad-9-8-7-generation-displayschutzfolie-zum-zeichnen-schreiben-blendfreiem-anti-fingerabdruck-pet-folie\/","og_locale":"de_DE","og_type":"article","og_title":"[2 St\u00fcck] Paperfeel Matte Papier Schutzfolie f\u00fcr iPad 10,2 Zoll (iPad 9\/8\/7 Generation) Displayschutzfolie zum Zeichnen\u2026 - Markt-XXL","og_description":"Markt-XXL [2 St\u00fcck] Paperfeel Matte Papier Schutzfolie f\u00fcr iPad 10,2 Zoll (iPad 9\/8\/7 Generation) Displayschutzfolie zum Zeichnen\u2026","og_url":"https:\/\/marktxxl.de\/markt\/produkt\/paperfeel-2-stueck-matte-papier-schutzfolie-fuer-ipad-102-zoll-ipad-9-8-7-generation-displayschutzfolie-zum-zeichnen-schreiben-blendfreiem-anti-fingerabdruck-pet-folie\/","og_site_name":"Markt-XXL","article_modified_time":"2023-04-11T01:21:37+00:00","og_image":[{"width":500,"height":500,"url":"https:\/\/m.media-amazon.com\/images\/I\/51MPnALf1LL._SL500_.jpg","type":"image\/jpeg"}],"twitter_card":"summary_large_image","twitter_misc":{"Gesch\u00e4tzte Lesezeit":"1\u00a0Minute"},"schema":{"@context":"https:\/\/schema.org","@graph":[{"@type":"WebPage","@id":"https:\/\/marktxxl.de\/markt\/produkt\/paperfeel-2-stueck-matte-papier-schutzfolie-fuer-ipad-102-zoll-ipad-9-8-7-generation-displayschutzfolie-zum-zeichnen-schreiben-blendfreiem-anti-fingerabdruck-pet-folie\/","url":"https:\/\/marktxxl.de\/markt\/produkt\/paperfeel-2-stueck-matte-papier-schutzfolie-fuer-ipad-102-zoll-ipad-9-8-7-generation-displayschutzfolie-zum-zeichnen-schreiben-blendfreiem-anti-fingerabdruck-pet-folie\/","name":"[2 St\u00fcck] Paperfeel Matte Papier Schutzfolie f\u00fcr iPad 10,2 Zoll (iPad 9\/8\/7 Generation) Displayschutzfolie zum Zeichnen\u2026 - Markt-XXL","isPartOf":{"@id":"https:\/\/marktxxl.de\/markt\/#website"},"primaryImageOfPage":{"@id":"https:\/\/marktxxl.de\/markt\/produkt\/paperfeel-2-stueck-matte-papier-schutzfolie-fuer-ipad-102-zoll-ipad-9-8-7-generation-displayschutzfolie-zum-zeichnen-schreiben-blendfreiem-anti-fingerabdruck-pet-folie\/#primaryimage"},"image":{"@id":"https:\/\/marktxxl.de\/markt\/produkt\/paperfeel-2-stueck-matte-papier-schutzfolie-fuer-ipad-102-zoll-ipad-9-8-7-generation-displayschutzfolie-zum-zeichnen-schreiben-blendfreiem-anti-fingerabdruck-pet-folie\/#primaryimage"},"thumbnailUrl":"https:\/\/m.media-amazon.com\/images\/I\/51MPnALf1LL._SL500_.jpg","datePublished":"2022-01-27T14:04:44+00:00","dateModified":"2023-04-11T01:21:37+00:00","description":"Markt-XXL [2 St\u00fcck] Paperfeel Matte Papier Schutzfolie f\u00fcr iPad 10,2 Zoll (iPad 9\/8\/7 Generation) Displayschutzfolie zum Zeichnen\u2026","breadcrumb":{"@id":"https:\/\/marktxxl.de\/markt\/produkt\/paperfeel-2-stueck-matte-papier-schutzfolie-fuer-ipad-102-zoll-ipad-9-8-7-generation-displayschutzfolie-zum-zeichnen-schreiben-blendfreiem-anti-fingerabdruck-pet-folie\/#breadcrumb"},"inLanguage":"de","potentialAction":[{"@type":"ReadAction","target":["https:\/\/marktxxl.de\/markt\/produkt\/paperfeel-2-stueck-matte-papier-schutzfolie-fuer-ipad-102-zoll-ipad-9-8-7-generation-displayschutzfolie-zum-zeichnen-schreiben-blendfreiem-anti-fingerabdruck-pet-folie\/"]}]},{"@type":"ImageObject","inLanguage":"de","@id":"https:\/\/marktxxl.de\/markt\/produkt\/paperfeel-2-stueck-matte-papier-schutzfolie-fuer-ipad-102-zoll-ipad-9-8-7-generation-displayschutzfolie-zum-zeichnen-schreiben-blendfreiem-anti-fingerabdruck-pet-folie\/#primaryimage","url":"https:\/\/m.media-amazon.com\/images\/I\/51MPnALf1LL._SL500_.jpg","contentUrl":"https:\/\/m.media-amazon.com\/images\/I\/51MPnALf1LL._SL500_.jpg","width":500,"height":500},{"@type":"BreadcrumbList","@id":"https:\/\/marktxxl.de\/markt\/produkt\/paperfeel-2-stueck-matte-papier-schutzfolie-fuer-ipad-102-zoll-ipad-9-8-7-generation-displayschutzfolie-zum-zeichnen-schreiben-blendfreiem-anti-fingerabdruck-pet-folie\/#breadcrumb","itemListElement":[{"@type":"ListItem","position":1,"name":"Startseite","item":"https:\/\/marktxxl.de\/markt\/"},{"@type":"ListItem","position":2,"name":"Markt","item":"https:\/\/marktxxl.de\/markt\/"},{"@type":"ListItem","position":3,"name":"[2 St\u00fcck] Paperfeel Matte Papier Schutzfolie f\u00fcr iPad 10,2 Zoll (iPad 9\/8\/7 Generation) Displayschutzfolie zum Zeichnen\u2026"}]},{"@type":"WebSite","@id":"https:\/\/marktxxl.de\/markt\/#website","url":"https:\/\/marktxxl.de\/markt\/","name":"Markt-XXL","description":"Ihr Markt Online","publisher":{"@id":"https:\/\/marktxxl.de\/markt\/#organization"},"potentialAction":[{"@type":"SearchAction","target":{"@type":"EntryPoint","urlTemplate":"https:\/\/marktxxl.de\/markt\/?s={search_term_string}"},"query-input":{"@type":"PropertyValueSpecification","valueRequired":true,"valueName":"search_term_string"}}],"inLanguage":"de"},{"@type":"Organization","@id":"https:\/\/marktxxl.de\/markt\/#organization","name":"Markt-XXL","url":"https:\/\/marktxxl.de\/markt\/","logo":{"@type":"ImageObject","inLanguage":"de","@id":"https:\/\/marktxxl.de\/markt\/#\/schema\/logo\/image\/","url":"https:\/\/marktxxl.de\/markt\/wp-content\/uploads\/sites\/3\/2020\/12\/logo.png","contentUrl":"https:\/\/marktxxl.de\/markt\/wp-content\/uploads\/sites\/3\/2020\/12\/logo.png","width":200,"height":70,"caption":"Markt-XXL"},"image":{"@id":"https:\/\/marktxxl.de\/markt\/#\/schema\/logo\/image\/"}}]}},"_links":{"self":[{"href":"https:\/\/marktxxl.de\/markt\/wp-json\/wp\/v2\/product\/98674","targetHints":{"allow":["GET"]}}],"collection":[{"href":"https:\/\/marktxxl.de\/markt\/wp-json\/wp\/v2\/product"}],"about":[{"href":"https:\/\/marktxxl.de\/markt\/wp-json\/wp\/v2\/types\/product"}],"replies":[{"embeddable":true,"href":"https:\/\/marktxxl.de\/markt\/wp-json\/wp\/v2\/comments?post=98674"}],"wp:featuredmedia":[{"embeddable":true,"href":"https:\/\/marktxxl.de\/markt\/wp-json\/wp\/v2\/media\/98675"}],"wp:attachment":[{"href":"https:\/\/marktxxl.de\/markt\/wp-json\/wp\/v2\/media?parent=98674"}],"wp:term":[{"taxonomy":"product_brand","embeddable":true,"href":"https:\/\/marktxxl.de\/markt\/wp-json\/wp\/v2\/product_brand?post=98674"},{"taxonomy":"product_cat","embeddable":true,"href":"https:\/\/marktxxl.de\/markt\/wp-json\/wp\/v2\/product_cat?post=98674"},{"taxonomy":"product_tag","embeddable":true,"href":"https:\/\/marktxxl.de\/markt\/wp-json\/wp\/v2\/product_tag?post=98674"}],"curies":[{"name":"wp","href":"https:\/\/api.w.org\/{rel}","templated":true}]}}