{"id":98600,"date":"2022-01-27T15:01:57","date_gmt":"2022-01-27T14:01:57","guid":{"rendered":"https:\/\/marktxxl.de\/markt\/produkt\/kabellose-maus-funkmaus-24-ghz-mit-usb-empfaenger-fuer-laptop-computer-wiederaufladbar-tragbare-silent-maus-kompatibel-mit-apple-macbook-air-proipadmacchromebookpc-mit-usb-c-adapter-silber\/"},"modified":"2023-04-11T03:21:36","modified_gmt":"2023-04-11T01:21:36","slug":"kabellose-maus-funkmaus-24-ghz-mit-usb-empfaenger-fuer-laptop-computer-wiederaufladbar-tragbare-silent-maus-kompatibel-mit-apple-macbook-air-proipadmacchromebookpc-mit-usb-c-adapter-silber","status":"publish","type":"product","link":"https:\/\/marktxxl.de\/markt\/produkt\/kabellose-maus-funkmaus-24-ghz-mit-usb-empfaenger-fuer-laptop-computer-wiederaufladbar-tragbare-silent-maus-kompatibel-mit-apple-macbook-air-proipadmacchromebookpc-mit-usb-c-adapter-silber\/","title":{"rendered":"Kabellose Maus, Funkmaus 2,4 GHz mit USB-Empf\u00e4nger f\u00fcr Laptop Computer -Wiederaufladbar Tragbare Silent Maus Kompatibel\u2026"},"content":{"rendered":"<p>\u2b50\u3010Anschlie\u00dfen und Spielen\u3011Sie m\u00fcssen keinen Treiber installieren, Schlie\u00dfen Sie einfach den USB-Empf\u00e4nger an Ihren Laptop an und die Maus beginnt zu arbeiten. 2.4GHz kabellose Technologie bietet eine leistungsstarke und zuverl\u00e4ssige Verbindung mit einer effektiven Reichweite von bis zu 10 Metern. Fortschrittliche optische Tracking-Technologie mit schnellem Klick und hoher Reaktionsf\u00e4higkeit. 3-stufig einstellbare DPI (800\/1200\/1600 DPI), frei um die t\u00e4gliche Arbeit zu erf\u00fcllen.<br \/>\n\u2b50\u3010Stumm Klicken\u3011Silent-Taste reduziert 90% Ger\u00e4usche, Was es zu einer idealen kabellosen Maus f\u00fcr B\u00fcro, Konferenzraum, Caf\u00e9, Bibliothek, Schlafzimmer macht, hilft Ihnen, sich auf Ihre Arbeit zu konzentrieren, Studieren, Ohne andere neben Ihnen zu st\u00f6ren. Besonders zu Hause oder im B\u00fcro, Wenn andere Mitglieder sich ausruhen, K\u00f6nnen Sie sich ohne Sorgen auf Ihre Arbeit konzentrieren.<br \/>\n\u2b50\u3010Aufladbares Gestaltung\u3011Eingebauter langlebiger Lithium-Ionen-Akku, Sie k\u00f6nnen bis zu 168 Stunden nach vollst\u00e4ndiger Aufladung verwenden, Standby-Zeit ist sehr lang. Energiesparfunktionen, automatischer Schlafmodus und Aufwachmodus sind installiert, um Energie zu sparen. Es kann leicht mit dem mitgelieferten USB-Kabel aufgeladen werden. Ohne die Batterie zu ersetzen.<br \/>\n\u2b50\u3010Weite Kompatibilit\u00e4t\u3011Kompatibel mit Windows XP, Vista, 7, 8 und 10\/Windows Vista\/Windows ME etc. Geeignet f\u00fcr Desktop, Laptop, PC, Macbook und Ger\u00e4te mit USB-Anschluss und Typ-c-Anschluss. (BITTE BEACHTEN: Wenn Ihr Laptop ein Mac OS-System mit einem Typ-C-Anschluss ist, ist ein Typ-C-Adapter (im Lieferumfang enthalten) erforderlich, um diese Maus zu verwenden).<br \/>\n\u2b50\u3010Ergonomische Gestaltung\u3011Gute Oberfl\u00e4chenbeschichtungstechnologie gibt Ihnen eine angenehme Ber\u00fchrung. Das benutzerfreundliche Design bietet ganzt\u00e4gigen Komfort f\u00fcr Arbeit und Unterhaltung. Tragbar und im Taschenformat ist es perfekt zum Mitnehmen.<br \/>\n<div class=\"main-cross-sell\" data-asin=\"B09PR7SFMG\">\n\n\t<div class=\"WooZone-cross-sell-loader\">\n\t\t<div>\n\t\t\t<div id=\"floatingBarsG\">\n\t\t\t\t<div class=\"blockG\" id=\"rotateG_01\"><\/div>\n\t\t\t\t<div class=\"blockG\" id=\"rotateG_02\"><\/div>\n\t\t\t\t<div class=\"blockG\" id=\"rotateG_03\"><\/div>\n\t\t\t\t<div class=\"blockG\" id=\"rotateG_04\"><\/div>\n\t\t\t\t<div class=\"blockG\" id=\"rotateG_05\"><\/div>\n\t\t\t\t<div class=\"blockG\" id=\"rotateG_06\"><\/div>\n\t\t\t\t<div class=\"blockG\" id=\"rotateG_07\"><\/div>\n\t\t\t\t<div class=\"blockG\" id=\"rotateG_08\"><\/div>\n\t\t\t<\/div>\n\t\t\t<div class=\"WooZone-cross-sell-loader-text\"><\/div>\n\t\t<\/div>\n\t<\/div>\n\n\t\t\n<\/div>\n<div style=\"clear:both;\"><\/div><\/p>\n","protected":false},"excerpt":{"rendered":"<p>\u2b50\u3010Anschlie\u00dfen und Spielen\u3011Sie m\u00fcssen keinen Treiber installieren, Schlie\u00dfen Sie einfach den USB-Empf\u00e4nger an Ihren Laptop an und die Maus beginnt zu arbeiten. 2.4GHz kabellose Technologie bietet eine leistungsstarke und zuverl\u00e4ssige Verbindung mit einer effektiven Reichweite von bis zu 10 Metern. Fortschrittliche optische Tracking-Technologie mit schnellem Klick und hoher Reaktionsf\u00e4higkeit. 3-stufig einstellbare DPI (800\/1200\/1600 DPI), frei um die t\u00e4gliche Arbeit zu erf\u00fcllen.<br \/>\n\u2b50\u3010Stumm Klicken\u3011Silent-Taste reduziert 90% Ger\u00e4usche, Was es zu einer idealen kabellosen Maus f\u00fcr B\u00fcro, Konferenzraum, Caf\u00e9, Bibliothek, Schlafzimmer macht, hilft Ihnen, sich auf Ihre Arbeit zu konzentrieren, Studieren, Ohne andere neben Ihnen zu st\u00f6ren. Besonders zu Hause oder im B\u00fcro, Wenn andere Mitglieder sich ausruhen, K\u00f6nnen Sie sich ohne Sorgen auf Ihre Arbeit konzentrieren.<br \/>\n\u2b50\u3010Aufladbares Gestaltung\u3011Eingebauter langlebiger Lithium-Ionen-Akku, Sie k\u00f6nnen bis zu 168 Stunden nach vollst\u00e4ndiger Aufladung verwenden, Standby-Zeit ist sehr lang. Energiesparfunktionen, automatischer Schlafmodus und Aufwachmodus sind installiert, um Energie zu sparen. Es kann leicht mit dem mitgelieferten USB-Kabel aufgeladen werden. Ohne die Batterie zu ersetzen.<\/p>\n","protected":false},"featured_media":98601,"comment_status":"open","ping_status":"closed","template":"","meta":[],"product_brand":[],"product_cat":[863],"product_tag":[],"class_list":{"0":"post-98600","1":"product","2":"type-product","3":"status-publish","4":"has-post-thumbnail","6":"product_cat-computer-zubehoer","7":"pa_brand-leapest","8":"pa_height-1-181102361-zoll","9":"pa_length-4-724409444-zoll","10":"pa_manufacturer-mairx","11":"pa_width-2-362204722-zoll","13":"first","14":"instock","15":"shipping-taxable","16":"purchasable","17":"product-type-simple","18":"customify-col","19":"product-has-gallery"},"yoast_head":"<!-- This site is optimized with the Yoast SEO plugin v27.4 - https:\/\/yoast.com\/product\/yoast-seo-wordpress\/ -->\n<title>Kabellose Maus, Funkmaus 2,4 GHz mit USB-Empf\u00e4nger f\u00fcr Laptop Computer -Wiederaufladbar Tragbare Silent Maus Kompatibel\u2026 - Markt-XXL<\/title>\n<meta name=\"description\" content=\"Markt-XXL Kabellose Maus, Funkmaus 2,4 GHz mit USB-Empf\u00e4nger f\u00fcr Laptop Computer -Wiederaufladbar Tragbare Silent Maus Kompatibel\u2026\" \/>\n<meta name=\"robots\" content=\"index, follow, max-snippet:-1, max-image-preview:large, max-video-preview:-1\" \/>\n<link rel=\"canonical\" href=\"https:\/\/marktxxl.de\/markt\/produkt\/kabellose-maus-funkmaus-24-ghz-mit-usb-empfaenger-fuer-laptop-computer-wiederaufladbar-tragbare-silent-maus-kompatibel-mit-apple-macbook-air-proipadmacchromebookpc-mit-usb-c-adapter-silber\/\" \/>\n<meta property=\"og:locale\" content=\"de_DE\" \/>\n<meta property=\"og:type\" content=\"article\" \/>\n<meta property=\"og:title\" content=\"Kabellose Maus, Funkmaus 2,4 GHz mit USB-Empf\u00e4nger f\u00fcr Laptop Computer -Wiederaufladbar Tragbare Silent Maus Kompatibel\u2026 - Markt-XXL\" \/>\n<meta property=\"og:description\" content=\"Markt-XXL Kabellose Maus, Funkmaus 2,4 GHz mit USB-Empf\u00e4nger f\u00fcr Laptop Computer -Wiederaufladbar Tragbare Silent Maus Kompatibel\u2026\" \/>\n<meta property=\"og:url\" content=\"https:\/\/marktxxl.de\/markt\/produkt\/kabellose-maus-funkmaus-24-ghz-mit-usb-empfaenger-fuer-laptop-computer-wiederaufladbar-tragbare-silent-maus-kompatibel-mit-apple-macbook-air-proipadmacchromebookpc-mit-usb-c-adapter-silber\/\" \/>\n<meta property=\"og:site_name\" content=\"Markt-XXL\" \/>\n<meta property=\"article:modified_time\" content=\"2023-04-11T01:21:36+00:00\" \/>\n<meta property=\"og:image\" content=\"https:\/\/m.media-amazon.com\/images\/I\/31qGX4Rd4mL._SL500_.jpg\" \/>\n\t<meta property=\"og:image:width\" content=\"500\" \/>\n\t<meta property=\"og:image:height\" content=\"500\" \/>\n\t<meta property=\"og:image:type\" content=\"image\/jpeg\" \/>\n<meta name=\"twitter:card\" content=\"summary_large_image\" \/>\n<meta name=\"twitter:label1\" content=\"Gesch\u00e4tzte Lesezeit\" \/>\n\t<meta name=\"twitter:data1\" content=\"1\u00a0Minute\" \/>\n<script type=\"application\/ld+json\" class=\"yoast-schema-graph\">{\"@context\":\"https:\\\/\\\/schema.org\",\"@graph\":[{\"@type\":\"WebPage\",\"@id\":\"https:\\\/\\\/marktxxl.de\\\/markt\\\/produkt\\\/kabellose-maus-funkmaus-24-ghz-mit-usb-empfaenger-fuer-laptop-computer-wiederaufladbar-tragbare-silent-maus-kompatibel-mit-apple-macbook-air-proipadmacchromebookpc-mit-usb-c-adapter-silber\\\/\",\"url\":\"https:\\\/\\\/marktxxl.de\\\/markt\\\/produkt\\\/kabellose-maus-funkmaus-24-ghz-mit-usb-empfaenger-fuer-laptop-computer-wiederaufladbar-tragbare-silent-maus-kompatibel-mit-apple-macbook-air-proipadmacchromebookpc-mit-usb-c-adapter-silber\\\/\",\"name\":\"Kabellose Maus, Funkmaus 2,4 GHz mit USB-Empf\u00e4nger f\u00fcr Laptop Computer -Wiederaufladbar Tragbare Silent Maus Kompatibel\u2026 - Markt-XXL\",\"isPartOf\":{\"@id\":\"https:\\\/\\\/marktxxl.de\\\/markt\\\/#website\"},\"primaryImageOfPage\":{\"@id\":\"https:\\\/\\\/marktxxl.de\\\/markt\\\/produkt\\\/kabellose-maus-funkmaus-24-ghz-mit-usb-empfaenger-fuer-laptop-computer-wiederaufladbar-tragbare-silent-maus-kompatibel-mit-apple-macbook-air-proipadmacchromebookpc-mit-usb-c-adapter-silber\\\/#primaryimage\"},\"image\":{\"@id\":\"https:\\\/\\\/marktxxl.de\\\/markt\\\/produkt\\\/kabellose-maus-funkmaus-24-ghz-mit-usb-empfaenger-fuer-laptop-computer-wiederaufladbar-tragbare-silent-maus-kompatibel-mit-apple-macbook-air-proipadmacchromebookpc-mit-usb-c-adapter-silber\\\/#primaryimage\"},\"thumbnailUrl\":\"https:\\\/\\\/m.media-amazon.com\\\/images\\\/I\\\/31qGX4Rd4mL._SL500_.jpg\",\"datePublished\":\"2022-01-27T14:01:57+00:00\",\"dateModified\":\"2023-04-11T01:21:36+00:00\",\"description\":\"Markt-XXL Kabellose Maus, Funkmaus 2,4 GHz mit USB-Empf\u00e4nger f\u00fcr Laptop Computer -Wiederaufladbar Tragbare Silent Maus Kompatibel\u2026\",\"breadcrumb\":{\"@id\":\"https:\\\/\\\/marktxxl.de\\\/markt\\\/produkt\\\/kabellose-maus-funkmaus-24-ghz-mit-usb-empfaenger-fuer-laptop-computer-wiederaufladbar-tragbare-silent-maus-kompatibel-mit-apple-macbook-air-proipadmacchromebookpc-mit-usb-c-adapter-silber\\\/#breadcrumb\"},\"inLanguage\":\"de\",\"potentialAction\":[{\"@type\":\"ReadAction\",\"target\":[\"https:\\\/\\\/marktxxl.de\\\/markt\\\/produkt\\\/kabellose-maus-funkmaus-24-ghz-mit-usb-empfaenger-fuer-laptop-computer-wiederaufladbar-tragbare-silent-maus-kompatibel-mit-apple-macbook-air-proipadmacchromebookpc-mit-usb-c-adapter-silber\\\/\"]}]},{\"@type\":\"ImageObject\",\"inLanguage\":\"de\",\"@id\":\"https:\\\/\\\/marktxxl.de\\\/markt\\\/produkt\\\/kabellose-maus-funkmaus-24-ghz-mit-usb-empfaenger-fuer-laptop-computer-wiederaufladbar-tragbare-silent-maus-kompatibel-mit-apple-macbook-air-proipadmacchromebookpc-mit-usb-c-adapter-silber\\\/#primaryimage\",\"url\":\"https:\\\/\\\/m.media-amazon.com\\\/images\\\/I\\\/31qGX4Rd4mL._SL500_.jpg\",\"contentUrl\":\"https:\\\/\\\/m.media-amazon.com\\\/images\\\/I\\\/31qGX4Rd4mL._SL500_.jpg\",\"width\":500,\"height\":500},{\"@type\":\"BreadcrumbList\",\"@id\":\"https:\\\/\\\/marktxxl.de\\\/markt\\\/produkt\\\/kabellose-maus-funkmaus-24-ghz-mit-usb-empfaenger-fuer-laptop-computer-wiederaufladbar-tragbare-silent-maus-kompatibel-mit-apple-macbook-air-proipadmacchromebookpc-mit-usb-c-adapter-silber\\\/#breadcrumb\",\"itemListElement\":[{\"@type\":\"ListItem\",\"position\":1,\"name\":\"Startseite\",\"item\":\"https:\\\/\\\/marktxxl.de\\\/markt\\\/\"},{\"@type\":\"ListItem\",\"position\":2,\"name\":\"Markt\",\"item\":\"https:\\\/\\\/marktxxl.de\\\/markt\\\/\"},{\"@type\":\"ListItem\",\"position\":3,\"name\":\"Kabellose Maus, Funkmaus 2,4 GHz mit USB-Empf\u00e4nger f\u00fcr Laptop Computer -Wiederaufladbar Tragbare Silent Maus Kompatibel\u2026\"}]},{\"@type\":\"WebSite\",\"@id\":\"https:\\\/\\\/marktxxl.de\\\/markt\\\/#website\",\"url\":\"https:\\\/\\\/marktxxl.de\\\/markt\\\/\",\"name\":\"Markt-XXL\",\"description\":\"Ihr Markt Online\",\"publisher\":{\"@id\":\"https:\\\/\\\/marktxxl.de\\\/markt\\\/#organization\"},\"potentialAction\":[{\"@type\":\"SearchAction\",\"target\":{\"@type\":\"EntryPoint\",\"urlTemplate\":\"https:\\\/\\\/marktxxl.de\\\/markt\\\/?s={search_term_string}\"},\"query-input\":{\"@type\":\"PropertyValueSpecification\",\"valueRequired\":true,\"valueName\":\"search_term_string\"}}],\"inLanguage\":\"de\"},{\"@type\":\"Organization\",\"@id\":\"https:\\\/\\\/marktxxl.de\\\/markt\\\/#organization\",\"name\":\"Markt-XXL\",\"url\":\"https:\\\/\\\/marktxxl.de\\\/markt\\\/\",\"logo\":{\"@type\":\"ImageObject\",\"inLanguage\":\"de\",\"@id\":\"https:\\\/\\\/marktxxl.de\\\/markt\\\/#\\\/schema\\\/logo\\\/image\\\/\",\"url\":\"https:\\\/\\\/marktxxl.de\\\/markt\\\/wp-content\\\/uploads\\\/sites\\\/3\\\/2020\\\/12\\\/logo.png\",\"contentUrl\":\"https:\\\/\\\/marktxxl.de\\\/markt\\\/wp-content\\\/uploads\\\/sites\\\/3\\\/2020\\\/12\\\/logo.png\",\"width\":200,\"height\":70,\"caption\":\"Markt-XXL\"},\"image\":{\"@id\":\"https:\\\/\\\/marktxxl.de\\\/markt\\\/#\\\/schema\\\/logo\\\/image\\\/\"}}]}<\/script>\n<!-- \/ Yoast SEO plugin. -->","yoast_head_json":{"title":"Kabellose Maus, Funkmaus 2,4 GHz mit USB-Empf\u00e4nger f\u00fcr Laptop Computer -Wiederaufladbar Tragbare Silent Maus Kompatibel\u2026 - Markt-XXL","description":"Markt-XXL Kabellose Maus, Funkmaus 2,4 GHz mit USB-Empf\u00e4nger f\u00fcr Laptop Computer -Wiederaufladbar Tragbare Silent Maus Kompatibel\u2026","robots":{"index":"index","follow":"follow","max-snippet":"max-snippet:-1","max-image-preview":"max-image-preview:large","max-video-preview":"max-video-preview:-1"},"canonical":"https:\/\/marktxxl.de\/markt\/produkt\/kabellose-maus-funkmaus-24-ghz-mit-usb-empfaenger-fuer-laptop-computer-wiederaufladbar-tragbare-silent-maus-kompatibel-mit-apple-macbook-air-proipadmacchromebookpc-mit-usb-c-adapter-silber\/","og_locale":"de_DE","og_type":"article","og_title":"Kabellose Maus, Funkmaus 2,4 GHz mit USB-Empf\u00e4nger f\u00fcr Laptop Computer -Wiederaufladbar Tragbare Silent Maus Kompatibel\u2026 - Markt-XXL","og_description":"Markt-XXL Kabellose Maus, Funkmaus 2,4 GHz mit USB-Empf\u00e4nger f\u00fcr Laptop Computer -Wiederaufladbar Tragbare Silent Maus Kompatibel\u2026","og_url":"https:\/\/marktxxl.de\/markt\/produkt\/kabellose-maus-funkmaus-24-ghz-mit-usb-empfaenger-fuer-laptop-computer-wiederaufladbar-tragbare-silent-maus-kompatibel-mit-apple-macbook-air-proipadmacchromebookpc-mit-usb-c-adapter-silber\/","og_site_name":"Markt-XXL","article_modified_time":"2023-04-11T01:21:36+00:00","og_image":[{"width":500,"height":500,"url":"https:\/\/m.media-amazon.com\/images\/I\/31qGX4Rd4mL._SL500_.jpg","type":"image\/jpeg"}],"twitter_card":"summary_large_image","twitter_misc":{"Gesch\u00e4tzte Lesezeit":"1\u00a0Minute"},"schema":{"@context":"https:\/\/schema.org","@graph":[{"@type":"WebPage","@id":"https:\/\/marktxxl.de\/markt\/produkt\/kabellose-maus-funkmaus-24-ghz-mit-usb-empfaenger-fuer-laptop-computer-wiederaufladbar-tragbare-silent-maus-kompatibel-mit-apple-macbook-air-proipadmacchromebookpc-mit-usb-c-adapter-silber\/","url":"https:\/\/marktxxl.de\/markt\/produkt\/kabellose-maus-funkmaus-24-ghz-mit-usb-empfaenger-fuer-laptop-computer-wiederaufladbar-tragbare-silent-maus-kompatibel-mit-apple-macbook-air-proipadmacchromebookpc-mit-usb-c-adapter-silber\/","name":"Kabellose Maus, Funkmaus 2,4 GHz mit USB-Empf\u00e4nger f\u00fcr Laptop Computer -Wiederaufladbar Tragbare Silent Maus Kompatibel\u2026 - Markt-XXL","isPartOf":{"@id":"https:\/\/marktxxl.de\/markt\/#website"},"primaryImageOfPage":{"@id":"https:\/\/marktxxl.de\/markt\/produkt\/kabellose-maus-funkmaus-24-ghz-mit-usb-empfaenger-fuer-laptop-computer-wiederaufladbar-tragbare-silent-maus-kompatibel-mit-apple-macbook-air-proipadmacchromebookpc-mit-usb-c-adapter-silber\/#primaryimage"},"image":{"@id":"https:\/\/marktxxl.de\/markt\/produkt\/kabellose-maus-funkmaus-24-ghz-mit-usb-empfaenger-fuer-laptop-computer-wiederaufladbar-tragbare-silent-maus-kompatibel-mit-apple-macbook-air-proipadmacchromebookpc-mit-usb-c-adapter-silber\/#primaryimage"},"thumbnailUrl":"https:\/\/m.media-amazon.com\/images\/I\/31qGX4Rd4mL._SL500_.jpg","datePublished":"2022-01-27T14:01:57+00:00","dateModified":"2023-04-11T01:21:36+00:00","description":"Markt-XXL Kabellose Maus, Funkmaus 2,4 GHz mit USB-Empf\u00e4nger f\u00fcr Laptop Computer -Wiederaufladbar Tragbare Silent Maus Kompatibel\u2026","breadcrumb":{"@id":"https:\/\/marktxxl.de\/markt\/produkt\/kabellose-maus-funkmaus-24-ghz-mit-usb-empfaenger-fuer-laptop-computer-wiederaufladbar-tragbare-silent-maus-kompatibel-mit-apple-macbook-air-proipadmacchromebookpc-mit-usb-c-adapter-silber\/#breadcrumb"},"inLanguage":"de","potentialAction":[{"@type":"ReadAction","target":["https:\/\/marktxxl.de\/markt\/produkt\/kabellose-maus-funkmaus-24-ghz-mit-usb-empfaenger-fuer-laptop-computer-wiederaufladbar-tragbare-silent-maus-kompatibel-mit-apple-macbook-air-proipadmacchromebookpc-mit-usb-c-adapter-silber\/"]}]},{"@type":"ImageObject","inLanguage":"de","@id":"https:\/\/marktxxl.de\/markt\/produkt\/kabellose-maus-funkmaus-24-ghz-mit-usb-empfaenger-fuer-laptop-computer-wiederaufladbar-tragbare-silent-maus-kompatibel-mit-apple-macbook-air-proipadmacchromebookpc-mit-usb-c-adapter-silber\/#primaryimage","url":"https:\/\/m.media-amazon.com\/images\/I\/31qGX4Rd4mL._SL500_.jpg","contentUrl":"https:\/\/m.media-amazon.com\/images\/I\/31qGX4Rd4mL._SL500_.jpg","width":500,"height":500},{"@type":"BreadcrumbList","@id":"https:\/\/marktxxl.de\/markt\/produkt\/kabellose-maus-funkmaus-24-ghz-mit-usb-empfaenger-fuer-laptop-computer-wiederaufladbar-tragbare-silent-maus-kompatibel-mit-apple-macbook-air-proipadmacchromebookpc-mit-usb-c-adapter-silber\/#breadcrumb","itemListElement":[{"@type":"ListItem","position":1,"name":"Startseite","item":"https:\/\/marktxxl.de\/markt\/"},{"@type":"ListItem","position":2,"name":"Markt","item":"https:\/\/marktxxl.de\/markt\/"},{"@type":"ListItem","position":3,"name":"Kabellose Maus, Funkmaus 2,4 GHz mit USB-Empf\u00e4nger f\u00fcr Laptop Computer -Wiederaufladbar Tragbare Silent Maus Kompatibel\u2026"}]},{"@type":"WebSite","@id":"https:\/\/marktxxl.de\/markt\/#website","url":"https:\/\/marktxxl.de\/markt\/","name":"Markt-XXL","description":"Ihr Markt Online","publisher":{"@id":"https:\/\/marktxxl.de\/markt\/#organization"},"potentialAction":[{"@type":"SearchAction","target":{"@type":"EntryPoint","urlTemplate":"https:\/\/marktxxl.de\/markt\/?s={search_term_string}"},"query-input":{"@type":"PropertyValueSpecification","valueRequired":true,"valueName":"search_term_string"}}],"inLanguage":"de"},{"@type":"Organization","@id":"https:\/\/marktxxl.de\/markt\/#organization","name":"Markt-XXL","url":"https:\/\/marktxxl.de\/markt\/","logo":{"@type":"ImageObject","inLanguage":"de","@id":"https:\/\/marktxxl.de\/markt\/#\/schema\/logo\/image\/","url":"https:\/\/marktxxl.de\/markt\/wp-content\/uploads\/sites\/3\/2020\/12\/logo.png","contentUrl":"https:\/\/marktxxl.de\/markt\/wp-content\/uploads\/sites\/3\/2020\/12\/logo.png","width":200,"height":70,"caption":"Markt-XXL"},"image":{"@id":"https:\/\/marktxxl.de\/markt\/#\/schema\/logo\/image\/"}}]}},"_links":{"self":[{"href":"https:\/\/marktxxl.de\/markt\/wp-json\/wp\/v2\/product\/98600","targetHints":{"allow":["GET"]}}],"collection":[{"href":"https:\/\/marktxxl.de\/markt\/wp-json\/wp\/v2\/product"}],"about":[{"href":"https:\/\/marktxxl.de\/markt\/wp-json\/wp\/v2\/types\/product"}],"replies":[{"embeddable":true,"href":"https:\/\/marktxxl.de\/markt\/wp-json\/wp\/v2\/comments?post=98600"}],"wp:featuredmedia":[{"embeddable":true,"href":"https:\/\/marktxxl.de\/markt\/wp-json\/wp\/v2\/media\/98601"}],"wp:attachment":[{"href":"https:\/\/marktxxl.de\/markt\/wp-json\/wp\/v2\/media?parent=98600"}],"wp:term":[{"taxonomy":"product_brand","embeddable":true,"href":"https:\/\/marktxxl.de\/markt\/wp-json\/wp\/v2\/product_brand?post=98600"},{"taxonomy":"product_cat","embeddable":true,"href":"https:\/\/marktxxl.de\/markt\/wp-json\/wp\/v2\/product_cat?post=98600"},{"taxonomy":"product_tag","embeddable":true,"href":"https:\/\/marktxxl.de\/markt\/wp-json\/wp\/v2\/product_tag?post=98600"}],"curies":[{"name":"wp","href":"https:\/\/api.w.org\/{rel}","templated":true}]}}