{"id":98578,"date":"2022-01-27T15:01:40","date_gmt":"2022-01-27T14:01:40","guid":{"rendered":"https:\/\/marktxxl.de\/markt\/produkt\/leyf-laptop-netzteil-19v-4-74a-90w-ladegeraet-fuer-dell-und-hp-ac-100-240v-50-60hz-steckernetzteil-netzadapter-7-4-5-mm-klinkenstecker-kompatibel-mit-dell-m-d-l-serie-und-hp-b-s-p-ser\/"},"modified":"2023-04-11T03:21:36","modified_gmt":"2023-04-11T01:21:36","slug":"leyf-laptop-netzteil-19v-4-74a-90w-ladegeraet-fuer-dell-und-hp-ac-100-240v-50-60hz-steckernetzteil-netzadapter-7-4-5-mm-klinkenstecker-kompatibel-mit-dell-m-d-l-serie-und-hp-b-s-p-ser","status":"publish","type":"product","link":"https:\/\/marktxxl.de\/markt\/produkt\/leyf-laptop-netzteil-19v-4-74a-90w-ladegeraet-fuer-dell-und-hp-ac-100-240v-50-60hz-steckernetzteil-netzadapter-7-4-5-mm-klinkenstecker-kompatibel-mit-dell-m-d-l-serie-und-hp-b-s-p-ser\/","title":{"rendered":"Leyf Laptop Netzteil 19V 4.74A 90W, Ladeger\u00e4t f\u00fcr Dell und HP, AC 100-240V 50\/60Hz, Steckernetzteil, Netzadapter (7.4\u2026"},"content":{"rendered":"<p>Ladeger\u00e4t: 19 Volt 4.74 Ampere 90 Watt Klinkenstecker Ma\u00dfe: 7.4mm x 5mm<br \/>\nVORSICHT!!! Bitte kaufen Sie unser Produkt, wenn Sie sicher sind, dass Ihr Ger\u00e4t nicht mehr als 19 Volt Strom ben\u00f6tigt und die Abmessungen des Klinkeneingangs Ihres Ger\u00e4ts sicher sind. Dieser Adapter kann keine Ger\u00e4te betreiben, die mehr als 19 Volt ben\u00f6tigen. \u00dcberpr\u00fcfen Sie vor dem Kauf, ob Ihr Laptop mit diesem Ladeger\u00e4t kompatibel ist.<br \/>\nKompatibel mit DELL M,D,L serie und HP B-S-P serie<br \/>\nDieser Adapter bietet vollen Schutz ohne Ausf\u00e4lle aufgrund von \u00dcberspannungen, \u00dcberstr\u00f6men, Kurzschl\u00fcssen und \u00dcbertemperatur.<br \/>\n<div class=\"main-cross-sell\" data-asin=\"B09QZ3R78S\">\n\n\t<div class=\"WooZone-cross-sell-loader\">\n\t\t<div>\n\t\t\t<div id=\"floatingBarsG\">\n\t\t\t\t<div class=\"blockG\" id=\"rotateG_01\"><\/div>\n\t\t\t\t<div class=\"blockG\" id=\"rotateG_02\"><\/div>\n\t\t\t\t<div class=\"blockG\" id=\"rotateG_03\"><\/div>\n\t\t\t\t<div class=\"blockG\" id=\"rotateG_04\"><\/div>\n\t\t\t\t<div class=\"blockG\" id=\"rotateG_05\"><\/div>\n\t\t\t\t<div class=\"blockG\" id=\"rotateG_06\"><\/div>\n\t\t\t\t<div class=\"blockG\" id=\"rotateG_07\"><\/div>\n\t\t\t\t<div class=\"blockG\" id=\"rotateG_08\"><\/div>\n\t\t\t<\/div>\n\t\t\t<div class=\"WooZone-cross-sell-loader-text\"><\/div>\n\t\t<\/div>\n\t<\/div>\n\n\t\t\n<\/div>\n<div style=\"clear:both;\"><\/div><\/p>\n","protected":false},"excerpt":{"rendered":"<p>Ladeger\u00e4t: 19 Volt 4.74 Ampere 90 Watt Klinkenstecker Ma\u00dfe: 7.4mm x 5mm<br \/>\nVORSICHT!!! Bitte kaufen Sie unser Produkt, wenn Sie sicher sind, dass Ihr Ger\u00e4t nicht mehr als 19 Volt Strom ben\u00f6tigt und die Abmessungen des Klinkeneingangs Ihres Ger\u00e4ts sicher sind. Dieser Adapter kann keine Ger\u00e4te betreiben, die mehr als 19 Volt ben\u00f6tigen. \u00dcberpr\u00fcfen Sie vor dem Kauf, ob Ihr Laptop mit diesem Ladeger\u00e4t kompatibel ist.<br \/>\nKompatibel mit DELL M,D,L serie und HP B-S-P serie<\/p>\n","protected":false},"featured_media":98579,"comment_status":"open","ping_status":"closed","template":"","meta":[],"product_brand":[],"product_cat":[863],"product_tag":[],"class_list":{"0":"post-98578","1":"product","2":"type-product","3":"status-publish","4":"has-post-thumbnail","6":"product_cat-computer-zubehoer","7":"pa_binding-elektronik","8":"pa_brand-leyf","9":"pa_manufacturer-leyf","10":"pa_model-alim-4-74a-7-4","11":"pa_warranty-12919","13":"first","14":"instock","15":"shipping-taxable","16":"purchasable","17":"product-type-simple","18":"customify-col","19":"product-has-gallery"},"yoast_head":"<!-- This site is optimized with the Yoast SEO plugin v27.3 - https:\/\/yoast.com\/product\/yoast-seo-wordpress\/ -->\n<title>Leyf Laptop Netzteil 19V 4.74A 90W, Ladeger\u00e4t f\u00fcr Dell und HP, AC 100-240V 50\/60Hz, Steckernetzteil, Netzadapter (7.4\u2026 - Markt-XXL<\/title>\n<meta name=\"description\" content=\"Markt-XXL Leyf Laptop Netzteil 19V 4.74A 90W, Ladeger\u00e4t f\u00fcr Dell und HP, AC 100-240V 50\/60Hz, Steckernetzteil, Netzadapter (7.4\u2026\" \/>\n<meta name=\"robots\" content=\"index, follow, max-snippet:-1, max-image-preview:large, max-video-preview:-1\" \/>\n<link rel=\"canonical\" href=\"https:\/\/marktxxl.de\/markt\/produkt\/leyf-laptop-netzteil-19v-4-74a-90w-ladegeraet-fuer-dell-und-hp-ac-100-240v-50-60hz-steckernetzteil-netzadapter-7-4-5-mm-klinkenstecker-kompatibel-mit-dell-m-d-l-serie-und-hp-b-s-p-ser\/\" \/>\n<meta property=\"og:locale\" content=\"de_DE\" \/>\n<meta property=\"og:type\" content=\"article\" \/>\n<meta property=\"og:title\" content=\"Leyf Laptop Netzteil 19V 4.74A 90W, Ladeger\u00e4t f\u00fcr Dell und HP, AC 100-240V 50\/60Hz, Steckernetzteil, Netzadapter (7.4\u2026 - Markt-XXL\" \/>\n<meta property=\"og:description\" content=\"Markt-XXL Leyf Laptop Netzteil 19V 4.74A 90W, Ladeger\u00e4t f\u00fcr Dell und HP, AC 100-240V 50\/60Hz, Steckernetzteil, Netzadapter (7.4\u2026\" \/>\n<meta property=\"og:url\" content=\"https:\/\/marktxxl.de\/markt\/produkt\/leyf-laptop-netzteil-19v-4-74a-90w-ladegeraet-fuer-dell-und-hp-ac-100-240v-50-60hz-steckernetzteil-netzadapter-7-4-5-mm-klinkenstecker-kompatibel-mit-dell-m-d-l-serie-und-hp-b-s-p-ser\/\" \/>\n<meta property=\"og:site_name\" content=\"Markt-XXL\" \/>\n<meta property=\"article:modified_time\" content=\"2023-04-11T01:21:36+00:00\" \/>\n<meta property=\"og:image\" content=\"https:\/\/m.media-amazon.com\/images\/I\/41daxmH9WLL._SL500_.jpg\" \/>\n\t<meta property=\"og:image:width\" content=\"500\" \/>\n\t<meta property=\"og:image:height\" content=\"500\" \/>\n\t<meta property=\"og:image:type\" content=\"image\/jpeg\" \/>\n<meta name=\"twitter:card\" content=\"summary_large_image\" \/>\n<meta name=\"twitter:label1\" content=\"Gesch\u00e4tzte Lesezeit\" \/>\n\t<meta name=\"twitter:data1\" content=\"1\u00a0Minute\" \/>\n<script type=\"application\/ld+json\" class=\"yoast-schema-graph\">{\"@context\":\"https:\\\/\\\/schema.org\",\"@graph\":[{\"@type\":\"WebPage\",\"@id\":\"https:\\\/\\\/marktxxl.de\\\/markt\\\/produkt\\\/leyf-laptop-netzteil-19v-4-74a-90w-ladegeraet-fuer-dell-und-hp-ac-100-240v-50-60hz-steckernetzteil-netzadapter-7-4-5-mm-klinkenstecker-kompatibel-mit-dell-m-d-l-serie-und-hp-b-s-p-ser\\\/\",\"url\":\"https:\\\/\\\/marktxxl.de\\\/markt\\\/produkt\\\/leyf-laptop-netzteil-19v-4-74a-90w-ladegeraet-fuer-dell-und-hp-ac-100-240v-50-60hz-steckernetzteil-netzadapter-7-4-5-mm-klinkenstecker-kompatibel-mit-dell-m-d-l-serie-und-hp-b-s-p-ser\\\/\",\"name\":\"Leyf Laptop Netzteil 19V 4.74A 90W, Ladeger\u00e4t f\u00fcr Dell und HP, AC 100-240V 50\\\/60Hz, Steckernetzteil, Netzadapter (7.4\u2026 - Markt-XXL\",\"isPartOf\":{\"@id\":\"https:\\\/\\\/marktxxl.de\\\/markt\\\/#website\"},\"primaryImageOfPage\":{\"@id\":\"https:\\\/\\\/marktxxl.de\\\/markt\\\/produkt\\\/leyf-laptop-netzteil-19v-4-74a-90w-ladegeraet-fuer-dell-und-hp-ac-100-240v-50-60hz-steckernetzteil-netzadapter-7-4-5-mm-klinkenstecker-kompatibel-mit-dell-m-d-l-serie-und-hp-b-s-p-ser\\\/#primaryimage\"},\"image\":{\"@id\":\"https:\\\/\\\/marktxxl.de\\\/markt\\\/produkt\\\/leyf-laptop-netzteil-19v-4-74a-90w-ladegeraet-fuer-dell-und-hp-ac-100-240v-50-60hz-steckernetzteil-netzadapter-7-4-5-mm-klinkenstecker-kompatibel-mit-dell-m-d-l-serie-und-hp-b-s-p-ser\\\/#primaryimage\"},\"thumbnailUrl\":\"https:\\\/\\\/m.media-amazon.com\\\/images\\\/I\\\/41daxmH9WLL._SL500_.jpg\",\"datePublished\":\"2022-01-27T14:01:40+00:00\",\"dateModified\":\"2023-04-11T01:21:36+00:00\",\"description\":\"Markt-XXL Leyf Laptop Netzteil 19V 4.74A 90W, Ladeger\u00e4t f\u00fcr Dell und HP, AC 100-240V 50\\\/60Hz, Steckernetzteil, Netzadapter (7.4\u2026\",\"breadcrumb\":{\"@id\":\"https:\\\/\\\/marktxxl.de\\\/markt\\\/produkt\\\/leyf-laptop-netzteil-19v-4-74a-90w-ladegeraet-fuer-dell-und-hp-ac-100-240v-50-60hz-steckernetzteil-netzadapter-7-4-5-mm-klinkenstecker-kompatibel-mit-dell-m-d-l-serie-und-hp-b-s-p-ser\\\/#breadcrumb\"},\"inLanguage\":\"de\",\"potentialAction\":[{\"@type\":\"ReadAction\",\"target\":[\"https:\\\/\\\/marktxxl.de\\\/markt\\\/produkt\\\/leyf-laptop-netzteil-19v-4-74a-90w-ladegeraet-fuer-dell-und-hp-ac-100-240v-50-60hz-steckernetzteil-netzadapter-7-4-5-mm-klinkenstecker-kompatibel-mit-dell-m-d-l-serie-und-hp-b-s-p-ser\\\/\"]}]},{\"@type\":\"ImageObject\",\"inLanguage\":\"de\",\"@id\":\"https:\\\/\\\/marktxxl.de\\\/markt\\\/produkt\\\/leyf-laptop-netzteil-19v-4-74a-90w-ladegeraet-fuer-dell-und-hp-ac-100-240v-50-60hz-steckernetzteil-netzadapter-7-4-5-mm-klinkenstecker-kompatibel-mit-dell-m-d-l-serie-und-hp-b-s-p-ser\\\/#primaryimage\",\"url\":\"https:\\\/\\\/m.media-amazon.com\\\/images\\\/I\\\/41daxmH9WLL._SL500_.jpg\",\"contentUrl\":\"https:\\\/\\\/m.media-amazon.com\\\/images\\\/I\\\/41daxmH9WLL._SL500_.jpg\",\"width\":500,\"height\":500},{\"@type\":\"BreadcrumbList\",\"@id\":\"https:\\\/\\\/marktxxl.de\\\/markt\\\/produkt\\\/leyf-laptop-netzteil-19v-4-74a-90w-ladegeraet-fuer-dell-und-hp-ac-100-240v-50-60hz-steckernetzteil-netzadapter-7-4-5-mm-klinkenstecker-kompatibel-mit-dell-m-d-l-serie-und-hp-b-s-p-ser\\\/#breadcrumb\",\"itemListElement\":[{\"@type\":\"ListItem\",\"position\":1,\"name\":\"Startseite\",\"item\":\"https:\\\/\\\/marktxxl.de\\\/markt\\\/\"},{\"@type\":\"ListItem\",\"position\":2,\"name\":\"Markt\",\"item\":\"https:\\\/\\\/marktxxl.de\\\/markt\\\/\"},{\"@type\":\"ListItem\",\"position\":3,\"name\":\"Leyf Laptop Netzteil 19V 4.74A 90W, Ladeger\u00e4t f\u00fcr Dell und HP, AC 100-240V 50\\\/60Hz, Steckernetzteil, Netzadapter (7.4\u2026\"}]},{\"@type\":\"WebSite\",\"@id\":\"https:\\\/\\\/marktxxl.de\\\/markt\\\/#website\",\"url\":\"https:\\\/\\\/marktxxl.de\\\/markt\\\/\",\"name\":\"Markt-XXL\",\"description\":\"Ihr Markt Online\",\"publisher\":{\"@id\":\"https:\\\/\\\/marktxxl.de\\\/markt\\\/#organization\"},\"potentialAction\":[{\"@type\":\"SearchAction\",\"target\":{\"@type\":\"EntryPoint\",\"urlTemplate\":\"https:\\\/\\\/marktxxl.de\\\/markt\\\/?s={search_term_string}\"},\"query-input\":{\"@type\":\"PropertyValueSpecification\",\"valueRequired\":true,\"valueName\":\"search_term_string\"}}],\"inLanguage\":\"de\"},{\"@type\":\"Organization\",\"@id\":\"https:\\\/\\\/marktxxl.de\\\/markt\\\/#organization\",\"name\":\"Markt-XXL\",\"url\":\"https:\\\/\\\/marktxxl.de\\\/markt\\\/\",\"logo\":{\"@type\":\"ImageObject\",\"inLanguage\":\"de\",\"@id\":\"https:\\\/\\\/marktxxl.de\\\/markt\\\/#\\\/schema\\\/logo\\\/image\\\/\",\"url\":\"https:\\\/\\\/marktxxl.de\\\/markt\\\/wp-content\\\/uploads\\\/sites\\\/3\\\/2020\\\/12\\\/logo.png\",\"contentUrl\":\"https:\\\/\\\/marktxxl.de\\\/markt\\\/wp-content\\\/uploads\\\/sites\\\/3\\\/2020\\\/12\\\/logo.png\",\"width\":200,\"height\":70,\"caption\":\"Markt-XXL\"},\"image\":{\"@id\":\"https:\\\/\\\/marktxxl.de\\\/markt\\\/#\\\/schema\\\/logo\\\/image\\\/\"}}]}<\/script>\n<!-- \/ Yoast SEO plugin. -->","yoast_head_json":{"title":"Leyf Laptop Netzteil 19V 4.74A 90W, Ladeger\u00e4t f\u00fcr Dell und HP, AC 100-240V 50\/60Hz, Steckernetzteil, Netzadapter (7.4\u2026 - Markt-XXL","description":"Markt-XXL Leyf Laptop Netzteil 19V 4.74A 90W, Ladeger\u00e4t f\u00fcr Dell und HP, AC 100-240V 50\/60Hz, Steckernetzteil, Netzadapter (7.4\u2026","robots":{"index":"index","follow":"follow","max-snippet":"max-snippet:-1","max-image-preview":"max-image-preview:large","max-video-preview":"max-video-preview:-1"},"canonical":"https:\/\/marktxxl.de\/markt\/produkt\/leyf-laptop-netzteil-19v-4-74a-90w-ladegeraet-fuer-dell-und-hp-ac-100-240v-50-60hz-steckernetzteil-netzadapter-7-4-5-mm-klinkenstecker-kompatibel-mit-dell-m-d-l-serie-und-hp-b-s-p-ser\/","og_locale":"de_DE","og_type":"article","og_title":"Leyf Laptop Netzteil 19V 4.74A 90W, Ladeger\u00e4t f\u00fcr Dell und HP, AC 100-240V 50\/60Hz, Steckernetzteil, Netzadapter (7.4\u2026 - Markt-XXL","og_description":"Markt-XXL Leyf Laptop Netzteil 19V 4.74A 90W, Ladeger\u00e4t f\u00fcr Dell und HP, AC 100-240V 50\/60Hz, Steckernetzteil, Netzadapter (7.4\u2026","og_url":"https:\/\/marktxxl.de\/markt\/produkt\/leyf-laptop-netzteil-19v-4-74a-90w-ladegeraet-fuer-dell-und-hp-ac-100-240v-50-60hz-steckernetzteil-netzadapter-7-4-5-mm-klinkenstecker-kompatibel-mit-dell-m-d-l-serie-und-hp-b-s-p-ser\/","og_site_name":"Markt-XXL","article_modified_time":"2023-04-11T01:21:36+00:00","og_image":[{"width":500,"height":500,"url":"https:\/\/m.media-amazon.com\/images\/I\/41daxmH9WLL._SL500_.jpg","type":"image\/jpeg"}],"twitter_card":"summary_large_image","twitter_misc":{"Gesch\u00e4tzte Lesezeit":"1\u00a0Minute"},"schema":{"@context":"https:\/\/schema.org","@graph":[{"@type":"WebPage","@id":"https:\/\/marktxxl.de\/markt\/produkt\/leyf-laptop-netzteil-19v-4-74a-90w-ladegeraet-fuer-dell-und-hp-ac-100-240v-50-60hz-steckernetzteil-netzadapter-7-4-5-mm-klinkenstecker-kompatibel-mit-dell-m-d-l-serie-und-hp-b-s-p-ser\/","url":"https:\/\/marktxxl.de\/markt\/produkt\/leyf-laptop-netzteil-19v-4-74a-90w-ladegeraet-fuer-dell-und-hp-ac-100-240v-50-60hz-steckernetzteil-netzadapter-7-4-5-mm-klinkenstecker-kompatibel-mit-dell-m-d-l-serie-und-hp-b-s-p-ser\/","name":"Leyf Laptop Netzteil 19V 4.74A 90W, Ladeger\u00e4t f\u00fcr Dell und HP, AC 100-240V 50\/60Hz, Steckernetzteil, Netzadapter (7.4\u2026 - Markt-XXL","isPartOf":{"@id":"https:\/\/marktxxl.de\/markt\/#website"},"primaryImageOfPage":{"@id":"https:\/\/marktxxl.de\/markt\/produkt\/leyf-laptop-netzteil-19v-4-74a-90w-ladegeraet-fuer-dell-und-hp-ac-100-240v-50-60hz-steckernetzteil-netzadapter-7-4-5-mm-klinkenstecker-kompatibel-mit-dell-m-d-l-serie-und-hp-b-s-p-ser\/#primaryimage"},"image":{"@id":"https:\/\/marktxxl.de\/markt\/produkt\/leyf-laptop-netzteil-19v-4-74a-90w-ladegeraet-fuer-dell-und-hp-ac-100-240v-50-60hz-steckernetzteil-netzadapter-7-4-5-mm-klinkenstecker-kompatibel-mit-dell-m-d-l-serie-und-hp-b-s-p-ser\/#primaryimage"},"thumbnailUrl":"https:\/\/m.media-amazon.com\/images\/I\/41daxmH9WLL._SL500_.jpg","datePublished":"2022-01-27T14:01:40+00:00","dateModified":"2023-04-11T01:21:36+00:00","description":"Markt-XXL Leyf Laptop Netzteil 19V 4.74A 90W, Ladeger\u00e4t f\u00fcr Dell und HP, AC 100-240V 50\/60Hz, Steckernetzteil, Netzadapter (7.4\u2026","breadcrumb":{"@id":"https:\/\/marktxxl.de\/markt\/produkt\/leyf-laptop-netzteil-19v-4-74a-90w-ladegeraet-fuer-dell-und-hp-ac-100-240v-50-60hz-steckernetzteil-netzadapter-7-4-5-mm-klinkenstecker-kompatibel-mit-dell-m-d-l-serie-und-hp-b-s-p-ser\/#breadcrumb"},"inLanguage":"de","potentialAction":[{"@type":"ReadAction","target":["https:\/\/marktxxl.de\/markt\/produkt\/leyf-laptop-netzteil-19v-4-74a-90w-ladegeraet-fuer-dell-und-hp-ac-100-240v-50-60hz-steckernetzteil-netzadapter-7-4-5-mm-klinkenstecker-kompatibel-mit-dell-m-d-l-serie-und-hp-b-s-p-ser\/"]}]},{"@type":"ImageObject","inLanguage":"de","@id":"https:\/\/marktxxl.de\/markt\/produkt\/leyf-laptop-netzteil-19v-4-74a-90w-ladegeraet-fuer-dell-und-hp-ac-100-240v-50-60hz-steckernetzteil-netzadapter-7-4-5-mm-klinkenstecker-kompatibel-mit-dell-m-d-l-serie-und-hp-b-s-p-ser\/#primaryimage","url":"https:\/\/m.media-amazon.com\/images\/I\/41daxmH9WLL._SL500_.jpg","contentUrl":"https:\/\/m.media-amazon.com\/images\/I\/41daxmH9WLL._SL500_.jpg","width":500,"height":500},{"@type":"BreadcrumbList","@id":"https:\/\/marktxxl.de\/markt\/produkt\/leyf-laptop-netzteil-19v-4-74a-90w-ladegeraet-fuer-dell-und-hp-ac-100-240v-50-60hz-steckernetzteil-netzadapter-7-4-5-mm-klinkenstecker-kompatibel-mit-dell-m-d-l-serie-und-hp-b-s-p-ser\/#breadcrumb","itemListElement":[{"@type":"ListItem","position":1,"name":"Startseite","item":"https:\/\/marktxxl.de\/markt\/"},{"@type":"ListItem","position":2,"name":"Markt","item":"https:\/\/marktxxl.de\/markt\/"},{"@type":"ListItem","position":3,"name":"Leyf Laptop Netzteil 19V 4.74A 90W, Ladeger\u00e4t f\u00fcr Dell und HP, AC 100-240V 50\/60Hz, Steckernetzteil, Netzadapter (7.4\u2026"}]},{"@type":"WebSite","@id":"https:\/\/marktxxl.de\/markt\/#website","url":"https:\/\/marktxxl.de\/markt\/","name":"Markt-XXL","description":"Ihr Markt Online","publisher":{"@id":"https:\/\/marktxxl.de\/markt\/#organization"},"potentialAction":[{"@type":"SearchAction","target":{"@type":"EntryPoint","urlTemplate":"https:\/\/marktxxl.de\/markt\/?s={search_term_string}"},"query-input":{"@type":"PropertyValueSpecification","valueRequired":true,"valueName":"search_term_string"}}],"inLanguage":"de"},{"@type":"Organization","@id":"https:\/\/marktxxl.de\/markt\/#organization","name":"Markt-XXL","url":"https:\/\/marktxxl.de\/markt\/","logo":{"@type":"ImageObject","inLanguage":"de","@id":"https:\/\/marktxxl.de\/markt\/#\/schema\/logo\/image\/","url":"https:\/\/marktxxl.de\/markt\/wp-content\/uploads\/sites\/3\/2020\/12\/logo.png","contentUrl":"https:\/\/marktxxl.de\/markt\/wp-content\/uploads\/sites\/3\/2020\/12\/logo.png","width":200,"height":70,"caption":"Markt-XXL"},"image":{"@id":"https:\/\/marktxxl.de\/markt\/#\/schema\/logo\/image\/"}}]}},"_links":{"self":[{"href":"https:\/\/marktxxl.de\/markt\/wp-json\/wp\/v2\/product\/98578","targetHints":{"allow":["GET"]}}],"collection":[{"href":"https:\/\/marktxxl.de\/markt\/wp-json\/wp\/v2\/product"}],"about":[{"href":"https:\/\/marktxxl.de\/markt\/wp-json\/wp\/v2\/types\/product"}],"replies":[{"embeddable":true,"href":"https:\/\/marktxxl.de\/markt\/wp-json\/wp\/v2\/comments?post=98578"}],"wp:featuredmedia":[{"embeddable":true,"href":"https:\/\/marktxxl.de\/markt\/wp-json\/wp\/v2\/media\/98579"}],"wp:attachment":[{"href":"https:\/\/marktxxl.de\/markt\/wp-json\/wp\/v2\/media?parent=98578"}],"wp:term":[{"taxonomy":"product_brand","embeddable":true,"href":"https:\/\/marktxxl.de\/markt\/wp-json\/wp\/v2\/product_brand?post=98578"},{"taxonomy":"product_cat","embeddable":true,"href":"https:\/\/marktxxl.de\/markt\/wp-json\/wp\/v2\/product_cat?post=98578"},{"taxonomy":"product_tag","embeddable":true,"href":"https:\/\/marktxxl.de\/markt\/wp-json\/wp\/v2\/product_tag?post=98578"}],"curies":[{"name":"wp","href":"https:\/\/api.w.org\/{rel}","templated":true}]}}