{"id":98542,"date":"2022-01-27T15:01:18","date_gmt":"2022-01-27T14:01:18","guid":{"rendered":"https:\/\/marktxxl.de\/markt\/produkt\/nicpro-8-stueck-detail-pinsel-professionelle-miniatur-pinsel-fuer-aquarell-oel-acryl-bastelmodelle-steinmalerei-und-malen-nach-zahlen\/"},"modified":"2023-04-11T03:21:35","modified_gmt":"2023-04-11T01:21:35","slug":"nicpro-8-stueck-detail-pinsel-professionelle-miniatur-pinsel-fuer-aquarell-oel-acryl-bastelmodelle-steinmalerei-und-malen-nach-zahlen","status":"publish","type":"product","link":"https:\/\/marktxxl.de\/markt\/produkt\/nicpro-8-stueck-detail-pinsel-professionelle-miniatur-pinsel-fuer-aquarell-oel-acryl-bastelmodelle-steinmalerei-und-malen-nach-zahlen\/","title":{"rendered":"Nicpro Feiner Detail Pinsel Set, 8 St\u00fcck Pinselset Malen Mini-Pinsel f\u00fcr Professionelle K\u00fcnstler f\u00fcr Acryl, Aquarell, \u00d6l\u2026"},"content":{"rendered":"<p>Set mit 8 Detailpinseln, einschlie\u00dflich runder 5\/0, 4\/0, 3\/0, 0, 2, Liner 3\/0, Flat 2, Tight Spot 0. Hochwertiges Kunsthaar, ohne dass unerw\u00fcnschte Haare splittern oder ausfallen<br \/>\nPerfekt f\u00fcr alle Arten von Details. Gut f\u00fcr Nagelkunst und Gesichtsmalerei, ideal zum Malen von Miniaturen, Modellen, Figuren, Actionfiguren und Puppenh\u00e4usern, Steinmalerei, Malen nach Zahlen, Armeefarbe. Acryl, Aquarell oder \u00d6l, bei welchem Projekt Sie erstellen, haben Sie das richtige Werkzeug f\u00fcr alle Ihre Hobbys und Bastelarbeiten.<br \/>\nInternational products have separate terms, are sold from abroad and may differ from local products, including fit, age ratings, and language of product, labeling or instructions.<br \/>\n<div class=\"main-cross-sell\" data-asin=\"B087V5Y3ZS\">\n\n\t<div class=\"WooZone-cross-sell-loader\">\n\t\t<div>\n\t\t\t<div id=\"floatingBarsG\">\n\t\t\t\t<div class=\"blockG\" id=\"rotateG_01\"><\/div>\n\t\t\t\t<div class=\"blockG\" id=\"rotateG_02\"><\/div>\n\t\t\t\t<div class=\"blockG\" id=\"rotateG_03\"><\/div>\n\t\t\t\t<div class=\"blockG\" id=\"rotateG_04\"><\/div>\n\t\t\t\t<div class=\"blockG\" id=\"rotateG_05\"><\/div>\n\t\t\t\t<div class=\"blockG\" id=\"rotateG_06\"><\/div>\n\t\t\t\t<div class=\"blockG\" id=\"rotateG_07\"><\/div>\n\t\t\t\t<div class=\"blockG\" id=\"rotateG_08\"><\/div>\n\t\t\t<\/div>\n\t\t\t<div class=\"WooZone-cross-sell-loader-text\"><\/div>\n\t\t<\/div>\n\t<\/div>\n\n\t\t\n<\/div>\n<div style=\"clear:both;\"><\/div><\/p>\n","protected":false},"excerpt":{"rendered":"<p>Set mit 8 Detailpinseln, einschlie\u00dflich runder 5\/0, 4\/0, 3\/0, 0, 2, Liner 3\/0, Flat 2, Tight Spot 0. Hochwertiges Kunsthaar, ohne dass unerw\u00fcnschte Haare splittern oder ausfallen<br \/>\nPerfekt f\u00fcr alle Arten von Details. Gut f\u00fcr Nagelkunst und Gesichtsmalerei, ideal zum Malen von Miniaturen, Modellen, Figuren, Actionfiguren und Puppenh\u00e4usern, Steinmalerei, Malen nach Zahlen, Armeefarbe. Acryl, Aquarell oder \u00d6l, bei welchem Projekt Sie erstellen, haben Sie das richtige Werkzeug f\u00fcr alle Ihre Hobbys und Bastelarbeiten.<br \/>\nInternational products have separate terms, are sold from abroad and may differ from local products, including fit, age ratings, and language of product, labeling or instructions.<\/p>\n","protected":false},"featured_media":98543,"comment_status":"open","ping_status":"closed","template":"","meta":[],"product_brand":[],"product_cat":[504,8482],"product_tag":[],"class_list":{"0":"post-98542","1":"product","2":"type-product","3":"status-publish","4":"has-post-thumbnail","6":"product_cat-buerobedarf-schreibwaren","7":"product_cat-kuenstler-bastelbedarf","8":"pa_brand-nicpro","9":"pa_manufacturer-nicpro","11":"first","12":"instock","13":"shipping-taxable","14":"purchasable","15":"product-type-simple","16":"customify-col","17":"product-has-gallery"},"yoast_head":"<!-- This site is optimized with the Yoast SEO plugin v27.4 - https:\/\/yoast.com\/product\/yoast-seo-wordpress\/ -->\n<title>Nicpro Feiner Detail Pinsel Set, 8 St\u00fcck Pinselset Malen Mini-Pinsel f\u00fcr Professionelle K\u00fcnstler f\u00fcr Acryl, Aquarell, \u00d6l\u2026 - Markt-XXL<\/title>\n<meta name=\"description\" content=\"Markt-XXL Nicpro Feiner Detail Pinsel Set, 8 St\u00fcck Pinselset Malen Mini-Pinsel f\u00fcr Professionelle K\u00fcnstler f\u00fcr Acryl, Aquarell, \u00d6l\u2026\" \/>\n<meta name=\"robots\" content=\"index, follow, max-snippet:-1, max-image-preview:large, max-video-preview:-1\" \/>\n<link rel=\"canonical\" href=\"https:\/\/marktxxl.de\/markt\/produkt\/nicpro-8-stueck-detail-pinsel-professionelle-miniatur-pinsel-fuer-aquarell-oel-acryl-bastelmodelle-steinmalerei-und-malen-nach-zahlen\/\" \/>\n<meta property=\"og:locale\" content=\"de_DE\" \/>\n<meta property=\"og:type\" content=\"article\" \/>\n<meta property=\"og:title\" content=\"Nicpro Feiner Detail Pinsel Set, 8 St\u00fcck Pinselset Malen Mini-Pinsel f\u00fcr Professionelle K\u00fcnstler f\u00fcr Acryl, Aquarell, \u00d6l\u2026 - Markt-XXL\" \/>\n<meta property=\"og:description\" content=\"Markt-XXL Nicpro Feiner Detail Pinsel Set, 8 St\u00fcck Pinselset Malen Mini-Pinsel f\u00fcr Professionelle K\u00fcnstler f\u00fcr Acryl, Aquarell, \u00d6l\u2026\" \/>\n<meta property=\"og:url\" content=\"https:\/\/marktxxl.de\/markt\/produkt\/nicpro-8-stueck-detail-pinsel-professionelle-miniatur-pinsel-fuer-aquarell-oel-acryl-bastelmodelle-steinmalerei-und-malen-nach-zahlen\/\" \/>\n<meta property=\"og:site_name\" content=\"Markt-XXL\" \/>\n<meta property=\"article:modified_time\" content=\"2023-04-11T01:21:35+00:00\" \/>\n<meta property=\"og:image\" content=\"https:\/\/m.media-amazon.com\/images\/I\/513yRkCzeEL._SL500_.jpg\" \/>\n\t<meta property=\"og:image:width\" content=\"500\" \/>\n\t<meta property=\"og:image:height\" content=\"500\" \/>\n\t<meta property=\"og:image:type\" content=\"image\/jpeg\" \/>\n<meta name=\"twitter:card\" content=\"summary_large_image\" \/>\n<meta name=\"twitter:label1\" content=\"Gesch\u00e4tzte Lesezeit\" \/>\n\t<meta name=\"twitter:data1\" content=\"1\u00a0Minute\" \/>\n<script type=\"application\/ld+json\" class=\"yoast-schema-graph\">{\"@context\":\"https:\\\/\\\/schema.org\",\"@graph\":[{\"@type\":\"WebPage\",\"@id\":\"https:\\\/\\\/marktxxl.de\\\/markt\\\/produkt\\\/nicpro-8-stueck-detail-pinsel-professionelle-miniatur-pinsel-fuer-aquarell-oel-acryl-bastelmodelle-steinmalerei-und-malen-nach-zahlen\\\/\",\"url\":\"https:\\\/\\\/marktxxl.de\\\/markt\\\/produkt\\\/nicpro-8-stueck-detail-pinsel-professionelle-miniatur-pinsel-fuer-aquarell-oel-acryl-bastelmodelle-steinmalerei-und-malen-nach-zahlen\\\/\",\"name\":\"Nicpro Feiner Detail Pinsel Set, 8 St\u00fcck Pinselset Malen Mini-Pinsel f\u00fcr Professionelle K\u00fcnstler f\u00fcr Acryl, Aquarell, \u00d6l\u2026 - Markt-XXL\",\"isPartOf\":{\"@id\":\"https:\\\/\\\/marktxxl.de\\\/markt\\\/#website\"},\"primaryImageOfPage\":{\"@id\":\"https:\\\/\\\/marktxxl.de\\\/markt\\\/produkt\\\/nicpro-8-stueck-detail-pinsel-professionelle-miniatur-pinsel-fuer-aquarell-oel-acryl-bastelmodelle-steinmalerei-und-malen-nach-zahlen\\\/#primaryimage\"},\"image\":{\"@id\":\"https:\\\/\\\/marktxxl.de\\\/markt\\\/produkt\\\/nicpro-8-stueck-detail-pinsel-professionelle-miniatur-pinsel-fuer-aquarell-oel-acryl-bastelmodelle-steinmalerei-und-malen-nach-zahlen\\\/#primaryimage\"},\"thumbnailUrl\":\"https:\\\/\\\/m.media-amazon.com\\\/images\\\/I\\\/513yRkCzeEL._SL500_.jpg\",\"datePublished\":\"2022-01-27T14:01:18+00:00\",\"dateModified\":\"2023-04-11T01:21:35+00:00\",\"description\":\"Markt-XXL Nicpro Feiner Detail Pinsel Set, 8 St\u00fcck Pinselset Malen Mini-Pinsel f\u00fcr Professionelle K\u00fcnstler f\u00fcr Acryl, Aquarell, \u00d6l\u2026\",\"breadcrumb\":{\"@id\":\"https:\\\/\\\/marktxxl.de\\\/markt\\\/produkt\\\/nicpro-8-stueck-detail-pinsel-professionelle-miniatur-pinsel-fuer-aquarell-oel-acryl-bastelmodelle-steinmalerei-und-malen-nach-zahlen\\\/#breadcrumb\"},\"inLanguage\":\"de\",\"potentialAction\":[{\"@type\":\"ReadAction\",\"target\":[\"https:\\\/\\\/marktxxl.de\\\/markt\\\/produkt\\\/nicpro-8-stueck-detail-pinsel-professionelle-miniatur-pinsel-fuer-aquarell-oel-acryl-bastelmodelle-steinmalerei-und-malen-nach-zahlen\\\/\"]}]},{\"@type\":\"ImageObject\",\"inLanguage\":\"de\",\"@id\":\"https:\\\/\\\/marktxxl.de\\\/markt\\\/produkt\\\/nicpro-8-stueck-detail-pinsel-professionelle-miniatur-pinsel-fuer-aquarell-oel-acryl-bastelmodelle-steinmalerei-und-malen-nach-zahlen\\\/#primaryimage\",\"url\":\"https:\\\/\\\/m.media-amazon.com\\\/images\\\/I\\\/513yRkCzeEL._SL500_.jpg\",\"contentUrl\":\"https:\\\/\\\/m.media-amazon.com\\\/images\\\/I\\\/513yRkCzeEL._SL500_.jpg\",\"width\":500,\"height\":500},{\"@type\":\"BreadcrumbList\",\"@id\":\"https:\\\/\\\/marktxxl.de\\\/markt\\\/produkt\\\/nicpro-8-stueck-detail-pinsel-professionelle-miniatur-pinsel-fuer-aquarell-oel-acryl-bastelmodelle-steinmalerei-und-malen-nach-zahlen\\\/#breadcrumb\",\"itemListElement\":[{\"@type\":\"ListItem\",\"position\":1,\"name\":\"Startseite\",\"item\":\"https:\\\/\\\/marktxxl.de\\\/markt\\\/\"},{\"@type\":\"ListItem\",\"position\":2,\"name\":\"Markt\",\"item\":\"https:\\\/\\\/marktxxl.de\\\/markt\\\/\"},{\"@type\":\"ListItem\",\"position\":3,\"name\":\"Nicpro Feiner Detail Pinsel Set, 8 St\u00fcck Pinselset Malen Mini-Pinsel f\u00fcr Professionelle K\u00fcnstler f\u00fcr Acryl, Aquarell, \u00d6l\u2026\"}]},{\"@type\":\"WebSite\",\"@id\":\"https:\\\/\\\/marktxxl.de\\\/markt\\\/#website\",\"url\":\"https:\\\/\\\/marktxxl.de\\\/markt\\\/\",\"name\":\"Markt-XXL\",\"description\":\"Ihr Markt Online\",\"publisher\":{\"@id\":\"https:\\\/\\\/marktxxl.de\\\/markt\\\/#organization\"},\"potentialAction\":[{\"@type\":\"SearchAction\",\"target\":{\"@type\":\"EntryPoint\",\"urlTemplate\":\"https:\\\/\\\/marktxxl.de\\\/markt\\\/?s={search_term_string}\"},\"query-input\":{\"@type\":\"PropertyValueSpecification\",\"valueRequired\":true,\"valueName\":\"search_term_string\"}}],\"inLanguage\":\"de\"},{\"@type\":\"Organization\",\"@id\":\"https:\\\/\\\/marktxxl.de\\\/markt\\\/#organization\",\"name\":\"Markt-XXL\",\"url\":\"https:\\\/\\\/marktxxl.de\\\/markt\\\/\",\"logo\":{\"@type\":\"ImageObject\",\"inLanguage\":\"de\",\"@id\":\"https:\\\/\\\/marktxxl.de\\\/markt\\\/#\\\/schema\\\/logo\\\/image\\\/\",\"url\":\"https:\\\/\\\/marktxxl.de\\\/markt\\\/wp-content\\\/uploads\\\/sites\\\/3\\\/2020\\\/12\\\/logo.png\",\"contentUrl\":\"https:\\\/\\\/marktxxl.de\\\/markt\\\/wp-content\\\/uploads\\\/sites\\\/3\\\/2020\\\/12\\\/logo.png\",\"width\":200,\"height\":70,\"caption\":\"Markt-XXL\"},\"image\":{\"@id\":\"https:\\\/\\\/marktxxl.de\\\/markt\\\/#\\\/schema\\\/logo\\\/image\\\/\"}}]}<\/script>\n<!-- \/ Yoast SEO plugin. -->","yoast_head_json":{"title":"Nicpro Feiner Detail Pinsel Set, 8 St\u00fcck Pinselset Malen Mini-Pinsel f\u00fcr Professionelle K\u00fcnstler f\u00fcr Acryl, Aquarell, \u00d6l\u2026 - Markt-XXL","description":"Markt-XXL Nicpro Feiner Detail Pinsel Set, 8 St\u00fcck Pinselset Malen Mini-Pinsel f\u00fcr Professionelle K\u00fcnstler f\u00fcr Acryl, Aquarell, \u00d6l\u2026","robots":{"index":"index","follow":"follow","max-snippet":"max-snippet:-1","max-image-preview":"max-image-preview:large","max-video-preview":"max-video-preview:-1"},"canonical":"https:\/\/marktxxl.de\/markt\/produkt\/nicpro-8-stueck-detail-pinsel-professionelle-miniatur-pinsel-fuer-aquarell-oel-acryl-bastelmodelle-steinmalerei-und-malen-nach-zahlen\/","og_locale":"de_DE","og_type":"article","og_title":"Nicpro Feiner Detail Pinsel Set, 8 St\u00fcck Pinselset Malen Mini-Pinsel f\u00fcr Professionelle K\u00fcnstler f\u00fcr Acryl, Aquarell, \u00d6l\u2026 - Markt-XXL","og_description":"Markt-XXL Nicpro Feiner Detail Pinsel Set, 8 St\u00fcck Pinselset Malen Mini-Pinsel f\u00fcr Professionelle K\u00fcnstler f\u00fcr Acryl, Aquarell, \u00d6l\u2026","og_url":"https:\/\/marktxxl.de\/markt\/produkt\/nicpro-8-stueck-detail-pinsel-professionelle-miniatur-pinsel-fuer-aquarell-oel-acryl-bastelmodelle-steinmalerei-und-malen-nach-zahlen\/","og_site_name":"Markt-XXL","article_modified_time":"2023-04-11T01:21:35+00:00","og_image":[{"width":500,"height":500,"url":"https:\/\/m.media-amazon.com\/images\/I\/513yRkCzeEL._SL500_.jpg","type":"image\/jpeg"}],"twitter_card":"summary_large_image","twitter_misc":{"Gesch\u00e4tzte Lesezeit":"1\u00a0Minute"},"schema":{"@context":"https:\/\/schema.org","@graph":[{"@type":"WebPage","@id":"https:\/\/marktxxl.de\/markt\/produkt\/nicpro-8-stueck-detail-pinsel-professionelle-miniatur-pinsel-fuer-aquarell-oel-acryl-bastelmodelle-steinmalerei-und-malen-nach-zahlen\/","url":"https:\/\/marktxxl.de\/markt\/produkt\/nicpro-8-stueck-detail-pinsel-professionelle-miniatur-pinsel-fuer-aquarell-oel-acryl-bastelmodelle-steinmalerei-und-malen-nach-zahlen\/","name":"Nicpro Feiner Detail Pinsel Set, 8 St\u00fcck Pinselset Malen Mini-Pinsel f\u00fcr Professionelle K\u00fcnstler f\u00fcr Acryl, Aquarell, \u00d6l\u2026 - Markt-XXL","isPartOf":{"@id":"https:\/\/marktxxl.de\/markt\/#website"},"primaryImageOfPage":{"@id":"https:\/\/marktxxl.de\/markt\/produkt\/nicpro-8-stueck-detail-pinsel-professionelle-miniatur-pinsel-fuer-aquarell-oel-acryl-bastelmodelle-steinmalerei-und-malen-nach-zahlen\/#primaryimage"},"image":{"@id":"https:\/\/marktxxl.de\/markt\/produkt\/nicpro-8-stueck-detail-pinsel-professionelle-miniatur-pinsel-fuer-aquarell-oel-acryl-bastelmodelle-steinmalerei-und-malen-nach-zahlen\/#primaryimage"},"thumbnailUrl":"https:\/\/m.media-amazon.com\/images\/I\/513yRkCzeEL._SL500_.jpg","datePublished":"2022-01-27T14:01:18+00:00","dateModified":"2023-04-11T01:21:35+00:00","description":"Markt-XXL Nicpro Feiner Detail Pinsel Set, 8 St\u00fcck Pinselset Malen Mini-Pinsel f\u00fcr Professionelle K\u00fcnstler f\u00fcr Acryl, Aquarell, \u00d6l\u2026","breadcrumb":{"@id":"https:\/\/marktxxl.de\/markt\/produkt\/nicpro-8-stueck-detail-pinsel-professionelle-miniatur-pinsel-fuer-aquarell-oel-acryl-bastelmodelle-steinmalerei-und-malen-nach-zahlen\/#breadcrumb"},"inLanguage":"de","potentialAction":[{"@type":"ReadAction","target":["https:\/\/marktxxl.de\/markt\/produkt\/nicpro-8-stueck-detail-pinsel-professionelle-miniatur-pinsel-fuer-aquarell-oel-acryl-bastelmodelle-steinmalerei-und-malen-nach-zahlen\/"]}]},{"@type":"ImageObject","inLanguage":"de","@id":"https:\/\/marktxxl.de\/markt\/produkt\/nicpro-8-stueck-detail-pinsel-professionelle-miniatur-pinsel-fuer-aquarell-oel-acryl-bastelmodelle-steinmalerei-und-malen-nach-zahlen\/#primaryimage","url":"https:\/\/m.media-amazon.com\/images\/I\/513yRkCzeEL._SL500_.jpg","contentUrl":"https:\/\/m.media-amazon.com\/images\/I\/513yRkCzeEL._SL500_.jpg","width":500,"height":500},{"@type":"BreadcrumbList","@id":"https:\/\/marktxxl.de\/markt\/produkt\/nicpro-8-stueck-detail-pinsel-professionelle-miniatur-pinsel-fuer-aquarell-oel-acryl-bastelmodelle-steinmalerei-und-malen-nach-zahlen\/#breadcrumb","itemListElement":[{"@type":"ListItem","position":1,"name":"Startseite","item":"https:\/\/marktxxl.de\/markt\/"},{"@type":"ListItem","position":2,"name":"Markt","item":"https:\/\/marktxxl.de\/markt\/"},{"@type":"ListItem","position":3,"name":"Nicpro Feiner Detail Pinsel Set, 8 St\u00fcck Pinselset Malen Mini-Pinsel f\u00fcr Professionelle K\u00fcnstler f\u00fcr Acryl, Aquarell, \u00d6l\u2026"}]},{"@type":"WebSite","@id":"https:\/\/marktxxl.de\/markt\/#website","url":"https:\/\/marktxxl.de\/markt\/","name":"Markt-XXL","description":"Ihr Markt Online","publisher":{"@id":"https:\/\/marktxxl.de\/markt\/#organization"},"potentialAction":[{"@type":"SearchAction","target":{"@type":"EntryPoint","urlTemplate":"https:\/\/marktxxl.de\/markt\/?s={search_term_string}"},"query-input":{"@type":"PropertyValueSpecification","valueRequired":true,"valueName":"search_term_string"}}],"inLanguage":"de"},{"@type":"Organization","@id":"https:\/\/marktxxl.de\/markt\/#organization","name":"Markt-XXL","url":"https:\/\/marktxxl.de\/markt\/","logo":{"@type":"ImageObject","inLanguage":"de","@id":"https:\/\/marktxxl.de\/markt\/#\/schema\/logo\/image\/","url":"https:\/\/marktxxl.de\/markt\/wp-content\/uploads\/sites\/3\/2020\/12\/logo.png","contentUrl":"https:\/\/marktxxl.de\/markt\/wp-content\/uploads\/sites\/3\/2020\/12\/logo.png","width":200,"height":70,"caption":"Markt-XXL"},"image":{"@id":"https:\/\/marktxxl.de\/markt\/#\/schema\/logo\/image\/"}}]}},"_links":{"self":[{"href":"https:\/\/marktxxl.de\/markt\/wp-json\/wp\/v2\/product\/98542","targetHints":{"allow":["GET"]}}],"collection":[{"href":"https:\/\/marktxxl.de\/markt\/wp-json\/wp\/v2\/product"}],"about":[{"href":"https:\/\/marktxxl.de\/markt\/wp-json\/wp\/v2\/types\/product"}],"replies":[{"embeddable":true,"href":"https:\/\/marktxxl.de\/markt\/wp-json\/wp\/v2\/comments?post=98542"}],"wp:featuredmedia":[{"embeddable":true,"href":"https:\/\/marktxxl.de\/markt\/wp-json\/wp\/v2\/media\/98543"}],"wp:attachment":[{"href":"https:\/\/marktxxl.de\/markt\/wp-json\/wp\/v2\/media?parent=98542"}],"wp:term":[{"taxonomy":"product_brand","embeddable":true,"href":"https:\/\/marktxxl.de\/markt\/wp-json\/wp\/v2\/product_brand?post=98542"},{"taxonomy":"product_cat","embeddable":true,"href":"https:\/\/marktxxl.de\/markt\/wp-json\/wp\/v2\/product_cat?post=98542"},{"taxonomy":"product_tag","embeddable":true,"href":"https:\/\/marktxxl.de\/markt\/wp-json\/wp\/v2\/product_tag?post=98542"}],"curies":[{"name":"wp","href":"https:\/\/api.w.org\/{rel}","templated":true}]}}