{"id":98384,"date":"2022-01-27T14:54:36","date_gmt":"2022-01-27T13:54:36","guid":{"rendered":"https:\/\/marktxxl.de\/markt\/produkt\/jolvvn-led-lichtervorhang-3x3m300-led-innen-lichterkette-vorhang-8-modi-lichterketten-fuer-partydekoration-spezialle-deko-beleuchtung-party-weihnachten\/"},"modified":"2023-04-11T03:21:33","modified_gmt":"2023-04-11T01:21:33","slug":"jolvvn-led-lichtervorhang-3x3m300-led-innen-lichterkette-vorhang-8-modi-lichterketten-fuer-partydekoration-spezialle-deko-beleuchtung-party-weihnachten","status":"publish","type":"product","link":"https:\/\/marktxxl.de\/markt\/produkt\/jolvvn-led-lichtervorhang-3x3m300-led-innen-lichterkette-vorhang-8-modi-lichterketten-fuer-partydekoration-spezialle-deko-beleuchtung-party-weihnachten\/","title":{"rendered":"JOLVVN LED Lichtervorhang 3x3m,300 LED Innen Lichterkette Vorhang 8 Modi Lichterketten f\u00fcr Partydekoration spezialle\u2026"},"content":{"rendered":"<p>\u30108 BELEUCHTUNGSMODI\u3011 3 * 3 m, 300 (12*25 LED) LED-Lichtketten mit Tasten am Adapter. Es gibt 8 Beleuchtungsmodi (Kombination, in Wave, Sequential, Slo Glo, Chasing \/ Flash, Slow Fade, Twinkle \/ Flash, Steady On). Verschiedene Lichteffekte werden \u00fcber die Adaptertaste gesteuert.<br \/>\n\u3010DIY mit hochwertigen Schn\u00fcren\u3011 Hergestellt aus strapazierf\u00e4higem Material, weicher Textur, sodass diese Vorhangschn\u00fcre sicher und verbindbar sind. Jede Saite hat 25 LEDs, insgesamt 12 Seile; Durch die Verbindung k\u00f6nnen Sie nach Bedarf bis zu 3 Kabel anschlie\u00dfen und mit Ihrer Fantasie die Saite besser nutzen.<br \/>\n\u3010Fabelhaftes warmes Vorhanglicht\u3011 Dieses warme Licht leuchtet in warmen Farben und ist das erstaunlichste und sch\u00f6nste Eiszapfenlicht, das Sie finden k\u00f6nnen. Beste Dekorbeleuchtung f\u00fcr Schlafzimmer, M\u00e4dchenzimmer, Hotel, Restaurant, Balkon, J\u00e4ten, Fenster, Wohnzimmer, Veranda, Wohnheim, Party, Geburtstag, Weihnachten oder andere Themenereignisse usw. Absolut umwerfend, egal an leeren W\u00e4nden, Fenstern oder dahinter Vorhang. Es wird dazu beitragen, eine angenehme Atmosph\u00e4re zu schaffen.<br \/>\n\u3010IP44 Wasserdichte dekorative Leuchten\u3011 IP44 Wasserdichtes Design macht diese Vorhanglichterketten zur perfekten Wahl f\u00fcr Innen- und Au\u00dfendekorationen. Es wird nicht \u00fcberhitzt und kann nach vielen Stunden sicher ber\u00fchrt werden. Ihre Lichter besch\u00e4digen Ihre Haut nicht, wenn Sie sie ber\u00fchren, sie verhindern vollst\u00e4ndig Feuer und Explosion! Es wird auch im kalten Winter richtig funktionieren. Bietet ein sch\u00f6nes und gem\u00fctliches Ambiente im Innen- und Au\u00dfenbereich.<br \/>\n\u3010Einfach zu installieren und energiesparend\u3011 Es hat die CE-Zertifizierung bestanden und verf\u00fcgt \u00fcber Steckverbinder nach EU-Standard. Sehr geringer Stromverbrauch (DC 31V), es besteht absolut keine Gefahr eines Stromschlags. Sie m\u00fcssen nur einstecken und k\u00f6nnen die Lichterkette verwenden. Sie eignet sich perfekt f\u00fcr die Dekoration im Au\u00dfen- und Innenbereich.<br \/>\n<div class=\"main-cross-sell\" data-asin=\"B08D9CZ2ZS\">\n\n\t<div class=\"WooZone-cross-sell-loader\">\n\t\t<div>\n\t\t\t<div id=\"floatingBarsG\">\n\t\t\t\t<div class=\"blockG\" id=\"rotateG_01\"><\/div>\n\t\t\t\t<div class=\"blockG\" id=\"rotateG_02\"><\/div>\n\t\t\t\t<div class=\"blockG\" id=\"rotateG_03\"><\/div>\n\t\t\t\t<div class=\"blockG\" id=\"rotateG_04\"><\/div>\n\t\t\t\t<div class=\"blockG\" id=\"rotateG_05\"><\/div>\n\t\t\t\t<div class=\"blockG\" id=\"rotateG_06\"><\/div>\n\t\t\t\t<div class=\"blockG\" id=\"rotateG_07\"><\/div>\n\t\t\t\t<div class=\"blockG\" id=\"rotateG_08\"><\/div>\n\t\t\t<\/div>\n\t\t\t<div class=\"WooZone-cross-sell-loader-text\"><\/div>\n\t\t<\/div>\n\t<\/div>\n\n\t\t\n<\/div>\n<div style=\"clear:both;\"><\/div><\/p>\n","protected":false},"excerpt":{"rendered":"<p>\u30108 BELEUCHTUNGSMODI\u3011 3 * 3 m, 300 (12*25 LED) LED-Lichtketten mit Tasten am Adapter. Es gibt 8 Beleuchtungsmodi (Kombination, in Wave, Sequential, Slo Glo, Chasing \/ Flash, Slow Fade, Twinkle \/ Flash, Steady On). Verschiedene Lichteffekte werden \u00fcber die Adaptertaste gesteuert.<br \/>\n\u3010DIY mit hochwertigen Schn\u00fcren\u3011 Hergestellt aus strapazierf\u00e4higem Material, weicher Textur, sodass diese Vorhangschn\u00fcre sicher und verbindbar sind. Jede Saite hat 25 LEDs, insgesamt 12 Seile; Durch die Verbindung k\u00f6nnen Sie nach Bedarf bis zu 3 Kabel anschlie\u00dfen und mit Ihrer Fantasie die Saite besser nutzen.<br \/>\n\u3010Fabelhaftes warmes Vorhanglicht\u3011 Dieses warme Licht leuchtet in warmen Farben und ist das erstaunlichste und sch\u00f6nste Eiszapfenlicht, das Sie finden k\u00f6nnen. Beste Dekorbeleuchtung f\u00fcr Schlafzimmer, M\u00e4dchenzimmer, Hotel, Restaurant, Balkon, J\u00e4ten, Fenster, Wohnzimmer, Veranda, Wohnheim, Party, Geburtstag, Weihnachten oder andere Themenereignisse usw. Absolut umwerfend, egal an leeren W\u00e4nden, Fenstern oder dahinter Vorhang. Es wird dazu beitragen, eine angenehme Atmosph\u00e4re zu schaffen.<\/p>\n","protected":false},"featured_media":98385,"comment_status":"open","ping_status":"closed","template":"","meta":[],"product_brand":[],"product_cat":[2108,15624],"product_tag":[],"class_list":{"0":"post-98384","1":"product","2":"type-product","3":"status-publish","4":"has-post-thumbnail","6":"product_cat-beleuchtung","7":"product_cat-weihnachtsbeleuchtung","8":"pa_brand-jolvvn","9":"pa_manufacturer-jolvvn","11":"first","12":"instock","13":"shipping-taxable","14":"purchasable","15":"product-type-simple","16":"customify-col","17":"product-has-gallery"},"yoast_head":"<!-- This site is optimized with the Yoast SEO plugin v27.4 - https:\/\/yoast.com\/product\/yoast-seo-wordpress\/ -->\n<title>JOLVVN LED Lichtervorhang 3x3m,300 LED Innen Lichterkette Vorhang 8 Modi Lichterketten f\u00fcr Partydekoration spezialle\u2026 - Markt-XXL<\/title>\n<meta name=\"description\" content=\"Markt-XXL JOLVVN LED Lichtervorhang 3x3m,300 LED Innen Lichterkette Vorhang 8 Modi Lichterketten f\u00fcr Partydekoration spezialle\u2026\" \/>\n<meta name=\"robots\" content=\"index, follow, max-snippet:-1, max-image-preview:large, max-video-preview:-1\" \/>\n<link rel=\"canonical\" href=\"https:\/\/marktxxl.de\/markt\/produkt\/jolvvn-led-lichtervorhang-3x3m300-led-innen-lichterkette-vorhang-8-modi-lichterketten-fuer-partydekoration-spezialle-deko-beleuchtung-party-weihnachten\/\" \/>\n<meta property=\"og:locale\" content=\"de_DE\" \/>\n<meta property=\"og:type\" content=\"article\" \/>\n<meta property=\"og:title\" content=\"JOLVVN LED Lichtervorhang 3x3m,300 LED Innen Lichterkette Vorhang 8 Modi Lichterketten f\u00fcr Partydekoration spezialle\u2026 - Markt-XXL\" \/>\n<meta property=\"og:description\" content=\"Markt-XXL JOLVVN LED Lichtervorhang 3x3m,300 LED Innen Lichterkette Vorhang 8 Modi Lichterketten f\u00fcr Partydekoration spezialle\u2026\" \/>\n<meta property=\"og:url\" content=\"https:\/\/marktxxl.de\/markt\/produkt\/jolvvn-led-lichtervorhang-3x3m300-led-innen-lichterkette-vorhang-8-modi-lichterketten-fuer-partydekoration-spezialle-deko-beleuchtung-party-weihnachten\/\" \/>\n<meta property=\"og:site_name\" content=\"Markt-XXL\" \/>\n<meta property=\"article:modified_time\" content=\"2023-04-11T01:21:33+00:00\" \/>\n<meta property=\"og:image\" content=\"https:\/\/m.media-amazon.com\/images\/I\/51kSdYIVukL._SL500_.jpg\" \/>\n\t<meta property=\"og:image:width\" content=\"500\" \/>\n\t<meta property=\"og:image:height\" content=\"500\" \/>\n\t<meta property=\"og:image:type\" content=\"image\/jpeg\" \/>\n<meta name=\"twitter:card\" content=\"summary_large_image\" \/>\n<meta name=\"twitter:label1\" content=\"Gesch\u00e4tzte Lesezeit\" \/>\n\t<meta name=\"twitter:data1\" content=\"1\u00a0Minute\" \/>\n<script type=\"application\/ld+json\" class=\"yoast-schema-graph\">{\"@context\":\"https:\\\/\\\/schema.org\",\"@graph\":[{\"@type\":\"WebPage\",\"@id\":\"https:\\\/\\\/marktxxl.de\\\/markt\\\/produkt\\\/jolvvn-led-lichtervorhang-3x3m300-led-innen-lichterkette-vorhang-8-modi-lichterketten-fuer-partydekoration-spezialle-deko-beleuchtung-party-weihnachten\\\/\",\"url\":\"https:\\\/\\\/marktxxl.de\\\/markt\\\/produkt\\\/jolvvn-led-lichtervorhang-3x3m300-led-innen-lichterkette-vorhang-8-modi-lichterketten-fuer-partydekoration-spezialle-deko-beleuchtung-party-weihnachten\\\/\",\"name\":\"JOLVVN LED Lichtervorhang 3x3m,300 LED Innen Lichterkette Vorhang 8 Modi Lichterketten f\u00fcr Partydekoration spezialle\u2026 - Markt-XXL\",\"isPartOf\":{\"@id\":\"https:\\\/\\\/marktxxl.de\\\/markt\\\/#website\"},\"primaryImageOfPage\":{\"@id\":\"https:\\\/\\\/marktxxl.de\\\/markt\\\/produkt\\\/jolvvn-led-lichtervorhang-3x3m300-led-innen-lichterkette-vorhang-8-modi-lichterketten-fuer-partydekoration-spezialle-deko-beleuchtung-party-weihnachten\\\/#primaryimage\"},\"image\":{\"@id\":\"https:\\\/\\\/marktxxl.de\\\/markt\\\/produkt\\\/jolvvn-led-lichtervorhang-3x3m300-led-innen-lichterkette-vorhang-8-modi-lichterketten-fuer-partydekoration-spezialle-deko-beleuchtung-party-weihnachten\\\/#primaryimage\"},\"thumbnailUrl\":\"https:\\\/\\\/m.media-amazon.com\\\/images\\\/I\\\/51kSdYIVukL._SL500_.jpg\",\"datePublished\":\"2022-01-27T13:54:36+00:00\",\"dateModified\":\"2023-04-11T01:21:33+00:00\",\"description\":\"Markt-XXL JOLVVN LED Lichtervorhang 3x3m,300 LED Innen Lichterkette Vorhang 8 Modi Lichterketten f\u00fcr Partydekoration spezialle\u2026\",\"breadcrumb\":{\"@id\":\"https:\\\/\\\/marktxxl.de\\\/markt\\\/produkt\\\/jolvvn-led-lichtervorhang-3x3m300-led-innen-lichterkette-vorhang-8-modi-lichterketten-fuer-partydekoration-spezialle-deko-beleuchtung-party-weihnachten\\\/#breadcrumb\"},\"inLanguage\":\"de\",\"potentialAction\":[{\"@type\":\"ReadAction\",\"target\":[\"https:\\\/\\\/marktxxl.de\\\/markt\\\/produkt\\\/jolvvn-led-lichtervorhang-3x3m300-led-innen-lichterkette-vorhang-8-modi-lichterketten-fuer-partydekoration-spezialle-deko-beleuchtung-party-weihnachten\\\/\"]}]},{\"@type\":\"ImageObject\",\"inLanguage\":\"de\",\"@id\":\"https:\\\/\\\/marktxxl.de\\\/markt\\\/produkt\\\/jolvvn-led-lichtervorhang-3x3m300-led-innen-lichterkette-vorhang-8-modi-lichterketten-fuer-partydekoration-spezialle-deko-beleuchtung-party-weihnachten\\\/#primaryimage\",\"url\":\"https:\\\/\\\/m.media-amazon.com\\\/images\\\/I\\\/51kSdYIVukL._SL500_.jpg\",\"contentUrl\":\"https:\\\/\\\/m.media-amazon.com\\\/images\\\/I\\\/51kSdYIVukL._SL500_.jpg\",\"width\":500,\"height\":500},{\"@type\":\"BreadcrumbList\",\"@id\":\"https:\\\/\\\/marktxxl.de\\\/markt\\\/produkt\\\/jolvvn-led-lichtervorhang-3x3m300-led-innen-lichterkette-vorhang-8-modi-lichterketten-fuer-partydekoration-spezialle-deko-beleuchtung-party-weihnachten\\\/#breadcrumb\",\"itemListElement\":[{\"@type\":\"ListItem\",\"position\":1,\"name\":\"Startseite\",\"item\":\"https:\\\/\\\/marktxxl.de\\\/markt\\\/\"},{\"@type\":\"ListItem\",\"position\":2,\"name\":\"Markt\",\"item\":\"https:\\\/\\\/marktxxl.de\\\/markt\\\/\"},{\"@type\":\"ListItem\",\"position\":3,\"name\":\"JOLVVN LED Lichtervorhang 3x3m,300 LED Innen Lichterkette Vorhang 8 Modi Lichterketten f\u00fcr Partydekoration spezialle\u2026\"}]},{\"@type\":\"WebSite\",\"@id\":\"https:\\\/\\\/marktxxl.de\\\/markt\\\/#website\",\"url\":\"https:\\\/\\\/marktxxl.de\\\/markt\\\/\",\"name\":\"Markt-XXL\",\"description\":\"Ihr Markt Online\",\"publisher\":{\"@id\":\"https:\\\/\\\/marktxxl.de\\\/markt\\\/#organization\"},\"potentialAction\":[{\"@type\":\"SearchAction\",\"target\":{\"@type\":\"EntryPoint\",\"urlTemplate\":\"https:\\\/\\\/marktxxl.de\\\/markt\\\/?s={search_term_string}\"},\"query-input\":{\"@type\":\"PropertyValueSpecification\",\"valueRequired\":true,\"valueName\":\"search_term_string\"}}],\"inLanguage\":\"de\"},{\"@type\":\"Organization\",\"@id\":\"https:\\\/\\\/marktxxl.de\\\/markt\\\/#organization\",\"name\":\"Markt-XXL\",\"url\":\"https:\\\/\\\/marktxxl.de\\\/markt\\\/\",\"logo\":{\"@type\":\"ImageObject\",\"inLanguage\":\"de\",\"@id\":\"https:\\\/\\\/marktxxl.de\\\/markt\\\/#\\\/schema\\\/logo\\\/image\\\/\",\"url\":\"https:\\\/\\\/marktxxl.de\\\/markt\\\/wp-content\\\/uploads\\\/sites\\\/3\\\/2020\\\/12\\\/logo.png\",\"contentUrl\":\"https:\\\/\\\/marktxxl.de\\\/markt\\\/wp-content\\\/uploads\\\/sites\\\/3\\\/2020\\\/12\\\/logo.png\",\"width\":200,\"height\":70,\"caption\":\"Markt-XXL\"},\"image\":{\"@id\":\"https:\\\/\\\/marktxxl.de\\\/markt\\\/#\\\/schema\\\/logo\\\/image\\\/\"}}]}<\/script>\n<!-- \/ Yoast SEO plugin. -->","yoast_head_json":{"title":"JOLVVN LED Lichtervorhang 3x3m,300 LED Innen Lichterkette Vorhang 8 Modi Lichterketten f\u00fcr Partydekoration spezialle\u2026 - Markt-XXL","description":"Markt-XXL JOLVVN LED Lichtervorhang 3x3m,300 LED Innen Lichterkette Vorhang 8 Modi Lichterketten f\u00fcr Partydekoration spezialle\u2026","robots":{"index":"index","follow":"follow","max-snippet":"max-snippet:-1","max-image-preview":"max-image-preview:large","max-video-preview":"max-video-preview:-1"},"canonical":"https:\/\/marktxxl.de\/markt\/produkt\/jolvvn-led-lichtervorhang-3x3m300-led-innen-lichterkette-vorhang-8-modi-lichterketten-fuer-partydekoration-spezialle-deko-beleuchtung-party-weihnachten\/","og_locale":"de_DE","og_type":"article","og_title":"JOLVVN LED Lichtervorhang 3x3m,300 LED Innen Lichterkette Vorhang 8 Modi Lichterketten f\u00fcr Partydekoration spezialle\u2026 - Markt-XXL","og_description":"Markt-XXL JOLVVN LED Lichtervorhang 3x3m,300 LED Innen Lichterkette Vorhang 8 Modi Lichterketten f\u00fcr Partydekoration spezialle\u2026","og_url":"https:\/\/marktxxl.de\/markt\/produkt\/jolvvn-led-lichtervorhang-3x3m300-led-innen-lichterkette-vorhang-8-modi-lichterketten-fuer-partydekoration-spezialle-deko-beleuchtung-party-weihnachten\/","og_site_name":"Markt-XXL","article_modified_time":"2023-04-11T01:21:33+00:00","og_image":[{"width":500,"height":500,"url":"https:\/\/m.media-amazon.com\/images\/I\/51kSdYIVukL._SL500_.jpg","type":"image\/jpeg"}],"twitter_card":"summary_large_image","twitter_misc":{"Gesch\u00e4tzte Lesezeit":"1\u00a0Minute"},"schema":{"@context":"https:\/\/schema.org","@graph":[{"@type":"WebPage","@id":"https:\/\/marktxxl.de\/markt\/produkt\/jolvvn-led-lichtervorhang-3x3m300-led-innen-lichterkette-vorhang-8-modi-lichterketten-fuer-partydekoration-spezialle-deko-beleuchtung-party-weihnachten\/","url":"https:\/\/marktxxl.de\/markt\/produkt\/jolvvn-led-lichtervorhang-3x3m300-led-innen-lichterkette-vorhang-8-modi-lichterketten-fuer-partydekoration-spezialle-deko-beleuchtung-party-weihnachten\/","name":"JOLVVN LED Lichtervorhang 3x3m,300 LED Innen Lichterkette Vorhang 8 Modi Lichterketten f\u00fcr Partydekoration spezialle\u2026 - Markt-XXL","isPartOf":{"@id":"https:\/\/marktxxl.de\/markt\/#website"},"primaryImageOfPage":{"@id":"https:\/\/marktxxl.de\/markt\/produkt\/jolvvn-led-lichtervorhang-3x3m300-led-innen-lichterkette-vorhang-8-modi-lichterketten-fuer-partydekoration-spezialle-deko-beleuchtung-party-weihnachten\/#primaryimage"},"image":{"@id":"https:\/\/marktxxl.de\/markt\/produkt\/jolvvn-led-lichtervorhang-3x3m300-led-innen-lichterkette-vorhang-8-modi-lichterketten-fuer-partydekoration-spezialle-deko-beleuchtung-party-weihnachten\/#primaryimage"},"thumbnailUrl":"https:\/\/m.media-amazon.com\/images\/I\/51kSdYIVukL._SL500_.jpg","datePublished":"2022-01-27T13:54:36+00:00","dateModified":"2023-04-11T01:21:33+00:00","description":"Markt-XXL JOLVVN LED Lichtervorhang 3x3m,300 LED Innen Lichterkette Vorhang 8 Modi Lichterketten f\u00fcr Partydekoration spezialle\u2026","breadcrumb":{"@id":"https:\/\/marktxxl.de\/markt\/produkt\/jolvvn-led-lichtervorhang-3x3m300-led-innen-lichterkette-vorhang-8-modi-lichterketten-fuer-partydekoration-spezialle-deko-beleuchtung-party-weihnachten\/#breadcrumb"},"inLanguage":"de","potentialAction":[{"@type":"ReadAction","target":["https:\/\/marktxxl.de\/markt\/produkt\/jolvvn-led-lichtervorhang-3x3m300-led-innen-lichterkette-vorhang-8-modi-lichterketten-fuer-partydekoration-spezialle-deko-beleuchtung-party-weihnachten\/"]}]},{"@type":"ImageObject","inLanguage":"de","@id":"https:\/\/marktxxl.de\/markt\/produkt\/jolvvn-led-lichtervorhang-3x3m300-led-innen-lichterkette-vorhang-8-modi-lichterketten-fuer-partydekoration-spezialle-deko-beleuchtung-party-weihnachten\/#primaryimage","url":"https:\/\/m.media-amazon.com\/images\/I\/51kSdYIVukL._SL500_.jpg","contentUrl":"https:\/\/m.media-amazon.com\/images\/I\/51kSdYIVukL._SL500_.jpg","width":500,"height":500},{"@type":"BreadcrumbList","@id":"https:\/\/marktxxl.de\/markt\/produkt\/jolvvn-led-lichtervorhang-3x3m300-led-innen-lichterkette-vorhang-8-modi-lichterketten-fuer-partydekoration-spezialle-deko-beleuchtung-party-weihnachten\/#breadcrumb","itemListElement":[{"@type":"ListItem","position":1,"name":"Startseite","item":"https:\/\/marktxxl.de\/markt\/"},{"@type":"ListItem","position":2,"name":"Markt","item":"https:\/\/marktxxl.de\/markt\/"},{"@type":"ListItem","position":3,"name":"JOLVVN LED Lichtervorhang 3x3m,300 LED Innen Lichterkette Vorhang 8 Modi Lichterketten f\u00fcr Partydekoration spezialle\u2026"}]},{"@type":"WebSite","@id":"https:\/\/marktxxl.de\/markt\/#website","url":"https:\/\/marktxxl.de\/markt\/","name":"Markt-XXL","description":"Ihr Markt Online","publisher":{"@id":"https:\/\/marktxxl.de\/markt\/#organization"},"potentialAction":[{"@type":"SearchAction","target":{"@type":"EntryPoint","urlTemplate":"https:\/\/marktxxl.de\/markt\/?s={search_term_string}"},"query-input":{"@type":"PropertyValueSpecification","valueRequired":true,"valueName":"search_term_string"}}],"inLanguage":"de"},{"@type":"Organization","@id":"https:\/\/marktxxl.de\/markt\/#organization","name":"Markt-XXL","url":"https:\/\/marktxxl.de\/markt\/","logo":{"@type":"ImageObject","inLanguage":"de","@id":"https:\/\/marktxxl.de\/markt\/#\/schema\/logo\/image\/","url":"https:\/\/marktxxl.de\/markt\/wp-content\/uploads\/sites\/3\/2020\/12\/logo.png","contentUrl":"https:\/\/marktxxl.de\/markt\/wp-content\/uploads\/sites\/3\/2020\/12\/logo.png","width":200,"height":70,"caption":"Markt-XXL"},"image":{"@id":"https:\/\/marktxxl.de\/markt\/#\/schema\/logo\/image\/"}}]}},"_links":{"self":[{"href":"https:\/\/marktxxl.de\/markt\/wp-json\/wp\/v2\/product\/98384","targetHints":{"allow":["GET"]}}],"collection":[{"href":"https:\/\/marktxxl.de\/markt\/wp-json\/wp\/v2\/product"}],"about":[{"href":"https:\/\/marktxxl.de\/markt\/wp-json\/wp\/v2\/types\/product"}],"replies":[{"embeddable":true,"href":"https:\/\/marktxxl.de\/markt\/wp-json\/wp\/v2\/comments?post=98384"}],"wp:featuredmedia":[{"embeddable":true,"href":"https:\/\/marktxxl.de\/markt\/wp-json\/wp\/v2\/media\/98385"}],"wp:attachment":[{"href":"https:\/\/marktxxl.de\/markt\/wp-json\/wp\/v2\/media?parent=98384"}],"wp:term":[{"taxonomy":"product_brand","embeddable":true,"href":"https:\/\/marktxxl.de\/markt\/wp-json\/wp\/v2\/product_brand?post=98384"},{"taxonomy":"product_cat","embeddable":true,"href":"https:\/\/marktxxl.de\/markt\/wp-json\/wp\/v2\/product_cat?post=98384"},{"taxonomy":"product_tag","embeddable":true,"href":"https:\/\/marktxxl.de\/markt\/wp-json\/wp\/v2\/product_tag?post=98384"}],"curies":[{"name":"wp","href":"https:\/\/api.w.org\/{rel}","templated":true}]}}