{"id":98313,"date":"2022-01-27T14:52:02","date_gmt":"2022-01-27T13:52:02","guid":{"rendered":"https:\/\/marktxxl.de\/markt\/produkt\/ulinek-100m-lichterkette-weihnachtsbaum-superhell-1000led-lichterkette-aussen-mit-strombetrieben-weihnachtsdekobeleuchtung-led-wasserdicht-ip44-und-8-anzeigenmodi-fuer-garten-balkon-haus-party\/"},"modified":"2023-04-11T03:21:32","modified_gmt":"2023-04-11T01:21:32","slug":"ulinek-100m-lichterkette-weihnachtsbaum-superhell-1000led-lichterkette-aussen-mit-strombetrieben-weihnachtsdekobeleuchtung-led-wasserdicht-ip44-und-8-anzeigenmodi-fuer-garten-balkon-haus-party","status":"publish","type":"product","link":"https:\/\/marktxxl.de\/markt\/produkt\/ulinek-100m-lichterkette-weihnachtsbaum-superhell-1000led-lichterkette-aussen-mit-strombetrieben-weihnachtsdekobeleuchtung-led-wasserdicht-ip44-und-8-anzeigenmodi-fuer-garten-balkon-haus-party\/","title":{"rendered":"Ulinek 100M Lichterkette Weihnachtsbaum Superhell 1000LED Lichterkette au\u00dfen mit Strombetrieben\u2026"},"content":{"rendered":"<p>\ud83c\udf84\u3010Neuartige Weihnachten 100M 1000 Lichterkette\u3011Ulinek Lichterkette mit einzigartigen rautenf\u00f6rmigen Lampenperlen, der Lampenabstand betr\u00e4gt 10cm, die Lampenl\u00e4nge betr\u00e4gt 100 Meter mit 3M Verl\u00e4ngerungskabel. 1000er LEDs hat jede 13 Fl\u00e4chen, sodass das Licht der Lichterkette im Vergleich zur traditionellen Lichterkette blendender und gl\u00e4nzender ist. Das Kabel mit den dunkelgr\u00fcnen Farben ist auch gut versteckbar, somit diese wunderbaren Lichterkette bei Nacht f\u00fcr bezaubernde Atmosph\u00e4re sorgen.<br \/>\n\ud83c\udf84\u30108 Anzeigenmodi\u3011Ulinek LED Lichterkette mit diesen 8 Modi und Speicherfunktion. 8 Modi sind Kombination, Wellenform, Aufeinanderfolgend, langsam Hell werdend, aufleuchtend, langsam verblassen, Funkeln, Leuchtend. Die Speicherfunktion erleichtert die schnelle Bedienung, wenn Sie die Lichterkette wieder einschalten m\u00f6chten. Die Lichterkette mit mehreren Blinkmustern macht Ihr Dekoration nicht mehr langweilig, sondern k\u00f6nnen Sie verschiedene Modi nach Belieben einstellen.<br \/>\n\ud83c\udf84\u3010Sicherheit &amp; Zertifikation\u3011Die Weihnachten LED Lichterkette au\u00dfen entspricht CE ROHS CE EMV CE-LVD UL 588 Zertifizierung. Mit Wasserdicht IP44 ist die Lichterkette auch f\u00fcr Au\u00dfen geeignet. Die LED-Leuchten erw\u00e4rmt sich nicht wenn die Lichtvorhang bei der langer Zeit an ist. Sie w\u00fcrden nicht nur Stromkosten sondern auch die Ressourcen sparen.(Bitte bei schlechtem Wetter nicht im Aussenbereich verwenden; Der EU-Stecker befindet sich in einer trockenen Umgebung.)<br \/>\n\ud83c\udf84 \u3010DIY Dekoration\u3011 Mit der Hohe Qualit\u00e4t und dem flexible Kupferdraht k\u00f6nnen Sie leicht in jede DIY eine gew\u00fcnschte Form machen. Jede Lichterkette ist mit 50 Kabelbindern(20cm) mitgeliefert, mit denen Sie sie bei Verwendung der Lichterkette an Baumst\u00e4mmen, Gel\u00e4ndern oder mehrer Pl\u00e4tze befestigen k\u00f6nnen, um die Lichterkette besser zu sch\u00fctzen. Eine angemessene Dekoration im Innen- und Au\u00dfenbereich.<br \/>\n\ud83c\udf84\u3010Perfekt Geschenke\u3011Die Ulinek Deko Lichterkette ist mit einem bunten Packung verpackt und die 100 Meter L\u00e4nge Leuchten wird in einer Plastikschale aufbewahrt. Vor der Benutzung k\u00f6nnen Sie richtig Zeit sparen, danach k\u00f6nnen Sie die lange Lichterkette einfach aufwickeln. Bitte behalten Sie sie am trocken und immer wieder wie nue! Eine perfekte Geschenke f\u00fcr Halloween, Weihnachtsfeiertags, Party, Hochzeit und alle Feiertag.<br \/>\n<div class=\"main-cross-sell\" data-asin=\"B0989SMKQL\">\n\n\t<div class=\"WooZone-cross-sell-loader\">\n\t\t<div>\n\t\t\t<div id=\"floatingBarsG\">\n\t\t\t\t<div class=\"blockG\" id=\"rotateG_01\"><\/div>\n\t\t\t\t<div class=\"blockG\" id=\"rotateG_02\"><\/div>\n\t\t\t\t<div class=\"blockG\" id=\"rotateG_03\"><\/div>\n\t\t\t\t<div class=\"blockG\" id=\"rotateG_04\"><\/div>\n\t\t\t\t<div class=\"blockG\" id=\"rotateG_05\"><\/div>\n\t\t\t\t<div class=\"blockG\" id=\"rotateG_06\"><\/div>\n\t\t\t\t<div class=\"blockG\" id=\"rotateG_07\"><\/div>\n\t\t\t\t<div class=\"blockG\" id=\"rotateG_08\"><\/div>\n\t\t\t<\/div>\n\t\t\t<div class=\"WooZone-cross-sell-loader-text\"><\/div>\n\t\t<\/div>\n\t<\/div>\n\n\t\t\n<\/div>\n<div style=\"clear:both;\"><\/div><\/p>\n","protected":false},"excerpt":{"rendered":"<p>\ud83c\udf84\u3010Neuartige Weihnachten 100M 1000 Lichterkette\u3011Ulinek Lichterkette mit einzigartigen rautenf\u00f6rmigen Lampenperlen, der Lampenabstand betr\u00e4gt 10cm, die Lampenl\u00e4nge betr\u00e4gt 100 Meter mit 3M Verl\u00e4ngerungskabel. 1000er LEDs hat jede 13 Fl\u00e4chen, sodass das Licht der Lichterkette im Vergleich zur traditionellen Lichterkette blendender und gl\u00e4nzender ist. Das Kabel mit den dunkelgr\u00fcnen Farben ist auch gut versteckbar, somit diese wunderbaren Lichterkette bei Nacht f\u00fcr bezaubernde Atmosph\u00e4re sorgen.<br \/>\n\ud83c\udf84\u30108 Anzeigenmodi\u3011Ulinek LED Lichterkette mit diesen 8 Modi und Speicherfunktion. 8 Modi sind Kombination, Wellenform, Aufeinanderfolgend, langsam Hell werdend, aufleuchtend, langsam verblassen, Funkeln, Leuchtend. Die Speicherfunktion erleichtert die schnelle Bedienung, wenn Sie die Lichterkette wieder einschalten m\u00f6chten. Die Lichterkette mit mehreren Blinkmustern macht Ihr Dekoration nicht mehr langweilig, sondern k\u00f6nnen Sie verschiedene Modi nach Belieben einstellen.<br \/>\n\ud83c\udf84\u3010Sicherheit &amp; Zertifikation\u3011Die Weihnachten LED Lichterkette au\u00dfen entspricht CE ROHS CE EMV CE-LVD UL 588 Zertifizierung. Mit Wasserdicht IP44 ist die Lichterkette auch f\u00fcr Au\u00dfen geeignet. Die LED-Leuchten erw\u00e4rmt sich nicht wenn die Lichtvorhang bei der langer Zeit an ist. Sie w\u00fcrden nicht nur Stromkosten sondern auch die Ressourcen sparen.(Bitte bei schlechtem Wetter nicht im Aussenbereich verwenden; Der EU-Stecker befindet sich in einer trockenen Umgebung.)<\/p>\n","protected":false},"featured_media":98314,"comment_status":"open","ping_status":"closed","template":"","meta":[],"product_brand":[],"product_cat":[2108,15624],"product_tag":[],"class_list":{"0":"post-98313","1":"product","2":"type-product","3":"status-publish","4":"has-post-thumbnail","6":"product_cat-beleuchtung","7":"product_cat-weihnachtsbeleuchtung","8":"pa_brand-ulinek","9":"pa_length-100-meter","10":"pa_manufacturer-ulinek","11":"pa_model-25199","12":"pa_warranty-2-jahre","14":"first","15":"instock","16":"shipping-taxable","17":"purchasable","18":"product-type-simple","19":"customify-col","20":"product-has-gallery"},"yoast_head":"<!-- This site is optimized with the Yoast SEO plugin v27.4 - https:\/\/yoast.com\/product\/yoast-seo-wordpress\/ -->\n<title>Ulinek 100M Lichterkette Weihnachtsbaum Superhell 1000LED Lichterkette au\u00dfen mit Strombetrieben\u2026 - Markt-XXL<\/title>\n<meta name=\"description\" content=\"Markt-XXL Ulinek 100M Lichterkette Weihnachtsbaum Superhell 1000LED Lichterkette au\u00dfen mit Strombetrieben\u2026\" \/>\n<meta name=\"robots\" content=\"index, follow, max-snippet:-1, max-image-preview:large, max-video-preview:-1\" \/>\n<link rel=\"canonical\" href=\"https:\/\/marktxxl.de\/markt\/produkt\/ulinek-100m-lichterkette-weihnachtsbaum-superhell-1000led-lichterkette-aussen-mit-strombetrieben-weihnachtsdekobeleuchtung-led-wasserdicht-ip44-und-8-anzeigenmodi-fuer-garten-balkon-haus-party\/\" \/>\n<meta property=\"og:locale\" content=\"de_DE\" \/>\n<meta property=\"og:type\" content=\"article\" \/>\n<meta property=\"og:title\" content=\"Ulinek 100M Lichterkette Weihnachtsbaum Superhell 1000LED Lichterkette au\u00dfen mit Strombetrieben\u2026 - Markt-XXL\" \/>\n<meta property=\"og:description\" content=\"Markt-XXL Ulinek 100M Lichterkette Weihnachtsbaum Superhell 1000LED Lichterkette au\u00dfen mit Strombetrieben\u2026\" \/>\n<meta property=\"og:url\" content=\"https:\/\/marktxxl.de\/markt\/produkt\/ulinek-100m-lichterkette-weihnachtsbaum-superhell-1000led-lichterkette-aussen-mit-strombetrieben-weihnachtsdekobeleuchtung-led-wasserdicht-ip44-und-8-anzeigenmodi-fuer-garten-balkon-haus-party\/\" \/>\n<meta property=\"og:site_name\" content=\"Markt-XXL\" \/>\n<meta property=\"article:modified_time\" content=\"2023-04-11T01:21:32+00:00\" \/>\n<meta property=\"og:image\" content=\"https:\/\/m.media-amazon.com\/images\/I\/61gUgB-MVlL._SL500_.jpg\" \/>\n\t<meta property=\"og:image:width\" content=\"500\" \/>\n\t<meta property=\"og:image:height\" content=\"500\" \/>\n\t<meta property=\"og:image:type\" content=\"image\/jpeg\" \/>\n<meta name=\"twitter:card\" content=\"summary_large_image\" \/>\n<meta name=\"twitter:label1\" content=\"Gesch\u00e4tzte Lesezeit\" \/>\n\t<meta name=\"twitter:data1\" content=\"2\u00a0Minuten\" \/>\n<script type=\"application\/ld+json\" class=\"yoast-schema-graph\">{\"@context\":\"https:\\\/\\\/schema.org\",\"@graph\":[{\"@type\":\"WebPage\",\"@id\":\"https:\\\/\\\/marktxxl.de\\\/markt\\\/produkt\\\/ulinek-100m-lichterkette-weihnachtsbaum-superhell-1000led-lichterkette-aussen-mit-strombetrieben-weihnachtsdekobeleuchtung-led-wasserdicht-ip44-und-8-anzeigenmodi-fuer-garten-balkon-haus-party\\\/\",\"url\":\"https:\\\/\\\/marktxxl.de\\\/markt\\\/produkt\\\/ulinek-100m-lichterkette-weihnachtsbaum-superhell-1000led-lichterkette-aussen-mit-strombetrieben-weihnachtsdekobeleuchtung-led-wasserdicht-ip44-und-8-anzeigenmodi-fuer-garten-balkon-haus-party\\\/\",\"name\":\"Ulinek 100M Lichterkette Weihnachtsbaum Superhell 1000LED Lichterkette au\u00dfen mit Strombetrieben\u2026 - Markt-XXL\",\"isPartOf\":{\"@id\":\"https:\\\/\\\/marktxxl.de\\\/markt\\\/#website\"},\"primaryImageOfPage\":{\"@id\":\"https:\\\/\\\/marktxxl.de\\\/markt\\\/produkt\\\/ulinek-100m-lichterkette-weihnachtsbaum-superhell-1000led-lichterkette-aussen-mit-strombetrieben-weihnachtsdekobeleuchtung-led-wasserdicht-ip44-und-8-anzeigenmodi-fuer-garten-balkon-haus-party\\\/#primaryimage\"},\"image\":{\"@id\":\"https:\\\/\\\/marktxxl.de\\\/markt\\\/produkt\\\/ulinek-100m-lichterkette-weihnachtsbaum-superhell-1000led-lichterkette-aussen-mit-strombetrieben-weihnachtsdekobeleuchtung-led-wasserdicht-ip44-und-8-anzeigenmodi-fuer-garten-balkon-haus-party\\\/#primaryimage\"},\"thumbnailUrl\":\"https:\\\/\\\/m.media-amazon.com\\\/images\\\/I\\\/61gUgB-MVlL._SL500_.jpg\",\"datePublished\":\"2022-01-27T13:52:02+00:00\",\"dateModified\":\"2023-04-11T01:21:32+00:00\",\"description\":\"Markt-XXL Ulinek 100M Lichterkette Weihnachtsbaum Superhell 1000LED Lichterkette au\u00dfen mit Strombetrieben\u2026\",\"breadcrumb\":{\"@id\":\"https:\\\/\\\/marktxxl.de\\\/markt\\\/produkt\\\/ulinek-100m-lichterkette-weihnachtsbaum-superhell-1000led-lichterkette-aussen-mit-strombetrieben-weihnachtsdekobeleuchtung-led-wasserdicht-ip44-und-8-anzeigenmodi-fuer-garten-balkon-haus-party\\\/#breadcrumb\"},\"inLanguage\":\"de\",\"potentialAction\":[{\"@type\":\"ReadAction\",\"target\":[\"https:\\\/\\\/marktxxl.de\\\/markt\\\/produkt\\\/ulinek-100m-lichterkette-weihnachtsbaum-superhell-1000led-lichterkette-aussen-mit-strombetrieben-weihnachtsdekobeleuchtung-led-wasserdicht-ip44-und-8-anzeigenmodi-fuer-garten-balkon-haus-party\\\/\"]}]},{\"@type\":\"ImageObject\",\"inLanguage\":\"de\",\"@id\":\"https:\\\/\\\/marktxxl.de\\\/markt\\\/produkt\\\/ulinek-100m-lichterkette-weihnachtsbaum-superhell-1000led-lichterkette-aussen-mit-strombetrieben-weihnachtsdekobeleuchtung-led-wasserdicht-ip44-und-8-anzeigenmodi-fuer-garten-balkon-haus-party\\\/#primaryimage\",\"url\":\"https:\\\/\\\/m.media-amazon.com\\\/images\\\/I\\\/61gUgB-MVlL._SL500_.jpg\",\"contentUrl\":\"https:\\\/\\\/m.media-amazon.com\\\/images\\\/I\\\/61gUgB-MVlL._SL500_.jpg\",\"width\":500,\"height\":500},{\"@type\":\"BreadcrumbList\",\"@id\":\"https:\\\/\\\/marktxxl.de\\\/markt\\\/produkt\\\/ulinek-100m-lichterkette-weihnachtsbaum-superhell-1000led-lichterkette-aussen-mit-strombetrieben-weihnachtsdekobeleuchtung-led-wasserdicht-ip44-und-8-anzeigenmodi-fuer-garten-balkon-haus-party\\\/#breadcrumb\",\"itemListElement\":[{\"@type\":\"ListItem\",\"position\":1,\"name\":\"Startseite\",\"item\":\"https:\\\/\\\/marktxxl.de\\\/markt\\\/\"},{\"@type\":\"ListItem\",\"position\":2,\"name\":\"Markt\",\"item\":\"https:\\\/\\\/marktxxl.de\\\/markt\\\/\"},{\"@type\":\"ListItem\",\"position\":3,\"name\":\"Ulinek 100M Lichterkette Weihnachtsbaum Superhell 1000LED Lichterkette au\u00dfen mit Strombetrieben\u2026\"}]},{\"@type\":\"WebSite\",\"@id\":\"https:\\\/\\\/marktxxl.de\\\/markt\\\/#website\",\"url\":\"https:\\\/\\\/marktxxl.de\\\/markt\\\/\",\"name\":\"Markt-XXL\",\"description\":\"Ihr Markt Online\",\"publisher\":{\"@id\":\"https:\\\/\\\/marktxxl.de\\\/markt\\\/#organization\"},\"potentialAction\":[{\"@type\":\"SearchAction\",\"target\":{\"@type\":\"EntryPoint\",\"urlTemplate\":\"https:\\\/\\\/marktxxl.de\\\/markt\\\/?s={search_term_string}\"},\"query-input\":{\"@type\":\"PropertyValueSpecification\",\"valueRequired\":true,\"valueName\":\"search_term_string\"}}],\"inLanguage\":\"de\"},{\"@type\":\"Organization\",\"@id\":\"https:\\\/\\\/marktxxl.de\\\/markt\\\/#organization\",\"name\":\"Markt-XXL\",\"url\":\"https:\\\/\\\/marktxxl.de\\\/markt\\\/\",\"logo\":{\"@type\":\"ImageObject\",\"inLanguage\":\"de\",\"@id\":\"https:\\\/\\\/marktxxl.de\\\/markt\\\/#\\\/schema\\\/logo\\\/image\\\/\",\"url\":\"https:\\\/\\\/marktxxl.de\\\/markt\\\/wp-content\\\/uploads\\\/sites\\\/3\\\/2020\\\/12\\\/logo.png\",\"contentUrl\":\"https:\\\/\\\/marktxxl.de\\\/markt\\\/wp-content\\\/uploads\\\/sites\\\/3\\\/2020\\\/12\\\/logo.png\",\"width\":200,\"height\":70,\"caption\":\"Markt-XXL\"},\"image\":{\"@id\":\"https:\\\/\\\/marktxxl.de\\\/markt\\\/#\\\/schema\\\/logo\\\/image\\\/\"}}]}<\/script>\n<!-- \/ Yoast SEO plugin. -->","yoast_head_json":{"title":"Ulinek 100M Lichterkette Weihnachtsbaum Superhell 1000LED Lichterkette au\u00dfen mit Strombetrieben\u2026 - Markt-XXL","description":"Markt-XXL Ulinek 100M Lichterkette Weihnachtsbaum Superhell 1000LED Lichterkette au\u00dfen mit Strombetrieben\u2026","robots":{"index":"index","follow":"follow","max-snippet":"max-snippet:-1","max-image-preview":"max-image-preview:large","max-video-preview":"max-video-preview:-1"},"canonical":"https:\/\/marktxxl.de\/markt\/produkt\/ulinek-100m-lichterkette-weihnachtsbaum-superhell-1000led-lichterkette-aussen-mit-strombetrieben-weihnachtsdekobeleuchtung-led-wasserdicht-ip44-und-8-anzeigenmodi-fuer-garten-balkon-haus-party\/","og_locale":"de_DE","og_type":"article","og_title":"Ulinek 100M Lichterkette Weihnachtsbaum Superhell 1000LED Lichterkette au\u00dfen mit Strombetrieben\u2026 - Markt-XXL","og_description":"Markt-XXL Ulinek 100M Lichterkette Weihnachtsbaum Superhell 1000LED Lichterkette au\u00dfen mit Strombetrieben\u2026","og_url":"https:\/\/marktxxl.de\/markt\/produkt\/ulinek-100m-lichterkette-weihnachtsbaum-superhell-1000led-lichterkette-aussen-mit-strombetrieben-weihnachtsdekobeleuchtung-led-wasserdicht-ip44-und-8-anzeigenmodi-fuer-garten-balkon-haus-party\/","og_site_name":"Markt-XXL","article_modified_time":"2023-04-11T01:21:32+00:00","og_image":[{"width":500,"height":500,"url":"https:\/\/m.media-amazon.com\/images\/I\/61gUgB-MVlL._SL500_.jpg","type":"image\/jpeg"}],"twitter_card":"summary_large_image","twitter_misc":{"Gesch\u00e4tzte Lesezeit":"2\u00a0Minuten"},"schema":{"@context":"https:\/\/schema.org","@graph":[{"@type":"WebPage","@id":"https:\/\/marktxxl.de\/markt\/produkt\/ulinek-100m-lichterkette-weihnachtsbaum-superhell-1000led-lichterkette-aussen-mit-strombetrieben-weihnachtsdekobeleuchtung-led-wasserdicht-ip44-und-8-anzeigenmodi-fuer-garten-balkon-haus-party\/","url":"https:\/\/marktxxl.de\/markt\/produkt\/ulinek-100m-lichterkette-weihnachtsbaum-superhell-1000led-lichterkette-aussen-mit-strombetrieben-weihnachtsdekobeleuchtung-led-wasserdicht-ip44-und-8-anzeigenmodi-fuer-garten-balkon-haus-party\/","name":"Ulinek 100M Lichterkette Weihnachtsbaum Superhell 1000LED Lichterkette au\u00dfen mit Strombetrieben\u2026 - Markt-XXL","isPartOf":{"@id":"https:\/\/marktxxl.de\/markt\/#website"},"primaryImageOfPage":{"@id":"https:\/\/marktxxl.de\/markt\/produkt\/ulinek-100m-lichterkette-weihnachtsbaum-superhell-1000led-lichterkette-aussen-mit-strombetrieben-weihnachtsdekobeleuchtung-led-wasserdicht-ip44-und-8-anzeigenmodi-fuer-garten-balkon-haus-party\/#primaryimage"},"image":{"@id":"https:\/\/marktxxl.de\/markt\/produkt\/ulinek-100m-lichterkette-weihnachtsbaum-superhell-1000led-lichterkette-aussen-mit-strombetrieben-weihnachtsdekobeleuchtung-led-wasserdicht-ip44-und-8-anzeigenmodi-fuer-garten-balkon-haus-party\/#primaryimage"},"thumbnailUrl":"https:\/\/m.media-amazon.com\/images\/I\/61gUgB-MVlL._SL500_.jpg","datePublished":"2022-01-27T13:52:02+00:00","dateModified":"2023-04-11T01:21:32+00:00","description":"Markt-XXL Ulinek 100M Lichterkette Weihnachtsbaum Superhell 1000LED Lichterkette au\u00dfen mit Strombetrieben\u2026","breadcrumb":{"@id":"https:\/\/marktxxl.de\/markt\/produkt\/ulinek-100m-lichterkette-weihnachtsbaum-superhell-1000led-lichterkette-aussen-mit-strombetrieben-weihnachtsdekobeleuchtung-led-wasserdicht-ip44-und-8-anzeigenmodi-fuer-garten-balkon-haus-party\/#breadcrumb"},"inLanguage":"de","potentialAction":[{"@type":"ReadAction","target":["https:\/\/marktxxl.de\/markt\/produkt\/ulinek-100m-lichterkette-weihnachtsbaum-superhell-1000led-lichterkette-aussen-mit-strombetrieben-weihnachtsdekobeleuchtung-led-wasserdicht-ip44-und-8-anzeigenmodi-fuer-garten-balkon-haus-party\/"]}]},{"@type":"ImageObject","inLanguage":"de","@id":"https:\/\/marktxxl.de\/markt\/produkt\/ulinek-100m-lichterkette-weihnachtsbaum-superhell-1000led-lichterkette-aussen-mit-strombetrieben-weihnachtsdekobeleuchtung-led-wasserdicht-ip44-und-8-anzeigenmodi-fuer-garten-balkon-haus-party\/#primaryimage","url":"https:\/\/m.media-amazon.com\/images\/I\/61gUgB-MVlL._SL500_.jpg","contentUrl":"https:\/\/m.media-amazon.com\/images\/I\/61gUgB-MVlL._SL500_.jpg","width":500,"height":500},{"@type":"BreadcrumbList","@id":"https:\/\/marktxxl.de\/markt\/produkt\/ulinek-100m-lichterkette-weihnachtsbaum-superhell-1000led-lichterkette-aussen-mit-strombetrieben-weihnachtsdekobeleuchtung-led-wasserdicht-ip44-und-8-anzeigenmodi-fuer-garten-balkon-haus-party\/#breadcrumb","itemListElement":[{"@type":"ListItem","position":1,"name":"Startseite","item":"https:\/\/marktxxl.de\/markt\/"},{"@type":"ListItem","position":2,"name":"Markt","item":"https:\/\/marktxxl.de\/markt\/"},{"@type":"ListItem","position":3,"name":"Ulinek 100M Lichterkette Weihnachtsbaum Superhell 1000LED Lichterkette au\u00dfen mit Strombetrieben\u2026"}]},{"@type":"WebSite","@id":"https:\/\/marktxxl.de\/markt\/#website","url":"https:\/\/marktxxl.de\/markt\/","name":"Markt-XXL","description":"Ihr Markt Online","publisher":{"@id":"https:\/\/marktxxl.de\/markt\/#organization"},"potentialAction":[{"@type":"SearchAction","target":{"@type":"EntryPoint","urlTemplate":"https:\/\/marktxxl.de\/markt\/?s={search_term_string}"},"query-input":{"@type":"PropertyValueSpecification","valueRequired":true,"valueName":"search_term_string"}}],"inLanguage":"de"},{"@type":"Organization","@id":"https:\/\/marktxxl.de\/markt\/#organization","name":"Markt-XXL","url":"https:\/\/marktxxl.de\/markt\/","logo":{"@type":"ImageObject","inLanguage":"de","@id":"https:\/\/marktxxl.de\/markt\/#\/schema\/logo\/image\/","url":"https:\/\/marktxxl.de\/markt\/wp-content\/uploads\/sites\/3\/2020\/12\/logo.png","contentUrl":"https:\/\/marktxxl.de\/markt\/wp-content\/uploads\/sites\/3\/2020\/12\/logo.png","width":200,"height":70,"caption":"Markt-XXL"},"image":{"@id":"https:\/\/marktxxl.de\/markt\/#\/schema\/logo\/image\/"}}]}},"_links":{"self":[{"href":"https:\/\/marktxxl.de\/markt\/wp-json\/wp\/v2\/product\/98313","targetHints":{"allow":["GET"]}}],"collection":[{"href":"https:\/\/marktxxl.de\/markt\/wp-json\/wp\/v2\/product"}],"about":[{"href":"https:\/\/marktxxl.de\/markt\/wp-json\/wp\/v2\/types\/product"}],"replies":[{"embeddable":true,"href":"https:\/\/marktxxl.de\/markt\/wp-json\/wp\/v2\/comments?post=98313"}],"wp:featuredmedia":[{"embeddable":true,"href":"https:\/\/marktxxl.de\/markt\/wp-json\/wp\/v2\/media\/98314"}],"wp:attachment":[{"href":"https:\/\/marktxxl.de\/markt\/wp-json\/wp\/v2\/media?parent=98313"}],"wp:term":[{"taxonomy":"product_brand","embeddable":true,"href":"https:\/\/marktxxl.de\/markt\/wp-json\/wp\/v2\/product_brand?post=98313"},{"taxonomy":"product_cat","embeddable":true,"href":"https:\/\/marktxxl.de\/markt\/wp-json\/wp\/v2\/product_cat?post=98313"},{"taxonomy":"product_tag","embeddable":true,"href":"https:\/\/marktxxl.de\/markt\/wp-json\/wp\/v2\/product_tag?post=98313"}],"curies":[{"name":"wp","href":"https:\/\/api.w.org\/{rel}","templated":true}]}}