{"id":97890,"date":"2022-01-27T14:34:13","date_gmt":"2022-01-27T13:34:13","guid":{"rendered":"https:\/\/marktxxl.de\/markt\/produkt\/led-nachtlicht-fuer-kinder-dimmbares-baby-nachtlampe-abspp-oeko-test-gut-nachtleuchte-bruchsicher-usb-wiederaufladbare-augenfreundlich-schlummerlicht-stimmungslicht-warm-licht\/"},"modified":"2023-04-08T02:49:43","modified_gmt":"2023-04-08T00:49:43","slug":"led-nachtlicht-fuer-kinder-dimmbares-baby-nachtlampe-abspp-oeko-test-gut-nachtleuchte-bruchsicher-usb-wiederaufladbare-augenfreundlich-schlummerlicht-stimmungslicht-warm-licht","status":"publish","type":"product","link":"https:\/\/marktxxl.de\/markt\/produkt\/led-nachtlicht-fuer-kinder-dimmbares-baby-nachtlampe-abspp-oeko-test-gut-nachtleuchte-bruchsicher-usb-wiederaufladbare-augenfreundlich-schlummerlicht-stimmungslicht-warm-licht\/","title":{"rendered":"HERILIOS Weihnachtsbaumspitze, eingebauter LED-Schneeflocken-Projektor, 10&#8243; glitzernde Weihnachtsstern-Baumspitze mit rotierendem Projektionslicht, Baumdekoration f\u00fcr Weihnachten, Neujahr, Indoor"},"content":{"rendered":"<p>Langlebig &amp; Sicher: Das Nachtlicht besteht aus ABS + PP, st\u00fcrzsicher und ungef\u00e4hrlich f\u00fcr Ihr Baby, damit Ihr Baby beim Spielen sicher ist<br \/>\nEinstellbarer Augenschutz LED: Energieeffizientes, Augenschutz, um eine nichtflackernde, beruhigende Atmosph\u00e4re f\u00fcr Ihr Schlafzimmer zu schaffen. Farbtemperatur 2700-6500K, von kaltwei\u00df bis warmwei\u00df einstellbare.<br \/>\nTouch-Bedienung: Einfache Bedienung, kann als Kinderspielzeug verwendet werden. Klicken Sie oben auf das Nachtlicht, um die Helligkeit anzupassen, klicken Sie auf das Logo, um das Nachtlampe ein- oder auszuschalten<br \/>\nBis zu 80 Stunden: Das Nachtlicht ist der beste Begleiter f\u00fcr das Kind im Schlaf, damit das Kind ruhig schlafen kann und keine Angst mehr vor der dunklen Nacht hat, bis zu 80 Stunden Laufzeit (bei schwachem Lichtmodus)<br \/>\nTragbar &amp; IP65 wasserdicht: Das Nachtlicht ist einfach an jeden Ort zu tragen, kann beim Camping, Wandern und allen anderen erdenklichen Abenteueraktivit\u00e4ten verwendet werden<br \/>\n<div class=\"main-cross-sell\" data-asin=\"B098JPPBYR\">\n\n\t<div class=\"WooZone-cross-sell-loader\">\n\t\t<div>\n\t\t\t<div id=\"floatingBarsG\">\n\t\t\t\t<div class=\"blockG\" id=\"rotateG_01\"><\/div>\n\t\t\t\t<div class=\"blockG\" id=\"rotateG_02\"><\/div>\n\t\t\t\t<div class=\"blockG\" id=\"rotateG_03\"><\/div>\n\t\t\t\t<div class=\"blockG\" id=\"rotateG_04\"><\/div>\n\t\t\t\t<div class=\"blockG\" id=\"rotateG_05\"><\/div>\n\t\t\t\t<div class=\"blockG\" id=\"rotateG_06\"><\/div>\n\t\t\t\t<div class=\"blockG\" id=\"rotateG_07\"><\/div>\n\t\t\t\t<div class=\"blockG\" id=\"rotateG_08\"><\/div>\n\t\t\t<\/div>\n\t\t\t<div class=\"WooZone-cross-sell-loader-text\"><\/div>\n\t\t<\/div>\n\t<\/div>\n\n\t\t\n<\/div>\n<div style=\"clear:both;\"><\/div><\/p>\n","protected":false},"excerpt":{"rendered":"<p>Langlebig &amp; Sicher: Das Nachtlicht besteht aus ABS + PP, st\u00fcrzsicher und ungef\u00e4hrlich f\u00fcr Ihr Baby, damit Ihr Baby beim Spielen sicher ist<br \/>\nEinstellbarer Augenschutz LED: Energieeffizientes, Augenschutz, um eine nichtflackernde, beruhigende Atmosph\u00e4re f\u00fcr Ihr Schlafzimmer zu schaffen. Farbtemperatur 2700-6500K, von kaltwei\u00df bis warmwei\u00df einstellbare.<br \/>\nTouch-Bedienung: Einfache Bedienung, kann als Kinderspielzeug verwendet werden. Klicken Sie oben auf das Nachtlicht, um die Helligkeit anzupassen, klicken Sie auf das Logo, um das Nachtlampe ein- oder auszuschalten<\/p>\n","protected":false},"featured_media":97891,"comment_status":"open","ping_status":"closed","template":"","meta":[],"product_brand":[],"product_cat":[2108,11509],"product_tag":[],"class_list":{"0":"post-97890","1":"product","2":"type-product","3":"status-publish","4":"has-post-thumbnail","6":"product_cat-beleuchtung","7":"product_cat-innenbeleuchtung","8":"pa_brand-herilios","9":"pa_height-3-543307083-zoll","10":"pa_length-4-330708657-zoll","11":"pa_manufacturer-herilios","12":"pa_width-3-543307083-zoll","14":"first","15":"instock","16":"shipping-taxable","17":"purchasable","18":"product-type-simple","19":"customify-col","20":"product-has-gallery"},"yoast_head":"<!-- This site is optimized with the Yoast SEO plugin v27.4 - https:\/\/yoast.com\/product\/yoast-seo-wordpress\/ -->\n<title>HERILIOS Weihnachtsbaumspitze, eingebauter LED-Schneeflocken-Projektor, 10&quot; glitzernde Weihnachtsstern-Baumspitze mit rotierendem Projektionslicht, Baumdekoration f\u00fcr Weihnachten, Neujahr, Indoor - Markt-XXL<\/title>\n<meta name=\"description\" content=\"Markt-XXL HERILIOS Weihnachtsbaumspitze, eingebauter LED-Schneeflocken-Projektor, 10&quot; glitzernde Weihnachtsstern-Baumspitze mit rotierendem Projektionslicht, Baumdekoration f\u00fcr Weihnachten, Neujahr, Indoor\" \/>\n<meta name=\"robots\" content=\"index, follow, max-snippet:-1, max-image-preview:large, max-video-preview:-1\" \/>\n<link rel=\"canonical\" href=\"https:\/\/marktxxl.de\/markt\/produkt\/led-nachtlicht-fuer-kinder-dimmbares-baby-nachtlampe-abspp-oeko-test-gut-nachtleuchte-bruchsicher-usb-wiederaufladbare-augenfreundlich-schlummerlicht-stimmungslicht-warm-licht\/\" \/>\n<meta property=\"og:locale\" content=\"de_DE\" \/>\n<meta property=\"og:type\" content=\"article\" \/>\n<meta property=\"og:title\" content=\"HERILIOS Weihnachtsbaumspitze, eingebauter LED-Schneeflocken-Projektor, 10&quot; glitzernde Weihnachtsstern-Baumspitze mit rotierendem Projektionslicht, Baumdekoration f\u00fcr Weihnachten, Neujahr, Indoor - Markt-XXL\" \/>\n<meta property=\"og:description\" content=\"Markt-XXL HERILIOS Weihnachtsbaumspitze, eingebauter LED-Schneeflocken-Projektor, 10&quot; glitzernde Weihnachtsstern-Baumspitze mit rotierendem Projektionslicht, Baumdekoration f\u00fcr Weihnachten, Neujahr, Indoor\" \/>\n<meta property=\"og:url\" content=\"https:\/\/marktxxl.de\/markt\/produkt\/led-nachtlicht-fuer-kinder-dimmbares-baby-nachtlampe-abspp-oeko-test-gut-nachtleuchte-bruchsicher-usb-wiederaufladbare-augenfreundlich-schlummerlicht-stimmungslicht-warm-licht\/\" \/>\n<meta property=\"og:site_name\" content=\"Markt-XXL\" \/>\n<meta property=\"article:modified_time\" content=\"2023-04-08T00:49:43+00:00\" \/>\n<meta property=\"og:image\" content=\"https:\/\/m.media-amazon.com\/images\/I\/21CJ+V4y-lL._SL500_.jpg\" \/>\n\t<meta property=\"og:image:width\" content=\"500\" \/>\n\t<meta property=\"og:image:height\" content=\"500\" \/>\n\t<meta property=\"og:image:type\" content=\"image\/jpeg\" \/>\n<meta name=\"twitter:card\" content=\"summary_large_image\" \/>\n<meta name=\"twitter:label1\" content=\"Gesch\u00e4tzte Lesezeit\" \/>\n\t<meta name=\"twitter:data1\" content=\"1\u00a0Minute\" \/>\n<script type=\"application\/ld+json\" class=\"yoast-schema-graph\">{\"@context\":\"https:\\\/\\\/schema.org\",\"@graph\":[{\"@type\":\"WebPage\",\"@id\":\"https:\\\/\\\/marktxxl.de\\\/markt\\\/produkt\\\/led-nachtlicht-fuer-kinder-dimmbares-baby-nachtlampe-abspp-oeko-test-gut-nachtleuchte-bruchsicher-usb-wiederaufladbare-augenfreundlich-schlummerlicht-stimmungslicht-warm-licht\\\/\",\"url\":\"https:\\\/\\\/marktxxl.de\\\/markt\\\/produkt\\\/led-nachtlicht-fuer-kinder-dimmbares-baby-nachtlampe-abspp-oeko-test-gut-nachtleuchte-bruchsicher-usb-wiederaufladbare-augenfreundlich-schlummerlicht-stimmungslicht-warm-licht\\\/\",\"name\":\"HERILIOS Weihnachtsbaumspitze, eingebauter LED-Schneeflocken-Projektor, 10\\\" glitzernde Weihnachtsstern-Baumspitze mit rotierendem Projektionslicht, Baumdekoration f\u00fcr Weihnachten, Neujahr, Indoor - Markt-XXL\",\"isPartOf\":{\"@id\":\"https:\\\/\\\/marktxxl.de\\\/markt\\\/#website\"},\"primaryImageOfPage\":{\"@id\":\"https:\\\/\\\/marktxxl.de\\\/markt\\\/produkt\\\/led-nachtlicht-fuer-kinder-dimmbares-baby-nachtlampe-abspp-oeko-test-gut-nachtleuchte-bruchsicher-usb-wiederaufladbare-augenfreundlich-schlummerlicht-stimmungslicht-warm-licht\\\/#primaryimage\"},\"image\":{\"@id\":\"https:\\\/\\\/marktxxl.de\\\/markt\\\/produkt\\\/led-nachtlicht-fuer-kinder-dimmbares-baby-nachtlampe-abspp-oeko-test-gut-nachtleuchte-bruchsicher-usb-wiederaufladbare-augenfreundlich-schlummerlicht-stimmungslicht-warm-licht\\\/#primaryimage\"},\"thumbnailUrl\":\"https:\\\/\\\/m.media-amazon.com\\\/images\\\/I\\\/21CJ+V4y-lL._SL500_.jpg\",\"datePublished\":\"2022-01-27T13:34:13+00:00\",\"dateModified\":\"2023-04-08T00:49:43+00:00\",\"description\":\"Markt-XXL HERILIOS Weihnachtsbaumspitze, eingebauter LED-Schneeflocken-Projektor, 10\\\" glitzernde Weihnachtsstern-Baumspitze mit rotierendem Projektionslicht, Baumdekoration f\u00fcr Weihnachten, Neujahr, Indoor\",\"breadcrumb\":{\"@id\":\"https:\\\/\\\/marktxxl.de\\\/markt\\\/produkt\\\/led-nachtlicht-fuer-kinder-dimmbares-baby-nachtlampe-abspp-oeko-test-gut-nachtleuchte-bruchsicher-usb-wiederaufladbare-augenfreundlich-schlummerlicht-stimmungslicht-warm-licht\\\/#breadcrumb\"},\"inLanguage\":\"de\",\"potentialAction\":[{\"@type\":\"ReadAction\",\"target\":[\"https:\\\/\\\/marktxxl.de\\\/markt\\\/produkt\\\/led-nachtlicht-fuer-kinder-dimmbares-baby-nachtlampe-abspp-oeko-test-gut-nachtleuchte-bruchsicher-usb-wiederaufladbare-augenfreundlich-schlummerlicht-stimmungslicht-warm-licht\\\/\"]}]},{\"@type\":\"ImageObject\",\"inLanguage\":\"de\",\"@id\":\"https:\\\/\\\/marktxxl.de\\\/markt\\\/produkt\\\/led-nachtlicht-fuer-kinder-dimmbares-baby-nachtlampe-abspp-oeko-test-gut-nachtleuchte-bruchsicher-usb-wiederaufladbare-augenfreundlich-schlummerlicht-stimmungslicht-warm-licht\\\/#primaryimage\",\"url\":\"https:\\\/\\\/m.media-amazon.com\\\/images\\\/I\\\/21CJ+V4y-lL._SL500_.jpg\",\"contentUrl\":\"https:\\\/\\\/m.media-amazon.com\\\/images\\\/I\\\/21CJ+V4y-lL._SL500_.jpg\",\"width\":500,\"height\":500},{\"@type\":\"BreadcrumbList\",\"@id\":\"https:\\\/\\\/marktxxl.de\\\/markt\\\/produkt\\\/led-nachtlicht-fuer-kinder-dimmbares-baby-nachtlampe-abspp-oeko-test-gut-nachtleuchte-bruchsicher-usb-wiederaufladbare-augenfreundlich-schlummerlicht-stimmungslicht-warm-licht\\\/#breadcrumb\",\"itemListElement\":[{\"@type\":\"ListItem\",\"position\":1,\"name\":\"Startseite\",\"item\":\"https:\\\/\\\/marktxxl.de\\\/markt\\\/\"},{\"@type\":\"ListItem\",\"position\":2,\"name\":\"Markt\",\"item\":\"https:\\\/\\\/marktxxl.de\\\/markt\\\/\"},{\"@type\":\"ListItem\",\"position\":3,\"name\":\"HERILIOS Weihnachtsbaumspitze, eingebauter LED-Schneeflocken-Projektor, 10&#8243; glitzernde Weihnachtsstern-Baumspitze mit rotierendem Projektionslicht, Baumdekoration f\u00fcr Weihnachten, Neujahr, Indoor\"}]},{\"@type\":\"WebSite\",\"@id\":\"https:\\\/\\\/marktxxl.de\\\/markt\\\/#website\",\"url\":\"https:\\\/\\\/marktxxl.de\\\/markt\\\/\",\"name\":\"Markt-XXL\",\"description\":\"Ihr Markt Online\",\"publisher\":{\"@id\":\"https:\\\/\\\/marktxxl.de\\\/markt\\\/#organization\"},\"potentialAction\":[{\"@type\":\"SearchAction\",\"target\":{\"@type\":\"EntryPoint\",\"urlTemplate\":\"https:\\\/\\\/marktxxl.de\\\/markt\\\/?s={search_term_string}\"},\"query-input\":{\"@type\":\"PropertyValueSpecification\",\"valueRequired\":true,\"valueName\":\"search_term_string\"}}],\"inLanguage\":\"de\"},{\"@type\":\"Organization\",\"@id\":\"https:\\\/\\\/marktxxl.de\\\/markt\\\/#organization\",\"name\":\"Markt-XXL\",\"url\":\"https:\\\/\\\/marktxxl.de\\\/markt\\\/\",\"logo\":{\"@type\":\"ImageObject\",\"inLanguage\":\"de\",\"@id\":\"https:\\\/\\\/marktxxl.de\\\/markt\\\/#\\\/schema\\\/logo\\\/image\\\/\",\"url\":\"https:\\\/\\\/marktxxl.de\\\/markt\\\/wp-content\\\/uploads\\\/sites\\\/3\\\/2020\\\/12\\\/logo.png\",\"contentUrl\":\"https:\\\/\\\/marktxxl.de\\\/markt\\\/wp-content\\\/uploads\\\/sites\\\/3\\\/2020\\\/12\\\/logo.png\",\"width\":200,\"height\":70,\"caption\":\"Markt-XXL\"},\"image\":{\"@id\":\"https:\\\/\\\/marktxxl.de\\\/markt\\\/#\\\/schema\\\/logo\\\/image\\\/\"}}]}<\/script>\n<!-- \/ Yoast SEO plugin. -->","yoast_head_json":{"title":"HERILIOS Weihnachtsbaumspitze, eingebauter LED-Schneeflocken-Projektor, 10\" glitzernde Weihnachtsstern-Baumspitze mit rotierendem Projektionslicht, Baumdekoration f\u00fcr Weihnachten, Neujahr, Indoor - Markt-XXL","description":"Markt-XXL HERILIOS Weihnachtsbaumspitze, eingebauter LED-Schneeflocken-Projektor, 10\" glitzernde Weihnachtsstern-Baumspitze mit rotierendem Projektionslicht, Baumdekoration f\u00fcr Weihnachten, Neujahr, Indoor","robots":{"index":"index","follow":"follow","max-snippet":"max-snippet:-1","max-image-preview":"max-image-preview:large","max-video-preview":"max-video-preview:-1"},"canonical":"https:\/\/marktxxl.de\/markt\/produkt\/led-nachtlicht-fuer-kinder-dimmbares-baby-nachtlampe-abspp-oeko-test-gut-nachtleuchte-bruchsicher-usb-wiederaufladbare-augenfreundlich-schlummerlicht-stimmungslicht-warm-licht\/","og_locale":"de_DE","og_type":"article","og_title":"HERILIOS Weihnachtsbaumspitze, eingebauter LED-Schneeflocken-Projektor, 10\" glitzernde Weihnachtsstern-Baumspitze mit rotierendem Projektionslicht, Baumdekoration f\u00fcr Weihnachten, Neujahr, Indoor - Markt-XXL","og_description":"Markt-XXL HERILIOS Weihnachtsbaumspitze, eingebauter LED-Schneeflocken-Projektor, 10\" glitzernde Weihnachtsstern-Baumspitze mit rotierendem Projektionslicht, Baumdekoration f\u00fcr Weihnachten, Neujahr, Indoor","og_url":"https:\/\/marktxxl.de\/markt\/produkt\/led-nachtlicht-fuer-kinder-dimmbares-baby-nachtlampe-abspp-oeko-test-gut-nachtleuchte-bruchsicher-usb-wiederaufladbare-augenfreundlich-schlummerlicht-stimmungslicht-warm-licht\/","og_site_name":"Markt-XXL","article_modified_time":"2023-04-08T00:49:43+00:00","og_image":[{"width":500,"height":500,"url":"https:\/\/m.media-amazon.com\/images\/I\/21CJ+V4y-lL._SL500_.jpg","type":"image\/jpeg"}],"twitter_card":"summary_large_image","twitter_misc":{"Gesch\u00e4tzte Lesezeit":"1\u00a0Minute"},"schema":{"@context":"https:\/\/schema.org","@graph":[{"@type":"WebPage","@id":"https:\/\/marktxxl.de\/markt\/produkt\/led-nachtlicht-fuer-kinder-dimmbares-baby-nachtlampe-abspp-oeko-test-gut-nachtleuchte-bruchsicher-usb-wiederaufladbare-augenfreundlich-schlummerlicht-stimmungslicht-warm-licht\/","url":"https:\/\/marktxxl.de\/markt\/produkt\/led-nachtlicht-fuer-kinder-dimmbares-baby-nachtlampe-abspp-oeko-test-gut-nachtleuchte-bruchsicher-usb-wiederaufladbare-augenfreundlich-schlummerlicht-stimmungslicht-warm-licht\/","name":"HERILIOS Weihnachtsbaumspitze, eingebauter LED-Schneeflocken-Projektor, 10\" glitzernde Weihnachtsstern-Baumspitze mit rotierendem Projektionslicht, Baumdekoration f\u00fcr Weihnachten, Neujahr, Indoor - Markt-XXL","isPartOf":{"@id":"https:\/\/marktxxl.de\/markt\/#website"},"primaryImageOfPage":{"@id":"https:\/\/marktxxl.de\/markt\/produkt\/led-nachtlicht-fuer-kinder-dimmbares-baby-nachtlampe-abspp-oeko-test-gut-nachtleuchte-bruchsicher-usb-wiederaufladbare-augenfreundlich-schlummerlicht-stimmungslicht-warm-licht\/#primaryimage"},"image":{"@id":"https:\/\/marktxxl.de\/markt\/produkt\/led-nachtlicht-fuer-kinder-dimmbares-baby-nachtlampe-abspp-oeko-test-gut-nachtleuchte-bruchsicher-usb-wiederaufladbare-augenfreundlich-schlummerlicht-stimmungslicht-warm-licht\/#primaryimage"},"thumbnailUrl":"https:\/\/m.media-amazon.com\/images\/I\/21CJ+V4y-lL._SL500_.jpg","datePublished":"2022-01-27T13:34:13+00:00","dateModified":"2023-04-08T00:49:43+00:00","description":"Markt-XXL HERILIOS Weihnachtsbaumspitze, eingebauter LED-Schneeflocken-Projektor, 10\" glitzernde Weihnachtsstern-Baumspitze mit rotierendem Projektionslicht, Baumdekoration f\u00fcr Weihnachten, Neujahr, Indoor","breadcrumb":{"@id":"https:\/\/marktxxl.de\/markt\/produkt\/led-nachtlicht-fuer-kinder-dimmbares-baby-nachtlampe-abspp-oeko-test-gut-nachtleuchte-bruchsicher-usb-wiederaufladbare-augenfreundlich-schlummerlicht-stimmungslicht-warm-licht\/#breadcrumb"},"inLanguage":"de","potentialAction":[{"@type":"ReadAction","target":["https:\/\/marktxxl.de\/markt\/produkt\/led-nachtlicht-fuer-kinder-dimmbares-baby-nachtlampe-abspp-oeko-test-gut-nachtleuchte-bruchsicher-usb-wiederaufladbare-augenfreundlich-schlummerlicht-stimmungslicht-warm-licht\/"]}]},{"@type":"ImageObject","inLanguage":"de","@id":"https:\/\/marktxxl.de\/markt\/produkt\/led-nachtlicht-fuer-kinder-dimmbares-baby-nachtlampe-abspp-oeko-test-gut-nachtleuchte-bruchsicher-usb-wiederaufladbare-augenfreundlich-schlummerlicht-stimmungslicht-warm-licht\/#primaryimage","url":"https:\/\/m.media-amazon.com\/images\/I\/21CJ+V4y-lL._SL500_.jpg","contentUrl":"https:\/\/m.media-amazon.com\/images\/I\/21CJ+V4y-lL._SL500_.jpg","width":500,"height":500},{"@type":"BreadcrumbList","@id":"https:\/\/marktxxl.de\/markt\/produkt\/led-nachtlicht-fuer-kinder-dimmbares-baby-nachtlampe-abspp-oeko-test-gut-nachtleuchte-bruchsicher-usb-wiederaufladbare-augenfreundlich-schlummerlicht-stimmungslicht-warm-licht\/#breadcrumb","itemListElement":[{"@type":"ListItem","position":1,"name":"Startseite","item":"https:\/\/marktxxl.de\/markt\/"},{"@type":"ListItem","position":2,"name":"Markt","item":"https:\/\/marktxxl.de\/markt\/"},{"@type":"ListItem","position":3,"name":"HERILIOS Weihnachtsbaumspitze, eingebauter LED-Schneeflocken-Projektor, 10&#8243; glitzernde Weihnachtsstern-Baumspitze mit rotierendem Projektionslicht, Baumdekoration f\u00fcr Weihnachten, Neujahr, Indoor"}]},{"@type":"WebSite","@id":"https:\/\/marktxxl.de\/markt\/#website","url":"https:\/\/marktxxl.de\/markt\/","name":"Markt-XXL","description":"Ihr Markt Online","publisher":{"@id":"https:\/\/marktxxl.de\/markt\/#organization"},"potentialAction":[{"@type":"SearchAction","target":{"@type":"EntryPoint","urlTemplate":"https:\/\/marktxxl.de\/markt\/?s={search_term_string}"},"query-input":{"@type":"PropertyValueSpecification","valueRequired":true,"valueName":"search_term_string"}}],"inLanguage":"de"},{"@type":"Organization","@id":"https:\/\/marktxxl.de\/markt\/#organization","name":"Markt-XXL","url":"https:\/\/marktxxl.de\/markt\/","logo":{"@type":"ImageObject","inLanguage":"de","@id":"https:\/\/marktxxl.de\/markt\/#\/schema\/logo\/image\/","url":"https:\/\/marktxxl.de\/markt\/wp-content\/uploads\/sites\/3\/2020\/12\/logo.png","contentUrl":"https:\/\/marktxxl.de\/markt\/wp-content\/uploads\/sites\/3\/2020\/12\/logo.png","width":200,"height":70,"caption":"Markt-XXL"},"image":{"@id":"https:\/\/marktxxl.de\/markt\/#\/schema\/logo\/image\/"}}]}},"_links":{"self":[{"href":"https:\/\/marktxxl.de\/markt\/wp-json\/wp\/v2\/product\/97890","targetHints":{"allow":["GET"]}}],"collection":[{"href":"https:\/\/marktxxl.de\/markt\/wp-json\/wp\/v2\/product"}],"about":[{"href":"https:\/\/marktxxl.de\/markt\/wp-json\/wp\/v2\/types\/product"}],"replies":[{"embeddable":true,"href":"https:\/\/marktxxl.de\/markt\/wp-json\/wp\/v2\/comments?post=97890"}],"wp:featuredmedia":[{"embeddable":true,"href":"https:\/\/marktxxl.de\/markt\/wp-json\/wp\/v2\/media\/97891"}],"wp:attachment":[{"href":"https:\/\/marktxxl.de\/markt\/wp-json\/wp\/v2\/media?parent=97890"}],"wp:term":[{"taxonomy":"product_brand","embeddable":true,"href":"https:\/\/marktxxl.de\/markt\/wp-json\/wp\/v2\/product_brand?post=97890"},{"taxonomy":"product_cat","embeddable":true,"href":"https:\/\/marktxxl.de\/markt\/wp-json\/wp\/v2\/product_cat?post=97890"},{"taxonomy":"product_tag","embeddable":true,"href":"https:\/\/marktxxl.de\/markt\/wp-json\/wp\/v2\/product_tag?post=97890"}],"curies":[{"name":"wp","href":"https:\/\/api.w.org\/{rel}","templated":true}]}}