{"id":97865,"date":"2022-01-27T14:33:57","date_gmt":"2022-01-27T13:33:57","guid":{"rendered":"https:\/\/marktxxl.de\/markt\/produkt\/schreibtischlampejkswt-augenpflegende-verstellbare-schwenkarm-schreibtischlampe-mit-klemme72-led5-farbmodi5-helligkeitsstufen-tischlampe-buerolampe-mit-memory-funktion-und-touch-steuerungschwar\/"},"modified":"2023-04-08T02:49:42","modified_gmt":"2023-04-08T00:49:42","slug":"schreibtischlampejkswt-augenpflegende-verstellbare-schwenkarm-schreibtischlampe-mit-klemme72-led5-farbmodi5-helligkeitsstufen-tischlampe-buerolampe-mit-memory-funktion-und-touch-steuerungschwar","status":"publish","type":"product","link":"https:\/\/marktxxl.de\/markt\/produkt\/schreibtischlampejkswt-augenpflegende-verstellbare-schwenkarm-schreibtischlampe-mit-klemme72-led5-farbmodi5-helligkeitsstufen-tischlampe-buerolampe-mit-memory-funktion-und-touch-steuerungschwar\/","title":{"rendered":"Schreibtischlampe,JKSWT Augenpflegende, verstellbare Schwenkarm-Schreibtischlampe mit Klemme,72 Led,5 Farbmodi,5\u2026"},"content":{"rendered":"<p>\u30105 Farbmodi und 5 Helligkeitsstufen\u30115 Farbmodi (von 3000K bis 6000K) und 5 Helligkeitsstufen (bis zu 750LM). Sie k\u00f6nnen eine passende Leuchte ganz einfach an unterschiedliche Bed\u00fcrfnisse wie Arbeiten, Lesen oder Entspannen anpassen.<br \/>\n\u3010Einstellbarer langer Schwenkarm\u3011 Der Drehbereich der unteren Stange betr\u00e4gt 90 \u00b0, der Drehbereich der oberen Stange betr\u00e4gt 230 \u00b0, der vertikale Drehwinkel des Tischlichtschirms betr\u00e4gt 230 \u00b0, der horizontale Drehwinkel des Lampenschirms betr\u00e4gt 90\u00b0 nach links und rechts, die Basis kann um 45\u00b0 nach links und rechts gedreht werden, Sie k\u00f6nnen den besten Winkel f\u00fcr eine optimale Beleuchtung einstellen.<br \/>\n\u3010Augenpflegend und energiesparend\u3011Unsere Klemmleuchte besteht aus 72 Lampenperlen, die das Licht des Schreibtischlichts weicher machen, keine Schatten, keine Blendung und Erm\u00fcdung der Augen verhindern k\u00f6nnen, sodass Menschen, die mehrere Stunden am Tag lesen und arbeiten wird sich nicht m\u00fcde f\u00fchlen. Wir verwenden die neueste LED-Technologie, im Vergleich zu Gl\u00fchbirnen sind die LED-Leuchten energieeffizienter, langlebiger und erreichen eine wirklich kalorienarme Beleuchtung.<br \/>\n\u3010Touch Control &amp; Smart Memory\u3011 Mit der Touch Control-Technologie kann einfach und schnell ein geeignetes Licht ausgew\u00e4hlt werden. Die Memory-Funktion l\u00e4sst die Tischlampe beim n\u00e4chsten Einschalten in Ihren letzten Modus zur\u00fcckkehren.<br \/>\n\u3010Platzsparend und breite Anwendung\u3011Durch die feste Klemme nimmt diese Schwenkarm-Schreibtischlampe keinen Platz auf dem Schreibtisch ein. Das breite Klemmendesign der Schreibtischlampe macht sie perfekt f\u00fcr den Einsatz mit Schreibtischen, Computertischen, Kopfteilen, Staffeleien usw.<br \/>\n<div class=\"main-cross-sell\" data-asin=\"B0925YDZSW\">\n\n\t<div class=\"WooZone-cross-sell-loader\">\n\t\t<div>\n\t\t\t<div id=\"floatingBarsG\">\n\t\t\t\t<div class=\"blockG\" id=\"rotateG_01\"><\/div>\n\t\t\t\t<div class=\"blockG\" id=\"rotateG_02\"><\/div>\n\t\t\t\t<div class=\"blockG\" id=\"rotateG_03\"><\/div>\n\t\t\t\t<div class=\"blockG\" id=\"rotateG_04\"><\/div>\n\t\t\t\t<div class=\"blockG\" id=\"rotateG_05\"><\/div>\n\t\t\t\t<div class=\"blockG\" id=\"rotateG_06\"><\/div>\n\t\t\t\t<div class=\"blockG\" id=\"rotateG_07\"><\/div>\n\t\t\t\t<div class=\"blockG\" id=\"rotateG_08\"><\/div>\n\t\t\t<\/div>\n\t\t\t<div class=\"WooZone-cross-sell-loader-text\"><\/div>\n\t\t<\/div>\n\t<\/div>\n\n\t\t\n<\/div>\n<div style=\"clear:both;\"><\/div><\/p>\n","protected":false},"excerpt":{"rendered":"<p>\u30105 Farbmodi und 5 Helligkeitsstufen\u30115 Farbmodi (von 3000K bis 6000K) und 5 Helligkeitsstufen (bis zu 750LM). Sie k\u00f6nnen eine passende Leuchte ganz einfach an unterschiedliche Bed\u00fcrfnisse wie Arbeiten, Lesen oder Entspannen anpassen.<br \/>\n\u3010Einstellbarer langer Schwenkarm\u3011 Der Drehbereich der unteren Stange betr\u00e4gt 90 \u00b0, der Drehbereich der oberen Stange betr\u00e4gt 230 \u00b0, der vertikale Drehwinkel des Tischlichtschirms betr\u00e4gt 230 \u00b0, der horizontale Drehwinkel des Lampenschirms betr\u00e4gt 90\u00b0 nach links und rechts, die Basis kann um 45\u00b0 nach links und rechts gedreht werden, Sie k\u00f6nnen den besten Winkel f\u00fcr eine optimale Beleuchtung einstellen.<br \/>\n\u3010Augenpflegend und energiesparend\u3011Unsere Klemmleuchte besteht aus 72 Lampenperlen, die das Licht des Schreibtischlichts weicher machen, keine Schatten, keine Blendung und Erm\u00fcdung der Augen verhindern k\u00f6nnen, sodass Menschen, die mehrere Stunden am Tag lesen und arbeiten wird sich nicht m\u00fcde f\u00fchlen. Wir verwenden die neueste LED-Technologie, im Vergleich zu Gl\u00fchbirnen sind die LED-Leuchten energieeffizienter, langlebiger und erreichen eine wirklich kalorienarme Beleuchtung.<\/p>\n","protected":false},"featured_media":97866,"comment_status":"open","ping_status":"closed","template":"","meta":[],"product_brand":[],"product_cat":[2108,11509],"product_tag":[],"class_list":{"0":"post-97865","1":"product","2":"type-product","3":"status-publish","4":"has-post-thumbnail","6":"product_cat-beleuchtung","7":"product_cat-innenbeleuchtung","8":"pa_brand-jkswt","9":"pa_color-copper","10":"pa_height-7-1259842447-zoll","11":"pa_length-16-929133841-zoll","12":"pa_manufacturer-jkswt","13":"pa_width-2-9527559025-zoll","15":"first","16":"instock","17":"shipping-taxable","18":"purchasable","19":"product-type-simple","20":"customify-col","21":"product-has-gallery"},"yoast_head":"<!-- This site is optimized with the Yoast SEO plugin v27.3 - https:\/\/yoast.com\/product\/yoast-seo-wordpress\/ -->\n<title>Schreibtischlampe,JKSWT Augenpflegende, verstellbare Schwenkarm-Schreibtischlampe mit Klemme,72 Led,5 Farbmodi,5\u2026 - Markt-XXL<\/title>\n<meta name=\"description\" content=\"Markt-XXL Schreibtischlampe,JKSWT Augenpflegende, verstellbare Schwenkarm-Schreibtischlampe mit Klemme,72 Led,5 Farbmodi,5\u2026\" \/>\n<meta name=\"robots\" content=\"index, follow, max-snippet:-1, max-image-preview:large, max-video-preview:-1\" \/>\n<link rel=\"canonical\" href=\"https:\/\/marktxxl.de\/markt\/produkt\/schreibtischlampejkswt-augenpflegende-verstellbare-schwenkarm-schreibtischlampe-mit-klemme72-led5-farbmodi5-helligkeitsstufen-tischlampe-buerolampe-mit-memory-funktion-und-touch-steuerungschwar\/\" \/>\n<meta property=\"og:locale\" content=\"de_DE\" \/>\n<meta property=\"og:type\" content=\"article\" \/>\n<meta property=\"og:title\" content=\"Schreibtischlampe,JKSWT Augenpflegende, verstellbare Schwenkarm-Schreibtischlampe mit Klemme,72 Led,5 Farbmodi,5\u2026 - Markt-XXL\" \/>\n<meta property=\"og:description\" content=\"Markt-XXL Schreibtischlampe,JKSWT Augenpflegende, verstellbare Schwenkarm-Schreibtischlampe mit Klemme,72 Led,5 Farbmodi,5\u2026\" \/>\n<meta property=\"og:url\" content=\"https:\/\/marktxxl.de\/markt\/produkt\/schreibtischlampejkswt-augenpflegende-verstellbare-schwenkarm-schreibtischlampe-mit-klemme72-led5-farbmodi5-helligkeitsstufen-tischlampe-buerolampe-mit-memory-funktion-und-touch-steuerungschwar\/\" \/>\n<meta property=\"og:site_name\" content=\"Markt-XXL\" \/>\n<meta property=\"article:modified_time\" content=\"2023-04-08T00:49:42+00:00\" \/>\n<meta property=\"og:image\" content=\"https:\/\/m.media-amazon.com\/images\/I\/31x9VT3A2nS._SL500_.jpg\" \/>\n\t<meta property=\"og:image:width\" content=\"500\" \/>\n\t<meta property=\"og:image:height\" content=\"500\" \/>\n\t<meta property=\"og:image:type\" content=\"image\/jpeg\" \/>\n<meta name=\"twitter:card\" content=\"summary_large_image\" \/>\n<meta name=\"twitter:label1\" content=\"Gesch\u00e4tzte Lesezeit\" \/>\n\t<meta name=\"twitter:data1\" content=\"1\u00a0Minute\" \/>\n<script type=\"application\/ld+json\" class=\"yoast-schema-graph\">{\"@context\":\"https:\\\/\\\/schema.org\",\"@graph\":[{\"@type\":\"WebPage\",\"@id\":\"https:\\\/\\\/marktxxl.de\\\/markt\\\/produkt\\\/schreibtischlampejkswt-augenpflegende-verstellbare-schwenkarm-schreibtischlampe-mit-klemme72-led5-farbmodi5-helligkeitsstufen-tischlampe-buerolampe-mit-memory-funktion-und-touch-steuerungschwar\\\/\",\"url\":\"https:\\\/\\\/marktxxl.de\\\/markt\\\/produkt\\\/schreibtischlampejkswt-augenpflegende-verstellbare-schwenkarm-schreibtischlampe-mit-klemme72-led5-farbmodi5-helligkeitsstufen-tischlampe-buerolampe-mit-memory-funktion-und-touch-steuerungschwar\\\/\",\"name\":\"Schreibtischlampe,JKSWT Augenpflegende, verstellbare Schwenkarm-Schreibtischlampe mit Klemme,72 Led,5 Farbmodi,5\u2026 - Markt-XXL\",\"isPartOf\":{\"@id\":\"https:\\\/\\\/marktxxl.de\\\/markt\\\/#website\"},\"primaryImageOfPage\":{\"@id\":\"https:\\\/\\\/marktxxl.de\\\/markt\\\/produkt\\\/schreibtischlampejkswt-augenpflegende-verstellbare-schwenkarm-schreibtischlampe-mit-klemme72-led5-farbmodi5-helligkeitsstufen-tischlampe-buerolampe-mit-memory-funktion-und-touch-steuerungschwar\\\/#primaryimage\"},\"image\":{\"@id\":\"https:\\\/\\\/marktxxl.de\\\/markt\\\/produkt\\\/schreibtischlampejkswt-augenpflegende-verstellbare-schwenkarm-schreibtischlampe-mit-klemme72-led5-farbmodi5-helligkeitsstufen-tischlampe-buerolampe-mit-memory-funktion-und-touch-steuerungschwar\\\/#primaryimage\"},\"thumbnailUrl\":\"https:\\\/\\\/m.media-amazon.com\\\/images\\\/I\\\/31x9VT3A2nS._SL500_.jpg\",\"datePublished\":\"2022-01-27T13:33:57+00:00\",\"dateModified\":\"2023-04-08T00:49:42+00:00\",\"description\":\"Markt-XXL Schreibtischlampe,JKSWT Augenpflegende, verstellbare Schwenkarm-Schreibtischlampe mit Klemme,72 Led,5 Farbmodi,5\u2026\",\"breadcrumb\":{\"@id\":\"https:\\\/\\\/marktxxl.de\\\/markt\\\/produkt\\\/schreibtischlampejkswt-augenpflegende-verstellbare-schwenkarm-schreibtischlampe-mit-klemme72-led5-farbmodi5-helligkeitsstufen-tischlampe-buerolampe-mit-memory-funktion-und-touch-steuerungschwar\\\/#breadcrumb\"},\"inLanguage\":\"de\",\"potentialAction\":[{\"@type\":\"ReadAction\",\"target\":[\"https:\\\/\\\/marktxxl.de\\\/markt\\\/produkt\\\/schreibtischlampejkswt-augenpflegende-verstellbare-schwenkarm-schreibtischlampe-mit-klemme72-led5-farbmodi5-helligkeitsstufen-tischlampe-buerolampe-mit-memory-funktion-und-touch-steuerungschwar\\\/\"]}]},{\"@type\":\"ImageObject\",\"inLanguage\":\"de\",\"@id\":\"https:\\\/\\\/marktxxl.de\\\/markt\\\/produkt\\\/schreibtischlampejkswt-augenpflegende-verstellbare-schwenkarm-schreibtischlampe-mit-klemme72-led5-farbmodi5-helligkeitsstufen-tischlampe-buerolampe-mit-memory-funktion-und-touch-steuerungschwar\\\/#primaryimage\",\"url\":\"https:\\\/\\\/m.media-amazon.com\\\/images\\\/I\\\/31x9VT3A2nS._SL500_.jpg\",\"contentUrl\":\"https:\\\/\\\/m.media-amazon.com\\\/images\\\/I\\\/31x9VT3A2nS._SL500_.jpg\",\"width\":500,\"height\":500},{\"@type\":\"BreadcrumbList\",\"@id\":\"https:\\\/\\\/marktxxl.de\\\/markt\\\/produkt\\\/schreibtischlampejkswt-augenpflegende-verstellbare-schwenkarm-schreibtischlampe-mit-klemme72-led5-farbmodi5-helligkeitsstufen-tischlampe-buerolampe-mit-memory-funktion-und-touch-steuerungschwar\\\/#breadcrumb\",\"itemListElement\":[{\"@type\":\"ListItem\",\"position\":1,\"name\":\"Startseite\",\"item\":\"https:\\\/\\\/marktxxl.de\\\/markt\\\/\"},{\"@type\":\"ListItem\",\"position\":2,\"name\":\"Markt\",\"item\":\"https:\\\/\\\/marktxxl.de\\\/markt\\\/\"},{\"@type\":\"ListItem\",\"position\":3,\"name\":\"Schreibtischlampe,JKSWT Augenpflegende, verstellbare Schwenkarm-Schreibtischlampe mit Klemme,72 Led,5 Farbmodi,5\u2026\"}]},{\"@type\":\"WebSite\",\"@id\":\"https:\\\/\\\/marktxxl.de\\\/markt\\\/#website\",\"url\":\"https:\\\/\\\/marktxxl.de\\\/markt\\\/\",\"name\":\"Markt-XXL\",\"description\":\"Ihr Markt Online\",\"publisher\":{\"@id\":\"https:\\\/\\\/marktxxl.de\\\/markt\\\/#organization\"},\"potentialAction\":[{\"@type\":\"SearchAction\",\"target\":{\"@type\":\"EntryPoint\",\"urlTemplate\":\"https:\\\/\\\/marktxxl.de\\\/markt\\\/?s={search_term_string}\"},\"query-input\":{\"@type\":\"PropertyValueSpecification\",\"valueRequired\":true,\"valueName\":\"search_term_string\"}}],\"inLanguage\":\"de\"},{\"@type\":\"Organization\",\"@id\":\"https:\\\/\\\/marktxxl.de\\\/markt\\\/#organization\",\"name\":\"Markt-XXL\",\"url\":\"https:\\\/\\\/marktxxl.de\\\/markt\\\/\",\"logo\":{\"@type\":\"ImageObject\",\"inLanguage\":\"de\",\"@id\":\"https:\\\/\\\/marktxxl.de\\\/markt\\\/#\\\/schema\\\/logo\\\/image\\\/\",\"url\":\"https:\\\/\\\/marktxxl.de\\\/markt\\\/wp-content\\\/uploads\\\/sites\\\/3\\\/2020\\\/12\\\/logo.png\",\"contentUrl\":\"https:\\\/\\\/marktxxl.de\\\/markt\\\/wp-content\\\/uploads\\\/sites\\\/3\\\/2020\\\/12\\\/logo.png\",\"width\":200,\"height\":70,\"caption\":\"Markt-XXL\"},\"image\":{\"@id\":\"https:\\\/\\\/marktxxl.de\\\/markt\\\/#\\\/schema\\\/logo\\\/image\\\/\"}}]}<\/script>\n<!-- \/ Yoast SEO plugin. -->","yoast_head_json":{"title":"Schreibtischlampe,JKSWT Augenpflegende, verstellbare Schwenkarm-Schreibtischlampe mit Klemme,72 Led,5 Farbmodi,5\u2026 - Markt-XXL","description":"Markt-XXL Schreibtischlampe,JKSWT Augenpflegende, verstellbare Schwenkarm-Schreibtischlampe mit Klemme,72 Led,5 Farbmodi,5\u2026","robots":{"index":"index","follow":"follow","max-snippet":"max-snippet:-1","max-image-preview":"max-image-preview:large","max-video-preview":"max-video-preview:-1"},"canonical":"https:\/\/marktxxl.de\/markt\/produkt\/schreibtischlampejkswt-augenpflegende-verstellbare-schwenkarm-schreibtischlampe-mit-klemme72-led5-farbmodi5-helligkeitsstufen-tischlampe-buerolampe-mit-memory-funktion-und-touch-steuerungschwar\/","og_locale":"de_DE","og_type":"article","og_title":"Schreibtischlampe,JKSWT Augenpflegende, verstellbare Schwenkarm-Schreibtischlampe mit Klemme,72 Led,5 Farbmodi,5\u2026 - Markt-XXL","og_description":"Markt-XXL Schreibtischlampe,JKSWT Augenpflegende, verstellbare Schwenkarm-Schreibtischlampe mit Klemme,72 Led,5 Farbmodi,5\u2026","og_url":"https:\/\/marktxxl.de\/markt\/produkt\/schreibtischlampejkswt-augenpflegende-verstellbare-schwenkarm-schreibtischlampe-mit-klemme72-led5-farbmodi5-helligkeitsstufen-tischlampe-buerolampe-mit-memory-funktion-und-touch-steuerungschwar\/","og_site_name":"Markt-XXL","article_modified_time":"2023-04-08T00:49:42+00:00","og_image":[{"width":500,"height":500,"url":"https:\/\/m.media-amazon.com\/images\/I\/31x9VT3A2nS._SL500_.jpg","type":"image\/jpeg"}],"twitter_card":"summary_large_image","twitter_misc":{"Gesch\u00e4tzte Lesezeit":"1\u00a0Minute"},"schema":{"@context":"https:\/\/schema.org","@graph":[{"@type":"WebPage","@id":"https:\/\/marktxxl.de\/markt\/produkt\/schreibtischlampejkswt-augenpflegende-verstellbare-schwenkarm-schreibtischlampe-mit-klemme72-led5-farbmodi5-helligkeitsstufen-tischlampe-buerolampe-mit-memory-funktion-und-touch-steuerungschwar\/","url":"https:\/\/marktxxl.de\/markt\/produkt\/schreibtischlampejkswt-augenpflegende-verstellbare-schwenkarm-schreibtischlampe-mit-klemme72-led5-farbmodi5-helligkeitsstufen-tischlampe-buerolampe-mit-memory-funktion-und-touch-steuerungschwar\/","name":"Schreibtischlampe,JKSWT Augenpflegende, verstellbare Schwenkarm-Schreibtischlampe mit Klemme,72 Led,5 Farbmodi,5\u2026 - Markt-XXL","isPartOf":{"@id":"https:\/\/marktxxl.de\/markt\/#website"},"primaryImageOfPage":{"@id":"https:\/\/marktxxl.de\/markt\/produkt\/schreibtischlampejkswt-augenpflegende-verstellbare-schwenkarm-schreibtischlampe-mit-klemme72-led5-farbmodi5-helligkeitsstufen-tischlampe-buerolampe-mit-memory-funktion-und-touch-steuerungschwar\/#primaryimage"},"image":{"@id":"https:\/\/marktxxl.de\/markt\/produkt\/schreibtischlampejkswt-augenpflegende-verstellbare-schwenkarm-schreibtischlampe-mit-klemme72-led5-farbmodi5-helligkeitsstufen-tischlampe-buerolampe-mit-memory-funktion-und-touch-steuerungschwar\/#primaryimage"},"thumbnailUrl":"https:\/\/m.media-amazon.com\/images\/I\/31x9VT3A2nS._SL500_.jpg","datePublished":"2022-01-27T13:33:57+00:00","dateModified":"2023-04-08T00:49:42+00:00","description":"Markt-XXL Schreibtischlampe,JKSWT Augenpflegende, verstellbare Schwenkarm-Schreibtischlampe mit Klemme,72 Led,5 Farbmodi,5\u2026","breadcrumb":{"@id":"https:\/\/marktxxl.de\/markt\/produkt\/schreibtischlampejkswt-augenpflegende-verstellbare-schwenkarm-schreibtischlampe-mit-klemme72-led5-farbmodi5-helligkeitsstufen-tischlampe-buerolampe-mit-memory-funktion-und-touch-steuerungschwar\/#breadcrumb"},"inLanguage":"de","potentialAction":[{"@type":"ReadAction","target":["https:\/\/marktxxl.de\/markt\/produkt\/schreibtischlampejkswt-augenpflegende-verstellbare-schwenkarm-schreibtischlampe-mit-klemme72-led5-farbmodi5-helligkeitsstufen-tischlampe-buerolampe-mit-memory-funktion-und-touch-steuerungschwar\/"]}]},{"@type":"ImageObject","inLanguage":"de","@id":"https:\/\/marktxxl.de\/markt\/produkt\/schreibtischlampejkswt-augenpflegende-verstellbare-schwenkarm-schreibtischlampe-mit-klemme72-led5-farbmodi5-helligkeitsstufen-tischlampe-buerolampe-mit-memory-funktion-und-touch-steuerungschwar\/#primaryimage","url":"https:\/\/m.media-amazon.com\/images\/I\/31x9VT3A2nS._SL500_.jpg","contentUrl":"https:\/\/m.media-amazon.com\/images\/I\/31x9VT3A2nS._SL500_.jpg","width":500,"height":500},{"@type":"BreadcrumbList","@id":"https:\/\/marktxxl.de\/markt\/produkt\/schreibtischlampejkswt-augenpflegende-verstellbare-schwenkarm-schreibtischlampe-mit-klemme72-led5-farbmodi5-helligkeitsstufen-tischlampe-buerolampe-mit-memory-funktion-und-touch-steuerungschwar\/#breadcrumb","itemListElement":[{"@type":"ListItem","position":1,"name":"Startseite","item":"https:\/\/marktxxl.de\/markt\/"},{"@type":"ListItem","position":2,"name":"Markt","item":"https:\/\/marktxxl.de\/markt\/"},{"@type":"ListItem","position":3,"name":"Schreibtischlampe,JKSWT Augenpflegende, verstellbare Schwenkarm-Schreibtischlampe mit Klemme,72 Led,5 Farbmodi,5\u2026"}]},{"@type":"WebSite","@id":"https:\/\/marktxxl.de\/markt\/#website","url":"https:\/\/marktxxl.de\/markt\/","name":"Markt-XXL","description":"Ihr Markt Online","publisher":{"@id":"https:\/\/marktxxl.de\/markt\/#organization"},"potentialAction":[{"@type":"SearchAction","target":{"@type":"EntryPoint","urlTemplate":"https:\/\/marktxxl.de\/markt\/?s={search_term_string}"},"query-input":{"@type":"PropertyValueSpecification","valueRequired":true,"valueName":"search_term_string"}}],"inLanguage":"de"},{"@type":"Organization","@id":"https:\/\/marktxxl.de\/markt\/#organization","name":"Markt-XXL","url":"https:\/\/marktxxl.de\/markt\/","logo":{"@type":"ImageObject","inLanguage":"de","@id":"https:\/\/marktxxl.de\/markt\/#\/schema\/logo\/image\/","url":"https:\/\/marktxxl.de\/markt\/wp-content\/uploads\/sites\/3\/2020\/12\/logo.png","contentUrl":"https:\/\/marktxxl.de\/markt\/wp-content\/uploads\/sites\/3\/2020\/12\/logo.png","width":200,"height":70,"caption":"Markt-XXL"},"image":{"@id":"https:\/\/marktxxl.de\/markt\/#\/schema\/logo\/image\/"}}]}},"_links":{"self":[{"href":"https:\/\/marktxxl.de\/markt\/wp-json\/wp\/v2\/product\/97865","targetHints":{"allow":["GET"]}}],"collection":[{"href":"https:\/\/marktxxl.de\/markt\/wp-json\/wp\/v2\/product"}],"about":[{"href":"https:\/\/marktxxl.de\/markt\/wp-json\/wp\/v2\/types\/product"}],"replies":[{"embeddable":true,"href":"https:\/\/marktxxl.de\/markt\/wp-json\/wp\/v2\/comments?post=97865"}],"wp:featuredmedia":[{"embeddable":true,"href":"https:\/\/marktxxl.de\/markt\/wp-json\/wp\/v2\/media\/97866"}],"wp:attachment":[{"href":"https:\/\/marktxxl.de\/markt\/wp-json\/wp\/v2\/media?parent=97865"}],"wp:term":[{"taxonomy":"product_brand","embeddable":true,"href":"https:\/\/marktxxl.de\/markt\/wp-json\/wp\/v2\/product_brand?post=97865"},{"taxonomy":"product_cat","embeddable":true,"href":"https:\/\/marktxxl.de\/markt\/wp-json\/wp\/v2\/product_cat?post=97865"},{"taxonomy":"product_tag","embeddable":true,"href":"https:\/\/marktxxl.de\/markt\/wp-json\/wp\/v2\/product_tag?post=97865"}],"curies":[{"name":"wp","href":"https:\/\/api.w.org\/{rel}","templated":true}]}}