{"id":97721,"date":"2022-01-27T14:25:32","date_gmt":"2022-01-27T13:25:32","guid":{"rendered":"https:\/\/marktxxl.de\/markt\/produkt\/ich-kann-es-dir-erklaeren-physik-mathe-ingenieur-shirt\/"},"modified":"2023-04-08T02:49:40","modified_gmt":"2023-04-08T00:49:40","slug":"ich-kann-es-dir-erklaeren-physik-mathe-ingenieur-shirt","status":"publish","type":"product","link":"https:\/\/marktxxl.de\/markt\/produkt\/ich-kann-es-dir-erklaeren-physik-mathe-ingenieur-shirt\/","title":{"rendered":"ich kann es dir erkl\u00e4ren &#8211; Physik &amp; Mathe Ingenieur Shirt"},"content":{"rendered":"<p>Dieses Ingenieur T-Shirt eignet sich super als Geschenk zum Geburtstag oder zu Weihnachten f\u00fcr jemanden, der Maschinenbau, Elektrotechnik, Bauingenieurwesen oder \u00e4hnliches studiert hat. Zudem ist es ein tolles Geschenk f\u00fcr Physiker und Mathematiker.<br \/>\nDieses Ingenieurwesen T-Shirt ist ein exklusives Design. Bestelle es als Geschenk f\u00fcr einen Ingenieur, Physiker oder einen Mathematiker, der seinen Beruf liebt.<br \/>\nKlassisch geschnitten, doppelt gen\u00e4hter Saum.<br \/>\n<div class=\"main-cross-sell\" data-asin=\"B07J28ZN38\">\n\n\t<div class=\"WooZone-cross-sell-loader\">\n\t\t<div>\n\t\t\t<div id=\"floatingBarsG\">\n\t\t\t\t<div class=\"blockG\" id=\"rotateG_01\"><\/div>\n\t\t\t\t<div class=\"blockG\" id=\"rotateG_02\"><\/div>\n\t\t\t\t<div class=\"blockG\" id=\"rotateG_03\"><\/div>\n\t\t\t\t<div class=\"blockG\" id=\"rotateG_04\"><\/div>\n\t\t\t\t<div class=\"blockG\" id=\"rotateG_05\"><\/div>\n\t\t\t\t<div class=\"blockG\" id=\"rotateG_06\"><\/div>\n\t\t\t\t<div class=\"blockG\" id=\"rotateG_07\"><\/div>\n\t\t\t\t<div class=\"blockG\" id=\"rotateG_08\"><\/div>\n\t\t\t<\/div>\n\t\t\t<div class=\"WooZone-cross-sell-loader-text\"><\/div>\n\t\t<\/div>\n\t<\/div>\n\n\t\t\n<\/div>\n<div style=\"clear:both;\"><\/div><\/p>\n","protected":false},"excerpt":{"rendered":"<p>Dieses Ingenieur T-Shirt eignet sich super als Geschenk zum Geburtstag oder zu Weihnachten f\u00fcr jemanden, der Maschinenbau, Elektrotechnik, Bauingenieurwesen oder \u00e4hnliches studiert hat. Zudem ist es ein tolles Geschenk f\u00fcr Physiker und Mathematiker.<br \/>\nDieses Ingenieurwesen T-Shirt ist ein exklusives Design. Bestelle es als Geschenk f\u00fcr einen Ingenieur, Physiker oder einen Mathematiker, der seinen Beruf liebt.<br \/>\nKlassisch geschnitten, doppelt gen\u00e4hter Saum.<\/p>\n","protected":false},"featured_media":97722,"comment_status":"open","ping_status":"closed","template":"","meta":[],"product_brand":[],"product_cat":[1186,4069],"product_tag":[],"class_list":{"0":"post-97721","1":"product","2":"type-product","3":"status-publish","4":"has-post-thumbnail","6":"product_cat-bekleidung","7":"product_cat-spezielle-anlaesse","8":"pa_binding-textilien","9":"pa_brand-lustige-t-shirts-fuer-ingenieure-und-physiker","10":"pa_color-schwarz","11":"pa_manufacturer-lustige-t-shirts-fuer-ingenieure-und-physiker","12":"pa_size-s","14":"first","15":"instock","16":"shipping-taxable","17":"purchasable","18":"product-type-simple","19":"customify-col","20":"product-has-gallery"},"yoast_head":"<!-- This site is optimized with the Yoast SEO plugin v27.4 - https:\/\/yoast.com\/product\/yoast-seo-wordpress\/ -->\n<title>ich kann es dir erkl\u00e4ren - Physik &amp; Mathe Ingenieur Shirt - Markt-XXL<\/title>\n<meta name=\"description\" content=\"Markt-XXL ich kann es dir erkl\u00e4ren - Physik &amp; Mathe Ingenieur Shirt\" \/>\n<meta name=\"robots\" content=\"index, follow, max-snippet:-1, max-image-preview:large, max-video-preview:-1\" \/>\n<link rel=\"canonical\" href=\"https:\/\/marktxxl.de\/markt\/produkt\/ich-kann-es-dir-erklaeren-physik-mathe-ingenieur-shirt\/\" \/>\n<meta property=\"og:locale\" content=\"de_DE\" \/>\n<meta property=\"og:type\" content=\"article\" \/>\n<meta property=\"og:title\" content=\"ich kann es dir erkl\u00e4ren - Physik &amp; Mathe Ingenieur Shirt - Markt-XXL\" \/>\n<meta property=\"og:description\" content=\"Markt-XXL ich kann es dir erkl\u00e4ren - Physik &amp; Mathe Ingenieur Shirt\" \/>\n<meta property=\"og:url\" content=\"https:\/\/marktxxl.de\/markt\/produkt\/ich-kann-es-dir-erklaeren-physik-mathe-ingenieur-shirt\/\" \/>\n<meta property=\"og:site_name\" content=\"Markt-XXL\" \/>\n<meta property=\"article:modified_time\" content=\"2023-04-08T00:49:40+00:00\" \/>\n<meta property=\"og:image\" content=\"https:\/\/m.media-amazon.com\/images\/I\/41+jo8G6FmS._SL500_.jpg\" \/>\n\t<meta property=\"og:image:width\" content=\"500\" \/>\n\t<meta property=\"og:image:height\" content=\"468\" \/>\n\t<meta property=\"og:image:type\" content=\"image\/jpeg\" \/>\n<meta name=\"twitter:card\" content=\"summary_large_image\" \/>\n<script type=\"application\/ld+json\" class=\"yoast-schema-graph\">{\"@context\":\"https:\\\/\\\/schema.org\",\"@graph\":[{\"@type\":\"WebPage\",\"@id\":\"https:\\\/\\\/marktxxl.de\\\/markt\\\/produkt\\\/ich-kann-es-dir-erklaeren-physik-mathe-ingenieur-shirt\\\/\",\"url\":\"https:\\\/\\\/marktxxl.de\\\/markt\\\/produkt\\\/ich-kann-es-dir-erklaeren-physik-mathe-ingenieur-shirt\\\/\",\"name\":\"ich kann es dir erkl\u00e4ren - Physik &amp; Mathe Ingenieur Shirt - Markt-XXL\",\"isPartOf\":{\"@id\":\"https:\\\/\\\/marktxxl.de\\\/markt\\\/#website\"},\"primaryImageOfPage\":{\"@id\":\"https:\\\/\\\/marktxxl.de\\\/markt\\\/produkt\\\/ich-kann-es-dir-erklaeren-physik-mathe-ingenieur-shirt\\\/#primaryimage\"},\"image\":{\"@id\":\"https:\\\/\\\/marktxxl.de\\\/markt\\\/produkt\\\/ich-kann-es-dir-erklaeren-physik-mathe-ingenieur-shirt\\\/#primaryimage\"},\"thumbnailUrl\":\"https:\\\/\\\/m.media-amazon.com\\\/images\\\/I\\\/41+jo8G6FmS._SL500_.jpg\",\"datePublished\":\"2022-01-27T13:25:32+00:00\",\"dateModified\":\"2023-04-08T00:49:40+00:00\",\"description\":\"Markt-XXL ich kann es dir erkl\u00e4ren - Physik &amp; Mathe Ingenieur Shirt\",\"breadcrumb\":{\"@id\":\"https:\\\/\\\/marktxxl.de\\\/markt\\\/produkt\\\/ich-kann-es-dir-erklaeren-physik-mathe-ingenieur-shirt\\\/#breadcrumb\"},\"inLanguage\":\"de\",\"potentialAction\":[{\"@type\":\"ReadAction\",\"target\":[\"https:\\\/\\\/marktxxl.de\\\/markt\\\/produkt\\\/ich-kann-es-dir-erklaeren-physik-mathe-ingenieur-shirt\\\/\"]}]},{\"@type\":\"ImageObject\",\"inLanguage\":\"de\",\"@id\":\"https:\\\/\\\/marktxxl.de\\\/markt\\\/produkt\\\/ich-kann-es-dir-erklaeren-physik-mathe-ingenieur-shirt\\\/#primaryimage\",\"url\":\"https:\\\/\\\/m.media-amazon.com\\\/images\\\/I\\\/41+jo8G6FmS._SL500_.jpg\",\"contentUrl\":\"https:\\\/\\\/m.media-amazon.com\\\/images\\\/I\\\/41+jo8G6FmS._SL500_.jpg\",\"width\":500,\"height\":468},{\"@type\":\"BreadcrumbList\",\"@id\":\"https:\\\/\\\/marktxxl.de\\\/markt\\\/produkt\\\/ich-kann-es-dir-erklaeren-physik-mathe-ingenieur-shirt\\\/#breadcrumb\",\"itemListElement\":[{\"@type\":\"ListItem\",\"position\":1,\"name\":\"Startseite\",\"item\":\"https:\\\/\\\/marktxxl.de\\\/markt\\\/\"},{\"@type\":\"ListItem\",\"position\":2,\"name\":\"Markt\",\"item\":\"https:\\\/\\\/marktxxl.de\\\/markt\\\/\"},{\"@type\":\"ListItem\",\"position\":3,\"name\":\"ich kann es dir erkl\u00e4ren &#8211; Physik &amp; Mathe Ingenieur Shirt\"}]},{\"@type\":\"WebSite\",\"@id\":\"https:\\\/\\\/marktxxl.de\\\/markt\\\/#website\",\"url\":\"https:\\\/\\\/marktxxl.de\\\/markt\\\/\",\"name\":\"Markt-XXL\",\"description\":\"Ihr Markt Online\",\"publisher\":{\"@id\":\"https:\\\/\\\/marktxxl.de\\\/markt\\\/#organization\"},\"potentialAction\":[{\"@type\":\"SearchAction\",\"target\":{\"@type\":\"EntryPoint\",\"urlTemplate\":\"https:\\\/\\\/marktxxl.de\\\/markt\\\/?s={search_term_string}\"},\"query-input\":{\"@type\":\"PropertyValueSpecification\",\"valueRequired\":true,\"valueName\":\"search_term_string\"}}],\"inLanguage\":\"de\"},{\"@type\":\"Organization\",\"@id\":\"https:\\\/\\\/marktxxl.de\\\/markt\\\/#organization\",\"name\":\"Markt-XXL\",\"url\":\"https:\\\/\\\/marktxxl.de\\\/markt\\\/\",\"logo\":{\"@type\":\"ImageObject\",\"inLanguage\":\"de\",\"@id\":\"https:\\\/\\\/marktxxl.de\\\/markt\\\/#\\\/schema\\\/logo\\\/image\\\/\",\"url\":\"https:\\\/\\\/marktxxl.de\\\/markt\\\/wp-content\\\/uploads\\\/sites\\\/3\\\/2020\\\/12\\\/logo.png\",\"contentUrl\":\"https:\\\/\\\/marktxxl.de\\\/markt\\\/wp-content\\\/uploads\\\/sites\\\/3\\\/2020\\\/12\\\/logo.png\",\"width\":200,\"height\":70,\"caption\":\"Markt-XXL\"},\"image\":{\"@id\":\"https:\\\/\\\/marktxxl.de\\\/markt\\\/#\\\/schema\\\/logo\\\/image\\\/\"}}]}<\/script>\n<!-- \/ Yoast SEO plugin. -->","yoast_head_json":{"title":"ich kann es dir erkl\u00e4ren - Physik &amp; Mathe Ingenieur Shirt - Markt-XXL","description":"Markt-XXL ich kann es dir erkl\u00e4ren - Physik &amp; Mathe Ingenieur Shirt","robots":{"index":"index","follow":"follow","max-snippet":"max-snippet:-1","max-image-preview":"max-image-preview:large","max-video-preview":"max-video-preview:-1"},"canonical":"https:\/\/marktxxl.de\/markt\/produkt\/ich-kann-es-dir-erklaeren-physik-mathe-ingenieur-shirt\/","og_locale":"de_DE","og_type":"article","og_title":"ich kann es dir erkl\u00e4ren - Physik &amp; Mathe Ingenieur Shirt - Markt-XXL","og_description":"Markt-XXL ich kann es dir erkl\u00e4ren - Physik &amp; Mathe Ingenieur Shirt","og_url":"https:\/\/marktxxl.de\/markt\/produkt\/ich-kann-es-dir-erklaeren-physik-mathe-ingenieur-shirt\/","og_site_name":"Markt-XXL","article_modified_time":"2023-04-08T00:49:40+00:00","og_image":[{"width":500,"height":468,"url":"https:\/\/m.media-amazon.com\/images\/I\/41+jo8G6FmS._SL500_.jpg","type":"image\/jpeg"}],"twitter_card":"summary_large_image","schema":{"@context":"https:\/\/schema.org","@graph":[{"@type":"WebPage","@id":"https:\/\/marktxxl.de\/markt\/produkt\/ich-kann-es-dir-erklaeren-physik-mathe-ingenieur-shirt\/","url":"https:\/\/marktxxl.de\/markt\/produkt\/ich-kann-es-dir-erklaeren-physik-mathe-ingenieur-shirt\/","name":"ich kann es dir erkl\u00e4ren - Physik &amp; Mathe Ingenieur Shirt - Markt-XXL","isPartOf":{"@id":"https:\/\/marktxxl.de\/markt\/#website"},"primaryImageOfPage":{"@id":"https:\/\/marktxxl.de\/markt\/produkt\/ich-kann-es-dir-erklaeren-physik-mathe-ingenieur-shirt\/#primaryimage"},"image":{"@id":"https:\/\/marktxxl.de\/markt\/produkt\/ich-kann-es-dir-erklaeren-physik-mathe-ingenieur-shirt\/#primaryimage"},"thumbnailUrl":"https:\/\/m.media-amazon.com\/images\/I\/41+jo8G6FmS._SL500_.jpg","datePublished":"2022-01-27T13:25:32+00:00","dateModified":"2023-04-08T00:49:40+00:00","description":"Markt-XXL ich kann es dir erkl\u00e4ren - Physik &amp; Mathe Ingenieur Shirt","breadcrumb":{"@id":"https:\/\/marktxxl.de\/markt\/produkt\/ich-kann-es-dir-erklaeren-physik-mathe-ingenieur-shirt\/#breadcrumb"},"inLanguage":"de","potentialAction":[{"@type":"ReadAction","target":["https:\/\/marktxxl.de\/markt\/produkt\/ich-kann-es-dir-erklaeren-physik-mathe-ingenieur-shirt\/"]}]},{"@type":"ImageObject","inLanguage":"de","@id":"https:\/\/marktxxl.de\/markt\/produkt\/ich-kann-es-dir-erklaeren-physik-mathe-ingenieur-shirt\/#primaryimage","url":"https:\/\/m.media-amazon.com\/images\/I\/41+jo8G6FmS._SL500_.jpg","contentUrl":"https:\/\/m.media-amazon.com\/images\/I\/41+jo8G6FmS._SL500_.jpg","width":500,"height":468},{"@type":"BreadcrumbList","@id":"https:\/\/marktxxl.de\/markt\/produkt\/ich-kann-es-dir-erklaeren-physik-mathe-ingenieur-shirt\/#breadcrumb","itemListElement":[{"@type":"ListItem","position":1,"name":"Startseite","item":"https:\/\/marktxxl.de\/markt\/"},{"@type":"ListItem","position":2,"name":"Markt","item":"https:\/\/marktxxl.de\/markt\/"},{"@type":"ListItem","position":3,"name":"ich kann es dir erkl\u00e4ren &#8211; Physik &amp; Mathe Ingenieur Shirt"}]},{"@type":"WebSite","@id":"https:\/\/marktxxl.de\/markt\/#website","url":"https:\/\/marktxxl.de\/markt\/","name":"Markt-XXL","description":"Ihr Markt Online","publisher":{"@id":"https:\/\/marktxxl.de\/markt\/#organization"},"potentialAction":[{"@type":"SearchAction","target":{"@type":"EntryPoint","urlTemplate":"https:\/\/marktxxl.de\/markt\/?s={search_term_string}"},"query-input":{"@type":"PropertyValueSpecification","valueRequired":true,"valueName":"search_term_string"}}],"inLanguage":"de"},{"@type":"Organization","@id":"https:\/\/marktxxl.de\/markt\/#organization","name":"Markt-XXL","url":"https:\/\/marktxxl.de\/markt\/","logo":{"@type":"ImageObject","inLanguage":"de","@id":"https:\/\/marktxxl.de\/markt\/#\/schema\/logo\/image\/","url":"https:\/\/marktxxl.de\/markt\/wp-content\/uploads\/sites\/3\/2020\/12\/logo.png","contentUrl":"https:\/\/marktxxl.de\/markt\/wp-content\/uploads\/sites\/3\/2020\/12\/logo.png","width":200,"height":70,"caption":"Markt-XXL"},"image":{"@id":"https:\/\/marktxxl.de\/markt\/#\/schema\/logo\/image\/"}}]}},"_links":{"self":[{"href":"https:\/\/marktxxl.de\/markt\/wp-json\/wp\/v2\/product\/97721","targetHints":{"allow":["GET"]}}],"collection":[{"href":"https:\/\/marktxxl.de\/markt\/wp-json\/wp\/v2\/product"}],"about":[{"href":"https:\/\/marktxxl.de\/markt\/wp-json\/wp\/v2\/types\/product"}],"replies":[{"embeddable":true,"href":"https:\/\/marktxxl.de\/markt\/wp-json\/wp\/v2\/comments?post=97721"}],"wp:featuredmedia":[{"embeddable":true,"href":"https:\/\/marktxxl.de\/markt\/wp-json\/wp\/v2\/media\/97722"}],"wp:attachment":[{"href":"https:\/\/marktxxl.de\/markt\/wp-json\/wp\/v2\/media?parent=97721"}],"wp:term":[{"taxonomy":"product_brand","embeddable":true,"href":"https:\/\/marktxxl.de\/markt\/wp-json\/wp\/v2\/product_brand?post=97721"},{"taxonomy":"product_cat","embeddable":true,"href":"https:\/\/marktxxl.de\/markt\/wp-json\/wp\/v2\/product_cat?post=97721"},{"taxonomy":"product_tag","embeddable":true,"href":"https:\/\/marktxxl.de\/markt\/wp-json\/wp\/v2\/product_tag?post=97721"}],"curies":[{"name":"wp","href":"https:\/\/api.w.org\/{rel}","templated":true}]}}