{"id":97678,"date":"2022-01-27T14:21:58","date_gmt":"2022-01-27T13:21:58","guid":{"rendered":"https:\/\/marktxxl.de\/markt\/produkt\/rainbow-socks-damen-herren-pizza-socken-box-meeresfruechte-pepperoni-italienische-4-paar\/"},"modified":"2023-04-08T02:49:38","modified_gmt":"2023-04-08T00:49:38","slug":"rainbow-socks-damen-herren-pizza-socken-box-meeresfruechte-pepperoni-italienische-4-paar","status":"publish","type":"product","link":"https:\/\/marktxxl.de\/markt\/produkt\/rainbow-socks-damen-herren-pizza-socken-box-meeresfruechte-pepperoni-italienische-4-paar\/","title":{"rendered":"Rainbow Socks &#8211; Damen Herren &#8211; Pizza Socken Box Meeresfr\u00fcchte Pepperoni Italienische &#8211; 4 Paar"},"content":{"rendered":"<p>ORIGINELLE SOCKEN &#8211; Pizza Socks Box sind ein Vorschlag f\u00fcr Liebhaber der bunten, verr\u00fcckten und gewagten Socken oder einfach f\u00fcr ewige Pizzafresser. In unseren Socken f\u00fchlst du dich immer ausgezeichnet; Einzigartiges, originelles Design und die Idee, unsere Socken so zu schaffen, dass sie einer echten essbaren Pizza \u00e4hneln sind unser Ziel, das wir erreicht haben. Unsere Socken treten in die Modewelt ein! Fr\u00fcher untersch\u00e4tztes Unterw\u00e4schest\u00fcck, heute eine Modekomponente. Zeichne dich aus!<br \/>\nIN DER EU HERGESTELLT &#8211; Die Socken Pizza Socks Box werden in einem kleinen Familienunternehmen hergestellt, in dem die Qualit\u00e4t eine Ehrensache ist. Vergiss Socken, die aus Asien importiert werden, kaufe Socken von regionalen Herstellern. Die ganze Idee von Pizza Socks Box ist in Europa entstanden. Wir haben schwer daran gearbeitet, originelle Muster und Box zu entwerfen, um ideale Sockenpizza zu schaffen \u2013 das hat geklappt!<br \/>\nDAS ZERTIFIKAT \u00d6KO-TEX &#8211; F\u00fcr die Herstellung der Socken nutzen wir nur Zertifikatsbaumwolle h\u00f6chster Qualit\u00e4t. In die Boxen gelangen nur die Socken erster Qualit\u00e4t, die Socken zweiter Qualit\u00e4t spenden wir f\u00fcr wohlt\u00e4tige Zwecke. Das wichtigste \u2013 unsere Socken werden nicht mit Druck verziert, das ganze Muster wird aus Baumwolle \u2013 80%, Polyamide \u2013 17% und Elastin \u2013 3% gen\u00e4ht, was man beobachten kann, wenn man die Socke auf die linke Seite umdreht \u2013 dann sieht man F\u00e4den.<br \/>\nIDEAL ALS GESCHENK &#8211; Denk nur daran, wie du die beschenkte Person \u00fcberraschen kannst. Pizza Socks Box sieht bis zum letzten Moment so aus, als ob das ein Pizzakarton mit einer warmen Pizza drin w\u00e4re. Erst dann, nachdem der Karton ge\u00f6ffnet worden ist, sieht man etwas, das so, wie eine Pizza aussieht, ist aber aus Stoff. Bevor man die Pizza-Socken in die Hand nimmt und sie nicht entrollt, wei\u00df man \u00fcberhaupt nicht, was das ist. Eine Menge Lachen und \u00dcberraschungsgef\u00fchl garantiert.<br \/>\nSEHR VIELE MUSTER UND FARBEN &#8211; Nicht jeder mag das Gleiche, deswegen gibt es in unserer Socken-Pizzeria eine sehr gro\u00dfe Auswahl an Gr\u00f6\u00dfen und Geschm\u00e4ckern. Gr\u00f6\u00dfen 36, 37, 38, 39, 40, 41, 42, 43, 44, 45, 46, 47, 48, 49, 50 und folgende Geschm\u00e4cker: Italienische Pizza, Pizza Hawaii, Pizza Capricciosa, Pizza Pepperoni, Vegetarische Pizza und warmer Teig. Die ganze Pizza besteht aus vier Paar Socken, man kann die Pizza in drei Geschm\u00e4ckern teilen oder nur ein Geschmack w\u00e4hlen. Guten Appetit!<br \/>\n<div class=\"main-cross-sell\" data-asin=\"B07QRS9JQG\">\n\n\t<div class=\"WooZone-cross-sell-loader\">\n\t\t<div>\n\t\t\t<div id=\"floatingBarsG\">\n\t\t\t\t<div class=\"blockG\" id=\"rotateG_01\"><\/div>\n\t\t\t\t<div class=\"blockG\" id=\"rotateG_02\"><\/div>\n\t\t\t\t<div class=\"blockG\" id=\"rotateG_03\"><\/div>\n\t\t\t\t<div class=\"blockG\" id=\"rotateG_04\"><\/div>\n\t\t\t\t<div class=\"blockG\" id=\"rotateG_05\"><\/div>\n\t\t\t\t<div class=\"blockG\" id=\"rotateG_06\"><\/div>\n\t\t\t\t<div class=\"blockG\" id=\"rotateG_07\"><\/div>\n\t\t\t\t<div class=\"blockG\" id=\"rotateG_08\"><\/div>\n\t\t\t<\/div>\n\t\t\t<div class=\"WooZone-cross-sell-loader-text\"><\/div>\n\t\t<\/div>\n\t<\/div>\n\n\t\t\n<\/div>\n<div style=\"clear:both;\"><\/div><\/p>\n","protected":false},"excerpt":{"rendered":"<p>ORIGINELLE SOCKEN &#8211; Pizza Socks Box sind ein Vorschlag f\u00fcr Liebhaber der bunten, verr\u00fcckten und gewagten Socken oder einfach f\u00fcr ewige Pizzafresser. In unseren Socken f\u00fchlst du dich immer ausgezeichnet; Einzigartiges, originelles Design und die Idee, unsere Socken so zu schaffen, dass sie einer echten essbaren Pizza \u00e4hneln sind unser Ziel, das wir erreicht haben. Unsere Socken treten in die Modewelt ein! Fr\u00fcher untersch\u00e4tztes Unterw\u00e4schest\u00fcck, heute eine Modekomponente. Zeichne dich aus!<br \/>\nIN DER EU HERGESTELLT &#8211; Die Socken Pizza Socks Box werden in einem kleinen Familienunternehmen hergestellt, in dem die Qualit\u00e4t eine Ehrensache ist. Vergiss Socken, die aus Asien importiert werden, kaufe Socken von regionalen Herstellern. Die ganze Idee von Pizza Socks Box ist in Europa entstanden. Wir haben schwer daran gearbeitet, originelle Muster und Box zu entwerfen, um ideale Sockenpizza zu schaffen \u2013 das hat geklappt!<br \/>\nDAS ZERTIFIKAT \u00d6KO-TEX &#8211; F\u00fcr die Herstellung der Socken nutzen wir nur Zertifikatsbaumwolle h\u00f6chster Qualit\u00e4t. In die Boxen gelangen nur die Socken erster Qualit\u00e4t, die Socken zweiter Qualit\u00e4t spenden wir f\u00fcr wohlt\u00e4tige Zwecke. Das wichtigste \u2013 unsere Socken werden nicht mit Druck verziert, das ganze Muster wird aus Baumwolle \u2013 80%, Polyamide \u2013 17% und Elastin \u2013 3% gen\u00e4ht, was man beobachten kann, wenn man die Socke auf die linke Seite umdreht \u2013 dann sieht man F\u00e4den.<\/p>\n","protected":false},"featured_media":97679,"comment_status":"open","ping_status":"closed","template":"","meta":[],"product_brand":[],"product_cat":[1186,4069],"product_tag":[],"class_list":{"0":"post-97678","1":"product","2":"type-product","3":"status-publish","4":"has-post-thumbnail","6":"product_cat-bekleidung","7":"product_cat-spezielle-anlaesse","8":"pa_brand-rainbow-socks","9":"pa_brand-thames-hudson","11":"first","12":"instock","13":"shipping-taxable","14":"purchasable","15":"product-type-simple","16":"customify-col","17":"product-has-gallery"},"yoast_head":"<!-- This site is optimized with the Yoast SEO plugin v27.4 - https:\/\/yoast.com\/product\/yoast-seo-wordpress\/ -->\n<title>Rainbow Socks - Damen Herren - Pizza Socken Box Meeresfr\u00fcchte Pepperoni Italienische - 4 Paar - Markt-XXL<\/title>\n<meta name=\"description\" content=\"Markt-XXL Rainbow Socks - Damen Herren - Pizza Socken Box Meeresfr\u00fcchte Pepperoni Italienische - 4 Paar\" \/>\n<meta name=\"robots\" content=\"index, follow, max-snippet:-1, max-image-preview:large, max-video-preview:-1\" \/>\n<link rel=\"canonical\" href=\"https:\/\/marktxxl.de\/markt\/produkt\/rainbow-socks-damen-herren-pizza-socken-box-meeresfruechte-pepperoni-italienische-4-paar\/\" \/>\n<meta property=\"og:locale\" content=\"de_DE\" \/>\n<meta property=\"og:type\" content=\"article\" \/>\n<meta property=\"og:title\" content=\"Rainbow Socks - Damen Herren - Pizza Socken Box Meeresfr\u00fcchte Pepperoni Italienische - 4 Paar - Markt-XXL\" \/>\n<meta property=\"og:description\" content=\"Markt-XXL Rainbow Socks - Damen Herren - Pizza Socken Box Meeresfr\u00fcchte Pepperoni Italienische - 4 Paar\" \/>\n<meta property=\"og:url\" content=\"https:\/\/marktxxl.de\/markt\/produkt\/rainbow-socks-damen-herren-pizza-socken-box-meeresfruechte-pepperoni-italienische-4-paar\/\" \/>\n<meta property=\"og:site_name\" content=\"Markt-XXL\" \/>\n<meta property=\"article:modified_time\" content=\"2023-04-08T00:49:38+00:00\" \/>\n<meta property=\"og:image\" content=\"https:\/\/m.media-amazon.com\/images\/I\/51APWmjl5yL._SL500_.jpg\" \/>\n\t<meta property=\"og:image:width\" content=\"444\" \/>\n\t<meta property=\"og:image:height\" content=\"500\" \/>\n\t<meta property=\"og:image:type\" content=\"image\/jpeg\" \/>\n<meta name=\"twitter:card\" content=\"summary_large_image\" \/>\n<meta name=\"twitter:label1\" content=\"Gesch\u00e4tzte Lesezeit\" \/>\n\t<meta name=\"twitter:data1\" content=\"2\u00a0Minuten\" \/>\n<script type=\"application\/ld+json\" class=\"yoast-schema-graph\">{\"@context\":\"https:\\\/\\\/schema.org\",\"@graph\":[{\"@type\":\"WebPage\",\"@id\":\"https:\\\/\\\/marktxxl.de\\\/markt\\\/produkt\\\/rainbow-socks-damen-herren-pizza-socken-box-meeresfruechte-pepperoni-italienische-4-paar\\\/\",\"url\":\"https:\\\/\\\/marktxxl.de\\\/markt\\\/produkt\\\/rainbow-socks-damen-herren-pizza-socken-box-meeresfruechte-pepperoni-italienische-4-paar\\\/\",\"name\":\"Rainbow Socks - Damen Herren - Pizza Socken Box Meeresfr\u00fcchte Pepperoni Italienische - 4 Paar - Markt-XXL\",\"isPartOf\":{\"@id\":\"https:\\\/\\\/marktxxl.de\\\/markt\\\/#website\"},\"primaryImageOfPage\":{\"@id\":\"https:\\\/\\\/marktxxl.de\\\/markt\\\/produkt\\\/rainbow-socks-damen-herren-pizza-socken-box-meeresfruechte-pepperoni-italienische-4-paar\\\/#primaryimage\"},\"image\":{\"@id\":\"https:\\\/\\\/marktxxl.de\\\/markt\\\/produkt\\\/rainbow-socks-damen-herren-pizza-socken-box-meeresfruechte-pepperoni-italienische-4-paar\\\/#primaryimage\"},\"thumbnailUrl\":\"https:\\\/\\\/m.media-amazon.com\\\/images\\\/I\\\/51APWmjl5yL._SL500_.jpg\",\"datePublished\":\"2022-01-27T13:21:58+00:00\",\"dateModified\":\"2023-04-08T00:49:38+00:00\",\"description\":\"Markt-XXL Rainbow Socks - Damen Herren - Pizza Socken Box Meeresfr\u00fcchte Pepperoni Italienische - 4 Paar\",\"breadcrumb\":{\"@id\":\"https:\\\/\\\/marktxxl.de\\\/markt\\\/produkt\\\/rainbow-socks-damen-herren-pizza-socken-box-meeresfruechte-pepperoni-italienische-4-paar\\\/#breadcrumb\"},\"inLanguage\":\"de\",\"potentialAction\":[{\"@type\":\"ReadAction\",\"target\":[\"https:\\\/\\\/marktxxl.de\\\/markt\\\/produkt\\\/rainbow-socks-damen-herren-pizza-socken-box-meeresfruechte-pepperoni-italienische-4-paar\\\/\"]}]},{\"@type\":\"ImageObject\",\"inLanguage\":\"de\",\"@id\":\"https:\\\/\\\/marktxxl.de\\\/markt\\\/produkt\\\/rainbow-socks-damen-herren-pizza-socken-box-meeresfruechte-pepperoni-italienische-4-paar\\\/#primaryimage\",\"url\":\"https:\\\/\\\/m.media-amazon.com\\\/images\\\/I\\\/51APWmjl5yL._SL500_.jpg\",\"contentUrl\":\"https:\\\/\\\/m.media-amazon.com\\\/images\\\/I\\\/51APWmjl5yL._SL500_.jpg\",\"width\":444,\"height\":500},{\"@type\":\"BreadcrumbList\",\"@id\":\"https:\\\/\\\/marktxxl.de\\\/markt\\\/produkt\\\/rainbow-socks-damen-herren-pizza-socken-box-meeresfruechte-pepperoni-italienische-4-paar\\\/#breadcrumb\",\"itemListElement\":[{\"@type\":\"ListItem\",\"position\":1,\"name\":\"Startseite\",\"item\":\"https:\\\/\\\/marktxxl.de\\\/markt\\\/\"},{\"@type\":\"ListItem\",\"position\":2,\"name\":\"Markt\",\"item\":\"https:\\\/\\\/marktxxl.de\\\/markt\\\/\"},{\"@type\":\"ListItem\",\"position\":3,\"name\":\"Rainbow Socks &#8211; Damen Herren &#8211; Pizza Socken Box Meeresfr\u00fcchte Pepperoni Italienische &#8211; 4 Paar\"}]},{\"@type\":\"WebSite\",\"@id\":\"https:\\\/\\\/marktxxl.de\\\/markt\\\/#website\",\"url\":\"https:\\\/\\\/marktxxl.de\\\/markt\\\/\",\"name\":\"Markt-XXL\",\"description\":\"Ihr Markt Online\",\"publisher\":{\"@id\":\"https:\\\/\\\/marktxxl.de\\\/markt\\\/#organization\"},\"potentialAction\":[{\"@type\":\"SearchAction\",\"target\":{\"@type\":\"EntryPoint\",\"urlTemplate\":\"https:\\\/\\\/marktxxl.de\\\/markt\\\/?s={search_term_string}\"},\"query-input\":{\"@type\":\"PropertyValueSpecification\",\"valueRequired\":true,\"valueName\":\"search_term_string\"}}],\"inLanguage\":\"de\"},{\"@type\":\"Organization\",\"@id\":\"https:\\\/\\\/marktxxl.de\\\/markt\\\/#organization\",\"name\":\"Markt-XXL\",\"url\":\"https:\\\/\\\/marktxxl.de\\\/markt\\\/\",\"logo\":{\"@type\":\"ImageObject\",\"inLanguage\":\"de\",\"@id\":\"https:\\\/\\\/marktxxl.de\\\/markt\\\/#\\\/schema\\\/logo\\\/image\\\/\",\"url\":\"https:\\\/\\\/marktxxl.de\\\/markt\\\/wp-content\\\/uploads\\\/sites\\\/3\\\/2020\\\/12\\\/logo.png\",\"contentUrl\":\"https:\\\/\\\/marktxxl.de\\\/markt\\\/wp-content\\\/uploads\\\/sites\\\/3\\\/2020\\\/12\\\/logo.png\",\"width\":200,\"height\":70,\"caption\":\"Markt-XXL\"},\"image\":{\"@id\":\"https:\\\/\\\/marktxxl.de\\\/markt\\\/#\\\/schema\\\/logo\\\/image\\\/\"}}]}<\/script>\n<!-- \/ Yoast SEO plugin. -->","yoast_head_json":{"title":"Rainbow Socks - Damen Herren - Pizza Socken Box Meeresfr\u00fcchte Pepperoni Italienische - 4 Paar - Markt-XXL","description":"Markt-XXL Rainbow Socks - Damen Herren - Pizza Socken Box Meeresfr\u00fcchte Pepperoni Italienische - 4 Paar","robots":{"index":"index","follow":"follow","max-snippet":"max-snippet:-1","max-image-preview":"max-image-preview:large","max-video-preview":"max-video-preview:-1"},"canonical":"https:\/\/marktxxl.de\/markt\/produkt\/rainbow-socks-damen-herren-pizza-socken-box-meeresfruechte-pepperoni-italienische-4-paar\/","og_locale":"de_DE","og_type":"article","og_title":"Rainbow Socks - Damen Herren - Pizza Socken Box Meeresfr\u00fcchte Pepperoni Italienische - 4 Paar - Markt-XXL","og_description":"Markt-XXL Rainbow Socks - Damen Herren - Pizza Socken Box Meeresfr\u00fcchte Pepperoni Italienische - 4 Paar","og_url":"https:\/\/marktxxl.de\/markt\/produkt\/rainbow-socks-damen-herren-pizza-socken-box-meeresfruechte-pepperoni-italienische-4-paar\/","og_site_name":"Markt-XXL","article_modified_time":"2023-04-08T00:49:38+00:00","og_image":[{"width":444,"height":500,"url":"https:\/\/m.media-amazon.com\/images\/I\/51APWmjl5yL._SL500_.jpg","type":"image\/jpeg"}],"twitter_card":"summary_large_image","twitter_misc":{"Gesch\u00e4tzte Lesezeit":"2\u00a0Minuten"},"schema":{"@context":"https:\/\/schema.org","@graph":[{"@type":"WebPage","@id":"https:\/\/marktxxl.de\/markt\/produkt\/rainbow-socks-damen-herren-pizza-socken-box-meeresfruechte-pepperoni-italienische-4-paar\/","url":"https:\/\/marktxxl.de\/markt\/produkt\/rainbow-socks-damen-herren-pizza-socken-box-meeresfruechte-pepperoni-italienische-4-paar\/","name":"Rainbow Socks - Damen Herren - Pizza Socken Box Meeresfr\u00fcchte Pepperoni Italienische - 4 Paar - Markt-XXL","isPartOf":{"@id":"https:\/\/marktxxl.de\/markt\/#website"},"primaryImageOfPage":{"@id":"https:\/\/marktxxl.de\/markt\/produkt\/rainbow-socks-damen-herren-pizza-socken-box-meeresfruechte-pepperoni-italienische-4-paar\/#primaryimage"},"image":{"@id":"https:\/\/marktxxl.de\/markt\/produkt\/rainbow-socks-damen-herren-pizza-socken-box-meeresfruechte-pepperoni-italienische-4-paar\/#primaryimage"},"thumbnailUrl":"https:\/\/m.media-amazon.com\/images\/I\/51APWmjl5yL._SL500_.jpg","datePublished":"2022-01-27T13:21:58+00:00","dateModified":"2023-04-08T00:49:38+00:00","description":"Markt-XXL Rainbow Socks - Damen Herren - Pizza Socken Box Meeresfr\u00fcchte Pepperoni Italienische - 4 Paar","breadcrumb":{"@id":"https:\/\/marktxxl.de\/markt\/produkt\/rainbow-socks-damen-herren-pizza-socken-box-meeresfruechte-pepperoni-italienische-4-paar\/#breadcrumb"},"inLanguage":"de","potentialAction":[{"@type":"ReadAction","target":["https:\/\/marktxxl.de\/markt\/produkt\/rainbow-socks-damen-herren-pizza-socken-box-meeresfruechte-pepperoni-italienische-4-paar\/"]}]},{"@type":"ImageObject","inLanguage":"de","@id":"https:\/\/marktxxl.de\/markt\/produkt\/rainbow-socks-damen-herren-pizza-socken-box-meeresfruechte-pepperoni-italienische-4-paar\/#primaryimage","url":"https:\/\/m.media-amazon.com\/images\/I\/51APWmjl5yL._SL500_.jpg","contentUrl":"https:\/\/m.media-amazon.com\/images\/I\/51APWmjl5yL._SL500_.jpg","width":444,"height":500},{"@type":"BreadcrumbList","@id":"https:\/\/marktxxl.de\/markt\/produkt\/rainbow-socks-damen-herren-pizza-socken-box-meeresfruechte-pepperoni-italienische-4-paar\/#breadcrumb","itemListElement":[{"@type":"ListItem","position":1,"name":"Startseite","item":"https:\/\/marktxxl.de\/markt\/"},{"@type":"ListItem","position":2,"name":"Markt","item":"https:\/\/marktxxl.de\/markt\/"},{"@type":"ListItem","position":3,"name":"Rainbow Socks &#8211; Damen Herren &#8211; Pizza Socken Box Meeresfr\u00fcchte Pepperoni Italienische &#8211; 4 Paar"}]},{"@type":"WebSite","@id":"https:\/\/marktxxl.de\/markt\/#website","url":"https:\/\/marktxxl.de\/markt\/","name":"Markt-XXL","description":"Ihr Markt Online","publisher":{"@id":"https:\/\/marktxxl.de\/markt\/#organization"},"potentialAction":[{"@type":"SearchAction","target":{"@type":"EntryPoint","urlTemplate":"https:\/\/marktxxl.de\/markt\/?s={search_term_string}"},"query-input":{"@type":"PropertyValueSpecification","valueRequired":true,"valueName":"search_term_string"}}],"inLanguage":"de"},{"@type":"Organization","@id":"https:\/\/marktxxl.de\/markt\/#organization","name":"Markt-XXL","url":"https:\/\/marktxxl.de\/markt\/","logo":{"@type":"ImageObject","inLanguage":"de","@id":"https:\/\/marktxxl.de\/markt\/#\/schema\/logo\/image\/","url":"https:\/\/marktxxl.de\/markt\/wp-content\/uploads\/sites\/3\/2020\/12\/logo.png","contentUrl":"https:\/\/marktxxl.de\/markt\/wp-content\/uploads\/sites\/3\/2020\/12\/logo.png","width":200,"height":70,"caption":"Markt-XXL"},"image":{"@id":"https:\/\/marktxxl.de\/markt\/#\/schema\/logo\/image\/"}}]}},"_links":{"self":[{"href":"https:\/\/marktxxl.de\/markt\/wp-json\/wp\/v2\/product\/97678","targetHints":{"allow":["GET"]}}],"collection":[{"href":"https:\/\/marktxxl.de\/markt\/wp-json\/wp\/v2\/product"}],"about":[{"href":"https:\/\/marktxxl.de\/markt\/wp-json\/wp\/v2\/types\/product"}],"replies":[{"embeddable":true,"href":"https:\/\/marktxxl.de\/markt\/wp-json\/wp\/v2\/comments?post=97678"}],"wp:featuredmedia":[{"embeddable":true,"href":"https:\/\/marktxxl.de\/markt\/wp-json\/wp\/v2\/media\/97679"}],"wp:attachment":[{"href":"https:\/\/marktxxl.de\/markt\/wp-json\/wp\/v2\/media?parent=97678"}],"wp:term":[{"taxonomy":"product_brand","embeddable":true,"href":"https:\/\/marktxxl.de\/markt\/wp-json\/wp\/v2\/product_brand?post=97678"},{"taxonomy":"product_cat","embeddable":true,"href":"https:\/\/marktxxl.de\/markt\/wp-json\/wp\/v2\/product_cat?post=97678"},{"taxonomy":"product_tag","embeddable":true,"href":"https:\/\/marktxxl.de\/markt\/wp-json\/wp\/v2\/product_tag?post=97678"}],"curies":[{"name":"wp","href":"https:\/\/api.w.org\/{rel}","templated":true}]}}