{"id":97669,"date":"2022-01-27T14:21:45","date_gmt":"2022-01-27T13:21:45","guid":{"rendered":"https:\/\/marktxxl.de\/markt\/produkt\/venustas-tragbarer-kuscheldecken-kapuzenpullover-uebergrosse-sherpa-decke-kapuzenpullover-sweatshirt-are-unisexgemuetlich-komfortable-eine-groesse-passt-allen\/"},"modified":"2023-04-08T02:49:38","modified_gmt":"2023-04-08T00:49:38","slug":"venustas-tragbarer-kuscheldecken-kapuzenpullover-uebergrosse-sherpa-decke-kapuzenpullover-sweatshirt-are-unisexgemuetlich-komfortable-eine-groesse-passt-allen","status":"publish","type":"product","link":"https:\/\/marktxxl.de\/markt\/produkt\/venustas-tragbarer-kuscheldecken-kapuzenpullover-uebergrosse-sherpa-decke-kapuzenpullover-sweatshirt-are-unisexgemuetlich-komfortable-eine-groesse-passt-allen\/","title":{"rendered":"Venustas Tragbarer Kuscheldecken Kapuzenpullover, \u00dcbergro\u00dfe Sherpa Decke Kapuzenpullover Sweatshirt Are Unisex,Gem\u00fctlich\u2026"},"content":{"rendered":"<p>FLAUSCHIGE TRAGBAR Kuscheldecke &#8211; Diese \u00fcbergro\u00dfe Decke h\u00e4lt Sie warm und gem\u00fctlich, w\u00e4hrend Sie im Haus faulenzen, fernsehen, lesen, Videospiele spielen, an Ihrem Computer arbeiten, campen und Sportveranstaltungen genie\u00dfen. Perfekt f\u00fcr Lagerfeuer im Herbst, kalte Morgen auf dem Campingplatz oder einfach nur zum Kuscheln<br \/>\nSUPER WEICH UND EXTREM KOMFORTABEL &#8211; Sie k\u00f6nnen Ihre Beine leicht in den weichen, flauschigen Sherpa-Hoodie stecken, ohne dass er fest sitzt. Die Decken-Hoodie-\u00c4rmel k\u00f6nnen \u00fcber die H\u00e4nde geschoben werden, um sie warm zu halten. Ihre Beine, Ihr Bauch, Ihr Nacken, Ihr R\u00fccken, Ihre Arme und Ihr Kopf sind alle gleichzeitig umwickelt, die gleiche Weichheit, W\u00e4rme und der gleiche Komfort auf einmal<br \/>\nLUXUSMATERIAL UND ELABORATE DESIGN &#8211; Es ist ein kuscheliges und warmes Oversize-Sweatshirt. Es gibt eine riesige Fronttasche, in der Sie das Fernbedienungstelefon, Snacks, den Gamecontroller verstecken k\u00f6nnen, und Ihre Arme werden nie kalt. Ihre H\u00e4nde erhalten die G\u00fcte des weichen, seidigen Au\u00dfenmaterials<br \/>\nGROSSES GESCHENK &#8211; Diese kuschelige Hoodie-Decke ist perfekt f\u00fcr gem\u00fctliche Ferien, kleine Kinder, die Decken lieben, Sportfans, die viele Spiele besuchen, Eltern, die ihre Kinder sehr fr\u00fch morgens zur Schule fahren m\u00fcssen, Sch\u00fcler, die jetzt von zu Hause aus arbeiten , Menschen, die gerne im Freien leben, Menschen, denen es leicht kalt wird, und der Liebhaber des Filmabends<br \/>\nEINE GR\u00d6SSE PASST F\u00dcR ALLE UND EINFACHE PFLEGE &#8211; Der riesige, \u00fcbergro\u00dfe, bequeme Design-Hoodie hat die perfekte Gr\u00f6\u00dfe f\u00fcr alle Erwachsenen, Jungen und M\u00e4dchen im Teenageralter und ist sehr dick, um Sie warm zu halten. Maschinenwaschbar, geben Sie Ihre Hand frei<br \/>\n<div class=\"main-cross-sell\" data-asin=\"B08JJCLYQ9\">\n\n\t<div class=\"WooZone-cross-sell-loader\">\n\t\t<div>\n\t\t\t<div id=\"floatingBarsG\">\n\t\t\t\t<div class=\"blockG\" id=\"rotateG_01\"><\/div>\n\t\t\t\t<div class=\"blockG\" id=\"rotateG_02\"><\/div>\n\t\t\t\t<div class=\"blockG\" id=\"rotateG_03\"><\/div>\n\t\t\t\t<div class=\"blockG\" id=\"rotateG_04\"><\/div>\n\t\t\t\t<div class=\"blockG\" id=\"rotateG_05\"><\/div>\n\t\t\t\t<div class=\"blockG\" id=\"rotateG_06\"><\/div>\n\t\t\t\t<div class=\"blockG\" id=\"rotateG_07\"><\/div>\n\t\t\t\t<div class=\"blockG\" id=\"rotateG_08\"><\/div>\n\t\t\t<\/div>\n\t\t\t<div class=\"WooZone-cross-sell-loader-text\"><\/div>\n\t\t<\/div>\n\t<\/div>\n\n\t\t\n<\/div>\n<div style=\"clear:both;\"><\/div><\/p>\n","protected":false},"excerpt":{"rendered":"<p>FLAUSCHIGE TRAGBAR Kuscheldecke &#8211; Diese \u00fcbergro\u00dfe Decke h\u00e4lt Sie warm und gem\u00fctlich, w\u00e4hrend Sie im Haus faulenzen, fernsehen, lesen, Videospiele spielen, an Ihrem Computer arbeiten, campen und Sportveranstaltungen genie\u00dfen. Perfekt f\u00fcr Lagerfeuer im Herbst, kalte Morgen auf dem Campingplatz oder einfach nur zum Kuscheln<br \/>\nSUPER WEICH UND EXTREM KOMFORTABEL &#8211; Sie k\u00f6nnen Ihre Beine leicht in den weichen, flauschigen Sherpa-Hoodie stecken, ohne dass er fest sitzt. Die Decken-Hoodie-\u00c4rmel k\u00f6nnen \u00fcber die H\u00e4nde geschoben werden, um sie warm zu halten. Ihre Beine, Ihr Bauch, Ihr Nacken, Ihr R\u00fccken, Ihre Arme und Ihr Kopf sind alle gleichzeitig umwickelt, die gleiche Weichheit, W\u00e4rme und der gleiche Komfort auf einmal<br \/>\nLUXUSMATERIAL UND ELABORATE DESIGN &#8211; Es ist ein kuscheliges und warmes Oversize-Sweatshirt. Es gibt eine riesige Fronttasche, in der Sie das Fernbedienungstelefon, Snacks, den Gamecontroller verstecken k\u00f6nnen, und Ihre Arme werden nie kalt. Ihre H\u00e4nde erhalten die G\u00fcte des weichen, seidigen Au\u00dfenmaterials<\/p>\n","protected":false},"featured_media":97670,"comment_status":"open","ping_status":"closed","template":"","meta":[],"product_brand":[],"product_cat":[1186,4069],"product_tag":[],"class_list":{"0":"post-97669","1":"product","2":"type-product","3":"status-publish","4":"has-post-thumbnail","6":"product_cat-bekleidung","7":"product_cat-spezielle-anlaesse","8":"pa_brand-venustas","9":"pa_manufacturer-shenzhenshixinhongjingyouxiangongsi","11":"first","12":"instock","13":"shipping-taxable","14":"purchasable","15":"product-type-simple","16":"customify-col","17":"product-has-gallery"},"yoast_head":"<!-- This site is optimized with the Yoast SEO plugin v27.3 - https:\/\/yoast.com\/product\/yoast-seo-wordpress\/ -->\n<title>Venustas Tragbarer Kuscheldecken Kapuzenpullover, \u00dcbergro\u00dfe Sherpa Decke Kapuzenpullover Sweatshirt Are Unisex,Gem\u00fctlich\u2026 - Markt-XXL<\/title>\n<meta name=\"description\" content=\"Markt-XXL Venustas Tragbarer Kuscheldecken Kapuzenpullover, \u00dcbergro\u00dfe Sherpa Decke Kapuzenpullover Sweatshirt Are Unisex,Gem\u00fctlich\u2026\" \/>\n<meta name=\"robots\" content=\"index, follow, max-snippet:-1, max-image-preview:large, max-video-preview:-1\" \/>\n<link rel=\"canonical\" href=\"https:\/\/marktxxl.de\/markt\/produkt\/venustas-tragbarer-kuscheldecken-kapuzenpullover-uebergrosse-sherpa-decke-kapuzenpullover-sweatshirt-are-unisexgemuetlich-komfortable-eine-groesse-passt-allen\/\" \/>\n<meta property=\"og:locale\" content=\"de_DE\" \/>\n<meta property=\"og:type\" content=\"article\" \/>\n<meta property=\"og:title\" content=\"Venustas Tragbarer Kuscheldecken Kapuzenpullover, \u00dcbergro\u00dfe Sherpa Decke Kapuzenpullover Sweatshirt Are Unisex,Gem\u00fctlich\u2026 - Markt-XXL\" \/>\n<meta property=\"og:description\" content=\"Markt-XXL Venustas Tragbarer Kuscheldecken Kapuzenpullover, \u00dcbergro\u00dfe Sherpa Decke Kapuzenpullover Sweatshirt Are Unisex,Gem\u00fctlich\u2026\" \/>\n<meta property=\"og:url\" content=\"https:\/\/marktxxl.de\/markt\/produkt\/venustas-tragbarer-kuscheldecken-kapuzenpullover-uebergrosse-sherpa-decke-kapuzenpullover-sweatshirt-are-unisexgemuetlich-komfortable-eine-groesse-passt-allen\/\" \/>\n<meta property=\"og:site_name\" content=\"Markt-XXL\" \/>\n<meta property=\"article:modified_time\" content=\"2023-04-08T00:49:38+00:00\" \/>\n<meta property=\"og:image\" content=\"https:\/\/m.media-amazon.com\/images\/I\/41t0Svoe2HL._SL500_.jpg\" \/>\n\t<meta property=\"og:image:width\" content=\"500\" \/>\n\t<meta property=\"og:image:height\" content=\"500\" \/>\n\t<meta property=\"og:image:type\" content=\"image\/jpeg\" \/>\n<meta name=\"twitter:card\" content=\"summary_large_image\" \/>\n<meta name=\"twitter:label1\" content=\"Gesch\u00e4tzte Lesezeit\" \/>\n\t<meta name=\"twitter:data1\" content=\"1\u00a0Minute\" \/>\n<script type=\"application\/ld+json\" class=\"yoast-schema-graph\">{\"@context\":\"https:\\\/\\\/schema.org\",\"@graph\":[{\"@type\":\"WebPage\",\"@id\":\"https:\\\/\\\/marktxxl.de\\\/markt\\\/produkt\\\/venustas-tragbarer-kuscheldecken-kapuzenpullover-uebergrosse-sherpa-decke-kapuzenpullover-sweatshirt-are-unisexgemuetlich-komfortable-eine-groesse-passt-allen\\\/\",\"url\":\"https:\\\/\\\/marktxxl.de\\\/markt\\\/produkt\\\/venustas-tragbarer-kuscheldecken-kapuzenpullover-uebergrosse-sherpa-decke-kapuzenpullover-sweatshirt-are-unisexgemuetlich-komfortable-eine-groesse-passt-allen\\\/\",\"name\":\"Venustas Tragbarer Kuscheldecken Kapuzenpullover, \u00dcbergro\u00dfe Sherpa Decke Kapuzenpullover Sweatshirt Are Unisex,Gem\u00fctlich\u2026 - Markt-XXL\",\"isPartOf\":{\"@id\":\"https:\\\/\\\/marktxxl.de\\\/markt\\\/#website\"},\"primaryImageOfPage\":{\"@id\":\"https:\\\/\\\/marktxxl.de\\\/markt\\\/produkt\\\/venustas-tragbarer-kuscheldecken-kapuzenpullover-uebergrosse-sherpa-decke-kapuzenpullover-sweatshirt-are-unisexgemuetlich-komfortable-eine-groesse-passt-allen\\\/#primaryimage\"},\"image\":{\"@id\":\"https:\\\/\\\/marktxxl.de\\\/markt\\\/produkt\\\/venustas-tragbarer-kuscheldecken-kapuzenpullover-uebergrosse-sherpa-decke-kapuzenpullover-sweatshirt-are-unisexgemuetlich-komfortable-eine-groesse-passt-allen\\\/#primaryimage\"},\"thumbnailUrl\":\"https:\\\/\\\/m.media-amazon.com\\\/images\\\/I\\\/41t0Svoe2HL._SL500_.jpg\",\"datePublished\":\"2022-01-27T13:21:45+00:00\",\"dateModified\":\"2023-04-08T00:49:38+00:00\",\"description\":\"Markt-XXL Venustas Tragbarer Kuscheldecken Kapuzenpullover, \u00dcbergro\u00dfe Sherpa Decke Kapuzenpullover Sweatshirt Are Unisex,Gem\u00fctlich\u2026\",\"breadcrumb\":{\"@id\":\"https:\\\/\\\/marktxxl.de\\\/markt\\\/produkt\\\/venustas-tragbarer-kuscheldecken-kapuzenpullover-uebergrosse-sherpa-decke-kapuzenpullover-sweatshirt-are-unisexgemuetlich-komfortable-eine-groesse-passt-allen\\\/#breadcrumb\"},\"inLanguage\":\"de\",\"potentialAction\":[{\"@type\":\"ReadAction\",\"target\":[\"https:\\\/\\\/marktxxl.de\\\/markt\\\/produkt\\\/venustas-tragbarer-kuscheldecken-kapuzenpullover-uebergrosse-sherpa-decke-kapuzenpullover-sweatshirt-are-unisexgemuetlich-komfortable-eine-groesse-passt-allen\\\/\"]}]},{\"@type\":\"ImageObject\",\"inLanguage\":\"de\",\"@id\":\"https:\\\/\\\/marktxxl.de\\\/markt\\\/produkt\\\/venustas-tragbarer-kuscheldecken-kapuzenpullover-uebergrosse-sherpa-decke-kapuzenpullover-sweatshirt-are-unisexgemuetlich-komfortable-eine-groesse-passt-allen\\\/#primaryimage\",\"url\":\"https:\\\/\\\/m.media-amazon.com\\\/images\\\/I\\\/41t0Svoe2HL._SL500_.jpg\",\"contentUrl\":\"https:\\\/\\\/m.media-amazon.com\\\/images\\\/I\\\/41t0Svoe2HL._SL500_.jpg\",\"width\":500,\"height\":500},{\"@type\":\"BreadcrumbList\",\"@id\":\"https:\\\/\\\/marktxxl.de\\\/markt\\\/produkt\\\/venustas-tragbarer-kuscheldecken-kapuzenpullover-uebergrosse-sherpa-decke-kapuzenpullover-sweatshirt-are-unisexgemuetlich-komfortable-eine-groesse-passt-allen\\\/#breadcrumb\",\"itemListElement\":[{\"@type\":\"ListItem\",\"position\":1,\"name\":\"Startseite\",\"item\":\"https:\\\/\\\/marktxxl.de\\\/markt\\\/\"},{\"@type\":\"ListItem\",\"position\":2,\"name\":\"Markt\",\"item\":\"https:\\\/\\\/marktxxl.de\\\/markt\\\/\"},{\"@type\":\"ListItem\",\"position\":3,\"name\":\"Venustas Tragbarer Kuscheldecken Kapuzenpullover, \u00dcbergro\u00dfe Sherpa Decke Kapuzenpullover Sweatshirt Are Unisex,Gem\u00fctlich\u2026\"}]},{\"@type\":\"WebSite\",\"@id\":\"https:\\\/\\\/marktxxl.de\\\/markt\\\/#website\",\"url\":\"https:\\\/\\\/marktxxl.de\\\/markt\\\/\",\"name\":\"Markt-XXL\",\"description\":\"Ihr Markt Online\",\"publisher\":{\"@id\":\"https:\\\/\\\/marktxxl.de\\\/markt\\\/#organization\"},\"potentialAction\":[{\"@type\":\"SearchAction\",\"target\":{\"@type\":\"EntryPoint\",\"urlTemplate\":\"https:\\\/\\\/marktxxl.de\\\/markt\\\/?s={search_term_string}\"},\"query-input\":{\"@type\":\"PropertyValueSpecification\",\"valueRequired\":true,\"valueName\":\"search_term_string\"}}],\"inLanguage\":\"de\"},{\"@type\":\"Organization\",\"@id\":\"https:\\\/\\\/marktxxl.de\\\/markt\\\/#organization\",\"name\":\"Markt-XXL\",\"url\":\"https:\\\/\\\/marktxxl.de\\\/markt\\\/\",\"logo\":{\"@type\":\"ImageObject\",\"inLanguage\":\"de\",\"@id\":\"https:\\\/\\\/marktxxl.de\\\/markt\\\/#\\\/schema\\\/logo\\\/image\\\/\",\"url\":\"https:\\\/\\\/marktxxl.de\\\/markt\\\/wp-content\\\/uploads\\\/sites\\\/3\\\/2020\\\/12\\\/logo.png\",\"contentUrl\":\"https:\\\/\\\/marktxxl.de\\\/markt\\\/wp-content\\\/uploads\\\/sites\\\/3\\\/2020\\\/12\\\/logo.png\",\"width\":200,\"height\":70,\"caption\":\"Markt-XXL\"},\"image\":{\"@id\":\"https:\\\/\\\/marktxxl.de\\\/markt\\\/#\\\/schema\\\/logo\\\/image\\\/\"}}]}<\/script>\n<!-- \/ Yoast SEO plugin. -->","yoast_head_json":{"title":"Venustas Tragbarer Kuscheldecken Kapuzenpullover, \u00dcbergro\u00dfe Sherpa Decke Kapuzenpullover Sweatshirt Are Unisex,Gem\u00fctlich\u2026 - Markt-XXL","description":"Markt-XXL Venustas Tragbarer Kuscheldecken Kapuzenpullover, \u00dcbergro\u00dfe Sherpa Decke Kapuzenpullover Sweatshirt Are Unisex,Gem\u00fctlich\u2026","robots":{"index":"index","follow":"follow","max-snippet":"max-snippet:-1","max-image-preview":"max-image-preview:large","max-video-preview":"max-video-preview:-1"},"canonical":"https:\/\/marktxxl.de\/markt\/produkt\/venustas-tragbarer-kuscheldecken-kapuzenpullover-uebergrosse-sherpa-decke-kapuzenpullover-sweatshirt-are-unisexgemuetlich-komfortable-eine-groesse-passt-allen\/","og_locale":"de_DE","og_type":"article","og_title":"Venustas Tragbarer Kuscheldecken Kapuzenpullover, \u00dcbergro\u00dfe Sherpa Decke Kapuzenpullover Sweatshirt Are Unisex,Gem\u00fctlich\u2026 - Markt-XXL","og_description":"Markt-XXL Venustas Tragbarer Kuscheldecken Kapuzenpullover, \u00dcbergro\u00dfe Sherpa Decke Kapuzenpullover Sweatshirt Are Unisex,Gem\u00fctlich\u2026","og_url":"https:\/\/marktxxl.de\/markt\/produkt\/venustas-tragbarer-kuscheldecken-kapuzenpullover-uebergrosse-sherpa-decke-kapuzenpullover-sweatshirt-are-unisexgemuetlich-komfortable-eine-groesse-passt-allen\/","og_site_name":"Markt-XXL","article_modified_time":"2023-04-08T00:49:38+00:00","og_image":[{"width":500,"height":500,"url":"https:\/\/m.media-amazon.com\/images\/I\/41t0Svoe2HL._SL500_.jpg","type":"image\/jpeg"}],"twitter_card":"summary_large_image","twitter_misc":{"Gesch\u00e4tzte Lesezeit":"1\u00a0Minute"},"schema":{"@context":"https:\/\/schema.org","@graph":[{"@type":"WebPage","@id":"https:\/\/marktxxl.de\/markt\/produkt\/venustas-tragbarer-kuscheldecken-kapuzenpullover-uebergrosse-sherpa-decke-kapuzenpullover-sweatshirt-are-unisexgemuetlich-komfortable-eine-groesse-passt-allen\/","url":"https:\/\/marktxxl.de\/markt\/produkt\/venustas-tragbarer-kuscheldecken-kapuzenpullover-uebergrosse-sherpa-decke-kapuzenpullover-sweatshirt-are-unisexgemuetlich-komfortable-eine-groesse-passt-allen\/","name":"Venustas Tragbarer Kuscheldecken Kapuzenpullover, \u00dcbergro\u00dfe Sherpa Decke Kapuzenpullover Sweatshirt Are Unisex,Gem\u00fctlich\u2026 - Markt-XXL","isPartOf":{"@id":"https:\/\/marktxxl.de\/markt\/#website"},"primaryImageOfPage":{"@id":"https:\/\/marktxxl.de\/markt\/produkt\/venustas-tragbarer-kuscheldecken-kapuzenpullover-uebergrosse-sherpa-decke-kapuzenpullover-sweatshirt-are-unisexgemuetlich-komfortable-eine-groesse-passt-allen\/#primaryimage"},"image":{"@id":"https:\/\/marktxxl.de\/markt\/produkt\/venustas-tragbarer-kuscheldecken-kapuzenpullover-uebergrosse-sherpa-decke-kapuzenpullover-sweatshirt-are-unisexgemuetlich-komfortable-eine-groesse-passt-allen\/#primaryimage"},"thumbnailUrl":"https:\/\/m.media-amazon.com\/images\/I\/41t0Svoe2HL._SL500_.jpg","datePublished":"2022-01-27T13:21:45+00:00","dateModified":"2023-04-08T00:49:38+00:00","description":"Markt-XXL Venustas Tragbarer Kuscheldecken Kapuzenpullover, \u00dcbergro\u00dfe Sherpa Decke Kapuzenpullover Sweatshirt Are Unisex,Gem\u00fctlich\u2026","breadcrumb":{"@id":"https:\/\/marktxxl.de\/markt\/produkt\/venustas-tragbarer-kuscheldecken-kapuzenpullover-uebergrosse-sherpa-decke-kapuzenpullover-sweatshirt-are-unisexgemuetlich-komfortable-eine-groesse-passt-allen\/#breadcrumb"},"inLanguage":"de","potentialAction":[{"@type":"ReadAction","target":["https:\/\/marktxxl.de\/markt\/produkt\/venustas-tragbarer-kuscheldecken-kapuzenpullover-uebergrosse-sherpa-decke-kapuzenpullover-sweatshirt-are-unisexgemuetlich-komfortable-eine-groesse-passt-allen\/"]}]},{"@type":"ImageObject","inLanguage":"de","@id":"https:\/\/marktxxl.de\/markt\/produkt\/venustas-tragbarer-kuscheldecken-kapuzenpullover-uebergrosse-sherpa-decke-kapuzenpullover-sweatshirt-are-unisexgemuetlich-komfortable-eine-groesse-passt-allen\/#primaryimage","url":"https:\/\/m.media-amazon.com\/images\/I\/41t0Svoe2HL._SL500_.jpg","contentUrl":"https:\/\/m.media-amazon.com\/images\/I\/41t0Svoe2HL._SL500_.jpg","width":500,"height":500},{"@type":"BreadcrumbList","@id":"https:\/\/marktxxl.de\/markt\/produkt\/venustas-tragbarer-kuscheldecken-kapuzenpullover-uebergrosse-sherpa-decke-kapuzenpullover-sweatshirt-are-unisexgemuetlich-komfortable-eine-groesse-passt-allen\/#breadcrumb","itemListElement":[{"@type":"ListItem","position":1,"name":"Startseite","item":"https:\/\/marktxxl.de\/markt\/"},{"@type":"ListItem","position":2,"name":"Markt","item":"https:\/\/marktxxl.de\/markt\/"},{"@type":"ListItem","position":3,"name":"Venustas Tragbarer Kuscheldecken Kapuzenpullover, \u00dcbergro\u00dfe Sherpa Decke Kapuzenpullover Sweatshirt Are Unisex,Gem\u00fctlich\u2026"}]},{"@type":"WebSite","@id":"https:\/\/marktxxl.de\/markt\/#website","url":"https:\/\/marktxxl.de\/markt\/","name":"Markt-XXL","description":"Ihr Markt Online","publisher":{"@id":"https:\/\/marktxxl.de\/markt\/#organization"},"potentialAction":[{"@type":"SearchAction","target":{"@type":"EntryPoint","urlTemplate":"https:\/\/marktxxl.de\/markt\/?s={search_term_string}"},"query-input":{"@type":"PropertyValueSpecification","valueRequired":true,"valueName":"search_term_string"}}],"inLanguage":"de"},{"@type":"Organization","@id":"https:\/\/marktxxl.de\/markt\/#organization","name":"Markt-XXL","url":"https:\/\/marktxxl.de\/markt\/","logo":{"@type":"ImageObject","inLanguage":"de","@id":"https:\/\/marktxxl.de\/markt\/#\/schema\/logo\/image\/","url":"https:\/\/marktxxl.de\/markt\/wp-content\/uploads\/sites\/3\/2020\/12\/logo.png","contentUrl":"https:\/\/marktxxl.de\/markt\/wp-content\/uploads\/sites\/3\/2020\/12\/logo.png","width":200,"height":70,"caption":"Markt-XXL"},"image":{"@id":"https:\/\/marktxxl.de\/markt\/#\/schema\/logo\/image\/"}}]}},"_links":{"self":[{"href":"https:\/\/marktxxl.de\/markt\/wp-json\/wp\/v2\/product\/97669","targetHints":{"allow":["GET"]}}],"collection":[{"href":"https:\/\/marktxxl.de\/markt\/wp-json\/wp\/v2\/product"}],"about":[{"href":"https:\/\/marktxxl.de\/markt\/wp-json\/wp\/v2\/types\/product"}],"replies":[{"embeddable":true,"href":"https:\/\/marktxxl.de\/markt\/wp-json\/wp\/v2\/comments?post=97669"}],"wp:featuredmedia":[{"embeddable":true,"href":"https:\/\/marktxxl.de\/markt\/wp-json\/wp\/v2\/media\/97670"}],"wp:attachment":[{"href":"https:\/\/marktxxl.de\/markt\/wp-json\/wp\/v2\/media?parent=97669"}],"wp:term":[{"taxonomy":"product_brand","embeddable":true,"href":"https:\/\/marktxxl.de\/markt\/wp-json\/wp\/v2\/product_brand?post=97669"},{"taxonomy":"product_cat","embeddable":true,"href":"https:\/\/marktxxl.de\/markt\/wp-json\/wp\/v2\/product_cat?post=97669"},{"taxonomy":"product_tag","embeddable":true,"href":"https:\/\/marktxxl.de\/markt\/wp-json\/wp\/v2\/product_tag?post=97669"}],"curies":[{"name":"wp","href":"https:\/\/api.w.org\/{rel}","templated":true}]}}