{"id":97629,"date":"2022-01-27T14:19:39","date_gmt":"2022-01-27T13:19:39","guid":{"rendered":"https:\/\/marktxxl.de\/markt\/produkt\/dicry-baby-jungen-maedchen-antirutsch-knoechelsocken-fuer-saeugling-kleinkind-kind\/"},"modified":"2023-04-08T02:49:37","modified_gmt":"2023-04-08T00:49:37","slug":"dicry-baby-jungen-maedchen-antirutsch-knoechelsocken-fuer-saeugling-kleinkind-kind","status":"publish","type":"product","link":"https:\/\/marktxxl.de\/markt\/produkt\/dicry-baby-jungen-maedchen-antirutsch-knoechelsocken-fuer-saeugling-kleinkind-kind\/","title":{"rendered":"Dicry Baby Jungen M\u00e4dchen Antirutsch Kn\u00f6chelsocken f\u00fcr S\u00e4ugling Kleinkind Kind"},"content":{"rendered":"<p>Geeignet f\u00fcr Holzb\u00f6den und Fliesen: Rutschfeste Socken f\u00fcr Kleinkinder mit rutschfestem Gummi an der Unterseite, bedeckt die Zehen bis zur Ferse und das rutschfeste Gummi der Kleinkind-Gripsocken hat breiten Bodenkontakt. Wenn Ihr Kind drinnen und drau\u00dfen rennt und spielt, Es kann Ihr Kind im Gleichgewicht halten und St\u00fcrze reduzieren<br \/>\nHautfreundlicher Baumwollstoff: maschinenwaschbar, diese weichen mitteldicken Socken sind aus hochwertiger Baumwolle, f\u00fcr alle Jahreszeiten geeignet, 6&amp;12 Paar Wertverpackungen<br \/>\nLeicht zu tragen, ohne Spuren zu hinterlassen: Die B\u00fcndchen der Kn\u00f6chelsocken befinden sich direkt \u00fcber den Kn\u00f6cheln,k\u00f6nnen die Kn\u00f6chel sch\u00fctzen, um Reibung und Blasen zu vermeiden. Das einzigartige Design und die kleinen Lippen auf der R\u00fcckseite der elastischen B\u00fcndchen, erleichtern das Tragen, sie hinterlassen keine Spuren an den Kn\u00f6cheln von Kindern<br \/>\nBleiben Sie in der besten Position: 360 \u00b0 elastische Fu\u00dfgew\u00f6lbeunterst\u00fctzung, kann den Spann entlasten und die Erm\u00fcdung des Fu\u00dfes reduzieren. Die Y-f\u00f6rmige Ferse wird mit dem St\u00fctzsystem kombiniert, um sicherzustellen, dass die Socken w\u00e4hrend des Trainings und beim Gehen in der am besten geeigneten Position sind<br \/>\nF\u00fcr jeden Tag geeignet: Kleinkinder S\u00f6ckchen gibt es in verschiedenen Farben und Gr\u00f6\u00dfen f\u00fcr Jungen und M\u00e4dchen, wei\u00df, schwarz, grau, gelb, pink, blau, rot, lila, gestreift, bunt gemischt, Regenbogen&#8230; 6-12 Monate , 1-3 Jahre alt, 3-5 Jahre alt, 5-7 Jahre alt. Auf Partys, beim Sport und in der Freizeit k\u00f6nnen Sie Kleidung und Schuhe leichter ausw\u00e4hlen&#8230;<br \/>\n<div class=\"main-cross-sell\" data-asin=\"B07WC7314S\">\n\n\t<div class=\"WooZone-cross-sell-loader\">\n\t\t<div>\n\t\t\t<div id=\"floatingBarsG\">\n\t\t\t\t<div class=\"blockG\" id=\"rotateG_01\"><\/div>\n\t\t\t\t<div class=\"blockG\" id=\"rotateG_02\"><\/div>\n\t\t\t\t<div class=\"blockG\" id=\"rotateG_03\"><\/div>\n\t\t\t\t<div class=\"blockG\" id=\"rotateG_04\"><\/div>\n\t\t\t\t<div class=\"blockG\" id=\"rotateG_05\"><\/div>\n\t\t\t\t<div class=\"blockG\" id=\"rotateG_06\"><\/div>\n\t\t\t\t<div class=\"blockG\" id=\"rotateG_07\"><\/div>\n\t\t\t\t<div class=\"blockG\" id=\"rotateG_08\"><\/div>\n\t\t\t<\/div>\n\t\t\t<div class=\"WooZone-cross-sell-loader-text\"><\/div>\n\t\t<\/div>\n\t<\/div>\n\n\t\t\n<\/div>\n<div style=\"clear:both;\"><\/div><\/p>\n","protected":false},"excerpt":{"rendered":"<p>Geeignet f\u00fcr Holzb\u00f6den und Fliesen: Rutschfeste Socken f\u00fcr Kleinkinder mit rutschfestem Gummi an der Unterseite, bedeckt die Zehen bis zur Ferse und das rutschfeste Gummi der Kleinkind-Gripsocken hat breiten Bodenkontakt. Wenn Ihr Kind drinnen und drau\u00dfen rennt und spielt, Es kann Ihr Kind im Gleichgewicht halten und St\u00fcrze reduzieren<br \/>\nHautfreundlicher Baumwollstoff: maschinenwaschbar, diese weichen mitteldicken Socken sind aus hochwertiger Baumwolle, f\u00fcr alle Jahreszeiten geeignet, 6&amp;12 Paar Wertverpackungen<br \/>\nLeicht zu tragen, ohne Spuren zu hinterlassen: Die B\u00fcndchen der Kn\u00f6chelsocken befinden sich direkt \u00fcber den Kn\u00f6cheln,k\u00f6nnen die Kn\u00f6chel sch\u00fctzen, um Reibung und Blasen zu vermeiden. Das einzigartige Design und die kleinen Lippen auf der R\u00fcckseite der elastischen B\u00fcndchen, erleichtern das Tragen, sie hinterlassen keine Spuren an den Kn\u00f6cheln von Kindern<\/p>\n","protected":false},"featured_media":97630,"comment_status":"open","ping_status":"closed","template":"","meta":[],"product_brand":[],"product_cat":[4054,1186],"product_tag":[],"class_list":{"0":"post-97629","1":"product","2":"type-product","3":"status-publish","4":"has-post-thumbnail","6":"product_cat-baby-bekleidung","7":"product_cat-bekleidung","8":"pa_binding-textilien","9":"pa_brand-dicry","10":"pa_manufacturer-dicry","12":"first","13":"instock","14":"shipping-taxable","15":"purchasable","16":"product-type-simple","17":"customify-col","18":"product-has-gallery"},"yoast_head":"<!-- This site is optimized with the Yoast SEO plugin v27.4 - https:\/\/yoast.com\/product\/yoast-seo-wordpress\/ -->\n<title>Dicry Baby Jungen M\u00e4dchen Antirutsch Kn\u00f6chelsocken f\u00fcr S\u00e4ugling Kleinkind Kind - Markt-XXL<\/title>\n<meta name=\"description\" content=\"Markt-XXL Dicry Baby Jungen M\u00e4dchen Antirutsch Kn\u00f6chelsocken f\u00fcr S\u00e4ugling Kleinkind Kind\" \/>\n<meta name=\"robots\" content=\"index, follow, max-snippet:-1, max-image-preview:large, max-video-preview:-1\" \/>\n<link rel=\"canonical\" href=\"https:\/\/marktxxl.de\/markt\/produkt\/dicry-baby-jungen-maedchen-antirutsch-knoechelsocken-fuer-saeugling-kleinkind-kind\/\" \/>\n<meta property=\"og:locale\" content=\"de_DE\" \/>\n<meta property=\"og:type\" content=\"article\" \/>\n<meta property=\"og:title\" content=\"Dicry Baby Jungen M\u00e4dchen Antirutsch Kn\u00f6chelsocken f\u00fcr S\u00e4ugling Kleinkind Kind - Markt-XXL\" \/>\n<meta property=\"og:description\" content=\"Markt-XXL Dicry Baby Jungen M\u00e4dchen Antirutsch Kn\u00f6chelsocken f\u00fcr S\u00e4ugling Kleinkind Kind\" \/>\n<meta property=\"og:url\" content=\"https:\/\/marktxxl.de\/markt\/produkt\/dicry-baby-jungen-maedchen-antirutsch-knoechelsocken-fuer-saeugling-kleinkind-kind\/\" \/>\n<meta property=\"og:site_name\" content=\"Markt-XXL\" \/>\n<meta property=\"article:modified_time\" content=\"2023-04-08T00:49:37+00:00\" \/>\n<meta property=\"og:image\" content=\"https:\/\/m.media-amazon.com\/images\/I\/51ftBGlnC6L._SL500_.jpg\" \/>\n\t<meta property=\"og:image:width\" content=\"500\" \/>\n\t<meta property=\"og:image:height\" content=\"500\" \/>\n\t<meta property=\"og:image:type\" content=\"image\/jpeg\" \/>\n<meta name=\"twitter:card\" content=\"summary_large_image\" \/>\n<meta name=\"twitter:label1\" content=\"Gesch\u00e4tzte Lesezeit\" \/>\n\t<meta name=\"twitter:data1\" content=\"1\u00a0Minute\" \/>\n<script type=\"application\/ld+json\" class=\"yoast-schema-graph\">{\"@context\":\"https:\\\/\\\/schema.org\",\"@graph\":[{\"@type\":\"WebPage\",\"@id\":\"https:\\\/\\\/marktxxl.de\\\/markt\\\/produkt\\\/dicry-baby-jungen-maedchen-antirutsch-knoechelsocken-fuer-saeugling-kleinkind-kind\\\/\",\"url\":\"https:\\\/\\\/marktxxl.de\\\/markt\\\/produkt\\\/dicry-baby-jungen-maedchen-antirutsch-knoechelsocken-fuer-saeugling-kleinkind-kind\\\/\",\"name\":\"Dicry Baby Jungen M\u00e4dchen Antirutsch Kn\u00f6chelsocken f\u00fcr S\u00e4ugling Kleinkind Kind - Markt-XXL\",\"isPartOf\":{\"@id\":\"https:\\\/\\\/marktxxl.de\\\/markt\\\/#website\"},\"primaryImageOfPage\":{\"@id\":\"https:\\\/\\\/marktxxl.de\\\/markt\\\/produkt\\\/dicry-baby-jungen-maedchen-antirutsch-knoechelsocken-fuer-saeugling-kleinkind-kind\\\/#primaryimage\"},\"image\":{\"@id\":\"https:\\\/\\\/marktxxl.de\\\/markt\\\/produkt\\\/dicry-baby-jungen-maedchen-antirutsch-knoechelsocken-fuer-saeugling-kleinkind-kind\\\/#primaryimage\"},\"thumbnailUrl\":\"https:\\\/\\\/m.media-amazon.com\\\/images\\\/I\\\/51ftBGlnC6L._SL500_.jpg\",\"datePublished\":\"2022-01-27T13:19:39+00:00\",\"dateModified\":\"2023-04-08T00:49:37+00:00\",\"description\":\"Markt-XXL Dicry Baby Jungen M\u00e4dchen Antirutsch Kn\u00f6chelsocken f\u00fcr S\u00e4ugling Kleinkind Kind\",\"breadcrumb\":{\"@id\":\"https:\\\/\\\/marktxxl.de\\\/markt\\\/produkt\\\/dicry-baby-jungen-maedchen-antirutsch-knoechelsocken-fuer-saeugling-kleinkind-kind\\\/#breadcrumb\"},\"inLanguage\":\"de\",\"potentialAction\":[{\"@type\":\"ReadAction\",\"target\":[\"https:\\\/\\\/marktxxl.de\\\/markt\\\/produkt\\\/dicry-baby-jungen-maedchen-antirutsch-knoechelsocken-fuer-saeugling-kleinkind-kind\\\/\"]}]},{\"@type\":\"ImageObject\",\"inLanguage\":\"de\",\"@id\":\"https:\\\/\\\/marktxxl.de\\\/markt\\\/produkt\\\/dicry-baby-jungen-maedchen-antirutsch-knoechelsocken-fuer-saeugling-kleinkind-kind\\\/#primaryimage\",\"url\":\"https:\\\/\\\/m.media-amazon.com\\\/images\\\/I\\\/51ftBGlnC6L._SL500_.jpg\",\"contentUrl\":\"https:\\\/\\\/m.media-amazon.com\\\/images\\\/I\\\/51ftBGlnC6L._SL500_.jpg\",\"width\":500,\"height\":500},{\"@type\":\"BreadcrumbList\",\"@id\":\"https:\\\/\\\/marktxxl.de\\\/markt\\\/produkt\\\/dicry-baby-jungen-maedchen-antirutsch-knoechelsocken-fuer-saeugling-kleinkind-kind\\\/#breadcrumb\",\"itemListElement\":[{\"@type\":\"ListItem\",\"position\":1,\"name\":\"Startseite\",\"item\":\"https:\\\/\\\/marktxxl.de\\\/markt\\\/\"},{\"@type\":\"ListItem\",\"position\":2,\"name\":\"Markt\",\"item\":\"https:\\\/\\\/marktxxl.de\\\/markt\\\/\"},{\"@type\":\"ListItem\",\"position\":3,\"name\":\"Dicry Baby Jungen M\u00e4dchen Antirutsch Kn\u00f6chelsocken f\u00fcr S\u00e4ugling Kleinkind Kind\"}]},{\"@type\":\"WebSite\",\"@id\":\"https:\\\/\\\/marktxxl.de\\\/markt\\\/#website\",\"url\":\"https:\\\/\\\/marktxxl.de\\\/markt\\\/\",\"name\":\"Markt-XXL\",\"description\":\"Ihr Markt Online\",\"publisher\":{\"@id\":\"https:\\\/\\\/marktxxl.de\\\/markt\\\/#organization\"},\"potentialAction\":[{\"@type\":\"SearchAction\",\"target\":{\"@type\":\"EntryPoint\",\"urlTemplate\":\"https:\\\/\\\/marktxxl.de\\\/markt\\\/?s={search_term_string}\"},\"query-input\":{\"@type\":\"PropertyValueSpecification\",\"valueRequired\":true,\"valueName\":\"search_term_string\"}}],\"inLanguage\":\"de\"},{\"@type\":\"Organization\",\"@id\":\"https:\\\/\\\/marktxxl.de\\\/markt\\\/#organization\",\"name\":\"Markt-XXL\",\"url\":\"https:\\\/\\\/marktxxl.de\\\/markt\\\/\",\"logo\":{\"@type\":\"ImageObject\",\"inLanguage\":\"de\",\"@id\":\"https:\\\/\\\/marktxxl.de\\\/markt\\\/#\\\/schema\\\/logo\\\/image\\\/\",\"url\":\"https:\\\/\\\/marktxxl.de\\\/markt\\\/wp-content\\\/uploads\\\/sites\\\/3\\\/2020\\\/12\\\/logo.png\",\"contentUrl\":\"https:\\\/\\\/marktxxl.de\\\/markt\\\/wp-content\\\/uploads\\\/sites\\\/3\\\/2020\\\/12\\\/logo.png\",\"width\":200,\"height\":70,\"caption\":\"Markt-XXL\"},\"image\":{\"@id\":\"https:\\\/\\\/marktxxl.de\\\/markt\\\/#\\\/schema\\\/logo\\\/image\\\/\"}}]}<\/script>\n<!-- \/ Yoast SEO plugin. -->","yoast_head_json":{"title":"Dicry Baby Jungen M\u00e4dchen Antirutsch Kn\u00f6chelsocken f\u00fcr S\u00e4ugling Kleinkind Kind - Markt-XXL","description":"Markt-XXL Dicry Baby Jungen M\u00e4dchen Antirutsch Kn\u00f6chelsocken f\u00fcr S\u00e4ugling Kleinkind Kind","robots":{"index":"index","follow":"follow","max-snippet":"max-snippet:-1","max-image-preview":"max-image-preview:large","max-video-preview":"max-video-preview:-1"},"canonical":"https:\/\/marktxxl.de\/markt\/produkt\/dicry-baby-jungen-maedchen-antirutsch-knoechelsocken-fuer-saeugling-kleinkind-kind\/","og_locale":"de_DE","og_type":"article","og_title":"Dicry Baby Jungen M\u00e4dchen Antirutsch Kn\u00f6chelsocken f\u00fcr S\u00e4ugling Kleinkind Kind - Markt-XXL","og_description":"Markt-XXL Dicry Baby Jungen M\u00e4dchen Antirutsch Kn\u00f6chelsocken f\u00fcr S\u00e4ugling Kleinkind Kind","og_url":"https:\/\/marktxxl.de\/markt\/produkt\/dicry-baby-jungen-maedchen-antirutsch-knoechelsocken-fuer-saeugling-kleinkind-kind\/","og_site_name":"Markt-XXL","article_modified_time":"2023-04-08T00:49:37+00:00","og_image":[{"width":500,"height":500,"url":"https:\/\/m.media-amazon.com\/images\/I\/51ftBGlnC6L._SL500_.jpg","type":"image\/jpeg"}],"twitter_card":"summary_large_image","twitter_misc":{"Gesch\u00e4tzte Lesezeit":"1\u00a0Minute"},"schema":{"@context":"https:\/\/schema.org","@graph":[{"@type":"WebPage","@id":"https:\/\/marktxxl.de\/markt\/produkt\/dicry-baby-jungen-maedchen-antirutsch-knoechelsocken-fuer-saeugling-kleinkind-kind\/","url":"https:\/\/marktxxl.de\/markt\/produkt\/dicry-baby-jungen-maedchen-antirutsch-knoechelsocken-fuer-saeugling-kleinkind-kind\/","name":"Dicry Baby Jungen M\u00e4dchen Antirutsch Kn\u00f6chelsocken f\u00fcr S\u00e4ugling Kleinkind Kind - Markt-XXL","isPartOf":{"@id":"https:\/\/marktxxl.de\/markt\/#website"},"primaryImageOfPage":{"@id":"https:\/\/marktxxl.de\/markt\/produkt\/dicry-baby-jungen-maedchen-antirutsch-knoechelsocken-fuer-saeugling-kleinkind-kind\/#primaryimage"},"image":{"@id":"https:\/\/marktxxl.de\/markt\/produkt\/dicry-baby-jungen-maedchen-antirutsch-knoechelsocken-fuer-saeugling-kleinkind-kind\/#primaryimage"},"thumbnailUrl":"https:\/\/m.media-amazon.com\/images\/I\/51ftBGlnC6L._SL500_.jpg","datePublished":"2022-01-27T13:19:39+00:00","dateModified":"2023-04-08T00:49:37+00:00","description":"Markt-XXL Dicry Baby Jungen M\u00e4dchen Antirutsch Kn\u00f6chelsocken f\u00fcr S\u00e4ugling Kleinkind Kind","breadcrumb":{"@id":"https:\/\/marktxxl.de\/markt\/produkt\/dicry-baby-jungen-maedchen-antirutsch-knoechelsocken-fuer-saeugling-kleinkind-kind\/#breadcrumb"},"inLanguage":"de","potentialAction":[{"@type":"ReadAction","target":["https:\/\/marktxxl.de\/markt\/produkt\/dicry-baby-jungen-maedchen-antirutsch-knoechelsocken-fuer-saeugling-kleinkind-kind\/"]}]},{"@type":"ImageObject","inLanguage":"de","@id":"https:\/\/marktxxl.de\/markt\/produkt\/dicry-baby-jungen-maedchen-antirutsch-knoechelsocken-fuer-saeugling-kleinkind-kind\/#primaryimage","url":"https:\/\/m.media-amazon.com\/images\/I\/51ftBGlnC6L._SL500_.jpg","contentUrl":"https:\/\/m.media-amazon.com\/images\/I\/51ftBGlnC6L._SL500_.jpg","width":500,"height":500},{"@type":"BreadcrumbList","@id":"https:\/\/marktxxl.de\/markt\/produkt\/dicry-baby-jungen-maedchen-antirutsch-knoechelsocken-fuer-saeugling-kleinkind-kind\/#breadcrumb","itemListElement":[{"@type":"ListItem","position":1,"name":"Startseite","item":"https:\/\/marktxxl.de\/markt\/"},{"@type":"ListItem","position":2,"name":"Markt","item":"https:\/\/marktxxl.de\/markt\/"},{"@type":"ListItem","position":3,"name":"Dicry Baby Jungen M\u00e4dchen Antirutsch Kn\u00f6chelsocken f\u00fcr S\u00e4ugling Kleinkind Kind"}]},{"@type":"WebSite","@id":"https:\/\/marktxxl.de\/markt\/#website","url":"https:\/\/marktxxl.de\/markt\/","name":"Markt-XXL","description":"Ihr Markt Online","publisher":{"@id":"https:\/\/marktxxl.de\/markt\/#organization"},"potentialAction":[{"@type":"SearchAction","target":{"@type":"EntryPoint","urlTemplate":"https:\/\/marktxxl.de\/markt\/?s={search_term_string}"},"query-input":{"@type":"PropertyValueSpecification","valueRequired":true,"valueName":"search_term_string"}}],"inLanguage":"de"},{"@type":"Organization","@id":"https:\/\/marktxxl.de\/markt\/#organization","name":"Markt-XXL","url":"https:\/\/marktxxl.de\/markt\/","logo":{"@type":"ImageObject","inLanguage":"de","@id":"https:\/\/marktxxl.de\/markt\/#\/schema\/logo\/image\/","url":"https:\/\/marktxxl.de\/markt\/wp-content\/uploads\/sites\/3\/2020\/12\/logo.png","contentUrl":"https:\/\/marktxxl.de\/markt\/wp-content\/uploads\/sites\/3\/2020\/12\/logo.png","width":200,"height":70,"caption":"Markt-XXL"},"image":{"@id":"https:\/\/marktxxl.de\/markt\/#\/schema\/logo\/image\/"}}]}},"_links":{"self":[{"href":"https:\/\/marktxxl.de\/markt\/wp-json\/wp\/v2\/product\/97629","targetHints":{"allow":["GET"]}}],"collection":[{"href":"https:\/\/marktxxl.de\/markt\/wp-json\/wp\/v2\/product"}],"about":[{"href":"https:\/\/marktxxl.de\/markt\/wp-json\/wp\/v2\/types\/product"}],"replies":[{"embeddable":true,"href":"https:\/\/marktxxl.de\/markt\/wp-json\/wp\/v2\/comments?post=97629"}],"wp:featuredmedia":[{"embeddable":true,"href":"https:\/\/marktxxl.de\/markt\/wp-json\/wp\/v2\/media\/97630"}],"wp:attachment":[{"href":"https:\/\/marktxxl.de\/markt\/wp-json\/wp\/v2\/media?parent=97629"}],"wp:term":[{"taxonomy":"product_brand","embeddable":true,"href":"https:\/\/marktxxl.de\/markt\/wp-json\/wp\/v2\/product_brand?post=97629"},{"taxonomy":"product_cat","embeddable":true,"href":"https:\/\/marktxxl.de\/markt\/wp-json\/wp\/v2\/product_cat?post=97629"},{"taxonomy":"product_tag","embeddable":true,"href":"https:\/\/marktxxl.de\/markt\/wp-json\/wp\/v2\/product_tag?post=97629"}],"curies":[{"name":"wp","href":"https:\/\/api.w.org\/{rel}","templated":true}]}}