{"id":97621,"date":"2022-01-27T14:19:33","date_gmt":"2022-01-27T13:19:33","guid":{"rendered":"https:\/\/marktxxl.de\/markt\/produkt\/carikaien-antirutsch-socken-fuer-kleinkinder-jungen-maedchen-1-3-oder-4-7-jahre-12-paar\/"},"modified":"2023-04-08T02:49:37","modified_gmt":"2023-04-08T00:49:37","slug":"carikaien-antirutsch-socken-fuer-kleinkinder-jungen-maedchen-1-3-oder-4-7-jahre-12-paar","status":"publish","type":"product","link":"https:\/\/marktxxl.de\/markt\/produkt\/carikaien-antirutsch-socken-fuer-kleinkinder-jungen-maedchen-1-3-oder-4-7-jahre-12-paar\/","title":{"rendered":"CARIKAIEN Antirutsch-Socken, f\u00fcr Kleinkinder, Jungen, M\u00e4dchen, 1-3 oder 4-7 Jahre, 12 Paar"},"content":{"rendered":"<p>\u221a Perfekt f\u00fcr alle Jahreszeiten: Hochwertige Anti-Rutsch-Socken sind m\u00e4\u00dfig dick und atmungsaktiv, und das Tragen unserer Socken wird Ihr Baby im Winter nicht sehr kalt oder im Sommer sehr hei\u00df f\u00fchlen. Es kann einen umfassenden Fu\u00dfschutz f\u00fcr das ganze Jahr \u00fcber bieten.<br \/>\n\u221a Komplette Gr\u00f6\u00dfe und Farbe: Unsere Socken f\u00fcr 3-5 Jahre alte Babys. 12 Paar Verpackungen erm\u00f6glichen Ihrem Baby immer saubere Socken zu ersetzen und ihre F\u00fc\u00dfe sauber zu halten. Eine Vielzahl von Farben wird es Ihnen sicherlich leicht machen, sie mit allen Arten von gut aussehenden Kleidung zu kombinieren. Sie k\u00f6nnen auch unsere Socken spielen Paarspiele mit Ihrem Baby verwenden, um mehr Spa\u00df und Gl\u00fcck zu schaffen.<br \/>\nHohe Qualit\u00e4t: Unsere Produkte haben strenge Qualit\u00e4tstests und die weiche Baumwolle ist angenehm f\u00fcr das Baby, w\u00e4hrend sie die Gesundheit und Sicherheit sicherstellen. Unsere Produkte vermeiden Reibung zwischen den F\u00fc\u00dfen und Schuhen des Babys.<br \/>\n\u221a Gut entworfen, um Shrinkage zu erm\u00f6glichen: Unser Produkt sorgt daf\u00fcr, dass die L\u00e4nge und Breite nicht wesentlich einlaufen. Wir f\u00fchren eine breite Palette von Fit-Tests durch, um die Form zu verbessern und die richtige Passform zu erreichen.<br \/>\n\u221a Tolles Detail-Design: Enge die passenden Socken, kein Gef\u00fchl von Zur\u00fcckhaltung, geben dem Baby ein angenehmes Tragegef\u00fchl. Gelenkknochenfreie Naht schleift keine F\u00fc\u00dfe, k\u00fcmmert sich um die kleinen F\u00fc\u00dfe. Die vern\u00fcnftigen Design-Socken passen sich der Ferse an, die Fersenspitze ist verschlei\u00dffest.<br \/>\n<div class=\"main-cross-sell\" data-asin=\"B07V3FDQBT\">\n\n\t<div class=\"WooZone-cross-sell-loader\">\n\t\t<div>\n\t\t\t<div id=\"floatingBarsG\">\n\t\t\t\t<div class=\"blockG\" id=\"rotateG_01\"><\/div>\n\t\t\t\t<div class=\"blockG\" id=\"rotateG_02\"><\/div>\n\t\t\t\t<div class=\"blockG\" id=\"rotateG_03\"><\/div>\n\t\t\t\t<div class=\"blockG\" id=\"rotateG_04\"><\/div>\n\t\t\t\t<div class=\"blockG\" id=\"rotateG_05\"><\/div>\n\t\t\t\t<div class=\"blockG\" id=\"rotateG_06\"><\/div>\n\t\t\t\t<div class=\"blockG\" id=\"rotateG_07\"><\/div>\n\t\t\t\t<div class=\"blockG\" id=\"rotateG_08\"><\/div>\n\t\t\t<\/div>\n\t\t\t<div class=\"WooZone-cross-sell-loader-text\"><\/div>\n\t\t<\/div>\n\t<\/div>\n\n\t\t\n<\/div>\n<div style=\"clear:both;\"><\/div><\/p>\n","protected":false},"excerpt":{"rendered":"<p>\u221a Perfekt f\u00fcr alle Jahreszeiten: Hochwertige Anti-Rutsch-Socken sind m\u00e4\u00dfig dick und atmungsaktiv, und das Tragen unserer Socken wird Ihr Baby im Winter nicht sehr kalt oder im Sommer sehr hei\u00df f\u00fchlen. Es kann einen umfassenden Fu\u00dfschutz f\u00fcr das ganze Jahr \u00fcber bieten.<br \/>\n\u221a Komplette Gr\u00f6\u00dfe und Farbe: Unsere Socken f\u00fcr 3-5 Jahre alte Babys. 12 Paar Verpackungen erm\u00f6glichen Ihrem Baby immer saubere Socken zu ersetzen und ihre F\u00fc\u00dfe sauber zu halten. Eine Vielzahl von Farben wird es Ihnen sicherlich leicht machen, sie mit allen Arten von gut aussehenden Kleidung zu kombinieren. Sie k\u00f6nnen auch unsere Socken spielen Paarspiele mit Ihrem Baby verwenden, um mehr Spa\u00df und Gl\u00fcck zu schaffen.<br \/>\nHohe Qualit\u00e4t: Unsere Produkte haben strenge Qualit\u00e4tstests und die weiche Baumwolle ist angenehm f\u00fcr das Baby, w\u00e4hrend sie die Gesundheit und Sicherheit sicherstellen. Unsere Produkte vermeiden Reibung zwischen den F\u00fc\u00dfen und Schuhen des Babys.<\/p>\n","protected":false},"featured_media":97622,"comment_status":"open","ping_status":"closed","template":"","meta":[],"product_brand":[],"product_cat":[4054,1186],"product_tag":[],"class_list":{"0":"post-97621","1":"product","2":"type-product","3":"status-publish","4":"has-post-thumbnail","6":"product_cat-baby-bekleidung","7":"product_cat-bekleidung","8":"pa_binding-textilien","9":"pa_brand-carikaien","11":"first","12":"instock","13":"shipping-taxable","14":"purchasable","15":"product-type-simple","16":"customify-col","17":"product-has-gallery"},"yoast_head":"<!-- This site is optimized with the Yoast SEO plugin v27.4 - https:\/\/yoast.com\/product\/yoast-seo-wordpress\/ -->\n<title>CARIKAIEN Antirutsch-Socken, f\u00fcr Kleinkinder, Jungen, M\u00e4dchen, 1-3 oder 4-7 Jahre, 12 Paar - Markt-XXL<\/title>\n<meta name=\"description\" content=\"Markt-XXL CARIKAIEN Antirutsch-Socken, f\u00fcr Kleinkinder, Jungen, M\u00e4dchen, 1-3 oder 4-7 Jahre, 12 Paar\" \/>\n<meta name=\"robots\" content=\"index, follow, max-snippet:-1, max-image-preview:large, max-video-preview:-1\" \/>\n<link rel=\"canonical\" href=\"https:\/\/marktxxl.de\/markt\/produkt\/carikaien-antirutsch-socken-fuer-kleinkinder-jungen-maedchen-1-3-oder-4-7-jahre-12-paar\/\" \/>\n<meta property=\"og:locale\" content=\"de_DE\" \/>\n<meta property=\"og:type\" content=\"article\" \/>\n<meta property=\"og:title\" content=\"CARIKAIEN Antirutsch-Socken, f\u00fcr Kleinkinder, Jungen, M\u00e4dchen, 1-3 oder 4-7 Jahre, 12 Paar - Markt-XXL\" \/>\n<meta property=\"og:description\" content=\"Markt-XXL CARIKAIEN Antirutsch-Socken, f\u00fcr Kleinkinder, Jungen, M\u00e4dchen, 1-3 oder 4-7 Jahre, 12 Paar\" \/>\n<meta property=\"og:url\" content=\"https:\/\/marktxxl.de\/markt\/produkt\/carikaien-antirutsch-socken-fuer-kleinkinder-jungen-maedchen-1-3-oder-4-7-jahre-12-paar\/\" \/>\n<meta property=\"og:site_name\" content=\"Markt-XXL\" \/>\n<meta property=\"article:modified_time\" content=\"2023-04-08T00:49:37+00:00\" \/>\n<meta property=\"og:image\" content=\"https:\/\/m.media-amazon.com\/images\/I\/51QVkZC9ilL._SL500_.jpg\" \/>\n\t<meta property=\"og:image:width\" content=\"500\" \/>\n\t<meta property=\"og:image:height\" content=\"500\" \/>\n\t<meta property=\"og:image:type\" content=\"image\/jpeg\" \/>\n<meta name=\"twitter:card\" content=\"summary_large_image\" \/>\n<meta name=\"twitter:label1\" content=\"Gesch\u00e4tzte Lesezeit\" \/>\n\t<meta name=\"twitter:data1\" content=\"1\u00a0Minute\" \/>\n<script type=\"application\/ld+json\" class=\"yoast-schema-graph\">{\"@context\":\"https:\\\/\\\/schema.org\",\"@graph\":[{\"@type\":\"WebPage\",\"@id\":\"https:\\\/\\\/marktxxl.de\\\/markt\\\/produkt\\\/carikaien-antirutsch-socken-fuer-kleinkinder-jungen-maedchen-1-3-oder-4-7-jahre-12-paar\\\/\",\"url\":\"https:\\\/\\\/marktxxl.de\\\/markt\\\/produkt\\\/carikaien-antirutsch-socken-fuer-kleinkinder-jungen-maedchen-1-3-oder-4-7-jahre-12-paar\\\/\",\"name\":\"CARIKAIEN Antirutsch-Socken, f\u00fcr Kleinkinder, Jungen, M\u00e4dchen, 1-3 oder 4-7 Jahre, 12 Paar - Markt-XXL\",\"isPartOf\":{\"@id\":\"https:\\\/\\\/marktxxl.de\\\/markt\\\/#website\"},\"primaryImageOfPage\":{\"@id\":\"https:\\\/\\\/marktxxl.de\\\/markt\\\/produkt\\\/carikaien-antirutsch-socken-fuer-kleinkinder-jungen-maedchen-1-3-oder-4-7-jahre-12-paar\\\/#primaryimage\"},\"image\":{\"@id\":\"https:\\\/\\\/marktxxl.de\\\/markt\\\/produkt\\\/carikaien-antirutsch-socken-fuer-kleinkinder-jungen-maedchen-1-3-oder-4-7-jahre-12-paar\\\/#primaryimage\"},\"thumbnailUrl\":\"https:\\\/\\\/m.media-amazon.com\\\/images\\\/I\\\/51QVkZC9ilL._SL500_.jpg\",\"datePublished\":\"2022-01-27T13:19:33+00:00\",\"dateModified\":\"2023-04-08T00:49:37+00:00\",\"description\":\"Markt-XXL CARIKAIEN Antirutsch-Socken, f\u00fcr Kleinkinder, Jungen, M\u00e4dchen, 1-3 oder 4-7 Jahre, 12 Paar\",\"breadcrumb\":{\"@id\":\"https:\\\/\\\/marktxxl.de\\\/markt\\\/produkt\\\/carikaien-antirutsch-socken-fuer-kleinkinder-jungen-maedchen-1-3-oder-4-7-jahre-12-paar\\\/#breadcrumb\"},\"inLanguage\":\"de\",\"potentialAction\":[{\"@type\":\"ReadAction\",\"target\":[\"https:\\\/\\\/marktxxl.de\\\/markt\\\/produkt\\\/carikaien-antirutsch-socken-fuer-kleinkinder-jungen-maedchen-1-3-oder-4-7-jahre-12-paar\\\/\"]}]},{\"@type\":\"ImageObject\",\"inLanguage\":\"de\",\"@id\":\"https:\\\/\\\/marktxxl.de\\\/markt\\\/produkt\\\/carikaien-antirutsch-socken-fuer-kleinkinder-jungen-maedchen-1-3-oder-4-7-jahre-12-paar\\\/#primaryimage\",\"url\":\"https:\\\/\\\/m.media-amazon.com\\\/images\\\/I\\\/51QVkZC9ilL._SL500_.jpg\",\"contentUrl\":\"https:\\\/\\\/m.media-amazon.com\\\/images\\\/I\\\/51QVkZC9ilL._SL500_.jpg\",\"width\":500,\"height\":500},{\"@type\":\"BreadcrumbList\",\"@id\":\"https:\\\/\\\/marktxxl.de\\\/markt\\\/produkt\\\/carikaien-antirutsch-socken-fuer-kleinkinder-jungen-maedchen-1-3-oder-4-7-jahre-12-paar\\\/#breadcrumb\",\"itemListElement\":[{\"@type\":\"ListItem\",\"position\":1,\"name\":\"Startseite\",\"item\":\"https:\\\/\\\/marktxxl.de\\\/markt\\\/\"},{\"@type\":\"ListItem\",\"position\":2,\"name\":\"Markt\",\"item\":\"https:\\\/\\\/marktxxl.de\\\/markt\\\/\"},{\"@type\":\"ListItem\",\"position\":3,\"name\":\"CARIKAIEN Antirutsch-Socken, f\u00fcr Kleinkinder, Jungen, M\u00e4dchen, 1-3 oder 4-7 Jahre, 12 Paar\"}]},{\"@type\":\"WebSite\",\"@id\":\"https:\\\/\\\/marktxxl.de\\\/markt\\\/#website\",\"url\":\"https:\\\/\\\/marktxxl.de\\\/markt\\\/\",\"name\":\"Markt-XXL\",\"description\":\"Ihr Markt Online\",\"publisher\":{\"@id\":\"https:\\\/\\\/marktxxl.de\\\/markt\\\/#organization\"},\"potentialAction\":[{\"@type\":\"SearchAction\",\"target\":{\"@type\":\"EntryPoint\",\"urlTemplate\":\"https:\\\/\\\/marktxxl.de\\\/markt\\\/?s={search_term_string}\"},\"query-input\":{\"@type\":\"PropertyValueSpecification\",\"valueRequired\":true,\"valueName\":\"search_term_string\"}}],\"inLanguage\":\"de\"},{\"@type\":\"Organization\",\"@id\":\"https:\\\/\\\/marktxxl.de\\\/markt\\\/#organization\",\"name\":\"Markt-XXL\",\"url\":\"https:\\\/\\\/marktxxl.de\\\/markt\\\/\",\"logo\":{\"@type\":\"ImageObject\",\"inLanguage\":\"de\",\"@id\":\"https:\\\/\\\/marktxxl.de\\\/markt\\\/#\\\/schema\\\/logo\\\/image\\\/\",\"url\":\"https:\\\/\\\/marktxxl.de\\\/markt\\\/wp-content\\\/uploads\\\/sites\\\/3\\\/2020\\\/12\\\/logo.png\",\"contentUrl\":\"https:\\\/\\\/marktxxl.de\\\/markt\\\/wp-content\\\/uploads\\\/sites\\\/3\\\/2020\\\/12\\\/logo.png\",\"width\":200,\"height\":70,\"caption\":\"Markt-XXL\"},\"image\":{\"@id\":\"https:\\\/\\\/marktxxl.de\\\/markt\\\/#\\\/schema\\\/logo\\\/image\\\/\"}}]}<\/script>\n<!-- \/ Yoast SEO plugin. -->","yoast_head_json":{"title":"CARIKAIEN Antirutsch-Socken, f\u00fcr Kleinkinder, Jungen, M\u00e4dchen, 1-3 oder 4-7 Jahre, 12 Paar - Markt-XXL","description":"Markt-XXL CARIKAIEN Antirutsch-Socken, f\u00fcr Kleinkinder, Jungen, M\u00e4dchen, 1-3 oder 4-7 Jahre, 12 Paar","robots":{"index":"index","follow":"follow","max-snippet":"max-snippet:-1","max-image-preview":"max-image-preview:large","max-video-preview":"max-video-preview:-1"},"canonical":"https:\/\/marktxxl.de\/markt\/produkt\/carikaien-antirutsch-socken-fuer-kleinkinder-jungen-maedchen-1-3-oder-4-7-jahre-12-paar\/","og_locale":"de_DE","og_type":"article","og_title":"CARIKAIEN Antirutsch-Socken, f\u00fcr Kleinkinder, Jungen, M\u00e4dchen, 1-3 oder 4-7 Jahre, 12 Paar - Markt-XXL","og_description":"Markt-XXL CARIKAIEN Antirutsch-Socken, f\u00fcr Kleinkinder, Jungen, M\u00e4dchen, 1-3 oder 4-7 Jahre, 12 Paar","og_url":"https:\/\/marktxxl.de\/markt\/produkt\/carikaien-antirutsch-socken-fuer-kleinkinder-jungen-maedchen-1-3-oder-4-7-jahre-12-paar\/","og_site_name":"Markt-XXL","article_modified_time":"2023-04-08T00:49:37+00:00","og_image":[{"width":500,"height":500,"url":"https:\/\/m.media-amazon.com\/images\/I\/51QVkZC9ilL._SL500_.jpg","type":"image\/jpeg"}],"twitter_card":"summary_large_image","twitter_misc":{"Gesch\u00e4tzte Lesezeit":"1\u00a0Minute"},"schema":{"@context":"https:\/\/schema.org","@graph":[{"@type":"WebPage","@id":"https:\/\/marktxxl.de\/markt\/produkt\/carikaien-antirutsch-socken-fuer-kleinkinder-jungen-maedchen-1-3-oder-4-7-jahre-12-paar\/","url":"https:\/\/marktxxl.de\/markt\/produkt\/carikaien-antirutsch-socken-fuer-kleinkinder-jungen-maedchen-1-3-oder-4-7-jahre-12-paar\/","name":"CARIKAIEN Antirutsch-Socken, f\u00fcr Kleinkinder, Jungen, M\u00e4dchen, 1-3 oder 4-7 Jahre, 12 Paar - Markt-XXL","isPartOf":{"@id":"https:\/\/marktxxl.de\/markt\/#website"},"primaryImageOfPage":{"@id":"https:\/\/marktxxl.de\/markt\/produkt\/carikaien-antirutsch-socken-fuer-kleinkinder-jungen-maedchen-1-3-oder-4-7-jahre-12-paar\/#primaryimage"},"image":{"@id":"https:\/\/marktxxl.de\/markt\/produkt\/carikaien-antirutsch-socken-fuer-kleinkinder-jungen-maedchen-1-3-oder-4-7-jahre-12-paar\/#primaryimage"},"thumbnailUrl":"https:\/\/m.media-amazon.com\/images\/I\/51QVkZC9ilL._SL500_.jpg","datePublished":"2022-01-27T13:19:33+00:00","dateModified":"2023-04-08T00:49:37+00:00","description":"Markt-XXL CARIKAIEN Antirutsch-Socken, f\u00fcr Kleinkinder, Jungen, M\u00e4dchen, 1-3 oder 4-7 Jahre, 12 Paar","breadcrumb":{"@id":"https:\/\/marktxxl.de\/markt\/produkt\/carikaien-antirutsch-socken-fuer-kleinkinder-jungen-maedchen-1-3-oder-4-7-jahre-12-paar\/#breadcrumb"},"inLanguage":"de","potentialAction":[{"@type":"ReadAction","target":["https:\/\/marktxxl.de\/markt\/produkt\/carikaien-antirutsch-socken-fuer-kleinkinder-jungen-maedchen-1-3-oder-4-7-jahre-12-paar\/"]}]},{"@type":"ImageObject","inLanguage":"de","@id":"https:\/\/marktxxl.de\/markt\/produkt\/carikaien-antirutsch-socken-fuer-kleinkinder-jungen-maedchen-1-3-oder-4-7-jahre-12-paar\/#primaryimage","url":"https:\/\/m.media-amazon.com\/images\/I\/51QVkZC9ilL._SL500_.jpg","contentUrl":"https:\/\/m.media-amazon.com\/images\/I\/51QVkZC9ilL._SL500_.jpg","width":500,"height":500},{"@type":"BreadcrumbList","@id":"https:\/\/marktxxl.de\/markt\/produkt\/carikaien-antirutsch-socken-fuer-kleinkinder-jungen-maedchen-1-3-oder-4-7-jahre-12-paar\/#breadcrumb","itemListElement":[{"@type":"ListItem","position":1,"name":"Startseite","item":"https:\/\/marktxxl.de\/markt\/"},{"@type":"ListItem","position":2,"name":"Markt","item":"https:\/\/marktxxl.de\/markt\/"},{"@type":"ListItem","position":3,"name":"CARIKAIEN Antirutsch-Socken, f\u00fcr Kleinkinder, Jungen, M\u00e4dchen, 1-3 oder 4-7 Jahre, 12 Paar"}]},{"@type":"WebSite","@id":"https:\/\/marktxxl.de\/markt\/#website","url":"https:\/\/marktxxl.de\/markt\/","name":"Markt-XXL","description":"Ihr Markt Online","publisher":{"@id":"https:\/\/marktxxl.de\/markt\/#organization"},"potentialAction":[{"@type":"SearchAction","target":{"@type":"EntryPoint","urlTemplate":"https:\/\/marktxxl.de\/markt\/?s={search_term_string}"},"query-input":{"@type":"PropertyValueSpecification","valueRequired":true,"valueName":"search_term_string"}}],"inLanguage":"de"},{"@type":"Organization","@id":"https:\/\/marktxxl.de\/markt\/#organization","name":"Markt-XXL","url":"https:\/\/marktxxl.de\/markt\/","logo":{"@type":"ImageObject","inLanguage":"de","@id":"https:\/\/marktxxl.de\/markt\/#\/schema\/logo\/image\/","url":"https:\/\/marktxxl.de\/markt\/wp-content\/uploads\/sites\/3\/2020\/12\/logo.png","contentUrl":"https:\/\/marktxxl.de\/markt\/wp-content\/uploads\/sites\/3\/2020\/12\/logo.png","width":200,"height":70,"caption":"Markt-XXL"},"image":{"@id":"https:\/\/marktxxl.de\/markt\/#\/schema\/logo\/image\/"}}]}},"_links":{"self":[{"href":"https:\/\/marktxxl.de\/markt\/wp-json\/wp\/v2\/product\/97621","targetHints":{"allow":["GET"]}}],"collection":[{"href":"https:\/\/marktxxl.de\/markt\/wp-json\/wp\/v2\/product"}],"about":[{"href":"https:\/\/marktxxl.de\/markt\/wp-json\/wp\/v2\/types\/product"}],"replies":[{"embeddable":true,"href":"https:\/\/marktxxl.de\/markt\/wp-json\/wp\/v2\/comments?post=97621"}],"wp:featuredmedia":[{"embeddable":true,"href":"https:\/\/marktxxl.de\/markt\/wp-json\/wp\/v2\/media\/97622"}],"wp:attachment":[{"href":"https:\/\/marktxxl.de\/markt\/wp-json\/wp\/v2\/media?parent=97621"}],"wp:term":[{"taxonomy":"product_brand","embeddable":true,"href":"https:\/\/marktxxl.de\/markt\/wp-json\/wp\/v2\/product_brand?post=97621"},{"taxonomy":"product_cat","embeddable":true,"href":"https:\/\/marktxxl.de\/markt\/wp-json\/wp\/v2\/product_cat?post=97621"},{"taxonomy":"product_tag","embeddable":true,"href":"https:\/\/marktxxl.de\/markt\/wp-json\/wp\/v2\/product_tag?post=97621"}],"curies":[{"name":"wp","href":"https:\/\/api.w.org\/{rel}","templated":true}]}}