{"id":97596,"date":"2022-01-27T14:16:01","date_gmt":"2022-01-27T13:16:01","guid":{"rendered":"https:\/\/marktxxl.de\/markt\/produkt\/das-original-soena-for-men-black-mask-maskenpinsel-xxl-tube-100-ml-entfernt-mitesser-peel-off-maske-gegen-unreine-haut-mit-aktivkohle-schwarze-maske-zum-abziehen-blackh\/"},"modified":"2023-04-08T02:49:36","modified_gmt":"2023-04-08T00:49:36","slug":"das-original-soena-for-men-black-mask-maskenpinsel-xxl-tube-100-ml-entfernt-mitesser-peel-off-maske-gegen-unreine-haut-mit-aktivkohle-schwarze-maske-zum-abziehen-blackh","status":"publish","type":"product","link":"https:\/\/marktxxl.de\/markt\/produkt\/das-original-soena-for-men-black-mask-maskenpinsel-xxl-tube-100-ml-entfernt-mitesser-peel-off-maske-gegen-unreine-haut-mit-aktivkohle-schwarze-maske-zum-abziehen-blackh\/","title":{"rendered":"Das ORIGINAL &#8211; SOENA\u00ae for MEN Black Mask + MASKENPINSEL | XXL Tube 100 ml | Entfernt Mitesser \u2013 Peel-Off Maske &#8211; Gegen\u2026"},"content":{"rendered":"<p>\u2714 L\u00c4STIGE PICKEL, MITESSER ODER ZU GRO\u00dfE POREN AUF NASE, KINN UND STIRN ? Die Soena Black Mask befreit deine Haut beim abziehen von diesen Problemen und verbessert das Hautbild sp\u00fcrbar!<br \/>\n\u2714 XXL TUBE 100 ml + SOENA MASKENPINSEL &#8211; Bei uns bekommst du nicht nur eine 100 ml Tube statt der \u00fcblichen 60 ml anderer Marken, sondern auch noch einen hochwertigen MASKENPINSEL zum besseren Auftragen! Die reinigende Gesichtsmaske reicht f\u00fcr mindestens 15 &#8211; 30 Anwendungen!<br \/>\n\u2714 LEICHTERES AUFTRAGEN BESSERES ABZIEHEN &#8211; Da viele Peel Off Masken viel zu fl\u00fcssig sind, lassen Sie sich schwieriger auftragen und abziehen. Die Soena Blackhead Maske ist dickfl\u00fcssiger und l\u00e4sst sich dadurch besser auf Ihrer Haut auftragen und abziehen. Dies wird die Beste Blackhead Mask die du je verwendet hast!<br \/>\n\u2714 GELDZUR\u00dcCKGARANTIE &#8211; Wir von Soena sind von unseren Produkten so \u00fcberzeugt, dass du dein Geld zur\u00fcck erh\u00e4lst, falls du mit unseren Produkt nicht zufrieden sein solltest!<br \/>\n\u2714 LABOR GETESTET SGS &#8211; Unser Produkt wurde im Labor f\u00fcr dich getestet und als Hautschonend eingestuft! Durch die Zusammensetzung von Aktivkohle und vitaminreichen Inhaltsstoffen, bleibt deine Haut nach der Anwendung geschmeidig und glatt! Mud<br \/>\n<div class=\"main-cross-sell\" data-asin=\"B07ZVR5RRV\">\n\n\t<div class=\"WooZone-cross-sell-loader\">\n\t\t<div>\n\t\t\t<div id=\"floatingBarsG\">\n\t\t\t\t<div class=\"blockG\" id=\"rotateG_01\"><\/div>\n\t\t\t\t<div class=\"blockG\" id=\"rotateG_02\"><\/div>\n\t\t\t\t<div class=\"blockG\" id=\"rotateG_03\"><\/div>\n\t\t\t\t<div class=\"blockG\" id=\"rotateG_04\"><\/div>\n\t\t\t\t<div class=\"blockG\" id=\"rotateG_05\"><\/div>\n\t\t\t\t<div class=\"blockG\" id=\"rotateG_06\"><\/div>\n\t\t\t\t<div class=\"blockG\" id=\"rotateG_07\"><\/div>\n\t\t\t\t<div class=\"blockG\" id=\"rotateG_08\"><\/div>\n\t\t\t<\/div>\n\t\t\t<div class=\"WooZone-cross-sell-loader-text\"><\/div>\n\t\t<\/div>\n\t<\/div>\n\n\t\t\n<\/div>\n<div style=\"clear:both;\"><\/div><\/p>\n","protected":false},"excerpt":{"rendered":"<p>\u2714 L\u00c4STIGE PICKEL, MITESSER ODER ZU GRO\u00dfE POREN AUF NASE, KINN UND STIRN ? Die Soena Black Mask befreit deine Haut beim abziehen von diesen Problemen und verbessert das Hautbild sp\u00fcrbar!<br \/>\n\u2714 XXL TUBE 100 ml + SOENA MASKENPINSEL &#8211; Bei uns bekommst du nicht nur eine 100 ml Tube statt der \u00fcblichen 60 ml anderer Marken, sondern auch noch einen hochwertigen MASKENPINSEL zum besseren Auftragen! Die reinigende Gesichtsmaske reicht f\u00fcr mindestens 15 &#8211; 30 Anwendungen!<br \/>\n\u2714 LEICHTERES AUFTRAGEN BESSERES ABZIEHEN &#8211; Da viele Peel Off Masken viel zu fl\u00fcssig sind, lassen Sie sich schwieriger auftragen und abziehen. Die Soena Blackhead Maske ist dickfl\u00fcssiger und l\u00e4sst sich dadurch besser auf Ihrer Haut auftragen und abziehen. Dies wird die Beste Blackhead Mask die du je verwendet hast!<\/p>\n","protected":false},"featured_media":97597,"comment_status":"open","ping_status":"closed","template":"","meta":[],"product_brand":[],"product_cat":[2858,7067],"product_tag":[],"class_list":{"0":"post-97596","1":"product","2":"type-product","3":"status-publish","4":"has-post-thumbnail","6":"product_cat-beauty","7":"product_cat-hautpflege","8":"pa_brand-soena","9":"pa_color-schwarz","10":"pa_height-6-10235-zoll","11":"pa_languages-unbekannt-deutsch-unbekannt-englisch","12":"pa_length-1-5748-zoll","13":"pa_manufacturer-soena","14":"pa_model-ak456ak5oo1","15":"pa_size-100-ml-1er-pack","16":"pa_weight-0-31305641204-pfund","17":"pa_width-2-16535-zoll","19":"first","20":"instock","21":"shipping-taxable","22":"purchasable","23":"product-type-simple","24":"customify-col","25":"product-has-gallery"},"yoast_head":"<!-- This site is optimized with the Yoast SEO plugin v27.4 - https:\/\/yoast.com\/product\/yoast-seo-wordpress\/ -->\n<title>Das ORIGINAL - SOENA\u00ae for MEN Black Mask + MASKENPINSEL | XXL Tube 100 ml | Entfernt Mitesser \u2013 Peel-Off Maske - Gegen\u2026 - Markt-XXL<\/title>\n<meta name=\"description\" content=\"Markt-XXL Das ORIGINAL - SOENA\u00ae for MEN Black Mask + MASKENPINSEL | XXL Tube 100 ml | Entfernt Mitesser \u2013 Peel-Off Maske - Gegen\u2026\" \/>\n<meta name=\"robots\" content=\"index, follow, max-snippet:-1, max-image-preview:large, max-video-preview:-1\" \/>\n<link rel=\"canonical\" href=\"https:\/\/marktxxl.de\/markt\/produkt\/das-original-soena-for-men-black-mask-maskenpinsel-xxl-tube-100-ml-entfernt-mitesser-peel-off-maske-gegen-unreine-haut-mit-aktivkohle-schwarze-maske-zum-abziehen-blackh\/\" \/>\n<meta property=\"og:locale\" content=\"de_DE\" \/>\n<meta property=\"og:type\" content=\"article\" \/>\n<meta property=\"og:title\" content=\"Das ORIGINAL - SOENA\u00ae for MEN Black Mask + MASKENPINSEL | XXL Tube 100 ml | Entfernt Mitesser \u2013 Peel-Off Maske - Gegen\u2026 - Markt-XXL\" \/>\n<meta property=\"og:description\" content=\"Markt-XXL Das ORIGINAL - SOENA\u00ae for MEN Black Mask + MASKENPINSEL | XXL Tube 100 ml | Entfernt Mitesser \u2013 Peel-Off Maske - Gegen\u2026\" \/>\n<meta property=\"og:url\" content=\"https:\/\/marktxxl.de\/markt\/produkt\/das-original-soena-for-men-black-mask-maskenpinsel-xxl-tube-100-ml-entfernt-mitesser-peel-off-maske-gegen-unreine-haut-mit-aktivkohle-schwarze-maske-zum-abziehen-blackh\/\" \/>\n<meta property=\"og:site_name\" content=\"Markt-XXL\" \/>\n<meta property=\"article:modified_time\" content=\"2023-04-08T00:49:36+00:00\" \/>\n<meta property=\"og:image\" content=\"https:\/\/m.media-amazon.com\/images\/I\/51qRLodjEuL._SL500_.jpg\" \/>\n\t<meta property=\"og:image:width\" content=\"500\" \/>\n\t<meta property=\"og:image:height\" content=\"500\" \/>\n\t<meta property=\"og:image:type\" content=\"image\/jpeg\" \/>\n<meta name=\"twitter:card\" content=\"summary_large_image\" \/>\n<meta name=\"twitter:label1\" content=\"Gesch\u00e4tzte Lesezeit\" \/>\n\t<meta name=\"twitter:data1\" content=\"1\u00a0Minute\" \/>\n<script type=\"application\/ld+json\" class=\"yoast-schema-graph\">{\"@context\":\"https:\\\/\\\/schema.org\",\"@graph\":[{\"@type\":\"WebPage\",\"@id\":\"https:\\\/\\\/marktxxl.de\\\/markt\\\/produkt\\\/das-original-soena-for-men-black-mask-maskenpinsel-xxl-tube-100-ml-entfernt-mitesser-peel-off-maske-gegen-unreine-haut-mit-aktivkohle-schwarze-maske-zum-abziehen-blackh\\\/\",\"url\":\"https:\\\/\\\/marktxxl.de\\\/markt\\\/produkt\\\/das-original-soena-for-men-black-mask-maskenpinsel-xxl-tube-100-ml-entfernt-mitesser-peel-off-maske-gegen-unreine-haut-mit-aktivkohle-schwarze-maske-zum-abziehen-blackh\\\/\",\"name\":\"Das ORIGINAL - SOENA\u00ae for MEN Black Mask + MASKENPINSEL | XXL Tube 100 ml | Entfernt Mitesser \u2013 Peel-Off Maske - Gegen\u2026 - Markt-XXL\",\"isPartOf\":{\"@id\":\"https:\\\/\\\/marktxxl.de\\\/markt\\\/#website\"},\"primaryImageOfPage\":{\"@id\":\"https:\\\/\\\/marktxxl.de\\\/markt\\\/produkt\\\/das-original-soena-for-men-black-mask-maskenpinsel-xxl-tube-100-ml-entfernt-mitesser-peel-off-maske-gegen-unreine-haut-mit-aktivkohle-schwarze-maske-zum-abziehen-blackh\\\/#primaryimage\"},\"image\":{\"@id\":\"https:\\\/\\\/marktxxl.de\\\/markt\\\/produkt\\\/das-original-soena-for-men-black-mask-maskenpinsel-xxl-tube-100-ml-entfernt-mitesser-peel-off-maske-gegen-unreine-haut-mit-aktivkohle-schwarze-maske-zum-abziehen-blackh\\\/#primaryimage\"},\"thumbnailUrl\":\"https:\\\/\\\/m.media-amazon.com\\\/images\\\/I\\\/51qRLodjEuL._SL500_.jpg\",\"datePublished\":\"2022-01-27T13:16:01+00:00\",\"dateModified\":\"2023-04-08T00:49:36+00:00\",\"description\":\"Markt-XXL Das ORIGINAL - SOENA\u00ae for MEN Black Mask + MASKENPINSEL | XXL Tube 100 ml | Entfernt Mitesser \u2013 Peel-Off Maske - Gegen\u2026\",\"breadcrumb\":{\"@id\":\"https:\\\/\\\/marktxxl.de\\\/markt\\\/produkt\\\/das-original-soena-for-men-black-mask-maskenpinsel-xxl-tube-100-ml-entfernt-mitesser-peel-off-maske-gegen-unreine-haut-mit-aktivkohle-schwarze-maske-zum-abziehen-blackh\\\/#breadcrumb\"},\"inLanguage\":\"de\",\"potentialAction\":[{\"@type\":\"ReadAction\",\"target\":[\"https:\\\/\\\/marktxxl.de\\\/markt\\\/produkt\\\/das-original-soena-for-men-black-mask-maskenpinsel-xxl-tube-100-ml-entfernt-mitesser-peel-off-maske-gegen-unreine-haut-mit-aktivkohle-schwarze-maske-zum-abziehen-blackh\\\/\"]}]},{\"@type\":\"ImageObject\",\"inLanguage\":\"de\",\"@id\":\"https:\\\/\\\/marktxxl.de\\\/markt\\\/produkt\\\/das-original-soena-for-men-black-mask-maskenpinsel-xxl-tube-100-ml-entfernt-mitesser-peel-off-maske-gegen-unreine-haut-mit-aktivkohle-schwarze-maske-zum-abziehen-blackh\\\/#primaryimage\",\"url\":\"https:\\\/\\\/m.media-amazon.com\\\/images\\\/I\\\/51qRLodjEuL._SL500_.jpg\",\"contentUrl\":\"https:\\\/\\\/m.media-amazon.com\\\/images\\\/I\\\/51qRLodjEuL._SL500_.jpg\",\"width\":500,\"height\":500},{\"@type\":\"BreadcrumbList\",\"@id\":\"https:\\\/\\\/marktxxl.de\\\/markt\\\/produkt\\\/das-original-soena-for-men-black-mask-maskenpinsel-xxl-tube-100-ml-entfernt-mitesser-peel-off-maske-gegen-unreine-haut-mit-aktivkohle-schwarze-maske-zum-abziehen-blackh\\\/#breadcrumb\",\"itemListElement\":[{\"@type\":\"ListItem\",\"position\":1,\"name\":\"Startseite\",\"item\":\"https:\\\/\\\/marktxxl.de\\\/markt\\\/\"},{\"@type\":\"ListItem\",\"position\":2,\"name\":\"Markt\",\"item\":\"https:\\\/\\\/marktxxl.de\\\/markt\\\/\"},{\"@type\":\"ListItem\",\"position\":3,\"name\":\"Das ORIGINAL &#8211; SOENA\u00ae for MEN Black Mask + MASKENPINSEL | XXL Tube 100 ml | Entfernt Mitesser \u2013 Peel-Off Maske &#8211; Gegen\u2026\"}]},{\"@type\":\"WebSite\",\"@id\":\"https:\\\/\\\/marktxxl.de\\\/markt\\\/#website\",\"url\":\"https:\\\/\\\/marktxxl.de\\\/markt\\\/\",\"name\":\"Markt-XXL\",\"description\":\"Ihr Markt Online\",\"publisher\":{\"@id\":\"https:\\\/\\\/marktxxl.de\\\/markt\\\/#organization\"},\"potentialAction\":[{\"@type\":\"SearchAction\",\"target\":{\"@type\":\"EntryPoint\",\"urlTemplate\":\"https:\\\/\\\/marktxxl.de\\\/markt\\\/?s={search_term_string}\"},\"query-input\":{\"@type\":\"PropertyValueSpecification\",\"valueRequired\":true,\"valueName\":\"search_term_string\"}}],\"inLanguage\":\"de\"},{\"@type\":\"Organization\",\"@id\":\"https:\\\/\\\/marktxxl.de\\\/markt\\\/#organization\",\"name\":\"Markt-XXL\",\"url\":\"https:\\\/\\\/marktxxl.de\\\/markt\\\/\",\"logo\":{\"@type\":\"ImageObject\",\"inLanguage\":\"de\",\"@id\":\"https:\\\/\\\/marktxxl.de\\\/markt\\\/#\\\/schema\\\/logo\\\/image\\\/\",\"url\":\"https:\\\/\\\/marktxxl.de\\\/markt\\\/wp-content\\\/uploads\\\/sites\\\/3\\\/2020\\\/12\\\/logo.png\",\"contentUrl\":\"https:\\\/\\\/marktxxl.de\\\/markt\\\/wp-content\\\/uploads\\\/sites\\\/3\\\/2020\\\/12\\\/logo.png\",\"width\":200,\"height\":70,\"caption\":\"Markt-XXL\"},\"image\":{\"@id\":\"https:\\\/\\\/marktxxl.de\\\/markt\\\/#\\\/schema\\\/logo\\\/image\\\/\"}}]}<\/script>\n<!-- \/ Yoast SEO plugin. -->","yoast_head_json":{"title":"Das ORIGINAL - SOENA\u00ae for MEN Black Mask + MASKENPINSEL | XXL Tube 100 ml | Entfernt Mitesser \u2013 Peel-Off Maske - Gegen\u2026 - Markt-XXL","description":"Markt-XXL Das ORIGINAL - SOENA\u00ae for MEN Black Mask + MASKENPINSEL | XXL Tube 100 ml | Entfernt Mitesser \u2013 Peel-Off Maske - Gegen\u2026","robots":{"index":"index","follow":"follow","max-snippet":"max-snippet:-1","max-image-preview":"max-image-preview:large","max-video-preview":"max-video-preview:-1"},"canonical":"https:\/\/marktxxl.de\/markt\/produkt\/das-original-soena-for-men-black-mask-maskenpinsel-xxl-tube-100-ml-entfernt-mitesser-peel-off-maske-gegen-unreine-haut-mit-aktivkohle-schwarze-maske-zum-abziehen-blackh\/","og_locale":"de_DE","og_type":"article","og_title":"Das ORIGINAL - SOENA\u00ae for MEN Black Mask + MASKENPINSEL | XXL Tube 100 ml | Entfernt Mitesser \u2013 Peel-Off Maske - Gegen\u2026 - Markt-XXL","og_description":"Markt-XXL Das ORIGINAL - SOENA\u00ae for MEN Black Mask + MASKENPINSEL | XXL Tube 100 ml | Entfernt Mitesser \u2013 Peel-Off Maske - Gegen\u2026","og_url":"https:\/\/marktxxl.de\/markt\/produkt\/das-original-soena-for-men-black-mask-maskenpinsel-xxl-tube-100-ml-entfernt-mitesser-peel-off-maske-gegen-unreine-haut-mit-aktivkohle-schwarze-maske-zum-abziehen-blackh\/","og_site_name":"Markt-XXL","article_modified_time":"2023-04-08T00:49:36+00:00","og_image":[{"width":500,"height":500,"url":"https:\/\/m.media-amazon.com\/images\/I\/51qRLodjEuL._SL500_.jpg","type":"image\/jpeg"}],"twitter_card":"summary_large_image","twitter_misc":{"Gesch\u00e4tzte Lesezeit":"1\u00a0Minute"},"schema":{"@context":"https:\/\/schema.org","@graph":[{"@type":"WebPage","@id":"https:\/\/marktxxl.de\/markt\/produkt\/das-original-soena-for-men-black-mask-maskenpinsel-xxl-tube-100-ml-entfernt-mitesser-peel-off-maske-gegen-unreine-haut-mit-aktivkohle-schwarze-maske-zum-abziehen-blackh\/","url":"https:\/\/marktxxl.de\/markt\/produkt\/das-original-soena-for-men-black-mask-maskenpinsel-xxl-tube-100-ml-entfernt-mitesser-peel-off-maske-gegen-unreine-haut-mit-aktivkohle-schwarze-maske-zum-abziehen-blackh\/","name":"Das ORIGINAL - SOENA\u00ae for MEN Black Mask + MASKENPINSEL | XXL Tube 100 ml | Entfernt Mitesser \u2013 Peel-Off Maske - Gegen\u2026 - Markt-XXL","isPartOf":{"@id":"https:\/\/marktxxl.de\/markt\/#website"},"primaryImageOfPage":{"@id":"https:\/\/marktxxl.de\/markt\/produkt\/das-original-soena-for-men-black-mask-maskenpinsel-xxl-tube-100-ml-entfernt-mitesser-peel-off-maske-gegen-unreine-haut-mit-aktivkohle-schwarze-maske-zum-abziehen-blackh\/#primaryimage"},"image":{"@id":"https:\/\/marktxxl.de\/markt\/produkt\/das-original-soena-for-men-black-mask-maskenpinsel-xxl-tube-100-ml-entfernt-mitesser-peel-off-maske-gegen-unreine-haut-mit-aktivkohle-schwarze-maske-zum-abziehen-blackh\/#primaryimage"},"thumbnailUrl":"https:\/\/m.media-amazon.com\/images\/I\/51qRLodjEuL._SL500_.jpg","datePublished":"2022-01-27T13:16:01+00:00","dateModified":"2023-04-08T00:49:36+00:00","description":"Markt-XXL Das ORIGINAL - SOENA\u00ae for MEN Black Mask + MASKENPINSEL | XXL Tube 100 ml | Entfernt Mitesser \u2013 Peel-Off Maske - Gegen\u2026","breadcrumb":{"@id":"https:\/\/marktxxl.de\/markt\/produkt\/das-original-soena-for-men-black-mask-maskenpinsel-xxl-tube-100-ml-entfernt-mitesser-peel-off-maske-gegen-unreine-haut-mit-aktivkohle-schwarze-maske-zum-abziehen-blackh\/#breadcrumb"},"inLanguage":"de","potentialAction":[{"@type":"ReadAction","target":["https:\/\/marktxxl.de\/markt\/produkt\/das-original-soena-for-men-black-mask-maskenpinsel-xxl-tube-100-ml-entfernt-mitesser-peel-off-maske-gegen-unreine-haut-mit-aktivkohle-schwarze-maske-zum-abziehen-blackh\/"]}]},{"@type":"ImageObject","inLanguage":"de","@id":"https:\/\/marktxxl.de\/markt\/produkt\/das-original-soena-for-men-black-mask-maskenpinsel-xxl-tube-100-ml-entfernt-mitesser-peel-off-maske-gegen-unreine-haut-mit-aktivkohle-schwarze-maske-zum-abziehen-blackh\/#primaryimage","url":"https:\/\/m.media-amazon.com\/images\/I\/51qRLodjEuL._SL500_.jpg","contentUrl":"https:\/\/m.media-amazon.com\/images\/I\/51qRLodjEuL._SL500_.jpg","width":500,"height":500},{"@type":"BreadcrumbList","@id":"https:\/\/marktxxl.de\/markt\/produkt\/das-original-soena-for-men-black-mask-maskenpinsel-xxl-tube-100-ml-entfernt-mitesser-peel-off-maske-gegen-unreine-haut-mit-aktivkohle-schwarze-maske-zum-abziehen-blackh\/#breadcrumb","itemListElement":[{"@type":"ListItem","position":1,"name":"Startseite","item":"https:\/\/marktxxl.de\/markt\/"},{"@type":"ListItem","position":2,"name":"Markt","item":"https:\/\/marktxxl.de\/markt\/"},{"@type":"ListItem","position":3,"name":"Das ORIGINAL &#8211; SOENA\u00ae for MEN Black Mask + MASKENPINSEL | XXL Tube 100 ml | Entfernt Mitesser \u2013 Peel-Off Maske &#8211; Gegen\u2026"}]},{"@type":"WebSite","@id":"https:\/\/marktxxl.de\/markt\/#website","url":"https:\/\/marktxxl.de\/markt\/","name":"Markt-XXL","description":"Ihr Markt Online","publisher":{"@id":"https:\/\/marktxxl.de\/markt\/#organization"},"potentialAction":[{"@type":"SearchAction","target":{"@type":"EntryPoint","urlTemplate":"https:\/\/marktxxl.de\/markt\/?s={search_term_string}"},"query-input":{"@type":"PropertyValueSpecification","valueRequired":true,"valueName":"search_term_string"}}],"inLanguage":"de"},{"@type":"Organization","@id":"https:\/\/marktxxl.de\/markt\/#organization","name":"Markt-XXL","url":"https:\/\/marktxxl.de\/markt\/","logo":{"@type":"ImageObject","inLanguage":"de","@id":"https:\/\/marktxxl.de\/markt\/#\/schema\/logo\/image\/","url":"https:\/\/marktxxl.de\/markt\/wp-content\/uploads\/sites\/3\/2020\/12\/logo.png","contentUrl":"https:\/\/marktxxl.de\/markt\/wp-content\/uploads\/sites\/3\/2020\/12\/logo.png","width":200,"height":70,"caption":"Markt-XXL"},"image":{"@id":"https:\/\/marktxxl.de\/markt\/#\/schema\/logo\/image\/"}}]}},"_links":{"self":[{"href":"https:\/\/marktxxl.de\/markt\/wp-json\/wp\/v2\/product\/97596","targetHints":{"allow":["GET"]}}],"collection":[{"href":"https:\/\/marktxxl.de\/markt\/wp-json\/wp\/v2\/product"}],"about":[{"href":"https:\/\/marktxxl.de\/markt\/wp-json\/wp\/v2\/types\/product"}],"replies":[{"embeddable":true,"href":"https:\/\/marktxxl.de\/markt\/wp-json\/wp\/v2\/comments?post=97596"}],"wp:featuredmedia":[{"embeddable":true,"href":"https:\/\/marktxxl.de\/markt\/wp-json\/wp\/v2\/media\/97597"}],"wp:attachment":[{"href":"https:\/\/marktxxl.de\/markt\/wp-json\/wp\/v2\/media?parent=97596"}],"wp:term":[{"taxonomy":"product_brand","embeddable":true,"href":"https:\/\/marktxxl.de\/markt\/wp-json\/wp\/v2\/product_brand?post=97596"},{"taxonomy":"product_cat","embeddable":true,"href":"https:\/\/marktxxl.de\/markt\/wp-json\/wp\/v2\/product_cat?post=97596"},{"taxonomy":"product_tag","embeddable":true,"href":"https:\/\/marktxxl.de\/markt\/wp-json\/wp\/v2\/product_tag?post=97596"}],"curies":[{"name":"wp","href":"https:\/\/api.w.org\/{rel}","templated":true}]}}