{"id":97571,"date":"2022-01-27T14:15:44","date_gmt":"2022-01-27T13:15:44","guid":{"rendered":"https:\/\/marktxxl.de\/markt\/produkt\/beard-growth-kit-vikicon-bartpflege-set-bartwachstum-kit-fuer-maenner-bart-derma-roller-bartwachstum-serum-oel-bart-balsam\/"},"modified":"2023-04-08T02:49:36","modified_gmt":"2023-04-08T00:49:36","slug":"beard-growth-kit-vikicon-bartpflege-set-bartwachstum-kit-fuer-maenner-bart-derma-roller-bartwachstum-serum-oel-bart-balsam","status":"publish","type":"product","link":"https:\/\/marktxxl.de\/markt\/produkt\/beard-growth-kit-vikicon-bartpflege-set-bartwachstum-kit-fuer-maenner-bart-derma-roller-bartwachstum-serum-oel-bart-balsam\/","title":{"rendered":"Beard Growth Kit, VIKICON Bartpflege Set, Bartwachstum Kit f\u00fcr M\u00e4nner, Bart Derma Roller Bartwachstum Serum \u00d6l Bart\u2026"},"content":{"rendered":"<p>Speziell f\u00fcr M\u00e4nner entwickelt: VIKICON beard growth kit f\u00fcr M\u00e4nnerb\u00e4rte. Ein Bartwachstumspflege-Set enth\u00e4lt 3 Komponenten. Bart Derma Roller, Das Bartwachstumsserum, Bartbalsam. Der Derma-Roller f\u00f6rdert die Durchblutung des behandelten Bereichs, w\u00e4hrend das Serum Vitamine und N\u00e4hrstoffe liefert, die f\u00fcr das Bartwachstum ben\u00f6tigt werden. Sie werden dickere und l\u00e4ngere B\u00e4rte gewinnen, die m\u00e4nnlicher und selbstbewusster aussehen.<br \/>\nBartnadel-Mikronadelprinzip: 0,25 mm 540 Titannadeln erzeugen Tausende mikroskopischer Kan\u00e4le und aktivieren den nat\u00fcrlichen Heilungsprozess des K\u00f6rpers. Und das Aktivatorserum aktiviert Ihre ruhenden Follikel und st\u00e4rkt Ihre Haare. In Kombination mit der Bartwalze erh\u00f6hen Sie die Absorption des Serums, beschleunigen das Bartwachstum und die Verdickung.<br \/>\nBeste Bartpflege: Bartwachstums\u00f6l und Bartbalsam bestehen aus reinen nat\u00fcrlichen Inhaltsstoffen und wurden professionell getestet. Die Wirkstoffe k\u00f6nnen das Haarwachstum im Gesicht bei M\u00e4nnern unterst\u00fctzen, Bartbalsam kann gegl\u00e4ttet, gegl\u00e4ttet und der Bart kontrolliert werden, und Sie sehen attraktiver aus.<br \/>\nHergestellt aus nat\u00fcrlichen Inhaltsstoffen: Z\u00e4hmen Sie selbst die wildeste Forstwirtschaft im Gesicht mit dieser leistungsstarken Formel aus wirksamen nat\u00fcrlichen Inhaltsstoffen. Argan\u00f6l, Jojoba, Hagebutte und Ringelblume f\u00fcttern jeweils Ihren Bart und unterdr\u00fccken ihn, wodurch er sich weich und sanft anf\u00fchlt.<br \/>\nPerfektes Geschenk f\u00fcr M\u00e4nner: Geben Sie ihm eine \u00dcberraschung, das VIKICON Beard Growth Kit ist ein perfektes Geschenk f\u00fcr einen Bartmann zum Geburtstag, Valentinstag, Vatertag, Weihnachtstag oder zu jedem anderen besonderen Anlass.<br \/>\n<div class=\"main-cross-sell\" data-asin=\"B083FGCGLG\">\n\n\t<div class=\"WooZone-cross-sell-loader\">\n\t\t<div>\n\t\t\t<div id=\"floatingBarsG\">\n\t\t\t\t<div class=\"blockG\" id=\"rotateG_01\"><\/div>\n\t\t\t\t<div class=\"blockG\" id=\"rotateG_02\"><\/div>\n\t\t\t\t<div class=\"blockG\" id=\"rotateG_03\"><\/div>\n\t\t\t\t<div class=\"blockG\" id=\"rotateG_04\"><\/div>\n\t\t\t\t<div class=\"blockG\" id=\"rotateG_05\"><\/div>\n\t\t\t\t<div class=\"blockG\" id=\"rotateG_06\"><\/div>\n\t\t\t\t<div class=\"blockG\" id=\"rotateG_07\"><\/div>\n\t\t\t\t<div class=\"blockG\" id=\"rotateG_08\"><\/div>\n\t\t\t<\/div>\n\t\t\t<div class=\"WooZone-cross-sell-loader-text\"><\/div>\n\t\t<\/div>\n\t<\/div>\n\n\t\t\n<\/div>\n<div style=\"clear:both;\"><\/div><\/p>\n","protected":false},"excerpt":{"rendered":"<p>Speziell f\u00fcr M\u00e4nner entwickelt: VIKICON beard growth kit f\u00fcr M\u00e4nnerb\u00e4rte. Ein Bartwachstumspflege-Set enth\u00e4lt 3 Komponenten. Bart Derma Roller, Das Bartwachstumsserum, Bartbalsam. Der Derma-Roller f\u00f6rdert die Durchblutung des behandelten Bereichs, w\u00e4hrend das Serum Vitamine und N\u00e4hrstoffe liefert, die f\u00fcr das Bartwachstum ben\u00f6tigt werden. Sie werden dickere und l\u00e4ngere B\u00e4rte gewinnen, die m\u00e4nnlicher und selbstbewusster aussehen.<br \/>\nBartnadel-Mikronadelprinzip: 0,25 mm 540 Titannadeln erzeugen Tausende mikroskopischer Kan\u00e4le und aktivieren den nat\u00fcrlichen Heilungsprozess des K\u00f6rpers. Und das Aktivatorserum aktiviert Ihre ruhenden Follikel und st\u00e4rkt Ihre Haare. In Kombination mit der Bartwalze erh\u00f6hen Sie die Absorption des Serums, beschleunigen das Bartwachstum und die Verdickung.<br \/>\nBeste Bartpflege: Bartwachstums\u00f6l und Bartbalsam bestehen aus reinen nat\u00fcrlichen Inhaltsstoffen und wurden professionell getestet. Die Wirkstoffe k\u00f6nnen das Haarwachstum im Gesicht bei M\u00e4nnern unterst\u00fctzen, Bartbalsam kann gegl\u00e4ttet, gegl\u00e4ttet und der Bart kontrolliert werden, und Sie sehen attraktiver aus.<\/p>\n","protected":false},"featured_media":97572,"comment_status":"open","ping_status":"closed","template":"","meta":[],"product_brand":[],"product_cat":[2858,7067],"product_tag":[],"class_list":{"0":"post-97571","1":"product","2":"type-product","3":"status-publish","4":"has-post-thumbnail","6":"product_cat-beauty","7":"product_cat-hautpflege","8":"pa_brand-invjoy","9":"pa_manufacturer-invjoy","10":"pa_model-aa1","11":"pa_size-3-stueck-1er-pack","13":"first","14":"instock","15":"shipping-taxable","16":"purchasable","17":"product-type-simple","18":"customify-col","19":"product-has-gallery"},"yoast_head":"<!-- This site is optimized with the Yoast SEO plugin v27.4 - https:\/\/yoast.com\/product\/yoast-seo-wordpress\/ -->\n<title>Beard Growth Kit, VIKICON Bartpflege Set, Bartwachstum Kit f\u00fcr M\u00e4nner, Bart Derma Roller Bartwachstum Serum \u00d6l Bart\u2026 - Markt-XXL<\/title>\n<meta name=\"description\" content=\"Markt-XXL Beard Growth Kit, VIKICON Bartpflege Set, Bartwachstum Kit f\u00fcr M\u00e4nner, Bart Derma Roller Bartwachstum Serum \u00d6l Bart\u2026\" \/>\n<meta name=\"robots\" content=\"index, follow, max-snippet:-1, max-image-preview:large, max-video-preview:-1\" \/>\n<link rel=\"canonical\" href=\"https:\/\/marktxxl.de\/markt\/produkt\/beard-growth-kit-vikicon-bartpflege-set-bartwachstum-kit-fuer-maenner-bart-derma-roller-bartwachstum-serum-oel-bart-balsam\/\" \/>\n<meta property=\"og:locale\" content=\"de_DE\" \/>\n<meta property=\"og:type\" content=\"article\" \/>\n<meta property=\"og:title\" content=\"Beard Growth Kit, VIKICON Bartpflege Set, Bartwachstum Kit f\u00fcr M\u00e4nner, Bart Derma Roller Bartwachstum Serum \u00d6l Bart\u2026 - Markt-XXL\" \/>\n<meta property=\"og:description\" content=\"Markt-XXL Beard Growth Kit, VIKICON Bartpflege Set, Bartwachstum Kit f\u00fcr M\u00e4nner, Bart Derma Roller Bartwachstum Serum \u00d6l Bart\u2026\" \/>\n<meta property=\"og:url\" content=\"https:\/\/marktxxl.de\/markt\/produkt\/beard-growth-kit-vikicon-bartpflege-set-bartwachstum-kit-fuer-maenner-bart-derma-roller-bartwachstum-serum-oel-bart-balsam\/\" \/>\n<meta property=\"og:site_name\" content=\"Markt-XXL\" \/>\n<meta property=\"article:modified_time\" content=\"2023-04-08T00:49:36+00:00\" \/>\n<meta property=\"og:image\" content=\"https:\/\/m.media-amazon.com\/images\/I\/51sItfMEDhL._SL500_.jpg\" \/>\n\t<meta property=\"og:image:width\" content=\"500\" \/>\n\t<meta property=\"og:image:height\" content=\"500\" \/>\n\t<meta property=\"og:image:type\" content=\"image\/jpeg\" \/>\n<meta name=\"twitter:card\" content=\"summary_large_image\" \/>\n<meta name=\"twitter:label1\" content=\"Gesch\u00e4tzte Lesezeit\" \/>\n\t<meta name=\"twitter:data1\" content=\"1\u00a0Minute\" \/>\n<script type=\"application\/ld+json\" class=\"yoast-schema-graph\">{\"@context\":\"https:\\\/\\\/schema.org\",\"@graph\":[{\"@type\":\"WebPage\",\"@id\":\"https:\\\/\\\/marktxxl.de\\\/markt\\\/produkt\\\/beard-growth-kit-vikicon-bartpflege-set-bartwachstum-kit-fuer-maenner-bart-derma-roller-bartwachstum-serum-oel-bart-balsam\\\/\",\"url\":\"https:\\\/\\\/marktxxl.de\\\/markt\\\/produkt\\\/beard-growth-kit-vikicon-bartpflege-set-bartwachstum-kit-fuer-maenner-bart-derma-roller-bartwachstum-serum-oel-bart-balsam\\\/\",\"name\":\"Beard Growth Kit, VIKICON Bartpflege Set, Bartwachstum Kit f\u00fcr M\u00e4nner, Bart Derma Roller Bartwachstum Serum \u00d6l Bart\u2026 - Markt-XXL\",\"isPartOf\":{\"@id\":\"https:\\\/\\\/marktxxl.de\\\/markt\\\/#website\"},\"primaryImageOfPage\":{\"@id\":\"https:\\\/\\\/marktxxl.de\\\/markt\\\/produkt\\\/beard-growth-kit-vikicon-bartpflege-set-bartwachstum-kit-fuer-maenner-bart-derma-roller-bartwachstum-serum-oel-bart-balsam\\\/#primaryimage\"},\"image\":{\"@id\":\"https:\\\/\\\/marktxxl.de\\\/markt\\\/produkt\\\/beard-growth-kit-vikicon-bartpflege-set-bartwachstum-kit-fuer-maenner-bart-derma-roller-bartwachstum-serum-oel-bart-balsam\\\/#primaryimage\"},\"thumbnailUrl\":\"https:\\\/\\\/m.media-amazon.com\\\/images\\\/I\\\/51sItfMEDhL._SL500_.jpg\",\"datePublished\":\"2022-01-27T13:15:44+00:00\",\"dateModified\":\"2023-04-08T00:49:36+00:00\",\"description\":\"Markt-XXL Beard Growth Kit, VIKICON Bartpflege Set, Bartwachstum Kit f\u00fcr M\u00e4nner, Bart Derma Roller Bartwachstum Serum \u00d6l Bart\u2026\",\"breadcrumb\":{\"@id\":\"https:\\\/\\\/marktxxl.de\\\/markt\\\/produkt\\\/beard-growth-kit-vikicon-bartpflege-set-bartwachstum-kit-fuer-maenner-bart-derma-roller-bartwachstum-serum-oel-bart-balsam\\\/#breadcrumb\"},\"inLanguage\":\"de\",\"potentialAction\":[{\"@type\":\"ReadAction\",\"target\":[\"https:\\\/\\\/marktxxl.de\\\/markt\\\/produkt\\\/beard-growth-kit-vikicon-bartpflege-set-bartwachstum-kit-fuer-maenner-bart-derma-roller-bartwachstum-serum-oel-bart-balsam\\\/\"]}]},{\"@type\":\"ImageObject\",\"inLanguage\":\"de\",\"@id\":\"https:\\\/\\\/marktxxl.de\\\/markt\\\/produkt\\\/beard-growth-kit-vikicon-bartpflege-set-bartwachstum-kit-fuer-maenner-bart-derma-roller-bartwachstum-serum-oel-bart-balsam\\\/#primaryimage\",\"url\":\"https:\\\/\\\/m.media-amazon.com\\\/images\\\/I\\\/51sItfMEDhL._SL500_.jpg\",\"contentUrl\":\"https:\\\/\\\/m.media-amazon.com\\\/images\\\/I\\\/51sItfMEDhL._SL500_.jpg\",\"width\":500,\"height\":500},{\"@type\":\"BreadcrumbList\",\"@id\":\"https:\\\/\\\/marktxxl.de\\\/markt\\\/produkt\\\/beard-growth-kit-vikicon-bartpflege-set-bartwachstum-kit-fuer-maenner-bart-derma-roller-bartwachstum-serum-oel-bart-balsam\\\/#breadcrumb\",\"itemListElement\":[{\"@type\":\"ListItem\",\"position\":1,\"name\":\"Startseite\",\"item\":\"https:\\\/\\\/marktxxl.de\\\/markt\\\/\"},{\"@type\":\"ListItem\",\"position\":2,\"name\":\"Markt\",\"item\":\"https:\\\/\\\/marktxxl.de\\\/markt\\\/\"},{\"@type\":\"ListItem\",\"position\":3,\"name\":\"Beard Growth Kit, VIKICON Bartpflege Set, Bartwachstum Kit f\u00fcr M\u00e4nner, Bart Derma Roller Bartwachstum Serum \u00d6l Bart\u2026\"}]},{\"@type\":\"WebSite\",\"@id\":\"https:\\\/\\\/marktxxl.de\\\/markt\\\/#website\",\"url\":\"https:\\\/\\\/marktxxl.de\\\/markt\\\/\",\"name\":\"Markt-XXL\",\"description\":\"Ihr Markt Online\",\"publisher\":{\"@id\":\"https:\\\/\\\/marktxxl.de\\\/markt\\\/#organization\"},\"potentialAction\":[{\"@type\":\"SearchAction\",\"target\":{\"@type\":\"EntryPoint\",\"urlTemplate\":\"https:\\\/\\\/marktxxl.de\\\/markt\\\/?s={search_term_string}\"},\"query-input\":{\"@type\":\"PropertyValueSpecification\",\"valueRequired\":true,\"valueName\":\"search_term_string\"}}],\"inLanguage\":\"de\"},{\"@type\":\"Organization\",\"@id\":\"https:\\\/\\\/marktxxl.de\\\/markt\\\/#organization\",\"name\":\"Markt-XXL\",\"url\":\"https:\\\/\\\/marktxxl.de\\\/markt\\\/\",\"logo\":{\"@type\":\"ImageObject\",\"inLanguage\":\"de\",\"@id\":\"https:\\\/\\\/marktxxl.de\\\/markt\\\/#\\\/schema\\\/logo\\\/image\\\/\",\"url\":\"https:\\\/\\\/marktxxl.de\\\/markt\\\/wp-content\\\/uploads\\\/sites\\\/3\\\/2020\\\/12\\\/logo.png\",\"contentUrl\":\"https:\\\/\\\/marktxxl.de\\\/markt\\\/wp-content\\\/uploads\\\/sites\\\/3\\\/2020\\\/12\\\/logo.png\",\"width\":200,\"height\":70,\"caption\":\"Markt-XXL\"},\"image\":{\"@id\":\"https:\\\/\\\/marktxxl.de\\\/markt\\\/#\\\/schema\\\/logo\\\/image\\\/\"}}]}<\/script>\n<!-- \/ Yoast SEO plugin. -->","yoast_head_json":{"title":"Beard Growth Kit, VIKICON Bartpflege Set, Bartwachstum Kit f\u00fcr M\u00e4nner, Bart Derma Roller Bartwachstum Serum \u00d6l Bart\u2026 - Markt-XXL","description":"Markt-XXL Beard Growth Kit, VIKICON Bartpflege Set, Bartwachstum Kit f\u00fcr M\u00e4nner, Bart Derma Roller Bartwachstum Serum \u00d6l Bart\u2026","robots":{"index":"index","follow":"follow","max-snippet":"max-snippet:-1","max-image-preview":"max-image-preview:large","max-video-preview":"max-video-preview:-1"},"canonical":"https:\/\/marktxxl.de\/markt\/produkt\/beard-growth-kit-vikicon-bartpflege-set-bartwachstum-kit-fuer-maenner-bart-derma-roller-bartwachstum-serum-oel-bart-balsam\/","og_locale":"de_DE","og_type":"article","og_title":"Beard Growth Kit, VIKICON Bartpflege Set, Bartwachstum Kit f\u00fcr M\u00e4nner, Bart Derma Roller Bartwachstum Serum \u00d6l Bart\u2026 - Markt-XXL","og_description":"Markt-XXL Beard Growth Kit, VIKICON Bartpflege Set, Bartwachstum Kit f\u00fcr M\u00e4nner, Bart Derma Roller Bartwachstum Serum \u00d6l Bart\u2026","og_url":"https:\/\/marktxxl.de\/markt\/produkt\/beard-growth-kit-vikicon-bartpflege-set-bartwachstum-kit-fuer-maenner-bart-derma-roller-bartwachstum-serum-oel-bart-balsam\/","og_site_name":"Markt-XXL","article_modified_time":"2023-04-08T00:49:36+00:00","og_image":[{"width":500,"height":500,"url":"https:\/\/m.media-amazon.com\/images\/I\/51sItfMEDhL._SL500_.jpg","type":"image\/jpeg"}],"twitter_card":"summary_large_image","twitter_misc":{"Gesch\u00e4tzte Lesezeit":"1\u00a0Minute"},"schema":{"@context":"https:\/\/schema.org","@graph":[{"@type":"WebPage","@id":"https:\/\/marktxxl.de\/markt\/produkt\/beard-growth-kit-vikicon-bartpflege-set-bartwachstum-kit-fuer-maenner-bart-derma-roller-bartwachstum-serum-oel-bart-balsam\/","url":"https:\/\/marktxxl.de\/markt\/produkt\/beard-growth-kit-vikicon-bartpflege-set-bartwachstum-kit-fuer-maenner-bart-derma-roller-bartwachstum-serum-oel-bart-balsam\/","name":"Beard Growth Kit, VIKICON Bartpflege Set, Bartwachstum Kit f\u00fcr M\u00e4nner, Bart Derma Roller Bartwachstum Serum \u00d6l Bart\u2026 - Markt-XXL","isPartOf":{"@id":"https:\/\/marktxxl.de\/markt\/#website"},"primaryImageOfPage":{"@id":"https:\/\/marktxxl.de\/markt\/produkt\/beard-growth-kit-vikicon-bartpflege-set-bartwachstum-kit-fuer-maenner-bart-derma-roller-bartwachstum-serum-oel-bart-balsam\/#primaryimage"},"image":{"@id":"https:\/\/marktxxl.de\/markt\/produkt\/beard-growth-kit-vikicon-bartpflege-set-bartwachstum-kit-fuer-maenner-bart-derma-roller-bartwachstum-serum-oel-bart-balsam\/#primaryimage"},"thumbnailUrl":"https:\/\/m.media-amazon.com\/images\/I\/51sItfMEDhL._SL500_.jpg","datePublished":"2022-01-27T13:15:44+00:00","dateModified":"2023-04-08T00:49:36+00:00","description":"Markt-XXL Beard Growth Kit, VIKICON Bartpflege Set, Bartwachstum Kit f\u00fcr M\u00e4nner, Bart Derma Roller Bartwachstum Serum \u00d6l Bart\u2026","breadcrumb":{"@id":"https:\/\/marktxxl.de\/markt\/produkt\/beard-growth-kit-vikicon-bartpflege-set-bartwachstum-kit-fuer-maenner-bart-derma-roller-bartwachstum-serum-oel-bart-balsam\/#breadcrumb"},"inLanguage":"de","potentialAction":[{"@type":"ReadAction","target":["https:\/\/marktxxl.de\/markt\/produkt\/beard-growth-kit-vikicon-bartpflege-set-bartwachstum-kit-fuer-maenner-bart-derma-roller-bartwachstum-serum-oel-bart-balsam\/"]}]},{"@type":"ImageObject","inLanguage":"de","@id":"https:\/\/marktxxl.de\/markt\/produkt\/beard-growth-kit-vikicon-bartpflege-set-bartwachstum-kit-fuer-maenner-bart-derma-roller-bartwachstum-serum-oel-bart-balsam\/#primaryimage","url":"https:\/\/m.media-amazon.com\/images\/I\/51sItfMEDhL._SL500_.jpg","contentUrl":"https:\/\/m.media-amazon.com\/images\/I\/51sItfMEDhL._SL500_.jpg","width":500,"height":500},{"@type":"BreadcrumbList","@id":"https:\/\/marktxxl.de\/markt\/produkt\/beard-growth-kit-vikicon-bartpflege-set-bartwachstum-kit-fuer-maenner-bart-derma-roller-bartwachstum-serum-oel-bart-balsam\/#breadcrumb","itemListElement":[{"@type":"ListItem","position":1,"name":"Startseite","item":"https:\/\/marktxxl.de\/markt\/"},{"@type":"ListItem","position":2,"name":"Markt","item":"https:\/\/marktxxl.de\/markt\/"},{"@type":"ListItem","position":3,"name":"Beard Growth Kit, VIKICON Bartpflege Set, Bartwachstum Kit f\u00fcr M\u00e4nner, Bart Derma Roller Bartwachstum Serum \u00d6l Bart\u2026"}]},{"@type":"WebSite","@id":"https:\/\/marktxxl.de\/markt\/#website","url":"https:\/\/marktxxl.de\/markt\/","name":"Markt-XXL","description":"Ihr Markt Online","publisher":{"@id":"https:\/\/marktxxl.de\/markt\/#organization"},"potentialAction":[{"@type":"SearchAction","target":{"@type":"EntryPoint","urlTemplate":"https:\/\/marktxxl.de\/markt\/?s={search_term_string}"},"query-input":{"@type":"PropertyValueSpecification","valueRequired":true,"valueName":"search_term_string"}}],"inLanguage":"de"},{"@type":"Organization","@id":"https:\/\/marktxxl.de\/markt\/#organization","name":"Markt-XXL","url":"https:\/\/marktxxl.de\/markt\/","logo":{"@type":"ImageObject","inLanguage":"de","@id":"https:\/\/marktxxl.de\/markt\/#\/schema\/logo\/image\/","url":"https:\/\/marktxxl.de\/markt\/wp-content\/uploads\/sites\/3\/2020\/12\/logo.png","contentUrl":"https:\/\/marktxxl.de\/markt\/wp-content\/uploads\/sites\/3\/2020\/12\/logo.png","width":200,"height":70,"caption":"Markt-XXL"},"image":{"@id":"https:\/\/marktxxl.de\/markt\/#\/schema\/logo\/image\/"}}]}},"_links":{"self":[{"href":"https:\/\/marktxxl.de\/markt\/wp-json\/wp\/v2\/product\/97571","targetHints":{"allow":["GET"]}}],"collection":[{"href":"https:\/\/marktxxl.de\/markt\/wp-json\/wp\/v2\/product"}],"about":[{"href":"https:\/\/marktxxl.de\/markt\/wp-json\/wp\/v2\/types\/product"}],"replies":[{"embeddable":true,"href":"https:\/\/marktxxl.de\/markt\/wp-json\/wp\/v2\/comments?post=97571"}],"wp:featuredmedia":[{"embeddable":true,"href":"https:\/\/marktxxl.de\/markt\/wp-json\/wp\/v2\/media\/97572"}],"wp:attachment":[{"href":"https:\/\/marktxxl.de\/markt\/wp-json\/wp\/v2\/media?parent=97571"}],"wp:term":[{"taxonomy":"product_brand","embeddable":true,"href":"https:\/\/marktxxl.de\/markt\/wp-json\/wp\/v2\/product_brand?post=97571"},{"taxonomy":"product_cat","embeddable":true,"href":"https:\/\/marktxxl.de\/markt\/wp-json\/wp\/v2\/product_cat?post=97571"},{"taxonomy":"product_tag","embeddable":true,"href":"https:\/\/marktxxl.de\/markt\/wp-json\/wp\/v2\/product_tag?post=97571"}],"curies":[{"name":"wp","href":"https:\/\/api.w.org\/{rel}","templated":true}]}}