{"id":97475,"date":"2022-01-27T14:12:06","date_gmt":"2022-01-27T13:12:06","guid":{"rendered":"https:\/\/marktxxl.de\/markt\/produkt\/revlon-oelabsorbierender-vulkanstein-gesichtsroller-wiederverwendbares-gesichtspflegeprodukt\/"},"modified":"2023-04-08T02:49:35","modified_gmt":"2023-04-08T00:49:35","slug":"revlon-oelabsorbierender-vulkanstein-gesichtsroller-wiederverwendbares-gesichtspflegeprodukt","status":"publish","type":"product","link":"https:\/\/marktxxl.de\/markt\/produkt\/revlon-oelabsorbierender-vulkanstein-gesichtsroller-wiederverwendbares-gesichtspflegeprodukt\/","title":{"rendered":"Revlon \u00d6labsorbierender Vulkanstein-Gesichtsroller, wiederverwendbares Gesichtspflegeprodukt"},"content":{"rendered":"<p>Wie L\u00f6schpapier, aber besser: Dieser Gesichtsroller besteht aus echtem Vulkanstein, der \u00fcbersch\u00fcssiges \u00d6l sofort aufsaugt. Es ist unser Geheimnis f\u00fcr jederzeit frische und glanzfreie Haut. Verwenden Sie ihn auf einem sauberen oder geschminktem Gesicht, er wird Ihr Make-up nicht durcheinander bringen.<br \/>\nMassiert und mattifiziert das Gesicht: Das Rollen des Steinrollers \u00fcber Ihre Haut f\u00fchlt sich himmlisch an, wie eine Mini-Gesichtsmassage. Vergessen Sie Ihren Jade-Roller und verwenden Sie unseren mattierenden 2-in-1 Gesichtsroller f\u00fcr fettige und zu Akne neigende Haut.<br \/>\nEinfach zu verwenden: Rollen Sie den Gesichtsroller sanft \u00fcber Ihre T-Zone oder \u00fcberall dort, wo die Haut gl\u00e4nzt. Und das war&#8217;s.<br \/>\nWeniger Abfall als L\u00f6schpapier: Im Gegensatz zu L\u00f6schpapieren f\u00fcr fettige Haut, die einmal verwendet und weggeworfen werden, ist diese \u00f6labsorbierende Rolle wiederverwendbar. Zum Reinigen drehen Sie den Ring des Rollers zum Entriegeln und ziehen den Stein heraus. Mit einem sanften Reinigungsmittel waschen, absp\u00fclen und an der Luft trocknen, bevor Sie ihn wieder einrasten.<br \/>\nZeigen Sie Mut mit dem Makeup von Revlon: Revlon hat die hochwertigen Beauty-Tools und das hochpigmentierte, kr\u00e4ftige Farb-Make-up, das Sie brauchen, um Sie selbst zu sein. Unsere Instrumente f\u00fcr Gesicht, Augen und N\u00e4gel sind allt\u00e4gliche Notwendigkeiten, die durch Funktion, Form oder Material verbessert wurden (aber trotzdem noch erstaunlich erschwinglich sind).<br \/>\n<div class=\"main-cross-sell\" data-asin=\"B082KZ8ZGM\">\n\n\t<div class=\"WooZone-cross-sell-loader\">\n\t\t<div>\n\t\t\t<div id=\"floatingBarsG\">\n\t\t\t\t<div class=\"blockG\" id=\"rotateG_01\"><\/div>\n\t\t\t\t<div class=\"blockG\" id=\"rotateG_02\"><\/div>\n\t\t\t\t<div class=\"blockG\" id=\"rotateG_03\"><\/div>\n\t\t\t\t<div class=\"blockG\" id=\"rotateG_04\"><\/div>\n\t\t\t\t<div class=\"blockG\" id=\"rotateG_05\"><\/div>\n\t\t\t\t<div class=\"blockG\" id=\"rotateG_06\"><\/div>\n\t\t\t\t<div class=\"blockG\" id=\"rotateG_07\"><\/div>\n\t\t\t\t<div class=\"blockG\" id=\"rotateG_08\"><\/div>\n\t\t\t<\/div>\n\t\t\t<div class=\"WooZone-cross-sell-loader-text\"><\/div>\n\t\t<\/div>\n\t<\/div>\n\n\t\t\n<\/div>\n<div style=\"clear:both;\"><\/div><\/p>\n","protected":false},"excerpt":{"rendered":"<p>Wie L\u00f6schpapier, aber besser: Dieser Gesichtsroller besteht aus echtem Vulkanstein, der \u00fcbersch\u00fcssiges \u00d6l sofort aufsaugt. Es ist unser Geheimnis f\u00fcr jederzeit frische und glanzfreie Haut. Verwenden Sie ihn auf einem sauberen oder geschminktem Gesicht, er wird Ihr Make-up nicht durcheinander bringen.<br \/>\nMassiert und mattifiziert das Gesicht: Das Rollen des Steinrollers \u00fcber Ihre Haut f\u00fchlt sich himmlisch an, wie eine Mini-Gesichtsmassage. Vergessen Sie Ihren Jade-Roller und verwenden Sie unseren mattierenden 2-in-1 Gesichtsroller f\u00fcr fettige und zu Akne neigende Haut.<br \/>\nEinfach zu verwenden: Rollen Sie den Gesichtsroller sanft \u00fcber Ihre T-Zone oder \u00fcberall dort, wo die Haut gl\u00e4nzt. Und das war&#8217;s.<\/p>\n","protected":false},"featured_media":97476,"comment_status":"open","ping_status":"closed","template":"","meta":[],"product_brand":[],"product_cat":[2858,7067],"product_tag":[],"class_list":{"0":"post-97475","1":"product","2":"type-product","3":"status-publish","4":"has-post-thumbnail","6":"product_cat-beauty","7":"product_cat-hautpflege","8":"pa_binding-badartikel","9":"pa_brand-revlon","10":"pa_height-5-748-zoll","11":"pa_length-2-913-zoll","12":"pa_manufacturer-revlon","13":"pa_model-30285","14":"pa_size-1-stueck-1er-pack","15":"pa_weight-0-110231131-pfund","16":"pa_width-1-488-zoll","18":"first","19":"instock","20":"shipping-taxable","21":"purchasable","22":"product-type-simple","23":"customify-col","24":"product-has-gallery"},"yoast_head":"<!-- This site is optimized with the Yoast SEO plugin v27.4 - https:\/\/yoast.com\/product\/yoast-seo-wordpress\/ -->\n<title>Revlon \u00d6labsorbierender Vulkanstein-Gesichtsroller, wiederverwendbares Gesichtspflegeprodukt - Markt-XXL<\/title>\n<meta name=\"description\" content=\"Markt-XXL Revlon \u00d6labsorbierender Vulkanstein-Gesichtsroller, wiederverwendbares Gesichtspflegeprodukt\" \/>\n<meta name=\"robots\" content=\"index, follow, max-snippet:-1, max-image-preview:large, max-video-preview:-1\" \/>\n<link rel=\"canonical\" href=\"https:\/\/marktxxl.de\/markt\/produkt\/revlon-oelabsorbierender-vulkanstein-gesichtsroller-wiederverwendbares-gesichtspflegeprodukt\/\" \/>\n<meta property=\"og:locale\" content=\"de_DE\" \/>\n<meta property=\"og:type\" content=\"article\" \/>\n<meta property=\"og:title\" content=\"Revlon \u00d6labsorbierender Vulkanstein-Gesichtsroller, wiederverwendbares Gesichtspflegeprodukt - Markt-XXL\" \/>\n<meta property=\"og:description\" content=\"Markt-XXL Revlon \u00d6labsorbierender Vulkanstein-Gesichtsroller, wiederverwendbares Gesichtspflegeprodukt\" \/>\n<meta property=\"og:url\" content=\"https:\/\/marktxxl.de\/markt\/produkt\/revlon-oelabsorbierender-vulkanstein-gesichtsroller-wiederverwendbares-gesichtspflegeprodukt\/\" \/>\n<meta property=\"og:site_name\" content=\"Markt-XXL\" \/>\n<meta property=\"article:modified_time\" content=\"2023-04-08T00:49:35+00:00\" \/>\n<meta property=\"og:image\" content=\"https:\/\/m.media-amazon.com\/images\/I\/31HY9uA9rZL._SL500_.jpg\" \/>\n\t<meta property=\"og:image:width\" content=\"500\" \/>\n\t<meta property=\"og:image:height\" content=\"500\" \/>\n\t<meta property=\"og:image:type\" content=\"image\/jpeg\" \/>\n<meta name=\"twitter:card\" content=\"summary_large_image\" \/>\n<meta name=\"twitter:label1\" content=\"Gesch\u00e4tzte Lesezeit\" \/>\n\t<meta name=\"twitter:data1\" content=\"1\u00a0Minute\" \/>\n<script type=\"application\/ld+json\" class=\"yoast-schema-graph\">{\"@context\":\"https:\\\/\\\/schema.org\",\"@graph\":[{\"@type\":\"WebPage\",\"@id\":\"https:\\\/\\\/marktxxl.de\\\/markt\\\/produkt\\\/revlon-oelabsorbierender-vulkanstein-gesichtsroller-wiederverwendbares-gesichtspflegeprodukt\\\/\",\"url\":\"https:\\\/\\\/marktxxl.de\\\/markt\\\/produkt\\\/revlon-oelabsorbierender-vulkanstein-gesichtsroller-wiederverwendbares-gesichtspflegeprodukt\\\/\",\"name\":\"Revlon \u00d6labsorbierender Vulkanstein-Gesichtsroller, wiederverwendbares Gesichtspflegeprodukt - Markt-XXL\",\"isPartOf\":{\"@id\":\"https:\\\/\\\/marktxxl.de\\\/markt\\\/#website\"},\"primaryImageOfPage\":{\"@id\":\"https:\\\/\\\/marktxxl.de\\\/markt\\\/produkt\\\/revlon-oelabsorbierender-vulkanstein-gesichtsroller-wiederverwendbares-gesichtspflegeprodukt\\\/#primaryimage\"},\"image\":{\"@id\":\"https:\\\/\\\/marktxxl.de\\\/markt\\\/produkt\\\/revlon-oelabsorbierender-vulkanstein-gesichtsroller-wiederverwendbares-gesichtspflegeprodukt\\\/#primaryimage\"},\"thumbnailUrl\":\"https:\\\/\\\/m.media-amazon.com\\\/images\\\/I\\\/31HY9uA9rZL._SL500_.jpg\",\"datePublished\":\"2022-01-27T13:12:06+00:00\",\"dateModified\":\"2023-04-08T00:49:35+00:00\",\"description\":\"Markt-XXL Revlon \u00d6labsorbierender Vulkanstein-Gesichtsroller, wiederverwendbares Gesichtspflegeprodukt\",\"breadcrumb\":{\"@id\":\"https:\\\/\\\/marktxxl.de\\\/markt\\\/produkt\\\/revlon-oelabsorbierender-vulkanstein-gesichtsroller-wiederverwendbares-gesichtspflegeprodukt\\\/#breadcrumb\"},\"inLanguage\":\"de\",\"potentialAction\":[{\"@type\":\"ReadAction\",\"target\":[\"https:\\\/\\\/marktxxl.de\\\/markt\\\/produkt\\\/revlon-oelabsorbierender-vulkanstein-gesichtsroller-wiederverwendbares-gesichtspflegeprodukt\\\/\"]}]},{\"@type\":\"ImageObject\",\"inLanguage\":\"de\",\"@id\":\"https:\\\/\\\/marktxxl.de\\\/markt\\\/produkt\\\/revlon-oelabsorbierender-vulkanstein-gesichtsroller-wiederverwendbares-gesichtspflegeprodukt\\\/#primaryimage\",\"url\":\"https:\\\/\\\/m.media-amazon.com\\\/images\\\/I\\\/31HY9uA9rZL._SL500_.jpg\",\"contentUrl\":\"https:\\\/\\\/m.media-amazon.com\\\/images\\\/I\\\/31HY9uA9rZL._SL500_.jpg\",\"width\":500,\"height\":500},{\"@type\":\"BreadcrumbList\",\"@id\":\"https:\\\/\\\/marktxxl.de\\\/markt\\\/produkt\\\/revlon-oelabsorbierender-vulkanstein-gesichtsroller-wiederverwendbares-gesichtspflegeprodukt\\\/#breadcrumb\",\"itemListElement\":[{\"@type\":\"ListItem\",\"position\":1,\"name\":\"Startseite\",\"item\":\"https:\\\/\\\/marktxxl.de\\\/markt\\\/\"},{\"@type\":\"ListItem\",\"position\":2,\"name\":\"Markt\",\"item\":\"https:\\\/\\\/marktxxl.de\\\/markt\\\/\"},{\"@type\":\"ListItem\",\"position\":3,\"name\":\"Revlon \u00d6labsorbierender Vulkanstein-Gesichtsroller, wiederverwendbares Gesichtspflegeprodukt\"}]},{\"@type\":\"WebSite\",\"@id\":\"https:\\\/\\\/marktxxl.de\\\/markt\\\/#website\",\"url\":\"https:\\\/\\\/marktxxl.de\\\/markt\\\/\",\"name\":\"Markt-XXL\",\"description\":\"Ihr Markt Online\",\"publisher\":{\"@id\":\"https:\\\/\\\/marktxxl.de\\\/markt\\\/#organization\"},\"potentialAction\":[{\"@type\":\"SearchAction\",\"target\":{\"@type\":\"EntryPoint\",\"urlTemplate\":\"https:\\\/\\\/marktxxl.de\\\/markt\\\/?s={search_term_string}\"},\"query-input\":{\"@type\":\"PropertyValueSpecification\",\"valueRequired\":true,\"valueName\":\"search_term_string\"}}],\"inLanguage\":\"de\"},{\"@type\":\"Organization\",\"@id\":\"https:\\\/\\\/marktxxl.de\\\/markt\\\/#organization\",\"name\":\"Markt-XXL\",\"url\":\"https:\\\/\\\/marktxxl.de\\\/markt\\\/\",\"logo\":{\"@type\":\"ImageObject\",\"inLanguage\":\"de\",\"@id\":\"https:\\\/\\\/marktxxl.de\\\/markt\\\/#\\\/schema\\\/logo\\\/image\\\/\",\"url\":\"https:\\\/\\\/marktxxl.de\\\/markt\\\/wp-content\\\/uploads\\\/sites\\\/3\\\/2020\\\/12\\\/logo.png\",\"contentUrl\":\"https:\\\/\\\/marktxxl.de\\\/markt\\\/wp-content\\\/uploads\\\/sites\\\/3\\\/2020\\\/12\\\/logo.png\",\"width\":200,\"height\":70,\"caption\":\"Markt-XXL\"},\"image\":{\"@id\":\"https:\\\/\\\/marktxxl.de\\\/markt\\\/#\\\/schema\\\/logo\\\/image\\\/\"}}]}<\/script>\n<!-- \/ Yoast SEO plugin. -->","yoast_head_json":{"title":"Revlon \u00d6labsorbierender Vulkanstein-Gesichtsroller, wiederverwendbares Gesichtspflegeprodukt - Markt-XXL","description":"Markt-XXL Revlon \u00d6labsorbierender Vulkanstein-Gesichtsroller, wiederverwendbares Gesichtspflegeprodukt","robots":{"index":"index","follow":"follow","max-snippet":"max-snippet:-1","max-image-preview":"max-image-preview:large","max-video-preview":"max-video-preview:-1"},"canonical":"https:\/\/marktxxl.de\/markt\/produkt\/revlon-oelabsorbierender-vulkanstein-gesichtsroller-wiederverwendbares-gesichtspflegeprodukt\/","og_locale":"de_DE","og_type":"article","og_title":"Revlon \u00d6labsorbierender Vulkanstein-Gesichtsroller, wiederverwendbares Gesichtspflegeprodukt - Markt-XXL","og_description":"Markt-XXL Revlon \u00d6labsorbierender Vulkanstein-Gesichtsroller, wiederverwendbares Gesichtspflegeprodukt","og_url":"https:\/\/marktxxl.de\/markt\/produkt\/revlon-oelabsorbierender-vulkanstein-gesichtsroller-wiederverwendbares-gesichtspflegeprodukt\/","og_site_name":"Markt-XXL","article_modified_time":"2023-04-08T00:49:35+00:00","og_image":[{"width":500,"height":500,"url":"https:\/\/m.media-amazon.com\/images\/I\/31HY9uA9rZL._SL500_.jpg","type":"image\/jpeg"}],"twitter_card":"summary_large_image","twitter_misc":{"Gesch\u00e4tzte Lesezeit":"1\u00a0Minute"},"schema":{"@context":"https:\/\/schema.org","@graph":[{"@type":"WebPage","@id":"https:\/\/marktxxl.de\/markt\/produkt\/revlon-oelabsorbierender-vulkanstein-gesichtsroller-wiederverwendbares-gesichtspflegeprodukt\/","url":"https:\/\/marktxxl.de\/markt\/produkt\/revlon-oelabsorbierender-vulkanstein-gesichtsroller-wiederverwendbares-gesichtspflegeprodukt\/","name":"Revlon \u00d6labsorbierender Vulkanstein-Gesichtsroller, wiederverwendbares Gesichtspflegeprodukt - Markt-XXL","isPartOf":{"@id":"https:\/\/marktxxl.de\/markt\/#website"},"primaryImageOfPage":{"@id":"https:\/\/marktxxl.de\/markt\/produkt\/revlon-oelabsorbierender-vulkanstein-gesichtsroller-wiederverwendbares-gesichtspflegeprodukt\/#primaryimage"},"image":{"@id":"https:\/\/marktxxl.de\/markt\/produkt\/revlon-oelabsorbierender-vulkanstein-gesichtsroller-wiederverwendbares-gesichtspflegeprodukt\/#primaryimage"},"thumbnailUrl":"https:\/\/m.media-amazon.com\/images\/I\/31HY9uA9rZL._SL500_.jpg","datePublished":"2022-01-27T13:12:06+00:00","dateModified":"2023-04-08T00:49:35+00:00","description":"Markt-XXL Revlon \u00d6labsorbierender Vulkanstein-Gesichtsroller, wiederverwendbares Gesichtspflegeprodukt","breadcrumb":{"@id":"https:\/\/marktxxl.de\/markt\/produkt\/revlon-oelabsorbierender-vulkanstein-gesichtsroller-wiederverwendbares-gesichtspflegeprodukt\/#breadcrumb"},"inLanguage":"de","potentialAction":[{"@type":"ReadAction","target":["https:\/\/marktxxl.de\/markt\/produkt\/revlon-oelabsorbierender-vulkanstein-gesichtsroller-wiederverwendbares-gesichtspflegeprodukt\/"]}]},{"@type":"ImageObject","inLanguage":"de","@id":"https:\/\/marktxxl.de\/markt\/produkt\/revlon-oelabsorbierender-vulkanstein-gesichtsroller-wiederverwendbares-gesichtspflegeprodukt\/#primaryimage","url":"https:\/\/m.media-amazon.com\/images\/I\/31HY9uA9rZL._SL500_.jpg","contentUrl":"https:\/\/m.media-amazon.com\/images\/I\/31HY9uA9rZL._SL500_.jpg","width":500,"height":500},{"@type":"BreadcrumbList","@id":"https:\/\/marktxxl.de\/markt\/produkt\/revlon-oelabsorbierender-vulkanstein-gesichtsroller-wiederverwendbares-gesichtspflegeprodukt\/#breadcrumb","itemListElement":[{"@type":"ListItem","position":1,"name":"Startseite","item":"https:\/\/marktxxl.de\/markt\/"},{"@type":"ListItem","position":2,"name":"Markt","item":"https:\/\/marktxxl.de\/markt\/"},{"@type":"ListItem","position":3,"name":"Revlon \u00d6labsorbierender Vulkanstein-Gesichtsroller, wiederverwendbares Gesichtspflegeprodukt"}]},{"@type":"WebSite","@id":"https:\/\/marktxxl.de\/markt\/#website","url":"https:\/\/marktxxl.de\/markt\/","name":"Markt-XXL","description":"Ihr Markt Online","publisher":{"@id":"https:\/\/marktxxl.de\/markt\/#organization"},"potentialAction":[{"@type":"SearchAction","target":{"@type":"EntryPoint","urlTemplate":"https:\/\/marktxxl.de\/markt\/?s={search_term_string}"},"query-input":{"@type":"PropertyValueSpecification","valueRequired":true,"valueName":"search_term_string"}}],"inLanguage":"de"},{"@type":"Organization","@id":"https:\/\/marktxxl.de\/markt\/#organization","name":"Markt-XXL","url":"https:\/\/marktxxl.de\/markt\/","logo":{"@type":"ImageObject","inLanguage":"de","@id":"https:\/\/marktxxl.de\/markt\/#\/schema\/logo\/image\/","url":"https:\/\/marktxxl.de\/markt\/wp-content\/uploads\/sites\/3\/2020\/12\/logo.png","contentUrl":"https:\/\/marktxxl.de\/markt\/wp-content\/uploads\/sites\/3\/2020\/12\/logo.png","width":200,"height":70,"caption":"Markt-XXL"},"image":{"@id":"https:\/\/marktxxl.de\/markt\/#\/schema\/logo\/image\/"}}]}},"_links":{"self":[{"href":"https:\/\/marktxxl.de\/markt\/wp-json\/wp\/v2\/product\/97475","targetHints":{"allow":["GET"]}}],"collection":[{"href":"https:\/\/marktxxl.de\/markt\/wp-json\/wp\/v2\/product"}],"about":[{"href":"https:\/\/marktxxl.de\/markt\/wp-json\/wp\/v2\/types\/product"}],"replies":[{"embeddable":true,"href":"https:\/\/marktxxl.de\/markt\/wp-json\/wp\/v2\/comments?post=97475"}],"wp:featuredmedia":[{"embeddable":true,"href":"https:\/\/marktxxl.de\/markt\/wp-json\/wp\/v2\/media\/97476"}],"wp:attachment":[{"href":"https:\/\/marktxxl.de\/markt\/wp-json\/wp\/v2\/media?parent=97475"}],"wp:term":[{"taxonomy":"product_brand","embeddable":true,"href":"https:\/\/marktxxl.de\/markt\/wp-json\/wp\/v2\/product_brand?post=97475"},{"taxonomy":"product_cat","embeddable":true,"href":"https:\/\/marktxxl.de\/markt\/wp-json\/wp\/v2\/product_cat?post=97475"},{"taxonomy":"product_tag","embeddable":true,"href":"https:\/\/marktxxl.de\/markt\/wp-json\/wp\/v2\/product_tag?post=97475"}],"curies":[{"name":"wp","href":"https:\/\/api.w.org\/{rel}","templated":true}]}}