{"id":97462,"date":"2022-01-27T14:09:53","date_gmt":"2022-01-27T13:09:53","guid":{"rendered":"https:\/\/marktxxl.de\/markt\/produkt\/bioniva-vitamin-c-serum-fuer-ihr-gesicht-mit-20-vitamin-c-hyaluronsaeure-vitamin-e-ferulasaeure-natuerliche-anti-aging-anti-falten-bio-kollagen-booster-gesichtsserum-mit-organischen-inhalts\/"},"modified":"2023-04-08T02:49:35","modified_gmt":"2023-04-08T00:49:35","slug":"bioniva-vitamin-c-serum-fuer-ihr-gesicht-mit-20-vitamin-c-hyaluronsaeure-vitamin-e-ferulasaeure-natuerliche-anti-aging-anti-falten-bio-kollagen-booster-gesichtsserum-mit-organischen-inhalts","status":"publish","type":"product","link":"https:\/\/marktxxl.de\/markt\/produkt\/bioniva-vitamin-c-serum-fuer-ihr-gesicht-mit-20-vitamin-c-hyaluronsaeure-vitamin-e-ferulasaeure-natuerliche-anti-aging-anti-falten-bio-kollagen-booster-gesichtsserum-mit-organischen-inhalts\/","title":{"rendered":"Bioniva Vitamin C Serum f\u00fcr Ihr Gesicht mit Vitamin C + Hyalurons\u00e4ure + Vitamin E + Ferulas\u00e4ure. Nat\u00fcrliche Anti Aging\u2026"},"content":{"rendered":"<p>HOCHWERTIGES VITAMIN C \/ VEGANE NATURKOSMETIK: Bioniva Vitamin C Serum enth\u00e4lt Vitamin C von h\u00f6chster Qualit\u00e4t in einer Konzentration von 20%, kombiniert mit rein veganer Hyalurons\u00e4ure, um Ihre Haut effektiv zu verj\u00fcngen und Zeichen der Hautalterung zu vermindern.<br \/>\nREDUZIERT UND VERMINDERT HAUTUNREINHEITEN: Das Vitamin C Serum von bioniva eignet sich f\u00fcr Falten, feine Linien, Hyperpigmentierung und Flecken, die durch Alter oder die Sonne verursacht wurden. Die Formel liefert sofortige Feuchtigkeit und maximiert den Feuchtigkeitsspeicher, dieses Serum ist eine Wohltat f\u00fcr alle Hauttypen, unabh\u00e4ngig von Ton oder Hautfarbe.<br \/>\nJUGENDLICHE UND STRAHLENDE HAUT: Unser Serum zieht rasch in die Haut ein und enth\u00e4lt zus\u00e4tzliche nachtpflegende leistungsf\u00e4hige BioZutaten wie 20% Vitamin C, Vitamin E, Ferulas\u00e4ure, Aloe und Hyalurons\u00e4ure. Diese bew\u00e4hrte nat\u00fcrliche Kombination stimuliert das Kollagen, was zu einem jugendlichen Strahlen f\u00fchrt.<br \/>\nLEICHTE UND STABILE PARABENFREIE FORMEL: Unsere fein raffinierte organische Vitamin C Formel ist nicht zu \u00fcbertreffen, wenn es darum geht, sanft zur Haut zu sein und weder R\u00f6tung noch Reizung zu verursachen. Nach nur wenigen Wochen der Nachtpflege werden Sie bereits eine Reduzierung von feinen Linien und Falten, mehr Lebendigkeit und Glanz der Haut sowie eine Abnahme von Sonnenflecken und Verf\u00e4rbungen feststellen.<br \/>\nFUNKTIONIERT ES NICHT, ERHALTEN SIE IHR GELD ZUR\u00dcCK 3 Monate 100% Geldzur\u00fcckGarantie, wenn Sie in irgendeiner Weise nicht zufrieden sind. Schicken Sie uns eine EMail und wir erstatten den Kaufpreis in VOLLER H\u00d6HE zur\u00fcck. UNSER BESTAND IST SCHNELL AUSVERKAUFT beeilen Sie sich und bestellen Sie jetzt.<br \/>\n<div class=\"main-cross-sell\" data-asin=\"B01E7UUNUA\">\n\n\t<div class=\"WooZone-cross-sell-loader\">\n\t\t<div>\n\t\t\t<div id=\"floatingBarsG\">\n\t\t\t\t<div class=\"blockG\" id=\"rotateG_01\"><\/div>\n\t\t\t\t<div class=\"blockG\" id=\"rotateG_02\"><\/div>\n\t\t\t\t<div class=\"blockG\" id=\"rotateG_03\"><\/div>\n\t\t\t\t<div class=\"blockG\" id=\"rotateG_04\"><\/div>\n\t\t\t\t<div class=\"blockG\" id=\"rotateG_05\"><\/div>\n\t\t\t\t<div class=\"blockG\" id=\"rotateG_06\"><\/div>\n\t\t\t\t<div class=\"blockG\" id=\"rotateG_07\"><\/div>\n\t\t\t\t<div class=\"blockG\" id=\"rotateG_08\"><\/div>\n\t\t\t<\/div>\n\t\t\t<div class=\"WooZone-cross-sell-loader-text\"><\/div>\n\t\t<\/div>\n\t<\/div>\n\n\t\t\n<\/div>\n<div style=\"clear:both;\"><\/div><\/p>\n","protected":false},"excerpt":{"rendered":"<p>HOCHWERTIGES VITAMIN C \/ VEGANE NATURKOSMETIK: Bioniva Vitamin C Serum enth\u00e4lt Vitamin C von h\u00f6chster Qualit\u00e4t in einer Konzentration von 20%, kombiniert mit rein veganer Hyalurons\u00e4ure, um Ihre Haut effektiv zu verj\u00fcngen und Zeichen der Hautalterung zu vermindern.<br \/>\nREDUZIERT UND VERMINDERT HAUTUNREINHEITEN: Das Vitamin C Serum von bioniva eignet sich f\u00fcr Falten, feine Linien, Hyperpigmentierung und Flecken, die durch Alter oder die Sonne verursacht wurden. Die Formel liefert sofortige Feuchtigkeit und maximiert den Feuchtigkeitsspeicher, dieses Serum ist eine Wohltat f\u00fcr alle Hauttypen, unabh\u00e4ngig von Ton oder Hautfarbe.<br \/>\nJUGENDLICHE UND STRAHLENDE HAUT: Unser Serum zieht rasch in die Haut ein und enth\u00e4lt zus\u00e4tzliche nachtpflegende leistungsf\u00e4hige BioZutaten wie 20% Vitamin C, Vitamin E, Ferulas\u00e4ure, Aloe und Hyalurons\u00e4ure. Diese bew\u00e4hrte nat\u00fcrliche Kombination stimuliert das Kollagen, was zu einem jugendlichen Strahlen f\u00fchrt.<\/p>\n","protected":false},"featured_media":97463,"comment_status":"open","ping_status":"closed","template":"","meta":[],"product_brand":[],"product_cat":[2858,7067],"product_tag":[],"class_list":{"0":"post-97462","1":"product","2":"type-product","3":"status-publish","4":"has-post-thumbnail","6":"product_cat-beauty","7":"product_cat-hautpflege","8":"pa_binding-misc","9":"pa_brand-bioniva","10":"pa_height-4-330708657-zoll","11":"pa_length-1-3779527545-zoll","12":"pa_manufacturer-bioniva","13":"pa_model-7377","14":"pa_size-30-ml-1er-pack","15":"pa_weight-0-1763698096-pfund","16":"pa_width-1-3779527545-zoll","18":"first","19":"instock","20":"shipping-taxable","21":"purchasable","22":"product-type-simple","23":"customify-col","24":"product-has-gallery"},"yoast_head":"<!-- This site is optimized with the Yoast SEO plugin v27.4 - https:\/\/yoast.com\/product\/yoast-seo-wordpress\/ -->\n<title>Bioniva Vitamin C Serum f\u00fcr Ihr Gesicht mit Vitamin C + Hyalurons\u00e4ure + Vitamin E + Ferulas\u00e4ure. Nat\u00fcrliche Anti Aging\u2026 - Markt-XXL<\/title>\n<meta name=\"description\" content=\"Markt-XXL Bioniva Vitamin C Serum f\u00fcr Ihr Gesicht mit Vitamin C + Hyalurons\u00e4ure + Vitamin E + Ferulas\u00e4ure. Nat\u00fcrliche Anti Aging\u2026\" \/>\n<meta name=\"robots\" content=\"index, follow, max-snippet:-1, max-image-preview:large, max-video-preview:-1\" \/>\n<link rel=\"canonical\" href=\"https:\/\/marktxxl.de\/markt\/produkt\/bioniva-vitamin-c-serum-fuer-ihr-gesicht-mit-20-vitamin-c-hyaluronsaeure-vitamin-e-ferulasaeure-natuerliche-anti-aging-anti-falten-bio-kollagen-booster-gesichtsserum-mit-organischen-inhalts\/\" \/>\n<meta property=\"og:locale\" content=\"de_DE\" \/>\n<meta property=\"og:type\" content=\"article\" \/>\n<meta property=\"og:title\" content=\"Bioniva Vitamin C Serum f\u00fcr Ihr Gesicht mit Vitamin C + Hyalurons\u00e4ure + Vitamin E + Ferulas\u00e4ure. Nat\u00fcrliche Anti Aging\u2026 - Markt-XXL\" \/>\n<meta property=\"og:description\" content=\"Markt-XXL Bioniva Vitamin C Serum f\u00fcr Ihr Gesicht mit Vitamin C + Hyalurons\u00e4ure + Vitamin E + Ferulas\u00e4ure. Nat\u00fcrliche Anti Aging\u2026\" \/>\n<meta property=\"og:url\" content=\"https:\/\/marktxxl.de\/markt\/produkt\/bioniva-vitamin-c-serum-fuer-ihr-gesicht-mit-20-vitamin-c-hyaluronsaeure-vitamin-e-ferulasaeure-natuerliche-anti-aging-anti-falten-bio-kollagen-booster-gesichtsserum-mit-organischen-inhalts\/\" \/>\n<meta property=\"og:site_name\" content=\"Markt-XXL\" \/>\n<meta property=\"article:modified_time\" content=\"2023-04-08T00:49:35+00:00\" \/>\n<meta property=\"og:image\" content=\"https:\/\/m.media-amazon.com\/images\/I\/41P3En8T7LL._SL500_.jpg\" \/>\n\t<meta property=\"og:image:width\" content=\"423\" \/>\n\t<meta property=\"og:image:height\" content=\"500\" \/>\n\t<meta property=\"og:image:type\" content=\"image\/jpeg\" \/>\n<meta name=\"twitter:card\" content=\"summary_large_image\" \/>\n<meta name=\"twitter:label1\" content=\"Gesch\u00e4tzte Lesezeit\" \/>\n\t<meta name=\"twitter:data1\" content=\"1\u00a0Minute\" \/>\n<script type=\"application\/ld+json\" class=\"yoast-schema-graph\">{\"@context\":\"https:\\\/\\\/schema.org\",\"@graph\":[{\"@type\":\"WebPage\",\"@id\":\"https:\\\/\\\/marktxxl.de\\\/markt\\\/produkt\\\/bioniva-vitamin-c-serum-fuer-ihr-gesicht-mit-20-vitamin-c-hyaluronsaeure-vitamin-e-ferulasaeure-natuerliche-anti-aging-anti-falten-bio-kollagen-booster-gesichtsserum-mit-organischen-inhalts\\\/\",\"url\":\"https:\\\/\\\/marktxxl.de\\\/markt\\\/produkt\\\/bioniva-vitamin-c-serum-fuer-ihr-gesicht-mit-20-vitamin-c-hyaluronsaeure-vitamin-e-ferulasaeure-natuerliche-anti-aging-anti-falten-bio-kollagen-booster-gesichtsserum-mit-organischen-inhalts\\\/\",\"name\":\"Bioniva Vitamin C Serum f\u00fcr Ihr Gesicht mit Vitamin C + Hyalurons\u00e4ure + Vitamin E + Ferulas\u00e4ure. Nat\u00fcrliche Anti Aging\u2026 - Markt-XXL\",\"isPartOf\":{\"@id\":\"https:\\\/\\\/marktxxl.de\\\/markt\\\/#website\"},\"primaryImageOfPage\":{\"@id\":\"https:\\\/\\\/marktxxl.de\\\/markt\\\/produkt\\\/bioniva-vitamin-c-serum-fuer-ihr-gesicht-mit-20-vitamin-c-hyaluronsaeure-vitamin-e-ferulasaeure-natuerliche-anti-aging-anti-falten-bio-kollagen-booster-gesichtsserum-mit-organischen-inhalts\\\/#primaryimage\"},\"image\":{\"@id\":\"https:\\\/\\\/marktxxl.de\\\/markt\\\/produkt\\\/bioniva-vitamin-c-serum-fuer-ihr-gesicht-mit-20-vitamin-c-hyaluronsaeure-vitamin-e-ferulasaeure-natuerliche-anti-aging-anti-falten-bio-kollagen-booster-gesichtsserum-mit-organischen-inhalts\\\/#primaryimage\"},\"thumbnailUrl\":\"https:\\\/\\\/m.media-amazon.com\\\/images\\\/I\\\/41P3En8T7LL._SL500_.jpg\",\"datePublished\":\"2022-01-27T13:09:53+00:00\",\"dateModified\":\"2023-04-08T00:49:35+00:00\",\"description\":\"Markt-XXL Bioniva Vitamin C Serum f\u00fcr Ihr Gesicht mit Vitamin C + Hyalurons\u00e4ure + Vitamin E + Ferulas\u00e4ure. Nat\u00fcrliche Anti Aging\u2026\",\"breadcrumb\":{\"@id\":\"https:\\\/\\\/marktxxl.de\\\/markt\\\/produkt\\\/bioniva-vitamin-c-serum-fuer-ihr-gesicht-mit-20-vitamin-c-hyaluronsaeure-vitamin-e-ferulasaeure-natuerliche-anti-aging-anti-falten-bio-kollagen-booster-gesichtsserum-mit-organischen-inhalts\\\/#breadcrumb\"},\"inLanguage\":\"de\",\"potentialAction\":[{\"@type\":\"ReadAction\",\"target\":[\"https:\\\/\\\/marktxxl.de\\\/markt\\\/produkt\\\/bioniva-vitamin-c-serum-fuer-ihr-gesicht-mit-20-vitamin-c-hyaluronsaeure-vitamin-e-ferulasaeure-natuerliche-anti-aging-anti-falten-bio-kollagen-booster-gesichtsserum-mit-organischen-inhalts\\\/\"]}]},{\"@type\":\"ImageObject\",\"inLanguage\":\"de\",\"@id\":\"https:\\\/\\\/marktxxl.de\\\/markt\\\/produkt\\\/bioniva-vitamin-c-serum-fuer-ihr-gesicht-mit-20-vitamin-c-hyaluronsaeure-vitamin-e-ferulasaeure-natuerliche-anti-aging-anti-falten-bio-kollagen-booster-gesichtsserum-mit-organischen-inhalts\\\/#primaryimage\",\"url\":\"https:\\\/\\\/m.media-amazon.com\\\/images\\\/I\\\/41P3En8T7LL._SL500_.jpg\",\"contentUrl\":\"https:\\\/\\\/m.media-amazon.com\\\/images\\\/I\\\/41P3En8T7LL._SL500_.jpg\",\"width\":423,\"height\":500},{\"@type\":\"BreadcrumbList\",\"@id\":\"https:\\\/\\\/marktxxl.de\\\/markt\\\/produkt\\\/bioniva-vitamin-c-serum-fuer-ihr-gesicht-mit-20-vitamin-c-hyaluronsaeure-vitamin-e-ferulasaeure-natuerliche-anti-aging-anti-falten-bio-kollagen-booster-gesichtsserum-mit-organischen-inhalts\\\/#breadcrumb\",\"itemListElement\":[{\"@type\":\"ListItem\",\"position\":1,\"name\":\"Startseite\",\"item\":\"https:\\\/\\\/marktxxl.de\\\/markt\\\/\"},{\"@type\":\"ListItem\",\"position\":2,\"name\":\"Markt\",\"item\":\"https:\\\/\\\/marktxxl.de\\\/markt\\\/\"},{\"@type\":\"ListItem\",\"position\":3,\"name\":\"Bioniva Vitamin C Serum f\u00fcr Ihr Gesicht mit Vitamin C + Hyalurons\u00e4ure + Vitamin E + Ferulas\u00e4ure. Nat\u00fcrliche Anti Aging\u2026\"}]},{\"@type\":\"WebSite\",\"@id\":\"https:\\\/\\\/marktxxl.de\\\/markt\\\/#website\",\"url\":\"https:\\\/\\\/marktxxl.de\\\/markt\\\/\",\"name\":\"Markt-XXL\",\"description\":\"Ihr Markt Online\",\"publisher\":{\"@id\":\"https:\\\/\\\/marktxxl.de\\\/markt\\\/#organization\"},\"potentialAction\":[{\"@type\":\"SearchAction\",\"target\":{\"@type\":\"EntryPoint\",\"urlTemplate\":\"https:\\\/\\\/marktxxl.de\\\/markt\\\/?s={search_term_string}\"},\"query-input\":{\"@type\":\"PropertyValueSpecification\",\"valueRequired\":true,\"valueName\":\"search_term_string\"}}],\"inLanguage\":\"de\"},{\"@type\":\"Organization\",\"@id\":\"https:\\\/\\\/marktxxl.de\\\/markt\\\/#organization\",\"name\":\"Markt-XXL\",\"url\":\"https:\\\/\\\/marktxxl.de\\\/markt\\\/\",\"logo\":{\"@type\":\"ImageObject\",\"inLanguage\":\"de\",\"@id\":\"https:\\\/\\\/marktxxl.de\\\/markt\\\/#\\\/schema\\\/logo\\\/image\\\/\",\"url\":\"https:\\\/\\\/marktxxl.de\\\/markt\\\/wp-content\\\/uploads\\\/sites\\\/3\\\/2020\\\/12\\\/logo.png\",\"contentUrl\":\"https:\\\/\\\/marktxxl.de\\\/markt\\\/wp-content\\\/uploads\\\/sites\\\/3\\\/2020\\\/12\\\/logo.png\",\"width\":200,\"height\":70,\"caption\":\"Markt-XXL\"},\"image\":{\"@id\":\"https:\\\/\\\/marktxxl.de\\\/markt\\\/#\\\/schema\\\/logo\\\/image\\\/\"}}]}<\/script>\n<!-- \/ Yoast SEO plugin. -->","yoast_head_json":{"title":"Bioniva Vitamin C Serum f\u00fcr Ihr Gesicht mit Vitamin C + Hyalurons\u00e4ure + Vitamin E + Ferulas\u00e4ure. Nat\u00fcrliche Anti Aging\u2026 - Markt-XXL","description":"Markt-XXL Bioniva Vitamin C Serum f\u00fcr Ihr Gesicht mit Vitamin C + Hyalurons\u00e4ure + Vitamin E + Ferulas\u00e4ure. Nat\u00fcrliche Anti Aging\u2026","robots":{"index":"index","follow":"follow","max-snippet":"max-snippet:-1","max-image-preview":"max-image-preview:large","max-video-preview":"max-video-preview:-1"},"canonical":"https:\/\/marktxxl.de\/markt\/produkt\/bioniva-vitamin-c-serum-fuer-ihr-gesicht-mit-20-vitamin-c-hyaluronsaeure-vitamin-e-ferulasaeure-natuerliche-anti-aging-anti-falten-bio-kollagen-booster-gesichtsserum-mit-organischen-inhalts\/","og_locale":"de_DE","og_type":"article","og_title":"Bioniva Vitamin C Serum f\u00fcr Ihr Gesicht mit Vitamin C + Hyalurons\u00e4ure + Vitamin E + Ferulas\u00e4ure. Nat\u00fcrliche Anti Aging\u2026 - Markt-XXL","og_description":"Markt-XXL Bioniva Vitamin C Serum f\u00fcr Ihr Gesicht mit Vitamin C + Hyalurons\u00e4ure + Vitamin E + Ferulas\u00e4ure. Nat\u00fcrliche Anti Aging\u2026","og_url":"https:\/\/marktxxl.de\/markt\/produkt\/bioniva-vitamin-c-serum-fuer-ihr-gesicht-mit-20-vitamin-c-hyaluronsaeure-vitamin-e-ferulasaeure-natuerliche-anti-aging-anti-falten-bio-kollagen-booster-gesichtsserum-mit-organischen-inhalts\/","og_site_name":"Markt-XXL","article_modified_time":"2023-04-08T00:49:35+00:00","og_image":[{"width":423,"height":500,"url":"https:\/\/m.media-amazon.com\/images\/I\/41P3En8T7LL._SL500_.jpg","type":"image\/jpeg"}],"twitter_card":"summary_large_image","twitter_misc":{"Gesch\u00e4tzte Lesezeit":"1\u00a0Minute"},"schema":{"@context":"https:\/\/schema.org","@graph":[{"@type":"WebPage","@id":"https:\/\/marktxxl.de\/markt\/produkt\/bioniva-vitamin-c-serum-fuer-ihr-gesicht-mit-20-vitamin-c-hyaluronsaeure-vitamin-e-ferulasaeure-natuerliche-anti-aging-anti-falten-bio-kollagen-booster-gesichtsserum-mit-organischen-inhalts\/","url":"https:\/\/marktxxl.de\/markt\/produkt\/bioniva-vitamin-c-serum-fuer-ihr-gesicht-mit-20-vitamin-c-hyaluronsaeure-vitamin-e-ferulasaeure-natuerliche-anti-aging-anti-falten-bio-kollagen-booster-gesichtsserum-mit-organischen-inhalts\/","name":"Bioniva Vitamin C Serum f\u00fcr Ihr Gesicht mit Vitamin C + Hyalurons\u00e4ure + Vitamin E + Ferulas\u00e4ure. Nat\u00fcrliche Anti Aging\u2026 - Markt-XXL","isPartOf":{"@id":"https:\/\/marktxxl.de\/markt\/#website"},"primaryImageOfPage":{"@id":"https:\/\/marktxxl.de\/markt\/produkt\/bioniva-vitamin-c-serum-fuer-ihr-gesicht-mit-20-vitamin-c-hyaluronsaeure-vitamin-e-ferulasaeure-natuerliche-anti-aging-anti-falten-bio-kollagen-booster-gesichtsserum-mit-organischen-inhalts\/#primaryimage"},"image":{"@id":"https:\/\/marktxxl.de\/markt\/produkt\/bioniva-vitamin-c-serum-fuer-ihr-gesicht-mit-20-vitamin-c-hyaluronsaeure-vitamin-e-ferulasaeure-natuerliche-anti-aging-anti-falten-bio-kollagen-booster-gesichtsserum-mit-organischen-inhalts\/#primaryimage"},"thumbnailUrl":"https:\/\/m.media-amazon.com\/images\/I\/41P3En8T7LL._SL500_.jpg","datePublished":"2022-01-27T13:09:53+00:00","dateModified":"2023-04-08T00:49:35+00:00","description":"Markt-XXL Bioniva Vitamin C Serum f\u00fcr Ihr Gesicht mit Vitamin C + Hyalurons\u00e4ure + Vitamin E + Ferulas\u00e4ure. Nat\u00fcrliche Anti Aging\u2026","breadcrumb":{"@id":"https:\/\/marktxxl.de\/markt\/produkt\/bioniva-vitamin-c-serum-fuer-ihr-gesicht-mit-20-vitamin-c-hyaluronsaeure-vitamin-e-ferulasaeure-natuerliche-anti-aging-anti-falten-bio-kollagen-booster-gesichtsserum-mit-organischen-inhalts\/#breadcrumb"},"inLanguage":"de","potentialAction":[{"@type":"ReadAction","target":["https:\/\/marktxxl.de\/markt\/produkt\/bioniva-vitamin-c-serum-fuer-ihr-gesicht-mit-20-vitamin-c-hyaluronsaeure-vitamin-e-ferulasaeure-natuerliche-anti-aging-anti-falten-bio-kollagen-booster-gesichtsserum-mit-organischen-inhalts\/"]}]},{"@type":"ImageObject","inLanguage":"de","@id":"https:\/\/marktxxl.de\/markt\/produkt\/bioniva-vitamin-c-serum-fuer-ihr-gesicht-mit-20-vitamin-c-hyaluronsaeure-vitamin-e-ferulasaeure-natuerliche-anti-aging-anti-falten-bio-kollagen-booster-gesichtsserum-mit-organischen-inhalts\/#primaryimage","url":"https:\/\/m.media-amazon.com\/images\/I\/41P3En8T7LL._SL500_.jpg","contentUrl":"https:\/\/m.media-amazon.com\/images\/I\/41P3En8T7LL._SL500_.jpg","width":423,"height":500},{"@type":"BreadcrumbList","@id":"https:\/\/marktxxl.de\/markt\/produkt\/bioniva-vitamin-c-serum-fuer-ihr-gesicht-mit-20-vitamin-c-hyaluronsaeure-vitamin-e-ferulasaeure-natuerliche-anti-aging-anti-falten-bio-kollagen-booster-gesichtsserum-mit-organischen-inhalts\/#breadcrumb","itemListElement":[{"@type":"ListItem","position":1,"name":"Startseite","item":"https:\/\/marktxxl.de\/markt\/"},{"@type":"ListItem","position":2,"name":"Markt","item":"https:\/\/marktxxl.de\/markt\/"},{"@type":"ListItem","position":3,"name":"Bioniva Vitamin C Serum f\u00fcr Ihr Gesicht mit Vitamin C + Hyalurons\u00e4ure + Vitamin E + Ferulas\u00e4ure. Nat\u00fcrliche Anti Aging\u2026"}]},{"@type":"WebSite","@id":"https:\/\/marktxxl.de\/markt\/#website","url":"https:\/\/marktxxl.de\/markt\/","name":"Markt-XXL","description":"Ihr Markt Online","publisher":{"@id":"https:\/\/marktxxl.de\/markt\/#organization"},"potentialAction":[{"@type":"SearchAction","target":{"@type":"EntryPoint","urlTemplate":"https:\/\/marktxxl.de\/markt\/?s={search_term_string}"},"query-input":{"@type":"PropertyValueSpecification","valueRequired":true,"valueName":"search_term_string"}}],"inLanguage":"de"},{"@type":"Organization","@id":"https:\/\/marktxxl.de\/markt\/#organization","name":"Markt-XXL","url":"https:\/\/marktxxl.de\/markt\/","logo":{"@type":"ImageObject","inLanguage":"de","@id":"https:\/\/marktxxl.de\/markt\/#\/schema\/logo\/image\/","url":"https:\/\/marktxxl.de\/markt\/wp-content\/uploads\/sites\/3\/2020\/12\/logo.png","contentUrl":"https:\/\/marktxxl.de\/markt\/wp-content\/uploads\/sites\/3\/2020\/12\/logo.png","width":200,"height":70,"caption":"Markt-XXL"},"image":{"@id":"https:\/\/marktxxl.de\/markt\/#\/schema\/logo\/image\/"}}]}},"_links":{"self":[{"href":"https:\/\/marktxxl.de\/markt\/wp-json\/wp\/v2\/product\/97462","targetHints":{"allow":["GET"]}}],"collection":[{"href":"https:\/\/marktxxl.de\/markt\/wp-json\/wp\/v2\/product"}],"about":[{"href":"https:\/\/marktxxl.de\/markt\/wp-json\/wp\/v2\/types\/product"}],"replies":[{"embeddable":true,"href":"https:\/\/marktxxl.de\/markt\/wp-json\/wp\/v2\/comments?post=97462"}],"wp:featuredmedia":[{"embeddable":true,"href":"https:\/\/marktxxl.de\/markt\/wp-json\/wp\/v2\/media\/97463"}],"wp:attachment":[{"href":"https:\/\/marktxxl.de\/markt\/wp-json\/wp\/v2\/media?parent=97462"}],"wp:term":[{"taxonomy":"product_brand","embeddable":true,"href":"https:\/\/marktxxl.de\/markt\/wp-json\/wp\/v2\/product_brand?post=97462"},{"taxonomy":"product_cat","embeddable":true,"href":"https:\/\/marktxxl.de\/markt\/wp-json\/wp\/v2\/product_cat?post=97462"},{"taxonomy":"product_tag","embeddable":true,"href":"https:\/\/marktxxl.de\/markt\/wp-json\/wp\/v2\/product_tag?post=97462"}],"curies":[{"name":"wp","href":"https:\/\/api.w.org\/{rel}","templated":true}]}}