{"id":97427,"date":"2022-01-27T14:09:31","date_gmt":"2022-01-27T13:09:31","guid":{"rendered":"https:\/\/marktxxl.de\/markt\/produkt\/naissance-natuerliches-mandeloel-suess-nr-215-250ml-vegan-gentechnikfrei-ideal-zur-haar-und-koerperpflege-fuer-aromatherapie-und-als-basisoel-fuer-massageoele\/"},"modified":"2023-04-08T02:49:34","modified_gmt":"2023-04-08T00:49:34","slug":"naissance-natuerliches-mandeloel-suess-nr-215-250ml-vegan-gentechnikfrei-ideal-zur-haar-und-koerperpflege-fuer-aromatherapie-und-als-basisoel-fuer-massageoele","status":"publish","type":"product","link":"https:\/\/marktxxl.de\/markt\/produkt\/naissance-natuerliches-mandeloel-suess-nr-215-250ml-vegan-gentechnikfrei-ideal-zur-haar-und-koerperpflege-fuer-aromatherapie-und-als-basisoel-fuer-massageoele\/","title":{"rendered":"Naissance Nat\u00fcrliches S\u00fc\u00dfes Mandel\u00f6l (Nr. 215) 250ml \u2013 Vegan, Gentechnikfrei \u2013 Ideal zur Haar\u2013 und K\u00f6rperpflege, f\u00fcr\u2026"},"content":{"rendered":"<p>100 % nat\u00fcrliches, raffiniertes Mandel\u00f6l s\u00fc\u00df (Prunus Amygdalus Dulcis).<br \/>\nKann zur Massage, Aromatherapie, Hautpflege, Haarpflege, Gesichtsreinigung und als nat\u00fcrlicher Make-up-Entferner verwendet werden. (Siehe Produktbeschreibung f\u00fcr mehr Ideen zur Verwendung des \u00d6ls.) Reich an Vitaminen und essenziellen Fetts\u00e4uren.<br \/>\nEin leichtes, blassgelbes, geruchloses \u00d6l, das gut in die Haut einzieht, f\u00fcr die meisten Hauttypen geeignet ist und die Haut weich und geschmeidig macht. S\u00fc\u00dfes Mandel\u00f6l ist ein beliebtes \u00d6l f\u00fcr die Massage und kann alleine oder mit \u00e4therischen \u00d6len gemischt in Massage\u00f6lmischungen verwendet werden.<br \/>\nGEWINNUNG: Das \u00d6l wird aus den reifen Mandelkernen des s\u00fc\u00dfen Mandelbaums gepresst, extrahiert und raffiniert.<br \/>\nTIERVERSUCHSFREI und VEGAN. Gentechnikfrei.<br \/>\n<div class=\"main-cross-sell\" data-asin=\"B004RGOCY8\">\n\n\t<div class=\"WooZone-cross-sell-loader\">\n\t\t<div>\n\t\t\t<div id=\"floatingBarsG\">\n\t\t\t\t<div class=\"blockG\" id=\"rotateG_01\"><\/div>\n\t\t\t\t<div class=\"blockG\" id=\"rotateG_02\"><\/div>\n\t\t\t\t<div class=\"blockG\" id=\"rotateG_03\"><\/div>\n\t\t\t\t<div class=\"blockG\" id=\"rotateG_04\"><\/div>\n\t\t\t\t<div class=\"blockG\" id=\"rotateG_05\"><\/div>\n\t\t\t\t<div class=\"blockG\" id=\"rotateG_06\"><\/div>\n\t\t\t\t<div class=\"blockG\" id=\"rotateG_07\"><\/div>\n\t\t\t\t<div class=\"blockG\" id=\"rotateG_08\"><\/div>\n\t\t\t<\/div>\n\t\t\t<div class=\"WooZone-cross-sell-loader-text\"><\/div>\n\t\t<\/div>\n\t<\/div>\n\n\t\t\n<\/div>\n<div style=\"clear:both;\"><\/div><\/p>\n","protected":false},"excerpt":{"rendered":"<p>100 % nat\u00fcrliches, raffiniertes Mandel\u00f6l s\u00fc\u00df (Prunus Amygdalus Dulcis).<br \/>\nKann zur Massage, Aromatherapie, Hautpflege, Haarpflege, Gesichtsreinigung und als nat\u00fcrlicher Make-up-Entferner verwendet werden. (Siehe Produktbeschreibung f\u00fcr mehr Ideen zur Verwendung des \u00d6ls.) Reich an Vitaminen und essenziellen Fetts\u00e4uren.<br \/>\nEin leichtes, blassgelbes, geruchloses \u00d6l, das gut in die Haut einzieht, f\u00fcr die meisten Hauttypen geeignet ist und die Haut weich und geschmeidig macht. S\u00fc\u00dfes Mandel\u00f6l ist ein beliebtes \u00d6l f\u00fcr die Massage und kann alleine oder mit \u00e4therischen \u00d6len gemischt in Massage\u00f6lmischungen verwendet werden.<\/p>\n","protected":false},"featured_media":97428,"comment_status":"open","ping_status":"closed","template":"","meta":[],"product_brand":[],"product_cat":[2858,7067],"product_tag":[],"class_list":{"0":"post-97427","1":"product","2":"type-product","3":"status-publish","4":"has-post-thumbnail","6":"product_cat-beauty","7":"product_cat-hautpflege","8":"pa_binding-badartikel","9":"pa_brand-naissance","10":"pa_height-5-511811018-zoll","11":"pa_languages-unbekannt-englisch-unbekannt-deutsch-unbekannt-franzoesisch-unbekannt-italienisch-unbekannt-spanisch","12":"pa_length-2-1259842498-zoll","13":"pa_manufacturer-naissance","14":"pa_model-30277","15":"pa_size-250-ml-1er-pack","16":"pa_weight-0-31-pfund","17":"pa_width-2-1259842498-zoll","19":"first","20":"instock","21":"shipping-taxable","22":"purchasable","23":"product-type-simple","24":"customify-col","25":"product-has-gallery"},"yoast_head":"<!-- This site is optimized with the Yoast SEO plugin v27.3 - https:\/\/yoast.com\/product\/yoast-seo-wordpress\/ -->\n<title>Naissance Nat\u00fcrliches S\u00fc\u00dfes Mandel\u00f6l (Nr. 215) 250ml \u2013 Vegan, Gentechnikfrei \u2013 Ideal zur Haar\u2013 und K\u00f6rperpflege, f\u00fcr\u2026 - Markt-XXL<\/title>\n<meta name=\"description\" content=\"Markt-XXL Naissance Nat\u00fcrliches S\u00fc\u00dfes Mandel\u00f6l (Nr. 215) 250ml \u2013 Vegan, Gentechnikfrei \u2013 Ideal zur Haar\u2013 und K\u00f6rperpflege, f\u00fcr\u2026\" \/>\n<meta name=\"robots\" content=\"index, follow, max-snippet:-1, max-image-preview:large, max-video-preview:-1\" \/>\n<link rel=\"canonical\" href=\"https:\/\/marktxxl.de\/markt\/produkt\/naissance-natuerliches-mandeloel-suess-nr-215-250ml-vegan-gentechnikfrei-ideal-zur-haar-und-koerperpflege-fuer-aromatherapie-und-als-basisoel-fuer-massageoele\/\" \/>\n<meta property=\"og:locale\" content=\"de_DE\" \/>\n<meta property=\"og:type\" content=\"article\" \/>\n<meta property=\"og:title\" content=\"Naissance Nat\u00fcrliches S\u00fc\u00dfes Mandel\u00f6l (Nr. 215) 250ml \u2013 Vegan, Gentechnikfrei \u2013 Ideal zur Haar\u2013 und K\u00f6rperpflege, f\u00fcr\u2026 - Markt-XXL\" \/>\n<meta property=\"og:description\" content=\"Markt-XXL Naissance Nat\u00fcrliches S\u00fc\u00dfes Mandel\u00f6l (Nr. 215) 250ml \u2013 Vegan, Gentechnikfrei \u2013 Ideal zur Haar\u2013 und K\u00f6rperpflege, f\u00fcr\u2026\" \/>\n<meta property=\"og:url\" content=\"https:\/\/marktxxl.de\/markt\/produkt\/naissance-natuerliches-mandeloel-suess-nr-215-250ml-vegan-gentechnikfrei-ideal-zur-haar-und-koerperpflege-fuer-aromatherapie-und-als-basisoel-fuer-massageoele\/\" \/>\n<meta property=\"og:site_name\" content=\"Markt-XXL\" \/>\n<meta property=\"article:modified_time\" content=\"2023-04-08T00:49:34+00:00\" \/>\n<meta property=\"og:image\" content=\"https:\/\/m.media-amazon.com\/images\/I\/418PtbTWqwL._SL500_.jpg\" \/>\n\t<meta property=\"og:image:width\" content=\"500\" \/>\n\t<meta property=\"og:image:height\" content=\"500\" \/>\n\t<meta property=\"og:image:type\" content=\"image\/jpeg\" \/>\n<meta name=\"twitter:card\" content=\"summary_large_image\" \/>\n<meta name=\"twitter:label1\" content=\"Gesch\u00e4tzte Lesezeit\" \/>\n\t<meta name=\"twitter:data1\" content=\"1\u00a0Minute\" \/>\n<script type=\"application\/ld+json\" class=\"yoast-schema-graph\">{\"@context\":\"https:\\\/\\\/schema.org\",\"@graph\":[{\"@type\":\"WebPage\",\"@id\":\"https:\\\/\\\/marktxxl.de\\\/markt\\\/produkt\\\/naissance-natuerliches-mandeloel-suess-nr-215-250ml-vegan-gentechnikfrei-ideal-zur-haar-und-koerperpflege-fuer-aromatherapie-und-als-basisoel-fuer-massageoele\\\/\",\"url\":\"https:\\\/\\\/marktxxl.de\\\/markt\\\/produkt\\\/naissance-natuerliches-mandeloel-suess-nr-215-250ml-vegan-gentechnikfrei-ideal-zur-haar-und-koerperpflege-fuer-aromatherapie-und-als-basisoel-fuer-massageoele\\\/\",\"name\":\"Naissance Nat\u00fcrliches S\u00fc\u00dfes Mandel\u00f6l (Nr. 215) 250ml \u2013 Vegan, Gentechnikfrei \u2013 Ideal zur Haar\u2013 und K\u00f6rperpflege, f\u00fcr\u2026 - Markt-XXL\",\"isPartOf\":{\"@id\":\"https:\\\/\\\/marktxxl.de\\\/markt\\\/#website\"},\"primaryImageOfPage\":{\"@id\":\"https:\\\/\\\/marktxxl.de\\\/markt\\\/produkt\\\/naissance-natuerliches-mandeloel-suess-nr-215-250ml-vegan-gentechnikfrei-ideal-zur-haar-und-koerperpflege-fuer-aromatherapie-und-als-basisoel-fuer-massageoele\\\/#primaryimage\"},\"image\":{\"@id\":\"https:\\\/\\\/marktxxl.de\\\/markt\\\/produkt\\\/naissance-natuerliches-mandeloel-suess-nr-215-250ml-vegan-gentechnikfrei-ideal-zur-haar-und-koerperpflege-fuer-aromatherapie-und-als-basisoel-fuer-massageoele\\\/#primaryimage\"},\"thumbnailUrl\":\"https:\\\/\\\/m.media-amazon.com\\\/images\\\/I\\\/418PtbTWqwL._SL500_.jpg\",\"datePublished\":\"2022-01-27T13:09:31+00:00\",\"dateModified\":\"2023-04-08T00:49:34+00:00\",\"description\":\"Markt-XXL Naissance Nat\u00fcrliches S\u00fc\u00dfes Mandel\u00f6l (Nr. 215) 250ml \u2013 Vegan, Gentechnikfrei \u2013 Ideal zur Haar\u2013 und K\u00f6rperpflege, f\u00fcr\u2026\",\"breadcrumb\":{\"@id\":\"https:\\\/\\\/marktxxl.de\\\/markt\\\/produkt\\\/naissance-natuerliches-mandeloel-suess-nr-215-250ml-vegan-gentechnikfrei-ideal-zur-haar-und-koerperpflege-fuer-aromatherapie-und-als-basisoel-fuer-massageoele\\\/#breadcrumb\"},\"inLanguage\":\"de\",\"potentialAction\":[{\"@type\":\"ReadAction\",\"target\":[\"https:\\\/\\\/marktxxl.de\\\/markt\\\/produkt\\\/naissance-natuerliches-mandeloel-suess-nr-215-250ml-vegan-gentechnikfrei-ideal-zur-haar-und-koerperpflege-fuer-aromatherapie-und-als-basisoel-fuer-massageoele\\\/\"]}]},{\"@type\":\"ImageObject\",\"inLanguage\":\"de\",\"@id\":\"https:\\\/\\\/marktxxl.de\\\/markt\\\/produkt\\\/naissance-natuerliches-mandeloel-suess-nr-215-250ml-vegan-gentechnikfrei-ideal-zur-haar-und-koerperpflege-fuer-aromatherapie-und-als-basisoel-fuer-massageoele\\\/#primaryimage\",\"url\":\"https:\\\/\\\/m.media-amazon.com\\\/images\\\/I\\\/418PtbTWqwL._SL500_.jpg\",\"contentUrl\":\"https:\\\/\\\/m.media-amazon.com\\\/images\\\/I\\\/418PtbTWqwL._SL500_.jpg\",\"width\":500,\"height\":500},{\"@type\":\"BreadcrumbList\",\"@id\":\"https:\\\/\\\/marktxxl.de\\\/markt\\\/produkt\\\/naissance-natuerliches-mandeloel-suess-nr-215-250ml-vegan-gentechnikfrei-ideal-zur-haar-und-koerperpflege-fuer-aromatherapie-und-als-basisoel-fuer-massageoele\\\/#breadcrumb\",\"itemListElement\":[{\"@type\":\"ListItem\",\"position\":1,\"name\":\"Startseite\",\"item\":\"https:\\\/\\\/marktxxl.de\\\/markt\\\/\"},{\"@type\":\"ListItem\",\"position\":2,\"name\":\"Markt\",\"item\":\"https:\\\/\\\/marktxxl.de\\\/markt\\\/\"},{\"@type\":\"ListItem\",\"position\":3,\"name\":\"Naissance Nat\u00fcrliches S\u00fc\u00dfes Mandel\u00f6l (Nr. 215) 250ml \u2013 Vegan, Gentechnikfrei \u2013 Ideal zur Haar\u2013 und K\u00f6rperpflege, f\u00fcr\u2026\"}]},{\"@type\":\"WebSite\",\"@id\":\"https:\\\/\\\/marktxxl.de\\\/markt\\\/#website\",\"url\":\"https:\\\/\\\/marktxxl.de\\\/markt\\\/\",\"name\":\"Markt-XXL\",\"description\":\"Ihr Markt Online\",\"publisher\":{\"@id\":\"https:\\\/\\\/marktxxl.de\\\/markt\\\/#organization\"},\"potentialAction\":[{\"@type\":\"SearchAction\",\"target\":{\"@type\":\"EntryPoint\",\"urlTemplate\":\"https:\\\/\\\/marktxxl.de\\\/markt\\\/?s={search_term_string}\"},\"query-input\":{\"@type\":\"PropertyValueSpecification\",\"valueRequired\":true,\"valueName\":\"search_term_string\"}}],\"inLanguage\":\"de\"},{\"@type\":\"Organization\",\"@id\":\"https:\\\/\\\/marktxxl.de\\\/markt\\\/#organization\",\"name\":\"Markt-XXL\",\"url\":\"https:\\\/\\\/marktxxl.de\\\/markt\\\/\",\"logo\":{\"@type\":\"ImageObject\",\"inLanguage\":\"de\",\"@id\":\"https:\\\/\\\/marktxxl.de\\\/markt\\\/#\\\/schema\\\/logo\\\/image\\\/\",\"url\":\"https:\\\/\\\/marktxxl.de\\\/markt\\\/wp-content\\\/uploads\\\/sites\\\/3\\\/2020\\\/12\\\/logo.png\",\"contentUrl\":\"https:\\\/\\\/marktxxl.de\\\/markt\\\/wp-content\\\/uploads\\\/sites\\\/3\\\/2020\\\/12\\\/logo.png\",\"width\":200,\"height\":70,\"caption\":\"Markt-XXL\"},\"image\":{\"@id\":\"https:\\\/\\\/marktxxl.de\\\/markt\\\/#\\\/schema\\\/logo\\\/image\\\/\"}}]}<\/script>\n<!-- \/ Yoast SEO plugin. -->","yoast_head_json":{"title":"Naissance Nat\u00fcrliches S\u00fc\u00dfes Mandel\u00f6l (Nr. 215) 250ml \u2013 Vegan, Gentechnikfrei \u2013 Ideal zur Haar\u2013 und K\u00f6rperpflege, f\u00fcr\u2026 - Markt-XXL","description":"Markt-XXL Naissance Nat\u00fcrliches S\u00fc\u00dfes Mandel\u00f6l (Nr. 215) 250ml \u2013 Vegan, Gentechnikfrei \u2013 Ideal zur Haar\u2013 und K\u00f6rperpflege, f\u00fcr\u2026","robots":{"index":"index","follow":"follow","max-snippet":"max-snippet:-1","max-image-preview":"max-image-preview:large","max-video-preview":"max-video-preview:-1"},"canonical":"https:\/\/marktxxl.de\/markt\/produkt\/naissance-natuerliches-mandeloel-suess-nr-215-250ml-vegan-gentechnikfrei-ideal-zur-haar-und-koerperpflege-fuer-aromatherapie-und-als-basisoel-fuer-massageoele\/","og_locale":"de_DE","og_type":"article","og_title":"Naissance Nat\u00fcrliches S\u00fc\u00dfes Mandel\u00f6l (Nr. 215) 250ml \u2013 Vegan, Gentechnikfrei \u2013 Ideal zur Haar\u2013 und K\u00f6rperpflege, f\u00fcr\u2026 - Markt-XXL","og_description":"Markt-XXL Naissance Nat\u00fcrliches S\u00fc\u00dfes Mandel\u00f6l (Nr. 215) 250ml \u2013 Vegan, Gentechnikfrei \u2013 Ideal zur Haar\u2013 und K\u00f6rperpflege, f\u00fcr\u2026","og_url":"https:\/\/marktxxl.de\/markt\/produkt\/naissance-natuerliches-mandeloel-suess-nr-215-250ml-vegan-gentechnikfrei-ideal-zur-haar-und-koerperpflege-fuer-aromatherapie-und-als-basisoel-fuer-massageoele\/","og_site_name":"Markt-XXL","article_modified_time":"2023-04-08T00:49:34+00:00","og_image":[{"width":500,"height":500,"url":"https:\/\/m.media-amazon.com\/images\/I\/418PtbTWqwL._SL500_.jpg","type":"image\/jpeg"}],"twitter_card":"summary_large_image","twitter_misc":{"Gesch\u00e4tzte Lesezeit":"1\u00a0Minute"},"schema":{"@context":"https:\/\/schema.org","@graph":[{"@type":"WebPage","@id":"https:\/\/marktxxl.de\/markt\/produkt\/naissance-natuerliches-mandeloel-suess-nr-215-250ml-vegan-gentechnikfrei-ideal-zur-haar-und-koerperpflege-fuer-aromatherapie-und-als-basisoel-fuer-massageoele\/","url":"https:\/\/marktxxl.de\/markt\/produkt\/naissance-natuerliches-mandeloel-suess-nr-215-250ml-vegan-gentechnikfrei-ideal-zur-haar-und-koerperpflege-fuer-aromatherapie-und-als-basisoel-fuer-massageoele\/","name":"Naissance Nat\u00fcrliches S\u00fc\u00dfes Mandel\u00f6l (Nr. 215) 250ml \u2013 Vegan, Gentechnikfrei \u2013 Ideal zur Haar\u2013 und K\u00f6rperpflege, f\u00fcr\u2026 - Markt-XXL","isPartOf":{"@id":"https:\/\/marktxxl.de\/markt\/#website"},"primaryImageOfPage":{"@id":"https:\/\/marktxxl.de\/markt\/produkt\/naissance-natuerliches-mandeloel-suess-nr-215-250ml-vegan-gentechnikfrei-ideal-zur-haar-und-koerperpflege-fuer-aromatherapie-und-als-basisoel-fuer-massageoele\/#primaryimage"},"image":{"@id":"https:\/\/marktxxl.de\/markt\/produkt\/naissance-natuerliches-mandeloel-suess-nr-215-250ml-vegan-gentechnikfrei-ideal-zur-haar-und-koerperpflege-fuer-aromatherapie-und-als-basisoel-fuer-massageoele\/#primaryimage"},"thumbnailUrl":"https:\/\/m.media-amazon.com\/images\/I\/418PtbTWqwL._SL500_.jpg","datePublished":"2022-01-27T13:09:31+00:00","dateModified":"2023-04-08T00:49:34+00:00","description":"Markt-XXL Naissance Nat\u00fcrliches S\u00fc\u00dfes Mandel\u00f6l (Nr. 215) 250ml \u2013 Vegan, Gentechnikfrei \u2013 Ideal zur Haar\u2013 und K\u00f6rperpflege, f\u00fcr\u2026","breadcrumb":{"@id":"https:\/\/marktxxl.de\/markt\/produkt\/naissance-natuerliches-mandeloel-suess-nr-215-250ml-vegan-gentechnikfrei-ideal-zur-haar-und-koerperpflege-fuer-aromatherapie-und-als-basisoel-fuer-massageoele\/#breadcrumb"},"inLanguage":"de","potentialAction":[{"@type":"ReadAction","target":["https:\/\/marktxxl.de\/markt\/produkt\/naissance-natuerliches-mandeloel-suess-nr-215-250ml-vegan-gentechnikfrei-ideal-zur-haar-und-koerperpflege-fuer-aromatherapie-und-als-basisoel-fuer-massageoele\/"]}]},{"@type":"ImageObject","inLanguage":"de","@id":"https:\/\/marktxxl.de\/markt\/produkt\/naissance-natuerliches-mandeloel-suess-nr-215-250ml-vegan-gentechnikfrei-ideal-zur-haar-und-koerperpflege-fuer-aromatherapie-und-als-basisoel-fuer-massageoele\/#primaryimage","url":"https:\/\/m.media-amazon.com\/images\/I\/418PtbTWqwL._SL500_.jpg","contentUrl":"https:\/\/m.media-amazon.com\/images\/I\/418PtbTWqwL._SL500_.jpg","width":500,"height":500},{"@type":"BreadcrumbList","@id":"https:\/\/marktxxl.de\/markt\/produkt\/naissance-natuerliches-mandeloel-suess-nr-215-250ml-vegan-gentechnikfrei-ideal-zur-haar-und-koerperpflege-fuer-aromatherapie-und-als-basisoel-fuer-massageoele\/#breadcrumb","itemListElement":[{"@type":"ListItem","position":1,"name":"Startseite","item":"https:\/\/marktxxl.de\/markt\/"},{"@type":"ListItem","position":2,"name":"Markt","item":"https:\/\/marktxxl.de\/markt\/"},{"@type":"ListItem","position":3,"name":"Naissance Nat\u00fcrliches S\u00fc\u00dfes Mandel\u00f6l (Nr. 215) 250ml \u2013 Vegan, Gentechnikfrei \u2013 Ideal zur Haar\u2013 und K\u00f6rperpflege, f\u00fcr\u2026"}]},{"@type":"WebSite","@id":"https:\/\/marktxxl.de\/markt\/#website","url":"https:\/\/marktxxl.de\/markt\/","name":"Markt-XXL","description":"Ihr Markt Online","publisher":{"@id":"https:\/\/marktxxl.de\/markt\/#organization"},"potentialAction":[{"@type":"SearchAction","target":{"@type":"EntryPoint","urlTemplate":"https:\/\/marktxxl.de\/markt\/?s={search_term_string}"},"query-input":{"@type":"PropertyValueSpecification","valueRequired":true,"valueName":"search_term_string"}}],"inLanguage":"de"},{"@type":"Organization","@id":"https:\/\/marktxxl.de\/markt\/#organization","name":"Markt-XXL","url":"https:\/\/marktxxl.de\/markt\/","logo":{"@type":"ImageObject","inLanguage":"de","@id":"https:\/\/marktxxl.de\/markt\/#\/schema\/logo\/image\/","url":"https:\/\/marktxxl.de\/markt\/wp-content\/uploads\/sites\/3\/2020\/12\/logo.png","contentUrl":"https:\/\/marktxxl.de\/markt\/wp-content\/uploads\/sites\/3\/2020\/12\/logo.png","width":200,"height":70,"caption":"Markt-XXL"},"image":{"@id":"https:\/\/marktxxl.de\/markt\/#\/schema\/logo\/image\/"}}]}},"_links":{"self":[{"href":"https:\/\/marktxxl.de\/markt\/wp-json\/wp\/v2\/product\/97427","targetHints":{"allow":["GET"]}}],"collection":[{"href":"https:\/\/marktxxl.de\/markt\/wp-json\/wp\/v2\/product"}],"about":[{"href":"https:\/\/marktxxl.de\/markt\/wp-json\/wp\/v2\/types\/product"}],"replies":[{"embeddable":true,"href":"https:\/\/marktxxl.de\/markt\/wp-json\/wp\/v2\/comments?post=97427"}],"wp:featuredmedia":[{"embeddable":true,"href":"https:\/\/marktxxl.de\/markt\/wp-json\/wp\/v2\/media\/97428"}],"wp:attachment":[{"href":"https:\/\/marktxxl.de\/markt\/wp-json\/wp\/v2\/media?parent=97427"}],"wp:term":[{"taxonomy":"product_brand","embeddable":true,"href":"https:\/\/marktxxl.de\/markt\/wp-json\/wp\/v2\/product_brand?post=97427"},{"taxonomy":"product_cat","embeddable":true,"href":"https:\/\/marktxxl.de\/markt\/wp-json\/wp\/v2\/product_cat?post=97427"},{"taxonomy":"product_tag","embeddable":true,"href":"https:\/\/marktxxl.de\/markt\/wp-json\/wp\/v2\/product_tag?post=97427"}],"curies":[{"name":"wp","href":"https:\/\/api.w.org\/{rel}","templated":true}]}}