{"id":97248,"date":"2022-01-27T14:00:15","date_gmt":"2022-01-27T13:00:15","guid":{"rendered":"https:\/\/marktxxl.de\/markt\/produkt\/beryris-bambus-waschlappen-bambus-waschlappen-6-stueck-25-x-25-cm-weiche-waschlappen-flanell-zum-waschen-von-gesicht-make-up-entfernung-erwachsene-koerper-babys-kinder\/"},"modified":"2023-04-10T03:19:21","modified_gmt":"2023-04-10T01:19:21","slug":"beryris-bambus-waschlappen-bambus-waschlappen-6-stueck-25-x-25-cm-weiche-waschlappen-flanell-zum-waschen-von-gesicht-make-up-entfernung-erwachsene-koerper-babys-kinder","status":"publish","type":"product","link":"https:\/\/marktxxl.de\/markt\/produkt\/beryris-bambus-waschlappen-bambus-waschlappen-6-stueck-25-x-25-cm-weiche-waschlappen-flanell-zum-waschen-von-gesicht-make-up-entfernung-erwachsene-koerper-babys-kinder\/","title":{"rendered":"Beryris Bambus Waschlappen Bambus Waschlappen (6 St\u00fcck) \u2013 25 x 25 cm Weiche Waschlappen Flanell zum Waschen von Gesicht\u2026"},"content":{"rendered":"<p>Dick und weich &#8211; Diese Bambus-Gesichtshandt\u00fccher mit 600 g\/m\u00b2 Qualit\u00e4t, die dick genug f\u00fcr die Gesichtsreinigung ist, bieten sie ein weicheres, komfortableres Gef\u00fchl, das das Baden f\u00fcr Babys, Kleinkinder, Kinder und Erwachsene angenehmer macht.<br \/>\n100 % Bambusfaser: aus erneuerbarem Bambus, unsere Handt\u00fccher sind Oeko-Tex zertifiziert, die Waschlappen sind vielseitig einsetzbar und k\u00f6nnen f\u00fcr Frauen, M\u00e4nner, Kinder oder Babys verwendet werden. Reinigen Sie ihr Gesicht, wischen Sie ihren K\u00f6rper ab.<br \/>\nEine Packung mit 6 stilvollen Gesichtshandt\u00fcchern ist die perfekten kleinen Handt\u00fccher, um neben Ihrer Yogamatte, in Ihrer Golftasche, in Ihrer K\u00fcche oder an jedem Ort, an dem ein gr\u00f6\u00dferes Handtuch \u00fcberfl\u00fcssig ist. Mit der Gr\u00f6\u00dfe von 25 x 25 cm und den eleganten Farben k\u00f6nnen Sie sie so ziemlich \u00fcberall verwenden.<br \/>\nSanft, sicher und umweltfreundlich \u2013 Hergestellt aus nachhaltigen Bambusfasern, unsere Bambus-Waschlappen sind frei von Chemikalien, sodass sie die empfindliche Haut nicht reizen oder zerkratzen.<br \/>\nTolles Mutterschafts- und Duschgeschenk \u2013 Diese 6er-Packung Premium-Waschlappen f\u00fcr Babys ist ein wunderbares Geschenk f\u00fcr werdende M\u00fctter oder Eltern mit Neugeborenen oder Kleinkindern, es ist auch ein perfektes Geschenk f\u00fcr Frauen.<br \/>\n<div class=\"main-cross-sell\" data-asin=\"B08HRVDLCH\">\n\n\t<div class=\"WooZone-cross-sell-loader\">\n\t\t<div>\n\t\t\t<div id=\"floatingBarsG\">\n\t\t\t\t<div class=\"blockG\" id=\"rotateG_01\"><\/div>\n\t\t\t\t<div class=\"blockG\" id=\"rotateG_02\"><\/div>\n\t\t\t\t<div class=\"blockG\" id=\"rotateG_03\"><\/div>\n\t\t\t\t<div class=\"blockG\" id=\"rotateG_04\"><\/div>\n\t\t\t\t<div class=\"blockG\" id=\"rotateG_05\"><\/div>\n\t\t\t\t<div class=\"blockG\" id=\"rotateG_06\"><\/div>\n\t\t\t\t<div class=\"blockG\" id=\"rotateG_07\"><\/div>\n\t\t\t\t<div class=\"blockG\" id=\"rotateG_08\"><\/div>\n\t\t\t<\/div>\n\t\t\t<div class=\"WooZone-cross-sell-loader-text\"><\/div>\n\t\t<\/div>\n\t<\/div>\n\n\t\t\n<\/div>\n<div style=\"clear:both;\"><\/div><\/p>\n","protected":false},"excerpt":{"rendered":"<p>Dick und weich &#8211; Diese Bambus-Gesichtshandt\u00fccher mit 600 g\/m\u00b2 Qualit\u00e4t, die dick genug f\u00fcr die Gesichtsreinigung ist, bieten sie ein weicheres, komfortableres Gef\u00fchl, das das Baden f\u00fcr Babys, Kleinkinder, Kinder und Erwachsene angenehmer macht.<br \/>\n100 % Bambusfaser: aus erneuerbarem Bambus, unsere Handt\u00fccher sind Oeko-Tex zertifiziert, die Waschlappen sind vielseitig einsetzbar und k\u00f6nnen f\u00fcr Frauen, M\u00e4nner, Kinder oder Babys verwendet werden. Reinigen Sie ihr Gesicht, wischen Sie ihren K\u00f6rper ab.<br \/>\nEine Packung mit 6 stilvollen Gesichtshandt\u00fcchern ist die perfekten kleinen Handt\u00fccher, um neben Ihrer Yogamatte, in Ihrer Golftasche, in Ihrer K\u00fcche oder an jedem Ort, an dem ein gr\u00f6\u00dferes Handtuch \u00fcberfl\u00fcssig ist. Mit der Gr\u00f6\u00dfe von 25 x 25 cm und den eleganten Farben k\u00f6nnen Sie sie so ziemlich \u00fcberall verwenden.<\/p>\n","protected":false},"featured_media":97249,"comment_status":"open","ping_status":"closed","template":"","meta":[],"product_brand":[],"product_cat":[6565,2858],"product_tag":[],"class_list":{"0":"post-97248","1":"product","2":"type-product","3":"status-publish","4":"has-post-thumbnail","6":"product_cat-baden-koerperpflege-beauty","7":"product_cat-beauty","8":"pa_brand-beryris","9":"pa_manufacturer-zouping-liyuan-hometextile-co-ltd","10":"pa_model-ddkks","12":"first","13":"instock","14":"shipping-taxable","15":"purchasable","16":"product-type-simple","17":"customify-col","18":"product-has-gallery"},"yoast_head":"<!-- This site is optimized with the Yoast SEO plugin v27.4 - https:\/\/yoast.com\/product\/yoast-seo-wordpress\/ -->\n<title>Beryris Bambus Waschlappen Bambus Waschlappen (6 St\u00fcck) \u2013 25 x 25 cm Weiche Waschlappen Flanell zum Waschen von Gesicht\u2026 - Markt-XXL<\/title>\n<meta name=\"description\" content=\"Markt-XXL Beryris Bambus Waschlappen Bambus Waschlappen (6 St\u00fcck) \u2013 25 x 25 cm Weiche Waschlappen Flanell zum Waschen von Gesicht\u2026\" \/>\n<meta name=\"robots\" content=\"index, follow, max-snippet:-1, max-image-preview:large, max-video-preview:-1\" \/>\n<link rel=\"canonical\" href=\"https:\/\/marktxxl.de\/markt\/produkt\/beryris-bambus-waschlappen-bambus-waschlappen-6-stueck-25-x-25-cm-weiche-waschlappen-flanell-zum-waschen-von-gesicht-make-up-entfernung-erwachsene-koerper-babys-kinder\/\" \/>\n<meta property=\"og:locale\" content=\"de_DE\" \/>\n<meta property=\"og:type\" content=\"article\" \/>\n<meta property=\"og:title\" content=\"Beryris Bambus Waschlappen Bambus Waschlappen (6 St\u00fcck) \u2013 25 x 25 cm Weiche Waschlappen Flanell zum Waschen von Gesicht\u2026 - Markt-XXL\" \/>\n<meta property=\"og:description\" content=\"Markt-XXL Beryris Bambus Waschlappen Bambus Waschlappen (6 St\u00fcck) \u2013 25 x 25 cm Weiche Waschlappen Flanell zum Waschen von Gesicht\u2026\" \/>\n<meta property=\"og:url\" content=\"https:\/\/marktxxl.de\/markt\/produkt\/beryris-bambus-waschlappen-bambus-waschlappen-6-stueck-25-x-25-cm-weiche-waschlappen-flanell-zum-waschen-von-gesicht-make-up-entfernung-erwachsene-koerper-babys-kinder\/\" \/>\n<meta property=\"og:site_name\" content=\"Markt-XXL\" \/>\n<meta property=\"article:modified_time\" content=\"2023-04-10T01:19:21+00:00\" \/>\n<meta property=\"og:image\" content=\"https:\/\/m.media-amazon.com\/images\/I\/41ClOWkXiHL._SL500_.jpg\" \/>\n\t<meta property=\"og:image:width\" content=\"500\" \/>\n\t<meta property=\"og:image:height\" content=\"337\" \/>\n\t<meta property=\"og:image:type\" content=\"image\/jpeg\" \/>\n<meta name=\"twitter:card\" content=\"summary_large_image\" \/>\n<meta name=\"twitter:label1\" content=\"Gesch\u00e4tzte Lesezeit\" \/>\n\t<meta name=\"twitter:data1\" content=\"1\u00a0Minute\" \/>\n<script type=\"application\/ld+json\" class=\"yoast-schema-graph\">{\"@context\":\"https:\\\/\\\/schema.org\",\"@graph\":[{\"@type\":\"WebPage\",\"@id\":\"https:\\\/\\\/marktxxl.de\\\/markt\\\/produkt\\\/beryris-bambus-waschlappen-bambus-waschlappen-6-stueck-25-x-25-cm-weiche-waschlappen-flanell-zum-waschen-von-gesicht-make-up-entfernung-erwachsene-koerper-babys-kinder\\\/\",\"url\":\"https:\\\/\\\/marktxxl.de\\\/markt\\\/produkt\\\/beryris-bambus-waschlappen-bambus-waschlappen-6-stueck-25-x-25-cm-weiche-waschlappen-flanell-zum-waschen-von-gesicht-make-up-entfernung-erwachsene-koerper-babys-kinder\\\/\",\"name\":\"Beryris Bambus Waschlappen Bambus Waschlappen (6 St\u00fcck) \u2013 25 x 25 cm Weiche Waschlappen Flanell zum Waschen von Gesicht\u2026 - Markt-XXL\",\"isPartOf\":{\"@id\":\"https:\\\/\\\/marktxxl.de\\\/markt\\\/#website\"},\"primaryImageOfPage\":{\"@id\":\"https:\\\/\\\/marktxxl.de\\\/markt\\\/produkt\\\/beryris-bambus-waschlappen-bambus-waschlappen-6-stueck-25-x-25-cm-weiche-waschlappen-flanell-zum-waschen-von-gesicht-make-up-entfernung-erwachsene-koerper-babys-kinder\\\/#primaryimage\"},\"image\":{\"@id\":\"https:\\\/\\\/marktxxl.de\\\/markt\\\/produkt\\\/beryris-bambus-waschlappen-bambus-waschlappen-6-stueck-25-x-25-cm-weiche-waschlappen-flanell-zum-waschen-von-gesicht-make-up-entfernung-erwachsene-koerper-babys-kinder\\\/#primaryimage\"},\"thumbnailUrl\":\"https:\\\/\\\/m.media-amazon.com\\\/images\\\/I\\\/41ClOWkXiHL._SL500_.jpg\",\"datePublished\":\"2022-01-27T13:00:15+00:00\",\"dateModified\":\"2023-04-10T01:19:21+00:00\",\"description\":\"Markt-XXL Beryris Bambus Waschlappen Bambus Waschlappen (6 St\u00fcck) \u2013 25 x 25 cm Weiche Waschlappen Flanell zum Waschen von Gesicht\u2026\",\"breadcrumb\":{\"@id\":\"https:\\\/\\\/marktxxl.de\\\/markt\\\/produkt\\\/beryris-bambus-waschlappen-bambus-waschlappen-6-stueck-25-x-25-cm-weiche-waschlappen-flanell-zum-waschen-von-gesicht-make-up-entfernung-erwachsene-koerper-babys-kinder\\\/#breadcrumb\"},\"inLanguage\":\"de\",\"potentialAction\":[{\"@type\":\"ReadAction\",\"target\":[\"https:\\\/\\\/marktxxl.de\\\/markt\\\/produkt\\\/beryris-bambus-waschlappen-bambus-waschlappen-6-stueck-25-x-25-cm-weiche-waschlappen-flanell-zum-waschen-von-gesicht-make-up-entfernung-erwachsene-koerper-babys-kinder\\\/\"]}]},{\"@type\":\"ImageObject\",\"inLanguage\":\"de\",\"@id\":\"https:\\\/\\\/marktxxl.de\\\/markt\\\/produkt\\\/beryris-bambus-waschlappen-bambus-waschlappen-6-stueck-25-x-25-cm-weiche-waschlappen-flanell-zum-waschen-von-gesicht-make-up-entfernung-erwachsene-koerper-babys-kinder\\\/#primaryimage\",\"url\":\"https:\\\/\\\/m.media-amazon.com\\\/images\\\/I\\\/41ClOWkXiHL._SL500_.jpg\",\"contentUrl\":\"https:\\\/\\\/m.media-amazon.com\\\/images\\\/I\\\/41ClOWkXiHL._SL500_.jpg\",\"width\":500,\"height\":337},{\"@type\":\"BreadcrumbList\",\"@id\":\"https:\\\/\\\/marktxxl.de\\\/markt\\\/produkt\\\/beryris-bambus-waschlappen-bambus-waschlappen-6-stueck-25-x-25-cm-weiche-waschlappen-flanell-zum-waschen-von-gesicht-make-up-entfernung-erwachsene-koerper-babys-kinder\\\/#breadcrumb\",\"itemListElement\":[{\"@type\":\"ListItem\",\"position\":1,\"name\":\"Startseite\",\"item\":\"https:\\\/\\\/marktxxl.de\\\/markt\\\/\"},{\"@type\":\"ListItem\",\"position\":2,\"name\":\"Markt\",\"item\":\"https:\\\/\\\/marktxxl.de\\\/markt\\\/\"},{\"@type\":\"ListItem\",\"position\":3,\"name\":\"Beryris Bambus Waschlappen Bambus Waschlappen (6 St\u00fcck) \u2013 25 x 25 cm Weiche Waschlappen Flanell zum Waschen von Gesicht\u2026\"}]},{\"@type\":\"WebSite\",\"@id\":\"https:\\\/\\\/marktxxl.de\\\/markt\\\/#website\",\"url\":\"https:\\\/\\\/marktxxl.de\\\/markt\\\/\",\"name\":\"Markt-XXL\",\"description\":\"Ihr Markt Online\",\"publisher\":{\"@id\":\"https:\\\/\\\/marktxxl.de\\\/markt\\\/#organization\"},\"potentialAction\":[{\"@type\":\"SearchAction\",\"target\":{\"@type\":\"EntryPoint\",\"urlTemplate\":\"https:\\\/\\\/marktxxl.de\\\/markt\\\/?s={search_term_string}\"},\"query-input\":{\"@type\":\"PropertyValueSpecification\",\"valueRequired\":true,\"valueName\":\"search_term_string\"}}],\"inLanguage\":\"de\"},{\"@type\":\"Organization\",\"@id\":\"https:\\\/\\\/marktxxl.de\\\/markt\\\/#organization\",\"name\":\"Markt-XXL\",\"url\":\"https:\\\/\\\/marktxxl.de\\\/markt\\\/\",\"logo\":{\"@type\":\"ImageObject\",\"inLanguage\":\"de\",\"@id\":\"https:\\\/\\\/marktxxl.de\\\/markt\\\/#\\\/schema\\\/logo\\\/image\\\/\",\"url\":\"https:\\\/\\\/marktxxl.de\\\/markt\\\/wp-content\\\/uploads\\\/sites\\\/3\\\/2020\\\/12\\\/logo.png\",\"contentUrl\":\"https:\\\/\\\/marktxxl.de\\\/markt\\\/wp-content\\\/uploads\\\/sites\\\/3\\\/2020\\\/12\\\/logo.png\",\"width\":200,\"height\":70,\"caption\":\"Markt-XXL\"},\"image\":{\"@id\":\"https:\\\/\\\/marktxxl.de\\\/markt\\\/#\\\/schema\\\/logo\\\/image\\\/\"}}]}<\/script>\n<!-- \/ Yoast SEO plugin. -->","yoast_head_json":{"title":"Beryris Bambus Waschlappen Bambus Waschlappen (6 St\u00fcck) \u2013 25 x 25 cm Weiche Waschlappen Flanell zum Waschen von Gesicht\u2026 - Markt-XXL","description":"Markt-XXL Beryris Bambus Waschlappen Bambus Waschlappen (6 St\u00fcck) \u2013 25 x 25 cm Weiche Waschlappen Flanell zum Waschen von Gesicht\u2026","robots":{"index":"index","follow":"follow","max-snippet":"max-snippet:-1","max-image-preview":"max-image-preview:large","max-video-preview":"max-video-preview:-1"},"canonical":"https:\/\/marktxxl.de\/markt\/produkt\/beryris-bambus-waschlappen-bambus-waschlappen-6-stueck-25-x-25-cm-weiche-waschlappen-flanell-zum-waschen-von-gesicht-make-up-entfernung-erwachsene-koerper-babys-kinder\/","og_locale":"de_DE","og_type":"article","og_title":"Beryris Bambus Waschlappen Bambus Waschlappen (6 St\u00fcck) \u2013 25 x 25 cm Weiche Waschlappen Flanell zum Waschen von Gesicht\u2026 - Markt-XXL","og_description":"Markt-XXL Beryris Bambus Waschlappen Bambus Waschlappen (6 St\u00fcck) \u2013 25 x 25 cm Weiche Waschlappen Flanell zum Waschen von Gesicht\u2026","og_url":"https:\/\/marktxxl.de\/markt\/produkt\/beryris-bambus-waschlappen-bambus-waschlappen-6-stueck-25-x-25-cm-weiche-waschlappen-flanell-zum-waschen-von-gesicht-make-up-entfernung-erwachsene-koerper-babys-kinder\/","og_site_name":"Markt-XXL","article_modified_time":"2023-04-10T01:19:21+00:00","og_image":[{"width":500,"height":337,"url":"https:\/\/m.media-amazon.com\/images\/I\/41ClOWkXiHL._SL500_.jpg","type":"image\/jpeg"}],"twitter_card":"summary_large_image","twitter_misc":{"Gesch\u00e4tzte Lesezeit":"1\u00a0Minute"},"schema":{"@context":"https:\/\/schema.org","@graph":[{"@type":"WebPage","@id":"https:\/\/marktxxl.de\/markt\/produkt\/beryris-bambus-waschlappen-bambus-waschlappen-6-stueck-25-x-25-cm-weiche-waschlappen-flanell-zum-waschen-von-gesicht-make-up-entfernung-erwachsene-koerper-babys-kinder\/","url":"https:\/\/marktxxl.de\/markt\/produkt\/beryris-bambus-waschlappen-bambus-waschlappen-6-stueck-25-x-25-cm-weiche-waschlappen-flanell-zum-waschen-von-gesicht-make-up-entfernung-erwachsene-koerper-babys-kinder\/","name":"Beryris Bambus Waschlappen Bambus Waschlappen (6 St\u00fcck) \u2013 25 x 25 cm Weiche Waschlappen Flanell zum Waschen von Gesicht\u2026 - Markt-XXL","isPartOf":{"@id":"https:\/\/marktxxl.de\/markt\/#website"},"primaryImageOfPage":{"@id":"https:\/\/marktxxl.de\/markt\/produkt\/beryris-bambus-waschlappen-bambus-waschlappen-6-stueck-25-x-25-cm-weiche-waschlappen-flanell-zum-waschen-von-gesicht-make-up-entfernung-erwachsene-koerper-babys-kinder\/#primaryimage"},"image":{"@id":"https:\/\/marktxxl.de\/markt\/produkt\/beryris-bambus-waschlappen-bambus-waschlappen-6-stueck-25-x-25-cm-weiche-waschlappen-flanell-zum-waschen-von-gesicht-make-up-entfernung-erwachsene-koerper-babys-kinder\/#primaryimage"},"thumbnailUrl":"https:\/\/m.media-amazon.com\/images\/I\/41ClOWkXiHL._SL500_.jpg","datePublished":"2022-01-27T13:00:15+00:00","dateModified":"2023-04-10T01:19:21+00:00","description":"Markt-XXL Beryris Bambus Waschlappen Bambus Waschlappen (6 St\u00fcck) \u2013 25 x 25 cm Weiche Waschlappen Flanell zum Waschen von Gesicht\u2026","breadcrumb":{"@id":"https:\/\/marktxxl.de\/markt\/produkt\/beryris-bambus-waschlappen-bambus-waschlappen-6-stueck-25-x-25-cm-weiche-waschlappen-flanell-zum-waschen-von-gesicht-make-up-entfernung-erwachsene-koerper-babys-kinder\/#breadcrumb"},"inLanguage":"de","potentialAction":[{"@type":"ReadAction","target":["https:\/\/marktxxl.de\/markt\/produkt\/beryris-bambus-waschlappen-bambus-waschlappen-6-stueck-25-x-25-cm-weiche-waschlappen-flanell-zum-waschen-von-gesicht-make-up-entfernung-erwachsene-koerper-babys-kinder\/"]}]},{"@type":"ImageObject","inLanguage":"de","@id":"https:\/\/marktxxl.de\/markt\/produkt\/beryris-bambus-waschlappen-bambus-waschlappen-6-stueck-25-x-25-cm-weiche-waschlappen-flanell-zum-waschen-von-gesicht-make-up-entfernung-erwachsene-koerper-babys-kinder\/#primaryimage","url":"https:\/\/m.media-amazon.com\/images\/I\/41ClOWkXiHL._SL500_.jpg","contentUrl":"https:\/\/m.media-amazon.com\/images\/I\/41ClOWkXiHL._SL500_.jpg","width":500,"height":337},{"@type":"BreadcrumbList","@id":"https:\/\/marktxxl.de\/markt\/produkt\/beryris-bambus-waschlappen-bambus-waschlappen-6-stueck-25-x-25-cm-weiche-waschlappen-flanell-zum-waschen-von-gesicht-make-up-entfernung-erwachsene-koerper-babys-kinder\/#breadcrumb","itemListElement":[{"@type":"ListItem","position":1,"name":"Startseite","item":"https:\/\/marktxxl.de\/markt\/"},{"@type":"ListItem","position":2,"name":"Markt","item":"https:\/\/marktxxl.de\/markt\/"},{"@type":"ListItem","position":3,"name":"Beryris Bambus Waschlappen Bambus Waschlappen (6 St\u00fcck) \u2013 25 x 25 cm Weiche Waschlappen Flanell zum Waschen von Gesicht\u2026"}]},{"@type":"WebSite","@id":"https:\/\/marktxxl.de\/markt\/#website","url":"https:\/\/marktxxl.de\/markt\/","name":"Markt-XXL","description":"Ihr Markt Online","publisher":{"@id":"https:\/\/marktxxl.de\/markt\/#organization"},"potentialAction":[{"@type":"SearchAction","target":{"@type":"EntryPoint","urlTemplate":"https:\/\/marktxxl.de\/markt\/?s={search_term_string}"},"query-input":{"@type":"PropertyValueSpecification","valueRequired":true,"valueName":"search_term_string"}}],"inLanguage":"de"},{"@type":"Organization","@id":"https:\/\/marktxxl.de\/markt\/#organization","name":"Markt-XXL","url":"https:\/\/marktxxl.de\/markt\/","logo":{"@type":"ImageObject","inLanguage":"de","@id":"https:\/\/marktxxl.de\/markt\/#\/schema\/logo\/image\/","url":"https:\/\/marktxxl.de\/markt\/wp-content\/uploads\/sites\/3\/2020\/12\/logo.png","contentUrl":"https:\/\/marktxxl.de\/markt\/wp-content\/uploads\/sites\/3\/2020\/12\/logo.png","width":200,"height":70,"caption":"Markt-XXL"},"image":{"@id":"https:\/\/marktxxl.de\/markt\/#\/schema\/logo\/image\/"}}]}},"_links":{"self":[{"href":"https:\/\/marktxxl.de\/markt\/wp-json\/wp\/v2\/product\/97248","targetHints":{"allow":["GET"]}}],"collection":[{"href":"https:\/\/marktxxl.de\/markt\/wp-json\/wp\/v2\/product"}],"about":[{"href":"https:\/\/marktxxl.de\/markt\/wp-json\/wp\/v2\/types\/product"}],"replies":[{"embeddable":true,"href":"https:\/\/marktxxl.de\/markt\/wp-json\/wp\/v2\/comments?post=97248"}],"wp:featuredmedia":[{"embeddable":true,"href":"https:\/\/marktxxl.de\/markt\/wp-json\/wp\/v2\/media\/97249"}],"wp:attachment":[{"href":"https:\/\/marktxxl.de\/markt\/wp-json\/wp\/v2\/media?parent=97248"}],"wp:term":[{"taxonomy":"product_brand","embeddable":true,"href":"https:\/\/marktxxl.de\/markt\/wp-json\/wp\/v2\/product_brand?post=97248"},{"taxonomy":"product_cat","embeddable":true,"href":"https:\/\/marktxxl.de\/markt\/wp-json\/wp\/v2\/product_cat?post=97248"},{"taxonomy":"product_tag","embeddable":true,"href":"https:\/\/marktxxl.de\/markt\/wp-json\/wp\/v2\/product_tag?post=97248"}],"curies":[{"name":"wp","href":"https:\/\/api.w.org\/{rel}","templated":true}]}}