{"id":97091,"date":"2022-01-27T13:49:22","date_gmt":"2022-01-27T12:49:22","guid":{"rendered":"https:\/\/marktxxl.de\/markt\/produkt\/hilti-hit-1-rot\/"},"modified":"2023-04-10T03:19:16","modified_gmt":"2023-04-10T01:19:16","slug":"hilti-hit-1-rot","status":"publish","type":"product","link":"https:\/\/marktxxl.de\/markt\/produkt\/hilti-hit-1-rot\/","title":{"rendered":"Hilti HIT-1, Rot"},"content":{"rendered":"<p>Perfekt f\u00fcr Beton &amp; Mauerwerk (Lochstein und Vollstein). Egal ob nass oder trocken. Dieser Zementm\u00f6rtel befestigt, verf\u00fcllt und h\u00e4rtet schnell aus. Nutzbar als Fl\u00fcssigd\u00fcbel, Schnellzement, Schnellbeton, Betonkleber oder Reparaturm\u00f6rtel f\u00fcr Innen- und Au\u00dfenbereich.<br \/>\nMit handels\u00fcblicher Kartuschenpresse auspressbar (wie auch bei Silikon und anderen Hartkartuschen). Inklusive 2 Komponenten Mischer-D\u00fcse zur leichten und punktgenauen Verarbeitung. Schnell h\u00e4rtender, styrolfreier Injektionsm\u00f6rtel f\u00fcr den universellen Einsatz in Mauerwerk und ungerissenem Beton.<br \/>\nBefestigen Sie Gewindestangen, Schwerlastanker, Klebeanker, D\u00fcbel, Netzd\u00fcbel und Injektionsd\u00fcbel. Im leichten und mittleren Lastbereich. Hervorragend f\u00fcr Zaun- und Gel\u00e4nderpfosten, Tore, Fenstergitter, Wandschr\u00e4nke, Badarmaturen, Klimaanlagen, Beleuchtung, Markisenbefestigungen, etc.<br \/>\nDie Kartuschen passen in fast jede Auspresspistole, Kartuschenpistolen, Kartuschenpresse (auch elektrisch). Mischerspitze inklusive zur Vermischung des Injektionsmoertel direkt aus der Kartusche.<br \/>\nSie erhalten mit diesem Produkt Profi Qualit\u00e4t vom Werkzeugspezialisten und Handwerkerspezialisten. HILTI Ist seit Jahrzehnten f\u00fcr hochwertige Installationssysteme, Ankersysteme, Schraubbefestigungen und Maschinen bekannt und preisgekr\u00f6nt.<br \/>\n<div class=\"main-cross-sell\" data-asin=\"B077YVFSKJ\">\n\n\t<div class=\"WooZone-cross-sell-loader\">\n\t\t<div>\n\t\t\t<div id=\"floatingBarsG\">\n\t\t\t\t<div class=\"blockG\" id=\"rotateG_01\"><\/div>\n\t\t\t\t<div class=\"blockG\" id=\"rotateG_02\"><\/div>\n\t\t\t\t<div class=\"blockG\" id=\"rotateG_03\"><\/div>\n\t\t\t\t<div class=\"blockG\" id=\"rotateG_04\"><\/div>\n\t\t\t\t<div class=\"blockG\" id=\"rotateG_05\"><\/div>\n\t\t\t\t<div class=\"blockG\" id=\"rotateG_06\"><\/div>\n\t\t\t\t<div class=\"blockG\" id=\"rotateG_07\"><\/div>\n\t\t\t\t<div class=\"blockG\" id=\"rotateG_08\"><\/div>\n\t\t\t<\/div>\n\t\t\t<div class=\"WooZone-cross-sell-loader-text\"><\/div>\n\t\t<\/div>\n\t<\/div>\n\n\t\t\n<\/div>\n<div style=\"clear:both;\"><\/div><\/p>\n","protected":false},"excerpt":{"rendered":"<p>Perfekt f\u00fcr Beton &amp; Mauerwerk (Lochstein und Vollstein). Egal ob nass oder trocken. Dieser Zementm\u00f6rtel befestigt, verf\u00fcllt und h\u00e4rtet schnell aus. Nutzbar als Fl\u00fcssigd\u00fcbel, Schnellzement, Schnellbeton, Betonkleber oder Reparaturm\u00f6rtel f\u00fcr Innen- und Au\u00dfenbereich.<br \/>\nMit handels\u00fcblicher Kartuschenpresse auspressbar (wie auch bei Silikon und anderen Hartkartuschen). Inklusive 2 Komponenten Mischer-D\u00fcse zur leichten und punktgenauen Verarbeitung. Schnell h\u00e4rtender, styrolfreier Injektionsm\u00f6rtel f\u00fcr den universellen Einsatz in Mauerwerk und ungerissenem Beton.<br \/>\nBefestigen Sie Gewindestangen, Schwerlastanker, Klebeanker, D\u00fcbel, Netzd\u00fcbel und Injektionsd\u00fcbel. Im leichten und mittleren Lastbereich. Hervorragend f\u00fcr Zaun- und Gel\u00e4nderpfosten, Tore, Fenstergitter, Wandschr\u00e4nke, Badarmaturen, Klimaanlagen, Beleuchtung, Markisenbefestigungen, etc.<\/p>\n","protected":false},"featured_media":97092,"comment_status":"open","ping_status":"closed","template":"","meta":[],"product_brand":[],"product_cat":[1983,11212],"product_tag":[],"class_list":{"0":"post-97091","1":"product","2":"type-product","3":"status-publish","4":"has-post-thumbnail","6":"product_cat-baumarkt","7":"product_cat-malerbedarf-werkzeuge-tapeten","8":"pa_binding-werkzeug","9":"pa_brand-hilti","10":"pa_color-rot","11":"pa_height-3-543307083-zoll","12":"pa_length-10-629921249-zoll","13":"pa_manufacturer-hilti","14":"pa_model-hit-1","15":"pa_warranty-mindetshaltbarkeitsdatum","16":"pa_weight-1-212542441-pfund","17":"pa_width-3-543307083-zoll","19":"first","20":"instock","21":"shipping-taxable","22":"purchasable","23":"product-type-simple","24":"customify-col","25":"product-has-gallery"},"yoast_head":"<!-- This site is optimized with the Yoast SEO plugin v27.3 - https:\/\/yoast.com\/product\/yoast-seo-wordpress\/ -->\n<title>Hilti HIT-1, Rot - Markt-XXL<\/title>\n<meta name=\"description\" content=\"Markt-XXL Hilti HIT-1, Rot\" \/>\n<meta name=\"robots\" content=\"index, follow, max-snippet:-1, max-image-preview:large, max-video-preview:-1\" \/>\n<link rel=\"canonical\" href=\"https:\/\/marktxxl.de\/markt\/produkt\/hilti-hit-1-rot\/\" \/>\n<meta property=\"og:locale\" content=\"de_DE\" \/>\n<meta property=\"og:type\" content=\"article\" \/>\n<meta property=\"og:title\" content=\"Hilti HIT-1, Rot - Markt-XXL\" \/>\n<meta property=\"og:description\" content=\"Markt-XXL Hilti HIT-1, Rot\" \/>\n<meta property=\"og:url\" content=\"https:\/\/marktxxl.de\/markt\/produkt\/hilti-hit-1-rot\/\" \/>\n<meta property=\"og:site_name\" content=\"Markt-XXL\" \/>\n<meta property=\"article:modified_time\" content=\"2023-04-10T01:19:16+00:00\" \/>\n<meta property=\"og:image\" content=\"https:\/\/m.media-amazon.com\/images\/I\/31MElSQMhiS._SL500_.jpg\" \/>\n\t<meta property=\"og:image:width\" content=\"192\" \/>\n\t<meta property=\"og:image:height\" content=\"500\" \/>\n\t<meta property=\"og:image:type\" content=\"image\/jpeg\" \/>\n<meta name=\"twitter:card\" content=\"summary_large_image\" \/>\n<meta name=\"twitter:label1\" content=\"Gesch\u00e4tzte Lesezeit\" \/>\n\t<meta name=\"twitter:data1\" content=\"1\u00a0Minute\" \/>\n<script type=\"application\/ld+json\" class=\"yoast-schema-graph\">{\"@context\":\"https:\\\/\\\/schema.org\",\"@graph\":[{\"@type\":\"WebPage\",\"@id\":\"https:\\\/\\\/marktxxl.de\\\/markt\\\/produkt\\\/hilti-hit-1-rot\\\/\",\"url\":\"https:\\\/\\\/marktxxl.de\\\/markt\\\/produkt\\\/hilti-hit-1-rot\\\/\",\"name\":\"Hilti HIT-1, Rot - Markt-XXL\",\"isPartOf\":{\"@id\":\"https:\\\/\\\/marktxxl.de\\\/markt\\\/#website\"},\"primaryImageOfPage\":{\"@id\":\"https:\\\/\\\/marktxxl.de\\\/markt\\\/produkt\\\/hilti-hit-1-rot\\\/#primaryimage\"},\"image\":{\"@id\":\"https:\\\/\\\/marktxxl.de\\\/markt\\\/produkt\\\/hilti-hit-1-rot\\\/#primaryimage\"},\"thumbnailUrl\":\"https:\\\/\\\/m.media-amazon.com\\\/images\\\/I\\\/31MElSQMhiS._SL500_.jpg\",\"datePublished\":\"2022-01-27T12:49:22+00:00\",\"dateModified\":\"2023-04-10T01:19:16+00:00\",\"description\":\"Markt-XXL Hilti HIT-1, Rot\",\"breadcrumb\":{\"@id\":\"https:\\\/\\\/marktxxl.de\\\/markt\\\/produkt\\\/hilti-hit-1-rot\\\/#breadcrumb\"},\"inLanguage\":\"de\",\"potentialAction\":[{\"@type\":\"ReadAction\",\"target\":[\"https:\\\/\\\/marktxxl.de\\\/markt\\\/produkt\\\/hilti-hit-1-rot\\\/\"]}]},{\"@type\":\"ImageObject\",\"inLanguage\":\"de\",\"@id\":\"https:\\\/\\\/marktxxl.de\\\/markt\\\/produkt\\\/hilti-hit-1-rot\\\/#primaryimage\",\"url\":\"https:\\\/\\\/m.media-amazon.com\\\/images\\\/I\\\/31MElSQMhiS._SL500_.jpg\",\"contentUrl\":\"https:\\\/\\\/m.media-amazon.com\\\/images\\\/I\\\/31MElSQMhiS._SL500_.jpg\",\"width\":192,\"height\":500},{\"@type\":\"BreadcrumbList\",\"@id\":\"https:\\\/\\\/marktxxl.de\\\/markt\\\/produkt\\\/hilti-hit-1-rot\\\/#breadcrumb\",\"itemListElement\":[{\"@type\":\"ListItem\",\"position\":1,\"name\":\"Startseite\",\"item\":\"https:\\\/\\\/marktxxl.de\\\/markt\\\/\"},{\"@type\":\"ListItem\",\"position\":2,\"name\":\"Markt\",\"item\":\"https:\\\/\\\/marktxxl.de\\\/markt\\\/\"},{\"@type\":\"ListItem\",\"position\":3,\"name\":\"Hilti HIT-1, Rot\"}]},{\"@type\":\"WebSite\",\"@id\":\"https:\\\/\\\/marktxxl.de\\\/markt\\\/#website\",\"url\":\"https:\\\/\\\/marktxxl.de\\\/markt\\\/\",\"name\":\"Markt-XXL\",\"description\":\"Ihr Markt Online\",\"publisher\":{\"@id\":\"https:\\\/\\\/marktxxl.de\\\/markt\\\/#organization\"},\"potentialAction\":[{\"@type\":\"SearchAction\",\"target\":{\"@type\":\"EntryPoint\",\"urlTemplate\":\"https:\\\/\\\/marktxxl.de\\\/markt\\\/?s={search_term_string}\"},\"query-input\":{\"@type\":\"PropertyValueSpecification\",\"valueRequired\":true,\"valueName\":\"search_term_string\"}}],\"inLanguage\":\"de\"},{\"@type\":\"Organization\",\"@id\":\"https:\\\/\\\/marktxxl.de\\\/markt\\\/#organization\",\"name\":\"Markt-XXL\",\"url\":\"https:\\\/\\\/marktxxl.de\\\/markt\\\/\",\"logo\":{\"@type\":\"ImageObject\",\"inLanguage\":\"de\",\"@id\":\"https:\\\/\\\/marktxxl.de\\\/markt\\\/#\\\/schema\\\/logo\\\/image\\\/\",\"url\":\"https:\\\/\\\/marktxxl.de\\\/markt\\\/wp-content\\\/uploads\\\/sites\\\/3\\\/2020\\\/12\\\/logo.png\",\"contentUrl\":\"https:\\\/\\\/marktxxl.de\\\/markt\\\/wp-content\\\/uploads\\\/sites\\\/3\\\/2020\\\/12\\\/logo.png\",\"width\":200,\"height\":70,\"caption\":\"Markt-XXL\"},\"image\":{\"@id\":\"https:\\\/\\\/marktxxl.de\\\/markt\\\/#\\\/schema\\\/logo\\\/image\\\/\"}}]}<\/script>\n<!-- \/ Yoast SEO plugin. -->","yoast_head_json":{"title":"Hilti HIT-1, Rot - Markt-XXL","description":"Markt-XXL Hilti HIT-1, Rot","robots":{"index":"index","follow":"follow","max-snippet":"max-snippet:-1","max-image-preview":"max-image-preview:large","max-video-preview":"max-video-preview:-1"},"canonical":"https:\/\/marktxxl.de\/markt\/produkt\/hilti-hit-1-rot\/","og_locale":"de_DE","og_type":"article","og_title":"Hilti HIT-1, Rot - Markt-XXL","og_description":"Markt-XXL Hilti HIT-1, Rot","og_url":"https:\/\/marktxxl.de\/markt\/produkt\/hilti-hit-1-rot\/","og_site_name":"Markt-XXL","article_modified_time":"2023-04-10T01:19:16+00:00","og_image":[{"width":192,"height":500,"url":"https:\/\/m.media-amazon.com\/images\/I\/31MElSQMhiS._SL500_.jpg","type":"image\/jpeg"}],"twitter_card":"summary_large_image","twitter_misc":{"Gesch\u00e4tzte Lesezeit":"1\u00a0Minute"},"schema":{"@context":"https:\/\/schema.org","@graph":[{"@type":"WebPage","@id":"https:\/\/marktxxl.de\/markt\/produkt\/hilti-hit-1-rot\/","url":"https:\/\/marktxxl.de\/markt\/produkt\/hilti-hit-1-rot\/","name":"Hilti HIT-1, Rot - Markt-XXL","isPartOf":{"@id":"https:\/\/marktxxl.de\/markt\/#website"},"primaryImageOfPage":{"@id":"https:\/\/marktxxl.de\/markt\/produkt\/hilti-hit-1-rot\/#primaryimage"},"image":{"@id":"https:\/\/marktxxl.de\/markt\/produkt\/hilti-hit-1-rot\/#primaryimage"},"thumbnailUrl":"https:\/\/m.media-amazon.com\/images\/I\/31MElSQMhiS._SL500_.jpg","datePublished":"2022-01-27T12:49:22+00:00","dateModified":"2023-04-10T01:19:16+00:00","description":"Markt-XXL Hilti HIT-1, Rot","breadcrumb":{"@id":"https:\/\/marktxxl.de\/markt\/produkt\/hilti-hit-1-rot\/#breadcrumb"},"inLanguage":"de","potentialAction":[{"@type":"ReadAction","target":["https:\/\/marktxxl.de\/markt\/produkt\/hilti-hit-1-rot\/"]}]},{"@type":"ImageObject","inLanguage":"de","@id":"https:\/\/marktxxl.de\/markt\/produkt\/hilti-hit-1-rot\/#primaryimage","url":"https:\/\/m.media-amazon.com\/images\/I\/31MElSQMhiS._SL500_.jpg","contentUrl":"https:\/\/m.media-amazon.com\/images\/I\/31MElSQMhiS._SL500_.jpg","width":192,"height":500},{"@type":"BreadcrumbList","@id":"https:\/\/marktxxl.de\/markt\/produkt\/hilti-hit-1-rot\/#breadcrumb","itemListElement":[{"@type":"ListItem","position":1,"name":"Startseite","item":"https:\/\/marktxxl.de\/markt\/"},{"@type":"ListItem","position":2,"name":"Markt","item":"https:\/\/marktxxl.de\/markt\/"},{"@type":"ListItem","position":3,"name":"Hilti HIT-1, Rot"}]},{"@type":"WebSite","@id":"https:\/\/marktxxl.de\/markt\/#website","url":"https:\/\/marktxxl.de\/markt\/","name":"Markt-XXL","description":"Ihr Markt Online","publisher":{"@id":"https:\/\/marktxxl.de\/markt\/#organization"},"potentialAction":[{"@type":"SearchAction","target":{"@type":"EntryPoint","urlTemplate":"https:\/\/marktxxl.de\/markt\/?s={search_term_string}"},"query-input":{"@type":"PropertyValueSpecification","valueRequired":true,"valueName":"search_term_string"}}],"inLanguage":"de"},{"@type":"Organization","@id":"https:\/\/marktxxl.de\/markt\/#organization","name":"Markt-XXL","url":"https:\/\/marktxxl.de\/markt\/","logo":{"@type":"ImageObject","inLanguage":"de","@id":"https:\/\/marktxxl.de\/markt\/#\/schema\/logo\/image\/","url":"https:\/\/marktxxl.de\/markt\/wp-content\/uploads\/sites\/3\/2020\/12\/logo.png","contentUrl":"https:\/\/marktxxl.de\/markt\/wp-content\/uploads\/sites\/3\/2020\/12\/logo.png","width":200,"height":70,"caption":"Markt-XXL"},"image":{"@id":"https:\/\/marktxxl.de\/markt\/#\/schema\/logo\/image\/"}}]}},"_links":{"self":[{"href":"https:\/\/marktxxl.de\/markt\/wp-json\/wp\/v2\/product\/97091","targetHints":{"allow":["GET"]}}],"collection":[{"href":"https:\/\/marktxxl.de\/markt\/wp-json\/wp\/v2\/product"}],"about":[{"href":"https:\/\/marktxxl.de\/markt\/wp-json\/wp\/v2\/types\/product"}],"replies":[{"embeddable":true,"href":"https:\/\/marktxxl.de\/markt\/wp-json\/wp\/v2\/comments?post=97091"}],"wp:featuredmedia":[{"embeddable":true,"href":"https:\/\/marktxxl.de\/markt\/wp-json\/wp\/v2\/media\/97092"}],"wp:attachment":[{"href":"https:\/\/marktxxl.de\/markt\/wp-json\/wp\/v2\/media?parent=97091"}],"wp:term":[{"taxonomy":"product_brand","embeddable":true,"href":"https:\/\/marktxxl.de\/markt\/wp-json\/wp\/v2\/product_brand?post=97091"},{"taxonomy":"product_cat","embeddable":true,"href":"https:\/\/marktxxl.de\/markt\/wp-json\/wp\/v2\/product_cat?post=97091"},{"taxonomy":"product_tag","embeddable":true,"href":"https:\/\/marktxxl.de\/markt\/wp-json\/wp\/v2\/product_tag?post=97091"}],"curies":[{"name":"wp","href":"https:\/\/api.w.org\/{rel}","templated":true}]}}