{"id":97068,"date":"2022-01-27T13:49:00","date_gmt":"2022-01-27T12:49:00","guid":{"rendered":"https:\/\/marktxxl.de\/markt\/produkt\/decowall-da-1406-zug-und-heissluftballons-autos-flugzeuge-tiere-wandtattoo-wandsticker-wandaufkleber-wanddeko-fuer-wohnzimmer-schlafzimmer-kinderzimmer\/"},"modified":"2023-04-10T03:19:16","modified_gmt":"2023-04-10T01:19:16","slug":"decowall-da-1406-zug-und-heissluftballons-autos-flugzeuge-tiere-wandtattoo-wandsticker-wandaufkleber-wanddeko-fuer-wohnzimmer-schlafzimmer-kinderzimmer","status":"publish","type":"product","link":"https:\/\/marktxxl.de\/markt\/produkt\/decowall-da-1406-zug-und-heissluftballons-autos-flugzeuge-tiere-wandtattoo-wandsticker-wandaufkleber-wanddeko-fuer-wohnzimmer-schlafzimmer-kinderzimmer\/","title":{"rendered":"DECOWALL 1605 1704 1406 (1406)"},"content":{"rendered":"<p>\ud83d\ude82LERNEN UND SPIELEN \u2013 Spielen ist die beliebteste Lernmethode unseres Gehirns. Decowall-Aufkleber sind nicht nur ein gro\u00dfartiges lehrreiches Werkzeug, sondern auch eine unterhaltsame Art und Weise, Ihr Zimmer zu dekorieren.<br \/>\n\ud83c\udf88F\u00dcGEN SIE FARBEN OHNE MALEREI HINZU \u2013 Dekorieren Sie Ihr Zimmer sofort. Bringen Sie Farbe und Leben in Ihr Zimmer, ohne m\u00fchsames Malen und Reinigen.<br \/>\n\ud83c\udf1eZUM SELBERMACHEN &amp; EINFACHES ABZIEHEN UND AUFKLEBEN \u2013 Kleben Sie Ihre Abziehbilder schnell auf, ohne ein Durcheinander zu verursachen. Zeit f\u00fcr eine Ver\u00e4nderung? Einfach entfernen und neu positionieren, ohne klebrige R\u00fcckst\u00e4nde an der Wand zu hinterlassen.<br \/>\n\ud83c\udf08HOHE QUALIT\u00c4T, DESIGN DER ILLUSTRATOREN VON DECOWALL \u2013 Alle unsere Aufkleber werden sorgf\u00e4ltig von unserem Team talentierter K\u00fcnstler entworfen und in bester Qualit\u00e4t zu erschwinglichen Preisen hergestellt.<br \/>\n\ud83d\udca1ABMESSUNGEN &#8211; 4 Bl\u00e4tter \u00e0 60cm(w) x 32cm(h) (23.6&#8243; x 12.6&#8243;)<br \/>\n<div class=\"main-cross-sell\" data-asin=\"B00PK9EEVM\">\n\n\t<div class=\"WooZone-cross-sell-loader\">\n\t\t<div>\n\t\t\t<div id=\"floatingBarsG\">\n\t\t\t\t<div class=\"blockG\" id=\"rotateG_01\"><\/div>\n\t\t\t\t<div class=\"blockG\" id=\"rotateG_02\"><\/div>\n\t\t\t\t<div class=\"blockG\" id=\"rotateG_03\"><\/div>\n\t\t\t\t<div class=\"blockG\" id=\"rotateG_04\"><\/div>\n\t\t\t\t<div class=\"blockG\" id=\"rotateG_05\"><\/div>\n\t\t\t\t<div class=\"blockG\" id=\"rotateG_06\"><\/div>\n\t\t\t\t<div class=\"blockG\" id=\"rotateG_07\"><\/div>\n\t\t\t\t<div class=\"blockG\" id=\"rotateG_08\"><\/div>\n\t\t\t<\/div>\n\t\t\t<div class=\"WooZone-cross-sell-loader-text\"><\/div>\n\t\t<\/div>\n\t<\/div>\n\n\t\t\n<\/div>\n<div style=\"clear:both;\"><\/div><\/p>\n","protected":false},"excerpt":{"rendered":"<p>\ud83d\ude82LERNEN UND SPIELEN \u2013 Spielen ist die beliebteste Lernmethode unseres Gehirns. Decowall-Aufkleber sind nicht nur ein gro\u00dfartiges lehrreiches Werkzeug, sondern auch eine unterhaltsame Art und Weise, Ihr Zimmer zu dekorieren.<br \/>\n\ud83c\udf88F\u00dcGEN SIE FARBEN OHNE MALEREI HINZU \u2013 Dekorieren Sie Ihr Zimmer sofort. Bringen Sie Farbe und Leben in Ihr Zimmer, ohne m\u00fchsames Malen und Reinigen.<br \/>\n\ud83c\udf1eZUM SELBERMACHEN &amp; EINFACHES ABZIEHEN UND AUFKLEBEN \u2013 Kleben Sie Ihre Abziehbilder schnell auf, ohne ein Durcheinander zu verursachen. Zeit f\u00fcr eine Ver\u00e4nderung? Einfach entfernen und neu positionieren, ohne klebrige R\u00fcckst\u00e4nde an der Wand zu hinterlassen.<\/p>\n","protected":false},"featured_media":97069,"comment_status":"open","ping_status":"closed","template":"","meta":[],"product_brand":[],"product_cat":[1983,11212],"product_tag":[],"class_list":{"0":"post-97068","1":"product","2":"type-product","3":"status-publish","4":"has-post-thumbnail","6":"product_cat-baumarkt","7":"product_cat-malerbedarf-werkzeuge-tapeten","8":"pa_binding-babyartikel","9":"pa_brand-decowall","10":"pa_brand-thames-hudson","11":"pa_manufacturer-decowall","12":"pa_size-grande","14":"first","15":"instock","16":"shipping-taxable","17":"purchasable","18":"product-type-simple","19":"customify-col","20":"product-has-gallery"},"yoast_head":"<!-- This site is optimized with the Yoast SEO plugin v27.4 - https:\/\/yoast.com\/product\/yoast-seo-wordpress\/ -->\n<title>DECOWALL 1605 1704 1406 (1406) - Markt-XXL<\/title>\n<meta name=\"description\" content=\"Markt-XXL DECOWALL 1605 1704 1406 (1406)\" \/>\n<meta name=\"robots\" content=\"index, follow, max-snippet:-1, max-image-preview:large, max-video-preview:-1\" \/>\n<link rel=\"canonical\" href=\"https:\/\/marktxxl.de\/markt\/produkt\/decowall-da-1406-zug-und-heissluftballons-autos-flugzeuge-tiere-wandtattoo-wandsticker-wandaufkleber-wanddeko-fuer-wohnzimmer-schlafzimmer-kinderzimmer\/\" \/>\n<meta property=\"og:locale\" content=\"de_DE\" \/>\n<meta property=\"og:type\" content=\"article\" \/>\n<meta property=\"og:title\" content=\"DECOWALL 1605 1704 1406 (1406) - Markt-XXL\" \/>\n<meta property=\"og:description\" content=\"Markt-XXL DECOWALL 1605 1704 1406 (1406)\" \/>\n<meta property=\"og:url\" content=\"https:\/\/marktxxl.de\/markt\/produkt\/decowall-da-1406-zug-und-heissluftballons-autos-flugzeuge-tiere-wandtattoo-wandsticker-wandaufkleber-wanddeko-fuer-wohnzimmer-schlafzimmer-kinderzimmer\/\" \/>\n<meta property=\"og:site_name\" content=\"Markt-XXL\" \/>\n<meta property=\"article:modified_time\" content=\"2023-04-10T01:19:16+00:00\" \/>\n<meta property=\"og:image\" content=\"https:\/\/m.media-amazon.com\/images\/I\/51oJdqg0sHL._SL500_.jpg\" \/>\n\t<meta property=\"og:image:width\" content=\"500\" \/>\n\t<meta property=\"og:image:height\" content=\"500\" \/>\n\t<meta property=\"og:image:type\" content=\"image\/jpeg\" \/>\n<meta name=\"twitter:card\" content=\"summary_large_image\" \/>\n<meta name=\"twitter:label1\" content=\"Gesch\u00e4tzte Lesezeit\" \/>\n\t<meta name=\"twitter:data1\" content=\"1\u00a0Minute\" \/>\n<script type=\"application\/ld+json\" class=\"yoast-schema-graph\">{\"@context\":\"https:\\\/\\\/schema.org\",\"@graph\":[{\"@type\":\"WebPage\",\"@id\":\"https:\\\/\\\/marktxxl.de\\\/markt\\\/produkt\\\/decowall-da-1406-zug-und-heissluftballons-autos-flugzeuge-tiere-wandtattoo-wandsticker-wandaufkleber-wanddeko-fuer-wohnzimmer-schlafzimmer-kinderzimmer\\\/\",\"url\":\"https:\\\/\\\/marktxxl.de\\\/markt\\\/produkt\\\/decowall-da-1406-zug-und-heissluftballons-autos-flugzeuge-tiere-wandtattoo-wandsticker-wandaufkleber-wanddeko-fuer-wohnzimmer-schlafzimmer-kinderzimmer\\\/\",\"name\":\"DECOWALL 1605 1704 1406 (1406) - Markt-XXL\",\"isPartOf\":{\"@id\":\"https:\\\/\\\/marktxxl.de\\\/markt\\\/#website\"},\"primaryImageOfPage\":{\"@id\":\"https:\\\/\\\/marktxxl.de\\\/markt\\\/produkt\\\/decowall-da-1406-zug-und-heissluftballons-autos-flugzeuge-tiere-wandtattoo-wandsticker-wandaufkleber-wanddeko-fuer-wohnzimmer-schlafzimmer-kinderzimmer\\\/#primaryimage\"},\"image\":{\"@id\":\"https:\\\/\\\/marktxxl.de\\\/markt\\\/produkt\\\/decowall-da-1406-zug-und-heissluftballons-autos-flugzeuge-tiere-wandtattoo-wandsticker-wandaufkleber-wanddeko-fuer-wohnzimmer-schlafzimmer-kinderzimmer\\\/#primaryimage\"},\"thumbnailUrl\":\"https:\\\/\\\/m.media-amazon.com\\\/images\\\/I\\\/51oJdqg0sHL._SL500_.jpg\",\"datePublished\":\"2022-01-27T12:49:00+00:00\",\"dateModified\":\"2023-04-10T01:19:16+00:00\",\"description\":\"Markt-XXL DECOWALL 1605 1704 1406 (1406)\",\"breadcrumb\":{\"@id\":\"https:\\\/\\\/marktxxl.de\\\/markt\\\/produkt\\\/decowall-da-1406-zug-und-heissluftballons-autos-flugzeuge-tiere-wandtattoo-wandsticker-wandaufkleber-wanddeko-fuer-wohnzimmer-schlafzimmer-kinderzimmer\\\/#breadcrumb\"},\"inLanguage\":\"de\",\"potentialAction\":[{\"@type\":\"ReadAction\",\"target\":[\"https:\\\/\\\/marktxxl.de\\\/markt\\\/produkt\\\/decowall-da-1406-zug-und-heissluftballons-autos-flugzeuge-tiere-wandtattoo-wandsticker-wandaufkleber-wanddeko-fuer-wohnzimmer-schlafzimmer-kinderzimmer\\\/\"]}]},{\"@type\":\"ImageObject\",\"inLanguage\":\"de\",\"@id\":\"https:\\\/\\\/marktxxl.de\\\/markt\\\/produkt\\\/decowall-da-1406-zug-und-heissluftballons-autos-flugzeuge-tiere-wandtattoo-wandsticker-wandaufkleber-wanddeko-fuer-wohnzimmer-schlafzimmer-kinderzimmer\\\/#primaryimage\",\"url\":\"https:\\\/\\\/m.media-amazon.com\\\/images\\\/I\\\/51oJdqg0sHL._SL500_.jpg\",\"contentUrl\":\"https:\\\/\\\/m.media-amazon.com\\\/images\\\/I\\\/51oJdqg0sHL._SL500_.jpg\",\"width\":500,\"height\":500},{\"@type\":\"BreadcrumbList\",\"@id\":\"https:\\\/\\\/marktxxl.de\\\/markt\\\/produkt\\\/decowall-da-1406-zug-und-heissluftballons-autos-flugzeuge-tiere-wandtattoo-wandsticker-wandaufkleber-wanddeko-fuer-wohnzimmer-schlafzimmer-kinderzimmer\\\/#breadcrumb\",\"itemListElement\":[{\"@type\":\"ListItem\",\"position\":1,\"name\":\"Startseite\",\"item\":\"https:\\\/\\\/marktxxl.de\\\/markt\\\/\"},{\"@type\":\"ListItem\",\"position\":2,\"name\":\"Markt\",\"item\":\"https:\\\/\\\/marktxxl.de\\\/markt\\\/\"},{\"@type\":\"ListItem\",\"position\":3,\"name\":\"DECOWALL 1605 1704 1406 (1406)\"}]},{\"@type\":\"WebSite\",\"@id\":\"https:\\\/\\\/marktxxl.de\\\/markt\\\/#website\",\"url\":\"https:\\\/\\\/marktxxl.de\\\/markt\\\/\",\"name\":\"Markt-XXL\",\"description\":\"Ihr Markt Online\",\"publisher\":{\"@id\":\"https:\\\/\\\/marktxxl.de\\\/markt\\\/#organization\"},\"potentialAction\":[{\"@type\":\"SearchAction\",\"target\":{\"@type\":\"EntryPoint\",\"urlTemplate\":\"https:\\\/\\\/marktxxl.de\\\/markt\\\/?s={search_term_string}\"},\"query-input\":{\"@type\":\"PropertyValueSpecification\",\"valueRequired\":true,\"valueName\":\"search_term_string\"}}],\"inLanguage\":\"de\"},{\"@type\":\"Organization\",\"@id\":\"https:\\\/\\\/marktxxl.de\\\/markt\\\/#organization\",\"name\":\"Markt-XXL\",\"url\":\"https:\\\/\\\/marktxxl.de\\\/markt\\\/\",\"logo\":{\"@type\":\"ImageObject\",\"inLanguage\":\"de\",\"@id\":\"https:\\\/\\\/marktxxl.de\\\/markt\\\/#\\\/schema\\\/logo\\\/image\\\/\",\"url\":\"https:\\\/\\\/marktxxl.de\\\/markt\\\/wp-content\\\/uploads\\\/sites\\\/3\\\/2020\\\/12\\\/logo.png\",\"contentUrl\":\"https:\\\/\\\/marktxxl.de\\\/markt\\\/wp-content\\\/uploads\\\/sites\\\/3\\\/2020\\\/12\\\/logo.png\",\"width\":200,\"height\":70,\"caption\":\"Markt-XXL\"},\"image\":{\"@id\":\"https:\\\/\\\/marktxxl.de\\\/markt\\\/#\\\/schema\\\/logo\\\/image\\\/\"}}]}<\/script>\n<!-- \/ Yoast SEO plugin. -->","yoast_head_json":{"title":"DECOWALL 1605 1704 1406 (1406) - Markt-XXL","description":"Markt-XXL DECOWALL 1605 1704 1406 (1406)","robots":{"index":"index","follow":"follow","max-snippet":"max-snippet:-1","max-image-preview":"max-image-preview:large","max-video-preview":"max-video-preview:-1"},"canonical":"https:\/\/marktxxl.de\/markt\/produkt\/decowall-da-1406-zug-und-heissluftballons-autos-flugzeuge-tiere-wandtattoo-wandsticker-wandaufkleber-wanddeko-fuer-wohnzimmer-schlafzimmer-kinderzimmer\/","og_locale":"de_DE","og_type":"article","og_title":"DECOWALL 1605 1704 1406 (1406) - Markt-XXL","og_description":"Markt-XXL DECOWALL 1605 1704 1406 (1406)","og_url":"https:\/\/marktxxl.de\/markt\/produkt\/decowall-da-1406-zug-und-heissluftballons-autos-flugzeuge-tiere-wandtattoo-wandsticker-wandaufkleber-wanddeko-fuer-wohnzimmer-schlafzimmer-kinderzimmer\/","og_site_name":"Markt-XXL","article_modified_time":"2023-04-10T01:19:16+00:00","og_image":[{"width":500,"height":500,"url":"https:\/\/m.media-amazon.com\/images\/I\/51oJdqg0sHL._SL500_.jpg","type":"image\/jpeg"}],"twitter_card":"summary_large_image","twitter_misc":{"Gesch\u00e4tzte Lesezeit":"1\u00a0Minute"},"schema":{"@context":"https:\/\/schema.org","@graph":[{"@type":"WebPage","@id":"https:\/\/marktxxl.de\/markt\/produkt\/decowall-da-1406-zug-und-heissluftballons-autos-flugzeuge-tiere-wandtattoo-wandsticker-wandaufkleber-wanddeko-fuer-wohnzimmer-schlafzimmer-kinderzimmer\/","url":"https:\/\/marktxxl.de\/markt\/produkt\/decowall-da-1406-zug-und-heissluftballons-autos-flugzeuge-tiere-wandtattoo-wandsticker-wandaufkleber-wanddeko-fuer-wohnzimmer-schlafzimmer-kinderzimmer\/","name":"DECOWALL 1605 1704 1406 (1406) - Markt-XXL","isPartOf":{"@id":"https:\/\/marktxxl.de\/markt\/#website"},"primaryImageOfPage":{"@id":"https:\/\/marktxxl.de\/markt\/produkt\/decowall-da-1406-zug-und-heissluftballons-autos-flugzeuge-tiere-wandtattoo-wandsticker-wandaufkleber-wanddeko-fuer-wohnzimmer-schlafzimmer-kinderzimmer\/#primaryimage"},"image":{"@id":"https:\/\/marktxxl.de\/markt\/produkt\/decowall-da-1406-zug-und-heissluftballons-autos-flugzeuge-tiere-wandtattoo-wandsticker-wandaufkleber-wanddeko-fuer-wohnzimmer-schlafzimmer-kinderzimmer\/#primaryimage"},"thumbnailUrl":"https:\/\/m.media-amazon.com\/images\/I\/51oJdqg0sHL._SL500_.jpg","datePublished":"2022-01-27T12:49:00+00:00","dateModified":"2023-04-10T01:19:16+00:00","description":"Markt-XXL DECOWALL 1605 1704 1406 (1406)","breadcrumb":{"@id":"https:\/\/marktxxl.de\/markt\/produkt\/decowall-da-1406-zug-und-heissluftballons-autos-flugzeuge-tiere-wandtattoo-wandsticker-wandaufkleber-wanddeko-fuer-wohnzimmer-schlafzimmer-kinderzimmer\/#breadcrumb"},"inLanguage":"de","potentialAction":[{"@type":"ReadAction","target":["https:\/\/marktxxl.de\/markt\/produkt\/decowall-da-1406-zug-und-heissluftballons-autos-flugzeuge-tiere-wandtattoo-wandsticker-wandaufkleber-wanddeko-fuer-wohnzimmer-schlafzimmer-kinderzimmer\/"]}]},{"@type":"ImageObject","inLanguage":"de","@id":"https:\/\/marktxxl.de\/markt\/produkt\/decowall-da-1406-zug-und-heissluftballons-autos-flugzeuge-tiere-wandtattoo-wandsticker-wandaufkleber-wanddeko-fuer-wohnzimmer-schlafzimmer-kinderzimmer\/#primaryimage","url":"https:\/\/m.media-amazon.com\/images\/I\/51oJdqg0sHL._SL500_.jpg","contentUrl":"https:\/\/m.media-amazon.com\/images\/I\/51oJdqg0sHL._SL500_.jpg","width":500,"height":500},{"@type":"BreadcrumbList","@id":"https:\/\/marktxxl.de\/markt\/produkt\/decowall-da-1406-zug-und-heissluftballons-autos-flugzeuge-tiere-wandtattoo-wandsticker-wandaufkleber-wanddeko-fuer-wohnzimmer-schlafzimmer-kinderzimmer\/#breadcrumb","itemListElement":[{"@type":"ListItem","position":1,"name":"Startseite","item":"https:\/\/marktxxl.de\/markt\/"},{"@type":"ListItem","position":2,"name":"Markt","item":"https:\/\/marktxxl.de\/markt\/"},{"@type":"ListItem","position":3,"name":"DECOWALL 1605 1704 1406 (1406)"}]},{"@type":"WebSite","@id":"https:\/\/marktxxl.de\/markt\/#website","url":"https:\/\/marktxxl.de\/markt\/","name":"Markt-XXL","description":"Ihr Markt Online","publisher":{"@id":"https:\/\/marktxxl.de\/markt\/#organization"},"potentialAction":[{"@type":"SearchAction","target":{"@type":"EntryPoint","urlTemplate":"https:\/\/marktxxl.de\/markt\/?s={search_term_string}"},"query-input":{"@type":"PropertyValueSpecification","valueRequired":true,"valueName":"search_term_string"}}],"inLanguage":"de"},{"@type":"Organization","@id":"https:\/\/marktxxl.de\/markt\/#organization","name":"Markt-XXL","url":"https:\/\/marktxxl.de\/markt\/","logo":{"@type":"ImageObject","inLanguage":"de","@id":"https:\/\/marktxxl.de\/markt\/#\/schema\/logo\/image\/","url":"https:\/\/marktxxl.de\/markt\/wp-content\/uploads\/sites\/3\/2020\/12\/logo.png","contentUrl":"https:\/\/marktxxl.de\/markt\/wp-content\/uploads\/sites\/3\/2020\/12\/logo.png","width":200,"height":70,"caption":"Markt-XXL"},"image":{"@id":"https:\/\/marktxxl.de\/markt\/#\/schema\/logo\/image\/"}}]}},"_links":{"self":[{"href":"https:\/\/marktxxl.de\/markt\/wp-json\/wp\/v2\/product\/97068","targetHints":{"allow":["GET"]}}],"collection":[{"href":"https:\/\/marktxxl.de\/markt\/wp-json\/wp\/v2\/product"}],"about":[{"href":"https:\/\/marktxxl.de\/markt\/wp-json\/wp\/v2\/types\/product"}],"replies":[{"embeddable":true,"href":"https:\/\/marktxxl.de\/markt\/wp-json\/wp\/v2\/comments?post=97068"}],"wp:featuredmedia":[{"embeddable":true,"href":"https:\/\/marktxxl.de\/markt\/wp-json\/wp\/v2\/media\/97069"}],"wp:attachment":[{"href":"https:\/\/marktxxl.de\/markt\/wp-json\/wp\/v2\/media?parent=97068"}],"wp:term":[{"taxonomy":"product_brand","embeddable":true,"href":"https:\/\/marktxxl.de\/markt\/wp-json\/wp\/v2\/product_brand?post=97068"},{"taxonomy":"product_cat","embeddable":true,"href":"https:\/\/marktxxl.de\/markt\/wp-json\/wp\/v2\/product_cat?post=97068"},{"taxonomy":"product_tag","embeddable":true,"href":"https:\/\/marktxxl.de\/markt\/wp-json\/wp\/v2\/product_tag?post=97068"}],"curies":[{"name":"wp","href":"https:\/\/api.w.org\/{rel}","templated":true}]}}