{"id":96874,"date":"2022-01-27T13:39:08","date_gmt":"2022-01-27T12:39:08","guid":{"rendered":"https:\/\/marktxxl.de\/markt\/produkt\/raikou-kult-filz-tasche-shopper-neu-filzkorb-einkaufstasche-henkeltasche-zeitungskorb-stabile-kaminholztasche-zeitungsstaender-auch-fuer-spielzeug-garten-picknick-strand\/"},"modified":"2023-04-10T03:19:12","modified_gmt":"2023-04-10T01:19:12","slug":"raikou-kult-filz-tasche-shopper-neu-filzkorb-einkaufstasche-henkeltasche-zeitungskorb-stabile-kaminholztasche-zeitungsstaender-auch-fuer-spielzeug-garten-picknick-strand","status":"publish","type":"product","link":"https:\/\/marktxxl.de\/markt\/produkt\/raikou-kult-filz-tasche-shopper-neu-filzkorb-einkaufstasche-henkeltasche-zeitungskorb-stabile-kaminholztasche-zeitungsstaender-auch-fuer-spielzeug-garten-picknick-strand\/","title":{"rendered":"RAIKOU KULT Filz-Tasche Shopper NEU Filzkorb Einkaufstasche Henkeltasche Zeitungskorb Stabile Kaminholztasche\u2026"},"content":{"rendered":"<p>Universell einsetzbar als schicke Tasche f\u00fcr viele und schwere Eink\u00e4ufe, leere und volle Flaschen, zum Holzscheite-Holen oder Aufbewahren des Kaminholz, Aufbewahren von Magazinen und Zeitungen, zum Aufr\u00e4umen und Aufheben von Spielzeug, als W\u00e4schekorb, bei der Gartenarbeit, f\u00fcr Ordnung im Keller, Pakete zur Post bringen, Werkzeug transportieren.<br \/>\nHochwertiges Material: Die Premium-Filztasche ist aus 5mm robustem Filz gefertigt, 5mm dicker Filz macht die Tasche widerstandsf\u00e4hig und stabil. 100% Polyesterfilz formfest und leicht zu reinigen. Absolut Hautfreundlich. Zum reinigen einen Staubsauger oder feuchten Lappen verwenden; nicht Waschmaschinenfest.<br \/>\nDas weiche Filz kann dabei keinerlei Kratzer oder Spuren hinterlassen. Bei Nichtgebrauch kann die Tasche flach und platzsparend zusammengefaltet werden.<br \/>\nSehr praktische und robuste Tasche: Die ger\u00e4umigen Ausma\u00dfe der Tasche sorgen f\u00fcr ausreichend Stauraum. Der Griff ist an der Seite 2\/3 befestigt, was nicht nur optisch sch\u00f6n ist, sondern auch den Griff robuster und praktischer macht. Und wenn Sie die Tasche einmal nicht verwenden, k\u00f6nnen Sie diese problemlos zusammenfalten und platzsparend verstauen.<br \/>\nZahlreiche Einsatzm\u00f6glichkeiten: Bastelkorb, Zeitungskorb, Einkaufskorb, Kaminholzkorb, Spielzeugaufbewahrung,Praktisch als permanente Autotasche. Perfekt f\u00fcr den Urlaub oder, zum picknicken.<br \/>\nZwei Gr\u00f6\u00dfen zur Wahlen: das handliche 50*25*25cm Format und das ger\u00e4umige 50*34*27cm Format. Suchen Sie einfach das Ihren Anspr\u00fcchen entsprechende Format aus.<br \/>\n<div class=\"main-cross-sell\" data-asin=\"B08B6BK434\">\n\n\t<div class=\"WooZone-cross-sell-loader\">\n\t\t<div>\n\t\t\t<div id=\"floatingBarsG\">\n\t\t\t\t<div class=\"blockG\" id=\"rotateG_01\"><\/div>\n\t\t\t\t<div class=\"blockG\" id=\"rotateG_02\"><\/div>\n\t\t\t\t<div class=\"blockG\" id=\"rotateG_03\"><\/div>\n\t\t\t\t<div class=\"blockG\" id=\"rotateG_04\"><\/div>\n\t\t\t\t<div class=\"blockG\" id=\"rotateG_05\"><\/div>\n\t\t\t\t<div class=\"blockG\" id=\"rotateG_06\"><\/div>\n\t\t\t\t<div class=\"blockG\" id=\"rotateG_07\"><\/div>\n\t\t\t\t<div class=\"blockG\" id=\"rotateG_08\"><\/div>\n\t\t\t<\/div>\n\t\t\t<div class=\"WooZone-cross-sell-loader-text\"><\/div>\n\t\t<\/div>\n\t<\/div>\n\n\t\t\n<\/div>\n<div style=\"clear:both;\"><\/div><\/p>\n","protected":false},"excerpt":{"rendered":"<p>Universell einsetzbar als schicke Tasche f\u00fcr viele und schwere Eink\u00e4ufe, leere und volle Flaschen, zum Holzscheite-Holen oder Aufbewahren des Kaminholz, Aufbewahren von Magazinen und Zeitungen, zum Aufr\u00e4umen und Aufheben von Spielzeug, als W\u00e4schekorb, bei der Gartenarbeit, f\u00fcr Ordnung im Keller, Pakete zur Post bringen, Werkzeug transportieren.<br \/>\nHochwertiges Material: Die Premium-Filztasche ist aus 5mm robustem Filz gefertigt, 5mm dicker Filz macht die Tasche widerstandsf\u00e4hig und stabil. 100% Polyesterfilz formfest und leicht zu reinigen. Absolut Hautfreundlich. Zum reinigen einen Staubsauger oder feuchten Lappen verwenden; nicht Waschmaschinenfest.<br \/>\nDas weiche Filz kann dabei keinerlei Kratzer oder Spuren hinterlassen. Bei Nichtgebrauch kann die Tasche flach und platzsparend zusammengefaltet werden.<\/p>\n","protected":false},"featured_media":96875,"comment_status":"open","ping_status":"closed","template":"","meta":[],"product_brand":[],"product_cat":[1983,11036],"product_tag":[],"class_list":{"0":"post-96874","1":"product","2":"type-product","3":"status-publish","4":"has-post-thumbnail","6":"product_cat-baumarkt","7":"product_cat-kamine","8":"pa_brand-raikou","9":"pa_manufacturer-desen","11":"first","12":"instock","13":"shipping-taxable","14":"purchasable","15":"product-type-simple","16":"customify-col","17":"product-has-gallery"},"yoast_head":"<!-- This site is optimized with the Yoast SEO plugin v27.4 - https:\/\/yoast.com\/product\/yoast-seo-wordpress\/ -->\n<title>RAIKOU KULT Filz-Tasche Shopper NEU Filzkorb Einkaufstasche Henkeltasche Zeitungskorb Stabile Kaminholztasche\u2026 - Markt-XXL<\/title>\n<meta name=\"description\" content=\"Markt-XXL RAIKOU KULT Filz-Tasche Shopper NEU Filzkorb Einkaufstasche Henkeltasche Zeitungskorb Stabile Kaminholztasche\u2026\" \/>\n<meta name=\"robots\" content=\"index, follow, max-snippet:-1, max-image-preview:large, max-video-preview:-1\" \/>\n<link rel=\"canonical\" href=\"https:\/\/marktxxl.de\/markt\/produkt\/raikou-kult-filz-tasche-shopper-neu-filzkorb-einkaufstasche-henkeltasche-zeitungskorb-stabile-kaminholztasche-zeitungsstaender-auch-fuer-spielzeug-garten-picknick-strand\/\" \/>\n<meta property=\"og:locale\" content=\"de_DE\" \/>\n<meta property=\"og:type\" content=\"article\" \/>\n<meta property=\"og:title\" content=\"RAIKOU KULT Filz-Tasche Shopper NEU Filzkorb Einkaufstasche Henkeltasche Zeitungskorb Stabile Kaminholztasche\u2026 - Markt-XXL\" \/>\n<meta property=\"og:description\" content=\"Markt-XXL RAIKOU KULT Filz-Tasche Shopper NEU Filzkorb Einkaufstasche Henkeltasche Zeitungskorb Stabile Kaminholztasche\u2026\" \/>\n<meta property=\"og:url\" content=\"https:\/\/marktxxl.de\/markt\/produkt\/raikou-kult-filz-tasche-shopper-neu-filzkorb-einkaufstasche-henkeltasche-zeitungskorb-stabile-kaminholztasche-zeitungsstaender-auch-fuer-spielzeug-garten-picknick-strand\/\" \/>\n<meta property=\"og:site_name\" content=\"Markt-XXL\" \/>\n<meta property=\"article:modified_time\" content=\"2023-04-10T01:19:12+00:00\" \/>\n<meta property=\"og:image\" content=\"https:\/\/m.media-amazon.com\/images\/I\/51dK11t7tNL._SL500_.jpg\" \/>\n\t<meta property=\"og:image:width\" content=\"500\" \/>\n\t<meta property=\"og:image:height\" content=\"500\" \/>\n\t<meta property=\"og:image:type\" content=\"image\/jpeg\" \/>\n<meta name=\"twitter:card\" content=\"summary_large_image\" \/>\n<meta name=\"twitter:label1\" content=\"Gesch\u00e4tzte Lesezeit\" \/>\n\t<meta name=\"twitter:data1\" content=\"1\u00a0Minute\" \/>\n<script type=\"application\/ld+json\" class=\"yoast-schema-graph\">{\"@context\":\"https:\\\/\\\/schema.org\",\"@graph\":[{\"@type\":\"WebPage\",\"@id\":\"https:\\\/\\\/marktxxl.de\\\/markt\\\/produkt\\\/raikou-kult-filz-tasche-shopper-neu-filzkorb-einkaufstasche-henkeltasche-zeitungskorb-stabile-kaminholztasche-zeitungsstaender-auch-fuer-spielzeug-garten-picknick-strand\\\/\",\"url\":\"https:\\\/\\\/marktxxl.de\\\/markt\\\/produkt\\\/raikou-kult-filz-tasche-shopper-neu-filzkorb-einkaufstasche-henkeltasche-zeitungskorb-stabile-kaminholztasche-zeitungsstaender-auch-fuer-spielzeug-garten-picknick-strand\\\/\",\"name\":\"RAIKOU KULT Filz-Tasche Shopper NEU Filzkorb Einkaufstasche Henkeltasche Zeitungskorb Stabile Kaminholztasche\u2026 - Markt-XXL\",\"isPartOf\":{\"@id\":\"https:\\\/\\\/marktxxl.de\\\/markt\\\/#website\"},\"primaryImageOfPage\":{\"@id\":\"https:\\\/\\\/marktxxl.de\\\/markt\\\/produkt\\\/raikou-kult-filz-tasche-shopper-neu-filzkorb-einkaufstasche-henkeltasche-zeitungskorb-stabile-kaminholztasche-zeitungsstaender-auch-fuer-spielzeug-garten-picknick-strand\\\/#primaryimage\"},\"image\":{\"@id\":\"https:\\\/\\\/marktxxl.de\\\/markt\\\/produkt\\\/raikou-kult-filz-tasche-shopper-neu-filzkorb-einkaufstasche-henkeltasche-zeitungskorb-stabile-kaminholztasche-zeitungsstaender-auch-fuer-spielzeug-garten-picknick-strand\\\/#primaryimage\"},\"thumbnailUrl\":\"https:\\\/\\\/m.media-amazon.com\\\/images\\\/I\\\/51dK11t7tNL._SL500_.jpg\",\"datePublished\":\"2022-01-27T12:39:08+00:00\",\"dateModified\":\"2023-04-10T01:19:12+00:00\",\"description\":\"Markt-XXL RAIKOU KULT Filz-Tasche Shopper NEU Filzkorb Einkaufstasche Henkeltasche Zeitungskorb Stabile Kaminholztasche\u2026\",\"breadcrumb\":{\"@id\":\"https:\\\/\\\/marktxxl.de\\\/markt\\\/produkt\\\/raikou-kult-filz-tasche-shopper-neu-filzkorb-einkaufstasche-henkeltasche-zeitungskorb-stabile-kaminholztasche-zeitungsstaender-auch-fuer-spielzeug-garten-picknick-strand\\\/#breadcrumb\"},\"inLanguage\":\"de\",\"potentialAction\":[{\"@type\":\"ReadAction\",\"target\":[\"https:\\\/\\\/marktxxl.de\\\/markt\\\/produkt\\\/raikou-kult-filz-tasche-shopper-neu-filzkorb-einkaufstasche-henkeltasche-zeitungskorb-stabile-kaminholztasche-zeitungsstaender-auch-fuer-spielzeug-garten-picknick-strand\\\/\"]}]},{\"@type\":\"ImageObject\",\"inLanguage\":\"de\",\"@id\":\"https:\\\/\\\/marktxxl.de\\\/markt\\\/produkt\\\/raikou-kult-filz-tasche-shopper-neu-filzkorb-einkaufstasche-henkeltasche-zeitungskorb-stabile-kaminholztasche-zeitungsstaender-auch-fuer-spielzeug-garten-picknick-strand\\\/#primaryimage\",\"url\":\"https:\\\/\\\/m.media-amazon.com\\\/images\\\/I\\\/51dK11t7tNL._SL500_.jpg\",\"contentUrl\":\"https:\\\/\\\/m.media-amazon.com\\\/images\\\/I\\\/51dK11t7tNL._SL500_.jpg\",\"width\":500,\"height\":500},{\"@type\":\"BreadcrumbList\",\"@id\":\"https:\\\/\\\/marktxxl.de\\\/markt\\\/produkt\\\/raikou-kult-filz-tasche-shopper-neu-filzkorb-einkaufstasche-henkeltasche-zeitungskorb-stabile-kaminholztasche-zeitungsstaender-auch-fuer-spielzeug-garten-picknick-strand\\\/#breadcrumb\",\"itemListElement\":[{\"@type\":\"ListItem\",\"position\":1,\"name\":\"Startseite\",\"item\":\"https:\\\/\\\/marktxxl.de\\\/markt\\\/\"},{\"@type\":\"ListItem\",\"position\":2,\"name\":\"Markt\",\"item\":\"https:\\\/\\\/marktxxl.de\\\/markt\\\/\"},{\"@type\":\"ListItem\",\"position\":3,\"name\":\"RAIKOU KULT Filz-Tasche Shopper NEU Filzkorb Einkaufstasche Henkeltasche Zeitungskorb Stabile Kaminholztasche\u2026\"}]},{\"@type\":\"WebSite\",\"@id\":\"https:\\\/\\\/marktxxl.de\\\/markt\\\/#website\",\"url\":\"https:\\\/\\\/marktxxl.de\\\/markt\\\/\",\"name\":\"Markt-XXL\",\"description\":\"Ihr Markt Online\",\"publisher\":{\"@id\":\"https:\\\/\\\/marktxxl.de\\\/markt\\\/#organization\"},\"potentialAction\":[{\"@type\":\"SearchAction\",\"target\":{\"@type\":\"EntryPoint\",\"urlTemplate\":\"https:\\\/\\\/marktxxl.de\\\/markt\\\/?s={search_term_string}\"},\"query-input\":{\"@type\":\"PropertyValueSpecification\",\"valueRequired\":true,\"valueName\":\"search_term_string\"}}],\"inLanguage\":\"de\"},{\"@type\":\"Organization\",\"@id\":\"https:\\\/\\\/marktxxl.de\\\/markt\\\/#organization\",\"name\":\"Markt-XXL\",\"url\":\"https:\\\/\\\/marktxxl.de\\\/markt\\\/\",\"logo\":{\"@type\":\"ImageObject\",\"inLanguage\":\"de\",\"@id\":\"https:\\\/\\\/marktxxl.de\\\/markt\\\/#\\\/schema\\\/logo\\\/image\\\/\",\"url\":\"https:\\\/\\\/marktxxl.de\\\/markt\\\/wp-content\\\/uploads\\\/sites\\\/3\\\/2020\\\/12\\\/logo.png\",\"contentUrl\":\"https:\\\/\\\/marktxxl.de\\\/markt\\\/wp-content\\\/uploads\\\/sites\\\/3\\\/2020\\\/12\\\/logo.png\",\"width\":200,\"height\":70,\"caption\":\"Markt-XXL\"},\"image\":{\"@id\":\"https:\\\/\\\/marktxxl.de\\\/markt\\\/#\\\/schema\\\/logo\\\/image\\\/\"}}]}<\/script>\n<!-- \/ Yoast SEO plugin. -->","yoast_head_json":{"title":"RAIKOU KULT Filz-Tasche Shopper NEU Filzkorb Einkaufstasche Henkeltasche Zeitungskorb Stabile Kaminholztasche\u2026 - Markt-XXL","description":"Markt-XXL RAIKOU KULT Filz-Tasche Shopper NEU Filzkorb Einkaufstasche Henkeltasche Zeitungskorb Stabile Kaminholztasche\u2026","robots":{"index":"index","follow":"follow","max-snippet":"max-snippet:-1","max-image-preview":"max-image-preview:large","max-video-preview":"max-video-preview:-1"},"canonical":"https:\/\/marktxxl.de\/markt\/produkt\/raikou-kult-filz-tasche-shopper-neu-filzkorb-einkaufstasche-henkeltasche-zeitungskorb-stabile-kaminholztasche-zeitungsstaender-auch-fuer-spielzeug-garten-picknick-strand\/","og_locale":"de_DE","og_type":"article","og_title":"RAIKOU KULT Filz-Tasche Shopper NEU Filzkorb Einkaufstasche Henkeltasche Zeitungskorb Stabile Kaminholztasche\u2026 - Markt-XXL","og_description":"Markt-XXL RAIKOU KULT Filz-Tasche Shopper NEU Filzkorb Einkaufstasche Henkeltasche Zeitungskorb Stabile Kaminholztasche\u2026","og_url":"https:\/\/marktxxl.de\/markt\/produkt\/raikou-kult-filz-tasche-shopper-neu-filzkorb-einkaufstasche-henkeltasche-zeitungskorb-stabile-kaminholztasche-zeitungsstaender-auch-fuer-spielzeug-garten-picknick-strand\/","og_site_name":"Markt-XXL","article_modified_time":"2023-04-10T01:19:12+00:00","og_image":[{"width":500,"height":500,"url":"https:\/\/m.media-amazon.com\/images\/I\/51dK11t7tNL._SL500_.jpg","type":"image\/jpeg"}],"twitter_card":"summary_large_image","twitter_misc":{"Gesch\u00e4tzte Lesezeit":"1\u00a0Minute"},"schema":{"@context":"https:\/\/schema.org","@graph":[{"@type":"WebPage","@id":"https:\/\/marktxxl.de\/markt\/produkt\/raikou-kult-filz-tasche-shopper-neu-filzkorb-einkaufstasche-henkeltasche-zeitungskorb-stabile-kaminholztasche-zeitungsstaender-auch-fuer-spielzeug-garten-picknick-strand\/","url":"https:\/\/marktxxl.de\/markt\/produkt\/raikou-kult-filz-tasche-shopper-neu-filzkorb-einkaufstasche-henkeltasche-zeitungskorb-stabile-kaminholztasche-zeitungsstaender-auch-fuer-spielzeug-garten-picknick-strand\/","name":"RAIKOU KULT Filz-Tasche Shopper NEU Filzkorb Einkaufstasche Henkeltasche Zeitungskorb Stabile Kaminholztasche\u2026 - Markt-XXL","isPartOf":{"@id":"https:\/\/marktxxl.de\/markt\/#website"},"primaryImageOfPage":{"@id":"https:\/\/marktxxl.de\/markt\/produkt\/raikou-kult-filz-tasche-shopper-neu-filzkorb-einkaufstasche-henkeltasche-zeitungskorb-stabile-kaminholztasche-zeitungsstaender-auch-fuer-spielzeug-garten-picknick-strand\/#primaryimage"},"image":{"@id":"https:\/\/marktxxl.de\/markt\/produkt\/raikou-kult-filz-tasche-shopper-neu-filzkorb-einkaufstasche-henkeltasche-zeitungskorb-stabile-kaminholztasche-zeitungsstaender-auch-fuer-spielzeug-garten-picknick-strand\/#primaryimage"},"thumbnailUrl":"https:\/\/m.media-amazon.com\/images\/I\/51dK11t7tNL._SL500_.jpg","datePublished":"2022-01-27T12:39:08+00:00","dateModified":"2023-04-10T01:19:12+00:00","description":"Markt-XXL RAIKOU KULT Filz-Tasche Shopper NEU Filzkorb Einkaufstasche Henkeltasche Zeitungskorb Stabile Kaminholztasche\u2026","breadcrumb":{"@id":"https:\/\/marktxxl.de\/markt\/produkt\/raikou-kult-filz-tasche-shopper-neu-filzkorb-einkaufstasche-henkeltasche-zeitungskorb-stabile-kaminholztasche-zeitungsstaender-auch-fuer-spielzeug-garten-picknick-strand\/#breadcrumb"},"inLanguage":"de","potentialAction":[{"@type":"ReadAction","target":["https:\/\/marktxxl.de\/markt\/produkt\/raikou-kult-filz-tasche-shopper-neu-filzkorb-einkaufstasche-henkeltasche-zeitungskorb-stabile-kaminholztasche-zeitungsstaender-auch-fuer-spielzeug-garten-picknick-strand\/"]}]},{"@type":"ImageObject","inLanguage":"de","@id":"https:\/\/marktxxl.de\/markt\/produkt\/raikou-kult-filz-tasche-shopper-neu-filzkorb-einkaufstasche-henkeltasche-zeitungskorb-stabile-kaminholztasche-zeitungsstaender-auch-fuer-spielzeug-garten-picknick-strand\/#primaryimage","url":"https:\/\/m.media-amazon.com\/images\/I\/51dK11t7tNL._SL500_.jpg","contentUrl":"https:\/\/m.media-amazon.com\/images\/I\/51dK11t7tNL._SL500_.jpg","width":500,"height":500},{"@type":"BreadcrumbList","@id":"https:\/\/marktxxl.de\/markt\/produkt\/raikou-kult-filz-tasche-shopper-neu-filzkorb-einkaufstasche-henkeltasche-zeitungskorb-stabile-kaminholztasche-zeitungsstaender-auch-fuer-spielzeug-garten-picknick-strand\/#breadcrumb","itemListElement":[{"@type":"ListItem","position":1,"name":"Startseite","item":"https:\/\/marktxxl.de\/markt\/"},{"@type":"ListItem","position":2,"name":"Markt","item":"https:\/\/marktxxl.de\/markt\/"},{"@type":"ListItem","position":3,"name":"RAIKOU KULT Filz-Tasche Shopper NEU Filzkorb Einkaufstasche Henkeltasche Zeitungskorb Stabile Kaminholztasche\u2026"}]},{"@type":"WebSite","@id":"https:\/\/marktxxl.de\/markt\/#website","url":"https:\/\/marktxxl.de\/markt\/","name":"Markt-XXL","description":"Ihr Markt Online","publisher":{"@id":"https:\/\/marktxxl.de\/markt\/#organization"},"potentialAction":[{"@type":"SearchAction","target":{"@type":"EntryPoint","urlTemplate":"https:\/\/marktxxl.de\/markt\/?s={search_term_string}"},"query-input":{"@type":"PropertyValueSpecification","valueRequired":true,"valueName":"search_term_string"}}],"inLanguage":"de"},{"@type":"Organization","@id":"https:\/\/marktxxl.de\/markt\/#organization","name":"Markt-XXL","url":"https:\/\/marktxxl.de\/markt\/","logo":{"@type":"ImageObject","inLanguage":"de","@id":"https:\/\/marktxxl.de\/markt\/#\/schema\/logo\/image\/","url":"https:\/\/marktxxl.de\/markt\/wp-content\/uploads\/sites\/3\/2020\/12\/logo.png","contentUrl":"https:\/\/marktxxl.de\/markt\/wp-content\/uploads\/sites\/3\/2020\/12\/logo.png","width":200,"height":70,"caption":"Markt-XXL"},"image":{"@id":"https:\/\/marktxxl.de\/markt\/#\/schema\/logo\/image\/"}}]}},"_links":{"self":[{"href":"https:\/\/marktxxl.de\/markt\/wp-json\/wp\/v2\/product\/96874","targetHints":{"allow":["GET"]}}],"collection":[{"href":"https:\/\/marktxxl.de\/markt\/wp-json\/wp\/v2\/product"}],"about":[{"href":"https:\/\/marktxxl.de\/markt\/wp-json\/wp\/v2\/types\/product"}],"replies":[{"embeddable":true,"href":"https:\/\/marktxxl.de\/markt\/wp-json\/wp\/v2\/comments?post=96874"}],"wp:featuredmedia":[{"embeddable":true,"href":"https:\/\/marktxxl.de\/markt\/wp-json\/wp\/v2\/media\/96875"}],"wp:attachment":[{"href":"https:\/\/marktxxl.de\/markt\/wp-json\/wp\/v2\/media?parent=96874"}],"wp:term":[{"taxonomy":"product_brand","embeddable":true,"href":"https:\/\/marktxxl.de\/markt\/wp-json\/wp\/v2\/product_brand?post=96874"},{"taxonomy":"product_cat","embeddable":true,"href":"https:\/\/marktxxl.de\/markt\/wp-json\/wp\/v2\/product_cat?post=96874"},{"taxonomy":"product_tag","embeddable":true,"href":"https:\/\/marktxxl.de\/markt\/wp-json\/wp\/v2\/product_tag?post=96874"}],"curies":[{"name":"wp","href":"https:\/\/api.w.org\/{rel}","templated":true}]}}