{"id":96602,"date":"2022-01-27T13:24:57","date_gmt":"2022-01-27T12:24:57","guid":{"rendered":"https:\/\/marktxxl.de\/markt\/produkt\/gardenix-pflanzenbinder-kabelbinder-100-stueck-wiederverwendbar-verstellbarer\/"},"modified":"2023-04-10T03:19:01","modified_gmt":"2023-04-10T01:19:01","slug":"gardenix-pflanzenbinder-kabelbinder-100-stueck-wiederverwendbar-verstellbarer","status":"publish","type":"product","link":"https:\/\/marktxxl.de\/markt\/produkt\/gardenix-pflanzenbinder-kabelbinder-100-stueck-wiederverwendbar-verstellbarer\/","title":{"rendered":"GARDENIX Pflanzenbinder, Kabelbinder 100 St\u00fcck (3.6 mm x 100mm, Gr\u00fcn), Wiederverwendbar, Verstellbarer"},"content":{"rendered":"<p>PARAMETER: L\u00e4nge: 10 CM | Breite: 3.6 mm | Zugkraft: 18 kg | Material: Nylon<br \/>\nZUVERL\u00c4SSIGKEIT: Das Produkt zeichnet sich durch hohe Strapazierf\u00e4higkeit aus, zus\u00e4tzlich garantiert dickes Material eine Mehrfachnutzung \u00fcber mehrere Saisons Es ist best\u00e4ndig gegen Sonneneinstrahlung und mechanische Besch\u00e4digungen. Gleichzeitig solide und langlebig &#8211; sie sind sowohl gegen hohe und niedrige Temperaturen als auch gegen Chemikalien und Pflanzenschutzmittel best\u00e4ndig.<br \/>\nDURCHDACHTES PROJEKT: Ausgestattet mit einem besonderen Schlie\u00dfmechanismus lassen sich die Pflanznebinder-Kabelbinder wieder l\u00f6sen und sind dadurch wiederverwendbar. Leichte und bequeme Fixierung mit sicherem Halt<br \/>\nZAHLREICHE ANWENDUNGEN: Sie eignen sich perfekt zum Fixieren von Gem\u00fcsetrieben, z.B. Tomaten, Gurken, Erbsen, Auberginen, Bohnen und Blumen wie Orchideen, Zierpflanzen, Ornamente befestigen. Optimal zur Fixierung von Kabeln bzw. verschiedenen b\u00fcndelbaren Gegenst\u00e4nden und Schwerlast. F\u00fcr den Einsatz in Maschinenbau, Elektrotechnik, Handwerk, Baugewerbe, Landwirtschaft, Gartenbau, B\u00fcros sowie in Heimwerkarbeiten.<br \/>\nGARDENIX QUALITY: Hochwertige Produkte f\u00fcr alle Gartenliebhaber und Hobbyg\u00e4rtner sowie Profis. Produkte f\u00fcr Haus und Garten.<br \/>\n<div class=\"main-cross-sell\" data-asin=\"B09GBDN162\">\n\n\t<div class=\"WooZone-cross-sell-loader\">\n\t\t<div>\n\t\t\t<div id=\"floatingBarsG\">\n\t\t\t\t<div class=\"blockG\" id=\"rotateG_01\"><\/div>\n\t\t\t\t<div class=\"blockG\" id=\"rotateG_02\"><\/div>\n\t\t\t\t<div class=\"blockG\" id=\"rotateG_03\"><\/div>\n\t\t\t\t<div class=\"blockG\" id=\"rotateG_04\"><\/div>\n\t\t\t\t<div class=\"blockG\" id=\"rotateG_05\"><\/div>\n\t\t\t\t<div class=\"blockG\" id=\"rotateG_06\"><\/div>\n\t\t\t\t<div class=\"blockG\" id=\"rotateG_07\"><\/div>\n\t\t\t\t<div class=\"blockG\" id=\"rotateG_08\"><\/div>\n\t\t\t<\/div>\n\t\t\t<div class=\"WooZone-cross-sell-loader-text\"><\/div>\n\t\t<\/div>\n\t<\/div>\n\n\t\t\n<\/div>\n<div style=\"clear:both;\"><\/div><\/p>\n","protected":false},"excerpt":{"rendered":"<p>PARAMETER: L\u00e4nge: 10 CM | Breite: 3.6 mm | Zugkraft: 18 kg | Material: Nylon<br \/>\nZUVERL\u00c4SSIGKEIT: Das Produkt zeichnet sich durch hohe Strapazierf\u00e4higkeit aus, zus\u00e4tzlich garantiert dickes Material eine Mehrfachnutzung \u00fcber mehrere Saisons Es ist best\u00e4ndig gegen Sonneneinstrahlung und mechanische Besch\u00e4digungen. Gleichzeitig solide und langlebig &#8211; sie sind sowohl gegen hohe und niedrige Temperaturen als auch gegen Chemikalien und Pflanzenschutzmittel best\u00e4ndig.<br \/>\nDURCHDACHTES PROJEKT: Ausgestattet mit einem besonderen Schlie\u00dfmechanismus lassen sich die Pflanznebinder-Kabelbinder wieder l\u00f6sen und sind dadurch wiederverwendbar. Leichte und bequeme Fixierung mit sicherem Halt<\/p>\n","protected":false},"featured_media":96603,"comment_status":"open","ping_status":"closed","template":"","meta":[],"product_brand":[],"product_cat":[1983,11009],"product_tag":[],"class_list":{"0":"post-96602","1":"product","2":"type-product","3":"status-publish","4":"has-post-thumbnail","6":"product_cat-baumarkt","7":"product_cat-elektroinstallation","8":"pa_brand-gardenix","9":"pa_manufacturer-gardenix","11":"first","12":"instock","13":"shipping-taxable","14":"purchasable","15":"product-type-simple","16":"customify-col","17":"product-has-gallery"},"yoast_head":"<!-- This site is optimized with the Yoast SEO plugin v27.3 - https:\/\/yoast.com\/product\/yoast-seo-wordpress\/ -->\n<title>GARDENIX Pflanzenbinder, Kabelbinder 100 St\u00fcck (3.6 mm x 100mm, Gr\u00fcn), Wiederverwendbar, Verstellbarer - Markt-XXL<\/title>\n<meta name=\"description\" content=\"Markt-XXL GARDENIX Pflanzenbinder, Kabelbinder 100 St\u00fcck (3.6 mm x 100mm, Gr\u00fcn), Wiederverwendbar, Verstellbarer\" \/>\n<meta name=\"robots\" content=\"index, follow, max-snippet:-1, max-image-preview:large, max-video-preview:-1\" \/>\n<link rel=\"canonical\" href=\"https:\/\/marktxxl.de\/markt\/produkt\/gardenix-pflanzenbinder-kabelbinder-100-stueck-wiederverwendbar-verstellbarer\/\" \/>\n<meta property=\"og:locale\" content=\"de_DE\" \/>\n<meta property=\"og:type\" content=\"article\" \/>\n<meta property=\"og:title\" content=\"GARDENIX Pflanzenbinder, Kabelbinder 100 St\u00fcck (3.6 mm x 100mm, Gr\u00fcn), Wiederverwendbar, Verstellbarer - Markt-XXL\" \/>\n<meta property=\"og:description\" content=\"Markt-XXL GARDENIX Pflanzenbinder, Kabelbinder 100 St\u00fcck (3.6 mm x 100mm, Gr\u00fcn), Wiederverwendbar, Verstellbarer\" \/>\n<meta property=\"og:url\" content=\"https:\/\/marktxxl.de\/markt\/produkt\/gardenix-pflanzenbinder-kabelbinder-100-stueck-wiederverwendbar-verstellbarer\/\" \/>\n<meta property=\"og:site_name\" content=\"Markt-XXL\" \/>\n<meta property=\"article:modified_time\" content=\"2023-04-10T01:19:01+00:00\" \/>\n<meta property=\"og:image\" content=\"https:\/\/m.media-amazon.com\/images\/I\/51XkQRhgYHL._SL500_.jpg\" \/>\n\t<meta property=\"og:image:width\" content=\"500\" \/>\n\t<meta property=\"og:image:height\" content=\"500\" \/>\n\t<meta property=\"og:image:type\" content=\"image\/jpeg\" \/>\n<meta name=\"twitter:card\" content=\"summary_large_image\" \/>\n<meta name=\"twitter:label1\" content=\"Gesch\u00e4tzte Lesezeit\" \/>\n\t<meta name=\"twitter:data1\" content=\"1\u00a0Minute\" \/>\n<script type=\"application\/ld+json\" class=\"yoast-schema-graph\">{\"@context\":\"https:\\\/\\\/schema.org\",\"@graph\":[{\"@type\":\"WebPage\",\"@id\":\"https:\\\/\\\/marktxxl.de\\\/markt\\\/produkt\\\/gardenix-pflanzenbinder-kabelbinder-100-stueck-wiederverwendbar-verstellbarer\\\/\",\"url\":\"https:\\\/\\\/marktxxl.de\\\/markt\\\/produkt\\\/gardenix-pflanzenbinder-kabelbinder-100-stueck-wiederverwendbar-verstellbarer\\\/\",\"name\":\"GARDENIX Pflanzenbinder, Kabelbinder 100 St\u00fcck (3.6 mm x 100mm, Gr\u00fcn), Wiederverwendbar, Verstellbarer - Markt-XXL\",\"isPartOf\":{\"@id\":\"https:\\\/\\\/marktxxl.de\\\/markt\\\/#website\"},\"primaryImageOfPage\":{\"@id\":\"https:\\\/\\\/marktxxl.de\\\/markt\\\/produkt\\\/gardenix-pflanzenbinder-kabelbinder-100-stueck-wiederverwendbar-verstellbarer\\\/#primaryimage\"},\"image\":{\"@id\":\"https:\\\/\\\/marktxxl.de\\\/markt\\\/produkt\\\/gardenix-pflanzenbinder-kabelbinder-100-stueck-wiederverwendbar-verstellbarer\\\/#primaryimage\"},\"thumbnailUrl\":\"https:\\\/\\\/m.media-amazon.com\\\/images\\\/I\\\/51XkQRhgYHL._SL500_.jpg\",\"datePublished\":\"2022-01-27T12:24:57+00:00\",\"dateModified\":\"2023-04-10T01:19:01+00:00\",\"description\":\"Markt-XXL GARDENIX Pflanzenbinder, Kabelbinder 100 St\u00fcck (3.6 mm x 100mm, Gr\u00fcn), Wiederverwendbar, Verstellbarer\",\"breadcrumb\":{\"@id\":\"https:\\\/\\\/marktxxl.de\\\/markt\\\/produkt\\\/gardenix-pflanzenbinder-kabelbinder-100-stueck-wiederverwendbar-verstellbarer\\\/#breadcrumb\"},\"inLanguage\":\"de\",\"potentialAction\":[{\"@type\":\"ReadAction\",\"target\":[\"https:\\\/\\\/marktxxl.de\\\/markt\\\/produkt\\\/gardenix-pflanzenbinder-kabelbinder-100-stueck-wiederverwendbar-verstellbarer\\\/\"]}]},{\"@type\":\"ImageObject\",\"inLanguage\":\"de\",\"@id\":\"https:\\\/\\\/marktxxl.de\\\/markt\\\/produkt\\\/gardenix-pflanzenbinder-kabelbinder-100-stueck-wiederverwendbar-verstellbarer\\\/#primaryimage\",\"url\":\"https:\\\/\\\/m.media-amazon.com\\\/images\\\/I\\\/51XkQRhgYHL._SL500_.jpg\",\"contentUrl\":\"https:\\\/\\\/m.media-amazon.com\\\/images\\\/I\\\/51XkQRhgYHL._SL500_.jpg\",\"width\":500,\"height\":500},{\"@type\":\"BreadcrumbList\",\"@id\":\"https:\\\/\\\/marktxxl.de\\\/markt\\\/produkt\\\/gardenix-pflanzenbinder-kabelbinder-100-stueck-wiederverwendbar-verstellbarer\\\/#breadcrumb\",\"itemListElement\":[{\"@type\":\"ListItem\",\"position\":1,\"name\":\"Startseite\",\"item\":\"https:\\\/\\\/marktxxl.de\\\/markt\\\/\"},{\"@type\":\"ListItem\",\"position\":2,\"name\":\"Markt\",\"item\":\"https:\\\/\\\/marktxxl.de\\\/markt\\\/\"},{\"@type\":\"ListItem\",\"position\":3,\"name\":\"GARDENIX Pflanzenbinder, Kabelbinder 100 St\u00fcck (3.6 mm x 100mm, Gr\u00fcn), Wiederverwendbar, Verstellbarer\"}]},{\"@type\":\"WebSite\",\"@id\":\"https:\\\/\\\/marktxxl.de\\\/markt\\\/#website\",\"url\":\"https:\\\/\\\/marktxxl.de\\\/markt\\\/\",\"name\":\"Markt-XXL\",\"description\":\"Ihr Markt Online\",\"publisher\":{\"@id\":\"https:\\\/\\\/marktxxl.de\\\/markt\\\/#organization\"},\"potentialAction\":[{\"@type\":\"SearchAction\",\"target\":{\"@type\":\"EntryPoint\",\"urlTemplate\":\"https:\\\/\\\/marktxxl.de\\\/markt\\\/?s={search_term_string}\"},\"query-input\":{\"@type\":\"PropertyValueSpecification\",\"valueRequired\":true,\"valueName\":\"search_term_string\"}}],\"inLanguage\":\"de\"},{\"@type\":\"Organization\",\"@id\":\"https:\\\/\\\/marktxxl.de\\\/markt\\\/#organization\",\"name\":\"Markt-XXL\",\"url\":\"https:\\\/\\\/marktxxl.de\\\/markt\\\/\",\"logo\":{\"@type\":\"ImageObject\",\"inLanguage\":\"de\",\"@id\":\"https:\\\/\\\/marktxxl.de\\\/markt\\\/#\\\/schema\\\/logo\\\/image\\\/\",\"url\":\"https:\\\/\\\/marktxxl.de\\\/markt\\\/wp-content\\\/uploads\\\/sites\\\/3\\\/2020\\\/12\\\/logo.png\",\"contentUrl\":\"https:\\\/\\\/marktxxl.de\\\/markt\\\/wp-content\\\/uploads\\\/sites\\\/3\\\/2020\\\/12\\\/logo.png\",\"width\":200,\"height\":70,\"caption\":\"Markt-XXL\"},\"image\":{\"@id\":\"https:\\\/\\\/marktxxl.de\\\/markt\\\/#\\\/schema\\\/logo\\\/image\\\/\"}}]}<\/script>\n<!-- \/ Yoast SEO plugin. -->","yoast_head_json":{"title":"GARDENIX Pflanzenbinder, Kabelbinder 100 St\u00fcck (3.6 mm x 100mm, Gr\u00fcn), Wiederverwendbar, Verstellbarer - Markt-XXL","description":"Markt-XXL GARDENIX Pflanzenbinder, Kabelbinder 100 St\u00fcck (3.6 mm x 100mm, Gr\u00fcn), Wiederverwendbar, Verstellbarer","robots":{"index":"index","follow":"follow","max-snippet":"max-snippet:-1","max-image-preview":"max-image-preview:large","max-video-preview":"max-video-preview:-1"},"canonical":"https:\/\/marktxxl.de\/markt\/produkt\/gardenix-pflanzenbinder-kabelbinder-100-stueck-wiederverwendbar-verstellbarer\/","og_locale":"de_DE","og_type":"article","og_title":"GARDENIX Pflanzenbinder, Kabelbinder 100 St\u00fcck (3.6 mm x 100mm, Gr\u00fcn), Wiederverwendbar, Verstellbarer - Markt-XXL","og_description":"Markt-XXL GARDENIX Pflanzenbinder, Kabelbinder 100 St\u00fcck (3.6 mm x 100mm, Gr\u00fcn), Wiederverwendbar, Verstellbarer","og_url":"https:\/\/marktxxl.de\/markt\/produkt\/gardenix-pflanzenbinder-kabelbinder-100-stueck-wiederverwendbar-verstellbarer\/","og_site_name":"Markt-XXL","article_modified_time":"2023-04-10T01:19:01+00:00","og_image":[{"width":500,"height":500,"url":"https:\/\/m.media-amazon.com\/images\/I\/51XkQRhgYHL._SL500_.jpg","type":"image\/jpeg"}],"twitter_card":"summary_large_image","twitter_misc":{"Gesch\u00e4tzte Lesezeit":"1\u00a0Minute"},"schema":{"@context":"https:\/\/schema.org","@graph":[{"@type":"WebPage","@id":"https:\/\/marktxxl.de\/markt\/produkt\/gardenix-pflanzenbinder-kabelbinder-100-stueck-wiederverwendbar-verstellbarer\/","url":"https:\/\/marktxxl.de\/markt\/produkt\/gardenix-pflanzenbinder-kabelbinder-100-stueck-wiederverwendbar-verstellbarer\/","name":"GARDENIX Pflanzenbinder, Kabelbinder 100 St\u00fcck (3.6 mm x 100mm, Gr\u00fcn), Wiederverwendbar, Verstellbarer - Markt-XXL","isPartOf":{"@id":"https:\/\/marktxxl.de\/markt\/#website"},"primaryImageOfPage":{"@id":"https:\/\/marktxxl.de\/markt\/produkt\/gardenix-pflanzenbinder-kabelbinder-100-stueck-wiederverwendbar-verstellbarer\/#primaryimage"},"image":{"@id":"https:\/\/marktxxl.de\/markt\/produkt\/gardenix-pflanzenbinder-kabelbinder-100-stueck-wiederverwendbar-verstellbarer\/#primaryimage"},"thumbnailUrl":"https:\/\/m.media-amazon.com\/images\/I\/51XkQRhgYHL._SL500_.jpg","datePublished":"2022-01-27T12:24:57+00:00","dateModified":"2023-04-10T01:19:01+00:00","description":"Markt-XXL GARDENIX Pflanzenbinder, Kabelbinder 100 St\u00fcck (3.6 mm x 100mm, Gr\u00fcn), Wiederverwendbar, Verstellbarer","breadcrumb":{"@id":"https:\/\/marktxxl.de\/markt\/produkt\/gardenix-pflanzenbinder-kabelbinder-100-stueck-wiederverwendbar-verstellbarer\/#breadcrumb"},"inLanguage":"de","potentialAction":[{"@type":"ReadAction","target":["https:\/\/marktxxl.de\/markt\/produkt\/gardenix-pflanzenbinder-kabelbinder-100-stueck-wiederverwendbar-verstellbarer\/"]}]},{"@type":"ImageObject","inLanguage":"de","@id":"https:\/\/marktxxl.de\/markt\/produkt\/gardenix-pflanzenbinder-kabelbinder-100-stueck-wiederverwendbar-verstellbarer\/#primaryimage","url":"https:\/\/m.media-amazon.com\/images\/I\/51XkQRhgYHL._SL500_.jpg","contentUrl":"https:\/\/m.media-amazon.com\/images\/I\/51XkQRhgYHL._SL500_.jpg","width":500,"height":500},{"@type":"BreadcrumbList","@id":"https:\/\/marktxxl.de\/markt\/produkt\/gardenix-pflanzenbinder-kabelbinder-100-stueck-wiederverwendbar-verstellbarer\/#breadcrumb","itemListElement":[{"@type":"ListItem","position":1,"name":"Startseite","item":"https:\/\/marktxxl.de\/markt\/"},{"@type":"ListItem","position":2,"name":"Markt","item":"https:\/\/marktxxl.de\/markt\/"},{"@type":"ListItem","position":3,"name":"GARDENIX Pflanzenbinder, Kabelbinder 100 St\u00fcck (3.6 mm x 100mm, Gr\u00fcn), Wiederverwendbar, Verstellbarer"}]},{"@type":"WebSite","@id":"https:\/\/marktxxl.de\/markt\/#website","url":"https:\/\/marktxxl.de\/markt\/","name":"Markt-XXL","description":"Ihr Markt Online","publisher":{"@id":"https:\/\/marktxxl.de\/markt\/#organization"},"potentialAction":[{"@type":"SearchAction","target":{"@type":"EntryPoint","urlTemplate":"https:\/\/marktxxl.de\/markt\/?s={search_term_string}"},"query-input":{"@type":"PropertyValueSpecification","valueRequired":true,"valueName":"search_term_string"}}],"inLanguage":"de"},{"@type":"Organization","@id":"https:\/\/marktxxl.de\/markt\/#organization","name":"Markt-XXL","url":"https:\/\/marktxxl.de\/markt\/","logo":{"@type":"ImageObject","inLanguage":"de","@id":"https:\/\/marktxxl.de\/markt\/#\/schema\/logo\/image\/","url":"https:\/\/marktxxl.de\/markt\/wp-content\/uploads\/sites\/3\/2020\/12\/logo.png","contentUrl":"https:\/\/marktxxl.de\/markt\/wp-content\/uploads\/sites\/3\/2020\/12\/logo.png","width":200,"height":70,"caption":"Markt-XXL"},"image":{"@id":"https:\/\/marktxxl.de\/markt\/#\/schema\/logo\/image\/"}}]}},"_links":{"self":[{"href":"https:\/\/marktxxl.de\/markt\/wp-json\/wp\/v2\/product\/96602","targetHints":{"allow":["GET"]}}],"collection":[{"href":"https:\/\/marktxxl.de\/markt\/wp-json\/wp\/v2\/product"}],"about":[{"href":"https:\/\/marktxxl.de\/markt\/wp-json\/wp\/v2\/types\/product"}],"replies":[{"embeddable":true,"href":"https:\/\/marktxxl.de\/markt\/wp-json\/wp\/v2\/comments?post=96602"}],"wp:featuredmedia":[{"embeddable":true,"href":"https:\/\/marktxxl.de\/markt\/wp-json\/wp\/v2\/media\/96603"}],"wp:attachment":[{"href":"https:\/\/marktxxl.de\/markt\/wp-json\/wp\/v2\/media?parent=96602"}],"wp:term":[{"taxonomy":"product_brand","embeddable":true,"href":"https:\/\/marktxxl.de\/markt\/wp-json\/wp\/v2\/product_brand?post=96602"},{"taxonomy":"product_cat","embeddable":true,"href":"https:\/\/marktxxl.de\/markt\/wp-json\/wp\/v2\/product_cat?post=96602"},{"taxonomy":"product_tag","embeddable":true,"href":"https:\/\/marktxxl.de\/markt\/wp-json\/wp\/v2\/product_tag?post=96602"}],"curies":[{"name":"wp","href":"https:\/\/api.w.org\/{rel}","templated":true}]}}