{"id":96537,"date":"2022-01-27T13:18:24","date_gmt":"2022-01-27T12:18:24","guid":{"rendered":"https:\/\/marktxxl.de\/markt\/produkt\/worx-pegasus-wx051-arbeitstisch-mit-saegebock\/"},"modified":"2023-04-10T03:18:58","modified_gmt":"2023-04-10T01:18:58","slug":"worx-pegasus-wx051-arbeitstisch-mit-saegebock","status":"publish","type":"product","link":"https:\/\/marktxxl.de\/markt\/produkt\/worx-pegasus-wx051-arbeitstisch-mit-saegebock\/","title":{"rendered":"WORX WX051 Pegasus Arbeitstisch und S\u00e4gebock"},"content":{"rendered":"<p>[Arbeitstisch und S\u00e4gebock] H\u00e4lt bis zu 136 kg. als Arbeitstisch, tr\u00e4gt 0,5 kg als S\u00e4gebock Und es ist einfach, zwischen den beiden zu wechseln<br \/>\n[Ma\u00dfgeschneiderte Klemmen] Zwei Schnellklemmen sind integriert und bleiben auch dann befestigt, wenn Sie den Tisch zu einem S\u00e4gebock zusammenklappen. Da sie speziell f\u00fcr den Pegasus entwickelt wurden, sind sie st\u00e4rker und halten l\u00e4nger<br \/>\n[Leicht und stabil] Es ist nur 11,3 kg schwer und sein faltbares Design macht es einfach zu bewegen und aufzubewahren<br \/>\n[Verbinden Sie mehrere Tische] Erstellen Sie einen ganzen Arbeitsz\u00e4hler, wenn Sie 3 oder mehr Pegasus miteinander verbinden. Egal, ob Ihr Arbeitsplatz oder Ihre Werkstatt ger\u00e4umig oder eng ist, diese Geb\u00e4udel\u00f6sung dehnt sich aus oder zieht sich zusammen, um Ihre Bed\u00fcrfnisse zu erf\u00fcllen<br \/>\n[DO IT YOURSELF! DO IT BETTER. DO IT WITH WORX.] WORX-Werkzeuge sind mit modernster Technologie und \u00fcber modernen Effizienzstandards konstruiert, so dass Sie eine kosteng\u00fcnstige Werkzeugsammlung aufbauen k\u00f6nnen, die lange h\u00e4lt<br \/>\n[Aufbewahrungsregal] Auf der Unterseite des Pegasus haben wir einen Platz geschaffen, um eine Steckdosenleiste oder Zubeh\u00f6r zu halten. Perfektes zus\u00e4tzliches Regal oder Stauraum f\u00fcr Ihren Arbeitsplatz<br \/>\nLanglebig: Hergestellt aus einem zuverl\u00e4ssigen, geformten ABS mit Stahlst\u00fctzen und Beschl\u00e4gen. Dieser Tisch wird Sie auf lange Sicht begleiten<br \/>\n<div class=\"main-cross-sell\" data-asin=\"B01HREBZ3M\">\n\n\t<div class=\"WooZone-cross-sell-loader\">\n\t\t<div>\n\t\t\t<div id=\"floatingBarsG\">\n\t\t\t\t<div class=\"blockG\" id=\"rotateG_01\"><\/div>\n\t\t\t\t<div class=\"blockG\" id=\"rotateG_02\"><\/div>\n\t\t\t\t<div class=\"blockG\" id=\"rotateG_03\"><\/div>\n\t\t\t\t<div class=\"blockG\" id=\"rotateG_04\"><\/div>\n\t\t\t\t<div class=\"blockG\" id=\"rotateG_05\"><\/div>\n\t\t\t\t<div class=\"blockG\" id=\"rotateG_06\"><\/div>\n\t\t\t\t<div class=\"blockG\" id=\"rotateG_07\"><\/div>\n\t\t\t\t<div class=\"blockG\" id=\"rotateG_08\"><\/div>\n\t\t\t<\/div>\n\t\t\t<div class=\"WooZone-cross-sell-loader-text\"><\/div>\n\t\t<\/div>\n\t<\/div>\n\n\t\t\n<\/div>\n<div style=\"clear:both;\"><\/div><\/p>\n","protected":false},"excerpt":{"rendered":"<p>[Arbeitstisch und S\u00e4gebock] H\u00e4lt bis zu 136 kg. als Arbeitstisch, tr\u00e4gt 0,5 kg als S\u00e4gebock Und es ist einfach, zwischen den beiden zu wechseln<br \/>\n[Ma\u00dfgeschneiderte Klemmen] Zwei Schnellklemmen sind integriert und bleiben auch dann befestigt, wenn Sie den Tisch zu einem S\u00e4gebock zusammenklappen. Da sie speziell f\u00fcr den Pegasus entwickelt wurden, sind sie st\u00e4rker und halten l\u00e4nger<br \/>\n[Leicht und stabil] Es ist nur 11,3 kg schwer und sein faltbares Design macht es einfach zu bewegen und aufzubewahren<\/p>\n","protected":false},"featured_media":96538,"comment_status":"open","ping_status":"closed","template":"","meta":[],"product_brand":[],"product_cat":[10704,1983],"product_tag":[],"class_list":{"0":"post-96537","1":"product","2":"type-product","3":"status-publish","4":"has-post-thumbnail","6":"product_cat-baubedarf","7":"product_cat-baumarkt","8":"pa_binding-werkzeug","9":"pa_brand-worx","10":"pa_height-6-3-zoll","11":"pa_length-27-17-zoll","12":"pa_manufacturer-worx","13":"pa_model-wx051","14":"pa_size-1-pack","15":"pa_weight-28-pfund","16":"pa_width-37-04-zoll","18":"first","19":"instock","20":"shipping-taxable","21":"purchasable","22":"product-type-simple","23":"customify-col","24":"product-has-gallery"},"yoast_head":"<!-- This site is optimized with the Yoast SEO plugin v27.3 - https:\/\/yoast.com\/product\/yoast-seo-wordpress\/ -->\n<title>WORX WX051 Pegasus Arbeitstisch und S\u00e4gebock - Markt-XXL<\/title>\n<meta name=\"description\" content=\"Markt-XXL WORX WX051 Pegasus Arbeitstisch und S\u00e4gebock\" \/>\n<meta name=\"robots\" content=\"index, follow, max-snippet:-1, max-image-preview:large, max-video-preview:-1\" \/>\n<link rel=\"canonical\" href=\"https:\/\/marktxxl.de\/markt\/produkt\/worx-pegasus-wx051-arbeitstisch-mit-saegebock\/\" \/>\n<meta property=\"og:locale\" content=\"de_DE\" \/>\n<meta property=\"og:type\" content=\"article\" \/>\n<meta property=\"og:title\" content=\"WORX WX051 Pegasus Arbeitstisch und S\u00e4gebock - Markt-XXL\" \/>\n<meta property=\"og:description\" content=\"Markt-XXL WORX WX051 Pegasus Arbeitstisch und S\u00e4gebock\" \/>\n<meta property=\"og:url\" content=\"https:\/\/marktxxl.de\/markt\/produkt\/worx-pegasus-wx051-arbeitstisch-mit-saegebock\/\" \/>\n<meta property=\"og:site_name\" content=\"Markt-XXL\" \/>\n<meta property=\"article:modified_time\" content=\"2023-04-10T01:18:58+00:00\" \/>\n<meta property=\"og:image\" content=\"https:\/\/m.media-amazon.com\/images\/I\/41V2XuWjM1L._SL500_.jpg\" \/>\n\t<meta property=\"og:image:width\" content=\"500\" \/>\n\t<meta property=\"og:image:height\" content=\"500\" \/>\n\t<meta property=\"og:image:type\" content=\"image\/jpeg\" \/>\n<meta name=\"twitter:card\" content=\"summary_large_image\" \/>\n<meta name=\"twitter:label1\" content=\"Gesch\u00e4tzte Lesezeit\" \/>\n\t<meta name=\"twitter:data1\" content=\"1\u00a0Minute\" \/>\n<script type=\"application\/ld+json\" class=\"yoast-schema-graph\">{\"@context\":\"https:\\\/\\\/schema.org\",\"@graph\":[{\"@type\":\"WebPage\",\"@id\":\"https:\\\/\\\/marktxxl.de\\\/markt\\\/produkt\\\/worx-pegasus-wx051-arbeitstisch-mit-saegebock\\\/\",\"url\":\"https:\\\/\\\/marktxxl.de\\\/markt\\\/produkt\\\/worx-pegasus-wx051-arbeitstisch-mit-saegebock\\\/\",\"name\":\"WORX WX051 Pegasus Arbeitstisch und S\u00e4gebock - Markt-XXL\",\"isPartOf\":{\"@id\":\"https:\\\/\\\/marktxxl.de\\\/markt\\\/#website\"},\"primaryImageOfPage\":{\"@id\":\"https:\\\/\\\/marktxxl.de\\\/markt\\\/produkt\\\/worx-pegasus-wx051-arbeitstisch-mit-saegebock\\\/#primaryimage\"},\"image\":{\"@id\":\"https:\\\/\\\/marktxxl.de\\\/markt\\\/produkt\\\/worx-pegasus-wx051-arbeitstisch-mit-saegebock\\\/#primaryimage\"},\"thumbnailUrl\":\"https:\\\/\\\/m.media-amazon.com\\\/images\\\/I\\\/41V2XuWjM1L._SL500_.jpg\",\"datePublished\":\"2022-01-27T12:18:24+00:00\",\"dateModified\":\"2023-04-10T01:18:58+00:00\",\"description\":\"Markt-XXL WORX WX051 Pegasus Arbeitstisch und S\u00e4gebock\",\"breadcrumb\":{\"@id\":\"https:\\\/\\\/marktxxl.de\\\/markt\\\/produkt\\\/worx-pegasus-wx051-arbeitstisch-mit-saegebock\\\/#breadcrumb\"},\"inLanguage\":\"de\",\"potentialAction\":[{\"@type\":\"ReadAction\",\"target\":[\"https:\\\/\\\/marktxxl.de\\\/markt\\\/produkt\\\/worx-pegasus-wx051-arbeitstisch-mit-saegebock\\\/\"]}]},{\"@type\":\"ImageObject\",\"inLanguage\":\"de\",\"@id\":\"https:\\\/\\\/marktxxl.de\\\/markt\\\/produkt\\\/worx-pegasus-wx051-arbeitstisch-mit-saegebock\\\/#primaryimage\",\"url\":\"https:\\\/\\\/m.media-amazon.com\\\/images\\\/I\\\/41V2XuWjM1L._SL500_.jpg\",\"contentUrl\":\"https:\\\/\\\/m.media-amazon.com\\\/images\\\/I\\\/41V2XuWjM1L._SL500_.jpg\",\"width\":500,\"height\":500},{\"@type\":\"BreadcrumbList\",\"@id\":\"https:\\\/\\\/marktxxl.de\\\/markt\\\/produkt\\\/worx-pegasus-wx051-arbeitstisch-mit-saegebock\\\/#breadcrumb\",\"itemListElement\":[{\"@type\":\"ListItem\",\"position\":1,\"name\":\"Startseite\",\"item\":\"https:\\\/\\\/marktxxl.de\\\/markt\\\/\"},{\"@type\":\"ListItem\",\"position\":2,\"name\":\"Markt\",\"item\":\"https:\\\/\\\/marktxxl.de\\\/markt\\\/\"},{\"@type\":\"ListItem\",\"position\":3,\"name\":\"WORX WX051 Pegasus Arbeitstisch und S\u00e4gebock\"}]},{\"@type\":\"WebSite\",\"@id\":\"https:\\\/\\\/marktxxl.de\\\/markt\\\/#website\",\"url\":\"https:\\\/\\\/marktxxl.de\\\/markt\\\/\",\"name\":\"Markt-XXL\",\"description\":\"Ihr Markt Online\",\"publisher\":{\"@id\":\"https:\\\/\\\/marktxxl.de\\\/markt\\\/#organization\"},\"potentialAction\":[{\"@type\":\"SearchAction\",\"target\":{\"@type\":\"EntryPoint\",\"urlTemplate\":\"https:\\\/\\\/marktxxl.de\\\/markt\\\/?s={search_term_string}\"},\"query-input\":{\"@type\":\"PropertyValueSpecification\",\"valueRequired\":true,\"valueName\":\"search_term_string\"}}],\"inLanguage\":\"de\"},{\"@type\":\"Organization\",\"@id\":\"https:\\\/\\\/marktxxl.de\\\/markt\\\/#organization\",\"name\":\"Markt-XXL\",\"url\":\"https:\\\/\\\/marktxxl.de\\\/markt\\\/\",\"logo\":{\"@type\":\"ImageObject\",\"inLanguage\":\"de\",\"@id\":\"https:\\\/\\\/marktxxl.de\\\/markt\\\/#\\\/schema\\\/logo\\\/image\\\/\",\"url\":\"https:\\\/\\\/marktxxl.de\\\/markt\\\/wp-content\\\/uploads\\\/sites\\\/3\\\/2020\\\/12\\\/logo.png\",\"contentUrl\":\"https:\\\/\\\/marktxxl.de\\\/markt\\\/wp-content\\\/uploads\\\/sites\\\/3\\\/2020\\\/12\\\/logo.png\",\"width\":200,\"height\":70,\"caption\":\"Markt-XXL\"},\"image\":{\"@id\":\"https:\\\/\\\/marktxxl.de\\\/markt\\\/#\\\/schema\\\/logo\\\/image\\\/\"}}]}<\/script>\n<!-- \/ Yoast SEO plugin. -->","yoast_head_json":{"title":"WORX WX051 Pegasus Arbeitstisch und S\u00e4gebock - Markt-XXL","description":"Markt-XXL WORX WX051 Pegasus Arbeitstisch und S\u00e4gebock","robots":{"index":"index","follow":"follow","max-snippet":"max-snippet:-1","max-image-preview":"max-image-preview:large","max-video-preview":"max-video-preview:-1"},"canonical":"https:\/\/marktxxl.de\/markt\/produkt\/worx-pegasus-wx051-arbeitstisch-mit-saegebock\/","og_locale":"de_DE","og_type":"article","og_title":"WORX WX051 Pegasus Arbeitstisch und S\u00e4gebock - Markt-XXL","og_description":"Markt-XXL WORX WX051 Pegasus Arbeitstisch und S\u00e4gebock","og_url":"https:\/\/marktxxl.de\/markt\/produkt\/worx-pegasus-wx051-arbeitstisch-mit-saegebock\/","og_site_name":"Markt-XXL","article_modified_time":"2023-04-10T01:18:58+00:00","og_image":[{"width":500,"height":500,"url":"https:\/\/m.media-amazon.com\/images\/I\/41V2XuWjM1L._SL500_.jpg","type":"image\/jpeg"}],"twitter_card":"summary_large_image","twitter_misc":{"Gesch\u00e4tzte Lesezeit":"1\u00a0Minute"},"schema":{"@context":"https:\/\/schema.org","@graph":[{"@type":"WebPage","@id":"https:\/\/marktxxl.de\/markt\/produkt\/worx-pegasus-wx051-arbeitstisch-mit-saegebock\/","url":"https:\/\/marktxxl.de\/markt\/produkt\/worx-pegasus-wx051-arbeitstisch-mit-saegebock\/","name":"WORX WX051 Pegasus Arbeitstisch und S\u00e4gebock - Markt-XXL","isPartOf":{"@id":"https:\/\/marktxxl.de\/markt\/#website"},"primaryImageOfPage":{"@id":"https:\/\/marktxxl.de\/markt\/produkt\/worx-pegasus-wx051-arbeitstisch-mit-saegebock\/#primaryimage"},"image":{"@id":"https:\/\/marktxxl.de\/markt\/produkt\/worx-pegasus-wx051-arbeitstisch-mit-saegebock\/#primaryimage"},"thumbnailUrl":"https:\/\/m.media-amazon.com\/images\/I\/41V2XuWjM1L._SL500_.jpg","datePublished":"2022-01-27T12:18:24+00:00","dateModified":"2023-04-10T01:18:58+00:00","description":"Markt-XXL WORX WX051 Pegasus Arbeitstisch und S\u00e4gebock","breadcrumb":{"@id":"https:\/\/marktxxl.de\/markt\/produkt\/worx-pegasus-wx051-arbeitstisch-mit-saegebock\/#breadcrumb"},"inLanguage":"de","potentialAction":[{"@type":"ReadAction","target":["https:\/\/marktxxl.de\/markt\/produkt\/worx-pegasus-wx051-arbeitstisch-mit-saegebock\/"]}]},{"@type":"ImageObject","inLanguage":"de","@id":"https:\/\/marktxxl.de\/markt\/produkt\/worx-pegasus-wx051-arbeitstisch-mit-saegebock\/#primaryimage","url":"https:\/\/m.media-amazon.com\/images\/I\/41V2XuWjM1L._SL500_.jpg","contentUrl":"https:\/\/m.media-amazon.com\/images\/I\/41V2XuWjM1L._SL500_.jpg","width":500,"height":500},{"@type":"BreadcrumbList","@id":"https:\/\/marktxxl.de\/markt\/produkt\/worx-pegasus-wx051-arbeitstisch-mit-saegebock\/#breadcrumb","itemListElement":[{"@type":"ListItem","position":1,"name":"Startseite","item":"https:\/\/marktxxl.de\/markt\/"},{"@type":"ListItem","position":2,"name":"Markt","item":"https:\/\/marktxxl.de\/markt\/"},{"@type":"ListItem","position":3,"name":"WORX WX051 Pegasus Arbeitstisch und S\u00e4gebock"}]},{"@type":"WebSite","@id":"https:\/\/marktxxl.de\/markt\/#website","url":"https:\/\/marktxxl.de\/markt\/","name":"Markt-XXL","description":"Ihr Markt Online","publisher":{"@id":"https:\/\/marktxxl.de\/markt\/#organization"},"potentialAction":[{"@type":"SearchAction","target":{"@type":"EntryPoint","urlTemplate":"https:\/\/marktxxl.de\/markt\/?s={search_term_string}"},"query-input":{"@type":"PropertyValueSpecification","valueRequired":true,"valueName":"search_term_string"}}],"inLanguage":"de"},{"@type":"Organization","@id":"https:\/\/marktxxl.de\/markt\/#organization","name":"Markt-XXL","url":"https:\/\/marktxxl.de\/markt\/","logo":{"@type":"ImageObject","inLanguage":"de","@id":"https:\/\/marktxxl.de\/markt\/#\/schema\/logo\/image\/","url":"https:\/\/marktxxl.de\/markt\/wp-content\/uploads\/sites\/3\/2020\/12\/logo.png","contentUrl":"https:\/\/marktxxl.de\/markt\/wp-content\/uploads\/sites\/3\/2020\/12\/logo.png","width":200,"height":70,"caption":"Markt-XXL"},"image":{"@id":"https:\/\/marktxxl.de\/markt\/#\/schema\/logo\/image\/"}}]}},"_links":{"self":[{"href":"https:\/\/marktxxl.de\/markt\/wp-json\/wp\/v2\/product\/96537","targetHints":{"allow":["GET"]}}],"collection":[{"href":"https:\/\/marktxxl.de\/markt\/wp-json\/wp\/v2\/product"}],"about":[{"href":"https:\/\/marktxxl.de\/markt\/wp-json\/wp\/v2\/types\/product"}],"replies":[{"embeddable":true,"href":"https:\/\/marktxxl.de\/markt\/wp-json\/wp\/v2\/comments?post=96537"}],"wp:featuredmedia":[{"embeddable":true,"href":"https:\/\/marktxxl.de\/markt\/wp-json\/wp\/v2\/media\/96538"}],"wp:attachment":[{"href":"https:\/\/marktxxl.de\/markt\/wp-json\/wp\/v2\/media?parent=96537"}],"wp:term":[{"taxonomy":"product_brand","embeddable":true,"href":"https:\/\/marktxxl.de\/markt\/wp-json\/wp\/v2\/product_brand?post=96537"},{"taxonomy":"product_cat","embeddable":true,"href":"https:\/\/marktxxl.de\/markt\/wp-json\/wp\/v2\/product_cat?post=96537"},{"taxonomy":"product_tag","embeddable":true,"href":"https:\/\/marktxxl.de\/markt\/wp-json\/wp\/v2\/product_tag?post=96537"}],"curies":[{"name":"wp","href":"https:\/\/api.w.org\/{rel}","templated":true}]}}