{"id":96232,"date":"2022-01-27T13:04:18","date_gmt":"2022-01-27T12:04:18","guid":{"rendered":"https:\/\/marktxxl.de\/markt\/produkt\/c-section-unterwaesche-postpartum-atmungsaktiv-high-wast-einweg-unterwaesche-frauen-umstandsunterwaesche-netz-unterhose-nahtlos-krankenhausunterwaesche\/"},"modified":"2023-04-10T03:18:52","modified_gmt":"2023-04-10T01:18:52","slug":"c-section-unterwaesche-postpartum-atmungsaktiv-high-wast-einweg-unterwaesche-frauen-umstandsunterwaesche-netz-unterhose-nahtlos-krankenhausunterwaesche","status":"publish","type":"product","link":"https:\/\/marktxxl.de\/markt\/produkt\/c-section-unterwaesche-postpartum-atmungsaktiv-high-wast-einweg-unterwaesche-frauen-umstandsunterwaesche-netz-unterhose-nahtlos-krankenhausunterwaesche\/","title":{"rendered":"Carer W\u00f6chnerinnen Slips, 4 Packungen waschbare nahtlose Postpartum-H\u00f6schen perfekten Sitz deiner Binden f\u00fcr\u2026"},"content":{"rendered":"<p>Auswahl an hochwertigen Stoffen \u2764 Die Netz-Unterw\u00e4sche ist aus Polyester und Spandex Stoff. Nahtlos gestrickt, latexfrei, dehnbar, atmungsaktiv, bequem und sicher.<br \/>\nHohe Taille Design \u2013 Diese Einweg-Unterw\u00e4sche wurde entworfen, um die Schichten der Erleichterung an Ort und Stelle zu halten. Mit einem h\u00f6heren Taillenbund, der sich nicht \u00fcber den Schnitt rollt, beginnend mit sofortiger Genesung nach der Geburt bis in die ersten 6 Wochen der Genesung. Es ist eine gute Wahl f\u00fcr C-Schnitt-H\u00f6schen.<br \/>\nWiederverwendbar &amp; Einweg: Es ist auch eine Netz-Unterw\u00e4sche nach der Geburt \u00e4hnlich wie viele Menschen die Einweg-Unterw\u00e4sche aus dem Krankenhaus. Diese Schwangerschaftsunterw\u00e4sche kann jedoch mehrmals verwendet werden. (Bitte nicht h\u00e4ufig waschen, waschen Sie die Postpartum Unterw\u00e4sche rechtzeitig und Handw\u00e4sche bei 30\u00b0C)<br \/>\nVielseitig einsetzbar: Die Einweg-Netz-Unterw\u00e4sche passt sich an Inkontinenz-Einlagen an, formt die Einlagen an Ort und Stelle. Geeignet f\u00fcr Reisen, Spa, Wandern, Camping, \u00dcbernachten drau\u00dfen \u00fcber Nacht, Gesch\u00e4ftsreise, \u00dcberstunden, Krankenhausaufenthalt, Menstruationszeit, Schwangerschaft und so weiter.<br \/>\nPostpartum Unterw\u00e4sche f\u00fcr Damen, Gr\u00f6\u00dfen M\/L, XL, 2XL, 3XL Bitte beachten Sie die Gr\u00f6\u00dfentabelle sorgf\u00e4ltig f\u00fcr Ihre Gr\u00f6\u00dfe. Tipp: Wenn Sie zwischen den Gr\u00f6\u00dfen liegen, empfehlen wir Ihnen, die gr\u00f6\u00dfere Gr\u00f6\u00dfe f\u00fcr die beste Passform zu w\u00e4hlen.<br \/>\n<div class=\"main-cross-sell\" data-asin=\"B085BNP56S\">\n\n\t<div class=\"WooZone-cross-sell-loader\">\n\t\t<div>\n\t\t\t<div id=\"floatingBarsG\">\n\t\t\t\t<div class=\"blockG\" id=\"rotateG_01\"><\/div>\n\t\t\t\t<div class=\"blockG\" id=\"rotateG_02\"><\/div>\n\t\t\t\t<div class=\"blockG\" id=\"rotateG_03\"><\/div>\n\t\t\t\t<div class=\"blockG\" id=\"rotateG_04\"><\/div>\n\t\t\t\t<div class=\"blockG\" id=\"rotateG_05\"><\/div>\n\t\t\t\t<div class=\"blockG\" id=\"rotateG_06\"><\/div>\n\t\t\t\t<div class=\"blockG\" id=\"rotateG_07\"><\/div>\n\t\t\t\t<div class=\"blockG\" id=\"rotateG_08\"><\/div>\n\t\t\t<\/div>\n\t\t\t<div class=\"WooZone-cross-sell-loader-text\"><\/div>\n\t\t<\/div>\n\t<\/div>\n\n\t\t\n<\/div>\n<div style=\"clear:both;\"><\/div><\/p>\n","protected":false},"excerpt":{"rendered":"<p>Auswahl an hochwertigen Stoffen \u2764 Die Netz-Unterw\u00e4sche ist aus Polyester und Spandex Stoff. Nahtlos gestrickt, latexfrei, dehnbar, atmungsaktiv, bequem und sicher.<br \/>\nHohe Taille Design \u2013 Diese Einweg-Unterw\u00e4sche wurde entworfen, um die Schichten der Erleichterung an Ort und Stelle zu halten. Mit einem h\u00f6heren Taillenbund, der sich nicht \u00fcber den Schnitt rollt, beginnend mit sofortiger Genesung nach der Geburt bis in die ersten 6 Wochen der Genesung. Es ist eine gute Wahl f\u00fcr C-Schnitt-H\u00f6schen.<br \/>\nWiederverwendbar &amp; Einweg: Es ist auch eine Netz-Unterw\u00e4sche nach der Geburt \u00e4hnlich wie viele Menschen die Einweg-Unterw\u00e4sche aus dem Krankenhaus. Diese Schwangerschaftsunterw\u00e4sche kann jedoch mehrmals verwendet werden. (Bitte nicht h\u00e4ufig waschen, waschen Sie die Postpartum Unterw\u00e4sche rechtzeitig und Handw\u00e4sche bei 30\u00b0C)<\/p>\n","protected":false},"featured_media":96233,"comment_status":"open","ping_status":"closed","template":"","meta":[],"product_brand":[],"product_cat":[21,9478],"product_tag":[],"class_list":{"0":"post-96232","1":"product","2":"type-product","3":"status-publish","4":"has-post-thumbnail","6":"product_cat-baby","7":"product_cat-umstandskleidung-baby","8":"pa_brand-carer-spark","9":"pa_manufacturer-ndfxer","11":"first","12":"instock","13":"shipping-taxable","14":"purchasable","15":"product-type-simple","16":"customify-col","17":"product-has-gallery"},"yoast_head":"<!-- This site is optimized with the Yoast SEO plugin v27.4 - https:\/\/yoast.com\/product\/yoast-seo-wordpress\/ -->\n<title>Carer W\u00f6chnerinnen Slips, 4 Packungen waschbare nahtlose Postpartum-H\u00f6schen perfekten Sitz deiner Binden f\u00fcr\u2026 - Markt-XXL<\/title>\n<meta name=\"description\" content=\"Markt-XXL Carer W\u00f6chnerinnen Slips, 4 Packungen waschbare nahtlose Postpartum-H\u00f6schen perfekten Sitz deiner Binden f\u00fcr\u2026\" \/>\n<meta name=\"robots\" content=\"index, follow, max-snippet:-1, max-image-preview:large, max-video-preview:-1\" \/>\n<link rel=\"canonical\" href=\"https:\/\/marktxxl.de\/markt\/produkt\/c-section-unterwaesche-postpartum-atmungsaktiv-high-wast-einweg-unterwaesche-frauen-umstandsunterwaesche-netz-unterhose-nahtlos-krankenhausunterwaesche\/\" \/>\n<meta property=\"og:locale\" content=\"de_DE\" \/>\n<meta property=\"og:type\" content=\"article\" \/>\n<meta property=\"og:title\" content=\"Carer W\u00f6chnerinnen Slips, 4 Packungen waschbare nahtlose Postpartum-H\u00f6schen perfekten Sitz deiner Binden f\u00fcr\u2026 - Markt-XXL\" \/>\n<meta property=\"og:description\" content=\"Markt-XXL Carer W\u00f6chnerinnen Slips, 4 Packungen waschbare nahtlose Postpartum-H\u00f6schen perfekten Sitz deiner Binden f\u00fcr\u2026\" \/>\n<meta property=\"og:url\" content=\"https:\/\/marktxxl.de\/markt\/produkt\/c-section-unterwaesche-postpartum-atmungsaktiv-high-wast-einweg-unterwaesche-frauen-umstandsunterwaesche-netz-unterhose-nahtlos-krankenhausunterwaesche\/\" \/>\n<meta property=\"og:site_name\" content=\"Markt-XXL\" \/>\n<meta property=\"article:modified_time\" content=\"2023-04-10T01:18:52+00:00\" \/>\n<meta property=\"og:image\" content=\"https:\/\/m.media-amazon.com\/images\/I\/41o5RlGE+NL._SL500_.jpg\" \/>\n\t<meta property=\"og:image:width\" content=\"500\" \/>\n\t<meta property=\"og:image:height\" content=\"500\" \/>\n\t<meta property=\"og:image:type\" content=\"image\/jpeg\" \/>\n<meta name=\"twitter:card\" content=\"summary_large_image\" \/>\n<meta name=\"twitter:label1\" content=\"Gesch\u00e4tzte Lesezeit\" \/>\n\t<meta name=\"twitter:data1\" content=\"1\u00a0Minute\" \/>\n<script type=\"application\/ld+json\" class=\"yoast-schema-graph\">{\"@context\":\"https:\\\/\\\/schema.org\",\"@graph\":[{\"@type\":\"WebPage\",\"@id\":\"https:\\\/\\\/marktxxl.de\\\/markt\\\/produkt\\\/c-section-unterwaesche-postpartum-atmungsaktiv-high-wast-einweg-unterwaesche-frauen-umstandsunterwaesche-netz-unterhose-nahtlos-krankenhausunterwaesche\\\/\",\"url\":\"https:\\\/\\\/marktxxl.de\\\/markt\\\/produkt\\\/c-section-unterwaesche-postpartum-atmungsaktiv-high-wast-einweg-unterwaesche-frauen-umstandsunterwaesche-netz-unterhose-nahtlos-krankenhausunterwaesche\\\/\",\"name\":\"Carer W\u00f6chnerinnen Slips, 4 Packungen waschbare nahtlose Postpartum-H\u00f6schen perfekten Sitz deiner Binden f\u00fcr\u2026 - Markt-XXL\",\"isPartOf\":{\"@id\":\"https:\\\/\\\/marktxxl.de\\\/markt\\\/#website\"},\"primaryImageOfPage\":{\"@id\":\"https:\\\/\\\/marktxxl.de\\\/markt\\\/produkt\\\/c-section-unterwaesche-postpartum-atmungsaktiv-high-wast-einweg-unterwaesche-frauen-umstandsunterwaesche-netz-unterhose-nahtlos-krankenhausunterwaesche\\\/#primaryimage\"},\"image\":{\"@id\":\"https:\\\/\\\/marktxxl.de\\\/markt\\\/produkt\\\/c-section-unterwaesche-postpartum-atmungsaktiv-high-wast-einweg-unterwaesche-frauen-umstandsunterwaesche-netz-unterhose-nahtlos-krankenhausunterwaesche\\\/#primaryimage\"},\"thumbnailUrl\":\"https:\\\/\\\/m.media-amazon.com\\\/images\\\/I\\\/41o5RlGE+NL._SL500_.jpg\",\"datePublished\":\"2022-01-27T12:04:18+00:00\",\"dateModified\":\"2023-04-10T01:18:52+00:00\",\"description\":\"Markt-XXL Carer W\u00f6chnerinnen Slips, 4 Packungen waschbare nahtlose Postpartum-H\u00f6schen perfekten Sitz deiner Binden f\u00fcr\u2026\",\"breadcrumb\":{\"@id\":\"https:\\\/\\\/marktxxl.de\\\/markt\\\/produkt\\\/c-section-unterwaesche-postpartum-atmungsaktiv-high-wast-einweg-unterwaesche-frauen-umstandsunterwaesche-netz-unterhose-nahtlos-krankenhausunterwaesche\\\/#breadcrumb\"},\"inLanguage\":\"de\",\"potentialAction\":[{\"@type\":\"ReadAction\",\"target\":[\"https:\\\/\\\/marktxxl.de\\\/markt\\\/produkt\\\/c-section-unterwaesche-postpartum-atmungsaktiv-high-wast-einweg-unterwaesche-frauen-umstandsunterwaesche-netz-unterhose-nahtlos-krankenhausunterwaesche\\\/\"]}]},{\"@type\":\"ImageObject\",\"inLanguage\":\"de\",\"@id\":\"https:\\\/\\\/marktxxl.de\\\/markt\\\/produkt\\\/c-section-unterwaesche-postpartum-atmungsaktiv-high-wast-einweg-unterwaesche-frauen-umstandsunterwaesche-netz-unterhose-nahtlos-krankenhausunterwaesche\\\/#primaryimage\",\"url\":\"https:\\\/\\\/m.media-amazon.com\\\/images\\\/I\\\/41o5RlGE+NL._SL500_.jpg\",\"contentUrl\":\"https:\\\/\\\/m.media-amazon.com\\\/images\\\/I\\\/41o5RlGE+NL._SL500_.jpg\",\"width\":500,\"height\":500},{\"@type\":\"BreadcrumbList\",\"@id\":\"https:\\\/\\\/marktxxl.de\\\/markt\\\/produkt\\\/c-section-unterwaesche-postpartum-atmungsaktiv-high-wast-einweg-unterwaesche-frauen-umstandsunterwaesche-netz-unterhose-nahtlos-krankenhausunterwaesche\\\/#breadcrumb\",\"itemListElement\":[{\"@type\":\"ListItem\",\"position\":1,\"name\":\"Startseite\",\"item\":\"https:\\\/\\\/marktxxl.de\\\/markt\\\/\"},{\"@type\":\"ListItem\",\"position\":2,\"name\":\"Markt\",\"item\":\"https:\\\/\\\/marktxxl.de\\\/markt\\\/\"},{\"@type\":\"ListItem\",\"position\":3,\"name\":\"Carer W\u00f6chnerinnen Slips, 4 Packungen waschbare nahtlose Postpartum-H\u00f6schen perfekten Sitz deiner Binden f\u00fcr\u2026\"}]},{\"@type\":\"WebSite\",\"@id\":\"https:\\\/\\\/marktxxl.de\\\/markt\\\/#website\",\"url\":\"https:\\\/\\\/marktxxl.de\\\/markt\\\/\",\"name\":\"Markt-XXL\",\"description\":\"Ihr Markt Online\",\"publisher\":{\"@id\":\"https:\\\/\\\/marktxxl.de\\\/markt\\\/#organization\"},\"potentialAction\":[{\"@type\":\"SearchAction\",\"target\":{\"@type\":\"EntryPoint\",\"urlTemplate\":\"https:\\\/\\\/marktxxl.de\\\/markt\\\/?s={search_term_string}\"},\"query-input\":{\"@type\":\"PropertyValueSpecification\",\"valueRequired\":true,\"valueName\":\"search_term_string\"}}],\"inLanguage\":\"de\"},{\"@type\":\"Organization\",\"@id\":\"https:\\\/\\\/marktxxl.de\\\/markt\\\/#organization\",\"name\":\"Markt-XXL\",\"url\":\"https:\\\/\\\/marktxxl.de\\\/markt\\\/\",\"logo\":{\"@type\":\"ImageObject\",\"inLanguage\":\"de\",\"@id\":\"https:\\\/\\\/marktxxl.de\\\/markt\\\/#\\\/schema\\\/logo\\\/image\\\/\",\"url\":\"https:\\\/\\\/marktxxl.de\\\/markt\\\/wp-content\\\/uploads\\\/sites\\\/3\\\/2020\\\/12\\\/logo.png\",\"contentUrl\":\"https:\\\/\\\/marktxxl.de\\\/markt\\\/wp-content\\\/uploads\\\/sites\\\/3\\\/2020\\\/12\\\/logo.png\",\"width\":200,\"height\":70,\"caption\":\"Markt-XXL\"},\"image\":{\"@id\":\"https:\\\/\\\/marktxxl.de\\\/markt\\\/#\\\/schema\\\/logo\\\/image\\\/\"}}]}<\/script>\n<!-- \/ Yoast SEO plugin. -->","yoast_head_json":{"title":"Carer W\u00f6chnerinnen Slips, 4 Packungen waschbare nahtlose Postpartum-H\u00f6schen perfekten Sitz deiner Binden f\u00fcr\u2026 - Markt-XXL","description":"Markt-XXL Carer W\u00f6chnerinnen Slips, 4 Packungen waschbare nahtlose Postpartum-H\u00f6schen perfekten Sitz deiner Binden f\u00fcr\u2026","robots":{"index":"index","follow":"follow","max-snippet":"max-snippet:-1","max-image-preview":"max-image-preview:large","max-video-preview":"max-video-preview:-1"},"canonical":"https:\/\/marktxxl.de\/markt\/produkt\/c-section-unterwaesche-postpartum-atmungsaktiv-high-wast-einweg-unterwaesche-frauen-umstandsunterwaesche-netz-unterhose-nahtlos-krankenhausunterwaesche\/","og_locale":"de_DE","og_type":"article","og_title":"Carer W\u00f6chnerinnen Slips, 4 Packungen waschbare nahtlose Postpartum-H\u00f6schen perfekten Sitz deiner Binden f\u00fcr\u2026 - Markt-XXL","og_description":"Markt-XXL Carer W\u00f6chnerinnen Slips, 4 Packungen waschbare nahtlose Postpartum-H\u00f6schen perfekten Sitz deiner Binden f\u00fcr\u2026","og_url":"https:\/\/marktxxl.de\/markt\/produkt\/c-section-unterwaesche-postpartum-atmungsaktiv-high-wast-einweg-unterwaesche-frauen-umstandsunterwaesche-netz-unterhose-nahtlos-krankenhausunterwaesche\/","og_site_name":"Markt-XXL","article_modified_time":"2023-04-10T01:18:52+00:00","og_image":[{"width":500,"height":500,"url":"https:\/\/m.media-amazon.com\/images\/I\/41o5RlGE+NL._SL500_.jpg","type":"image\/jpeg"}],"twitter_card":"summary_large_image","twitter_misc":{"Gesch\u00e4tzte Lesezeit":"1\u00a0Minute"},"schema":{"@context":"https:\/\/schema.org","@graph":[{"@type":"WebPage","@id":"https:\/\/marktxxl.de\/markt\/produkt\/c-section-unterwaesche-postpartum-atmungsaktiv-high-wast-einweg-unterwaesche-frauen-umstandsunterwaesche-netz-unterhose-nahtlos-krankenhausunterwaesche\/","url":"https:\/\/marktxxl.de\/markt\/produkt\/c-section-unterwaesche-postpartum-atmungsaktiv-high-wast-einweg-unterwaesche-frauen-umstandsunterwaesche-netz-unterhose-nahtlos-krankenhausunterwaesche\/","name":"Carer W\u00f6chnerinnen Slips, 4 Packungen waschbare nahtlose Postpartum-H\u00f6schen perfekten Sitz deiner Binden f\u00fcr\u2026 - Markt-XXL","isPartOf":{"@id":"https:\/\/marktxxl.de\/markt\/#website"},"primaryImageOfPage":{"@id":"https:\/\/marktxxl.de\/markt\/produkt\/c-section-unterwaesche-postpartum-atmungsaktiv-high-wast-einweg-unterwaesche-frauen-umstandsunterwaesche-netz-unterhose-nahtlos-krankenhausunterwaesche\/#primaryimage"},"image":{"@id":"https:\/\/marktxxl.de\/markt\/produkt\/c-section-unterwaesche-postpartum-atmungsaktiv-high-wast-einweg-unterwaesche-frauen-umstandsunterwaesche-netz-unterhose-nahtlos-krankenhausunterwaesche\/#primaryimage"},"thumbnailUrl":"https:\/\/m.media-amazon.com\/images\/I\/41o5RlGE+NL._SL500_.jpg","datePublished":"2022-01-27T12:04:18+00:00","dateModified":"2023-04-10T01:18:52+00:00","description":"Markt-XXL Carer W\u00f6chnerinnen Slips, 4 Packungen waschbare nahtlose Postpartum-H\u00f6schen perfekten Sitz deiner Binden f\u00fcr\u2026","breadcrumb":{"@id":"https:\/\/marktxxl.de\/markt\/produkt\/c-section-unterwaesche-postpartum-atmungsaktiv-high-wast-einweg-unterwaesche-frauen-umstandsunterwaesche-netz-unterhose-nahtlos-krankenhausunterwaesche\/#breadcrumb"},"inLanguage":"de","potentialAction":[{"@type":"ReadAction","target":["https:\/\/marktxxl.de\/markt\/produkt\/c-section-unterwaesche-postpartum-atmungsaktiv-high-wast-einweg-unterwaesche-frauen-umstandsunterwaesche-netz-unterhose-nahtlos-krankenhausunterwaesche\/"]}]},{"@type":"ImageObject","inLanguage":"de","@id":"https:\/\/marktxxl.de\/markt\/produkt\/c-section-unterwaesche-postpartum-atmungsaktiv-high-wast-einweg-unterwaesche-frauen-umstandsunterwaesche-netz-unterhose-nahtlos-krankenhausunterwaesche\/#primaryimage","url":"https:\/\/m.media-amazon.com\/images\/I\/41o5RlGE+NL._SL500_.jpg","contentUrl":"https:\/\/m.media-amazon.com\/images\/I\/41o5RlGE+NL._SL500_.jpg","width":500,"height":500},{"@type":"BreadcrumbList","@id":"https:\/\/marktxxl.de\/markt\/produkt\/c-section-unterwaesche-postpartum-atmungsaktiv-high-wast-einweg-unterwaesche-frauen-umstandsunterwaesche-netz-unterhose-nahtlos-krankenhausunterwaesche\/#breadcrumb","itemListElement":[{"@type":"ListItem","position":1,"name":"Startseite","item":"https:\/\/marktxxl.de\/markt\/"},{"@type":"ListItem","position":2,"name":"Markt","item":"https:\/\/marktxxl.de\/markt\/"},{"@type":"ListItem","position":3,"name":"Carer W\u00f6chnerinnen Slips, 4 Packungen waschbare nahtlose Postpartum-H\u00f6schen perfekten Sitz deiner Binden f\u00fcr\u2026"}]},{"@type":"WebSite","@id":"https:\/\/marktxxl.de\/markt\/#website","url":"https:\/\/marktxxl.de\/markt\/","name":"Markt-XXL","description":"Ihr Markt Online","publisher":{"@id":"https:\/\/marktxxl.de\/markt\/#organization"},"potentialAction":[{"@type":"SearchAction","target":{"@type":"EntryPoint","urlTemplate":"https:\/\/marktxxl.de\/markt\/?s={search_term_string}"},"query-input":{"@type":"PropertyValueSpecification","valueRequired":true,"valueName":"search_term_string"}}],"inLanguage":"de"},{"@type":"Organization","@id":"https:\/\/marktxxl.de\/markt\/#organization","name":"Markt-XXL","url":"https:\/\/marktxxl.de\/markt\/","logo":{"@type":"ImageObject","inLanguage":"de","@id":"https:\/\/marktxxl.de\/markt\/#\/schema\/logo\/image\/","url":"https:\/\/marktxxl.de\/markt\/wp-content\/uploads\/sites\/3\/2020\/12\/logo.png","contentUrl":"https:\/\/marktxxl.de\/markt\/wp-content\/uploads\/sites\/3\/2020\/12\/logo.png","width":200,"height":70,"caption":"Markt-XXL"},"image":{"@id":"https:\/\/marktxxl.de\/markt\/#\/schema\/logo\/image\/"}}]}},"_links":{"self":[{"href":"https:\/\/marktxxl.de\/markt\/wp-json\/wp\/v2\/product\/96232","targetHints":{"allow":["GET"]}}],"collection":[{"href":"https:\/\/marktxxl.de\/markt\/wp-json\/wp\/v2\/product"}],"about":[{"href":"https:\/\/marktxxl.de\/markt\/wp-json\/wp\/v2\/types\/product"}],"replies":[{"embeddable":true,"href":"https:\/\/marktxxl.de\/markt\/wp-json\/wp\/v2\/comments?post=96232"}],"wp:featuredmedia":[{"embeddable":true,"href":"https:\/\/marktxxl.de\/markt\/wp-json\/wp\/v2\/media\/96233"}],"wp:attachment":[{"href":"https:\/\/marktxxl.de\/markt\/wp-json\/wp\/v2\/media?parent=96232"}],"wp:term":[{"taxonomy":"product_brand","embeddable":true,"href":"https:\/\/marktxxl.de\/markt\/wp-json\/wp\/v2\/product_brand?post=96232"},{"taxonomy":"product_cat","embeddable":true,"href":"https:\/\/marktxxl.de\/markt\/wp-json\/wp\/v2\/product_cat?post=96232"},{"taxonomy":"product_tag","embeddable":true,"href":"https:\/\/marktxxl.de\/markt\/wp-json\/wp\/v2\/product_tag?post=96232"}],"curies":[{"name":"wp","href":"https:\/\/api.w.org\/{rel}","templated":true}]}}