{"id":96215,"date":"2022-01-27T13:04:07","date_gmt":"2022-01-27T12:04:07","guid":{"rendered":"https:\/\/marktxxl.de\/markt\/produkt\/oceanlily-umstandsmode-mit-hoher-taille-ueber-dem-bauch\/"},"modified":"2023-04-10T03:18:52","modified_gmt":"2023-04-10T01:18:52","slug":"oceanlily-umstandsmode-mit-hoher-taille-ueber-dem-bauch","status":"publish","type":"product","link":"https:\/\/marktxxl.de\/markt\/produkt\/oceanlily-umstandsmode-mit-hoher-taille-ueber-dem-bauch\/","title":{"rendered":"Oceanlily Umstandsmode mit hoher Taille \u00fcber dem Bauch"},"content":{"rendered":"<p>\u2714 PREMIUM QUALIT\u00c4T &amp; CHLORINBEST\u00c4NDIG &#8211; Hergestellt aus hochwertigem Stoff. Spezieller Schnitt des Bundes f\u00fcr Passform und Komfort. Gef\u00fctterter Bikiniunterteil unter Rock befestigt Stilvoll f\u00fcr alle Anl\u00e4sse: Schwimmbad, Strandparty, Strandaktivit\u00e4ten, Schwimmen, Sport, Kreuzfahrt&#8230;<br \/>\n\u2714 Vielseitig \u2013 Oceanlily Over the Belly Umstands-Baderock kommt mit hoher Taille, die den Bauch bedeckt oder unter dem Bauch gefaltet werden kann, der alle Phasen der Schwangerschaft und nach der Geburt h\u00e4lt.<br \/>\n\u2714 Ideal zum Schwimmen und Trainieren \u2013 die hohe Taille bedeckt den wachsenden Bauch gut. Der Gummizug entlang der Unterseite des Bundes h\u00e4lt den Skort an Ort und Stelle, w\u00e4hrend Sie mit Ihrem Kleinkind schwimmen und aktiv in Ihrer Aquafit-Klasse sind.<br \/>\n\u2714 GR\u00d6SSE &#8211; Wir bieten eine gro\u00dfe Auswahl an Gr\u00f6\u00dfen S-M-L-XL-XL an. Gr\u00f6\u00dfe 0-2 ist XS, 4-6 ist Gr\u00f6\u00dfe S, 8-10 ist M, 12-14 ist L, 16-18 ist XL. Aktuelle H\u00fcftmessung ist ein guter Indikator. 91,4-96,5 cm = Gr\u00f6\u00dfe XS, 96,5-101,6 cm = Gr\u00f6\u00dfe S, 101,6-106,7 cm = Gr\u00f6\u00dfe M, 106,7-111,8 cm = Gr\u00f6\u00dfe L, 111,8-116,8 cm = XL, 116,8-1222. cm = XXL<br \/>\n\u2714 Konzipiert in Kanada Mit Liebe gemacht.<br \/>\n<div class=\"main-cross-sell\" data-asin=\"B07V57SY37\">\n\n\t<div class=\"WooZone-cross-sell-loader\">\n\t\t<div>\n\t\t\t<div id=\"floatingBarsG\">\n\t\t\t\t<div class=\"blockG\" id=\"rotateG_01\"><\/div>\n\t\t\t\t<div class=\"blockG\" id=\"rotateG_02\"><\/div>\n\t\t\t\t<div class=\"blockG\" id=\"rotateG_03\"><\/div>\n\t\t\t\t<div class=\"blockG\" id=\"rotateG_04\"><\/div>\n\t\t\t\t<div class=\"blockG\" id=\"rotateG_05\"><\/div>\n\t\t\t\t<div class=\"blockG\" id=\"rotateG_06\"><\/div>\n\t\t\t\t<div class=\"blockG\" id=\"rotateG_07\"><\/div>\n\t\t\t\t<div class=\"blockG\" id=\"rotateG_08\"><\/div>\n\t\t\t<\/div>\n\t\t\t<div class=\"WooZone-cross-sell-loader-text\"><\/div>\n\t\t<\/div>\n\t<\/div>\n\n\t\t\n<\/div>\n<div style=\"clear:both;\"><\/div><\/p>\n","protected":false},"excerpt":{"rendered":"<p>\u2714 PREMIUM QUALIT\u00c4T &amp; CHLORINBEST\u00c4NDIG &#8211; Hergestellt aus hochwertigem Stoff. Spezieller Schnitt des Bundes f\u00fcr Passform und Komfort. Gef\u00fctterter Bikiniunterteil unter Rock befestigt Stilvoll f\u00fcr alle Anl\u00e4sse: Schwimmbad, Strandparty, Strandaktivit\u00e4ten, Schwimmen, Sport, Kreuzfahrt&#8230;<br \/>\n\u2714 Vielseitig \u2013 Oceanlily Over the Belly Umstands-Baderock kommt mit hoher Taille, die den Bauch bedeckt oder unter dem Bauch gefaltet werden kann, der alle Phasen der Schwangerschaft und nach der Geburt h\u00e4lt.<br \/>\n\u2714 Ideal zum Schwimmen und Trainieren \u2013 die hohe Taille bedeckt den wachsenden Bauch gut. Der Gummizug entlang der Unterseite des Bundes h\u00e4lt den Skort an Ort und Stelle, w\u00e4hrend Sie mit Ihrem Kleinkind schwimmen und aktiv in Ihrer Aquafit-Klasse sind.<\/p>\n","protected":false},"featured_media":96216,"comment_status":"open","ping_status":"closed","template":"","meta":[],"product_brand":[],"product_cat":[21,9478],"product_tag":[],"class_list":{"0":"post-96215","1":"product","2":"type-product","3":"status-publish","4":"has-post-thumbnail","6":"product_cat-baby","7":"product_cat-umstandskleidung-baby","8":"pa_binding-textilien","9":"pa_brand-oceanlily","10":"pa_model-bsw08-blk","12":"first","13":"instock","14":"shipping-taxable","15":"purchasable","16":"product-type-simple","17":"customify-col","18":"product-has-gallery"},"yoast_head":"<!-- This site is optimized with the Yoast SEO plugin v27.3 - https:\/\/yoast.com\/product\/yoast-seo-wordpress\/ -->\n<title>Oceanlily Umstandsmode mit hoher Taille \u00fcber dem Bauch - Markt-XXL<\/title>\n<meta name=\"description\" content=\"Markt-XXL Oceanlily Umstandsmode mit hoher Taille \u00fcber dem Bauch\" \/>\n<meta name=\"robots\" content=\"index, follow, max-snippet:-1, max-image-preview:large, max-video-preview:-1\" \/>\n<link rel=\"canonical\" href=\"https:\/\/marktxxl.de\/markt\/produkt\/oceanlily-umstandsmode-mit-hoher-taille-ueber-dem-bauch\/\" \/>\n<meta property=\"og:locale\" content=\"de_DE\" \/>\n<meta property=\"og:type\" content=\"article\" \/>\n<meta property=\"og:title\" content=\"Oceanlily Umstandsmode mit hoher Taille \u00fcber dem Bauch - Markt-XXL\" \/>\n<meta property=\"og:description\" content=\"Markt-XXL Oceanlily Umstandsmode mit hoher Taille \u00fcber dem Bauch\" \/>\n<meta property=\"og:url\" content=\"https:\/\/marktxxl.de\/markt\/produkt\/oceanlily-umstandsmode-mit-hoher-taille-ueber-dem-bauch\/\" \/>\n<meta property=\"og:site_name\" content=\"Markt-XXL\" \/>\n<meta property=\"article:modified_time\" content=\"2023-04-10T01:18:52+00:00\" \/>\n<meta property=\"og:image\" content=\"https:\/\/m.media-amazon.com\/images\/I\/31e-hmc0kLL._SL500_.jpg\" \/>\n\t<meta property=\"og:image:width\" content=\"392\" \/>\n\t<meta property=\"og:image:height\" content=\"500\" \/>\n\t<meta property=\"og:image:type\" content=\"image\/jpeg\" \/>\n<meta name=\"twitter:card\" content=\"summary_large_image\" \/>\n<meta name=\"twitter:label1\" content=\"Gesch\u00e4tzte Lesezeit\" \/>\n\t<meta name=\"twitter:data1\" content=\"1\u00a0Minute\" \/>\n<script type=\"application\/ld+json\" class=\"yoast-schema-graph\">{\"@context\":\"https:\\\/\\\/schema.org\",\"@graph\":[{\"@type\":\"WebPage\",\"@id\":\"https:\\\/\\\/marktxxl.de\\\/markt\\\/produkt\\\/oceanlily-umstandsmode-mit-hoher-taille-ueber-dem-bauch\\\/\",\"url\":\"https:\\\/\\\/marktxxl.de\\\/markt\\\/produkt\\\/oceanlily-umstandsmode-mit-hoher-taille-ueber-dem-bauch\\\/\",\"name\":\"Oceanlily Umstandsmode mit hoher Taille \u00fcber dem Bauch - Markt-XXL\",\"isPartOf\":{\"@id\":\"https:\\\/\\\/marktxxl.de\\\/markt\\\/#website\"},\"primaryImageOfPage\":{\"@id\":\"https:\\\/\\\/marktxxl.de\\\/markt\\\/produkt\\\/oceanlily-umstandsmode-mit-hoher-taille-ueber-dem-bauch\\\/#primaryimage\"},\"image\":{\"@id\":\"https:\\\/\\\/marktxxl.de\\\/markt\\\/produkt\\\/oceanlily-umstandsmode-mit-hoher-taille-ueber-dem-bauch\\\/#primaryimage\"},\"thumbnailUrl\":\"https:\\\/\\\/m.media-amazon.com\\\/images\\\/I\\\/31e-hmc0kLL._SL500_.jpg\",\"datePublished\":\"2022-01-27T12:04:07+00:00\",\"dateModified\":\"2023-04-10T01:18:52+00:00\",\"description\":\"Markt-XXL Oceanlily Umstandsmode mit hoher Taille \u00fcber dem Bauch\",\"breadcrumb\":{\"@id\":\"https:\\\/\\\/marktxxl.de\\\/markt\\\/produkt\\\/oceanlily-umstandsmode-mit-hoher-taille-ueber-dem-bauch\\\/#breadcrumb\"},\"inLanguage\":\"de\",\"potentialAction\":[{\"@type\":\"ReadAction\",\"target\":[\"https:\\\/\\\/marktxxl.de\\\/markt\\\/produkt\\\/oceanlily-umstandsmode-mit-hoher-taille-ueber-dem-bauch\\\/\"]}]},{\"@type\":\"ImageObject\",\"inLanguage\":\"de\",\"@id\":\"https:\\\/\\\/marktxxl.de\\\/markt\\\/produkt\\\/oceanlily-umstandsmode-mit-hoher-taille-ueber-dem-bauch\\\/#primaryimage\",\"url\":\"https:\\\/\\\/m.media-amazon.com\\\/images\\\/I\\\/31e-hmc0kLL._SL500_.jpg\",\"contentUrl\":\"https:\\\/\\\/m.media-amazon.com\\\/images\\\/I\\\/31e-hmc0kLL._SL500_.jpg\",\"width\":392,\"height\":500},{\"@type\":\"BreadcrumbList\",\"@id\":\"https:\\\/\\\/marktxxl.de\\\/markt\\\/produkt\\\/oceanlily-umstandsmode-mit-hoher-taille-ueber-dem-bauch\\\/#breadcrumb\",\"itemListElement\":[{\"@type\":\"ListItem\",\"position\":1,\"name\":\"Startseite\",\"item\":\"https:\\\/\\\/marktxxl.de\\\/markt\\\/\"},{\"@type\":\"ListItem\",\"position\":2,\"name\":\"Markt\",\"item\":\"https:\\\/\\\/marktxxl.de\\\/markt\\\/\"},{\"@type\":\"ListItem\",\"position\":3,\"name\":\"Oceanlily Umstandsmode mit hoher Taille \u00fcber dem Bauch\"}]},{\"@type\":\"WebSite\",\"@id\":\"https:\\\/\\\/marktxxl.de\\\/markt\\\/#website\",\"url\":\"https:\\\/\\\/marktxxl.de\\\/markt\\\/\",\"name\":\"Markt-XXL\",\"description\":\"Ihr Markt Online\",\"publisher\":{\"@id\":\"https:\\\/\\\/marktxxl.de\\\/markt\\\/#organization\"},\"potentialAction\":[{\"@type\":\"SearchAction\",\"target\":{\"@type\":\"EntryPoint\",\"urlTemplate\":\"https:\\\/\\\/marktxxl.de\\\/markt\\\/?s={search_term_string}\"},\"query-input\":{\"@type\":\"PropertyValueSpecification\",\"valueRequired\":true,\"valueName\":\"search_term_string\"}}],\"inLanguage\":\"de\"},{\"@type\":\"Organization\",\"@id\":\"https:\\\/\\\/marktxxl.de\\\/markt\\\/#organization\",\"name\":\"Markt-XXL\",\"url\":\"https:\\\/\\\/marktxxl.de\\\/markt\\\/\",\"logo\":{\"@type\":\"ImageObject\",\"inLanguage\":\"de\",\"@id\":\"https:\\\/\\\/marktxxl.de\\\/markt\\\/#\\\/schema\\\/logo\\\/image\\\/\",\"url\":\"https:\\\/\\\/marktxxl.de\\\/markt\\\/wp-content\\\/uploads\\\/sites\\\/3\\\/2020\\\/12\\\/logo.png\",\"contentUrl\":\"https:\\\/\\\/marktxxl.de\\\/markt\\\/wp-content\\\/uploads\\\/sites\\\/3\\\/2020\\\/12\\\/logo.png\",\"width\":200,\"height\":70,\"caption\":\"Markt-XXL\"},\"image\":{\"@id\":\"https:\\\/\\\/marktxxl.de\\\/markt\\\/#\\\/schema\\\/logo\\\/image\\\/\"}}]}<\/script>\n<!-- \/ Yoast SEO plugin. -->","yoast_head_json":{"title":"Oceanlily Umstandsmode mit hoher Taille \u00fcber dem Bauch - Markt-XXL","description":"Markt-XXL Oceanlily Umstandsmode mit hoher Taille \u00fcber dem Bauch","robots":{"index":"index","follow":"follow","max-snippet":"max-snippet:-1","max-image-preview":"max-image-preview:large","max-video-preview":"max-video-preview:-1"},"canonical":"https:\/\/marktxxl.de\/markt\/produkt\/oceanlily-umstandsmode-mit-hoher-taille-ueber-dem-bauch\/","og_locale":"de_DE","og_type":"article","og_title":"Oceanlily Umstandsmode mit hoher Taille \u00fcber dem Bauch - Markt-XXL","og_description":"Markt-XXL Oceanlily Umstandsmode mit hoher Taille \u00fcber dem Bauch","og_url":"https:\/\/marktxxl.de\/markt\/produkt\/oceanlily-umstandsmode-mit-hoher-taille-ueber-dem-bauch\/","og_site_name":"Markt-XXL","article_modified_time":"2023-04-10T01:18:52+00:00","og_image":[{"width":392,"height":500,"url":"https:\/\/m.media-amazon.com\/images\/I\/31e-hmc0kLL._SL500_.jpg","type":"image\/jpeg"}],"twitter_card":"summary_large_image","twitter_misc":{"Gesch\u00e4tzte Lesezeit":"1\u00a0Minute"},"schema":{"@context":"https:\/\/schema.org","@graph":[{"@type":"WebPage","@id":"https:\/\/marktxxl.de\/markt\/produkt\/oceanlily-umstandsmode-mit-hoher-taille-ueber-dem-bauch\/","url":"https:\/\/marktxxl.de\/markt\/produkt\/oceanlily-umstandsmode-mit-hoher-taille-ueber-dem-bauch\/","name":"Oceanlily Umstandsmode mit hoher Taille \u00fcber dem Bauch - Markt-XXL","isPartOf":{"@id":"https:\/\/marktxxl.de\/markt\/#website"},"primaryImageOfPage":{"@id":"https:\/\/marktxxl.de\/markt\/produkt\/oceanlily-umstandsmode-mit-hoher-taille-ueber-dem-bauch\/#primaryimage"},"image":{"@id":"https:\/\/marktxxl.de\/markt\/produkt\/oceanlily-umstandsmode-mit-hoher-taille-ueber-dem-bauch\/#primaryimage"},"thumbnailUrl":"https:\/\/m.media-amazon.com\/images\/I\/31e-hmc0kLL._SL500_.jpg","datePublished":"2022-01-27T12:04:07+00:00","dateModified":"2023-04-10T01:18:52+00:00","description":"Markt-XXL Oceanlily Umstandsmode mit hoher Taille \u00fcber dem Bauch","breadcrumb":{"@id":"https:\/\/marktxxl.de\/markt\/produkt\/oceanlily-umstandsmode-mit-hoher-taille-ueber-dem-bauch\/#breadcrumb"},"inLanguage":"de","potentialAction":[{"@type":"ReadAction","target":["https:\/\/marktxxl.de\/markt\/produkt\/oceanlily-umstandsmode-mit-hoher-taille-ueber-dem-bauch\/"]}]},{"@type":"ImageObject","inLanguage":"de","@id":"https:\/\/marktxxl.de\/markt\/produkt\/oceanlily-umstandsmode-mit-hoher-taille-ueber-dem-bauch\/#primaryimage","url":"https:\/\/m.media-amazon.com\/images\/I\/31e-hmc0kLL._SL500_.jpg","contentUrl":"https:\/\/m.media-amazon.com\/images\/I\/31e-hmc0kLL._SL500_.jpg","width":392,"height":500},{"@type":"BreadcrumbList","@id":"https:\/\/marktxxl.de\/markt\/produkt\/oceanlily-umstandsmode-mit-hoher-taille-ueber-dem-bauch\/#breadcrumb","itemListElement":[{"@type":"ListItem","position":1,"name":"Startseite","item":"https:\/\/marktxxl.de\/markt\/"},{"@type":"ListItem","position":2,"name":"Markt","item":"https:\/\/marktxxl.de\/markt\/"},{"@type":"ListItem","position":3,"name":"Oceanlily Umstandsmode mit hoher Taille \u00fcber dem Bauch"}]},{"@type":"WebSite","@id":"https:\/\/marktxxl.de\/markt\/#website","url":"https:\/\/marktxxl.de\/markt\/","name":"Markt-XXL","description":"Ihr Markt Online","publisher":{"@id":"https:\/\/marktxxl.de\/markt\/#organization"},"potentialAction":[{"@type":"SearchAction","target":{"@type":"EntryPoint","urlTemplate":"https:\/\/marktxxl.de\/markt\/?s={search_term_string}"},"query-input":{"@type":"PropertyValueSpecification","valueRequired":true,"valueName":"search_term_string"}}],"inLanguage":"de"},{"@type":"Organization","@id":"https:\/\/marktxxl.de\/markt\/#organization","name":"Markt-XXL","url":"https:\/\/marktxxl.de\/markt\/","logo":{"@type":"ImageObject","inLanguage":"de","@id":"https:\/\/marktxxl.de\/markt\/#\/schema\/logo\/image\/","url":"https:\/\/marktxxl.de\/markt\/wp-content\/uploads\/sites\/3\/2020\/12\/logo.png","contentUrl":"https:\/\/marktxxl.de\/markt\/wp-content\/uploads\/sites\/3\/2020\/12\/logo.png","width":200,"height":70,"caption":"Markt-XXL"},"image":{"@id":"https:\/\/marktxxl.de\/markt\/#\/schema\/logo\/image\/"}}]}},"_links":{"self":[{"href":"https:\/\/marktxxl.de\/markt\/wp-json\/wp\/v2\/product\/96215","targetHints":{"allow":["GET"]}}],"collection":[{"href":"https:\/\/marktxxl.de\/markt\/wp-json\/wp\/v2\/product"}],"about":[{"href":"https:\/\/marktxxl.de\/markt\/wp-json\/wp\/v2\/types\/product"}],"replies":[{"embeddable":true,"href":"https:\/\/marktxxl.de\/markt\/wp-json\/wp\/v2\/comments?post=96215"}],"wp:featuredmedia":[{"embeddable":true,"href":"https:\/\/marktxxl.de\/markt\/wp-json\/wp\/v2\/media\/96216"}],"wp:attachment":[{"href":"https:\/\/marktxxl.de\/markt\/wp-json\/wp\/v2\/media?parent=96215"}],"wp:term":[{"taxonomy":"product_brand","embeddable":true,"href":"https:\/\/marktxxl.de\/markt\/wp-json\/wp\/v2\/product_brand?post=96215"},{"taxonomy":"product_cat","embeddable":true,"href":"https:\/\/marktxxl.de\/markt\/wp-json\/wp\/v2\/product_cat?post=96215"},{"taxonomy":"product_tag","embeddable":true,"href":"https:\/\/marktxxl.de\/markt\/wp-json\/wp\/v2\/product_tag?post=96215"}],"curies":[{"name":"wp","href":"https:\/\/api.w.org\/{rel}","templated":true}]}}