{"id":96196,"date":"2022-01-27T13:01:01","date_gmt":"2022-01-27T12:01:01","guid":{"rendered":"https:\/\/marktxxl.de\/markt\/produkt\/3-in-1-krankenhauskleid-fuer-die-arbeit-fuer-krankenhaeuser-fuer-babys-und-muetter\/"},"modified":"2023-04-10T03:18:51","modified_gmt":"2023-04-10T01:18:51","slug":"3-in-1-krankenhauskleid-fuer-die-arbeit-fuer-krankenhaeuser-fuer-babys-und-muetter","status":"publish","type":"product","link":"https:\/\/marktxxl.de\/markt\/produkt\/3-in-1-krankenhauskleid-fuer-die-arbeit-fuer-krankenhaeuser-fuer-babys-und-muetter\/","title":{"rendered":"3-in-1 Arbeitskleidung, Lieferung, Krankenhauskleid, Baby Be Mine Mutterschaft, Krankenhaus-Tasche Muss Have"},"content":{"rendered":"<p>\u2714\ufe0eUS-Patent # D846,233, D846,23. Das perfekte Arbeits- und Lieferumhang \u2013 liefern Sie mit Stil und Komfort. Wundersch\u00f6n! Clever Unglaublich n\u00fctzlich. Unglaublich sch\u00f6n. Das 3-in-1-Nachthemd \u2013 Umstandsnachthemd \u2013 Arbeits- und Zustellkleid \u2013 Stillnachthemd<br \/>\n\u2714\ufe0eMit einer eingen\u00e4hten, verstellbaren Empire-Taille k\u00f6nnen Sie sicher sein, dass Sie eine perfekte Passform zusammen mit einem diskret versteckten Front-Panel haben, Sie k\u00f6nnen sich frei bewegen und haben dennoch einfachen Zugang f\u00fcr medizinische Untersuchungen oder fetale \u00dcberwachung.<br \/>\n\u2714\ufe0eDruckkn\u00f6pfe auf der R\u00fcckseite sorgen f\u00fcr eine vollst\u00e4ndige Abdeckung. Kein Blinken mehr! Einfacher epiduraler Zugriff. Sagen Sie einfach &#8220;Nein Dankesch\u00f6n&#8221; zu diesem tatty alten Krankenhauskleid und ziehen Sie etwas von zu Hause an, es f\u00fchlt sich gro\u00dfartig, sauber und stilvoll an \u2013 und ja. Sie k\u00f6nnen stilvoll aussehen beim Geburt.<br \/>\n\u2714\ufe0e Druckkn\u00f6pfe auf beiden Seiten erm\u00f6glichen einfachen Zugang f\u00fcr medizinische Untersuchung und ersten Hautkontakt mit Ihrem neuen Baby. Ideal zum Stillen. Diskrete Frontklappe \u2013 frei beweglich mit einfachem Zugang f\u00fcr Untersuchungen und \u00dcberwachung.<br \/>\n\u2714\ufe0e 100 % Baumwoll-Jersey-Strick; maschinenwaschbar. Das Arbeitskleid kommt in 2 Gr\u00f6\u00dfen S\/M vor der Schwangerschaft 2-12 L\/XL vor der Schwangerschaft 12-22. Entworfen von M\u00fcttern f\u00fcr M\u00fctter in den USA seit 2005. Wir stehen zu 100% hinter all unseren Produkten. Fragen? Klicken Sie auf den von Baby Be Mine verkauften Link, um uns zu kontaktieren. 100 % Baumwolle, maschinenwaschbar. Arbeitsumhang kommt in 2 Gr\u00f6\u00dfen S\/M vor der Schwangerschaft 2-12 L\/XL vor der Schwangerschaft 12-20<br \/>\n<div class=\"main-cross-sell\" data-asin=\"B07N1VJCJ8\">\n\n\t<div class=\"WooZone-cross-sell-loader\">\n\t\t<div>\n\t\t\t<div id=\"floatingBarsG\">\n\t\t\t\t<div class=\"blockG\" id=\"rotateG_01\"><\/div>\n\t\t\t\t<div class=\"blockG\" id=\"rotateG_02\"><\/div>\n\t\t\t\t<div class=\"blockG\" id=\"rotateG_03\"><\/div>\n\t\t\t\t<div class=\"blockG\" id=\"rotateG_04\"><\/div>\n\t\t\t\t<div class=\"blockG\" id=\"rotateG_05\"><\/div>\n\t\t\t\t<div class=\"blockG\" id=\"rotateG_06\"><\/div>\n\t\t\t\t<div class=\"blockG\" id=\"rotateG_07\"><\/div>\n\t\t\t\t<div class=\"blockG\" id=\"rotateG_08\"><\/div>\n\t\t\t<\/div>\n\t\t\t<div class=\"WooZone-cross-sell-loader-text\"><\/div>\n\t\t<\/div>\n\t<\/div>\n\n\t\t\n<\/div>\n<div style=\"clear:both;\"><\/div><\/p>\n","protected":false},"excerpt":{"rendered":"<p>\u2714\ufe0eUS-Patent # D846,233, D846,23. Das perfekte Arbeits- und Lieferumhang \u2013 liefern Sie mit Stil und Komfort. Wundersch\u00f6n! Clever Unglaublich n\u00fctzlich. Unglaublich sch\u00f6n. Das 3-in-1-Nachthemd \u2013 Umstandsnachthemd \u2013 Arbeits- und Zustellkleid \u2013 Stillnachthemd<br \/>\n\u2714\ufe0eMit einer eingen\u00e4hten, verstellbaren Empire-Taille k\u00f6nnen Sie sicher sein, dass Sie eine perfekte Passform zusammen mit einem diskret versteckten Front-Panel haben, Sie k\u00f6nnen sich frei bewegen und haben dennoch einfachen Zugang f\u00fcr medizinische Untersuchungen oder fetale \u00dcberwachung.<br \/>\n\u2714\ufe0eDruckkn\u00f6pfe auf der R\u00fcckseite sorgen f\u00fcr eine vollst\u00e4ndige Abdeckung. Kein Blinken mehr! Einfacher epiduraler Zugriff. Sagen Sie einfach &#8220;Nein Dankesch\u00f6n&#8221; zu diesem tatty alten Krankenhauskleid und ziehen Sie etwas von zu Hause an, es f\u00fchlt sich gro\u00dfartig, sauber und stilvoll an \u2013 und ja. Sie k\u00f6nnen stilvoll aussehen beim Geburt.<\/p>\n","protected":false},"featured_media":96197,"comment_status":"open","ping_status":"closed","template":"","meta":[],"product_brand":[],"product_cat":[21,9478],"product_tag":[],"class_list":{"0":"post-96196","1":"product","2":"type-product","3":"status-publish","4":"has-post-thumbnail","6":"product_cat-baby","7":"product_cat-umstandskleidung-baby","8":"pa_binding-textilien","9":"pa_brand-baby-be-mine","10":"pa_size-30000","12":"first","13":"instock","14":"shipping-taxable","15":"purchasable","16":"product-type-simple","17":"customify-col","18":"product-has-gallery"},"yoast_head":"<!-- This site is optimized with the Yoast SEO plugin v27.4 - https:\/\/yoast.com\/product\/yoast-seo-wordpress\/ -->\n<title>3-in-1 Arbeitskleidung, Lieferung, Krankenhauskleid, Baby Be Mine Mutterschaft, Krankenhaus-Tasche Muss Have - Markt-XXL<\/title>\n<meta name=\"description\" content=\"Markt-XXL 3-in-1 Arbeitskleidung, Lieferung, Krankenhauskleid, Baby Be Mine Mutterschaft, Krankenhaus-Tasche Muss Have\" \/>\n<meta name=\"robots\" content=\"index, follow, max-snippet:-1, max-image-preview:large, max-video-preview:-1\" \/>\n<link rel=\"canonical\" href=\"https:\/\/marktxxl.de\/markt\/produkt\/3-in-1-krankenhauskleid-fuer-die-arbeit-fuer-krankenhaeuser-fuer-babys-und-muetter\/\" \/>\n<meta property=\"og:locale\" content=\"de_DE\" \/>\n<meta property=\"og:type\" content=\"article\" \/>\n<meta property=\"og:title\" content=\"3-in-1 Arbeitskleidung, Lieferung, Krankenhauskleid, Baby Be Mine Mutterschaft, Krankenhaus-Tasche Muss Have - Markt-XXL\" \/>\n<meta property=\"og:description\" content=\"Markt-XXL 3-in-1 Arbeitskleidung, Lieferung, Krankenhauskleid, Baby Be Mine Mutterschaft, Krankenhaus-Tasche Muss Have\" \/>\n<meta property=\"og:url\" content=\"https:\/\/marktxxl.de\/markt\/produkt\/3-in-1-krankenhauskleid-fuer-die-arbeit-fuer-krankenhaeuser-fuer-babys-und-muetter\/\" \/>\n<meta property=\"og:site_name\" content=\"Markt-XXL\" \/>\n<meta property=\"article:modified_time\" content=\"2023-04-10T01:18:51+00:00\" \/>\n<meta property=\"og:image\" content=\"https:\/\/m.media-amazon.com\/images\/I\/31Mo61X9DWL._SL500_.jpg\" \/>\n\t<meta property=\"og:image:width\" content=\"333\" \/>\n\t<meta property=\"og:image:height\" content=\"500\" \/>\n\t<meta property=\"og:image:type\" content=\"image\/jpeg\" \/>\n<meta name=\"twitter:card\" content=\"summary_large_image\" \/>\n<meta name=\"twitter:label1\" content=\"Gesch\u00e4tzte Lesezeit\" \/>\n\t<meta name=\"twitter:data1\" content=\"1\u00a0Minute\" \/>\n<script type=\"application\/ld+json\" class=\"yoast-schema-graph\">{\"@context\":\"https:\\\/\\\/schema.org\",\"@graph\":[{\"@type\":\"WebPage\",\"@id\":\"https:\\\/\\\/marktxxl.de\\\/markt\\\/produkt\\\/3-in-1-krankenhauskleid-fuer-die-arbeit-fuer-krankenhaeuser-fuer-babys-und-muetter\\\/\",\"url\":\"https:\\\/\\\/marktxxl.de\\\/markt\\\/produkt\\\/3-in-1-krankenhauskleid-fuer-die-arbeit-fuer-krankenhaeuser-fuer-babys-und-muetter\\\/\",\"name\":\"3-in-1 Arbeitskleidung, Lieferung, Krankenhauskleid, Baby Be Mine Mutterschaft, Krankenhaus-Tasche Muss Have - Markt-XXL\",\"isPartOf\":{\"@id\":\"https:\\\/\\\/marktxxl.de\\\/markt\\\/#website\"},\"primaryImageOfPage\":{\"@id\":\"https:\\\/\\\/marktxxl.de\\\/markt\\\/produkt\\\/3-in-1-krankenhauskleid-fuer-die-arbeit-fuer-krankenhaeuser-fuer-babys-und-muetter\\\/#primaryimage\"},\"image\":{\"@id\":\"https:\\\/\\\/marktxxl.de\\\/markt\\\/produkt\\\/3-in-1-krankenhauskleid-fuer-die-arbeit-fuer-krankenhaeuser-fuer-babys-und-muetter\\\/#primaryimage\"},\"thumbnailUrl\":\"https:\\\/\\\/m.media-amazon.com\\\/images\\\/I\\\/31Mo61X9DWL._SL500_.jpg\",\"datePublished\":\"2022-01-27T12:01:01+00:00\",\"dateModified\":\"2023-04-10T01:18:51+00:00\",\"description\":\"Markt-XXL 3-in-1 Arbeitskleidung, Lieferung, Krankenhauskleid, Baby Be Mine Mutterschaft, Krankenhaus-Tasche Muss Have\",\"breadcrumb\":{\"@id\":\"https:\\\/\\\/marktxxl.de\\\/markt\\\/produkt\\\/3-in-1-krankenhauskleid-fuer-die-arbeit-fuer-krankenhaeuser-fuer-babys-und-muetter\\\/#breadcrumb\"},\"inLanguage\":\"de\",\"potentialAction\":[{\"@type\":\"ReadAction\",\"target\":[\"https:\\\/\\\/marktxxl.de\\\/markt\\\/produkt\\\/3-in-1-krankenhauskleid-fuer-die-arbeit-fuer-krankenhaeuser-fuer-babys-und-muetter\\\/\"]}]},{\"@type\":\"ImageObject\",\"inLanguage\":\"de\",\"@id\":\"https:\\\/\\\/marktxxl.de\\\/markt\\\/produkt\\\/3-in-1-krankenhauskleid-fuer-die-arbeit-fuer-krankenhaeuser-fuer-babys-und-muetter\\\/#primaryimage\",\"url\":\"https:\\\/\\\/m.media-amazon.com\\\/images\\\/I\\\/31Mo61X9DWL._SL500_.jpg\",\"contentUrl\":\"https:\\\/\\\/m.media-amazon.com\\\/images\\\/I\\\/31Mo61X9DWL._SL500_.jpg\",\"width\":333,\"height\":500},{\"@type\":\"BreadcrumbList\",\"@id\":\"https:\\\/\\\/marktxxl.de\\\/markt\\\/produkt\\\/3-in-1-krankenhauskleid-fuer-die-arbeit-fuer-krankenhaeuser-fuer-babys-und-muetter\\\/#breadcrumb\",\"itemListElement\":[{\"@type\":\"ListItem\",\"position\":1,\"name\":\"Startseite\",\"item\":\"https:\\\/\\\/marktxxl.de\\\/markt\\\/\"},{\"@type\":\"ListItem\",\"position\":2,\"name\":\"Markt\",\"item\":\"https:\\\/\\\/marktxxl.de\\\/markt\\\/\"},{\"@type\":\"ListItem\",\"position\":3,\"name\":\"3-in-1 Arbeitskleidung, Lieferung, Krankenhauskleid, Baby Be Mine Mutterschaft, Krankenhaus-Tasche Muss Have\"}]},{\"@type\":\"WebSite\",\"@id\":\"https:\\\/\\\/marktxxl.de\\\/markt\\\/#website\",\"url\":\"https:\\\/\\\/marktxxl.de\\\/markt\\\/\",\"name\":\"Markt-XXL\",\"description\":\"Ihr Markt Online\",\"publisher\":{\"@id\":\"https:\\\/\\\/marktxxl.de\\\/markt\\\/#organization\"},\"potentialAction\":[{\"@type\":\"SearchAction\",\"target\":{\"@type\":\"EntryPoint\",\"urlTemplate\":\"https:\\\/\\\/marktxxl.de\\\/markt\\\/?s={search_term_string}\"},\"query-input\":{\"@type\":\"PropertyValueSpecification\",\"valueRequired\":true,\"valueName\":\"search_term_string\"}}],\"inLanguage\":\"de\"},{\"@type\":\"Organization\",\"@id\":\"https:\\\/\\\/marktxxl.de\\\/markt\\\/#organization\",\"name\":\"Markt-XXL\",\"url\":\"https:\\\/\\\/marktxxl.de\\\/markt\\\/\",\"logo\":{\"@type\":\"ImageObject\",\"inLanguage\":\"de\",\"@id\":\"https:\\\/\\\/marktxxl.de\\\/markt\\\/#\\\/schema\\\/logo\\\/image\\\/\",\"url\":\"https:\\\/\\\/marktxxl.de\\\/markt\\\/wp-content\\\/uploads\\\/sites\\\/3\\\/2020\\\/12\\\/logo.png\",\"contentUrl\":\"https:\\\/\\\/marktxxl.de\\\/markt\\\/wp-content\\\/uploads\\\/sites\\\/3\\\/2020\\\/12\\\/logo.png\",\"width\":200,\"height\":70,\"caption\":\"Markt-XXL\"},\"image\":{\"@id\":\"https:\\\/\\\/marktxxl.de\\\/markt\\\/#\\\/schema\\\/logo\\\/image\\\/\"}}]}<\/script>\n<!-- \/ Yoast SEO plugin. -->","yoast_head_json":{"title":"3-in-1 Arbeitskleidung, Lieferung, Krankenhauskleid, Baby Be Mine Mutterschaft, Krankenhaus-Tasche Muss Have - Markt-XXL","description":"Markt-XXL 3-in-1 Arbeitskleidung, Lieferung, Krankenhauskleid, Baby Be Mine Mutterschaft, Krankenhaus-Tasche Muss Have","robots":{"index":"index","follow":"follow","max-snippet":"max-snippet:-1","max-image-preview":"max-image-preview:large","max-video-preview":"max-video-preview:-1"},"canonical":"https:\/\/marktxxl.de\/markt\/produkt\/3-in-1-krankenhauskleid-fuer-die-arbeit-fuer-krankenhaeuser-fuer-babys-und-muetter\/","og_locale":"de_DE","og_type":"article","og_title":"3-in-1 Arbeitskleidung, Lieferung, Krankenhauskleid, Baby Be Mine Mutterschaft, Krankenhaus-Tasche Muss Have - Markt-XXL","og_description":"Markt-XXL 3-in-1 Arbeitskleidung, Lieferung, Krankenhauskleid, Baby Be Mine Mutterschaft, Krankenhaus-Tasche Muss Have","og_url":"https:\/\/marktxxl.de\/markt\/produkt\/3-in-1-krankenhauskleid-fuer-die-arbeit-fuer-krankenhaeuser-fuer-babys-und-muetter\/","og_site_name":"Markt-XXL","article_modified_time":"2023-04-10T01:18:51+00:00","og_image":[{"width":333,"height":500,"url":"https:\/\/m.media-amazon.com\/images\/I\/31Mo61X9DWL._SL500_.jpg","type":"image\/jpeg"}],"twitter_card":"summary_large_image","twitter_misc":{"Gesch\u00e4tzte Lesezeit":"1\u00a0Minute"},"schema":{"@context":"https:\/\/schema.org","@graph":[{"@type":"WebPage","@id":"https:\/\/marktxxl.de\/markt\/produkt\/3-in-1-krankenhauskleid-fuer-die-arbeit-fuer-krankenhaeuser-fuer-babys-und-muetter\/","url":"https:\/\/marktxxl.de\/markt\/produkt\/3-in-1-krankenhauskleid-fuer-die-arbeit-fuer-krankenhaeuser-fuer-babys-und-muetter\/","name":"3-in-1 Arbeitskleidung, Lieferung, Krankenhauskleid, Baby Be Mine Mutterschaft, Krankenhaus-Tasche Muss Have - Markt-XXL","isPartOf":{"@id":"https:\/\/marktxxl.de\/markt\/#website"},"primaryImageOfPage":{"@id":"https:\/\/marktxxl.de\/markt\/produkt\/3-in-1-krankenhauskleid-fuer-die-arbeit-fuer-krankenhaeuser-fuer-babys-und-muetter\/#primaryimage"},"image":{"@id":"https:\/\/marktxxl.de\/markt\/produkt\/3-in-1-krankenhauskleid-fuer-die-arbeit-fuer-krankenhaeuser-fuer-babys-und-muetter\/#primaryimage"},"thumbnailUrl":"https:\/\/m.media-amazon.com\/images\/I\/31Mo61X9DWL._SL500_.jpg","datePublished":"2022-01-27T12:01:01+00:00","dateModified":"2023-04-10T01:18:51+00:00","description":"Markt-XXL 3-in-1 Arbeitskleidung, Lieferung, Krankenhauskleid, Baby Be Mine Mutterschaft, Krankenhaus-Tasche Muss Have","breadcrumb":{"@id":"https:\/\/marktxxl.de\/markt\/produkt\/3-in-1-krankenhauskleid-fuer-die-arbeit-fuer-krankenhaeuser-fuer-babys-und-muetter\/#breadcrumb"},"inLanguage":"de","potentialAction":[{"@type":"ReadAction","target":["https:\/\/marktxxl.de\/markt\/produkt\/3-in-1-krankenhauskleid-fuer-die-arbeit-fuer-krankenhaeuser-fuer-babys-und-muetter\/"]}]},{"@type":"ImageObject","inLanguage":"de","@id":"https:\/\/marktxxl.de\/markt\/produkt\/3-in-1-krankenhauskleid-fuer-die-arbeit-fuer-krankenhaeuser-fuer-babys-und-muetter\/#primaryimage","url":"https:\/\/m.media-amazon.com\/images\/I\/31Mo61X9DWL._SL500_.jpg","contentUrl":"https:\/\/m.media-amazon.com\/images\/I\/31Mo61X9DWL._SL500_.jpg","width":333,"height":500},{"@type":"BreadcrumbList","@id":"https:\/\/marktxxl.de\/markt\/produkt\/3-in-1-krankenhauskleid-fuer-die-arbeit-fuer-krankenhaeuser-fuer-babys-und-muetter\/#breadcrumb","itemListElement":[{"@type":"ListItem","position":1,"name":"Startseite","item":"https:\/\/marktxxl.de\/markt\/"},{"@type":"ListItem","position":2,"name":"Markt","item":"https:\/\/marktxxl.de\/markt\/"},{"@type":"ListItem","position":3,"name":"3-in-1 Arbeitskleidung, Lieferung, Krankenhauskleid, Baby Be Mine Mutterschaft, Krankenhaus-Tasche Muss Have"}]},{"@type":"WebSite","@id":"https:\/\/marktxxl.de\/markt\/#website","url":"https:\/\/marktxxl.de\/markt\/","name":"Markt-XXL","description":"Ihr Markt Online","publisher":{"@id":"https:\/\/marktxxl.de\/markt\/#organization"},"potentialAction":[{"@type":"SearchAction","target":{"@type":"EntryPoint","urlTemplate":"https:\/\/marktxxl.de\/markt\/?s={search_term_string}"},"query-input":{"@type":"PropertyValueSpecification","valueRequired":true,"valueName":"search_term_string"}}],"inLanguage":"de"},{"@type":"Organization","@id":"https:\/\/marktxxl.de\/markt\/#organization","name":"Markt-XXL","url":"https:\/\/marktxxl.de\/markt\/","logo":{"@type":"ImageObject","inLanguage":"de","@id":"https:\/\/marktxxl.de\/markt\/#\/schema\/logo\/image\/","url":"https:\/\/marktxxl.de\/markt\/wp-content\/uploads\/sites\/3\/2020\/12\/logo.png","contentUrl":"https:\/\/marktxxl.de\/markt\/wp-content\/uploads\/sites\/3\/2020\/12\/logo.png","width":200,"height":70,"caption":"Markt-XXL"},"image":{"@id":"https:\/\/marktxxl.de\/markt\/#\/schema\/logo\/image\/"}}]}},"_links":{"self":[{"href":"https:\/\/marktxxl.de\/markt\/wp-json\/wp\/v2\/product\/96196","targetHints":{"allow":["GET"]}}],"collection":[{"href":"https:\/\/marktxxl.de\/markt\/wp-json\/wp\/v2\/product"}],"about":[{"href":"https:\/\/marktxxl.de\/markt\/wp-json\/wp\/v2\/types\/product"}],"replies":[{"embeddable":true,"href":"https:\/\/marktxxl.de\/markt\/wp-json\/wp\/v2\/comments?post=96196"}],"wp:featuredmedia":[{"embeddable":true,"href":"https:\/\/marktxxl.de\/markt\/wp-json\/wp\/v2\/media\/96197"}],"wp:attachment":[{"href":"https:\/\/marktxxl.de\/markt\/wp-json\/wp\/v2\/media?parent=96196"}],"wp:term":[{"taxonomy":"product_brand","embeddable":true,"href":"https:\/\/marktxxl.de\/markt\/wp-json\/wp\/v2\/product_brand?post=96196"},{"taxonomy":"product_cat","embeddable":true,"href":"https:\/\/marktxxl.de\/markt\/wp-json\/wp\/v2\/product_cat?post=96196"},{"taxonomy":"product_tag","embeddable":true,"href":"https:\/\/marktxxl.de\/markt\/wp-json\/wp\/v2\/product_tag?post=96196"}],"curies":[{"name":"wp","href":"https:\/\/api.w.org\/{rel}","templated":true}]}}