{"id":96167,"date":"2022-01-27T13:00:28","date_gmt":"2022-01-27T12:00:28","guid":{"rendered":"https:\/\/marktxxl.de\/markt\/produkt\/ecavus-pack-3pcs-womens-layering-maternity-tank-top-pregnancy-shirt-scoop-neck-sleeveless-ruched-vest\/"},"modified":"2023-04-10T03:18:50","modified_gmt":"2023-04-10T01:18:50","slug":"ecavus-pack-3pcs-womens-layering-maternity-tank-top-pregnancy-shirt-scoop-neck-sleeveless-ruched-vest","status":"publish","type":"product","link":"https:\/\/marktxxl.de\/markt\/produkt\/ecavus-pack-3pcs-womens-layering-maternity-tank-top-pregnancy-shirt-scoop-neck-sleeveless-ruched-vest\/","title":{"rendered":"Ecavus Damen Schwangerschafts-Tanktop mit U-Ausschnitt, \u00e4rmellos, ger\u00fcscht, 3 St\u00fcck"},"content":{"rendered":"<p>Passend f\u00fcr Brustumfang (S) 83,8\u201388,9 cm, (M) 88,9\u201394 cm, (L) 96,5\u2013101,6 cm, (XL) 101,6\u2013106,7 cm<br \/>\nDurch die dezente Raffung entsteht eine Silhouette, die sich so gut anf\u00fchlt wie sie aussieht<br \/>\nDas hochwertige, superweiche Jersey verf\u00fcgt \u00fcber viel Stretch<br \/>\nEin echtes Mutterschaftszubeh\u00f6r, das Ihnen eine Grundlage f\u00fcr endlose Outfits bietet<br \/>\nDieses dehnbare Tanktop ist genau das, was Sie w\u00e4hrend der Schwangerschaftsabdeckung brauchen und es zeigt den Bauch so sch\u00f6n.<br \/>\n<div class=\"main-cross-sell\" data-asin=\"B07F1LRQ2M\">\n\n\t<div class=\"WooZone-cross-sell-loader\">\n\t\t<div>\n\t\t\t<div id=\"floatingBarsG\">\n\t\t\t\t<div class=\"blockG\" id=\"rotateG_01\"><\/div>\n\t\t\t\t<div class=\"blockG\" id=\"rotateG_02\"><\/div>\n\t\t\t\t<div class=\"blockG\" id=\"rotateG_03\"><\/div>\n\t\t\t\t<div class=\"blockG\" id=\"rotateG_04\"><\/div>\n\t\t\t\t<div class=\"blockG\" id=\"rotateG_05\"><\/div>\n\t\t\t\t<div class=\"blockG\" id=\"rotateG_06\"><\/div>\n\t\t\t\t<div class=\"blockG\" id=\"rotateG_07\"><\/div>\n\t\t\t\t<div class=\"blockG\" id=\"rotateG_08\"><\/div>\n\t\t\t<\/div>\n\t\t\t<div class=\"WooZone-cross-sell-loader-text\"><\/div>\n\t\t<\/div>\n\t<\/div>\n\n\t\t\n<\/div>\n<div style=\"clear:both;\"><\/div><\/p>\n","protected":false},"excerpt":{"rendered":"<p>Passend f\u00fcr Brustumfang (S) 83,8\u201388,9 cm, (M) 88,9\u201394 cm, (L) 96,5\u2013101,6 cm, (XL) 101,6\u2013106,7 cm<br \/>\nDurch die dezente Raffung entsteht eine Silhouette, die sich so gut anf\u00fchlt wie sie aussieht<br \/>\nDas hochwertige, superweiche Jersey verf\u00fcgt \u00fcber viel Stretch<\/p>\n","protected":false},"featured_media":96168,"comment_status":"open","ping_status":"closed","template":"","meta":[],"product_brand":[],"product_cat":[21,9478],"product_tag":[],"class_list":{"0":"post-96167","1":"product","2":"type-product","3":"status-publish","4":"has-post-thumbnail","6":"product_cat-baby","7":"product_cat-umstandskleidung-baby","8":"pa_binding-textilien","9":"pa_brand-ecavus","10":"pa_color-black-grey-white-black-stripe","11":"pa_height-0-393700787-zoll","12":"pa_length-9-842519675-zoll","13":"pa_model-112002setl_bk_gy_bu","14":"pa_model-112002setxl_bk_gy_bu","15":"pa_size-l","16":"pa_size-m","17":"pa_width-7-87401574-zoll","19":"first","20":"instock","21":"shipping-taxable","22":"purchasable","23":"product-type-simple","24":"customify-col","25":"product-has-gallery"},"yoast_head":"<!-- This site is optimized with the Yoast SEO plugin v27.3 - https:\/\/yoast.com\/product\/yoast-seo-wordpress\/ -->\n<title>Ecavus Damen Schwangerschafts-Tanktop mit U-Ausschnitt, \u00e4rmellos, ger\u00fcscht, 3 St\u00fcck - Markt-XXL<\/title>\n<meta name=\"description\" content=\"Markt-XXL Ecavus Damen Schwangerschafts-Tanktop mit U-Ausschnitt, \u00e4rmellos, ger\u00fcscht, 3 St\u00fcck\" \/>\n<meta name=\"robots\" content=\"index, follow, max-snippet:-1, max-image-preview:large, max-video-preview:-1\" \/>\n<link rel=\"canonical\" href=\"https:\/\/marktxxl.de\/markt\/produkt\/ecavus-pack-3pcs-womens-layering-maternity-tank-top-pregnancy-shirt-scoop-neck-sleeveless-ruched-vest\/\" \/>\n<meta property=\"og:locale\" content=\"de_DE\" \/>\n<meta property=\"og:type\" content=\"article\" \/>\n<meta property=\"og:title\" content=\"Ecavus Damen Schwangerschafts-Tanktop mit U-Ausschnitt, \u00e4rmellos, ger\u00fcscht, 3 St\u00fcck - Markt-XXL\" \/>\n<meta property=\"og:description\" content=\"Markt-XXL Ecavus Damen Schwangerschafts-Tanktop mit U-Ausschnitt, \u00e4rmellos, ger\u00fcscht, 3 St\u00fcck\" \/>\n<meta property=\"og:url\" content=\"https:\/\/marktxxl.de\/markt\/produkt\/ecavus-pack-3pcs-womens-layering-maternity-tank-top-pregnancy-shirt-scoop-neck-sleeveless-ruched-vest\/\" \/>\n<meta property=\"og:site_name\" content=\"Markt-XXL\" \/>\n<meta property=\"article:modified_time\" content=\"2023-04-10T01:18:50+00:00\" \/>\n<meta property=\"og:image\" content=\"https:\/\/m.media-amazon.com\/images\/I\/51LZ-OAQsRL._SL500_.jpg\" \/>\n\t<meta property=\"og:image:width\" content=\"500\" \/>\n\t<meta property=\"og:image:height\" content=\"500\" \/>\n\t<meta property=\"og:image:type\" content=\"image\/jpeg\" \/>\n<meta name=\"twitter:card\" content=\"summary_large_image\" \/>\n<script type=\"application\/ld+json\" class=\"yoast-schema-graph\">{\"@context\":\"https:\\\/\\\/schema.org\",\"@graph\":[{\"@type\":\"WebPage\",\"@id\":\"https:\\\/\\\/marktxxl.de\\\/markt\\\/produkt\\\/ecavus-pack-3pcs-womens-layering-maternity-tank-top-pregnancy-shirt-scoop-neck-sleeveless-ruched-vest\\\/\",\"url\":\"https:\\\/\\\/marktxxl.de\\\/markt\\\/produkt\\\/ecavus-pack-3pcs-womens-layering-maternity-tank-top-pregnancy-shirt-scoop-neck-sleeveless-ruched-vest\\\/\",\"name\":\"Ecavus Damen Schwangerschafts-Tanktop mit U-Ausschnitt, \u00e4rmellos, ger\u00fcscht, 3 St\u00fcck - Markt-XXL\",\"isPartOf\":{\"@id\":\"https:\\\/\\\/marktxxl.de\\\/markt\\\/#website\"},\"primaryImageOfPage\":{\"@id\":\"https:\\\/\\\/marktxxl.de\\\/markt\\\/produkt\\\/ecavus-pack-3pcs-womens-layering-maternity-tank-top-pregnancy-shirt-scoop-neck-sleeveless-ruched-vest\\\/#primaryimage\"},\"image\":{\"@id\":\"https:\\\/\\\/marktxxl.de\\\/markt\\\/produkt\\\/ecavus-pack-3pcs-womens-layering-maternity-tank-top-pregnancy-shirt-scoop-neck-sleeveless-ruched-vest\\\/#primaryimage\"},\"thumbnailUrl\":\"https:\\\/\\\/m.media-amazon.com\\\/images\\\/I\\\/51LZ-OAQsRL._SL500_.jpg\",\"datePublished\":\"2022-01-27T12:00:28+00:00\",\"dateModified\":\"2023-04-10T01:18:50+00:00\",\"description\":\"Markt-XXL Ecavus Damen Schwangerschafts-Tanktop mit U-Ausschnitt, \u00e4rmellos, ger\u00fcscht, 3 St\u00fcck\",\"breadcrumb\":{\"@id\":\"https:\\\/\\\/marktxxl.de\\\/markt\\\/produkt\\\/ecavus-pack-3pcs-womens-layering-maternity-tank-top-pregnancy-shirt-scoop-neck-sleeveless-ruched-vest\\\/#breadcrumb\"},\"inLanguage\":\"de\",\"potentialAction\":[{\"@type\":\"ReadAction\",\"target\":[\"https:\\\/\\\/marktxxl.de\\\/markt\\\/produkt\\\/ecavus-pack-3pcs-womens-layering-maternity-tank-top-pregnancy-shirt-scoop-neck-sleeveless-ruched-vest\\\/\"]}]},{\"@type\":\"ImageObject\",\"inLanguage\":\"de\",\"@id\":\"https:\\\/\\\/marktxxl.de\\\/markt\\\/produkt\\\/ecavus-pack-3pcs-womens-layering-maternity-tank-top-pregnancy-shirt-scoop-neck-sleeveless-ruched-vest\\\/#primaryimage\",\"url\":\"https:\\\/\\\/m.media-amazon.com\\\/images\\\/I\\\/51LZ-OAQsRL._SL500_.jpg\",\"contentUrl\":\"https:\\\/\\\/m.media-amazon.com\\\/images\\\/I\\\/51LZ-OAQsRL._SL500_.jpg\",\"width\":500,\"height\":500},{\"@type\":\"BreadcrumbList\",\"@id\":\"https:\\\/\\\/marktxxl.de\\\/markt\\\/produkt\\\/ecavus-pack-3pcs-womens-layering-maternity-tank-top-pregnancy-shirt-scoop-neck-sleeveless-ruched-vest\\\/#breadcrumb\",\"itemListElement\":[{\"@type\":\"ListItem\",\"position\":1,\"name\":\"Startseite\",\"item\":\"https:\\\/\\\/marktxxl.de\\\/markt\\\/\"},{\"@type\":\"ListItem\",\"position\":2,\"name\":\"Markt\",\"item\":\"https:\\\/\\\/marktxxl.de\\\/markt\\\/\"},{\"@type\":\"ListItem\",\"position\":3,\"name\":\"Ecavus Damen Schwangerschafts-Tanktop mit U-Ausschnitt, \u00e4rmellos, ger\u00fcscht, 3 St\u00fcck\"}]},{\"@type\":\"WebSite\",\"@id\":\"https:\\\/\\\/marktxxl.de\\\/markt\\\/#website\",\"url\":\"https:\\\/\\\/marktxxl.de\\\/markt\\\/\",\"name\":\"Markt-XXL\",\"description\":\"Ihr Markt Online\",\"publisher\":{\"@id\":\"https:\\\/\\\/marktxxl.de\\\/markt\\\/#organization\"},\"potentialAction\":[{\"@type\":\"SearchAction\",\"target\":{\"@type\":\"EntryPoint\",\"urlTemplate\":\"https:\\\/\\\/marktxxl.de\\\/markt\\\/?s={search_term_string}\"},\"query-input\":{\"@type\":\"PropertyValueSpecification\",\"valueRequired\":true,\"valueName\":\"search_term_string\"}}],\"inLanguage\":\"de\"},{\"@type\":\"Organization\",\"@id\":\"https:\\\/\\\/marktxxl.de\\\/markt\\\/#organization\",\"name\":\"Markt-XXL\",\"url\":\"https:\\\/\\\/marktxxl.de\\\/markt\\\/\",\"logo\":{\"@type\":\"ImageObject\",\"inLanguage\":\"de\",\"@id\":\"https:\\\/\\\/marktxxl.de\\\/markt\\\/#\\\/schema\\\/logo\\\/image\\\/\",\"url\":\"https:\\\/\\\/marktxxl.de\\\/markt\\\/wp-content\\\/uploads\\\/sites\\\/3\\\/2020\\\/12\\\/logo.png\",\"contentUrl\":\"https:\\\/\\\/marktxxl.de\\\/markt\\\/wp-content\\\/uploads\\\/sites\\\/3\\\/2020\\\/12\\\/logo.png\",\"width\":200,\"height\":70,\"caption\":\"Markt-XXL\"},\"image\":{\"@id\":\"https:\\\/\\\/marktxxl.de\\\/markt\\\/#\\\/schema\\\/logo\\\/image\\\/\"}}]}<\/script>\n<!-- \/ Yoast SEO plugin. -->","yoast_head_json":{"title":"Ecavus Damen Schwangerschafts-Tanktop mit U-Ausschnitt, \u00e4rmellos, ger\u00fcscht, 3 St\u00fcck - Markt-XXL","description":"Markt-XXL Ecavus Damen Schwangerschafts-Tanktop mit U-Ausschnitt, \u00e4rmellos, ger\u00fcscht, 3 St\u00fcck","robots":{"index":"index","follow":"follow","max-snippet":"max-snippet:-1","max-image-preview":"max-image-preview:large","max-video-preview":"max-video-preview:-1"},"canonical":"https:\/\/marktxxl.de\/markt\/produkt\/ecavus-pack-3pcs-womens-layering-maternity-tank-top-pregnancy-shirt-scoop-neck-sleeveless-ruched-vest\/","og_locale":"de_DE","og_type":"article","og_title":"Ecavus Damen Schwangerschafts-Tanktop mit U-Ausschnitt, \u00e4rmellos, ger\u00fcscht, 3 St\u00fcck - Markt-XXL","og_description":"Markt-XXL Ecavus Damen Schwangerschafts-Tanktop mit U-Ausschnitt, \u00e4rmellos, ger\u00fcscht, 3 St\u00fcck","og_url":"https:\/\/marktxxl.de\/markt\/produkt\/ecavus-pack-3pcs-womens-layering-maternity-tank-top-pregnancy-shirt-scoop-neck-sleeveless-ruched-vest\/","og_site_name":"Markt-XXL","article_modified_time":"2023-04-10T01:18:50+00:00","og_image":[{"width":500,"height":500,"url":"https:\/\/m.media-amazon.com\/images\/I\/51LZ-OAQsRL._SL500_.jpg","type":"image\/jpeg"}],"twitter_card":"summary_large_image","schema":{"@context":"https:\/\/schema.org","@graph":[{"@type":"WebPage","@id":"https:\/\/marktxxl.de\/markt\/produkt\/ecavus-pack-3pcs-womens-layering-maternity-tank-top-pregnancy-shirt-scoop-neck-sleeveless-ruched-vest\/","url":"https:\/\/marktxxl.de\/markt\/produkt\/ecavus-pack-3pcs-womens-layering-maternity-tank-top-pregnancy-shirt-scoop-neck-sleeveless-ruched-vest\/","name":"Ecavus Damen Schwangerschafts-Tanktop mit U-Ausschnitt, \u00e4rmellos, ger\u00fcscht, 3 St\u00fcck - Markt-XXL","isPartOf":{"@id":"https:\/\/marktxxl.de\/markt\/#website"},"primaryImageOfPage":{"@id":"https:\/\/marktxxl.de\/markt\/produkt\/ecavus-pack-3pcs-womens-layering-maternity-tank-top-pregnancy-shirt-scoop-neck-sleeveless-ruched-vest\/#primaryimage"},"image":{"@id":"https:\/\/marktxxl.de\/markt\/produkt\/ecavus-pack-3pcs-womens-layering-maternity-tank-top-pregnancy-shirt-scoop-neck-sleeveless-ruched-vest\/#primaryimage"},"thumbnailUrl":"https:\/\/m.media-amazon.com\/images\/I\/51LZ-OAQsRL._SL500_.jpg","datePublished":"2022-01-27T12:00:28+00:00","dateModified":"2023-04-10T01:18:50+00:00","description":"Markt-XXL Ecavus Damen Schwangerschafts-Tanktop mit U-Ausschnitt, \u00e4rmellos, ger\u00fcscht, 3 St\u00fcck","breadcrumb":{"@id":"https:\/\/marktxxl.de\/markt\/produkt\/ecavus-pack-3pcs-womens-layering-maternity-tank-top-pregnancy-shirt-scoop-neck-sleeveless-ruched-vest\/#breadcrumb"},"inLanguage":"de","potentialAction":[{"@type":"ReadAction","target":["https:\/\/marktxxl.de\/markt\/produkt\/ecavus-pack-3pcs-womens-layering-maternity-tank-top-pregnancy-shirt-scoop-neck-sleeveless-ruched-vest\/"]}]},{"@type":"ImageObject","inLanguage":"de","@id":"https:\/\/marktxxl.de\/markt\/produkt\/ecavus-pack-3pcs-womens-layering-maternity-tank-top-pregnancy-shirt-scoop-neck-sleeveless-ruched-vest\/#primaryimage","url":"https:\/\/m.media-amazon.com\/images\/I\/51LZ-OAQsRL._SL500_.jpg","contentUrl":"https:\/\/m.media-amazon.com\/images\/I\/51LZ-OAQsRL._SL500_.jpg","width":500,"height":500},{"@type":"BreadcrumbList","@id":"https:\/\/marktxxl.de\/markt\/produkt\/ecavus-pack-3pcs-womens-layering-maternity-tank-top-pregnancy-shirt-scoop-neck-sleeveless-ruched-vest\/#breadcrumb","itemListElement":[{"@type":"ListItem","position":1,"name":"Startseite","item":"https:\/\/marktxxl.de\/markt\/"},{"@type":"ListItem","position":2,"name":"Markt","item":"https:\/\/marktxxl.de\/markt\/"},{"@type":"ListItem","position":3,"name":"Ecavus Damen Schwangerschafts-Tanktop mit U-Ausschnitt, \u00e4rmellos, ger\u00fcscht, 3 St\u00fcck"}]},{"@type":"WebSite","@id":"https:\/\/marktxxl.de\/markt\/#website","url":"https:\/\/marktxxl.de\/markt\/","name":"Markt-XXL","description":"Ihr Markt Online","publisher":{"@id":"https:\/\/marktxxl.de\/markt\/#organization"},"potentialAction":[{"@type":"SearchAction","target":{"@type":"EntryPoint","urlTemplate":"https:\/\/marktxxl.de\/markt\/?s={search_term_string}"},"query-input":{"@type":"PropertyValueSpecification","valueRequired":true,"valueName":"search_term_string"}}],"inLanguage":"de"},{"@type":"Organization","@id":"https:\/\/marktxxl.de\/markt\/#organization","name":"Markt-XXL","url":"https:\/\/marktxxl.de\/markt\/","logo":{"@type":"ImageObject","inLanguage":"de","@id":"https:\/\/marktxxl.de\/markt\/#\/schema\/logo\/image\/","url":"https:\/\/marktxxl.de\/markt\/wp-content\/uploads\/sites\/3\/2020\/12\/logo.png","contentUrl":"https:\/\/marktxxl.de\/markt\/wp-content\/uploads\/sites\/3\/2020\/12\/logo.png","width":200,"height":70,"caption":"Markt-XXL"},"image":{"@id":"https:\/\/marktxxl.de\/markt\/#\/schema\/logo\/image\/"}}]}},"_links":{"self":[{"href":"https:\/\/marktxxl.de\/markt\/wp-json\/wp\/v2\/product\/96167","targetHints":{"allow":["GET"]}}],"collection":[{"href":"https:\/\/marktxxl.de\/markt\/wp-json\/wp\/v2\/product"}],"about":[{"href":"https:\/\/marktxxl.de\/markt\/wp-json\/wp\/v2\/types\/product"}],"replies":[{"embeddable":true,"href":"https:\/\/marktxxl.de\/markt\/wp-json\/wp\/v2\/comments?post=96167"}],"wp:featuredmedia":[{"embeddable":true,"href":"https:\/\/marktxxl.de\/markt\/wp-json\/wp\/v2\/media\/96168"}],"wp:attachment":[{"href":"https:\/\/marktxxl.de\/markt\/wp-json\/wp\/v2\/media?parent=96167"}],"wp:term":[{"taxonomy":"product_brand","embeddable":true,"href":"https:\/\/marktxxl.de\/markt\/wp-json\/wp\/v2\/product_brand?post=96167"},{"taxonomy":"product_cat","embeddable":true,"href":"https:\/\/marktxxl.de\/markt\/wp-json\/wp\/v2\/product_cat?post=96167"},{"taxonomy":"product_tag","embeddable":true,"href":"https:\/\/marktxxl.de\/markt\/wp-json\/wp\/v2\/product_tag?post=96167"}],"curies":[{"name":"wp","href":"https:\/\/api.w.org\/{rel}","templated":true}]}}