{"id":96101,"date":"2022-01-27T12:24:54","date_gmt":"2022-01-27T11:24:54","guid":{"rendered":"https:\/\/marktxxl.de\/markt\/produkt\/nuby-baby-spielstation-aus-holz-geeignet-fuer-neugeborene\/"},"modified":"2023-04-10T03:18:49","modified_gmt":"2023-04-10T01:18:49","slug":"nuby-baby-spielstation-aus-holz-geeignet-fuer-neugeborene","status":"publish","type":"product","link":"https:\/\/marktxxl.de\/markt\/produkt\/nuby-baby-spielstation-aus-holz-geeignet-fuer-neugeborene\/","title":{"rendered":"Nuby Baby-Spielstation aus Holz, geeignet f\u00fcr Neugeborene."},"content":{"rendered":"<p>Interaktive Aktivit\u00e4ten: Halten Sie Ihre Kleinen mit den hellen Farben und dem interaktiven Spielzeug dieses lustigen Baby-Fitnessstudios aus Holz.<br \/>\nNeue Erfahrungen \u2013 Interaktive Funktionen umfassen eine Sternglocke, einen Spiegel, um Reflexionen zu lernen und verschiedene Formen und Farben<br \/>\nHilft bei der Entwicklung \u2013 perfekt f\u00fcr verschiedene Phasen des Spiels, von der Geburt bis zu zu wenn Ihr Baby lernt, sich aufzusetzen, das Fitnessstudio ist f\u00fcr Ihr Baby da, wenn es w\u00e4chst<br \/>\nUmweltfreundlich \u2013 FSC-zertifiziert, dieses sch\u00f6ne, stabile Spielger\u00e4t ist aus 100 % Holz aus nachhaltig bewirtschafteten W\u00e4ldern<br \/>\nEntwickelt Sinne \u2013 Die Fitnessaktivit\u00e4ten helfen dabei, motorische, sensorische und Hand-Augen-Koordinationsf\u00e4higkeiten zu entwickeln<br \/>\n<div class=\"main-cross-sell\" data-asin=\"B08CP94NFF\">\n\n\t<div class=\"WooZone-cross-sell-loader\">\n\t\t<div>\n\t\t\t<div id=\"floatingBarsG\">\n\t\t\t\t<div class=\"blockG\" id=\"rotateG_01\"><\/div>\n\t\t\t\t<div class=\"blockG\" id=\"rotateG_02\"><\/div>\n\t\t\t\t<div class=\"blockG\" id=\"rotateG_03\"><\/div>\n\t\t\t\t<div class=\"blockG\" id=\"rotateG_04\"><\/div>\n\t\t\t\t<div class=\"blockG\" id=\"rotateG_05\"><\/div>\n\t\t\t\t<div class=\"blockG\" id=\"rotateG_06\"><\/div>\n\t\t\t\t<div class=\"blockG\" id=\"rotateG_07\"><\/div>\n\t\t\t\t<div class=\"blockG\" id=\"rotateG_08\"><\/div>\n\t\t\t<\/div>\n\t\t\t<div class=\"WooZone-cross-sell-loader-text\"><\/div>\n\t\t<\/div>\n\t<\/div>\n\n\t\t\n<\/div>\n<div style=\"clear:both;\"><\/div><\/p>\n","protected":false},"excerpt":{"rendered":"<p>Interaktive Aktivit\u00e4ten: Halten Sie Ihre Kleinen mit den hellen Farben und dem interaktiven Spielzeug dieses lustigen Baby-Fitnessstudios aus Holz.<br \/>\nNeue Erfahrungen \u2013 Interaktive Funktionen umfassen eine Sternglocke, einen Spiegel, um Reflexionen zu lernen und verschiedene Formen und Farben<br \/>\nHilft bei der Entwicklung \u2013 perfekt f\u00fcr verschiedene Phasen des Spiels, von der Geburt bis zu zu wenn Ihr Baby lernt, sich aufzusetzen, das Fitnessstudio ist f\u00fcr Ihr Baby da, wenn es w\u00e4chst<\/p>\n","protected":false},"featured_media":96102,"comment_status":"open","ping_status":"closed","template":"","meta":[],"product_brand":[],"product_cat":[21,9143],"product_tag":[],"class_list":{"0":"post-96101","1":"product","2":"type-product","3":"status-publish","4":"has-post-thumbnail","6":"product_cat-baby","7":"product_cat-entdecken-bewegen-baby","8":"pa_binding-babyartikel","9":"pa_brand-nuby","10":"pa_height-20-6692913175-zoll","11":"pa_length-18-110236202-zoll","12":"pa_manufacturer-nuby","13":"pa_model-29976","14":"pa_weight-4-629707502-pfund","15":"pa_width-4-330708657-zoll","17":"first","18":"instock","19":"shipping-taxable","20":"purchasable","21":"product-type-simple","22":"customify-col","23":"product-has-gallery"},"yoast_head":"<!-- This site is optimized with the Yoast SEO plugin v27.4 - https:\/\/yoast.com\/product\/yoast-seo-wordpress\/ -->\n<title>Nuby Baby-Spielstation aus Holz, geeignet f\u00fcr Neugeborene. - Markt-XXL<\/title>\n<meta name=\"description\" content=\"Markt-XXL Nuby Baby-Spielstation aus Holz, geeignet f\u00fcr Neugeborene.\" \/>\n<meta name=\"robots\" content=\"index, follow, max-snippet:-1, max-image-preview:large, max-video-preview:-1\" \/>\n<link rel=\"canonical\" href=\"https:\/\/marktxxl.de\/markt\/produkt\/nuby-baby-spielstation-aus-holz-geeignet-fuer-neugeborene\/\" \/>\n<meta property=\"og:locale\" content=\"de_DE\" \/>\n<meta property=\"og:type\" content=\"article\" \/>\n<meta property=\"og:title\" content=\"Nuby Baby-Spielstation aus Holz, geeignet f\u00fcr Neugeborene. - Markt-XXL\" \/>\n<meta property=\"og:description\" content=\"Markt-XXL Nuby Baby-Spielstation aus Holz, geeignet f\u00fcr Neugeborene.\" \/>\n<meta property=\"og:url\" content=\"https:\/\/marktxxl.de\/markt\/produkt\/nuby-baby-spielstation-aus-holz-geeignet-fuer-neugeborene\/\" \/>\n<meta property=\"og:site_name\" content=\"Markt-XXL\" \/>\n<meta property=\"article:modified_time\" content=\"2023-04-10T01:18:49+00:00\" \/>\n<meta property=\"og:image\" content=\"https:\/\/m.media-amazon.com\/images\/I\/41v818LujJL._SL500_.jpg\" \/>\n\t<meta property=\"og:image:width\" content=\"500\" \/>\n\t<meta property=\"og:image:height\" content=\"479\" \/>\n\t<meta property=\"og:image:type\" content=\"image\/jpeg\" \/>\n<meta name=\"twitter:card\" content=\"summary_large_image\" \/>\n<meta name=\"twitter:label1\" content=\"Gesch\u00e4tzte Lesezeit\" \/>\n\t<meta name=\"twitter:data1\" content=\"1\u00a0Minute\" \/>\n<script type=\"application\/ld+json\" class=\"yoast-schema-graph\">{\"@context\":\"https:\\\/\\\/schema.org\",\"@graph\":[{\"@type\":\"WebPage\",\"@id\":\"https:\\\/\\\/marktxxl.de\\\/markt\\\/produkt\\\/nuby-baby-spielstation-aus-holz-geeignet-fuer-neugeborene\\\/\",\"url\":\"https:\\\/\\\/marktxxl.de\\\/markt\\\/produkt\\\/nuby-baby-spielstation-aus-holz-geeignet-fuer-neugeborene\\\/\",\"name\":\"Nuby Baby-Spielstation aus Holz, geeignet f\u00fcr Neugeborene. - Markt-XXL\",\"isPartOf\":{\"@id\":\"https:\\\/\\\/marktxxl.de\\\/markt\\\/#website\"},\"primaryImageOfPage\":{\"@id\":\"https:\\\/\\\/marktxxl.de\\\/markt\\\/produkt\\\/nuby-baby-spielstation-aus-holz-geeignet-fuer-neugeborene\\\/#primaryimage\"},\"image\":{\"@id\":\"https:\\\/\\\/marktxxl.de\\\/markt\\\/produkt\\\/nuby-baby-spielstation-aus-holz-geeignet-fuer-neugeborene\\\/#primaryimage\"},\"thumbnailUrl\":\"https:\\\/\\\/m.media-amazon.com\\\/images\\\/I\\\/41v818LujJL._SL500_.jpg\",\"datePublished\":\"2022-01-27T11:24:54+00:00\",\"dateModified\":\"2023-04-10T01:18:49+00:00\",\"description\":\"Markt-XXL Nuby Baby-Spielstation aus Holz, geeignet f\u00fcr Neugeborene.\",\"breadcrumb\":{\"@id\":\"https:\\\/\\\/marktxxl.de\\\/markt\\\/produkt\\\/nuby-baby-spielstation-aus-holz-geeignet-fuer-neugeborene\\\/#breadcrumb\"},\"inLanguage\":\"de\",\"potentialAction\":[{\"@type\":\"ReadAction\",\"target\":[\"https:\\\/\\\/marktxxl.de\\\/markt\\\/produkt\\\/nuby-baby-spielstation-aus-holz-geeignet-fuer-neugeborene\\\/\"]}]},{\"@type\":\"ImageObject\",\"inLanguage\":\"de\",\"@id\":\"https:\\\/\\\/marktxxl.de\\\/markt\\\/produkt\\\/nuby-baby-spielstation-aus-holz-geeignet-fuer-neugeborene\\\/#primaryimage\",\"url\":\"https:\\\/\\\/m.media-amazon.com\\\/images\\\/I\\\/41v818LujJL._SL500_.jpg\",\"contentUrl\":\"https:\\\/\\\/m.media-amazon.com\\\/images\\\/I\\\/41v818LujJL._SL500_.jpg\",\"width\":500,\"height\":479},{\"@type\":\"BreadcrumbList\",\"@id\":\"https:\\\/\\\/marktxxl.de\\\/markt\\\/produkt\\\/nuby-baby-spielstation-aus-holz-geeignet-fuer-neugeborene\\\/#breadcrumb\",\"itemListElement\":[{\"@type\":\"ListItem\",\"position\":1,\"name\":\"Startseite\",\"item\":\"https:\\\/\\\/marktxxl.de\\\/markt\\\/\"},{\"@type\":\"ListItem\",\"position\":2,\"name\":\"Markt\",\"item\":\"https:\\\/\\\/marktxxl.de\\\/markt\\\/\"},{\"@type\":\"ListItem\",\"position\":3,\"name\":\"Nuby Baby-Spielstation aus Holz, geeignet f\u00fcr Neugeborene.\"}]},{\"@type\":\"WebSite\",\"@id\":\"https:\\\/\\\/marktxxl.de\\\/markt\\\/#website\",\"url\":\"https:\\\/\\\/marktxxl.de\\\/markt\\\/\",\"name\":\"Markt-XXL\",\"description\":\"Ihr Markt Online\",\"publisher\":{\"@id\":\"https:\\\/\\\/marktxxl.de\\\/markt\\\/#organization\"},\"potentialAction\":[{\"@type\":\"SearchAction\",\"target\":{\"@type\":\"EntryPoint\",\"urlTemplate\":\"https:\\\/\\\/marktxxl.de\\\/markt\\\/?s={search_term_string}\"},\"query-input\":{\"@type\":\"PropertyValueSpecification\",\"valueRequired\":true,\"valueName\":\"search_term_string\"}}],\"inLanguage\":\"de\"},{\"@type\":\"Organization\",\"@id\":\"https:\\\/\\\/marktxxl.de\\\/markt\\\/#organization\",\"name\":\"Markt-XXL\",\"url\":\"https:\\\/\\\/marktxxl.de\\\/markt\\\/\",\"logo\":{\"@type\":\"ImageObject\",\"inLanguage\":\"de\",\"@id\":\"https:\\\/\\\/marktxxl.de\\\/markt\\\/#\\\/schema\\\/logo\\\/image\\\/\",\"url\":\"https:\\\/\\\/marktxxl.de\\\/markt\\\/wp-content\\\/uploads\\\/sites\\\/3\\\/2020\\\/12\\\/logo.png\",\"contentUrl\":\"https:\\\/\\\/marktxxl.de\\\/markt\\\/wp-content\\\/uploads\\\/sites\\\/3\\\/2020\\\/12\\\/logo.png\",\"width\":200,\"height\":70,\"caption\":\"Markt-XXL\"},\"image\":{\"@id\":\"https:\\\/\\\/marktxxl.de\\\/markt\\\/#\\\/schema\\\/logo\\\/image\\\/\"}}]}<\/script>\n<!-- \/ Yoast SEO plugin. -->","yoast_head_json":{"title":"Nuby Baby-Spielstation aus Holz, geeignet f\u00fcr Neugeborene. - Markt-XXL","description":"Markt-XXL Nuby Baby-Spielstation aus Holz, geeignet f\u00fcr Neugeborene.","robots":{"index":"index","follow":"follow","max-snippet":"max-snippet:-1","max-image-preview":"max-image-preview:large","max-video-preview":"max-video-preview:-1"},"canonical":"https:\/\/marktxxl.de\/markt\/produkt\/nuby-baby-spielstation-aus-holz-geeignet-fuer-neugeborene\/","og_locale":"de_DE","og_type":"article","og_title":"Nuby Baby-Spielstation aus Holz, geeignet f\u00fcr Neugeborene. - Markt-XXL","og_description":"Markt-XXL Nuby Baby-Spielstation aus Holz, geeignet f\u00fcr Neugeborene.","og_url":"https:\/\/marktxxl.de\/markt\/produkt\/nuby-baby-spielstation-aus-holz-geeignet-fuer-neugeborene\/","og_site_name":"Markt-XXL","article_modified_time":"2023-04-10T01:18:49+00:00","og_image":[{"width":500,"height":479,"url":"https:\/\/m.media-amazon.com\/images\/I\/41v818LujJL._SL500_.jpg","type":"image\/jpeg"}],"twitter_card":"summary_large_image","twitter_misc":{"Gesch\u00e4tzte Lesezeit":"1\u00a0Minute"},"schema":{"@context":"https:\/\/schema.org","@graph":[{"@type":"WebPage","@id":"https:\/\/marktxxl.de\/markt\/produkt\/nuby-baby-spielstation-aus-holz-geeignet-fuer-neugeborene\/","url":"https:\/\/marktxxl.de\/markt\/produkt\/nuby-baby-spielstation-aus-holz-geeignet-fuer-neugeborene\/","name":"Nuby Baby-Spielstation aus Holz, geeignet f\u00fcr Neugeborene. - Markt-XXL","isPartOf":{"@id":"https:\/\/marktxxl.de\/markt\/#website"},"primaryImageOfPage":{"@id":"https:\/\/marktxxl.de\/markt\/produkt\/nuby-baby-spielstation-aus-holz-geeignet-fuer-neugeborene\/#primaryimage"},"image":{"@id":"https:\/\/marktxxl.de\/markt\/produkt\/nuby-baby-spielstation-aus-holz-geeignet-fuer-neugeborene\/#primaryimage"},"thumbnailUrl":"https:\/\/m.media-amazon.com\/images\/I\/41v818LujJL._SL500_.jpg","datePublished":"2022-01-27T11:24:54+00:00","dateModified":"2023-04-10T01:18:49+00:00","description":"Markt-XXL Nuby Baby-Spielstation aus Holz, geeignet f\u00fcr Neugeborene.","breadcrumb":{"@id":"https:\/\/marktxxl.de\/markt\/produkt\/nuby-baby-spielstation-aus-holz-geeignet-fuer-neugeborene\/#breadcrumb"},"inLanguage":"de","potentialAction":[{"@type":"ReadAction","target":["https:\/\/marktxxl.de\/markt\/produkt\/nuby-baby-spielstation-aus-holz-geeignet-fuer-neugeborene\/"]}]},{"@type":"ImageObject","inLanguage":"de","@id":"https:\/\/marktxxl.de\/markt\/produkt\/nuby-baby-spielstation-aus-holz-geeignet-fuer-neugeborene\/#primaryimage","url":"https:\/\/m.media-amazon.com\/images\/I\/41v818LujJL._SL500_.jpg","contentUrl":"https:\/\/m.media-amazon.com\/images\/I\/41v818LujJL._SL500_.jpg","width":500,"height":479},{"@type":"BreadcrumbList","@id":"https:\/\/marktxxl.de\/markt\/produkt\/nuby-baby-spielstation-aus-holz-geeignet-fuer-neugeborene\/#breadcrumb","itemListElement":[{"@type":"ListItem","position":1,"name":"Startseite","item":"https:\/\/marktxxl.de\/markt\/"},{"@type":"ListItem","position":2,"name":"Markt","item":"https:\/\/marktxxl.de\/markt\/"},{"@type":"ListItem","position":3,"name":"Nuby Baby-Spielstation aus Holz, geeignet f\u00fcr Neugeborene."}]},{"@type":"WebSite","@id":"https:\/\/marktxxl.de\/markt\/#website","url":"https:\/\/marktxxl.de\/markt\/","name":"Markt-XXL","description":"Ihr Markt Online","publisher":{"@id":"https:\/\/marktxxl.de\/markt\/#organization"},"potentialAction":[{"@type":"SearchAction","target":{"@type":"EntryPoint","urlTemplate":"https:\/\/marktxxl.de\/markt\/?s={search_term_string}"},"query-input":{"@type":"PropertyValueSpecification","valueRequired":true,"valueName":"search_term_string"}}],"inLanguage":"de"},{"@type":"Organization","@id":"https:\/\/marktxxl.de\/markt\/#organization","name":"Markt-XXL","url":"https:\/\/marktxxl.de\/markt\/","logo":{"@type":"ImageObject","inLanguage":"de","@id":"https:\/\/marktxxl.de\/markt\/#\/schema\/logo\/image\/","url":"https:\/\/marktxxl.de\/markt\/wp-content\/uploads\/sites\/3\/2020\/12\/logo.png","contentUrl":"https:\/\/marktxxl.de\/markt\/wp-content\/uploads\/sites\/3\/2020\/12\/logo.png","width":200,"height":70,"caption":"Markt-XXL"},"image":{"@id":"https:\/\/marktxxl.de\/markt\/#\/schema\/logo\/image\/"}}]}},"_links":{"self":[{"href":"https:\/\/marktxxl.de\/markt\/wp-json\/wp\/v2\/product\/96101","targetHints":{"allow":["GET"]}}],"collection":[{"href":"https:\/\/marktxxl.de\/markt\/wp-json\/wp\/v2\/product"}],"about":[{"href":"https:\/\/marktxxl.de\/markt\/wp-json\/wp\/v2\/types\/product"}],"replies":[{"embeddable":true,"href":"https:\/\/marktxxl.de\/markt\/wp-json\/wp\/v2\/comments?post=96101"}],"wp:featuredmedia":[{"embeddable":true,"href":"https:\/\/marktxxl.de\/markt\/wp-json\/wp\/v2\/media\/96102"}],"wp:attachment":[{"href":"https:\/\/marktxxl.de\/markt\/wp-json\/wp\/v2\/media?parent=96101"}],"wp:term":[{"taxonomy":"product_brand","embeddable":true,"href":"https:\/\/marktxxl.de\/markt\/wp-json\/wp\/v2\/product_brand?post=96101"},{"taxonomy":"product_cat","embeddable":true,"href":"https:\/\/marktxxl.de\/markt\/wp-json\/wp\/v2\/product_cat?post=96101"},{"taxonomy":"product_tag","embeddable":true,"href":"https:\/\/marktxxl.de\/markt\/wp-json\/wp\/v2\/product_tag?post=96101"}],"curies":[{"name":"wp","href":"https:\/\/api.w.org\/{rel}","templated":true}]}}