{"id":95997,"date":"2022-01-27T12:19:28","date_gmt":"2022-01-27T11:19:28","guid":{"rendered":"https:\/\/marktxxl.de\/markt\/produkt\/playskool-form-fitter\/"},"modified":"2023-04-09T02:53:15","modified_gmt":"2023-04-09T00:53:15","slug":"playskool-form-fitter","status":"publish","type":"product","link":"https:\/\/marktxxl.de\/markt\/produkt\/playskool-form-fitter\/","title":{"rendered":"Playskool Form Fitter"},"content":{"rendered":"<p>Formsortierung mit einem L\u00e4chel: Look! Dieses Spielzeug freut sich so \u00fcber die F\u00e4higkeit Ihres kleinen Lieblings zum Sortieren von Formen und zum L\u00e4cheln. Durch die Identifizierung von bunten Formen aus Materialien, die f\u00fcr kleine H\u00e4nde leicht zu greifen sind, k\u00f6nnen Kinder zueinander sortieren, sch\u00fctteln und herauswerfen<br \/>\n\u00dcben Sie Feinmotormojo: Kinder werden es lieben, zu entdecken, dass jede der 9 Formen in der Playskool Form Fitter einem Ausschnitt im Cube entspricht. Au\u00dferdem werden sie ihre m\u00e4chtigen Feinmotorik \u00fcben<br \/>\nPassender Spa\u00df f\u00fcr Kinder ab 18 Monaten: Jede Seite der Form Fitter hat eine Textur, die zu den entsprechenden Formen passt, was Babys und Kleinkindern einen taktilen Queue zum formpassenden Erfolg verleiht<br \/>\nEinfache Lagerung: Die Aufbewahrung der 9 W\u00fcrfel macht die Aufr\u00e4umzeit zum Kinderspiel. Buchst\u00e4blich Eine Seite des W\u00fcrfels l\u00e4sst sich \u00f6ffnen und schlie\u00dft und bietet Platz f\u00fcr alle Formen<br \/>\n<div class=\"main-cross-sell\" data-asin=\"B007UHV1B8\">\n\n\t<div class=\"WooZone-cross-sell-loader\">\n\t\t<div>\n\t\t\t<div id=\"floatingBarsG\">\n\t\t\t\t<div class=\"blockG\" id=\"rotateG_01\"><\/div>\n\t\t\t\t<div class=\"blockG\" id=\"rotateG_02\"><\/div>\n\t\t\t\t<div class=\"blockG\" id=\"rotateG_03\"><\/div>\n\t\t\t\t<div class=\"blockG\" id=\"rotateG_04\"><\/div>\n\t\t\t\t<div class=\"blockG\" id=\"rotateG_05\"><\/div>\n\t\t\t\t<div class=\"blockG\" id=\"rotateG_06\"><\/div>\n\t\t\t\t<div class=\"blockG\" id=\"rotateG_07\"><\/div>\n\t\t\t\t<div class=\"blockG\" id=\"rotateG_08\"><\/div>\n\t\t\t<\/div>\n\t\t\t<div class=\"WooZone-cross-sell-loader-text\"><\/div>\n\t\t<\/div>\n\t<\/div>\n\n\t\t\n<\/div>\n<div style=\"clear:both;\"><\/div><\/p>\n","protected":false},"excerpt":{"rendered":"<p>Formsortierung mit einem L\u00e4chel: Look! Dieses Spielzeug freut sich so \u00fcber die F\u00e4higkeit Ihres kleinen Lieblings zum Sortieren von Formen und zum L\u00e4cheln. Durch die Identifizierung von bunten Formen aus Materialien, die f\u00fcr kleine H\u00e4nde leicht zu greifen sind, k\u00f6nnen Kinder zueinander sortieren, sch\u00fctteln und herauswerfen<br \/>\n\u00dcben Sie Feinmotormojo: Kinder werden es lieben, zu entdecken, dass jede der 9 Formen in der Playskool Form Fitter einem Ausschnitt im Cube entspricht. Au\u00dferdem werden sie ihre m\u00e4chtigen Feinmotorik \u00fcben<br \/>\nPassender Spa\u00df f\u00fcr Kinder ab 18 Monaten: Jede Seite der Form Fitter hat eine Textur, die zu den entsprechenden Formen passt, was Babys und Kleinkindern einen taktilen Queue zum formpassenden Erfolg verleiht<\/p>\n","protected":false},"featured_media":95998,"comment_status":"open","ping_status":"closed","template":"","meta":[],"product_brand":[],"product_cat":[21,9143],"product_tag":[],"class_list":{"0":"post-95997","1":"product","2":"type-product","3":"status-publish","4":"has-post-thumbnail","6":"product_cat-baby","7":"product_cat-entdecken-bewegen-baby","8":"pa_binding-spielzeug","9":"pa_brand-playskool","10":"pa_brand-thames-hudson","11":"pa_height-7-52-zoll","12":"pa_languages-unbekannt-englisch","13":"pa_length-5-63-zoll","14":"pa_manufacturer-hasbro","15":"pa_model-9184","16":"pa_weight-0-220462262-pfund","17":"pa_width-5-66-zoll","19":"first","20":"instock","21":"shipping-taxable","22":"purchasable","23":"product-type-simple","24":"customify-col","25":"product-has-gallery"},"yoast_head":"<!-- This site is optimized with the Yoast SEO plugin v27.3 - https:\/\/yoast.com\/product\/yoast-seo-wordpress\/ -->\n<title>Playskool Form Fitter - Markt-XXL<\/title>\n<meta name=\"description\" content=\"Markt-XXL Playskool Form Fitter\" \/>\n<meta name=\"robots\" content=\"index, follow, max-snippet:-1, max-image-preview:large, max-video-preview:-1\" \/>\n<link rel=\"canonical\" href=\"https:\/\/marktxxl.de\/markt\/produkt\/playskool-form-fitter\/\" \/>\n<meta property=\"og:locale\" content=\"de_DE\" \/>\n<meta property=\"og:type\" content=\"article\" \/>\n<meta property=\"og:title\" content=\"Playskool Form Fitter - Markt-XXL\" \/>\n<meta property=\"og:description\" content=\"Markt-XXL Playskool Form Fitter\" \/>\n<meta property=\"og:url\" content=\"https:\/\/marktxxl.de\/markt\/produkt\/playskool-form-fitter\/\" \/>\n<meta property=\"og:site_name\" content=\"Markt-XXL\" \/>\n<meta property=\"article:modified_time\" content=\"2023-04-09T00:53:15+00:00\" \/>\n<meta property=\"og:image\" content=\"https:\/\/m.media-amazon.com\/images\/I\/41FCD0Gwq5L._SL500_.jpg\" \/>\n\t<meta property=\"og:image:width\" content=\"500\" \/>\n\t<meta property=\"og:image:height\" content=\"500\" \/>\n\t<meta property=\"og:image:type\" content=\"image\/jpeg\" \/>\n<meta name=\"twitter:card\" content=\"summary_large_image\" \/>\n<meta name=\"twitter:label1\" content=\"Gesch\u00e4tzte Lesezeit\" \/>\n\t<meta name=\"twitter:data1\" content=\"1\u00a0Minute\" \/>\n<script type=\"application\/ld+json\" class=\"yoast-schema-graph\">{\"@context\":\"https:\\\/\\\/schema.org\",\"@graph\":[{\"@type\":\"WebPage\",\"@id\":\"https:\\\/\\\/marktxxl.de\\\/markt\\\/produkt\\\/playskool-form-fitter\\\/\",\"url\":\"https:\\\/\\\/marktxxl.de\\\/markt\\\/produkt\\\/playskool-form-fitter\\\/\",\"name\":\"Playskool Form Fitter - Markt-XXL\",\"isPartOf\":{\"@id\":\"https:\\\/\\\/marktxxl.de\\\/markt\\\/#website\"},\"primaryImageOfPage\":{\"@id\":\"https:\\\/\\\/marktxxl.de\\\/markt\\\/produkt\\\/playskool-form-fitter\\\/#primaryimage\"},\"image\":{\"@id\":\"https:\\\/\\\/marktxxl.de\\\/markt\\\/produkt\\\/playskool-form-fitter\\\/#primaryimage\"},\"thumbnailUrl\":\"https:\\\/\\\/m.media-amazon.com\\\/images\\\/I\\\/41FCD0Gwq5L._SL500_.jpg\",\"datePublished\":\"2022-01-27T11:19:28+00:00\",\"dateModified\":\"2023-04-09T00:53:15+00:00\",\"description\":\"Markt-XXL Playskool Form Fitter\",\"breadcrumb\":{\"@id\":\"https:\\\/\\\/marktxxl.de\\\/markt\\\/produkt\\\/playskool-form-fitter\\\/#breadcrumb\"},\"inLanguage\":\"de\",\"potentialAction\":[{\"@type\":\"ReadAction\",\"target\":[\"https:\\\/\\\/marktxxl.de\\\/markt\\\/produkt\\\/playskool-form-fitter\\\/\"]}]},{\"@type\":\"ImageObject\",\"inLanguage\":\"de\",\"@id\":\"https:\\\/\\\/marktxxl.de\\\/markt\\\/produkt\\\/playskool-form-fitter\\\/#primaryimage\",\"url\":\"https:\\\/\\\/m.media-amazon.com\\\/images\\\/I\\\/41FCD0Gwq5L._SL500_.jpg\",\"contentUrl\":\"https:\\\/\\\/m.media-amazon.com\\\/images\\\/I\\\/41FCD0Gwq5L._SL500_.jpg\",\"width\":500,\"height\":500},{\"@type\":\"BreadcrumbList\",\"@id\":\"https:\\\/\\\/marktxxl.de\\\/markt\\\/produkt\\\/playskool-form-fitter\\\/#breadcrumb\",\"itemListElement\":[{\"@type\":\"ListItem\",\"position\":1,\"name\":\"Startseite\",\"item\":\"https:\\\/\\\/marktxxl.de\\\/markt\\\/\"},{\"@type\":\"ListItem\",\"position\":2,\"name\":\"Markt\",\"item\":\"https:\\\/\\\/marktxxl.de\\\/markt\\\/\"},{\"@type\":\"ListItem\",\"position\":3,\"name\":\"Playskool Form Fitter\"}]},{\"@type\":\"WebSite\",\"@id\":\"https:\\\/\\\/marktxxl.de\\\/markt\\\/#website\",\"url\":\"https:\\\/\\\/marktxxl.de\\\/markt\\\/\",\"name\":\"Markt-XXL\",\"description\":\"Ihr Markt Online\",\"publisher\":{\"@id\":\"https:\\\/\\\/marktxxl.de\\\/markt\\\/#organization\"},\"potentialAction\":[{\"@type\":\"SearchAction\",\"target\":{\"@type\":\"EntryPoint\",\"urlTemplate\":\"https:\\\/\\\/marktxxl.de\\\/markt\\\/?s={search_term_string}\"},\"query-input\":{\"@type\":\"PropertyValueSpecification\",\"valueRequired\":true,\"valueName\":\"search_term_string\"}}],\"inLanguage\":\"de\"},{\"@type\":\"Organization\",\"@id\":\"https:\\\/\\\/marktxxl.de\\\/markt\\\/#organization\",\"name\":\"Markt-XXL\",\"url\":\"https:\\\/\\\/marktxxl.de\\\/markt\\\/\",\"logo\":{\"@type\":\"ImageObject\",\"inLanguage\":\"de\",\"@id\":\"https:\\\/\\\/marktxxl.de\\\/markt\\\/#\\\/schema\\\/logo\\\/image\\\/\",\"url\":\"https:\\\/\\\/marktxxl.de\\\/markt\\\/wp-content\\\/uploads\\\/sites\\\/3\\\/2020\\\/12\\\/logo.png\",\"contentUrl\":\"https:\\\/\\\/marktxxl.de\\\/markt\\\/wp-content\\\/uploads\\\/sites\\\/3\\\/2020\\\/12\\\/logo.png\",\"width\":200,\"height\":70,\"caption\":\"Markt-XXL\"},\"image\":{\"@id\":\"https:\\\/\\\/marktxxl.de\\\/markt\\\/#\\\/schema\\\/logo\\\/image\\\/\"}}]}<\/script>\n<!-- \/ Yoast SEO plugin. -->","yoast_head_json":{"title":"Playskool Form Fitter - Markt-XXL","description":"Markt-XXL Playskool Form Fitter","robots":{"index":"index","follow":"follow","max-snippet":"max-snippet:-1","max-image-preview":"max-image-preview:large","max-video-preview":"max-video-preview:-1"},"canonical":"https:\/\/marktxxl.de\/markt\/produkt\/playskool-form-fitter\/","og_locale":"de_DE","og_type":"article","og_title":"Playskool Form Fitter - Markt-XXL","og_description":"Markt-XXL Playskool Form Fitter","og_url":"https:\/\/marktxxl.de\/markt\/produkt\/playskool-form-fitter\/","og_site_name":"Markt-XXL","article_modified_time":"2023-04-09T00:53:15+00:00","og_image":[{"width":500,"height":500,"url":"https:\/\/m.media-amazon.com\/images\/I\/41FCD0Gwq5L._SL500_.jpg","type":"image\/jpeg"}],"twitter_card":"summary_large_image","twitter_misc":{"Gesch\u00e4tzte Lesezeit":"1\u00a0Minute"},"schema":{"@context":"https:\/\/schema.org","@graph":[{"@type":"WebPage","@id":"https:\/\/marktxxl.de\/markt\/produkt\/playskool-form-fitter\/","url":"https:\/\/marktxxl.de\/markt\/produkt\/playskool-form-fitter\/","name":"Playskool Form Fitter - Markt-XXL","isPartOf":{"@id":"https:\/\/marktxxl.de\/markt\/#website"},"primaryImageOfPage":{"@id":"https:\/\/marktxxl.de\/markt\/produkt\/playskool-form-fitter\/#primaryimage"},"image":{"@id":"https:\/\/marktxxl.de\/markt\/produkt\/playskool-form-fitter\/#primaryimage"},"thumbnailUrl":"https:\/\/m.media-amazon.com\/images\/I\/41FCD0Gwq5L._SL500_.jpg","datePublished":"2022-01-27T11:19:28+00:00","dateModified":"2023-04-09T00:53:15+00:00","description":"Markt-XXL Playskool Form Fitter","breadcrumb":{"@id":"https:\/\/marktxxl.de\/markt\/produkt\/playskool-form-fitter\/#breadcrumb"},"inLanguage":"de","potentialAction":[{"@type":"ReadAction","target":["https:\/\/marktxxl.de\/markt\/produkt\/playskool-form-fitter\/"]}]},{"@type":"ImageObject","inLanguage":"de","@id":"https:\/\/marktxxl.de\/markt\/produkt\/playskool-form-fitter\/#primaryimage","url":"https:\/\/m.media-amazon.com\/images\/I\/41FCD0Gwq5L._SL500_.jpg","contentUrl":"https:\/\/m.media-amazon.com\/images\/I\/41FCD0Gwq5L._SL500_.jpg","width":500,"height":500},{"@type":"BreadcrumbList","@id":"https:\/\/marktxxl.de\/markt\/produkt\/playskool-form-fitter\/#breadcrumb","itemListElement":[{"@type":"ListItem","position":1,"name":"Startseite","item":"https:\/\/marktxxl.de\/markt\/"},{"@type":"ListItem","position":2,"name":"Markt","item":"https:\/\/marktxxl.de\/markt\/"},{"@type":"ListItem","position":3,"name":"Playskool Form Fitter"}]},{"@type":"WebSite","@id":"https:\/\/marktxxl.de\/markt\/#website","url":"https:\/\/marktxxl.de\/markt\/","name":"Markt-XXL","description":"Ihr Markt Online","publisher":{"@id":"https:\/\/marktxxl.de\/markt\/#organization"},"potentialAction":[{"@type":"SearchAction","target":{"@type":"EntryPoint","urlTemplate":"https:\/\/marktxxl.de\/markt\/?s={search_term_string}"},"query-input":{"@type":"PropertyValueSpecification","valueRequired":true,"valueName":"search_term_string"}}],"inLanguage":"de"},{"@type":"Organization","@id":"https:\/\/marktxxl.de\/markt\/#organization","name":"Markt-XXL","url":"https:\/\/marktxxl.de\/markt\/","logo":{"@type":"ImageObject","inLanguage":"de","@id":"https:\/\/marktxxl.de\/markt\/#\/schema\/logo\/image\/","url":"https:\/\/marktxxl.de\/markt\/wp-content\/uploads\/sites\/3\/2020\/12\/logo.png","contentUrl":"https:\/\/marktxxl.de\/markt\/wp-content\/uploads\/sites\/3\/2020\/12\/logo.png","width":200,"height":70,"caption":"Markt-XXL"},"image":{"@id":"https:\/\/marktxxl.de\/markt\/#\/schema\/logo\/image\/"}}]}},"_links":{"self":[{"href":"https:\/\/marktxxl.de\/markt\/wp-json\/wp\/v2\/product\/95997","targetHints":{"allow":["GET"]}}],"collection":[{"href":"https:\/\/marktxxl.de\/markt\/wp-json\/wp\/v2\/product"}],"about":[{"href":"https:\/\/marktxxl.de\/markt\/wp-json\/wp\/v2\/types\/product"}],"replies":[{"embeddable":true,"href":"https:\/\/marktxxl.de\/markt\/wp-json\/wp\/v2\/comments?post=95997"}],"wp:featuredmedia":[{"embeddable":true,"href":"https:\/\/marktxxl.de\/markt\/wp-json\/wp\/v2\/media\/95998"}],"wp:attachment":[{"href":"https:\/\/marktxxl.de\/markt\/wp-json\/wp\/v2\/media?parent=95997"}],"wp:term":[{"taxonomy":"product_brand","embeddable":true,"href":"https:\/\/marktxxl.de\/markt\/wp-json\/wp\/v2\/product_brand?post=95997"},{"taxonomy":"product_cat","embeddable":true,"href":"https:\/\/marktxxl.de\/markt\/wp-json\/wp\/v2\/product_cat?post=95997"},{"taxonomy":"product_tag","embeddable":true,"href":"https:\/\/marktxxl.de\/markt\/wp-json\/wp\/v2\/product_tag?post=95997"}],"curies":[{"name":"wp","href":"https:\/\/api.w.org\/{rel}","templated":true}]}}