{"id":95982,"date":"2022-01-27T12:19:17","date_gmt":"2022-01-27T11:19:17","guid":{"rendered":"https:\/\/marktxxl.de\/markt\/produkt\/kinderkraft-spielmatte-matty-erlebnismatte-krabbelmatte-aus-schaumstoff-zweiseitig-einfaches-reinigen-fuer-kinder-von-geburt\/"},"modified":"2023-04-09T02:53:15","modified_gmt":"2023-04-09T00:53:15","slug":"kinderkraft-spielmatte-matty-erlebnismatte-krabbelmatte-aus-schaumstoff-zweiseitig-einfaches-reinigen-fuer-kinder-von-geburt","status":"publish","type":"product","link":"https:\/\/marktxxl.de\/markt\/produkt\/kinderkraft-spielmatte-matty-erlebnismatte-krabbelmatte-aus-schaumstoff-zweiseitig-einfaches-reinigen-fuer-kinder-von-geburt\/","title":{"rendered":"Kinderkraft Spielmatte MATTY, Erlebnismatte, Krabbelmatte, aus Schaumstoff, Zweiseitig, Einfaches Reinigen, f\u00fcr Kinder\u2026"},"content":{"rendered":"<p>\u2705Funktionalit\u00e4t: die Matte ist f\u00fcr Kinder ab den ersten Lebenstagen geeignet. Sie ist zweiseitig. Sie kann als Picknickdecke und Lernmatte zum Wenden, Krabbeln, f\u00fcr die ersten Schritte und zum Spielen dienen und ist ideal zum Ausruhen<br \/>\n\u2705Isolation: MATTY hat eine Dicke von 1,2 cm, so dass sie gut vor kalten B\u00f6den isoliert. Das Kind kann deshalb auch im Winter darauf liegen und spielen, wenn die Fliesen kalt sind<br \/>\n\u2705Komfort: MATTY ist dick, so dass sie dadurch bequem und weich ist. Zudem ist sie einfach zu reinigen \u2013 es reicht einfach \u00fcber die Matte mit einem feuchten Tuch zu wischen. Sie ist gro\u00df und bietet dem Spr\u00f6ssling viel Platz zum Spielen<br \/>\n\u2705Sicherheit: PVC free, non toxic. Die Matte ist zu 100 % sicher f\u00fcr das Kind. Zudem ist sie auf der Seite, das ein geometrisches Muster hat, mit einer rutschfesten Schicht \u00fcberzogen, die das Verrutschen der Matte verhindert<br \/>\n\u2705Materialien: die TPU-Beschichtung sorgt daf\u00fcr, dass die Matte gegen Verformungen best\u00e4ndig ist. Das Kind kann auf ihr laufen und springen ohne dabei die Oberfl\u00e4che zu besch\u00e4digen<br \/>\n<div class=\"main-cross-sell\" data-asin=\"B08KHYDGL3\">\n\n\t<div class=\"WooZone-cross-sell-loader\">\n\t\t<div>\n\t\t\t<div id=\"floatingBarsG\">\n\t\t\t\t<div class=\"blockG\" id=\"rotateG_01\"><\/div>\n\t\t\t\t<div class=\"blockG\" id=\"rotateG_02\"><\/div>\n\t\t\t\t<div class=\"blockG\" id=\"rotateG_03\"><\/div>\n\t\t\t\t<div class=\"blockG\" id=\"rotateG_04\"><\/div>\n\t\t\t\t<div class=\"blockG\" id=\"rotateG_05\"><\/div>\n\t\t\t\t<div class=\"blockG\" id=\"rotateG_06\"><\/div>\n\t\t\t\t<div class=\"blockG\" id=\"rotateG_07\"><\/div>\n\t\t\t\t<div class=\"blockG\" id=\"rotateG_08\"><\/div>\n\t\t\t<\/div>\n\t\t\t<div class=\"WooZone-cross-sell-loader-text\"><\/div>\n\t\t<\/div>\n\t<\/div>\n\n\t\t\n<\/div>\n<div style=\"clear:both;\"><\/div><\/p>\n","protected":false},"excerpt":{"rendered":"<p>\u2705Funktionalit\u00e4t: die Matte ist f\u00fcr Kinder ab den ersten Lebenstagen geeignet. Sie ist zweiseitig. Sie kann als Picknickdecke und Lernmatte zum Wenden, Krabbeln, f\u00fcr die ersten Schritte und zum Spielen dienen und ist ideal zum Ausruhen<br \/>\n\u2705Isolation: MATTY hat eine Dicke von 1,2 cm, so dass sie gut vor kalten B\u00f6den isoliert. Das Kind kann deshalb auch im Winter darauf liegen und spielen, wenn die Fliesen kalt sind<br \/>\n\u2705Komfort: MATTY ist dick, so dass sie dadurch bequem und weich ist. Zudem ist sie einfach zu reinigen \u2013 es reicht einfach \u00fcber die Matte mit einem feuchten Tuch zu wischen. Sie ist gro\u00df und bietet dem Spr\u00f6ssling viel Platz zum Spielen<\/p>\n","protected":false},"featured_media":95983,"comment_status":"open","ping_status":"closed","template":"","meta":[],"product_brand":[],"product_cat":[21,9143],"product_tag":[],"class_list":{"0":"post-95982","1":"product","2":"type-product","3":"status-publish","4":"has-post-thumbnail","6":"product_cat-baby","7":"product_cat-entdecken-bewegen-baby","8":"pa_binding-babyartikel","9":"pa_brand-kk-kinderkraft","10":"pa_color-matty","11":"pa_height-0-4724409444-zoll","12":"pa_length-70-86614166-zoll","13":"pa_manufacturer-4kraft","14":"pa_model-kkmmatt0000000","15":"pa_size-1-stueck-1er-pack","16":"pa_warranty-two-year-warranty-from-date-of-purchase","17":"pa_weight-2-2928075248-pfund","18":"pa_width-59-05511805-zoll","20":"first","21":"instock","22":"shipping-taxable","23":"purchasable","24":"product-type-simple","25":"customify-col","26":"product-has-gallery"},"yoast_head":"<!-- This site is optimized with the Yoast SEO plugin v27.4 - https:\/\/yoast.com\/product\/yoast-seo-wordpress\/ -->\n<title>Kinderkraft Spielmatte MATTY, Erlebnismatte, Krabbelmatte, aus Schaumstoff, Zweiseitig, Einfaches Reinigen, f\u00fcr Kinder\u2026 - Markt-XXL<\/title>\n<meta name=\"description\" content=\"Markt-XXL Kinderkraft Spielmatte MATTY, Erlebnismatte, Krabbelmatte, aus Schaumstoff, Zweiseitig, Einfaches Reinigen, f\u00fcr Kinder\u2026\" \/>\n<meta name=\"robots\" content=\"index, follow, max-snippet:-1, max-image-preview:large, max-video-preview:-1\" \/>\n<link rel=\"canonical\" href=\"https:\/\/marktxxl.de\/markt\/produkt\/kinderkraft-spielmatte-matty-erlebnismatte-krabbelmatte-aus-schaumstoff-zweiseitig-einfaches-reinigen-fuer-kinder-von-geburt\/\" \/>\n<meta property=\"og:locale\" content=\"de_DE\" \/>\n<meta property=\"og:type\" content=\"article\" \/>\n<meta property=\"og:title\" content=\"Kinderkraft Spielmatte MATTY, Erlebnismatte, Krabbelmatte, aus Schaumstoff, Zweiseitig, Einfaches Reinigen, f\u00fcr Kinder\u2026 - Markt-XXL\" \/>\n<meta property=\"og:description\" content=\"Markt-XXL Kinderkraft Spielmatte MATTY, Erlebnismatte, Krabbelmatte, aus Schaumstoff, Zweiseitig, Einfaches Reinigen, f\u00fcr Kinder\u2026\" \/>\n<meta property=\"og:url\" content=\"https:\/\/marktxxl.de\/markt\/produkt\/kinderkraft-spielmatte-matty-erlebnismatte-krabbelmatte-aus-schaumstoff-zweiseitig-einfaches-reinigen-fuer-kinder-von-geburt\/\" \/>\n<meta property=\"og:site_name\" content=\"Markt-XXL\" \/>\n<meta property=\"article:modified_time\" content=\"2023-04-09T00:53:15+00:00\" \/>\n<meta property=\"og:image\" content=\"https:\/\/m.media-amazon.com\/images\/I\/51HV2gdbP+S._SL500_.jpg\" \/>\n\t<meta property=\"og:image:width\" content=\"500\" \/>\n\t<meta property=\"og:image:height\" content=\"500\" \/>\n\t<meta property=\"og:image:type\" content=\"image\/jpeg\" \/>\n<meta name=\"twitter:card\" content=\"summary_large_image\" \/>\n<meta name=\"twitter:label1\" content=\"Gesch\u00e4tzte Lesezeit\" \/>\n\t<meta name=\"twitter:data1\" content=\"1\u00a0Minute\" \/>\n<script type=\"application\/ld+json\" class=\"yoast-schema-graph\">{\"@context\":\"https:\\\/\\\/schema.org\",\"@graph\":[{\"@type\":\"WebPage\",\"@id\":\"https:\\\/\\\/marktxxl.de\\\/markt\\\/produkt\\\/kinderkraft-spielmatte-matty-erlebnismatte-krabbelmatte-aus-schaumstoff-zweiseitig-einfaches-reinigen-fuer-kinder-von-geburt\\\/\",\"url\":\"https:\\\/\\\/marktxxl.de\\\/markt\\\/produkt\\\/kinderkraft-spielmatte-matty-erlebnismatte-krabbelmatte-aus-schaumstoff-zweiseitig-einfaches-reinigen-fuer-kinder-von-geburt\\\/\",\"name\":\"Kinderkraft Spielmatte MATTY, Erlebnismatte, Krabbelmatte, aus Schaumstoff, Zweiseitig, Einfaches Reinigen, f\u00fcr Kinder\u2026 - Markt-XXL\",\"isPartOf\":{\"@id\":\"https:\\\/\\\/marktxxl.de\\\/markt\\\/#website\"},\"primaryImageOfPage\":{\"@id\":\"https:\\\/\\\/marktxxl.de\\\/markt\\\/produkt\\\/kinderkraft-spielmatte-matty-erlebnismatte-krabbelmatte-aus-schaumstoff-zweiseitig-einfaches-reinigen-fuer-kinder-von-geburt\\\/#primaryimage\"},\"image\":{\"@id\":\"https:\\\/\\\/marktxxl.de\\\/markt\\\/produkt\\\/kinderkraft-spielmatte-matty-erlebnismatte-krabbelmatte-aus-schaumstoff-zweiseitig-einfaches-reinigen-fuer-kinder-von-geburt\\\/#primaryimage\"},\"thumbnailUrl\":\"https:\\\/\\\/m.media-amazon.com\\\/images\\\/I\\\/51HV2gdbP+S._SL500_.jpg\",\"datePublished\":\"2022-01-27T11:19:17+00:00\",\"dateModified\":\"2023-04-09T00:53:15+00:00\",\"description\":\"Markt-XXL Kinderkraft Spielmatte MATTY, Erlebnismatte, Krabbelmatte, aus Schaumstoff, Zweiseitig, Einfaches Reinigen, f\u00fcr Kinder\u2026\",\"breadcrumb\":{\"@id\":\"https:\\\/\\\/marktxxl.de\\\/markt\\\/produkt\\\/kinderkraft-spielmatte-matty-erlebnismatte-krabbelmatte-aus-schaumstoff-zweiseitig-einfaches-reinigen-fuer-kinder-von-geburt\\\/#breadcrumb\"},\"inLanguage\":\"de\",\"potentialAction\":[{\"@type\":\"ReadAction\",\"target\":[\"https:\\\/\\\/marktxxl.de\\\/markt\\\/produkt\\\/kinderkraft-spielmatte-matty-erlebnismatte-krabbelmatte-aus-schaumstoff-zweiseitig-einfaches-reinigen-fuer-kinder-von-geburt\\\/\"]}]},{\"@type\":\"ImageObject\",\"inLanguage\":\"de\",\"@id\":\"https:\\\/\\\/marktxxl.de\\\/markt\\\/produkt\\\/kinderkraft-spielmatte-matty-erlebnismatte-krabbelmatte-aus-schaumstoff-zweiseitig-einfaches-reinigen-fuer-kinder-von-geburt\\\/#primaryimage\",\"url\":\"https:\\\/\\\/m.media-amazon.com\\\/images\\\/I\\\/51HV2gdbP+S._SL500_.jpg\",\"contentUrl\":\"https:\\\/\\\/m.media-amazon.com\\\/images\\\/I\\\/51HV2gdbP+S._SL500_.jpg\",\"width\":500,\"height\":500},{\"@type\":\"BreadcrumbList\",\"@id\":\"https:\\\/\\\/marktxxl.de\\\/markt\\\/produkt\\\/kinderkraft-spielmatte-matty-erlebnismatte-krabbelmatte-aus-schaumstoff-zweiseitig-einfaches-reinigen-fuer-kinder-von-geburt\\\/#breadcrumb\",\"itemListElement\":[{\"@type\":\"ListItem\",\"position\":1,\"name\":\"Startseite\",\"item\":\"https:\\\/\\\/marktxxl.de\\\/markt\\\/\"},{\"@type\":\"ListItem\",\"position\":2,\"name\":\"Markt\",\"item\":\"https:\\\/\\\/marktxxl.de\\\/markt\\\/\"},{\"@type\":\"ListItem\",\"position\":3,\"name\":\"Kinderkraft Spielmatte MATTY, Erlebnismatte, Krabbelmatte, aus Schaumstoff, Zweiseitig, Einfaches Reinigen, f\u00fcr Kinder\u2026\"}]},{\"@type\":\"WebSite\",\"@id\":\"https:\\\/\\\/marktxxl.de\\\/markt\\\/#website\",\"url\":\"https:\\\/\\\/marktxxl.de\\\/markt\\\/\",\"name\":\"Markt-XXL\",\"description\":\"Ihr Markt Online\",\"publisher\":{\"@id\":\"https:\\\/\\\/marktxxl.de\\\/markt\\\/#organization\"},\"potentialAction\":[{\"@type\":\"SearchAction\",\"target\":{\"@type\":\"EntryPoint\",\"urlTemplate\":\"https:\\\/\\\/marktxxl.de\\\/markt\\\/?s={search_term_string}\"},\"query-input\":{\"@type\":\"PropertyValueSpecification\",\"valueRequired\":true,\"valueName\":\"search_term_string\"}}],\"inLanguage\":\"de\"},{\"@type\":\"Organization\",\"@id\":\"https:\\\/\\\/marktxxl.de\\\/markt\\\/#organization\",\"name\":\"Markt-XXL\",\"url\":\"https:\\\/\\\/marktxxl.de\\\/markt\\\/\",\"logo\":{\"@type\":\"ImageObject\",\"inLanguage\":\"de\",\"@id\":\"https:\\\/\\\/marktxxl.de\\\/markt\\\/#\\\/schema\\\/logo\\\/image\\\/\",\"url\":\"https:\\\/\\\/marktxxl.de\\\/markt\\\/wp-content\\\/uploads\\\/sites\\\/3\\\/2020\\\/12\\\/logo.png\",\"contentUrl\":\"https:\\\/\\\/marktxxl.de\\\/markt\\\/wp-content\\\/uploads\\\/sites\\\/3\\\/2020\\\/12\\\/logo.png\",\"width\":200,\"height\":70,\"caption\":\"Markt-XXL\"},\"image\":{\"@id\":\"https:\\\/\\\/marktxxl.de\\\/markt\\\/#\\\/schema\\\/logo\\\/image\\\/\"}}]}<\/script>\n<!-- \/ Yoast SEO plugin. -->","yoast_head_json":{"title":"Kinderkraft Spielmatte MATTY, Erlebnismatte, Krabbelmatte, aus Schaumstoff, Zweiseitig, Einfaches Reinigen, f\u00fcr Kinder\u2026 - Markt-XXL","description":"Markt-XXL Kinderkraft Spielmatte MATTY, Erlebnismatte, Krabbelmatte, aus Schaumstoff, Zweiseitig, Einfaches Reinigen, f\u00fcr Kinder\u2026","robots":{"index":"index","follow":"follow","max-snippet":"max-snippet:-1","max-image-preview":"max-image-preview:large","max-video-preview":"max-video-preview:-1"},"canonical":"https:\/\/marktxxl.de\/markt\/produkt\/kinderkraft-spielmatte-matty-erlebnismatte-krabbelmatte-aus-schaumstoff-zweiseitig-einfaches-reinigen-fuer-kinder-von-geburt\/","og_locale":"de_DE","og_type":"article","og_title":"Kinderkraft Spielmatte MATTY, Erlebnismatte, Krabbelmatte, aus Schaumstoff, Zweiseitig, Einfaches Reinigen, f\u00fcr Kinder\u2026 - Markt-XXL","og_description":"Markt-XXL Kinderkraft Spielmatte MATTY, Erlebnismatte, Krabbelmatte, aus Schaumstoff, Zweiseitig, Einfaches Reinigen, f\u00fcr Kinder\u2026","og_url":"https:\/\/marktxxl.de\/markt\/produkt\/kinderkraft-spielmatte-matty-erlebnismatte-krabbelmatte-aus-schaumstoff-zweiseitig-einfaches-reinigen-fuer-kinder-von-geburt\/","og_site_name":"Markt-XXL","article_modified_time":"2023-04-09T00:53:15+00:00","og_image":[{"width":500,"height":500,"url":"https:\/\/m.media-amazon.com\/images\/I\/51HV2gdbP+S._SL500_.jpg","type":"image\/jpeg"}],"twitter_card":"summary_large_image","twitter_misc":{"Gesch\u00e4tzte Lesezeit":"1\u00a0Minute"},"schema":{"@context":"https:\/\/schema.org","@graph":[{"@type":"WebPage","@id":"https:\/\/marktxxl.de\/markt\/produkt\/kinderkraft-spielmatte-matty-erlebnismatte-krabbelmatte-aus-schaumstoff-zweiseitig-einfaches-reinigen-fuer-kinder-von-geburt\/","url":"https:\/\/marktxxl.de\/markt\/produkt\/kinderkraft-spielmatte-matty-erlebnismatte-krabbelmatte-aus-schaumstoff-zweiseitig-einfaches-reinigen-fuer-kinder-von-geburt\/","name":"Kinderkraft Spielmatte MATTY, Erlebnismatte, Krabbelmatte, aus Schaumstoff, Zweiseitig, Einfaches Reinigen, f\u00fcr Kinder\u2026 - Markt-XXL","isPartOf":{"@id":"https:\/\/marktxxl.de\/markt\/#website"},"primaryImageOfPage":{"@id":"https:\/\/marktxxl.de\/markt\/produkt\/kinderkraft-spielmatte-matty-erlebnismatte-krabbelmatte-aus-schaumstoff-zweiseitig-einfaches-reinigen-fuer-kinder-von-geburt\/#primaryimage"},"image":{"@id":"https:\/\/marktxxl.de\/markt\/produkt\/kinderkraft-spielmatte-matty-erlebnismatte-krabbelmatte-aus-schaumstoff-zweiseitig-einfaches-reinigen-fuer-kinder-von-geburt\/#primaryimage"},"thumbnailUrl":"https:\/\/m.media-amazon.com\/images\/I\/51HV2gdbP+S._SL500_.jpg","datePublished":"2022-01-27T11:19:17+00:00","dateModified":"2023-04-09T00:53:15+00:00","description":"Markt-XXL Kinderkraft Spielmatte MATTY, Erlebnismatte, Krabbelmatte, aus Schaumstoff, Zweiseitig, Einfaches Reinigen, f\u00fcr Kinder\u2026","breadcrumb":{"@id":"https:\/\/marktxxl.de\/markt\/produkt\/kinderkraft-spielmatte-matty-erlebnismatte-krabbelmatte-aus-schaumstoff-zweiseitig-einfaches-reinigen-fuer-kinder-von-geburt\/#breadcrumb"},"inLanguage":"de","potentialAction":[{"@type":"ReadAction","target":["https:\/\/marktxxl.de\/markt\/produkt\/kinderkraft-spielmatte-matty-erlebnismatte-krabbelmatte-aus-schaumstoff-zweiseitig-einfaches-reinigen-fuer-kinder-von-geburt\/"]}]},{"@type":"ImageObject","inLanguage":"de","@id":"https:\/\/marktxxl.de\/markt\/produkt\/kinderkraft-spielmatte-matty-erlebnismatte-krabbelmatte-aus-schaumstoff-zweiseitig-einfaches-reinigen-fuer-kinder-von-geburt\/#primaryimage","url":"https:\/\/m.media-amazon.com\/images\/I\/51HV2gdbP+S._SL500_.jpg","contentUrl":"https:\/\/m.media-amazon.com\/images\/I\/51HV2gdbP+S._SL500_.jpg","width":500,"height":500},{"@type":"BreadcrumbList","@id":"https:\/\/marktxxl.de\/markt\/produkt\/kinderkraft-spielmatte-matty-erlebnismatte-krabbelmatte-aus-schaumstoff-zweiseitig-einfaches-reinigen-fuer-kinder-von-geburt\/#breadcrumb","itemListElement":[{"@type":"ListItem","position":1,"name":"Startseite","item":"https:\/\/marktxxl.de\/markt\/"},{"@type":"ListItem","position":2,"name":"Markt","item":"https:\/\/marktxxl.de\/markt\/"},{"@type":"ListItem","position":3,"name":"Kinderkraft Spielmatte MATTY, Erlebnismatte, Krabbelmatte, aus Schaumstoff, Zweiseitig, Einfaches Reinigen, f\u00fcr Kinder\u2026"}]},{"@type":"WebSite","@id":"https:\/\/marktxxl.de\/markt\/#website","url":"https:\/\/marktxxl.de\/markt\/","name":"Markt-XXL","description":"Ihr Markt Online","publisher":{"@id":"https:\/\/marktxxl.de\/markt\/#organization"},"potentialAction":[{"@type":"SearchAction","target":{"@type":"EntryPoint","urlTemplate":"https:\/\/marktxxl.de\/markt\/?s={search_term_string}"},"query-input":{"@type":"PropertyValueSpecification","valueRequired":true,"valueName":"search_term_string"}}],"inLanguage":"de"},{"@type":"Organization","@id":"https:\/\/marktxxl.de\/markt\/#organization","name":"Markt-XXL","url":"https:\/\/marktxxl.de\/markt\/","logo":{"@type":"ImageObject","inLanguage":"de","@id":"https:\/\/marktxxl.de\/markt\/#\/schema\/logo\/image\/","url":"https:\/\/marktxxl.de\/markt\/wp-content\/uploads\/sites\/3\/2020\/12\/logo.png","contentUrl":"https:\/\/marktxxl.de\/markt\/wp-content\/uploads\/sites\/3\/2020\/12\/logo.png","width":200,"height":70,"caption":"Markt-XXL"},"image":{"@id":"https:\/\/marktxxl.de\/markt\/#\/schema\/logo\/image\/"}}]}},"_links":{"self":[{"href":"https:\/\/marktxxl.de\/markt\/wp-json\/wp\/v2\/product\/95982","targetHints":{"allow":["GET"]}}],"collection":[{"href":"https:\/\/marktxxl.de\/markt\/wp-json\/wp\/v2\/product"}],"about":[{"href":"https:\/\/marktxxl.de\/markt\/wp-json\/wp\/v2\/types\/product"}],"replies":[{"embeddable":true,"href":"https:\/\/marktxxl.de\/markt\/wp-json\/wp\/v2\/comments?post=95982"}],"wp:featuredmedia":[{"embeddable":true,"href":"https:\/\/marktxxl.de\/markt\/wp-json\/wp\/v2\/media\/95983"}],"wp:attachment":[{"href":"https:\/\/marktxxl.de\/markt\/wp-json\/wp\/v2\/media?parent=95982"}],"wp:term":[{"taxonomy":"product_brand","embeddable":true,"href":"https:\/\/marktxxl.de\/markt\/wp-json\/wp\/v2\/product_brand?post=95982"},{"taxonomy":"product_cat","embeddable":true,"href":"https:\/\/marktxxl.de\/markt\/wp-json\/wp\/v2\/product_cat?post=95982"},{"taxonomy":"product_tag","embeddable":true,"href":"https:\/\/marktxxl.de\/markt\/wp-json\/wp\/v2\/product_tag?post=95982"}],"curies":[{"name":"wp","href":"https:\/\/api.w.org\/{rel}","templated":true}]}}