{"id":95531,"date":"2022-01-01T17:39:23","date_gmt":"2022-01-01T16:39:23","guid":{"rendered":"https:\/\/marktxxl.de\/markt\/produkt\/orion-erotischer-adventskalender-2021-fuer-paare-exklusiv-edition-wert-500e-frauen-maenner-sex-advent-kalender-erwachsene-paerchen-erotik\/"},"modified":"2023-04-09T02:53:08","modified_gmt":"2023-04-09T00:53:08","slug":"orion-erotischer-adventskalender-2021-fuer-paare-exklusiv-edition-wert-500e-frauen-maenner-sex-advent-kalender-erwachsene-paerchen-erotik","status":"publish","type":"product","link":"https:\/\/marktxxl.de\/markt\/produkt\/orion-erotischer-adventskalender-2021-fuer-paare-exklusiv-edition-wert-500e-frauen-maenner-sex-advent-kalender-erwachsene-paerchen-erotik\/","title":{"rendered":"ORION Erotischer Adventskalender f\u00fcr Paare -EXKLUSIV EDITION- Wert 500\u20ac, Frauen &amp; M\u00e4nner Sex Advent Kalender, Erwachsene\u2026"},"content":{"rendered":"<p>\u2705 HOCHWERTIG &#8211; ORION Adventskalender f\u00fcr Paare, Frauen und M\u00e4nner Version von 2021. Hinter 24 Boxen verstecken sich edle \u00dcberraschungen. Das einzigartige Geschenk und \u00dcberraschung f\u00fcr den Partner oder die Partnerin zur Weihnachtszeit. Mit hochwertigen und luxuri\u00f6sen Accessoires f\u00fcr das Liebesleben<br \/>\n\u2705 \u00dcBERRASCHEN LASSEN &#8211; Vibrierende, erotische, fesselnde und \u00fcberraschende Geschenke sowie Accessoires f\u00fcr Sie und Ihn. Warenwert: 500 EUR. Inkl. Filabe Reinigungst\u00fccher 7er Pack im Wert von 9,95 \u20ac<br \/>\n\u2705 NICHT NUR INNEN HUI &#8211; Auch optisch \u00fcberzeugt der Kalender, das gro\u00dfe Kastenforamt zum hinstellen ist ein Eyecatcher in jeder Wohnung. Statt T\u00fcrchen erwarten Sie 24 Kartonboxen in verschiedenen Gr\u00f6\u00dfen<br \/>\n\u2705 SPOILER &#8211; Alle in die diesem Adventskalender befindlichen Erotiktoys finden Sie in den Produktfotos, bitte nur anschauen wenn Sie den Adventskalender verschenken m\u00f6chten. Weitere Adventskalender finden Sie in unserem Amazon Shop, klicken Sie auf dieser Produktseite auf unseren Shop Namen &#8220;weg-ist-weg&#8221; um dorthin zu gelangen (Funktioniert nicht \u00fcber die Amazon APP)<br \/>\n\u2705 LIMITIERT &#8211; Sichern Sie sich rechtzeitig den Kalender, das Kontingent ist streng limitiert. Der Adventskalender wird in einer schlichten und diskreten Verpackung geliefert, der den Inhalt des Paketes nicht zeigt, ideal zum verschenken. Ein wesentlicher Vorteil zu anderen Angeboten auf Amazon, bei denen auf Produktwerbung auf dem Versandkarton nicht verzichtet wird<br \/>\n<div class=\"main-cross-sell\" data-asin=\"B09HS43WSP\">\n\n\t<div class=\"WooZone-cross-sell-loader\">\n\t\t<div>\n\t\t\t<div id=\"floatingBarsG\">\n\t\t\t\t<div class=\"blockG\" id=\"rotateG_01\"><\/div>\n\t\t\t\t<div class=\"blockG\" id=\"rotateG_02\"><\/div>\n\t\t\t\t<div class=\"blockG\" id=\"rotateG_03\"><\/div>\n\t\t\t\t<div class=\"blockG\" id=\"rotateG_04\"><\/div>\n\t\t\t\t<div class=\"blockG\" id=\"rotateG_05\"><\/div>\n\t\t\t\t<div class=\"blockG\" id=\"rotateG_06\"><\/div>\n\t\t\t\t<div class=\"blockG\" id=\"rotateG_07\"><\/div>\n\t\t\t\t<div class=\"blockG\" id=\"rotateG_08\"><\/div>\n\t\t\t<\/div>\n\t\t\t<div class=\"WooZone-cross-sell-loader-text\"><\/div>\n\t\t<\/div>\n\t<\/div>\n\n\t\t\n<\/div>\n<div style=\"clear:both;\"><\/div><\/p>\n","protected":false},"excerpt":{"rendered":"<p>\u2705 HOCHWERTIG &#8211; ORION Adventskalender f\u00fcr Paare, Frauen und M\u00e4nner Version von 2021. Hinter 24 Boxen verstecken sich edle \u00dcberraschungen. Das einzigartige Geschenk und \u00dcberraschung f\u00fcr den Partner oder die Partnerin zur Weihnachtszeit. Mit hochwertigen und luxuri\u00f6sen Accessoires f\u00fcr das Liebesleben<br \/>\n\u2705 \u00dcBERRASCHEN LASSEN &#8211; Vibrierende, erotische, fesselnde und \u00fcberraschende Geschenke sowie Accessoires f\u00fcr Sie und Ihn. Warenwert: 500 EUR. Inkl. Filabe Reinigungst\u00fccher 7er Pack im Wert von 9,95 \u20ac<br \/>\n\u2705 NICHT NUR INNEN HUI &#8211; Auch optisch \u00fcberzeugt der Kalender, das gro\u00dfe Kastenforamt zum hinstellen ist ein Eyecatcher in jeder Wohnung. Statt T\u00fcrchen erwarten Sie 24 Kartonboxen in verschiedenen Gr\u00f6\u00dfen<\/p>\n","protected":false},"featured_media":95532,"comment_status":"open","ping_status":"closed","template":"","meta":[],"product_brand":[],"product_cat":[652,2977],"product_tag":[],"class_list":{"0":"post-95531","1":"product","2":"type-product","3":"status-publish","4":"has-post-thumbnail","6":"product_cat-erotik-markt-xxl","7":"product_cat-sexspielzeug","8":"pa_binding-badartikel","9":"pa_brand-orion-adventskalender","10":"pa_color-schwarz","11":"pa_height-6-692913379-zoll","12":"pa_length-16-141732267-zoll","13":"pa_manufacturer-orion-adventskalender","14":"pa_weight-6-61386786-pfund","15":"pa_width-13-779527545-zoll","17":"first","18":"instock","19":"shipping-taxable","20":"purchasable","21":"product-type-simple","22":"customify-col","23":"product-has-gallery"},"yoast_head":"<!-- This site is optimized with the Yoast SEO plugin v27.3 - https:\/\/yoast.com\/product\/yoast-seo-wordpress\/ -->\n<title>ORION Erotischer Adventskalender f\u00fcr Paare -EXKLUSIV EDITION- Wert 500\u20ac, Frauen &amp; M\u00e4nner Sex Advent Kalender, Erwachsene\u2026 - Markt-XXL<\/title>\n<meta name=\"description\" content=\"Markt-XXL ORION Erotischer Adventskalender f\u00fcr Paare -EXKLUSIV EDITION- Wert 500\u20ac, Frauen &amp; M\u00e4nner Sex Advent Kalender, Erwachsene\u2026\" \/>\n<meta name=\"robots\" content=\"index, follow, max-snippet:-1, max-image-preview:large, max-video-preview:-1\" \/>\n<link rel=\"canonical\" href=\"https:\/\/marktxxl.de\/markt\/produkt\/orion-erotischer-adventskalender-2021-fuer-paare-exklusiv-edition-wert-500e-frauen-maenner-sex-advent-kalender-erwachsene-paerchen-erotik\/\" \/>\n<meta property=\"og:locale\" content=\"de_DE\" \/>\n<meta property=\"og:type\" content=\"article\" \/>\n<meta property=\"og:title\" content=\"ORION Erotischer Adventskalender f\u00fcr Paare -EXKLUSIV EDITION- Wert 500\u20ac, Frauen &amp; M\u00e4nner Sex Advent Kalender, Erwachsene\u2026 - Markt-XXL\" \/>\n<meta property=\"og:description\" content=\"Markt-XXL ORION Erotischer Adventskalender f\u00fcr Paare -EXKLUSIV EDITION- Wert 500\u20ac, Frauen &amp; M\u00e4nner Sex Advent Kalender, Erwachsene\u2026\" \/>\n<meta property=\"og:url\" content=\"https:\/\/marktxxl.de\/markt\/produkt\/orion-erotischer-adventskalender-2021-fuer-paare-exklusiv-edition-wert-500e-frauen-maenner-sex-advent-kalender-erwachsene-paerchen-erotik\/\" \/>\n<meta property=\"og:site_name\" content=\"Markt-XXL\" \/>\n<meta property=\"article:modified_time\" content=\"2023-04-09T00:53:08+00:00\" \/>\n<meta property=\"og:image\" content=\"https:\/\/m.media-amazon.com\/images\/I\/51lxTbafomL._SL500_.jpg\" \/>\n\t<meta property=\"og:image:width\" content=\"500\" \/>\n\t<meta property=\"og:image:height\" content=\"478\" \/>\n\t<meta property=\"og:image:type\" content=\"image\/jpeg\" \/>\n<meta name=\"twitter:card\" content=\"summary_large_image\" \/>\n<meta name=\"twitter:label1\" content=\"Gesch\u00e4tzte Lesezeit\" \/>\n\t<meta name=\"twitter:data1\" content=\"1\u00a0Minute\" \/>\n<script type=\"application\/ld+json\" class=\"yoast-schema-graph\">{\"@context\":\"https:\\\/\\\/schema.org\",\"@graph\":[{\"@type\":\"WebPage\",\"@id\":\"https:\\\/\\\/marktxxl.de\\\/markt\\\/produkt\\\/orion-erotischer-adventskalender-2021-fuer-paare-exklusiv-edition-wert-500e-frauen-maenner-sex-advent-kalender-erwachsene-paerchen-erotik\\\/\",\"url\":\"https:\\\/\\\/marktxxl.de\\\/markt\\\/produkt\\\/orion-erotischer-adventskalender-2021-fuer-paare-exklusiv-edition-wert-500e-frauen-maenner-sex-advent-kalender-erwachsene-paerchen-erotik\\\/\",\"name\":\"ORION Erotischer Adventskalender f\u00fcr Paare -EXKLUSIV EDITION- Wert 500\u20ac, Frauen &amp; M\u00e4nner Sex Advent Kalender, Erwachsene\u2026 - Markt-XXL\",\"isPartOf\":{\"@id\":\"https:\\\/\\\/marktxxl.de\\\/markt\\\/#website\"},\"primaryImageOfPage\":{\"@id\":\"https:\\\/\\\/marktxxl.de\\\/markt\\\/produkt\\\/orion-erotischer-adventskalender-2021-fuer-paare-exklusiv-edition-wert-500e-frauen-maenner-sex-advent-kalender-erwachsene-paerchen-erotik\\\/#primaryimage\"},\"image\":{\"@id\":\"https:\\\/\\\/marktxxl.de\\\/markt\\\/produkt\\\/orion-erotischer-adventskalender-2021-fuer-paare-exklusiv-edition-wert-500e-frauen-maenner-sex-advent-kalender-erwachsene-paerchen-erotik\\\/#primaryimage\"},\"thumbnailUrl\":\"https:\\\/\\\/m.media-amazon.com\\\/images\\\/I\\\/51lxTbafomL._SL500_.jpg\",\"datePublished\":\"2022-01-01T16:39:23+00:00\",\"dateModified\":\"2023-04-09T00:53:08+00:00\",\"description\":\"Markt-XXL ORION Erotischer Adventskalender f\u00fcr Paare -EXKLUSIV EDITION- Wert 500\u20ac, Frauen &amp; M\u00e4nner Sex Advent Kalender, Erwachsene\u2026\",\"breadcrumb\":{\"@id\":\"https:\\\/\\\/marktxxl.de\\\/markt\\\/produkt\\\/orion-erotischer-adventskalender-2021-fuer-paare-exklusiv-edition-wert-500e-frauen-maenner-sex-advent-kalender-erwachsene-paerchen-erotik\\\/#breadcrumb\"},\"inLanguage\":\"de\",\"potentialAction\":[{\"@type\":\"ReadAction\",\"target\":[\"https:\\\/\\\/marktxxl.de\\\/markt\\\/produkt\\\/orion-erotischer-adventskalender-2021-fuer-paare-exklusiv-edition-wert-500e-frauen-maenner-sex-advent-kalender-erwachsene-paerchen-erotik\\\/\"]}]},{\"@type\":\"ImageObject\",\"inLanguage\":\"de\",\"@id\":\"https:\\\/\\\/marktxxl.de\\\/markt\\\/produkt\\\/orion-erotischer-adventskalender-2021-fuer-paare-exklusiv-edition-wert-500e-frauen-maenner-sex-advent-kalender-erwachsene-paerchen-erotik\\\/#primaryimage\",\"url\":\"https:\\\/\\\/m.media-amazon.com\\\/images\\\/I\\\/51lxTbafomL._SL500_.jpg\",\"contentUrl\":\"https:\\\/\\\/m.media-amazon.com\\\/images\\\/I\\\/51lxTbafomL._SL500_.jpg\",\"width\":500,\"height\":478},{\"@type\":\"BreadcrumbList\",\"@id\":\"https:\\\/\\\/marktxxl.de\\\/markt\\\/produkt\\\/orion-erotischer-adventskalender-2021-fuer-paare-exklusiv-edition-wert-500e-frauen-maenner-sex-advent-kalender-erwachsene-paerchen-erotik\\\/#breadcrumb\",\"itemListElement\":[{\"@type\":\"ListItem\",\"position\":1,\"name\":\"Startseite\",\"item\":\"https:\\\/\\\/marktxxl.de\\\/markt\\\/\"},{\"@type\":\"ListItem\",\"position\":2,\"name\":\"Markt\",\"item\":\"https:\\\/\\\/marktxxl.de\\\/markt\\\/\"},{\"@type\":\"ListItem\",\"position\":3,\"name\":\"ORION Erotischer Adventskalender f\u00fcr Paare -EXKLUSIV EDITION- Wert 500\u20ac, Frauen &amp; M\u00e4nner Sex Advent Kalender, Erwachsene\u2026\"}]},{\"@type\":\"WebSite\",\"@id\":\"https:\\\/\\\/marktxxl.de\\\/markt\\\/#website\",\"url\":\"https:\\\/\\\/marktxxl.de\\\/markt\\\/\",\"name\":\"Markt-XXL\",\"description\":\"Ihr Markt Online\",\"publisher\":{\"@id\":\"https:\\\/\\\/marktxxl.de\\\/markt\\\/#organization\"},\"potentialAction\":[{\"@type\":\"SearchAction\",\"target\":{\"@type\":\"EntryPoint\",\"urlTemplate\":\"https:\\\/\\\/marktxxl.de\\\/markt\\\/?s={search_term_string}\"},\"query-input\":{\"@type\":\"PropertyValueSpecification\",\"valueRequired\":true,\"valueName\":\"search_term_string\"}}],\"inLanguage\":\"de\"},{\"@type\":\"Organization\",\"@id\":\"https:\\\/\\\/marktxxl.de\\\/markt\\\/#organization\",\"name\":\"Markt-XXL\",\"url\":\"https:\\\/\\\/marktxxl.de\\\/markt\\\/\",\"logo\":{\"@type\":\"ImageObject\",\"inLanguage\":\"de\",\"@id\":\"https:\\\/\\\/marktxxl.de\\\/markt\\\/#\\\/schema\\\/logo\\\/image\\\/\",\"url\":\"https:\\\/\\\/marktxxl.de\\\/markt\\\/wp-content\\\/uploads\\\/sites\\\/3\\\/2020\\\/12\\\/logo.png\",\"contentUrl\":\"https:\\\/\\\/marktxxl.de\\\/markt\\\/wp-content\\\/uploads\\\/sites\\\/3\\\/2020\\\/12\\\/logo.png\",\"width\":200,\"height\":70,\"caption\":\"Markt-XXL\"},\"image\":{\"@id\":\"https:\\\/\\\/marktxxl.de\\\/markt\\\/#\\\/schema\\\/logo\\\/image\\\/\"}}]}<\/script>\n<!-- \/ Yoast SEO plugin. -->","yoast_head_json":{"title":"ORION Erotischer Adventskalender f\u00fcr Paare -EXKLUSIV EDITION- Wert 500\u20ac, Frauen &amp; M\u00e4nner Sex Advent Kalender, Erwachsene\u2026 - Markt-XXL","description":"Markt-XXL ORION Erotischer Adventskalender f\u00fcr Paare -EXKLUSIV EDITION- Wert 500\u20ac, Frauen &amp; M\u00e4nner Sex Advent Kalender, Erwachsene\u2026","robots":{"index":"index","follow":"follow","max-snippet":"max-snippet:-1","max-image-preview":"max-image-preview:large","max-video-preview":"max-video-preview:-1"},"canonical":"https:\/\/marktxxl.de\/markt\/produkt\/orion-erotischer-adventskalender-2021-fuer-paare-exklusiv-edition-wert-500e-frauen-maenner-sex-advent-kalender-erwachsene-paerchen-erotik\/","og_locale":"de_DE","og_type":"article","og_title":"ORION Erotischer Adventskalender f\u00fcr Paare -EXKLUSIV EDITION- Wert 500\u20ac, Frauen &amp; M\u00e4nner Sex Advent Kalender, Erwachsene\u2026 - Markt-XXL","og_description":"Markt-XXL ORION Erotischer Adventskalender f\u00fcr Paare -EXKLUSIV EDITION- Wert 500\u20ac, Frauen &amp; M\u00e4nner Sex Advent Kalender, Erwachsene\u2026","og_url":"https:\/\/marktxxl.de\/markt\/produkt\/orion-erotischer-adventskalender-2021-fuer-paare-exklusiv-edition-wert-500e-frauen-maenner-sex-advent-kalender-erwachsene-paerchen-erotik\/","og_site_name":"Markt-XXL","article_modified_time":"2023-04-09T00:53:08+00:00","og_image":[{"width":500,"height":478,"url":"https:\/\/m.media-amazon.com\/images\/I\/51lxTbafomL._SL500_.jpg","type":"image\/jpeg"}],"twitter_card":"summary_large_image","twitter_misc":{"Gesch\u00e4tzte Lesezeit":"1\u00a0Minute"},"schema":{"@context":"https:\/\/schema.org","@graph":[{"@type":"WebPage","@id":"https:\/\/marktxxl.de\/markt\/produkt\/orion-erotischer-adventskalender-2021-fuer-paare-exklusiv-edition-wert-500e-frauen-maenner-sex-advent-kalender-erwachsene-paerchen-erotik\/","url":"https:\/\/marktxxl.de\/markt\/produkt\/orion-erotischer-adventskalender-2021-fuer-paare-exklusiv-edition-wert-500e-frauen-maenner-sex-advent-kalender-erwachsene-paerchen-erotik\/","name":"ORION Erotischer Adventskalender f\u00fcr Paare -EXKLUSIV EDITION- Wert 500\u20ac, Frauen &amp; M\u00e4nner Sex Advent Kalender, Erwachsene\u2026 - Markt-XXL","isPartOf":{"@id":"https:\/\/marktxxl.de\/markt\/#website"},"primaryImageOfPage":{"@id":"https:\/\/marktxxl.de\/markt\/produkt\/orion-erotischer-adventskalender-2021-fuer-paare-exklusiv-edition-wert-500e-frauen-maenner-sex-advent-kalender-erwachsene-paerchen-erotik\/#primaryimage"},"image":{"@id":"https:\/\/marktxxl.de\/markt\/produkt\/orion-erotischer-adventskalender-2021-fuer-paare-exklusiv-edition-wert-500e-frauen-maenner-sex-advent-kalender-erwachsene-paerchen-erotik\/#primaryimage"},"thumbnailUrl":"https:\/\/m.media-amazon.com\/images\/I\/51lxTbafomL._SL500_.jpg","datePublished":"2022-01-01T16:39:23+00:00","dateModified":"2023-04-09T00:53:08+00:00","description":"Markt-XXL ORION Erotischer Adventskalender f\u00fcr Paare -EXKLUSIV EDITION- Wert 500\u20ac, Frauen &amp; M\u00e4nner Sex Advent Kalender, Erwachsene\u2026","breadcrumb":{"@id":"https:\/\/marktxxl.de\/markt\/produkt\/orion-erotischer-adventskalender-2021-fuer-paare-exklusiv-edition-wert-500e-frauen-maenner-sex-advent-kalender-erwachsene-paerchen-erotik\/#breadcrumb"},"inLanguage":"de","potentialAction":[{"@type":"ReadAction","target":["https:\/\/marktxxl.de\/markt\/produkt\/orion-erotischer-adventskalender-2021-fuer-paare-exklusiv-edition-wert-500e-frauen-maenner-sex-advent-kalender-erwachsene-paerchen-erotik\/"]}]},{"@type":"ImageObject","inLanguage":"de","@id":"https:\/\/marktxxl.de\/markt\/produkt\/orion-erotischer-adventskalender-2021-fuer-paare-exklusiv-edition-wert-500e-frauen-maenner-sex-advent-kalender-erwachsene-paerchen-erotik\/#primaryimage","url":"https:\/\/m.media-amazon.com\/images\/I\/51lxTbafomL._SL500_.jpg","contentUrl":"https:\/\/m.media-amazon.com\/images\/I\/51lxTbafomL._SL500_.jpg","width":500,"height":478},{"@type":"BreadcrumbList","@id":"https:\/\/marktxxl.de\/markt\/produkt\/orion-erotischer-adventskalender-2021-fuer-paare-exklusiv-edition-wert-500e-frauen-maenner-sex-advent-kalender-erwachsene-paerchen-erotik\/#breadcrumb","itemListElement":[{"@type":"ListItem","position":1,"name":"Startseite","item":"https:\/\/marktxxl.de\/markt\/"},{"@type":"ListItem","position":2,"name":"Markt","item":"https:\/\/marktxxl.de\/markt\/"},{"@type":"ListItem","position":3,"name":"ORION Erotischer Adventskalender f\u00fcr Paare -EXKLUSIV EDITION- Wert 500\u20ac, Frauen &amp; M\u00e4nner Sex Advent Kalender, Erwachsene\u2026"}]},{"@type":"WebSite","@id":"https:\/\/marktxxl.de\/markt\/#website","url":"https:\/\/marktxxl.de\/markt\/","name":"Markt-XXL","description":"Ihr Markt Online","publisher":{"@id":"https:\/\/marktxxl.de\/markt\/#organization"},"potentialAction":[{"@type":"SearchAction","target":{"@type":"EntryPoint","urlTemplate":"https:\/\/marktxxl.de\/markt\/?s={search_term_string}"},"query-input":{"@type":"PropertyValueSpecification","valueRequired":true,"valueName":"search_term_string"}}],"inLanguage":"de"},{"@type":"Organization","@id":"https:\/\/marktxxl.de\/markt\/#organization","name":"Markt-XXL","url":"https:\/\/marktxxl.de\/markt\/","logo":{"@type":"ImageObject","inLanguage":"de","@id":"https:\/\/marktxxl.de\/markt\/#\/schema\/logo\/image\/","url":"https:\/\/marktxxl.de\/markt\/wp-content\/uploads\/sites\/3\/2020\/12\/logo.png","contentUrl":"https:\/\/marktxxl.de\/markt\/wp-content\/uploads\/sites\/3\/2020\/12\/logo.png","width":200,"height":70,"caption":"Markt-XXL"},"image":{"@id":"https:\/\/marktxxl.de\/markt\/#\/schema\/logo\/image\/"}}]}},"_links":{"self":[{"href":"https:\/\/marktxxl.de\/markt\/wp-json\/wp\/v2\/product\/95531","targetHints":{"allow":["GET"]}}],"collection":[{"href":"https:\/\/marktxxl.de\/markt\/wp-json\/wp\/v2\/product"}],"about":[{"href":"https:\/\/marktxxl.de\/markt\/wp-json\/wp\/v2\/types\/product"}],"replies":[{"embeddable":true,"href":"https:\/\/marktxxl.de\/markt\/wp-json\/wp\/v2\/comments?post=95531"}],"wp:featuredmedia":[{"embeddable":true,"href":"https:\/\/marktxxl.de\/markt\/wp-json\/wp\/v2\/media\/95532"}],"wp:attachment":[{"href":"https:\/\/marktxxl.de\/markt\/wp-json\/wp\/v2\/media?parent=95531"}],"wp:term":[{"taxonomy":"product_brand","embeddable":true,"href":"https:\/\/marktxxl.de\/markt\/wp-json\/wp\/v2\/product_brand?post=95531"},{"taxonomy":"product_cat","embeddable":true,"href":"https:\/\/marktxxl.de\/markt\/wp-json\/wp\/v2\/product_cat?post=95531"},{"taxonomy":"product_tag","embeddable":true,"href":"https:\/\/marktxxl.de\/markt\/wp-json\/wp\/v2\/product_tag?post=95531"}],"curies":[{"name":"wp","href":"https:\/\/api.w.org\/{rel}","templated":true}]}}