{"id":95486,"date":"2022-01-01T17:34:30","date_gmt":"2022-01-01T16:34:30","guid":{"rendered":"https:\/\/marktxxl.de\/markt\/produkt\/klistier-set-premium-einlauf-set-fuer-darmeinlauf-klistierspritze-zur-reinigung-des-darms-komplettes-irrigator-set-fuer-darmeinlauf-klistier-einlauf-zur-inneren-reinigung310ml\/"},"modified":"2023-04-09T02:53:07","modified_gmt":"2023-04-09T00:53:07","slug":"klistier-set-premium-einlauf-set-fuer-darmeinlauf-klistierspritze-zur-reinigung-des-darms-komplettes-irrigator-set-fuer-darmeinlauf-klistier-einlauf-zur-inneren-reinigung310ml","status":"publish","type":"product","link":"https:\/\/marktxxl.de\/markt\/produkt\/klistier-set-premium-einlauf-set-fuer-darmeinlauf-klistierspritze-zur-reinigung-des-darms-komplettes-irrigator-set-fuer-darmeinlauf-klistier-einlauf-zur-inneren-reinigung310ml\/","title":{"rendered":"Klistier-Set | Premium Einlauf-Set f\u00fcr Darmeinlauf | Klistierspritze zur Reinigung des Darms | Komplettes Irrigator-Set\u2026"},"content":{"rendered":"<p>Haupts\u00e4chlich verwendet f\u00fcr die Reinigung der Anus oder Vagina, Egal ob vor dem Analverkehr oder f\u00fcr den vaginalen Gebrauch. Die Anal dusche ist ein erstklassiges Accessoire f\u00fcr jeden, der auf anale Spielereien steht!<br \/>\n\u3010Super starke Kapazit\u00e4t waschen\u3011Flushing Rohre mit 8 L\u00f6cher, Wasser kommt schneller, 360-Grad-W\u00e4sche. Einwandfreie Hygiene ist unerl\u00e4\u00dflich, um Analverkehr zu einer unbedenklichen, sicheren Sexualpraktik zu machen<br \/>\n\u3010Abnehmbare Design\u3011Das Rohr und die Container sind trennbar f\u00fcr einfache Handhabung und Lagerung.<br \/>\n\u3010Gro\u00dfe Kapazit\u00e4t\u3011Ihre Kapazit\u00e4t betr\u00e4gt 310ml, seine Kapazit\u00e4t ist sehr gro\u00df. Also es ist eindeutig eines der &#8220;gro\u00dfen&#8221; und kann leicht der X-large genannt werden.<br \/>\nENEMA D\u00dcSE F\u00dcR EINEN KOMFORTABLEN EINGANG: Erleben Sie die reinigenden Vorteile Ihres Klistier-Kits ohne Beschwerden! Unser Klistier ist einfach sowohl vaginal als auch anal einzusetzen. Es kann es sicher an jedem Ort verwenden, der am besten f\u00fcr Sie geeignet ist, einschlie\u00dflich Badewanne, Dusche oder Toilette<br \/>\n<div class=\"main-cross-sell\" data-asin=\"B07N46HGJC\">\n\n\t<div class=\"WooZone-cross-sell-loader\">\n\t\t<div>\n\t\t\t<div id=\"floatingBarsG\">\n\t\t\t\t<div class=\"blockG\" id=\"rotateG_01\"><\/div>\n\t\t\t\t<div class=\"blockG\" id=\"rotateG_02\"><\/div>\n\t\t\t\t<div class=\"blockG\" id=\"rotateG_03\"><\/div>\n\t\t\t\t<div class=\"blockG\" id=\"rotateG_04\"><\/div>\n\t\t\t\t<div class=\"blockG\" id=\"rotateG_05\"><\/div>\n\t\t\t\t<div class=\"blockG\" id=\"rotateG_06\"><\/div>\n\t\t\t\t<div class=\"blockG\" id=\"rotateG_07\"><\/div>\n\t\t\t\t<div class=\"blockG\" id=\"rotateG_08\"><\/div>\n\t\t\t<\/div>\n\t\t\t<div class=\"WooZone-cross-sell-loader-text\"><\/div>\n\t\t<\/div>\n\t<\/div>\n\n\t\t\n<\/div>\n<div style=\"clear:both;\"><\/div><\/p>\n","protected":false},"excerpt":{"rendered":"<p>Haupts\u00e4chlich verwendet f\u00fcr die Reinigung der Anus oder Vagina, Egal ob vor dem Analverkehr oder f\u00fcr den vaginalen Gebrauch. Die Anal dusche ist ein erstklassiges Accessoire f\u00fcr jeden, der auf anale Spielereien steht!<br \/>\n\u3010Super starke Kapazit\u00e4t waschen\u3011Flushing Rohre mit 8 L\u00f6cher, Wasser kommt schneller, 360-Grad-W\u00e4sche. Einwandfreie Hygiene ist unerl\u00e4\u00dflich, um Analverkehr zu einer unbedenklichen, sicheren Sexualpraktik zu machen<br \/>\n\u3010Abnehmbare Design\u3011Das Rohr und die Container sind trennbar f\u00fcr einfache Handhabung und Lagerung.<\/p>\n","protected":false},"featured_media":95487,"comment_status":"open","ping_status":"closed","template":"","meta":[],"product_brand":[],"product_cat":[652,2977],"product_tag":[],"class_list":{"0":"post-95486","1":"product","2":"type-product","3":"status-publish","4":"has-post-thumbnail","6":"product_cat-erotik-markt-xxl","7":"product_cat-sexspielzeug","8":"pa_brand-udream","9":"pa_color-schwarz","10":"pa_manufacturer-udream","12":"first","13":"instock","14":"shipping-taxable","15":"purchasable","16":"product-type-simple","17":"customify-col","18":"product-has-gallery"},"yoast_head":"<!-- This site is optimized with the Yoast SEO plugin v27.4 - https:\/\/yoast.com\/product\/yoast-seo-wordpress\/ -->\n<title>Klistier-Set | Premium Einlauf-Set f\u00fcr Darmeinlauf | Klistierspritze zur Reinigung des Darms | Komplettes Irrigator-Set\u2026 - Markt-XXL<\/title>\n<meta name=\"description\" content=\"Markt-XXL Klistier-Set | Premium Einlauf-Set f\u00fcr Darmeinlauf | Klistierspritze zur Reinigung des Darms | Komplettes Irrigator-Set\u2026\" \/>\n<meta name=\"robots\" content=\"index, follow, max-snippet:-1, max-image-preview:large, max-video-preview:-1\" \/>\n<link rel=\"canonical\" href=\"https:\/\/marktxxl.de\/markt\/produkt\/klistier-set-premium-einlauf-set-fuer-darmeinlauf-klistierspritze-zur-reinigung-des-darms-komplettes-irrigator-set-fuer-darmeinlauf-klistier-einlauf-zur-inneren-reinigung310ml\/\" \/>\n<meta property=\"og:locale\" content=\"de_DE\" \/>\n<meta property=\"og:type\" content=\"article\" \/>\n<meta property=\"og:title\" content=\"Klistier-Set | Premium Einlauf-Set f\u00fcr Darmeinlauf | Klistierspritze zur Reinigung des Darms | Komplettes Irrigator-Set\u2026 - Markt-XXL\" \/>\n<meta property=\"og:description\" content=\"Markt-XXL Klistier-Set | Premium Einlauf-Set f\u00fcr Darmeinlauf | Klistierspritze zur Reinigung des Darms | Komplettes Irrigator-Set\u2026\" \/>\n<meta property=\"og:url\" content=\"https:\/\/marktxxl.de\/markt\/produkt\/klistier-set-premium-einlauf-set-fuer-darmeinlauf-klistierspritze-zur-reinigung-des-darms-komplettes-irrigator-set-fuer-darmeinlauf-klistier-einlauf-zur-inneren-reinigung310ml\/\" \/>\n<meta property=\"og:site_name\" content=\"Markt-XXL\" \/>\n<meta property=\"article:modified_time\" content=\"2023-04-09T00:53:07+00:00\" \/>\n<meta property=\"og:image\" content=\"https:\/\/m.media-amazon.com\/images\/I\/314hhMQXT8L._SL500_.jpg\" \/>\n\t<meta property=\"og:image:width\" content=\"500\" \/>\n\t<meta property=\"og:image:height\" content=\"500\" \/>\n\t<meta property=\"og:image:type\" content=\"image\/jpeg\" \/>\n<meta name=\"twitter:card\" content=\"summary_large_image\" \/>\n<meta name=\"twitter:label1\" content=\"Gesch\u00e4tzte Lesezeit\" \/>\n\t<meta name=\"twitter:data1\" content=\"1\u00a0Minute\" \/>\n<script type=\"application\/ld+json\" class=\"yoast-schema-graph\">{\"@context\":\"https:\\\/\\\/schema.org\",\"@graph\":[{\"@type\":\"WebPage\",\"@id\":\"https:\\\/\\\/marktxxl.de\\\/markt\\\/produkt\\\/klistier-set-premium-einlauf-set-fuer-darmeinlauf-klistierspritze-zur-reinigung-des-darms-komplettes-irrigator-set-fuer-darmeinlauf-klistier-einlauf-zur-inneren-reinigung310ml\\\/\",\"url\":\"https:\\\/\\\/marktxxl.de\\\/markt\\\/produkt\\\/klistier-set-premium-einlauf-set-fuer-darmeinlauf-klistierspritze-zur-reinigung-des-darms-komplettes-irrigator-set-fuer-darmeinlauf-klistier-einlauf-zur-inneren-reinigung310ml\\\/\",\"name\":\"Klistier-Set | Premium Einlauf-Set f\u00fcr Darmeinlauf | Klistierspritze zur Reinigung des Darms | Komplettes Irrigator-Set\u2026 - Markt-XXL\",\"isPartOf\":{\"@id\":\"https:\\\/\\\/marktxxl.de\\\/markt\\\/#website\"},\"primaryImageOfPage\":{\"@id\":\"https:\\\/\\\/marktxxl.de\\\/markt\\\/produkt\\\/klistier-set-premium-einlauf-set-fuer-darmeinlauf-klistierspritze-zur-reinigung-des-darms-komplettes-irrigator-set-fuer-darmeinlauf-klistier-einlauf-zur-inneren-reinigung310ml\\\/#primaryimage\"},\"image\":{\"@id\":\"https:\\\/\\\/marktxxl.de\\\/markt\\\/produkt\\\/klistier-set-premium-einlauf-set-fuer-darmeinlauf-klistierspritze-zur-reinigung-des-darms-komplettes-irrigator-set-fuer-darmeinlauf-klistier-einlauf-zur-inneren-reinigung310ml\\\/#primaryimage\"},\"thumbnailUrl\":\"https:\\\/\\\/m.media-amazon.com\\\/images\\\/I\\\/314hhMQXT8L._SL500_.jpg\",\"datePublished\":\"2022-01-01T16:34:30+00:00\",\"dateModified\":\"2023-04-09T00:53:07+00:00\",\"description\":\"Markt-XXL Klistier-Set | Premium Einlauf-Set f\u00fcr Darmeinlauf | Klistierspritze zur Reinigung des Darms | Komplettes Irrigator-Set\u2026\",\"breadcrumb\":{\"@id\":\"https:\\\/\\\/marktxxl.de\\\/markt\\\/produkt\\\/klistier-set-premium-einlauf-set-fuer-darmeinlauf-klistierspritze-zur-reinigung-des-darms-komplettes-irrigator-set-fuer-darmeinlauf-klistier-einlauf-zur-inneren-reinigung310ml\\\/#breadcrumb\"},\"inLanguage\":\"de\",\"potentialAction\":[{\"@type\":\"ReadAction\",\"target\":[\"https:\\\/\\\/marktxxl.de\\\/markt\\\/produkt\\\/klistier-set-premium-einlauf-set-fuer-darmeinlauf-klistierspritze-zur-reinigung-des-darms-komplettes-irrigator-set-fuer-darmeinlauf-klistier-einlauf-zur-inneren-reinigung310ml\\\/\"]}]},{\"@type\":\"ImageObject\",\"inLanguage\":\"de\",\"@id\":\"https:\\\/\\\/marktxxl.de\\\/markt\\\/produkt\\\/klistier-set-premium-einlauf-set-fuer-darmeinlauf-klistierspritze-zur-reinigung-des-darms-komplettes-irrigator-set-fuer-darmeinlauf-klistier-einlauf-zur-inneren-reinigung310ml\\\/#primaryimage\",\"url\":\"https:\\\/\\\/m.media-amazon.com\\\/images\\\/I\\\/314hhMQXT8L._SL500_.jpg\",\"contentUrl\":\"https:\\\/\\\/m.media-amazon.com\\\/images\\\/I\\\/314hhMQXT8L._SL500_.jpg\",\"width\":500,\"height\":500},{\"@type\":\"BreadcrumbList\",\"@id\":\"https:\\\/\\\/marktxxl.de\\\/markt\\\/produkt\\\/klistier-set-premium-einlauf-set-fuer-darmeinlauf-klistierspritze-zur-reinigung-des-darms-komplettes-irrigator-set-fuer-darmeinlauf-klistier-einlauf-zur-inneren-reinigung310ml\\\/#breadcrumb\",\"itemListElement\":[{\"@type\":\"ListItem\",\"position\":1,\"name\":\"Startseite\",\"item\":\"https:\\\/\\\/marktxxl.de\\\/markt\\\/\"},{\"@type\":\"ListItem\",\"position\":2,\"name\":\"Markt\",\"item\":\"https:\\\/\\\/marktxxl.de\\\/markt\\\/\"},{\"@type\":\"ListItem\",\"position\":3,\"name\":\"Klistier-Set | Premium Einlauf-Set f\u00fcr Darmeinlauf | Klistierspritze zur Reinigung des Darms | Komplettes Irrigator-Set\u2026\"}]},{\"@type\":\"WebSite\",\"@id\":\"https:\\\/\\\/marktxxl.de\\\/markt\\\/#website\",\"url\":\"https:\\\/\\\/marktxxl.de\\\/markt\\\/\",\"name\":\"Markt-XXL\",\"description\":\"Ihr Markt Online\",\"publisher\":{\"@id\":\"https:\\\/\\\/marktxxl.de\\\/markt\\\/#organization\"},\"potentialAction\":[{\"@type\":\"SearchAction\",\"target\":{\"@type\":\"EntryPoint\",\"urlTemplate\":\"https:\\\/\\\/marktxxl.de\\\/markt\\\/?s={search_term_string}\"},\"query-input\":{\"@type\":\"PropertyValueSpecification\",\"valueRequired\":true,\"valueName\":\"search_term_string\"}}],\"inLanguage\":\"de\"},{\"@type\":\"Organization\",\"@id\":\"https:\\\/\\\/marktxxl.de\\\/markt\\\/#organization\",\"name\":\"Markt-XXL\",\"url\":\"https:\\\/\\\/marktxxl.de\\\/markt\\\/\",\"logo\":{\"@type\":\"ImageObject\",\"inLanguage\":\"de\",\"@id\":\"https:\\\/\\\/marktxxl.de\\\/markt\\\/#\\\/schema\\\/logo\\\/image\\\/\",\"url\":\"https:\\\/\\\/marktxxl.de\\\/markt\\\/wp-content\\\/uploads\\\/sites\\\/3\\\/2020\\\/12\\\/logo.png\",\"contentUrl\":\"https:\\\/\\\/marktxxl.de\\\/markt\\\/wp-content\\\/uploads\\\/sites\\\/3\\\/2020\\\/12\\\/logo.png\",\"width\":200,\"height\":70,\"caption\":\"Markt-XXL\"},\"image\":{\"@id\":\"https:\\\/\\\/marktxxl.de\\\/markt\\\/#\\\/schema\\\/logo\\\/image\\\/\"}}]}<\/script>\n<!-- \/ Yoast SEO plugin. -->","yoast_head_json":{"title":"Klistier-Set | Premium Einlauf-Set f\u00fcr Darmeinlauf | Klistierspritze zur Reinigung des Darms | Komplettes Irrigator-Set\u2026 - Markt-XXL","description":"Markt-XXL Klistier-Set | Premium Einlauf-Set f\u00fcr Darmeinlauf | Klistierspritze zur Reinigung des Darms | Komplettes Irrigator-Set\u2026","robots":{"index":"index","follow":"follow","max-snippet":"max-snippet:-1","max-image-preview":"max-image-preview:large","max-video-preview":"max-video-preview:-1"},"canonical":"https:\/\/marktxxl.de\/markt\/produkt\/klistier-set-premium-einlauf-set-fuer-darmeinlauf-klistierspritze-zur-reinigung-des-darms-komplettes-irrigator-set-fuer-darmeinlauf-klistier-einlauf-zur-inneren-reinigung310ml\/","og_locale":"de_DE","og_type":"article","og_title":"Klistier-Set | Premium Einlauf-Set f\u00fcr Darmeinlauf | Klistierspritze zur Reinigung des Darms | Komplettes Irrigator-Set\u2026 - Markt-XXL","og_description":"Markt-XXL Klistier-Set | Premium Einlauf-Set f\u00fcr Darmeinlauf | Klistierspritze zur Reinigung des Darms | Komplettes Irrigator-Set\u2026","og_url":"https:\/\/marktxxl.de\/markt\/produkt\/klistier-set-premium-einlauf-set-fuer-darmeinlauf-klistierspritze-zur-reinigung-des-darms-komplettes-irrigator-set-fuer-darmeinlauf-klistier-einlauf-zur-inneren-reinigung310ml\/","og_site_name":"Markt-XXL","article_modified_time":"2023-04-09T00:53:07+00:00","og_image":[{"width":500,"height":500,"url":"https:\/\/m.media-amazon.com\/images\/I\/314hhMQXT8L._SL500_.jpg","type":"image\/jpeg"}],"twitter_card":"summary_large_image","twitter_misc":{"Gesch\u00e4tzte Lesezeit":"1\u00a0Minute"},"schema":{"@context":"https:\/\/schema.org","@graph":[{"@type":"WebPage","@id":"https:\/\/marktxxl.de\/markt\/produkt\/klistier-set-premium-einlauf-set-fuer-darmeinlauf-klistierspritze-zur-reinigung-des-darms-komplettes-irrigator-set-fuer-darmeinlauf-klistier-einlauf-zur-inneren-reinigung310ml\/","url":"https:\/\/marktxxl.de\/markt\/produkt\/klistier-set-premium-einlauf-set-fuer-darmeinlauf-klistierspritze-zur-reinigung-des-darms-komplettes-irrigator-set-fuer-darmeinlauf-klistier-einlauf-zur-inneren-reinigung310ml\/","name":"Klistier-Set | Premium Einlauf-Set f\u00fcr Darmeinlauf | Klistierspritze zur Reinigung des Darms | Komplettes Irrigator-Set\u2026 - Markt-XXL","isPartOf":{"@id":"https:\/\/marktxxl.de\/markt\/#website"},"primaryImageOfPage":{"@id":"https:\/\/marktxxl.de\/markt\/produkt\/klistier-set-premium-einlauf-set-fuer-darmeinlauf-klistierspritze-zur-reinigung-des-darms-komplettes-irrigator-set-fuer-darmeinlauf-klistier-einlauf-zur-inneren-reinigung310ml\/#primaryimage"},"image":{"@id":"https:\/\/marktxxl.de\/markt\/produkt\/klistier-set-premium-einlauf-set-fuer-darmeinlauf-klistierspritze-zur-reinigung-des-darms-komplettes-irrigator-set-fuer-darmeinlauf-klistier-einlauf-zur-inneren-reinigung310ml\/#primaryimage"},"thumbnailUrl":"https:\/\/m.media-amazon.com\/images\/I\/314hhMQXT8L._SL500_.jpg","datePublished":"2022-01-01T16:34:30+00:00","dateModified":"2023-04-09T00:53:07+00:00","description":"Markt-XXL Klistier-Set | Premium Einlauf-Set f\u00fcr Darmeinlauf | Klistierspritze zur Reinigung des Darms | Komplettes Irrigator-Set\u2026","breadcrumb":{"@id":"https:\/\/marktxxl.de\/markt\/produkt\/klistier-set-premium-einlauf-set-fuer-darmeinlauf-klistierspritze-zur-reinigung-des-darms-komplettes-irrigator-set-fuer-darmeinlauf-klistier-einlauf-zur-inneren-reinigung310ml\/#breadcrumb"},"inLanguage":"de","potentialAction":[{"@type":"ReadAction","target":["https:\/\/marktxxl.de\/markt\/produkt\/klistier-set-premium-einlauf-set-fuer-darmeinlauf-klistierspritze-zur-reinigung-des-darms-komplettes-irrigator-set-fuer-darmeinlauf-klistier-einlauf-zur-inneren-reinigung310ml\/"]}]},{"@type":"ImageObject","inLanguage":"de","@id":"https:\/\/marktxxl.de\/markt\/produkt\/klistier-set-premium-einlauf-set-fuer-darmeinlauf-klistierspritze-zur-reinigung-des-darms-komplettes-irrigator-set-fuer-darmeinlauf-klistier-einlauf-zur-inneren-reinigung310ml\/#primaryimage","url":"https:\/\/m.media-amazon.com\/images\/I\/314hhMQXT8L._SL500_.jpg","contentUrl":"https:\/\/m.media-amazon.com\/images\/I\/314hhMQXT8L._SL500_.jpg","width":500,"height":500},{"@type":"BreadcrumbList","@id":"https:\/\/marktxxl.de\/markt\/produkt\/klistier-set-premium-einlauf-set-fuer-darmeinlauf-klistierspritze-zur-reinigung-des-darms-komplettes-irrigator-set-fuer-darmeinlauf-klistier-einlauf-zur-inneren-reinigung310ml\/#breadcrumb","itemListElement":[{"@type":"ListItem","position":1,"name":"Startseite","item":"https:\/\/marktxxl.de\/markt\/"},{"@type":"ListItem","position":2,"name":"Markt","item":"https:\/\/marktxxl.de\/markt\/"},{"@type":"ListItem","position":3,"name":"Klistier-Set | Premium Einlauf-Set f\u00fcr Darmeinlauf | Klistierspritze zur Reinigung des Darms | Komplettes Irrigator-Set\u2026"}]},{"@type":"WebSite","@id":"https:\/\/marktxxl.de\/markt\/#website","url":"https:\/\/marktxxl.de\/markt\/","name":"Markt-XXL","description":"Ihr Markt Online","publisher":{"@id":"https:\/\/marktxxl.de\/markt\/#organization"},"potentialAction":[{"@type":"SearchAction","target":{"@type":"EntryPoint","urlTemplate":"https:\/\/marktxxl.de\/markt\/?s={search_term_string}"},"query-input":{"@type":"PropertyValueSpecification","valueRequired":true,"valueName":"search_term_string"}}],"inLanguage":"de"},{"@type":"Organization","@id":"https:\/\/marktxxl.de\/markt\/#organization","name":"Markt-XXL","url":"https:\/\/marktxxl.de\/markt\/","logo":{"@type":"ImageObject","inLanguage":"de","@id":"https:\/\/marktxxl.de\/markt\/#\/schema\/logo\/image\/","url":"https:\/\/marktxxl.de\/markt\/wp-content\/uploads\/sites\/3\/2020\/12\/logo.png","contentUrl":"https:\/\/marktxxl.de\/markt\/wp-content\/uploads\/sites\/3\/2020\/12\/logo.png","width":200,"height":70,"caption":"Markt-XXL"},"image":{"@id":"https:\/\/marktxxl.de\/markt\/#\/schema\/logo\/image\/"}}]}},"_links":{"self":[{"href":"https:\/\/marktxxl.de\/markt\/wp-json\/wp\/v2\/product\/95486","targetHints":{"allow":["GET"]}}],"collection":[{"href":"https:\/\/marktxxl.de\/markt\/wp-json\/wp\/v2\/product"}],"about":[{"href":"https:\/\/marktxxl.de\/markt\/wp-json\/wp\/v2\/types\/product"}],"replies":[{"embeddable":true,"href":"https:\/\/marktxxl.de\/markt\/wp-json\/wp\/v2\/comments?post=95486"}],"wp:featuredmedia":[{"embeddable":true,"href":"https:\/\/marktxxl.de\/markt\/wp-json\/wp\/v2\/media\/95487"}],"wp:attachment":[{"href":"https:\/\/marktxxl.de\/markt\/wp-json\/wp\/v2\/media?parent=95486"}],"wp:term":[{"taxonomy":"product_brand","embeddable":true,"href":"https:\/\/marktxxl.de\/markt\/wp-json\/wp\/v2\/product_brand?post=95486"},{"taxonomy":"product_cat","embeddable":true,"href":"https:\/\/marktxxl.de\/markt\/wp-json\/wp\/v2\/product_cat?post=95486"},{"taxonomy":"product_tag","embeddable":true,"href":"https:\/\/marktxxl.de\/markt\/wp-json\/wp\/v2\/product_tag?post=95486"}],"curies":[{"name":"wp","href":"https:\/\/api.w.org\/{rel}","templated":true}]}}