{"id":95466,"date":"2022-01-01T17:34:10","date_gmt":"2022-01-01T16:34:10","guid":{"rendered":"https:\/\/marktxxl.de\/markt\/produkt\/kyzetjd-kaffee-klistierbeutel-set-2-l-kapazitaet-fuer-darmentgiftung-reinigungseinlaeufe\/"},"modified":"2023-04-09T02:53:07","modified_gmt":"2023-04-09T00:53:07","slug":"kyzetjd-kaffee-klistierbeutel-set-2-l-kapazitaet-fuer-darmentgiftung-reinigungseinlaeufe","status":"publish","type":"product","link":"https:\/\/marktxxl.de\/markt\/produkt\/kyzetjd-kaffee-klistierbeutel-set-2-l-kapazitaet-fuer-darmentgiftung-reinigungseinlaeufe\/","title":{"rendered":"KYZETJD Kaffee-Klistierbeutel-Set, 2 l Kapazit\u00e4t, f\u00fcr Darmentgiftung, Reinigungseinl\u00e4ufe"},"content":{"rendered":"<p>Hervorragende Qualit\u00e4t: Der Einlaufbeutel ist aus importiertem Premium-Gummi, der Klistierschlauch ist aus medizinischem Silikon.<br \/>\nLieferumfang: 1 x Klistierbeutel, 1 x Silikonschlauch, 1 x Edelstahl-Haken zum Aufh\u00e4ngen, 5 x Einlaufd\u00fcsen, 1 x Tasche.<br \/>\n\u3010Komplettpaket\u3011Unser Darmreinigungs-Kit besteht aus einem Klistierbeutel mit 2 l, einem 1,5 m langen Schlauch aus weichem und ungiftigem Silikon und 3 weichen, flexiblen und wiederverwendbaren Spitzen in verschiedenen Formen. Sie k\u00f6nnen die Einlaufspitze nach Ihrem Interesse und Vorlieben ausw\u00e4hlen.<br \/>\nKontrollierter Mechanismus: Der Darmreiniger hat ein gelbes Ventil zur Wasserkontrolle, mit dem Sie die Geschwindigkeit der Einlaufl\u00f6sung einstellen k\u00f6nnen, die aus den Rohren kommt. Durch die Steuerung der Geschwindigkeit des Flusses k\u00f6nnen Sie eine sichere, bequeme, bequeme und angenehme Erfahrung haben.<br \/>\nVielseitig einsetzbar: Das KYZETJD Klistier-Set ist eine praktische und komfortable Ausr\u00fcstung, um Klistier zu Hause zu reinigen. Dieses Darm-Detox-Kit ist geeignet f\u00fcr alle Arten von Darm-Hydrotherapie-Einl\u00e4ufen wie Garson Therapy, Darmreinigung, Detox-Klistier, Kaffee-Einlauf und Wasserreinigung.<br \/>\n<div class=\"main-cross-sell\" data-asin=\"B08KT3KTW4\">\n\n\t<div class=\"WooZone-cross-sell-loader\">\n\t\t<div>\n\t\t\t<div id=\"floatingBarsG\">\n\t\t\t\t<div class=\"blockG\" id=\"rotateG_01\"><\/div>\n\t\t\t\t<div class=\"blockG\" id=\"rotateG_02\"><\/div>\n\t\t\t\t<div class=\"blockG\" id=\"rotateG_03\"><\/div>\n\t\t\t\t<div class=\"blockG\" id=\"rotateG_04\"><\/div>\n\t\t\t\t<div class=\"blockG\" id=\"rotateG_05\"><\/div>\n\t\t\t\t<div class=\"blockG\" id=\"rotateG_06\"><\/div>\n\t\t\t\t<div class=\"blockG\" id=\"rotateG_07\"><\/div>\n\t\t\t\t<div class=\"blockG\" id=\"rotateG_08\"><\/div>\n\t\t\t<\/div>\n\t\t\t<div class=\"WooZone-cross-sell-loader-text\"><\/div>\n\t\t<\/div>\n\t<\/div>\n\n\t\t\n<\/div>\n<div style=\"clear:both;\"><\/div><\/p>\n","protected":false},"excerpt":{"rendered":"<p>Hervorragende Qualit\u00e4t: Der Einlaufbeutel ist aus importiertem Premium-Gummi, der Klistierschlauch ist aus medizinischem Silikon.<br \/>\nLieferumfang: 1 x Klistierbeutel, 1 x Silikonschlauch, 1 x Edelstahl-Haken zum Aufh\u00e4ngen, 5 x Einlaufd\u00fcsen, 1 x Tasche.<br \/>\n\u3010Komplettpaket\u3011Unser Darmreinigungs-Kit besteht aus einem Klistierbeutel mit 2 l, einem 1,5 m langen Schlauch aus weichem und ungiftigem Silikon und 3 weichen, flexiblen und wiederverwendbaren Spitzen in verschiedenen Formen. Sie k\u00f6nnen die Einlaufspitze nach Ihrem Interesse und Vorlieben ausw\u00e4hlen.<\/p>\n","protected":false},"featured_media":95467,"comment_status":"open","ping_status":"closed","template":"","meta":[],"product_brand":[],"product_cat":[652,2977],"product_tag":[],"class_list":{"0":"post-95466","1":"product","2":"type-product","3":"status-publish","4":"has-post-thumbnail","6":"product_cat-erotik-markt-xxl","7":"product_cat-sexspielzeug","8":"pa_binding-unbekannter-einband","9":"pa_manufacturer-kyzetjd","11":"first","12":"instock","13":"shipping-taxable","14":"purchasable","15":"product-type-simple","16":"customify-col","17":"product-has-gallery"},"yoast_head":"<!-- This site is optimized with the Yoast SEO plugin v27.4 - https:\/\/yoast.com\/product\/yoast-seo-wordpress\/ -->\n<title>KYZETJD Kaffee-Klistierbeutel-Set, 2 l Kapazit\u00e4t, f\u00fcr Darmentgiftung, Reinigungseinl\u00e4ufe - Markt-XXL<\/title>\n<meta name=\"description\" content=\"Markt-XXL KYZETJD Kaffee-Klistierbeutel-Set, 2 l Kapazit\u00e4t, f\u00fcr Darmentgiftung, Reinigungseinl\u00e4ufe\" \/>\n<meta name=\"robots\" content=\"index, follow, max-snippet:-1, max-image-preview:large, max-video-preview:-1\" \/>\n<link rel=\"canonical\" href=\"https:\/\/marktxxl.de\/markt\/produkt\/kyzetjd-kaffee-klistierbeutel-set-2-l-kapazitaet-fuer-darmentgiftung-reinigungseinlaeufe\/\" \/>\n<meta property=\"og:locale\" content=\"de_DE\" \/>\n<meta property=\"og:type\" content=\"article\" \/>\n<meta property=\"og:title\" content=\"KYZETJD Kaffee-Klistierbeutel-Set, 2 l Kapazit\u00e4t, f\u00fcr Darmentgiftung, Reinigungseinl\u00e4ufe - Markt-XXL\" \/>\n<meta property=\"og:description\" content=\"Markt-XXL KYZETJD Kaffee-Klistierbeutel-Set, 2 l Kapazit\u00e4t, f\u00fcr Darmentgiftung, Reinigungseinl\u00e4ufe\" \/>\n<meta property=\"og:url\" content=\"https:\/\/marktxxl.de\/markt\/produkt\/kyzetjd-kaffee-klistierbeutel-set-2-l-kapazitaet-fuer-darmentgiftung-reinigungseinlaeufe\/\" \/>\n<meta property=\"og:site_name\" content=\"Markt-XXL\" \/>\n<meta property=\"article:modified_time\" content=\"2023-04-09T00:53:07+00:00\" \/>\n<meta property=\"og:image\" content=\"https:\/\/m.media-amazon.com\/images\/I\/51Kx8AJuZOL._SL500_.jpg\" \/>\n\t<meta property=\"og:image:width\" content=\"500\" \/>\n\t<meta property=\"og:image:height\" content=\"500\" \/>\n\t<meta property=\"og:image:type\" content=\"image\/jpeg\" \/>\n<meta name=\"twitter:card\" content=\"summary_large_image\" \/>\n<meta name=\"twitter:label1\" content=\"Gesch\u00e4tzte Lesezeit\" \/>\n\t<meta name=\"twitter:data1\" content=\"1\u00a0Minute\" \/>\n<script type=\"application\/ld+json\" class=\"yoast-schema-graph\">{\"@context\":\"https:\\\/\\\/schema.org\",\"@graph\":[{\"@type\":\"WebPage\",\"@id\":\"https:\\\/\\\/marktxxl.de\\\/markt\\\/produkt\\\/kyzetjd-kaffee-klistierbeutel-set-2-l-kapazitaet-fuer-darmentgiftung-reinigungseinlaeufe\\\/\",\"url\":\"https:\\\/\\\/marktxxl.de\\\/markt\\\/produkt\\\/kyzetjd-kaffee-klistierbeutel-set-2-l-kapazitaet-fuer-darmentgiftung-reinigungseinlaeufe\\\/\",\"name\":\"KYZETJD Kaffee-Klistierbeutel-Set, 2 l Kapazit\u00e4t, f\u00fcr Darmentgiftung, Reinigungseinl\u00e4ufe - Markt-XXL\",\"isPartOf\":{\"@id\":\"https:\\\/\\\/marktxxl.de\\\/markt\\\/#website\"},\"primaryImageOfPage\":{\"@id\":\"https:\\\/\\\/marktxxl.de\\\/markt\\\/produkt\\\/kyzetjd-kaffee-klistierbeutel-set-2-l-kapazitaet-fuer-darmentgiftung-reinigungseinlaeufe\\\/#primaryimage\"},\"image\":{\"@id\":\"https:\\\/\\\/marktxxl.de\\\/markt\\\/produkt\\\/kyzetjd-kaffee-klistierbeutel-set-2-l-kapazitaet-fuer-darmentgiftung-reinigungseinlaeufe\\\/#primaryimage\"},\"thumbnailUrl\":\"https:\\\/\\\/m.media-amazon.com\\\/images\\\/I\\\/51Kx8AJuZOL._SL500_.jpg\",\"datePublished\":\"2022-01-01T16:34:10+00:00\",\"dateModified\":\"2023-04-09T00:53:07+00:00\",\"description\":\"Markt-XXL KYZETJD Kaffee-Klistierbeutel-Set, 2 l Kapazit\u00e4t, f\u00fcr Darmentgiftung, Reinigungseinl\u00e4ufe\",\"breadcrumb\":{\"@id\":\"https:\\\/\\\/marktxxl.de\\\/markt\\\/produkt\\\/kyzetjd-kaffee-klistierbeutel-set-2-l-kapazitaet-fuer-darmentgiftung-reinigungseinlaeufe\\\/#breadcrumb\"},\"inLanguage\":\"de\",\"potentialAction\":[{\"@type\":\"ReadAction\",\"target\":[\"https:\\\/\\\/marktxxl.de\\\/markt\\\/produkt\\\/kyzetjd-kaffee-klistierbeutel-set-2-l-kapazitaet-fuer-darmentgiftung-reinigungseinlaeufe\\\/\"]}]},{\"@type\":\"ImageObject\",\"inLanguage\":\"de\",\"@id\":\"https:\\\/\\\/marktxxl.de\\\/markt\\\/produkt\\\/kyzetjd-kaffee-klistierbeutel-set-2-l-kapazitaet-fuer-darmentgiftung-reinigungseinlaeufe\\\/#primaryimage\",\"url\":\"https:\\\/\\\/m.media-amazon.com\\\/images\\\/I\\\/51Kx8AJuZOL._SL500_.jpg\",\"contentUrl\":\"https:\\\/\\\/m.media-amazon.com\\\/images\\\/I\\\/51Kx8AJuZOL._SL500_.jpg\",\"width\":500,\"height\":500},{\"@type\":\"BreadcrumbList\",\"@id\":\"https:\\\/\\\/marktxxl.de\\\/markt\\\/produkt\\\/kyzetjd-kaffee-klistierbeutel-set-2-l-kapazitaet-fuer-darmentgiftung-reinigungseinlaeufe\\\/#breadcrumb\",\"itemListElement\":[{\"@type\":\"ListItem\",\"position\":1,\"name\":\"Startseite\",\"item\":\"https:\\\/\\\/marktxxl.de\\\/markt\\\/\"},{\"@type\":\"ListItem\",\"position\":2,\"name\":\"Markt\",\"item\":\"https:\\\/\\\/marktxxl.de\\\/markt\\\/\"},{\"@type\":\"ListItem\",\"position\":3,\"name\":\"KYZETJD Kaffee-Klistierbeutel-Set, 2 l Kapazit\u00e4t, f\u00fcr Darmentgiftung, Reinigungseinl\u00e4ufe\"}]},{\"@type\":\"WebSite\",\"@id\":\"https:\\\/\\\/marktxxl.de\\\/markt\\\/#website\",\"url\":\"https:\\\/\\\/marktxxl.de\\\/markt\\\/\",\"name\":\"Markt-XXL\",\"description\":\"Ihr Markt Online\",\"publisher\":{\"@id\":\"https:\\\/\\\/marktxxl.de\\\/markt\\\/#organization\"},\"potentialAction\":[{\"@type\":\"SearchAction\",\"target\":{\"@type\":\"EntryPoint\",\"urlTemplate\":\"https:\\\/\\\/marktxxl.de\\\/markt\\\/?s={search_term_string}\"},\"query-input\":{\"@type\":\"PropertyValueSpecification\",\"valueRequired\":true,\"valueName\":\"search_term_string\"}}],\"inLanguage\":\"de\"},{\"@type\":\"Organization\",\"@id\":\"https:\\\/\\\/marktxxl.de\\\/markt\\\/#organization\",\"name\":\"Markt-XXL\",\"url\":\"https:\\\/\\\/marktxxl.de\\\/markt\\\/\",\"logo\":{\"@type\":\"ImageObject\",\"inLanguage\":\"de\",\"@id\":\"https:\\\/\\\/marktxxl.de\\\/markt\\\/#\\\/schema\\\/logo\\\/image\\\/\",\"url\":\"https:\\\/\\\/marktxxl.de\\\/markt\\\/wp-content\\\/uploads\\\/sites\\\/3\\\/2020\\\/12\\\/logo.png\",\"contentUrl\":\"https:\\\/\\\/marktxxl.de\\\/markt\\\/wp-content\\\/uploads\\\/sites\\\/3\\\/2020\\\/12\\\/logo.png\",\"width\":200,\"height\":70,\"caption\":\"Markt-XXL\"},\"image\":{\"@id\":\"https:\\\/\\\/marktxxl.de\\\/markt\\\/#\\\/schema\\\/logo\\\/image\\\/\"}}]}<\/script>\n<!-- \/ Yoast SEO plugin. -->","yoast_head_json":{"title":"KYZETJD Kaffee-Klistierbeutel-Set, 2 l Kapazit\u00e4t, f\u00fcr Darmentgiftung, Reinigungseinl\u00e4ufe - Markt-XXL","description":"Markt-XXL KYZETJD Kaffee-Klistierbeutel-Set, 2 l Kapazit\u00e4t, f\u00fcr Darmentgiftung, Reinigungseinl\u00e4ufe","robots":{"index":"index","follow":"follow","max-snippet":"max-snippet:-1","max-image-preview":"max-image-preview:large","max-video-preview":"max-video-preview:-1"},"canonical":"https:\/\/marktxxl.de\/markt\/produkt\/kyzetjd-kaffee-klistierbeutel-set-2-l-kapazitaet-fuer-darmentgiftung-reinigungseinlaeufe\/","og_locale":"de_DE","og_type":"article","og_title":"KYZETJD Kaffee-Klistierbeutel-Set, 2 l Kapazit\u00e4t, f\u00fcr Darmentgiftung, Reinigungseinl\u00e4ufe - Markt-XXL","og_description":"Markt-XXL KYZETJD Kaffee-Klistierbeutel-Set, 2 l Kapazit\u00e4t, f\u00fcr Darmentgiftung, Reinigungseinl\u00e4ufe","og_url":"https:\/\/marktxxl.de\/markt\/produkt\/kyzetjd-kaffee-klistierbeutel-set-2-l-kapazitaet-fuer-darmentgiftung-reinigungseinlaeufe\/","og_site_name":"Markt-XXL","article_modified_time":"2023-04-09T00:53:07+00:00","og_image":[{"width":500,"height":500,"url":"https:\/\/m.media-amazon.com\/images\/I\/51Kx8AJuZOL._SL500_.jpg","type":"image\/jpeg"}],"twitter_card":"summary_large_image","twitter_misc":{"Gesch\u00e4tzte Lesezeit":"1\u00a0Minute"},"schema":{"@context":"https:\/\/schema.org","@graph":[{"@type":"WebPage","@id":"https:\/\/marktxxl.de\/markt\/produkt\/kyzetjd-kaffee-klistierbeutel-set-2-l-kapazitaet-fuer-darmentgiftung-reinigungseinlaeufe\/","url":"https:\/\/marktxxl.de\/markt\/produkt\/kyzetjd-kaffee-klistierbeutel-set-2-l-kapazitaet-fuer-darmentgiftung-reinigungseinlaeufe\/","name":"KYZETJD Kaffee-Klistierbeutel-Set, 2 l Kapazit\u00e4t, f\u00fcr Darmentgiftung, Reinigungseinl\u00e4ufe - Markt-XXL","isPartOf":{"@id":"https:\/\/marktxxl.de\/markt\/#website"},"primaryImageOfPage":{"@id":"https:\/\/marktxxl.de\/markt\/produkt\/kyzetjd-kaffee-klistierbeutel-set-2-l-kapazitaet-fuer-darmentgiftung-reinigungseinlaeufe\/#primaryimage"},"image":{"@id":"https:\/\/marktxxl.de\/markt\/produkt\/kyzetjd-kaffee-klistierbeutel-set-2-l-kapazitaet-fuer-darmentgiftung-reinigungseinlaeufe\/#primaryimage"},"thumbnailUrl":"https:\/\/m.media-amazon.com\/images\/I\/51Kx8AJuZOL._SL500_.jpg","datePublished":"2022-01-01T16:34:10+00:00","dateModified":"2023-04-09T00:53:07+00:00","description":"Markt-XXL KYZETJD Kaffee-Klistierbeutel-Set, 2 l Kapazit\u00e4t, f\u00fcr Darmentgiftung, Reinigungseinl\u00e4ufe","breadcrumb":{"@id":"https:\/\/marktxxl.de\/markt\/produkt\/kyzetjd-kaffee-klistierbeutel-set-2-l-kapazitaet-fuer-darmentgiftung-reinigungseinlaeufe\/#breadcrumb"},"inLanguage":"de","potentialAction":[{"@type":"ReadAction","target":["https:\/\/marktxxl.de\/markt\/produkt\/kyzetjd-kaffee-klistierbeutel-set-2-l-kapazitaet-fuer-darmentgiftung-reinigungseinlaeufe\/"]}]},{"@type":"ImageObject","inLanguage":"de","@id":"https:\/\/marktxxl.de\/markt\/produkt\/kyzetjd-kaffee-klistierbeutel-set-2-l-kapazitaet-fuer-darmentgiftung-reinigungseinlaeufe\/#primaryimage","url":"https:\/\/m.media-amazon.com\/images\/I\/51Kx8AJuZOL._SL500_.jpg","contentUrl":"https:\/\/m.media-amazon.com\/images\/I\/51Kx8AJuZOL._SL500_.jpg","width":500,"height":500},{"@type":"BreadcrumbList","@id":"https:\/\/marktxxl.de\/markt\/produkt\/kyzetjd-kaffee-klistierbeutel-set-2-l-kapazitaet-fuer-darmentgiftung-reinigungseinlaeufe\/#breadcrumb","itemListElement":[{"@type":"ListItem","position":1,"name":"Startseite","item":"https:\/\/marktxxl.de\/markt\/"},{"@type":"ListItem","position":2,"name":"Markt","item":"https:\/\/marktxxl.de\/markt\/"},{"@type":"ListItem","position":3,"name":"KYZETJD Kaffee-Klistierbeutel-Set, 2 l Kapazit\u00e4t, f\u00fcr Darmentgiftung, Reinigungseinl\u00e4ufe"}]},{"@type":"WebSite","@id":"https:\/\/marktxxl.de\/markt\/#website","url":"https:\/\/marktxxl.de\/markt\/","name":"Markt-XXL","description":"Ihr Markt Online","publisher":{"@id":"https:\/\/marktxxl.de\/markt\/#organization"},"potentialAction":[{"@type":"SearchAction","target":{"@type":"EntryPoint","urlTemplate":"https:\/\/marktxxl.de\/markt\/?s={search_term_string}"},"query-input":{"@type":"PropertyValueSpecification","valueRequired":true,"valueName":"search_term_string"}}],"inLanguage":"de"},{"@type":"Organization","@id":"https:\/\/marktxxl.de\/markt\/#organization","name":"Markt-XXL","url":"https:\/\/marktxxl.de\/markt\/","logo":{"@type":"ImageObject","inLanguage":"de","@id":"https:\/\/marktxxl.de\/markt\/#\/schema\/logo\/image\/","url":"https:\/\/marktxxl.de\/markt\/wp-content\/uploads\/sites\/3\/2020\/12\/logo.png","contentUrl":"https:\/\/marktxxl.de\/markt\/wp-content\/uploads\/sites\/3\/2020\/12\/logo.png","width":200,"height":70,"caption":"Markt-XXL"},"image":{"@id":"https:\/\/marktxxl.de\/markt\/#\/schema\/logo\/image\/"}}]}},"_links":{"self":[{"href":"https:\/\/marktxxl.de\/markt\/wp-json\/wp\/v2\/product\/95466","targetHints":{"allow":["GET"]}}],"collection":[{"href":"https:\/\/marktxxl.de\/markt\/wp-json\/wp\/v2\/product"}],"about":[{"href":"https:\/\/marktxxl.de\/markt\/wp-json\/wp\/v2\/types\/product"}],"replies":[{"embeddable":true,"href":"https:\/\/marktxxl.de\/markt\/wp-json\/wp\/v2\/comments?post=95466"}],"wp:featuredmedia":[{"embeddable":true,"href":"https:\/\/marktxxl.de\/markt\/wp-json\/wp\/v2\/media\/95467"}],"wp:attachment":[{"href":"https:\/\/marktxxl.de\/markt\/wp-json\/wp\/v2\/media?parent=95466"}],"wp:term":[{"taxonomy":"product_brand","embeddable":true,"href":"https:\/\/marktxxl.de\/markt\/wp-json\/wp\/v2\/product_brand?post=95466"},{"taxonomy":"product_cat","embeddable":true,"href":"https:\/\/marktxxl.de\/markt\/wp-json\/wp\/v2\/product_cat?post=95466"},{"taxonomy":"product_tag","embeddable":true,"href":"https:\/\/marktxxl.de\/markt\/wp-json\/wp\/v2\/product_tag?post=95466"}],"curies":[{"name":"wp","href":"https:\/\/api.w.org\/{rel}","templated":true}]}}