{"id":95456,"date":"2022-01-01T17:33:59","date_gmt":"2022-01-01T16:33:59","guid":{"rendered":"https:\/\/marktxxl.de\/markt\/produkt\/gnegklean-kaffee-einlaufbeutel-set-15-m-silikonschlauch-2-l-einlaeufe-zu-hause-wasser-und-darm-detox-reinigungsset\/"},"modified":"2023-04-09T02:53:07","modified_gmt":"2023-04-09T00:53:07","slug":"gnegklean-kaffee-einlaufbeutel-set-15-m-silikonschlauch-2-l-einlaeufe-zu-hause-wasser-und-darm-detox-reinigungsset","status":"publish","type":"product","link":"https:\/\/marktxxl.de\/markt\/produkt\/gnegklean-kaffee-einlaufbeutel-set-15-m-silikonschlauch-2-l-einlaeufe-zu-hause-wasser-und-darm-detox-reinigungsset\/","title":{"rendered":"GNEGKLEAN Kaffee-Einlaufbeutel-Set, 1,5 m Silikonschlauch, 2 l Einl\u00e4ufe zu Hause, Wasser und Darm-Detox-Reinigungsset"},"content":{"rendered":"<p>Klistierbeutel: aus Gummi, der nach jedem Gebrauch funkelnd sauber bleibt. Kapazit\u00e4t von 2 Litern. Der Klistierschlauch ist aus hochwertigem Silikon.<br \/>\nSicher und praktisch: Das Klistier Detox Cleanse Kit hat eine weiche und bequeme wiederverwendbare Wasserd\u00fcse, mit flexiblen Spitzen, aus ungiftigem BPA und frei von Phthalaten. Dieses umweltfreundliche Einlauf-Set ist sehr einfach und bequem zu bedienen und kann mit Hilfe der Haken \u00fcberall aufgeh\u00e4ngt werden.<br \/>\nKontrollierter Mechanismus: Der Darmreiniger hat ein gelbes Ventil zur Wasserkontrolle, mit dem Sie die Geschwindigkeit der Einlaufl\u00f6sung einstellen k\u00f6nnen, die aus den Rohren kommt. Durch die Steuerung der Geschwindigkeit des Flusses k\u00f6nnen Sie eine sichere, bequeme, bequeme und angenehme Erfahrung haben.<br \/>\n\u3010Komplettpaket\u3011Unser Darmreinigungs-Kit besteht aus einem Klistierbeutel mit 2 l, einem 1,5 m langen Schlauch aus weichem und ungiftigem Silikon und 3 weichen, flexiblen und wiederverwendbaren Spitzen in verschiedenen Formen. Sie k\u00f6nnen die Einlaufspitze nach Ihrem Interesse und Vorlieben ausw\u00e4hlen.<br \/>\nVielseitig einsetzbar: Das GNEGKLEAN Klistier-Set ist eine praktische und komfortable Ausr\u00fcstung, um Klistier zu Hause zu reinigen. Dieses Darm-Detox-Kit ist geeignet f\u00fcr alle Arten von Darm-Hydrotherapie-Einl\u00e4ufen wie Garson Therapy, Darmreinigung, Detox-Klistier, Kaffee-Einlauf und Wasserreinigung.<br \/>\n<div class=\"main-cross-sell\" data-asin=\"B08K4BD69W\">\n\n\t<div class=\"WooZone-cross-sell-loader\">\n\t\t<div>\n\t\t\t<div id=\"floatingBarsG\">\n\t\t\t\t<div class=\"blockG\" id=\"rotateG_01\"><\/div>\n\t\t\t\t<div class=\"blockG\" id=\"rotateG_02\"><\/div>\n\t\t\t\t<div class=\"blockG\" id=\"rotateG_03\"><\/div>\n\t\t\t\t<div class=\"blockG\" id=\"rotateG_04\"><\/div>\n\t\t\t\t<div class=\"blockG\" id=\"rotateG_05\"><\/div>\n\t\t\t\t<div class=\"blockG\" id=\"rotateG_06\"><\/div>\n\t\t\t\t<div class=\"blockG\" id=\"rotateG_07\"><\/div>\n\t\t\t\t<div class=\"blockG\" id=\"rotateG_08\"><\/div>\n\t\t\t<\/div>\n\t\t\t<div class=\"WooZone-cross-sell-loader-text\"><\/div>\n\t\t<\/div>\n\t<\/div>\n\n\t\t\n<\/div>\n<div style=\"clear:both;\"><\/div><\/p>\n","protected":false},"excerpt":{"rendered":"<p>Klistierbeutel: aus Gummi, der nach jedem Gebrauch funkelnd sauber bleibt. Kapazit\u00e4t von 2 Litern. Der Klistierschlauch ist aus hochwertigem Silikon.<br \/>\nSicher und praktisch: Das Klistier Detox Cleanse Kit hat eine weiche und bequeme wiederverwendbare Wasserd\u00fcse, mit flexiblen Spitzen, aus ungiftigem BPA und frei von Phthalaten. Dieses umweltfreundliche Einlauf-Set ist sehr einfach und bequem zu bedienen und kann mit Hilfe der Haken \u00fcberall aufgeh\u00e4ngt werden.<br \/>\nKontrollierter Mechanismus: Der Darmreiniger hat ein gelbes Ventil zur Wasserkontrolle, mit dem Sie die Geschwindigkeit der Einlaufl\u00f6sung einstellen k\u00f6nnen, die aus den Rohren kommt. Durch die Steuerung der Geschwindigkeit des Flusses k\u00f6nnen Sie eine sichere, bequeme, bequeme und angenehme Erfahrung haben.<\/p>\n","protected":false},"featured_media":95457,"comment_status":"open","ping_status":"closed","template":"","meta":[],"product_brand":[],"product_cat":[652,2977],"product_tag":[],"class_list":{"0":"post-95456","1":"product","2":"type-product","3":"status-publish","4":"has-post-thumbnail","6":"product_cat-erotik-markt-xxl","7":"product_cat-sexspielzeug","8":"pa_binding-badartikel","9":"pa_brand-gnegklean","10":"pa_manufacturer-gnegklean","12":"first","13":"instock","14":"shipping-taxable","15":"purchasable","16":"product-type-simple","17":"customify-col","18":"product-has-gallery"},"yoast_head":"<!-- This site is optimized with the Yoast SEO plugin v27.4 - https:\/\/yoast.com\/product\/yoast-seo-wordpress\/ -->\n<title>GNEGKLEAN Kaffee-Einlaufbeutel-Set, 1,5 m Silikonschlauch, 2 l Einl\u00e4ufe zu Hause, Wasser und Darm-Detox-Reinigungsset - Markt-XXL<\/title>\n<meta name=\"description\" content=\"Markt-XXL GNEGKLEAN Kaffee-Einlaufbeutel-Set, 1,5 m Silikonschlauch, 2 l Einl\u00e4ufe zu Hause, Wasser und Darm-Detox-Reinigungsset\" \/>\n<meta name=\"robots\" content=\"index, follow, max-snippet:-1, max-image-preview:large, max-video-preview:-1\" \/>\n<link rel=\"canonical\" href=\"https:\/\/marktxxl.de\/markt\/produkt\/gnegklean-kaffee-einlaufbeutel-set-15-m-silikonschlauch-2-l-einlaeufe-zu-hause-wasser-und-darm-detox-reinigungsset\/\" \/>\n<meta property=\"og:locale\" content=\"de_DE\" \/>\n<meta property=\"og:type\" content=\"article\" \/>\n<meta property=\"og:title\" content=\"GNEGKLEAN Kaffee-Einlaufbeutel-Set, 1,5 m Silikonschlauch, 2 l Einl\u00e4ufe zu Hause, Wasser und Darm-Detox-Reinigungsset - Markt-XXL\" \/>\n<meta property=\"og:description\" content=\"Markt-XXL GNEGKLEAN Kaffee-Einlaufbeutel-Set, 1,5 m Silikonschlauch, 2 l Einl\u00e4ufe zu Hause, Wasser und Darm-Detox-Reinigungsset\" \/>\n<meta property=\"og:url\" content=\"https:\/\/marktxxl.de\/markt\/produkt\/gnegklean-kaffee-einlaufbeutel-set-15-m-silikonschlauch-2-l-einlaeufe-zu-hause-wasser-und-darm-detox-reinigungsset\/\" \/>\n<meta property=\"og:site_name\" content=\"Markt-XXL\" \/>\n<meta property=\"article:modified_time\" content=\"2023-04-09T00:53:07+00:00\" \/>\n<meta property=\"og:image\" content=\"https:\/\/m.media-amazon.com\/images\/I\/51geG9lvwcL._SL500_.jpg\" \/>\n\t<meta property=\"og:image:width\" content=\"500\" \/>\n\t<meta property=\"og:image:height\" content=\"500\" \/>\n\t<meta property=\"og:image:type\" content=\"image\/jpeg\" \/>\n<meta name=\"twitter:card\" content=\"summary_large_image\" \/>\n<meta name=\"twitter:label1\" content=\"Gesch\u00e4tzte Lesezeit\" \/>\n\t<meta name=\"twitter:data1\" content=\"1\u00a0Minute\" \/>\n<script type=\"application\/ld+json\" class=\"yoast-schema-graph\">{\"@context\":\"https:\\\/\\\/schema.org\",\"@graph\":[{\"@type\":\"WebPage\",\"@id\":\"https:\\\/\\\/marktxxl.de\\\/markt\\\/produkt\\\/gnegklean-kaffee-einlaufbeutel-set-15-m-silikonschlauch-2-l-einlaeufe-zu-hause-wasser-und-darm-detox-reinigungsset\\\/\",\"url\":\"https:\\\/\\\/marktxxl.de\\\/markt\\\/produkt\\\/gnegklean-kaffee-einlaufbeutel-set-15-m-silikonschlauch-2-l-einlaeufe-zu-hause-wasser-und-darm-detox-reinigungsset\\\/\",\"name\":\"GNEGKLEAN Kaffee-Einlaufbeutel-Set, 1,5 m Silikonschlauch, 2 l Einl\u00e4ufe zu Hause, Wasser und Darm-Detox-Reinigungsset - Markt-XXL\",\"isPartOf\":{\"@id\":\"https:\\\/\\\/marktxxl.de\\\/markt\\\/#website\"},\"primaryImageOfPage\":{\"@id\":\"https:\\\/\\\/marktxxl.de\\\/markt\\\/produkt\\\/gnegklean-kaffee-einlaufbeutel-set-15-m-silikonschlauch-2-l-einlaeufe-zu-hause-wasser-und-darm-detox-reinigungsset\\\/#primaryimage\"},\"image\":{\"@id\":\"https:\\\/\\\/marktxxl.de\\\/markt\\\/produkt\\\/gnegklean-kaffee-einlaufbeutel-set-15-m-silikonschlauch-2-l-einlaeufe-zu-hause-wasser-und-darm-detox-reinigungsset\\\/#primaryimage\"},\"thumbnailUrl\":\"https:\\\/\\\/m.media-amazon.com\\\/images\\\/I\\\/51geG9lvwcL._SL500_.jpg\",\"datePublished\":\"2022-01-01T16:33:59+00:00\",\"dateModified\":\"2023-04-09T00:53:07+00:00\",\"description\":\"Markt-XXL GNEGKLEAN Kaffee-Einlaufbeutel-Set, 1,5 m Silikonschlauch, 2 l Einl\u00e4ufe zu Hause, Wasser und Darm-Detox-Reinigungsset\",\"breadcrumb\":{\"@id\":\"https:\\\/\\\/marktxxl.de\\\/markt\\\/produkt\\\/gnegklean-kaffee-einlaufbeutel-set-15-m-silikonschlauch-2-l-einlaeufe-zu-hause-wasser-und-darm-detox-reinigungsset\\\/#breadcrumb\"},\"inLanguage\":\"de\",\"potentialAction\":[{\"@type\":\"ReadAction\",\"target\":[\"https:\\\/\\\/marktxxl.de\\\/markt\\\/produkt\\\/gnegklean-kaffee-einlaufbeutel-set-15-m-silikonschlauch-2-l-einlaeufe-zu-hause-wasser-und-darm-detox-reinigungsset\\\/\"]}]},{\"@type\":\"ImageObject\",\"inLanguage\":\"de\",\"@id\":\"https:\\\/\\\/marktxxl.de\\\/markt\\\/produkt\\\/gnegklean-kaffee-einlaufbeutel-set-15-m-silikonschlauch-2-l-einlaeufe-zu-hause-wasser-und-darm-detox-reinigungsset\\\/#primaryimage\",\"url\":\"https:\\\/\\\/m.media-amazon.com\\\/images\\\/I\\\/51geG9lvwcL._SL500_.jpg\",\"contentUrl\":\"https:\\\/\\\/m.media-amazon.com\\\/images\\\/I\\\/51geG9lvwcL._SL500_.jpg\",\"width\":500,\"height\":500},{\"@type\":\"BreadcrumbList\",\"@id\":\"https:\\\/\\\/marktxxl.de\\\/markt\\\/produkt\\\/gnegklean-kaffee-einlaufbeutel-set-15-m-silikonschlauch-2-l-einlaeufe-zu-hause-wasser-und-darm-detox-reinigungsset\\\/#breadcrumb\",\"itemListElement\":[{\"@type\":\"ListItem\",\"position\":1,\"name\":\"Startseite\",\"item\":\"https:\\\/\\\/marktxxl.de\\\/markt\\\/\"},{\"@type\":\"ListItem\",\"position\":2,\"name\":\"Markt\",\"item\":\"https:\\\/\\\/marktxxl.de\\\/markt\\\/\"},{\"@type\":\"ListItem\",\"position\":3,\"name\":\"GNEGKLEAN Kaffee-Einlaufbeutel-Set, 1,5 m Silikonschlauch, 2 l Einl\u00e4ufe zu Hause, Wasser und Darm-Detox-Reinigungsset\"}]},{\"@type\":\"WebSite\",\"@id\":\"https:\\\/\\\/marktxxl.de\\\/markt\\\/#website\",\"url\":\"https:\\\/\\\/marktxxl.de\\\/markt\\\/\",\"name\":\"Markt-XXL\",\"description\":\"Ihr Markt Online\",\"publisher\":{\"@id\":\"https:\\\/\\\/marktxxl.de\\\/markt\\\/#organization\"},\"potentialAction\":[{\"@type\":\"SearchAction\",\"target\":{\"@type\":\"EntryPoint\",\"urlTemplate\":\"https:\\\/\\\/marktxxl.de\\\/markt\\\/?s={search_term_string}\"},\"query-input\":{\"@type\":\"PropertyValueSpecification\",\"valueRequired\":true,\"valueName\":\"search_term_string\"}}],\"inLanguage\":\"de\"},{\"@type\":\"Organization\",\"@id\":\"https:\\\/\\\/marktxxl.de\\\/markt\\\/#organization\",\"name\":\"Markt-XXL\",\"url\":\"https:\\\/\\\/marktxxl.de\\\/markt\\\/\",\"logo\":{\"@type\":\"ImageObject\",\"inLanguage\":\"de\",\"@id\":\"https:\\\/\\\/marktxxl.de\\\/markt\\\/#\\\/schema\\\/logo\\\/image\\\/\",\"url\":\"https:\\\/\\\/marktxxl.de\\\/markt\\\/wp-content\\\/uploads\\\/sites\\\/3\\\/2020\\\/12\\\/logo.png\",\"contentUrl\":\"https:\\\/\\\/marktxxl.de\\\/markt\\\/wp-content\\\/uploads\\\/sites\\\/3\\\/2020\\\/12\\\/logo.png\",\"width\":200,\"height\":70,\"caption\":\"Markt-XXL\"},\"image\":{\"@id\":\"https:\\\/\\\/marktxxl.de\\\/markt\\\/#\\\/schema\\\/logo\\\/image\\\/\"}}]}<\/script>\n<!-- \/ Yoast SEO plugin. -->","yoast_head_json":{"title":"GNEGKLEAN Kaffee-Einlaufbeutel-Set, 1,5 m Silikonschlauch, 2 l Einl\u00e4ufe zu Hause, Wasser und Darm-Detox-Reinigungsset - Markt-XXL","description":"Markt-XXL GNEGKLEAN Kaffee-Einlaufbeutel-Set, 1,5 m Silikonschlauch, 2 l Einl\u00e4ufe zu Hause, Wasser und Darm-Detox-Reinigungsset","robots":{"index":"index","follow":"follow","max-snippet":"max-snippet:-1","max-image-preview":"max-image-preview:large","max-video-preview":"max-video-preview:-1"},"canonical":"https:\/\/marktxxl.de\/markt\/produkt\/gnegklean-kaffee-einlaufbeutel-set-15-m-silikonschlauch-2-l-einlaeufe-zu-hause-wasser-und-darm-detox-reinigungsset\/","og_locale":"de_DE","og_type":"article","og_title":"GNEGKLEAN Kaffee-Einlaufbeutel-Set, 1,5 m Silikonschlauch, 2 l Einl\u00e4ufe zu Hause, Wasser und Darm-Detox-Reinigungsset - Markt-XXL","og_description":"Markt-XXL GNEGKLEAN Kaffee-Einlaufbeutel-Set, 1,5 m Silikonschlauch, 2 l Einl\u00e4ufe zu Hause, Wasser und Darm-Detox-Reinigungsset","og_url":"https:\/\/marktxxl.de\/markt\/produkt\/gnegklean-kaffee-einlaufbeutel-set-15-m-silikonschlauch-2-l-einlaeufe-zu-hause-wasser-und-darm-detox-reinigungsset\/","og_site_name":"Markt-XXL","article_modified_time":"2023-04-09T00:53:07+00:00","og_image":[{"width":500,"height":500,"url":"https:\/\/m.media-amazon.com\/images\/I\/51geG9lvwcL._SL500_.jpg","type":"image\/jpeg"}],"twitter_card":"summary_large_image","twitter_misc":{"Gesch\u00e4tzte Lesezeit":"1\u00a0Minute"},"schema":{"@context":"https:\/\/schema.org","@graph":[{"@type":"WebPage","@id":"https:\/\/marktxxl.de\/markt\/produkt\/gnegklean-kaffee-einlaufbeutel-set-15-m-silikonschlauch-2-l-einlaeufe-zu-hause-wasser-und-darm-detox-reinigungsset\/","url":"https:\/\/marktxxl.de\/markt\/produkt\/gnegklean-kaffee-einlaufbeutel-set-15-m-silikonschlauch-2-l-einlaeufe-zu-hause-wasser-und-darm-detox-reinigungsset\/","name":"GNEGKLEAN Kaffee-Einlaufbeutel-Set, 1,5 m Silikonschlauch, 2 l Einl\u00e4ufe zu Hause, Wasser und Darm-Detox-Reinigungsset - Markt-XXL","isPartOf":{"@id":"https:\/\/marktxxl.de\/markt\/#website"},"primaryImageOfPage":{"@id":"https:\/\/marktxxl.de\/markt\/produkt\/gnegklean-kaffee-einlaufbeutel-set-15-m-silikonschlauch-2-l-einlaeufe-zu-hause-wasser-und-darm-detox-reinigungsset\/#primaryimage"},"image":{"@id":"https:\/\/marktxxl.de\/markt\/produkt\/gnegklean-kaffee-einlaufbeutel-set-15-m-silikonschlauch-2-l-einlaeufe-zu-hause-wasser-und-darm-detox-reinigungsset\/#primaryimage"},"thumbnailUrl":"https:\/\/m.media-amazon.com\/images\/I\/51geG9lvwcL._SL500_.jpg","datePublished":"2022-01-01T16:33:59+00:00","dateModified":"2023-04-09T00:53:07+00:00","description":"Markt-XXL GNEGKLEAN Kaffee-Einlaufbeutel-Set, 1,5 m Silikonschlauch, 2 l Einl\u00e4ufe zu Hause, Wasser und Darm-Detox-Reinigungsset","breadcrumb":{"@id":"https:\/\/marktxxl.de\/markt\/produkt\/gnegklean-kaffee-einlaufbeutel-set-15-m-silikonschlauch-2-l-einlaeufe-zu-hause-wasser-und-darm-detox-reinigungsset\/#breadcrumb"},"inLanguage":"de","potentialAction":[{"@type":"ReadAction","target":["https:\/\/marktxxl.de\/markt\/produkt\/gnegklean-kaffee-einlaufbeutel-set-15-m-silikonschlauch-2-l-einlaeufe-zu-hause-wasser-und-darm-detox-reinigungsset\/"]}]},{"@type":"ImageObject","inLanguage":"de","@id":"https:\/\/marktxxl.de\/markt\/produkt\/gnegklean-kaffee-einlaufbeutel-set-15-m-silikonschlauch-2-l-einlaeufe-zu-hause-wasser-und-darm-detox-reinigungsset\/#primaryimage","url":"https:\/\/m.media-amazon.com\/images\/I\/51geG9lvwcL._SL500_.jpg","contentUrl":"https:\/\/m.media-amazon.com\/images\/I\/51geG9lvwcL._SL500_.jpg","width":500,"height":500},{"@type":"BreadcrumbList","@id":"https:\/\/marktxxl.de\/markt\/produkt\/gnegklean-kaffee-einlaufbeutel-set-15-m-silikonschlauch-2-l-einlaeufe-zu-hause-wasser-und-darm-detox-reinigungsset\/#breadcrumb","itemListElement":[{"@type":"ListItem","position":1,"name":"Startseite","item":"https:\/\/marktxxl.de\/markt\/"},{"@type":"ListItem","position":2,"name":"Markt","item":"https:\/\/marktxxl.de\/markt\/"},{"@type":"ListItem","position":3,"name":"GNEGKLEAN Kaffee-Einlaufbeutel-Set, 1,5 m Silikonschlauch, 2 l Einl\u00e4ufe zu Hause, Wasser und Darm-Detox-Reinigungsset"}]},{"@type":"WebSite","@id":"https:\/\/marktxxl.de\/markt\/#website","url":"https:\/\/marktxxl.de\/markt\/","name":"Markt-XXL","description":"Ihr Markt Online","publisher":{"@id":"https:\/\/marktxxl.de\/markt\/#organization"},"potentialAction":[{"@type":"SearchAction","target":{"@type":"EntryPoint","urlTemplate":"https:\/\/marktxxl.de\/markt\/?s={search_term_string}"},"query-input":{"@type":"PropertyValueSpecification","valueRequired":true,"valueName":"search_term_string"}}],"inLanguage":"de"},{"@type":"Organization","@id":"https:\/\/marktxxl.de\/markt\/#organization","name":"Markt-XXL","url":"https:\/\/marktxxl.de\/markt\/","logo":{"@type":"ImageObject","inLanguage":"de","@id":"https:\/\/marktxxl.de\/markt\/#\/schema\/logo\/image\/","url":"https:\/\/marktxxl.de\/markt\/wp-content\/uploads\/sites\/3\/2020\/12\/logo.png","contentUrl":"https:\/\/marktxxl.de\/markt\/wp-content\/uploads\/sites\/3\/2020\/12\/logo.png","width":200,"height":70,"caption":"Markt-XXL"},"image":{"@id":"https:\/\/marktxxl.de\/markt\/#\/schema\/logo\/image\/"}}]}},"_links":{"self":[{"href":"https:\/\/marktxxl.de\/markt\/wp-json\/wp\/v2\/product\/95456","targetHints":{"allow":["GET"]}}],"collection":[{"href":"https:\/\/marktxxl.de\/markt\/wp-json\/wp\/v2\/product"}],"about":[{"href":"https:\/\/marktxxl.de\/markt\/wp-json\/wp\/v2\/types\/product"}],"replies":[{"embeddable":true,"href":"https:\/\/marktxxl.de\/markt\/wp-json\/wp\/v2\/comments?post=95456"}],"wp:featuredmedia":[{"embeddable":true,"href":"https:\/\/marktxxl.de\/markt\/wp-json\/wp\/v2\/media\/95457"}],"wp:attachment":[{"href":"https:\/\/marktxxl.de\/markt\/wp-json\/wp\/v2\/media?parent=95456"}],"wp:term":[{"taxonomy":"product_brand","embeddable":true,"href":"https:\/\/marktxxl.de\/markt\/wp-json\/wp\/v2\/product_brand?post=95456"},{"taxonomy":"product_cat","embeddable":true,"href":"https:\/\/marktxxl.de\/markt\/wp-json\/wp\/v2\/product_cat?post=95456"},{"taxonomy":"product_tag","embeddable":true,"href":"https:\/\/marktxxl.de\/markt\/wp-json\/wp\/v2\/product_tag?post=95456"}],"curies":[{"name":"wp","href":"https:\/\/api.w.org\/{rel}","templated":true}]}}