{"id":95444,"date":"2022-01-01T17:18:56","date_gmt":"2022-01-01T16:18:56","guid":{"rendered":"https:\/\/marktxxl.de\/markt\/produkt\/ice-lock-edelstahl-eis-schloss-fuer-self-bondage-zeitschloss-2-stunden-eisschloss-groesse-s-bis-m\/"},"modified":"2023-04-09T02:53:06","modified_gmt":"2023-04-09T00:53:06","slug":"ice-lock-edelstahl-eis-schloss-fuer-self-bondage-zeitschloss-2-stunden-eisschloss-groesse-s-bis-m","status":"publish","type":"product","link":"https:\/\/marktxxl.de\/markt\/produkt\/ice-lock-edelstahl-eis-schloss-fuer-self-bondage-zeitschloss-2-stunden-eisschloss-groesse-s-bis-m\/","title":{"rendered":"Ice Lock Edelstahl Eis Schloss f\u00fcr Self Bondage Zeitschloss 2 Stunden Eisschloss Gr\u00f6\u00dfe: S bis M"},"content":{"rendered":"<p>L\u00e4nge: 85mm. Durchmesser: 50mm.<br \/>\nIn Silber. Aus Edelstahl. Leer-Gewicht: 464g.<br \/>\nVerschlie\u00dfzeit je nach Raumtemperatur ungef\u00e4hr 2 Stunden. Dieses Self Bondage Schloss verhindert ein entkommen durch Eis.<br \/>\nF\u00fcllen Sie das Eis Schloss mit Wasser und f\u00fchren Sie den Kernstift in den Beh\u00e4lter zur\u00fcck. Legen Sie nun das mit Wasser bef\u00fcllte Schloss ins Eisfach bis das Wasser gefroren ist. Der Kernstift wird erst freigegeben wenn das Eis wieder geschmolzen ist. Nun kann Ihre BDSM Fessel Session beginnen.<br \/>\n<div class=\"main-cross-sell\" data-asin=\"B0957NZ472\">\n\n\t<div class=\"WooZone-cross-sell-loader\">\n\t\t<div>\n\t\t\t<div id=\"floatingBarsG\">\n\t\t\t\t<div class=\"blockG\" id=\"rotateG_01\"><\/div>\n\t\t\t\t<div class=\"blockG\" id=\"rotateG_02\"><\/div>\n\t\t\t\t<div class=\"blockG\" id=\"rotateG_03\"><\/div>\n\t\t\t\t<div class=\"blockG\" id=\"rotateG_04\"><\/div>\n\t\t\t\t<div class=\"blockG\" id=\"rotateG_05\"><\/div>\n\t\t\t\t<div class=\"blockG\" id=\"rotateG_06\"><\/div>\n\t\t\t\t<div class=\"blockG\" id=\"rotateG_07\"><\/div>\n\t\t\t\t<div class=\"blockG\" id=\"rotateG_08\"><\/div>\n\t\t\t<\/div>\n\t\t\t<div class=\"WooZone-cross-sell-loader-text\"><\/div>\n\t\t<\/div>\n\t<\/div>\n\n\t\t\n<\/div>\n<div style=\"clear:both;\"><\/div><\/p>\n","protected":false},"excerpt":{"rendered":"<p>L\u00e4nge: 85mm. Durchmesser: 50mm.<br \/>\nIn Silber. Aus Edelstahl. Leer-Gewicht: 464g.<br \/>\nVerschlie\u00dfzeit je nach Raumtemperatur ungef\u00e4hr 2 Stunden. Dieses Self Bondage Schloss verhindert ein entkommen durch Eis.<\/p>\n","protected":false},"featured_media":95445,"comment_status":"open","ping_status":"closed","template":"","meta":[],"product_brand":[],"product_cat":[652,3064],"product_tag":[],"class_list":{"0":"post-95444","1":"product","2":"type-product","3":"status-publish","4":"has-post-thumbnail","6":"product_cat-erotik-markt-xxl","7":"product_cat-fesseln-bondage","8":"pa_brand-busch-jaeger-3","9":"pa_brand-tula-toys","10":"pa_manufacturer-tula-toys","11":"pa_size-1-stueck-1er-pack","13":"first","14":"instock","15":"shipping-taxable","16":"purchasable","17":"product-type-simple","18":"customify-col","19":"product-has-gallery"},"yoast_head":"<!-- This site is optimized with the Yoast SEO plugin v27.3 - https:\/\/yoast.com\/product\/yoast-seo-wordpress\/ -->\n<title>Ice Lock Edelstahl Eis Schloss f\u00fcr Self Bondage Zeitschloss 2 Stunden Eisschloss Gr\u00f6\u00dfe: S bis M - Markt-XXL<\/title>\n<meta name=\"description\" content=\"Markt-XXL Ice Lock Edelstahl Eis Schloss f\u00fcr Self Bondage Zeitschloss 2 Stunden Eisschloss Gr\u00f6\u00dfe: S bis M\" \/>\n<meta name=\"robots\" content=\"index, follow, max-snippet:-1, max-image-preview:large, max-video-preview:-1\" \/>\n<link rel=\"canonical\" href=\"https:\/\/marktxxl.de\/markt\/produkt\/ice-lock-edelstahl-eis-schloss-fuer-self-bondage-zeitschloss-2-stunden-eisschloss-groesse-s-bis-m\/\" \/>\n<meta property=\"og:locale\" content=\"de_DE\" \/>\n<meta property=\"og:type\" content=\"article\" \/>\n<meta property=\"og:title\" content=\"Ice Lock Edelstahl Eis Schloss f\u00fcr Self Bondage Zeitschloss 2 Stunden Eisschloss Gr\u00f6\u00dfe: S bis M - Markt-XXL\" \/>\n<meta property=\"og:description\" content=\"Markt-XXL Ice Lock Edelstahl Eis Schloss f\u00fcr Self Bondage Zeitschloss 2 Stunden Eisschloss Gr\u00f6\u00dfe: S bis M\" \/>\n<meta property=\"og:url\" content=\"https:\/\/marktxxl.de\/markt\/produkt\/ice-lock-edelstahl-eis-schloss-fuer-self-bondage-zeitschloss-2-stunden-eisschloss-groesse-s-bis-m\/\" \/>\n<meta property=\"og:site_name\" content=\"Markt-XXL\" \/>\n<meta property=\"article:modified_time\" content=\"2023-04-09T00:53:06+00:00\" \/>\n<meta property=\"og:image\" content=\"https:\/\/m.media-amazon.com\/images\/I\/31ThiAYw1QS._SL500_.jpg\" \/>\n\t<meta property=\"og:image:width\" content=\"237\" \/>\n\t<meta property=\"og:image:height\" content=\"500\" \/>\n\t<meta property=\"og:image:type\" content=\"image\/jpeg\" \/>\n<meta name=\"twitter:card\" content=\"summary_large_image\" \/>\n<script type=\"application\/ld+json\" class=\"yoast-schema-graph\">{\"@context\":\"https:\\\/\\\/schema.org\",\"@graph\":[{\"@type\":\"WebPage\",\"@id\":\"https:\\\/\\\/marktxxl.de\\\/markt\\\/produkt\\\/ice-lock-edelstahl-eis-schloss-fuer-self-bondage-zeitschloss-2-stunden-eisschloss-groesse-s-bis-m\\\/\",\"url\":\"https:\\\/\\\/marktxxl.de\\\/markt\\\/produkt\\\/ice-lock-edelstahl-eis-schloss-fuer-self-bondage-zeitschloss-2-stunden-eisschloss-groesse-s-bis-m\\\/\",\"name\":\"Ice Lock Edelstahl Eis Schloss f\u00fcr Self Bondage Zeitschloss 2 Stunden Eisschloss Gr\u00f6\u00dfe: S bis M - Markt-XXL\",\"isPartOf\":{\"@id\":\"https:\\\/\\\/marktxxl.de\\\/markt\\\/#website\"},\"primaryImageOfPage\":{\"@id\":\"https:\\\/\\\/marktxxl.de\\\/markt\\\/produkt\\\/ice-lock-edelstahl-eis-schloss-fuer-self-bondage-zeitschloss-2-stunden-eisschloss-groesse-s-bis-m\\\/#primaryimage\"},\"image\":{\"@id\":\"https:\\\/\\\/marktxxl.de\\\/markt\\\/produkt\\\/ice-lock-edelstahl-eis-schloss-fuer-self-bondage-zeitschloss-2-stunden-eisschloss-groesse-s-bis-m\\\/#primaryimage\"},\"thumbnailUrl\":\"https:\\\/\\\/m.media-amazon.com\\\/images\\\/I\\\/31ThiAYw1QS._SL500_.jpg\",\"datePublished\":\"2022-01-01T16:18:56+00:00\",\"dateModified\":\"2023-04-09T00:53:06+00:00\",\"description\":\"Markt-XXL Ice Lock Edelstahl Eis Schloss f\u00fcr Self Bondage Zeitschloss 2 Stunden Eisschloss Gr\u00f6\u00dfe: S bis M\",\"breadcrumb\":{\"@id\":\"https:\\\/\\\/marktxxl.de\\\/markt\\\/produkt\\\/ice-lock-edelstahl-eis-schloss-fuer-self-bondage-zeitschloss-2-stunden-eisschloss-groesse-s-bis-m\\\/#breadcrumb\"},\"inLanguage\":\"de\",\"potentialAction\":[{\"@type\":\"ReadAction\",\"target\":[\"https:\\\/\\\/marktxxl.de\\\/markt\\\/produkt\\\/ice-lock-edelstahl-eis-schloss-fuer-self-bondage-zeitschloss-2-stunden-eisschloss-groesse-s-bis-m\\\/\"]}]},{\"@type\":\"ImageObject\",\"inLanguage\":\"de\",\"@id\":\"https:\\\/\\\/marktxxl.de\\\/markt\\\/produkt\\\/ice-lock-edelstahl-eis-schloss-fuer-self-bondage-zeitschloss-2-stunden-eisschloss-groesse-s-bis-m\\\/#primaryimage\",\"url\":\"https:\\\/\\\/m.media-amazon.com\\\/images\\\/I\\\/31ThiAYw1QS._SL500_.jpg\",\"contentUrl\":\"https:\\\/\\\/m.media-amazon.com\\\/images\\\/I\\\/31ThiAYw1QS._SL500_.jpg\",\"width\":237,\"height\":500},{\"@type\":\"BreadcrumbList\",\"@id\":\"https:\\\/\\\/marktxxl.de\\\/markt\\\/produkt\\\/ice-lock-edelstahl-eis-schloss-fuer-self-bondage-zeitschloss-2-stunden-eisschloss-groesse-s-bis-m\\\/#breadcrumb\",\"itemListElement\":[{\"@type\":\"ListItem\",\"position\":1,\"name\":\"Startseite\",\"item\":\"https:\\\/\\\/marktxxl.de\\\/markt\\\/\"},{\"@type\":\"ListItem\",\"position\":2,\"name\":\"Markt\",\"item\":\"https:\\\/\\\/marktxxl.de\\\/markt\\\/\"},{\"@type\":\"ListItem\",\"position\":3,\"name\":\"Ice Lock Edelstahl Eis Schloss f\u00fcr Self Bondage Zeitschloss 2 Stunden Eisschloss Gr\u00f6\u00dfe: S bis M\"}]},{\"@type\":\"WebSite\",\"@id\":\"https:\\\/\\\/marktxxl.de\\\/markt\\\/#website\",\"url\":\"https:\\\/\\\/marktxxl.de\\\/markt\\\/\",\"name\":\"Markt-XXL\",\"description\":\"Ihr Markt Online\",\"publisher\":{\"@id\":\"https:\\\/\\\/marktxxl.de\\\/markt\\\/#organization\"},\"potentialAction\":[{\"@type\":\"SearchAction\",\"target\":{\"@type\":\"EntryPoint\",\"urlTemplate\":\"https:\\\/\\\/marktxxl.de\\\/markt\\\/?s={search_term_string}\"},\"query-input\":{\"@type\":\"PropertyValueSpecification\",\"valueRequired\":true,\"valueName\":\"search_term_string\"}}],\"inLanguage\":\"de\"},{\"@type\":\"Organization\",\"@id\":\"https:\\\/\\\/marktxxl.de\\\/markt\\\/#organization\",\"name\":\"Markt-XXL\",\"url\":\"https:\\\/\\\/marktxxl.de\\\/markt\\\/\",\"logo\":{\"@type\":\"ImageObject\",\"inLanguage\":\"de\",\"@id\":\"https:\\\/\\\/marktxxl.de\\\/markt\\\/#\\\/schema\\\/logo\\\/image\\\/\",\"url\":\"https:\\\/\\\/marktxxl.de\\\/markt\\\/wp-content\\\/uploads\\\/sites\\\/3\\\/2020\\\/12\\\/logo.png\",\"contentUrl\":\"https:\\\/\\\/marktxxl.de\\\/markt\\\/wp-content\\\/uploads\\\/sites\\\/3\\\/2020\\\/12\\\/logo.png\",\"width\":200,\"height\":70,\"caption\":\"Markt-XXL\"},\"image\":{\"@id\":\"https:\\\/\\\/marktxxl.de\\\/markt\\\/#\\\/schema\\\/logo\\\/image\\\/\"}}]}<\/script>\n<!-- \/ Yoast SEO plugin. -->","yoast_head_json":{"title":"Ice Lock Edelstahl Eis Schloss f\u00fcr Self Bondage Zeitschloss 2 Stunden Eisschloss Gr\u00f6\u00dfe: S bis M - Markt-XXL","description":"Markt-XXL Ice Lock Edelstahl Eis Schloss f\u00fcr Self Bondage Zeitschloss 2 Stunden Eisschloss Gr\u00f6\u00dfe: S bis M","robots":{"index":"index","follow":"follow","max-snippet":"max-snippet:-1","max-image-preview":"max-image-preview:large","max-video-preview":"max-video-preview:-1"},"canonical":"https:\/\/marktxxl.de\/markt\/produkt\/ice-lock-edelstahl-eis-schloss-fuer-self-bondage-zeitschloss-2-stunden-eisschloss-groesse-s-bis-m\/","og_locale":"de_DE","og_type":"article","og_title":"Ice Lock Edelstahl Eis Schloss f\u00fcr Self Bondage Zeitschloss 2 Stunden Eisschloss Gr\u00f6\u00dfe: S bis M - Markt-XXL","og_description":"Markt-XXL Ice Lock Edelstahl Eis Schloss f\u00fcr Self Bondage Zeitschloss 2 Stunden Eisschloss Gr\u00f6\u00dfe: S bis M","og_url":"https:\/\/marktxxl.de\/markt\/produkt\/ice-lock-edelstahl-eis-schloss-fuer-self-bondage-zeitschloss-2-stunden-eisschloss-groesse-s-bis-m\/","og_site_name":"Markt-XXL","article_modified_time":"2023-04-09T00:53:06+00:00","og_image":[{"width":237,"height":500,"url":"https:\/\/m.media-amazon.com\/images\/I\/31ThiAYw1QS._SL500_.jpg","type":"image\/jpeg"}],"twitter_card":"summary_large_image","schema":{"@context":"https:\/\/schema.org","@graph":[{"@type":"WebPage","@id":"https:\/\/marktxxl.de\/markt\/produkt\/ice-lock-edelstahl-eis-schloss-fuer-self-bondage-zeitschloss-2-stunden-eisschloss-groesse-s-bis-m\/","url":"https:\/\/marktxxl.de\/markt\/produkt\/ice-lock-edelstahl-eis-schloss-fuer-self-bondage-zeitschloss-2-stunden-eisschloss-groesse-s-bis-m\/","name":"Ice Lock Edelstahl Eis Schloss f\u00fcr Self Bondage Zeitschloss 2 Stunden Eisschloss Gr\u00f6\u00dfe: S bis M - Markt-XXL","isPartOf":{"@id":"https:\/\/marktxxl.de\/markt\/#website"},"primaryImageOfPage":{"@id":"https:\/\/marktxxl.de\/markt\/produkt\/ice-lock-edelstahl-eis-schloss-fuer-self-bondage-zeitschloss-2-stunden-eisschloss-groesse-s-bis-m\/#primaryimage"},"image":{"@id":"https:\/\/marktxxl.de\/markt\/produkt\/ice-lock-edelstahl-eis-schloss-fuer-self-bondage-zeitschloss-2-stunden-eisschloss-groesse-s-bis-m\/#primaryimage"},"thumbnailUrl":"https:\/\/m.media-amazon.com\/images\/I\/31ThiAYw1QS._SL500_.jpg","datePublished":"2022-01-01T16:18:56+00:00","dateModified":"2023-04-09T00:53:06+00:00","description":"Markt-XXL Ice Lock Edelstahl Eis Schloss f\u00fcr Self Bondage Zeitschloss 2 Stunden Eisschloss Gr\u00f6\u00dfe: S bis M","breadcrumb":{"@id":"https:\/\/marktxxl.de\/markt\/produkt\/ice-lock-edelstahl-eis-schloss-fuer-self-bondage-zeitschloss-2-stunden-eisschloss-groesse-s-bis-m\/#breadcrumb"},"inLanguage":"de","potentialAction":[{"@type":"ReadAction","target":["https:\/\/marktxxl.de\/markt\/produkt\/ice-lock-edelstahl-eis-schloss-fuer-self-bondage-zeitschloss-2-stunden-eisschloss-groesse-s-bis-m\/"]}]},{"@type":"ImageObject","inLanguage":"de","@id":"https:\/\/marktxxl.de\/markt\/produkt\/ice-lock-edelstahl-eis-schloss-fuer-self-bondage-zeitschloss-2-stunden-eisschloss-groesse-s-bis-m\/#primaryimage","url":"https:\/\/m.media-amazon.com\/images\/I\/31ThiAYw1QS._SL500_.jpg","contentUrl":"https:\/\/m.media-amazon.com\/images\/I\/31ThiAYw1QS._SL500_.jpg","width":237,"height":500},{"@type":"BreadcrumbList","@id":"https:\/\/marktxxl.de\/markt\/produkt\/ice-lock-edelstahl-eis-schloss-fuer-self-bondage-zeitschloss-2-stunden-eisschloss-groesse-s-bis-m\/#breadcrumb","itemListElement":[{"@type":"ListItem","position":1,"name":"Startseite","item":"https:\/\/marktxxl.de\/markt\/"},{"@type":"ListItem","position":2,"name":"Markt","item":"https:\/\/marktxxl.de\/markt\/"},{"@type":"ListItem","position":3,"name":"Ice Lock Edelstahl Eis Schloss f\u00fcr Self Bondage Zeitschloss 2 Stunden Eisschloss Gr\u00f6\u00dfe: S bis M"}]},{"@type":"WebSite","@id":"https:\/\/marktxxl.de\/markt\/#website","url":"https:\/\/marktxxl.de\/markt\/","name":"Markt-XXL","description":"Ihr Markt Online","publisher":{"@id":"https:\/\/marktxxl.de\/markt\/#organization"},"potentialAction":[{"@type":"SearchAction","target":{"@type":"EntryPoint","urlTemplate":"https:\/\/marktxxl.de\/markt\/?s={search_term_string}"},"query-input":{"@type":"PropertyValueSpecification","valueRequired":true,"valueName":"search_term_string"}}],"inLanguage":"de"},{"@type":"Organization","@id":"https:\/\/marktxxl.de\/markt\/#organization","name":"Markt-XXL","url":"https:\/\/marktxxl.de\/markt\/","logo":{"@type":"ImageObject","inLanguage":"de","@id":"https:\/\/marktxxl.de\/markt\/#\/schema\/logo\/image\/","url":"https:\/\/marktxxl.de\/markt\/wp-content\/uploads\/sites\/3\/2020\/12\/logo.png","contentUrl":"https:\/\/marktxxl.de\/markt\/wp-content\/uploads\/sites\/3\/2020\/12\/logo.png","width":200,"height":70,"caption":"Markt-XXL"},"image":{"@id":"https:\/\/marktxxl.de\/markt\/#\/schema\/logo\/image\/"}}]}},"_links":{"self":[{"href":"https:\/\/marktxxl.de\/markt\/wp-json\/wp\/v2\/product\/95444","targetHints":{"allow":["GET"]}}],"collection":[{"href":"https:\/\/marktxxl.de\/markt\/wp-json\/wp\/v2\/product"}],"about":[{"href":"https:\/\/marktxxl.de\/markt\/wp-json\/wp\/v2\/types\/product"}],"replies":[{"embeddable":true,"href":"https:\/\/marktxxl.de\/markt\/wp-json\/wp\/v2\/comments?post=95444"}],"wp:featuredmedia":[{"embeddable":true,"href":"https:\/\/marktxxl.de\/markt\/wp-json\/wp\/v2\/media\/95445"}],"wp:attachment":[{"href":"https:\/\/marktxxl.de\/markt\/wp-json\/wp\/v2\/media?parent=95444"}],"wp:term":[{"taxonomy":"product_brand","embeddable":true,"href":"https:\/\/marktxxl.de\/markt\/wp-json\/wp\/v2\/product_brand?post=95444"},{"taxonomy":"product_cat","embeddable":true,"href":"https:\/\/marktxxl.de\/markt\/wp-json\/wp\/v2\/product_cat?post=95444"},{"taxonomy":"product_tag","embeddable":true,"href":"https:\/\/marktxxl.de\/markt\/wp-json\/wp\/v2\/product_tag?post=95444"}],"curies":[{"name":"wp","href":"https:\/\/api.w.org\/{rel}","templated":true}]}}