{"id":95426,"date":"2022-01-01T17:18:35","date_gmt":"2022-01-01T16:18:35","guid":{"rendered":"https:\/\/marktxxl.de\/markt\/produkt\/jihuoo-2-stueck-pu-leder-bein-harness-strumpfband-oberschenkel-ring-harness-suspender-gothic-strapsbaender\/"},"modified":"2023-04-09T02:53:06","modified_gmt":"2023-04-09T00:53:06","slug":"jihuoo-2-stueck-pu-leder-bein-harness-strumpfband-oberschenkel-ring-harness-suspender-gothic-strapsbaender","status":"publish","type":"product","link":"https:\/\/marktxxl.de\/markt\/produkt\/jihuoo-2-stueck-pu-leder-bein-harness-strumpfband-oberschenkel-ring-harness-suspender-gothic-strapsbaender\/","title":{"rendered":"JIHUOO 2 St\u00fcck PU Leder Bein Harness Strumpfband Oberschenkel Ring Harness Suspender Gothic Strapsb\u00e4nder Schwarz"},"content":{"rendered":"<p>Material: Kunstleder, Metall, Gummiband<br \/>\nGr\u00f6\u00dfe: Geeignet f\u00fcr Beinumfang 30-54cm<br \/>\nMenge: 2 St\u00fcck<br \/>\nKann an kurzen Jeans, unter Kleidern oder R\u00f6cken befestigt werden und als Modeaccessoire mit Shorts verwendet werden<br \/>\nGeeignet f\u00fcr Hochzeit, Club, Party, Abend, Urlaub, Strand, Show, ect.<br \/>\n<div class=\"main-cross-sell\" data-asin=\"B09N3DZ3S1\">\n\n\t<div class=\"WooZone-cross-sell-loader\">\n\t\t<div>\n\t\t\t<div id=\"floatingBarsG\">\n\t\t\t\t<div class=\"blockG\" id=\"rotateG_01\"><\/div>\n\t\t\t\t<div class=\"blockG\" id=\"rotateG_02\"><\/div>\n\t\t\t\t<div class=\"blockG\" id=\"rotateG_03\"><\/div>\n\t\t\t\t<div class=\"blockG\" id=\"rotateG_04\"><\/div>\n\t\t\t\t<div class=\"blockG\" id=\"rotateG_05\"><\/div>\n\t\t\t\t<div class=\"blockG\" id=\"rotateG_06\"><\/div>\n\t\t\t\t<div class=\"blockG\" id=\"rotateG_07\"><\/div>\n\t\t\t\t<div class=\"blockG\" id=\"rotateG_08\"><\/div>\n\t\t\t<\/div>\n\t\t\t<div class=\"WooZone-cross-sell-loader-text\"><\/div>\n\t\t<\/div>\n\t<\/div>\n\n\t\t\n<\/div>\n<div style=\"clear:both;\"><\/div><\/p>\n","protected":false},"excerpt":{"rendered":"<p>Material: Kunstleder, Metall, Gummiband<br \/>\nGr\u00f6\u00dfe: Geeignet f\u00fcr Beinumfang 30-54cm<br \/>\nMenge: 2 St\u00fcck<\/p>\n","protected":false},"featured_media":95427,"comment_status":"open","ping_status":"closed","template":"","meta":[],"product_brand":[],"product_cat":[652,3064],"product_tag":[],"class_list":{"0":"post-95426","1":"product","2":"type-product","3":"status-publish","4":"has-post-thumbnail","6":"product_cat-erotik-markt-xxl","7":"product_cat-fesseln-bondage","8":"pa_binding-haushaltswaren","9":"pa_brand-jihuoo","10":"pa_manufacturer-jihuoo","12":"first","13":"instock","14":"shipping-taxable","15":"purchasable","16":"product-type-simple","17":"customify-col","18":"product-has-gallery"},"yoast_head":"<!-- This site is optimized with the Yoast SEO plugin v27.3 - https:\/\/yoast.com\/product\/yoast-seo-wordpress\/ -->\n<title>JIHUOO 2 St\u00fcck PU Leder Bein Harness Strumpfband Oberschenkel Ring Harness Suspender Gothic Strapsb\u00e4nder Schwarz - Markt-XXL<\/title>\n<meta name=\"description\" content=\"Markt-XXL JIHUOO 2 St\u00fcck PU Leder Bein Harness Strumpfband Oberschenkel Ring Harness Suspender Gothic Strapsb\u00e4nder Schwarz\" \/>\n<meta name=\"robots\" content=\"index, follow, max-snippet:-1, max-image-preview:large, max-video-preview:-1\" \/>\n<link rel=\"canonical\" href=\"https:\/\/marktxxl.de\/markt\/produkt\/jihuoo-2-stueck-pu-leder-bein-harness-strumpfband-oberschenkel-ring-harness-suspender-gothic-strapsbaender\/\" \/>\n<meta property=\"og:locale\" content=\"de_DE\" \/>\n<meta property=\"og:type\" content=\"article\" \/>\n<meta property=\"og:title\" content=\"JIHUOO 2 St\u00fcck PU Leder Bein Harness Strumpfband Oberschenkel Ring Harness Suspender Gothic Strapsb\u00e4nder Schwarz - Markt-XXL\" \/>\n<meta property=\"og:description\" content=\"Markt-XXL JIHUOO 2 St\u00fcck PU Leder Bein Harness Strumpfband Oberschenkel Ring Harness Suspender Gothic Strapsb\u00e4nder Schwarz\" \/>\n<meta property=\"og:url\" content=\"https:\/\/marktxxl.de\/markt\/produkt\/jihuoo-2-stueck-pu-leder-bein-harness-strumpfband-oberschenkel-ring-harness-suspender-gothic-strapsbaender\/\" \/>\n<meta property=\"og:site_name\" content=\"Markt-XXL\" \/>\n<meta property=\"article:modified_time\" content=\"2023-04-09T00:53:06+00:00\" \/>\n<meta property=\"og:image\" content=\"https:\/\/m.media-amazon.com\/images\/I\/41JuA2Y1ScL._SL500_.jpg\" \/>\n\t<meta property=\"og:image:width\" content=\"500\" \/>\n\t<meta property=\"og:image:height\" content=\"500\" \/>\n\t<meta property=\"og:image:type\" content=\"image\/jpeg\" \/>\n<meta name=\"twitter:card\" content=\"summary_large_image\" \/>\n<script type=\"application\/ld+json\" class=\"yoast-schema-graph\">{\"@context\":\"https:\\\/\\\/schema.org\",\"@graph\":[{\"@type\":\"WebPage\",\"@id\":\"https:\\\/\\\/marktxxl.de\\\/markt\\\/produkt\\\/jihuoo-2-stueck-pu-leder-bein-harness-strumpfband-oberschenkel-ring-harness-suspender-gothic-strapsbaender\\\/\",\"url\":\"https:\\\/\\\/marktxxl.de\\\/markt\\\/produkt\\\/jihuoo-2-stueck-pu-leder-bein-harness-strumpfband-oberschenkel-ring-harness-suspender-gothic-strapsbaender\\\/\",\"name\":\"JIHUOO 2 St\u00fcck PU Leder Bein Harness Strumpfband Oberschenkel Ring Harness Suspender Gothic Strapsb\u00e4nder Schwarz - Markt-XXL\",\"isPartOf\":{\"@id\":\"https:\\\/\\\/marktxxl.de\\\/markt\\\/#website\"},\"primaryImageOfPage\":{\"@id\":\"https:\\\/\\\/marktxxl.de\\\/markt\\\/produkt\\\/jihuoo-2-stueck-pu-leder-bein-harness-strumpfband-oberschenkel-ring-harness-suspender-gothic-strapsbaender\\\/#primaryimage\"},\"image\":{\"@id\":\"https:\\\/\\\/marktxxl.de\\\/markt\\\/produkt\\\/jihuoo-2-stueck-pu-leder-bein-harness-strumpfband-oberschenkel-ring-harness-suspender-gothic-strapsbaender\\\/#primaryimage\"},\"thumbnailUrl\":\"https:\\\/\\\/m.media-amazon.com\\\/images\\\/I\\\/41JuA2Y1ScL._SL500_.jpg\",\"datePublished\":\"2022-01-01T16:18:35+00:00\",\"dateModified\":\"2023-04-09T00:53:06+00:00\",\"description\":\"Markt-XXL JIHUOO 2 St\u00fcck PU Leder Bein Harness Strumpfband Oberschenkel Ring Harness Suspender Gothic Strapsb\u00e4nder Schwarz\",\"breadcrumb\":{\"@id\":\"https:\\\/\\\/marktxxl.de\\\/markt\\\/produkt\\\/jihuoo-2-stueck-pu-leder-bein-harness-strumpfband-oberschenkel-ring-harness-suspender-gothic-strapsbaender\\\/#breadcrumb\"},\"inLanguage\":\"de\",\"potentialAction\":[{\"@type\":\"ReadAction\",\"target\":[\"https:\\\/\\\/marktxxl.de\\\/markt\\\/produkt\\\/jihuoo-2-stueck-pu-leder-bein-harness-strumpfband-oberschenkel-ring-harness-suspender-gothic-strapsbaender\\\/\"]}]},{\"@type\":\"ImageObject\",\"inLanguage\":\"de\",\"@id\":\"https:\\\/\\\/marktxxl.de\\\/markt\\\/produkt\\\/jihuoo-2-stueck-pu-leder-bein-harness-strumpfband-oberschenkel-ring-harness-suspender-gothic-strapsbaender\\\/#primaryimage\",\"url\":\"https:\\\/\\\/m.media-amazon.com\\\/images\\\/I\\\/41JuA2Y1ScL._SL500_.jpg\",\"contentUrl\":\"https:\\\/\\\/m.media-amazon.com\\\/images\\\/I\\\/41JuA2Y1ScL._SL500_.jpg\",\"width\":500,\"height\":500},{\"@type\":\"BreadcrumbList\",\"@id\":\"https:\\\/\\\/marktxxl.de\\\/markt\\\/produkt\\\/jihuoo-2-stueck-pu-leder-bein-harness-strumpfband-oberschenkel-ring-harness-suspender-gothic-strapsbaender\\\/#breadcrumb\",\"itemListElement\":[{\"@type\":\"ListItem\",\"position\":1,\"name\":\"Startseite\",\"item\":\"https:\\\/\\\/marktxxl.de\\\/markt\\\/\"},{\"@type\":\"ListItem\",\"position\":2,\"name\":\"Markt\",\"item\":\"https:\\\/\\\/marktxxl.de\\\/markt\\\/\"},{\"@type\":\"ListItem\",\"position\":3,\"name\":\"JIHUOO 2 St\u00fcck PU Leder Bein Harness Strumpfband Oberschenkel Ring Harness Suspender Gothic Strapsb\u00e4nder Schwarz\"}]},{\"@type\":\"WebSite\",\"@id\":\"https:\\\/\\\/marktxxl.de\\\/markt\\\/#website\",\"url\":\"https:\\\/\\\/marktxxl.de\\\/markt\\\/\",\"name\":\"Markt-XXL\",\"description\":\"Ihr Markt Online\",\"publisher\":{\"@id\":\"https:\\\/\\\/marktxxl.de\\\/markt\\\/#organization\"},\"potentialAction\":[{\"@type\":\"SearchAction\",\"target\":{\"@type\":\"EntryPoint\",\"urlTemplate\":\"https:\\\/\\\/marktxxl.de\\\/markt\\\/?s={search_term_string}\"},\"query-input\":{\"@type\":\"PropertyValueSpecification\",\"valueRequired\":true,\"valueName\":\"search_term_string\"}}],\"inLanguage\":\"de\"},{\"@type\":\"Organization\",\"@id\":\"https:\\\/\\\/marktxxl.de\\\/markt\\\/#organization\",\"name\":\"Markt-XXL\",\"url\":\"https:\\\/\\\/marktxxl.de\\\/markt\\\/\",\"logo\":{\"@type\":\"ImageObject\",\"inLanguage\":\"de\",\"@id\":\"https:\\\/\\\/marktxxl.de\\\/markt\\\/#\\\/schema\\\/logo\\\/image\\\/\",\"url\":\"https:\\\/\\\/marktxxl.de\\\/markt\\\/wp-content\\\/uploads\\\/sites\\\/3\\\/2020\\\/12\\\/logo.png\",\"contentUrl\":\"https:\\\/\\\/marktxxl.de\\\/markt\\\/wp-content\\\/uploads\\\/sites\\\/3\\\/2020\\\/12\\\/logo.png\",\"width\":200,\"height\":70,\"caption\":\"Markt-XXL\"},\"image\":{\"@id\":\"https:\\\/\\\/marktxxl.de\\\/markt\\\/#\\\/schema\\\/logo\\\/image\\\/\"}}]}<\/script>\n<!-- \/ Yoast SEO plugin. -->","yoast_head_json":{"title":"JIHUOO 2 St\u00fcck PU Leder Bein Harness Strumpfband Oberschenkel Ring Harness Suspender Gothic Strapsb\u00e4nder Schwarz - Markt-XXL","description":"Markt-XXL JIHUOO 2 St\u00fcck PU Leder Bein Harness Strumpfband Oberschenkel Ring Harness Suspender Gothic Strapsb\u00e4nder Schwarz","robots":{"index":"index","follow":"follow","max-snippet":"max-snippet:-1","max-image-preview":"max-image-preview:large","max-video-preview":"max-video-preview:-1"},"canonical":"https:\/\/marktxxl.de\/markt\/produkt\/jihuoo-2-stueck-pu-leder-bein-harness-strumpfband-oberschenkel-ring-harness-suspender-gothic-strapsbaender\/","og_locale":"de_DE","og_type":"article","og_title":"JIHUOO 2 St\u00fcck PU Leder Bein Harness Strumpfband Oberschenkel Ring Harness Suspender Gothic Strapsb\u00e4nder Schwarz - Markt-XXL","og_description":"Markt-XXL JIHUOO 2 St\u00fcck PU Leder Bein Harness Strumpfband Oberschenkel Ring Harness Suspender Gothic Strapsb\u00e4nder Schwarz","og_url":"https:\/\/marktxxl.de\/markt\/produkt\/jihuoo-2-stueck-pu-leder-bein-harness-strumpfband-oberschenkel-ring-harness-suspender-gothic-strapsbaender\/","og_site_name":"Markt-XXL","article_modified_time":"2023-04-09T00:53:06+00:00","og_image":[{"width":500,"height":500,"url":"https:\/\/m.media-amazon.com\/images\/I\/41JuA2Y1ScL._SL500_.jpg","type":"image\/jpeg"}],"twitter_card":"summary_large_image","schema":{"@context":"https:\/\/schema.org","@graph":[{"@type":"WebPage","@id":"https:\/\/marktxxl.de\/markt\/produkt\/jihuoo-2-stueck-pu-leder-bein-harness-strumpfband-oberschenkel-ring-harness-suspender-gothic-strapsbaender\/","url":"https:\/\/marktxxl.de\/markt\/produkt\/jihuoo-2-stueck-pu-leder-bein-harness-strumpfband-oberschenkel-ring-harness-suspender-gothic-strapsbaender\/","name":"JIHUOO 2 St\u00fcck PU Leder Bein Harness Strumpfband Oberschenkel Ring Harness Suspender Gothic Strapsb\u00e4nder Schwarz - Markt-XXL","isPartOf":{"@id":"https:\/\/marktxxl.de\/markt\/#website"},"primaryImageOfPage":{"@id":"https:\/\/marktxxl.de\/markt\/produkt\/jihuoo-2-stueck-pu-leder-bein-harness-strumpfband-oberschenkel-ring-harness-suspender-gothic-strapsbaender\/#primaryimage"},"image":{"@id":"https:\/\/marktxxl.de\/markt\/produkt\/jihuoo-2-stueck-pu-leder-bein-harness-strumpfband-oberschenkel-ring-harness-suspender-gothic-strapsbaender\/#primaryimage"},"thumbnailUrl":"https:\/\/m.media-amazon.com\/images\/I\/41JuA2Y1ScL._SL500_.jpg","datePublished":"2022-01-01T16:18:35+00:00","dateModified":"2023-04-09T00:53:06+00:00","description":"Markt-XXL JIHUOO 2 St\u00fcck PU Leder Bein Harness Strumpfband Oberschenkel Ring Harness Suspender Gothic Strapsb\u00e4nder Schwarz","breadcrumb":{"@id":"https:\/\/marktxxl.de\/markt\/produkt\/jihuoo-2-stueck-pu-leder-bein-harness-strumpfband-oberschenkel-ring-harness-suspender-gothic-strapsbaender\/#breadcrumb"},"inLanguage":"de","potentialAction":[{"@type":"ReadAction","target":["https:\/\/marktxxl.de\/markt\/produkt\/jihuoo-2-stueck-pu-leder-bein-harness-strumpfband-oberschenkel-ring-harness-suspender-gothic-strapsbaender\/"]}]},{"@type":"ImageObject","inLanguage":"de","@id":"https:\/\/marktxxl.de\/markt\/produkt\/jihuoo-2-stueck-pu-leder-bein-harness-strumpfband-oberschenkel-ring-harness-suspender-gothic-strapsbaender\/#primaryimage","url":"https:\/\/m.media-amazon.com\/images\/I\/41JuA2Y1ScL._SL500_.jpg","contentUrl":"https:\/\/m.media-amazon.com\/images\/I\/41JuA2Y1ScL._SL500_.jpg","width":500,"height":500},{"@type":"BreadcrumbList","@id":"https:\/\/marktxxl.de\/markt\/produkt\/jihuoo-2-stueck-pu-leder-bein-harness-strumpfband-oberschenkel-ring-harness-suspender-gothic-strapsbaender\/#breadcrumb","itemListElement":[{"@type":"ListItem","position":1,"name":"Startseite","item":"https:\/\/marktxxl.de\/markt\/"},{"@type":"ListItem","position":2,"name":"Markt","item":"https:\/\/marktxxl.de\/markt\/"},{"@type":"ListItem","position":3,"name":"JIHUOO 2 St\u00fcck PU Leder Bein Harness Strumpfband Oberschenkel Ring Harness Suspender Gothic Strapsb\u00e4nder Schwarz"}]},{"@type":"WebSite","@id":"https:\/\/marktxxl.de\/markt\/#website","url":"https:\/\/marktxxl.de\/markt\/","name":"Markt-XXL","description":"Ihr Markt Online","publisher":{"@id":"https:\/\/marktxxl.de\/markt\/#organization"},"potentialAction":[{"@type":"SearchAction","target":{"@type":"EntryPoint","urlTemplate":"https:\/\/marktxxl.de\/markt\/?s={search_term_string}"},"query-input":{"@type":"PropertyValueSpecification","valueRequired":true,"valueName":"search_term_string"}}],"inLanguage":"de"},{"@type":"Organization","@id":"https:\/\/marktxxl.de\/markt\/#organization","name":"Markt-XXL","url":"https:\/\/marktxxl.de\/markt\/","logo":{"@type":"ImageObject","inLanguage":"de","@id":"https:\/\/marktxxl.de\/markt\/#\/schema\/logo\/image\/","url":"https:\/\/marktxxl.de\/markt\/wp-content\/uploads\/sites\/3\/2020\/12\/logo.png","contentUrl":"https:\/\/marktxxl.de\/markt\/wp-content\/uploads\/sites\/3\/2020\/12\/logo.png","width":200,"height":70,"caption":"Markt-XXL"},"image":{"@id":"https:\/\/marktxxl.de\/markt\/#\/schema\/logo\/image\/"}}]}},"_links":{"self":[{"href":"https:\/\/marktxxl.de\/markt\/wp-json\/wp\/v2\/product\/95426","targetHints":{"allow":["GET"]}}],"collection":[{"href":"https:\/\/marktxxl.de\/markt\/wp-json\/wp\/v2\/product"}],"about":[{"href":"https:\/\/marktxxl.de\/markt\/wp-json\/wp\/v2\/types\/product"}],"replies":[{"embeddable":true,"href":"https:\/\/marktxxl.de\/markt\/wp-json\/wp\/v2\/comments?post=95426"}],"wp:featuredmedia":[{"embeddable":true,"href":"https:\/\/marktxxl.de\/markt\/wp-json\/wp\/v2\/media\/95427"}],"wp:attachment":[{"href":"https:\/\/marktxxl.de\/markt\/wp-json\/wp\/v2\/media?parent=95426"}],"wp:term":[{"taxonomy":"product_brand","embeddable":true,"href":"https:\/\/marktxxl.de\/markt\/wp-json\/wp\/v2\/product_brand?post=95426"},{"taxonomy":"product_cat","embeddable":true,"href":"https:\/\/marktxxl.de\/markt\/wp-json\/wp\/v2\/product_cat?post=95426"},{"taxonomy":"product_tag","embeddable":true,"href":"https:\/\/marktxxl.de\/markt\/wp-json\/wp\/v2\/product_tag?post=95426"}],"curies":[{"name":"wp","href":"https:\/\/api.w.org\/{rel}","templated":true}]}}