{"id":95214,"date":"2021-12-28T23:33:55","date_gmt":"2021-12-28T22:33:55","guid":{"rendered":"https:\/\/marktxxl.de\/markt\/produkt\/craftsman-cmxlfag65280-handheld-flashlight-led-taschenlampe\/"},"modified":"2023-04-11T03:16:15","modified_gmt":"2023-04-11T01:16:15","slug":"craftsman-cmxlfag65280-handheld-flashlight-led-taschenlampe","status":"publish","type":"product","link":"https:\/\/marktxxl.de\/markt\/produkt\/craftsman-cmxlfag65280-handheld-flashlight-led-taschenlampe\/","title":{"rendered":"Craftsman CMXLFAG65280 Handheld Flashlight LED-Taschenlampe"},"content":{"rendered":"<p>Schockierend hell\/700 echte Lumen: Die Handwerker-Taschenlampe gibt eine maximale Leistung von bis zu 700 Lumen ab und wirft einen Strahl von 300 Metern, lange Laufzeit bis zu 3 Stunden mit 6 AA \/ 3 AA Alkaline-Batterien<br \/>\nSto\u00df- und wetterfest: IPX4-Level erm\u00f6glicht Wasserspritzer aus jeder Richtung ohne Besch\u00e4digung. 1 m Falltest. Vom Laufen bis zum Kampf mit schrecklichen Katastrophen, diese Taschenlampe wird Ihnen helfen, sowohl in den einfachsten als auch wildesten Situationen zu helfen<br \/>\nDimmbar und 3 Modi: Hoch\/Niedrig\/Stroboskop. 3 Modi erf\u00fcllen Ihre unterschiedlichen Nutzungsbedingungen und Bed\u00fcrfnisse. Halten Sie den Dimmschalter lange gedr\u00fcckt, um die Helligkeit je nach Winkel der Taschenlampe zu \u00e4ndern<br \/>\nBequem und langlebig: Kommt mit einem ergonomischen und integrierten Griff f\u00fcr einfaches Tragen und bequeme Nutzung. Das Geh\u00e4use aus Flugzeugaluminium macht es robust genug f\u00fcr eine lange Nutzungsdauer. Automatische Einstellung der Helligkeit, um die Batterielebensdauer zu sparen<br \/>\nPerfekt f\u00fcr alle Situationen: geeignet f\u00fcr Notf\u00e4lle, Hurrikan, Stromausfall, Camping, Wandern, Angeln, jedes Zuhause und im Freien<br \/>\n<div class=\"main-cross-sell\" data-asin=\"B07JLRVYHY\">\n\n\t<div class=\"WooZone-cross-sell-loader\">\n\t\t<div>\n\t\t\t<div id=\"floatingBarsG\">\n\t\t\t\t<div class=\"blockG\" id=\"rotateG_01\"><\/div>\n\t\t\t\t<div class=\"blockG\" id=\"rotateG_02\"><\/div>\n\t\t\t\t<div class=\"blockG\" id=\"rotateG_03\"><\/div>\n\t\t\t\t<div class=\"blockG\" id=\"rotateG_04\"><\/div>\n\t\t\t\t<div class=\"blockG\" id=\"rotateG_05\"><\/div>\n\t\t\t\t<div class=\"blockG\" id=\"rotateG_06\"><\/div>\n\t\t\t\t<div class=\"blockG\" id=\"rotateG_07\"><\/div>\n\t\t\t\t<div class=\"blockG\" id=\"rotateG_08\"><\/div>\n\t\t\t<\/div>\n\t\t\t<div class=\"WooZone-cross-sell-loader-text\"><\/div>\n\t\t<\/div>\n\t<\/div>\n\n\t\t\n<\/div>\n<div style=\"clear:both;\"><\/div><\/p>\n","protected":false},"excerpt":{"rendered":"<p>Schockierend hell\/700 echte Lumen: Die Handwerker-Taschenlampe gibt eine maximale Leistung von bis zu 700 Lumen ab und wirft einen Strahl von 300 Metern, lange Laufzeit bis zu 3 Stunden mit 6 AA \/ 3 AA Alkaline-Batterien<br \/>\nSto\u00df- und wetterfest: IPX4-Level erm\u00f6glicht Wasserspritzer aus jeder Richtung ohne Besch\u00e4digung. 1 m Falltest. Vom Laufen bis zum Kampf mit schrecklichen Katastrophen, diese Taschenlampe wird Ihnen helfen, sowohl in den einfachsten als auch wildesten Situationen zu helfen<br \/>\nDimmbar und 3 Modi: Hoch\/Niedrig\/Stroboskop. 3 Modi erf\u00fcllen Ihre unterschiedlichen Nutzungsbedingungen und Bed\u00fcrfnisse. Halten Sie den Dimmschalter lange gedr\u00fcckt, um die Helligkeit je nach Winkel der Taschenlampe zu \u00e4ndern<\/p>\n","protected":false},"featured_media":95215,"comment_status":"open","ping_status":"closed","template":"","meta":[],"product_brand":[],"product_cat":[10704,1983],"product_tag":[],"class_list":{"0":"post-95214","1":"product","2":"type-product","3":"status-publish","4":"has-post-thumbnail","6":"product_cat-baubedarf","7":"product_cat-baumarkt","8":"pa_binding-werkzeug","9":"pa_brand-craftsman","10":"pa_manufacturer-generic","11":"pa_model-cmxlfag65280","12":"pa_weight-1-1-pfund","14":"first","15":"instock","16":"shipping-taxable","17":"purchasable","18":"product-type-simple","19":"customify-col","20":"product-has-gallery"},"yoast_head":"<!-- This site is optimized with the Yoast SEO plugin v27.3 - https:\/\/yoast.com\/product\/yoast-seo-wordpress\/ -->\n<title>Craftsman CMXLFAG65280 Handheld Flashlight LED-Taschenlampe - Markt-XXL<\/title>\n<meta name=\"description\" content=\"Markt-XXL Craftsman CMXLFAG65280 Handheld Flashlight LED-Taschenlampe\" \/>\n<meta name=\"robots\" content=\"index, follow, max-snippet:-1, max-image-preview:large, max-video-preview:-1\" \/>\n<link rel=\"canonical\" href=\"https:\/\/marktxxl.de\/markt\/produkt\/craftsman-cmxlfag65280-handheld-flashlight-led-taschenlampe\/\" \/>\n<meta property=\"og:locale\" content=\"de_DE\" \/>\n<meta property=\"og:type\" content=\"article\" \/>\n<meta property=\"og:title\" content=\"Craftsman CMXLFAG65280 Handheld Flashlight LED-Taschenlampe - Markt-XXL\" \/>\n<meta property=\"og:description\" content=\"Markt-XXL Craftsman CMXLFAG65280 Handheld Flashlight LED-Taschenlampe\" \/>\n<meta property=\"og:url\" content=\"https:\/\/marktxxl.de\/markt\/produkt\/craftsman-cmxlfag65280-handheld-flashlight-led-taschenlampe\/\" \/>\n<meta property=\"og:site_name\" content=\"Markt-XXL\" \/>\n<meta property=\"article:modified_time\" content=\"2023-04-11T01:16:15+00:00\" \/>\n<meta property=\"og:image\" content=\"https:\/\/m.media-amazon.com\/images\/I\/31TlavloynL._SL500_.jpg\" \/>\n\t<meta property=\"og:image:width\" content=\"500\" \/>\n\t<meta property=\"og:image:height\" content=\"500\" \/>\n\t<meta property=\"og:image:type\" content=\"image\/jpeg\" \/>\n<meta name=\"twitter:card\" content=\"summary_large_image\" \/>\n<meta name=\"twitter:label1\" content=\"Gesch\u00e4tzte Lesezeit\" \/>\n\t<meta name=\"twitter:data1\" content=\"1\u00a0Minute\" \/>\n<script type=\"application\/ld+json\" class=\"yoast-schema-graph\">{\"@context\":\"https:\\\/\\\/schema.org\",\"@graph\":[{\"@type\":\"WebPage\",\"@id\":\"https:\\\/\\\/marktxxl.de\\\/markt\\\/produkt\\\/craftsman-cmxlfag65280-handheld-flashlight-led-taschenlampe\\\/\",\"url\":\"https:\\\/\\\/marktxxl.de\\\/markt\\\/produkt\\\/craftsman-cmxlfag65280-handheld-flashlight-led-taschenlampe\\\/\",\"name\":\"Craftsman CMXLFAG65280 Handheld Flashlight LED-Taschenlampe - Markt-XXL\",\"isPartOf\":{\"@id\":\"https:\\\/\\\/marktxxl.de\\\/markt\\\/#website\"},\"primaryImageOfPage\":{\"@id\":\"https:\\\/\\\/marktxxl.de\\\/markt\\\/produkt\\\/craftsman-cmxlfag65280-handheld-flashlight-led-taschenlampe\\\/#primaryimage\"},\"image\":{\"@id\":\"https:\\\/\\\/marktxxl.de\\\/markt\\\/produkt\\\/craftsman-cmxlfag65280-handheld-flashlight-led-taschenlampe\\\/#primaryimage\"},\"thumbnailUrl\":\"https:\\\/\\\/m.media-amazon.com\\\/images\\\/I\\\/31TlavloynL._SL500_.jpg\",\"datePublished\":\"2021-12-28T22:33:55+00:00\",\"dateModified\":\"2023-04-11T01:16:15+00:00\",\"description\":\"Markt-XXL Craftsman CMXLFAG65280 Handheld Flashlight LED-Taschenlampe\",\"breadcrumb\":{\"@id\":\"https:\\\/\\\/marktxxl.de\\\/markt\\\/produkt\\\/craftsman-cmxlfag65280-handheld-flashlight-led-taschenlampe\\\/#breadcrumb\"},\"inLanguage\":\"de\",\"potentialAction\":[{\"@type\":\"ReadAction\",\"target\":[\"https:\\\/\\\/marktxxl.de\\\/markt\\\/produkt\\\/craftsman-cmxlfag65280-handheld-flashlight-led-taschenlampe\\\/\"]}]},{\"@type\":\"ImageObject\",\"inLanguage\":\"de\",\"@id\":\"https:\\\/\\\/marktxxl.de\\\/markt\\\/produkt\\\/craftsman-cmxlfag65280-handheld-flashlight-led-taschenlampe\\\/#primaryimage\",\"url\":\"https:\\\/\\\/m.media-amazon.com\\\/images\\\/I\\\/31TlavloynL._SL500_.jpg\",\"contentUrl\":\"https:\\\/\\\/m.media-amazon.com\\\/images\\\/I\\\/31TlavloynL._SL500_.jpg\",\"width\":500,\"height\":500},{\"@type\":\"BreadcrumbList\",\"@id\":\"https:\\\/\\\/marktxxl.de\\\/markt\\\/produkt\\\/craftsman-cmxlfag65280-handheld-flashlight-led-taschenlampe\\\/#breadcrumb\",\"itemListElement\":[{\"@type\":\"ListItem\",\"position\":1,\"name\":\"Startseite\",\"item\":\"https:\\\/\\\/marktxxl.de\\\/markt\\\/\"},{\"@type\":\"ListItem\",\"position\":2,\"name\":\"Markt\",\"item\":\"https:\\\/\\\/marktxxl.de\\\/markt\\\/\"},{\"@type\":\"ListItem\",\"position\":3,\"name\":\"Craftsman CMXLFAG65280 Handheld Flashlight LED-Taschenlampe\"}]},{\"@type\":\"WebSite\",\"@id\":\"https:\\\/\\\/marktxxl.de\\\/markt\\\/#website\",\"url\":\"https:\\\/\\\/marktxxl.de\\\/markt\\\/\",\"name\":\"Markt-XXL\",\"description\":\"Ihr Markt Online\",\"publisher\":{\"@id\":\"https:\\\/\\\/marktxxl.de\\\/markt\\\/#organization\"},\"potentialAction\":[{\"@type\":\"SearchAction\",\"target\":{\"@type\":\"EntryPoint\",\"urlTemplate\":\"https:\\\/\\\/marktxxl.de\\\/markt\\\/?s={search_term_string}\"},\"query-input\":{\"@type\":\"PropertyValueSpecification\",\"valueRequired\":true,\"valueName\":\"search_term_string\"}}],\"inLanguage\":\"de\"},{\"@type\":\"Organization\",\"@id\":\"https:\\\/\\\/marktxxl.de\\\/markt\\\/#organization\",\"name\":\"Markt-XXL\",\"url\":\"https:\\\/\\\/marktxxl.de\\\/markt\\\/\",\"logo\":{\"@type\":\"ImageObject\",\"inLanguage\":\"de\",\"@id\":\"https:\\\/\\\/marktxxl.de\\\/markt\\\/#\\\/schema\\\/logo\\\/image\\\/\",\"url\":\"https:\\\/\\\/marktxxl.de\\\/markt\\\/wp-content\\\/uploads\\\/sites\\\/3\\\/2020\\\/12\\\/logo.png\",\"contentUrl\":\"https:\\\/\\\/marktxxl.de\\\/markt\\\/wp-content\\\/uploads\\\/sites\\\/3\\\/2020\\\/12\\\/logo.png\",\"width\":200,\"height\":70,\"caption\":\"Markt-XXL\"},\"image\":{\"@id\":\"https:\\\/\\\/marktxxl.de\\\/markt\\\/#\\\/schema\\\/logo\\\/image\\\/\"}}]}<\/script>\n<!-- \/ Yoast SEO plugin. -->","yoast_head_json":{"title":"Craftsman CMXLFAG65280 Handheld Flashlight LED-Taschenlampe - Markt-XXL","description":"Markt-XXL Craftsman CMXLFAG65280 Handheld Flashlight LED-Taschenlampe","robots":{"index":"index","follow":"follow","max-snippet":"max-snippet:-1","max-image-preview":"max-image-preview:large","max-video-preview":"max-video-preview:-1"},"canonical":"https:\/\/marktxxl.de\/markt\/produkt\/craftsman-cmxlfag65280-handheld-flashlight-led-taschenlampe\/","og_locale":"de_DE","og_type":"article","og_title":"Craftsman CMXLFAG65280 Handheld Flashlight LED-Taschenlampe - Markt-XXL","og_description":"Markt-XXL Craftsman CMXLFAG65280 Handheld Flashlight LED-Taschenlampe","og_url":"https:\/\/marktxxl.de\/markt\/produkt\/craftsman-cmxlfag65280-handheld-flashlight-led-taschenlampe\/","og_site_name":"Markt-XXL","article_modified_time":"2023-04-11T01:16:15+00:00","og_image":[{"width":500,"height":500,"url":"https:\/\/m.media-amazon.com\/images\/I\/31TlavloynL._SL500_.jpg","type":"image\/jpeg"}],"twitter_card":"summary_large_image","twitter_misc":{"Gesch\u00e4tzte Lesezeit":"1\u00a0Minute"},"schema":{"@context":"https:\/\/schema.org","@graph":[{"@type":"WebPage","@id":"https:\/\/marktxxl.de\/markt\/produkt\/craftsman-cmxlfag65280-handheld-flashlight-led-taschenlampe\/","url":"https:\/\/marktxxl.de\/markt\/produkt\/craftsman-cmxlfag65280-handheld-flashlight-led-taschenlampe\/","name":"Craftsman CMXLFAG65280 Handheld Flashlight LED-Taschenlampe - Markt-XXL","isPartOf":{"@id":"https:\/\/marktxxl.de\/markt\/#website"},"primaryImageOfPage":{"@id":"https:\/\/marktxxl.de\/markt\/produkt\/craftsman-cmxlfag65280-handheld-flashlight-led-taschenlampe\/#primaryimage"},"image":{"@id":"https:\/\/marktxxl.de\/markt\/produkt\/craftsman-cmxlfag65280-handheld-flashlight-led-taschenlampe\/#primaryimage"},"thumbnailUrl":"https:\/\/m.media-amazon.com\/images\/I\/31TlavloynL._SL500_.jpg","datePublished":"2021-12-28T22:33:55+00:00","dateModified":"2023-04-11T01:16:15+00:00","description":"Markt-XXL Craftsman CMXLFAG65280 Handheld Flashlight LED-Taschenlampe","breadcrumb":{"@id":"https:\/\/marktxxl.de\/markt\/produkt\/craftsman-cmxlfag65280-handheld-flashlight-led-taschenlampe\/#breadcrumb"},"inLanguage":"de","potentialAction":[{"@type":"ReadAction","target":["https:\/\/marktxxl.de\/markt\/produkt\/craftsman-cmxlfag65280-handheld-flashlight-led-taschenlampe\/"]}]},{"@type":"ImageObject","inLanguage":"de","@id":"https:\/\/marktxxl.de\/markt\/produkt\/craftsman-cmxlfag65280-handheld-flashlight-led-taschenlampe\/#primaryimage","url":"https:\/\/m.media-amazon.com\/images\/I\/31TlavloynL._SL500_.jpg","contentUrl":"https:\/\/m.media-amazon.com\/images\/I\/31TlavloynL._SL500_.jpg","width":500,"height":500},{"@type":"BreadcrumbList","@id":"https:\/\/marktxxl.de\/markt\/produkt\/craftsman-cmxlfag65280-handheld-flashlight-led-taschenlampe\/#breadcrumb","itemListElement":[{"@type":"ListItem","position":1,"name":"Startseite","item":"https:\/\/marktxxl.de\/markt\/"},{"@type":"ListItem","position":2,"name":"Markt","item":"https:\/\/marktxxl.de\/markt\/"},{"@type":"ListItem","position":3,"name":"Craftsman CMXLFAG65280 Handheld Flashlight LED-Taschenlampe"}]},{"@type":"WebSite","@id":"https:\/\/marktxxl.de\/markt\/#website","url":"https:\/\/marktxxl.de\/markt\/","name":"Markt-XXL","description":"Ihr Markt Online","publisher":{"@id":"https:\/\/marktxxl.de\/markt\/#organization"},"potentialAction":[{"@type":"SearchAction","target":{"@type":"EntryPoint","urlTemplate":"https:\/\/marktxxl.de\/markt\/?s={search_term_string}"},"query-input":{"@type":"PropertyValueSpecification","valueRequired":true,"valueName":"search_term_string"}}],"inLanguage":"de"},{"@type":"Organization","@id":"https:\/\/marktxxl.de\/markt\/#organization","name":"Markt-XXL","url":"https:\/\/marktxxl.de\/markt\/","logo":{"@type":"ImageObject","inLanguage":"de","@id":"https:\/\/marktxxl.de\/markt\/#\/schema\/logo\/image\/","url":"https:\/\/marktxxl.de\/markt\/wp-content\/uploads\/sites\/3\/2020\/12\/logo.png","contentUrl":"https:\/\/marktxxl.de\/markt\/wp-content\/uploads\/sites\/3\/2020\/12\/logo.png","width":200,"height":70,"caption":"Markt-XXL"},"image":{"@id":"https:\/\/marktxxl.de\/markt\/#\/schema\/logo\/image\/"}}]}},"_links":{"self":[{"href":"https:\/\/marktxxl.de\/markt\/wp-json\/wp\/v2\/product\/95214","targetHints":{"allow":["GET"]}}],"collection":[{"href":"https:\/\/marktxxl.de\/markt\/wp-json\/wp\/v2\/product"}],"about":[{"href":"https:\/\/marktxxl.de\/markt\/wp-json\/wp\/v2\/types\/product"}],"replies":[{"embeddable":true,"href":"https:\/\/marktxxl.de\/markt\/wp-json\/wp\/v2\/comments?post=95214"}],"wp:featuredmedia":[{"embeddable":true,"href":"https:\/\/marktxxl.de\/markt\/wp-json\/wp\/v2\/media\/95215"}],"wp:attachment":[{"href":"https:\/\/marktxxl.de\/markt\/wp-json\/wp\/v2\/media?parent=95214"}],"wp:term":[{"taxonomy":"product_brand","embeddable":true,"href":"https:\/\/marktxxl.de\/markt\/wp-json\/wp\/v2\/product_brand?post=95214"},{"taxonomy":"product_cat","embeddable":true,"href":"https:\/\/marktxxl.de\/markt\/wp-json\/wp\/v2\/product_cat?post=95214"},{"taxonomy":"product_tag","embeddable":true,"href":"https:\/\/marktxxl.de\/markt\/wp-json\/wp\/v2\/product_tag?post=95214"}],"curies":[{"name":"wp","href":"https:\/\/api.w.org\/{rel}","templated":true}]}}