{"id":95035,"date":"2021-12-28T23:28:09","date_gmt":"2021-12-28T22:28:09","guid":{"rendered":"https:\/\/marktxxl.de\/markt\/produkt\/coopers-gummi-schutzkappen-fuer-kruecken-etc-erhoehte-ringfoermige-basis-typ-z-22-mm-7-8-durchmesser-2-stueck\/"},"modified":"2023-04-11T03:16:12","modified_gmt":"2023-04-11T01:16:12","slug":"coopers-gummi-schutzkappen-fuer-kruecken-etc-erhoehte-ringfoermige-basis-typ-z-22-mm-7-8-durchmesser-2-stueck","status":"publish","type":"product","link":"https:\/\/marktxxl.de\/markt\/produkt\/coopers-gummi-schutzkappen-fuer-kruecken-etc-erhoehte-ringfoermige-basis-typ-z-22-mm-7-8-durchmesser-2-stueck\/","title":{"rendered":"Coopers &#8211; Gummi-Schutzkappen f\u00fcr Kr\u00fccken etc. &#8211; erh\u00f6hte ringf\u00f6rmige Basis (Typ Z) &#8211; 22 mm (7\/8\u201c) Durchmesser &#8211; 2 St\u00fcck"},"content":{"rendered":"<p>Original Gummi-Schutzkappen von Coopers mit einer erh\u00f6hten ringf\u00f6rmigen Basis (Typ Z) und einem Durchmesser von 22 mm (7\/8\u201c) &#8211; Standardgr\u00f6\u00dfe f\u00fcr Kr\u00fccken von Coopers<br \/>\nHochwertige Schutzkappen aus TPE-Kunststoff &#8211; lange Nutzungsdauer mit exzellenter Rutschfestigkeit<br \/>\nDiese Gr\u00f6\u00dfe ist f\u00fcr viele Kr\u00fccken geeignet. Messen Sie vor der Bestellung jedoch bitte noch einmal nach, da die Gr\u00f6\u00dfen abweichen k\u00f6nnen. F\u00fcr Infos zur Messung beachten Sie bitte auch das Foto.<br \/>\nAuch in den Gr\u00f6\u00dfen 18\/19 mm (3\/4\u201c) und 25 mm (1\u201c) erh\u00e4ltlich &#8211; beachten Sie hierf\u00fcr bitte auch unsere anderen Listings<br \/>\nMit eingebauter Einlage zur Verst\u00e4rkung und f\u00fcr eine lange Nutzungsdauer<br \/>\n<div class=\"main-cross-sell\" data-asin=\"B01NBAZI58\">\n\n\t<div class=\"WooZone-cross-sell-loader\">\n\t\t<div>\n\t\t\t<div id=\"floatingBarsG\">\n\t\t\t\t<div class=\"blockG\" id=\"rotateG_01\"><\/div>\n\t\t\t\t<div class=\"blockG\" id=\"rotateG_02\"><\/div>\n\t\t\t\t<div class=\"blockG\" id=\"rotateG_03\"><\/div>\n\t\t\t\t<div class=\"blockG\" id=\"rotateG_04\"><\/div>\n\t\t\t\t<div class=\"blockG\" id=\"rotateG_05\"><\/div>\n\t\t\t\t<div class=\"blockG\" id=\"rotateG_06\"><\/div>\n\t\t\t\t<div class=\"blockG\" id=\"rotateG_07\"><\/div>\n\t\t\t\t<div class=\"blockG\" id=\"rotateG_08\"><\/div>\n\t\t\t<\/div>\n\t\t\t<div class=\"WooZone-cross-sell-loader-text\"><\/div>\n\t\t<\/div>\n\t<\/div>\n\n\t\t\n<\/div>\n<div style=\"clear:both;\"><\/div><\/p>\n","protected":false},"excerpt":{"rendered":"<p>Original Gummi-Schutzkappen von Coopers mit einer erh\u00f6hten ringf\u00f6rmigen Basis (Typ Z) und einem Durchmesser von 22 mm (7\/8\u201c) &#8211; Standardgr\u00f6\u00dfe f\u00fcr Kr\u00fccken von Coopers<br \/>\nHochwertige Schutzkappen aus TPE-Kunststoff &#8211; lange Nutzungsdauer mit exzellenter Rutschfestigkeit<br \/>\nDiese Gr\u00f6\u00dfe ist f\u00fcr viele Kr\u00fccken geeignet. Messen Sie vor der Bestellung jedoch bitte noch einmal nach, da die Gr\u00f6\u00dfen abweichen k\u00f6nnen. F\u00fcr Infos zur Messung beachten Sie bitte auch das Foto.<\/p>\n","protected":false},"featured_media":95036,"comment_status":"open","ping_status":"closed","template":"","meta":[],"product_brand":[],"product_cat":[566,5932],"product_tag":[],"class_list":{"0":"post-95035","1":"product","2":"type-product","3":"status-publish","4":"has-post-thumbnail","6":"product_cat-drogerie-koerperpflege","7":"product_cat-mobilitaetshilfen-zubehoer","8":"pa_binding-badartikel","9":"pa_brand-sunrise-medical-coopers","10":"pa_height-2-755905509-zoll","11":"pa_length-1-968503935-zoll","12":"pa_manufacturer-rubberferrules-co-uk","13":"pa_model-29712","14":"pa_size-2-stueck","15":"pa_weight-0-1543235834-pfund","16":"pa_width-1-968503935-zoll","18":"first","19":"instock","20":"shipping-taxable","21":"purchasable","22":"product-type-simple","23":"customify-col","24":"product-has-gallery"},"yoast_head":"<!-- This site is optimized with the Yoast SEO plugin v27.4 - https:\/\/yoast.com\/product\/yoast-seo-wordpress\/ -->\n<title>Coopers - Gummi-Schutzkappen f\u00fcr Kr\u00fccken etc. - erh\u00f6hte ringf\u00f6rmige Basis (Typ Z) - 22 mm (7\/8\u201c) Durchmesser - 2 St\u00fcck - Markt-XXL<\/title>\n<meta name=\"description\" content=\"Markt-XXL Coopers - Gummi-Schutzkappen f\u00fcr Kr\u00fccken etc. - erh\u00f6hte ringf\u00f6rmige Basis (Typ Z) - 22 mm (7\/8\u201c) Durchmesser - 2 St\u00fcck\" \/>\n<meta name=\"robots\" content=\"index, follow, max-snippet:-1, max-image-preview:large, max-video-preview:-1\" \/>\n<link rel=\"canonical\" href=\"https:\/\/marktxxl.de\/markt\/produkt\/coopers-gummi-schutzkappen-fuer-kruecken-etc-erhoehte-ringfoermige-basis-typ-z-22-mm-7-8-durchmesser-2-stueck\/\" \/>\n<meta property=\"og:locale\" content=\"de_DE\" \/>\n<meta property=\"og:type\" content=\"article\" \/>\n<meta property=\"og:title\" content=\"Coopers - Gummi-Schutzkappen f\u00fcr Kr\u00fccken etc. - erh\u00f6hte ringf\u00f6rmige Basis (Typ Z) - 22 mm (7\/8\u201c) Durchmesser - 2 St\u00fcck - Markt-XXL\" \/>\n<meta property=\"og:description\" content=\"Markt-XXL Coopers - Gummi-Schutzkappen f\u00fcr Kr\u00fccken etc. - erh\u00f6hte ringf\u00f6rmige Basis (Typ Z) - 22 mm (7\/8\u201c) Durchmesser - 2 St\u00fcck\" \/>\n<meta property=\"og:url\" content=\"https:\/\/marktxxl.de\/markt\/produkt\/coopers-gummi-schutzkappen-fuer-kruecken-etc-erhoehte-ringfoermige-basis-typ-z-22-mm-7-8-durchmesser-2-stueck\/\" \/>\n<meta property=\"og:site_name\" content=\"Markt-XXL\" \/>\n<meta property=\"article:modified_time\" content=\"2023-04-11T01:16:12+00:00\" \/>\n<meta property=\"og:image\" content=\"https:\/\/m.media-amazon.com\/images\/I\/31hDtdGf6oL._SL500_.jpg\" \/>\n\t<meta property=\"og:image:width\" content=\"500\" \/>\n\t<meta property=\"og:image:height\" content=\"500\" \/>\n\t<meta property=\"og:image:type\" content=\"image\/jpeg\" \/>\n<meta name=\"twitter:card\" content=\"summary_large_image\" \/>\n<meta name=\"twitter:label1\" content=\"Gesch\u00e4tzte Lesezeit\" \/>\n\t<meta name=\"twitter:data1\" content=\"1\u00a0Minute\" \/>\n<script type=\"application\/ld+json\" class=\"yoast-schema-graph\">{\"@context\":\"https:\\\/\\\/schema.org\",\"@graph\":[{\"@type\":\"WebPage\",\"@id\":\"https:\\\/\\\/marktxxl.de\\\/markt\\\/produkt\\\/coopers-gummi-schutzkappen-fuer-kruecken-etc-erhoehte-ringfoermige-basis-typ-z-22-mm-7-8-durchmesser-2-stueck\\\/\",\"url\":\"https:\\\/\\\/marktxxl.de\\\/markt\\\/produkt\\\/coopers-gummi-schutzkappen-fuer-kruecken-etc-erhoehte-ringfoermige-basis-typ-z-22-mm-7-8-durchmesser-2-stueck\\\/\",\"name\":\"Coopers - Gummi-Schutzkappen f\u00fcr Kr\u00fccken etc. - erh\u00f6hte ringf\u00f6rmige Basis (Typ Z) - 22 mm (7\\\/8\u201c) Durchmesser - 2 St\u00fcck - Markt-XXL\",\"isPartOf\":{\"@id\":\"https:\\\/\\\/marktxxl.de\\\/markt\\\/#website\"},\"primaryImageOfPage\":{\"@id\":\"https:\\\/\\\/marktxxl.de\\\/markt\\\/produkt\\\/coopers-gummi-schutzkappen-fuer-kruecken-etc-erhoehte-ringfoermige-basis-typ-z-22-mm-7-8-durchmesser-2-stueck\\\/#primaryimage\"},\"image\":{\"@id\":\"https:\\\/\\\/marktxxl.de\\\/markt\\\/produkt\\\/coopers-gummi-schutzkappen-fuer-kruecken-etc-erhoehte-ringfoermige-basis-typ-z-22-mm-7-8-durchmesser-2-stueck\\\/#primaryimage\"},\"thumbnailUrl\":\"https:\\\/\\\/m.media-amazon.com\\\/images\\\/I\\\/31hDtdGf6oL._SL500_.jpg\",\"datePublished\":\"2021-12-28T22:28:09+00:00\",\"dateModified\":\"2023-04-11T01:16:12+00:00\",\"description\":\"Markt-XXL Coopers - Gummi-Schutzkappen f\u00fcr Kr\u00fccken etc. - erh\u00f6hte ringf\u00f6rmige Basis (Typ Z) - 22 mm (7\\\/8\u201c) Durchmesser - 2 St\u00fcck\",\"breadcrumb\":{\"@id\":\"https:\\\/\\\/marktxxl.de\\\/markt\\\/produkt\\\/coopers-gummi-schutzkappen-fuer-kruecken-etc-erhoehte-ringfoermige-basis-typ-z-22-mm-7-8-durchmesser-2-stueck\\\/#breadcrumb\"},\"inLanguage\":\"de\",\"potentialAction\":[{\"@type\":\"ReadAction\",\"target\":[\"https:\\\/\\\/marktxxl.de\\\/markt\\\/produkt\\\/coopers-gummi-schutzkappen-fuer-kruecken-etc-erhoehte-ringfoermige-basis-typ-z-22-mm-7-8-durchmesser-2-stueck\\\/\"]}]},{\"@type\":\"ImageObject\",\"inLanguage\":\"de\",\"@id\":\"https:\\\/\\\/marktxxl.de\\\/markt\\\/produkt\\\/coopers-gummi-schutzkappen-fuer-kruecken-etc-erhoehte-ringfoermige-basis-typ-z-22-mm-7-8-durchmesser-2-stueck\\\/#primaryimage\",\"url\":\"https:\\\/\\\/m.media-amazon.com\\\/images\\\/I\\\/31hDtdGf6oL._SL500_.jpg\",\"contentUrl\":\"https:\\\/\\\/m.media-amazon.com\\\/images\\\/I\\\/31hDtdGf6oL._SL500_.jpg\",\"width\":500,\"height\":500},{\"@type\":\"BreadcrumbList\",\"@id\":\"https:\\\/\\\/marktxxl.de\\\/markt\\\/produkt\\\/coopers-gummi-schutzkappen-fuer-kruecken-etc-erhoehte-ringfoermige-basis-typ-z-22-mm-7-8-durchmesser-2-stueck\\\/#breadcrumb\",\"itemListElement\":[{\"@type\":\"ListItem\",\"position\":1,\"name\":\"Startseite\",\"item\":\"https:\\\/\\\/marktxxl.de\\\/markt\\\/\"},{\"@type\":\"ListItem\",\"position\":2,\"name\":\"Markt\",\"item\":\"https:\\\/\\\/marktxxl.de\\\/markt\\\/\"},{\"@type\":\"ListItem\",\"position\":3,\"name\":\"Coopers &#8211; Gummi-Schutzkappen f\u00fcr Kr\u00fccken etc. &#8211; erh\u00f6hte ringf\u00f6rmige Basis (Typ Z) &#8211; 22 mm (7\\\/8\u201c) Durchmesser &#8211; 2 St\u00fcck\"}]},{\"@type\":\"WebSite\",\"@id\":\"https:\\\/\\\/marktxxl.de\\\/markt\\\/#website\",\"url\":\"https:\\\/\\\/marktxxl.de\\\/markt\\\/\",\"name\":\"Markt-XXL\",\"description\":\"Ihr Markt Online\",\"publisher\":{\"@id\":\"https:\\\/\\\/marktxxl.de\\\/markt\\\/#organization\"},\"potentialAction\":[{\"@type\":\"SearchAction\",\"target\":{\"@type\":\"EntryPoint\",\"urlTemplate\":\"https:\\\/\\\/marktxxl.de\\\/markt\\\/?s={search_term_string}\"},\"query-input\":{\"@type\":\"PropertyValueSpecification\",\"valueRequired\":true,\"valueName\":\"search_term_string\"}}],\"inLanguage\":\"de\"},{\"@type\":\"Organization\",\"@id\":\"https:\\\/\\\/marktxxl.de\\\/markt\\\/#organization\",\"name\":\"Markt-XXL\",\"url\":\"https:\\\/\\\/marktxxl.de\\\/markt\\\/\",\"logo\":{\"@type\":\"ImageObject\",\"inLanguage\":\"de\",\"@id\":\"https:\\\/\\\/marktxxl.de\\\/markt\\\/#\\\/schema\\\/logo\\\/image\\\/\",\"url\":\"https:\\\/\\\/marktxxl.de\\\/markt\\\/wp-content\\\/uploads\\\/sites\\\/3\\\/2020\\\/12\\\/logo.png\",\"contentUrl\":\"https:\\\/\\\/marktxxl.de\\\/markt\\\/wp-content\\\/uploads\\\/sites\\\/3\\\/2020\\\/12\\\/logo.png\",\"width\":200,\"height\":70,\"caption\":\"Markt-XXL\"},\"image\":{\"@id\":\"https:\\\/\\\/marktxxl.de\\\/markt\\\/#\\\/schema\\\/logo\\\/image\\\/\"}}]}<\/script>\n<!-- \/ Yoast SEO plugin. -->","yoast_head_json":{"title":"Coopers - Gummi-Schutzkappen f\u00fcr Kr\u00fccken etc. - erh\u00f6hte ringf\u00f6rmige Basis (Typ Z) - 22 mm (7\/8\u201c) Durchmesser - 2 St\u00fcck - Markt-XXL","description":"Markt-XXL Coopers - Gummi-Schutzkappen f\u00fcr Kr\u00fccken etc. - erh\u00f6hte ringf\u00f6rmige Basis (Typ Z) - 22 mm (7\/8\u201c) Durchmesser - 2 St\u00fcck","robots":{"index":"index","follow":"follow","max-snippet":"max-snippet:-1","max-image-preview":"max-image-preview:large","max-video-preview":"max-video-preview:-1"},"canonical":"https:\/\/marktxxl.de\/markt\/produkt\/coopers-gummi-schutzkappen-fuer-kruecken-etc-erhoehte-ringfoermige-basis-typ-z-22-mm-7-8-durchmesser-2-stueck\/","og_locale":"de_DE","og_type":"article","og_title":"Coopers - Gummi-Schutzkappen f\u00fcr Kr\u00fccken etc. - erh\u00f6hte ringf\u00f6rmige Basis (Typ Z) - 22 mm (7\/8\u201c) Durchmesser - 2 St\u00fcck - Markt-XXL","og_description":"Markt-XXL Coopers - Gummi-Schutzkappen f\u00fcr Kr\u00fccken etc. - erh\u00f6hte ringf\u00f6rmige Basis (Typ Z) - 22 mm (7\/8\u201c) Durchmesser - 2 St\u00fcck","og_url":"https:\/\/marktxxl.de\/markt\/produkt\/coopers-gummi-schutzkappen-fuer-kruecken-etc-erhoehte-ringfoermige-basis-typ-z-22-mm-7-8-durchmesser-2-stueck\/","og_site_name":"Markt-XXL","article_modified_time":"2023-04-11T01:16:12+00:00","og_image":[{"width":500,"height":500,"url":"https:\/\/m.media-amazon.com\/images\/I\/31hDtdGf6oL._SL500_.jpg","type":"image\/jpeg"}],"twitter_card":"summary_large_image","twitter_misc":{"Gesch\u00e4tzte Lesezeit":"1\u00a0Minute"},"schema":{"@context":"https:\/\/schema.org","@graph":[{"@type":"WebPage","@id":"https:\/\/marktxxl.de\/markt\/produkt\/coopers-gummi-schutzkappen-fuer-kruecken-etc-erhoehte-ringfoermige-basis-typ-z-22-mm-7-8-durchmesser-2-stueck\/","url":"https:\/\/marktxxl.de\/markt\/produkt\/coopers-gummi-schutzkappen-fuer-kruecken-etc-erhoehte-ringfoermige-basis-typ-z-22-mm-7-8-durchmesser-2-stueck\/","name":"Coopers - Gummi-Schutzkappen f\u00fcr Kr\u00fccken etc. - erh\u00f6hte ringf\u00f6rmige Basis (Typ Z) - 22 mm (7\/8\u201c) Durchmesser - 2 St\u00fcck - Markt-XXL","isPartOf":{"@id":"https:\/\/marktxxl.de\/markt\/#website"},"primaryImageOfPage":{"@id":"https:\/\/marktxxl.de\/markt\/produkt\/coopers-gummi-schutzkappen-fuer-kruecken-etc-erhoehte-ringfoermige-basis-typ-z-22-mm-7-8-durchmesser-2-stueck\/#primaryimage"},"image":{"@id":"https:\/\/marktxxl.de\/markt\/produkt\/coopers-gummi-schutzkappen-fuer-kruecken-etc-erhoehte-ringfoermige-basis-typ-z-22-mm-7-8-durchmesser-2-stueck\/#primaryimage"},"thumbnailUrl":"https:\/\/m.media-amazon.com\/images\/I\/31hDtdGf6oL._SL500_.jpg","datePublished":"2021-12-28T22:28:09+00:00","dateModified":"2023-04-11T01:16:12+00:00","description":"Markt-XXL Coopers - Gummi-Schutzkappen f\u00fcr Kr\u00fccken etc. - erh\u00f6hte ringf\u00f6rmige Basis (Typ Z) - 22 mm (7\/8\u201c) Durchmesser - 2 St\u00fcck","breadcrumb":{"@id":"https:\/\/marktxxl.de\/markt\/produkt\/coopers-gummi-schutzkappen-fuer-kruecken-etc-erhoehte-ringfoermige-basis-typ-z-22-mm-7-8-durchmesser-2-stueck\/#breadcrumb"},"inLanguage":"de","potentialAction":[{"@type":"ReadAction","target":["https:\/\/marktxxl.de\/markt\/produkt\/coopers-gummi-schutzkappen-fuer-kruecken-etc-erhoehte-ringfoermige-basis-typ-z-22-mm-7-8-durchmesser-2-stueck\/"]}]},{"@type":"ImageObject","inLanguage":"de","@id":"https:\/\/marktxxl.de\/markt\/produkt\/coopers-gummi-schutzkappen-fuer-kruecken-etc-erhoehte-ringfoermige-basis-typ-z-22-mm-7-8-durchmesser-2-stueck\/#primaryimage","url":"https:\/\/m.media-amazon.com\/images\/I\/31hDtdGf6oL._SL500_.jpg","contentUrl":"https:\/\/m.media-amazon.com\/images\/I\/31hDtdGf6oL._SL500_.jpg","width":500,"height":500},{"@type":"BreadcrumbList","@id":"https:\/\/marktxxl.de\/markt\/produkt\/coopers-gummi-schutzkappen-fuer-kruecken-etc-erhoehte-ringfoermige-basis-typ-z-22-mm-7-8-durchmesser-2-stueck\/#breadcrumb","itemListElement":[{"@type":"ListItem","position":1,"name":"Startseite","item":"https:\/\/marktxxl.de\/markt\/"},{"@type":"ListItem","position":2,"name":"Markt","item":"https:\/\/marktxxl.de\/markt\/"},{"@type":"ListItem","position":3,"name":"Coopers &#8211; Gummi-Schutzkappen f\u00fcr Kr\u00fccken etc. &#8211; erh\u00f6hte ringf\u00f6rmige Basis (Typ Z) &#8211; 22 mm (7\/8\u201c) Durchmesser &#8211; 2 St\u00fcck"}]},{"@type":"WebSite","@id":"https:\/\/marktxxl.de\/markt\/#website","url":"https:\/\/marktxxl.de\/markt\/","name":"Markt-XXL","description":"Ihr Markt Online","publisher":{"@id":"https:\/\/marktxxl.de\/markt\/#organization"},"potentialAction":[{"@type":"SearchAction","target":{"@type":"EntryPoint","urlTemplate":"https:\/\/marktxxl.de\/markt\/?s={search_term_string}"},"query-input":{"@type":"PropertyValueSpecification","valueRequired":true,"valueName":"search_term_string"}}],"inLanguage":"de"},{"@type":"Organization","@id":"https:\/\/marktxxl.de\/markt\/#organization","name":"Markt-XXL","url":"https:\/\/marktxxl.de\/markt\/","logo":{"@type":"ImageObject","inLanguage":"de","@id":"https:\/\/marktxxl.de\/markt\/#\/schema\/logo\/image\/","url":"https:\/\/marktxxl.de\/markt\/wp-content\/uploads\/sites\/3\/2020\/12\/logo.png","contentUrl":"https:\/\/marktxxl.de\/markt\/wp-content\/uploads\/sites\/3\/2020\/12\/logo.png","width":200,"height":70,"caption":"Markt-XXL"},"image":{"@id":"https:\/\/marktxxl.de\/markt\/#\/schema\/logo\/image\/"}}]}},"_links":{"self":[{"href":"https:\/\/marktxxl.de\/markt\/wp-json\/wp\/v2\/product\/95035","targetHints":{"allow":["GET"]}}],"collection":[{"href":"https:\/\/marktxxl.de\/markt\/wp-json\/wp\/v2\/product"}],"about":[{"href":"https:\/\/marktxxl.de\/markt\/wp-json\/wp\/v2\/types\/product"}],"replies":[{"embeddable":true,"href":"https:\/\/marktxxl.de\/markt\/wp-json\/wp\/v2\/comments?post=95035"}],"wp:featuredmedia":[{"embeddable":true,"href":"https:\/\/marktxxl.de\/markt\/wp-json\/wp\/v2\/media\/95036"}],"wp:attachment":[{"href":"https:\/\/marktxxl.de\/markt\/wp-json\/wp\/v2\/media?parent=95035"}],"wp:term":[{"taxonomy":"product_brand","embeddable":true,"href":"https:\/\/marktxxl.de\/markt\/wp-json\/wp\/v2\/product_brand?post=95035"},{"taxonomy":"product_cat","embeddable":true,"href":"https:\/\/marktxxl.de\/markt\/wp-json\/wp\/v2\/product_cat?post=95035"},{"taxonomy":"product_tag","embeddable":true,"href":"https:\/\/marktxxl.de\/markt\/wp-json\/wp\/v2\/product_tag?post=95035"}],"curies":[{"name":"wp","href":"https:\/\/api.w.org\/{rel}","templated":true}]}}